{"id":626,"date":"2023-05-08T17:04:47","date_gmt":"2023-05-08T17:04:47","guid":{"rendered":"http:\/\/booksfrommexico.com\/product\/mujeres-purepechas-caminando-entre-piedras\/"},"modified":"2024-07-19T20:47:53","modified_gmt":"2024-07-19T20:47:53","slug":"mujeres-purepechas-caminando-entre-piedras","status":"publish","type":"product","link":"https:\/\/booksfrommexico.com\/es\/producto\/mujeres-purepechas-caminando-entre-piedras\/","title":{"rendered":"Mujeres pur\u00e9pechas: Caminando entre piedras"},"content":{"rendered":"<p><span style=\"font-weight: 400;\">Recopilaci\u00f3n de relatos de mujeres ind\u00edgenas que forman un colorido mosaico de ideas y de historias, que est\u00e1n dentro de la vida de su pueblo, buscando ser un tributo a la mujer purh\u00e9pecha. Aqu\u00ed se recogen historias de algunas mujeres relacionadas con UARHI, brindando testimonios que muestran el temple de la mujer p&#8217;urh\u00e9pecha \u2013rompiendo una larga historia de marginaci\u00f3n y de silencio\u2013, quienes a trav\u00e9s de contar sus experiencias de vida, cuentan la historia del pueblo p&#8217;urh\u00e9pecha. Esta es adem\u00e1s una edici\u00f3n biling\u00fce p&#8217;urh\u00e9pecha-espa\u00f1ol.<\/span><\/p>\n","protected":false},"excerpt":{"rendered":"<p>MUJERES PUR\u00c9PECHAS : CAMINANDO ENTRE PIEDRAS<span style=\"font-weight: 400;\">. \/ Mar\u00eda Guadalupe Hern\u00e1ndez Dimas, Luis Sereno Col\u00f3 (editors). 115 pages : includes photos ; 22 cm.<\/span><\/p>\n","protected":false},"featured_media":625,"template":"","meta":{"_acf_changed":false,"inline_featured_image":false},"product_brand":[],"product_cat":[19,147,117],"product_tag":[4054,4101,3608],"class_list":{"0":"post-626","1":"product","2":"type-product","3":"status-publish","4":"has-post-thumbnail","6":"product_cat-antropologia","7":"product_cat-estudios-de-genero","8":"product_cat-etnoantropolgia","9":"product_tag-antropologia-es","10":"product_tag-mujeres-es","11":"product_tag-vida-social-y-costumbres","13":"first","14":"instock","15":"taxable","16":"shipping-taxable","17":"purchasable","18":"product-type-simple"},"acf":[],"yoast_head":"<!-- This site is optimized with the Yoast SEO plugin v27.3 - https:\/\/yoast.com\/product\/yoast-seo-wordpress\/ -->\n<title>Mujeres pur\u00e9pechas: Caminando entre piedras<\/title>\n<meta name=\"description\" content=\"MUJERES PUR\u00c9PECHAS : CAMINANDO ENTRE PIEDRAS. \/ Mar\u00eda Guadalupe Hern\u00e1ndez Dimas, Luis Sereno Col\u00f3 (editors). 115 pages : includes photos ; 22 cm.\" \/>\n<meta name=\"robots\" content=\"index, follow, max-snippet:-1, max-image-preview:large, max-video-preview:-1\" \/>\n<link rel=\"canonical\" href=\"https:\/\/booksfrommexico.com\/es\/producto\/mujeres-purepechas-caminando-entre-piedras\/\" \/>\n<meta property=\"og:locale\" content=\"es_ES\" \/>\n<meta property=\"og:type\" content=\"article\" \/>\n<meta property=\"og:title\" content=\"Mujeres pur\u00e9pechas: Caminando entre piedras\" \/>\n<meta property=\"og:description\" content=\"MUJERES PUR\u00c9PECHAS : CAMINANDO ENTRE PIEDRAS. \/ Mar\u00eda Guadalupe Hern\u00e1ndez Dimas, Luis Sereno Col\u00f3 (editors). 115 pages : includes photos ; 22 cm.\" \/>\n<meta property=\"og:url\" content=\"https:\/\/booksfrommexico.com\/es\/producto\/mujeres-purepechas-caminando-entre-piedras\/\" \/>\n<meta property=\"og:site_name\" content=\"Books From Mexico\" \/>\n<meta property=\"article:modified_time\" content=\"2024-07-19T20:47:53+00:00\" \/>\n<meta property=\"og:image\" content=\"http:\/\/booksfrommexico.com\/app\/uploads\/2023\/05\/130931.jpeg\" \/>\n\t<meta property=\"og:image:width\" content=\"426\" \/>\n\t<meta property=\"og:image:height\" content=\"618\" \/>\n\t<meta property=\"og:image:type\" content=\"image\/jpeg\" \/>\n<meta name=\"twitter:card\" content=\"summary_large_image\" \/>\n<meta name=\"twitter:label1\" content=\"Tiempo de lectura\" \/>\n\t<meta name=\"twitter:data1\" content=\"1 minuto\" \/>\n<script type=\"application\/ld+json\" class=\"yoast-schema-graph\">{\"@context\":\"https:\\\/\\\/schema.org\",\"@graph\":[{\"@type\":\"WebPage\",\"@id\":\"https:\\\/\\\/booksfrommexico.com\\\/es\\\/producto\\\/mujeres-purepechas-caminando-entre-piedras\\\/\",\"url\":\"https:\\\/\\\/booksfrommexico.com\\\/es\\\/producto\\\/mujeres-purepechas-caminando-entre-piedras\\\/\",\"name\":\"Mujeres pur\u00e9pechas: Caminando entre piedras\",\"isPartOf\":{\"@id\":\"https:\\\/\\\/booksfrommexico.com\\\/#website\"},\"primaryImageOfPage\":{\"@id\":\"https:\\\/\\\/booksfrommexico.com\\\/es\\\/producto\\\/mujeres-purepechas-caminando-entre-piedras\\\/#primaryimage\"},\"image\":{\"@id\":\"https:\\\/\\\/booksfrommexico.com\\\/es\\\/producto\\\/mujeres-purepechas-caminando-entre-piedras\\\/#primaryimage\"},\"thumbnailUrl\":\"https:\\\/\\\/booksfrommexico.com\\\/app\\\/uploads\\\/2023\\\/05\\\/130931.jpeg\",\"datePublished\":\"2023-05-08T17:04:47+00:00\",\"dateModified\":\"2024-07-19T20:47:53+00:00\",\"description\":\"MUJERES PUR\u00c9PECHAS : CAMINANDO ENTRE PIEDRAS. \\\/ Mar\u00eda Guadalupe Hern\u00e1ndez Dimas, Luis Sereno Col\u00f3 (editors). 115 pages : includes photos ; 22 cm.\",\"breadcrumb\":{\"@id\":\"https:\\\/\\\/booksfrommexico.com\\\/es\\\/producto\\\/mujeres-purepechas-caminando-entre-piedras\\\/#breadcrumb\"},\"inLanguage\":\"es\",\"potentialAction\":[{\"@type\":\"ReadAction\",\"target\":[\"https:\\\/\\\/booksfrommexico.com\\\/es\\\/producto\\\/mujeres-purepechas-caminando-entre-piedras\\\/\"]}]},{\"@type\":\"ImageObject\",\"inLanguage\":\"es\",\"@id\":\"https:\\\/\\\/booksfrommexico.com\\\/es\\\/producto\\\/mujeres-purepechas-caminando-entre-piedras\\\/#primaryimage\",\"url\":\"https:\\\/\\\/booksfrommexico.com\\\/app\\\/uploads\\\/2023\\\/05\\\/130931.jpeg\",\"contentUrl\":\"https:\\\/\\\/booksfrommexico.com\\\/app\\\/uploads\\\/2023\\\/05\\\/130931.jpeg\",\"width\":426,\"height\":618},{\"@type\":\"BreadcrumbList\",\"@id\":\"https:\\\/\\\/booksfrommexico.com\\\/es\\\/producto\\\/mujeres-purepechas-caminando-entre-piedras\\\/#breadcrumb\",\"itemListElement\":[{\"@type\":\"ListItem\",\"position\":1,\"name\":\"Home\",\"item\":\"https:\\\/\\\/booksfrommexico.com\\\/es\\\/\"},{\"@type\":\"ListItem\",\"position\":2,\"name\":\"Libros\",\"item\":\"https:\\\/\\\/booksfrommexico.com\\\/es\\\/libros\\\/\"},{\"@type\":\"ListItem\",\"position\":3,\"name\":\"Mujeres pur\u00e9pechas: Caminando entre piedras\"}]},{\"@type\":\"WebSite\",\"@id\":\"https:\\\/\\\/booksfrommexico.com\\\/#website\",\"url\":\"https:\\\/\\\/booksfrommexico.com\\\/\",\"name\":\"Books From Mexico\",\"description\":\"\",\"publisher\":{\"@id\":\"https:\\\/\\\/booksfrommexico.com\\\/#organization\"},\"potentialAction\":[{\"@type\":\"SearchAction\",\"target\":{\"@type\":\"EntryPoint\",\"urlTemplate\":\"https:\\\/\\\/booksfrommexico.com\\\/?s={search_term_string}\"},\"query-input\":{\"@type\":\"PropertyValueSpecification\",\"valueRequired\":true,\"valueName\":\"search_term_string\"}}],\"inLanguage\":\"es\"},{\"@type\":\"Organization\",\"@id\":\"https:\\\/\\\/booksfrommexico.com\\\/#organization\",\"name\":\"Books From Mexico\",\"url\":\"https:\\\/\\\/booksfrommexico.com\\\/\",\"logo\":{\"@type\":\"ImageObject\",\"inLanguage\":\"es\",\"@id\":\"https:\\\/\\\/booksfrommexico.com\\\/#\\\/schema\\\/logo\\\/image\\\/\",\"url\":\"https:\\\/\\\/booksfrommexico.com\\\/app\\\/uploads\\\/2023\\\/05\\\/logo-booksfrommexico.svg\",\"contentUrl\":\"https:\\\/\\\/booksfrommexico.com\\\/app\\\/uploads\\\/2023\\\/05\\\/logo-booksfrommexico.svg\",\"width\":86,\"height\":56,\"caption\":\"Books From Mexico\"},\"image\":{\"@id\":\"https:\\\/\\\/booksfrommexico.com\\\/#\\\/schema\\\/logo\\\/image\\\/\"}}]}<\/script>\n<!-- \/ Yoast SEO plugin. -->","yoast_head_json":{"title":"Mujeres pur\u00e9pechas: Caminando entre piedras","description":"MUJERES PUR\u00c9PECHAS : CAMINANDO ENTRE PIEDRAS. \/ Mar\u00eda Guadalupe Hern\u00e1ndez Dimas, Luis Sereno Col\u00f3 (editors). 115 pages : includes photos ; 22 cm.","robots":{"index":"index","follow":"follow","max-snippet":"max-snippet:-1","max-image-preview":"max-image-preview:large","max-video-preview":"max-video-preview:-1"},"canonical":"https:\/\/booksfrommexico.com\/es\/producto\/mujeres-purepechas-caminando-entre-piedras\/","og_locale":"es_ES","og_type":"article","og_title":"Mujeres pur\u00e9pechas: Caminando entre piedras","og_description":"MUJERES PUR\u00c9PECHAS : CAMINANDO ENTRE PIEDRAS. \/ Mar\u00eda Guadalupe Hern\u00e1ndez Dimas, Luis Sereno Col\u00f3 (editors). 115 pages : includes photos ; 22 cm.","og_url":"https:\/\/booksfrommexico.com\/es\/producto\/mujeres-purepechas-caminando-entre-piedras\/","og_site_name":"Books From Mexico","article_modified_time":"2024-07-19T20:47:53+00:00","og_image":[{"width":426,"height":618,"url":"http:\/\/booksfrommexico.com\/app\/uploads\/2023\/05\/130931.jpeg","type":"image\/jpeg"}],"twitter_card":"summary_large_image","twitter_misc":{"Tiempo de lectura":"1 minuto"},"schema":{"@context":"https:\/\/schema.org","@graph":[{"@type":"WebPage","@id":"https:\/\/booksfrommexico.com\/es\/producto\/mujeres-purepechas-caminando-entre-piedras\/","url":"https:\/\/booksfrommexico.com\/es\/producto\/mujeres-purepechas-caminando-entre-piedras\/","name":"Mujeres pur\u00e9pechas: Caminando entre piedras","isPartOf":{"@id":"https:\/\/booksfrommexico.com\/#website"},"primaryImageOfPage":{"@id":"https:\/\/booksfrommexico.com\/es\/producto\/mujeres-purepechas-caminando-entre-piedras\/#primaryimage"},"image":{"@id":"https:\/\/booksfrommexico.com\/es\/producto\/mujeres-purepechas-caminando-entre-piedras\/#primaryimage"},"thumbnailUrl":"https:\/\/booksfrommexico.com\/app\/uploads\/2023\/05\/130931.jpeg","datePublished":"2023-05-08T17:04:47+00:00","dateModified":"2024-07-19T20:47:53+00:00","description":"MUJERES PUR\u00c9PECHAS : CAMINANDO ENTRE PIEDRAS. \/ Mar\u00eda Guadalupe Hern\u00e1ndez Dimas, Luis Sereno Col\u00f3 (editors). 115 pages : includes photos ; 22 cm.","breadcrumb":{"@id":"https:\/\/booksfrommexico.com\/es\/producto\/mujeres-purepechas-caminando-entre-piedras\/#breadcrumb"},"inLanguage":"es","potentialAction":[{"@type":"ReadAction","target":["https:\/\/booksfrommexico.com\/es\/producto\/mujeres-purepechas-caminando-entre-piedras\/"]}]},{"@type":"ImageObject","inLanguage":"es","@id":"https:\/\/booksfrommexico.com\/es\/producto\/mujeres-purepechas-caminando-entre-piedras\/#primaryimage","url":"https:\/\/booksfrommexico.com\/app\/uploads\/2023\/05\/130931.jpeg","contentUrl":"https:\/\/booksfrommexico.com\/app\/uploads\/2023\/05\/130931.jpeg","width":426,"height":618},{"@type":"BreadcrumbList","@id":"https:\/\/booksfrommexico.com\/es\/producto\/mujeres-purepechas-caminando-entre-piedras\/#breadcrumb","itemListElement":[{"@type":"ListItem","position":1,"name":"Home","item":"https:\/\/booksfrommexico.com\/es\/"},{"@type":"ListItem","position":2,"name":"Libros","item":"https:\/\/booksfrommexico.com\/es\/libros\/"},{"@type":"ListItem","position":3,"name":"Mujeres pur\u00e9pechas: Caminando entre piedras"}]},{"@type":"WebSite","@id":"https:\/\/booksfrommexico.com\/#website","url":"https:\/\/booksfrommexico.com\/","name":"Books From Mexico","description":"","publisher":{"@id":"https:\/\/booksfrommexico.com\/#organization"},"potentialAction":[{"@type":"SearchAction","target":{"@type":"EntryPoint","urlTemplate":"https:\/\/booksfrommexico.com\/?s={search_term_string}"},"query-input":{"@type":"PropertyValueSpecification","valueRequired":true,"valueName":"search_term_string"}}],"inLanguage":"es"},{"@type":"Organization","@id":"https:\/\/booksfrommexico.com\/#organization","name":"Books From Mexico","url":"https:\/\/booksfrommexico.com\/","logo":{"@type":"ImageObject","inLanguage":"es","@id":"https:\/\/booksfrommexico.com\/#\/schema\/logo\/image\/","url":"https:\/\/booksfrommexico.com\/app\/uploads\/2023\/05\/logo-booksfrommexico.svg","contentUrl":"https:\/\/booksfrommexico.com\/app\/uploads\/2023\/05\/logo-booksfrommexico.svg","width":86,"height":56,"caption":"Books From Mexico"},"image":{"@id":"https:\/\/booksfrommexico.com\/#\/schema\/logo\/image\/"}}]}},"_links":{"self":[{"href":"https:\/\/booksfrommexico.com\/es\/wp-json\/wp\/v2\/product\/626","targetHints":{"allow":["GET"]}}],"collection":[{"href":"https:\/\/booksfrommexico.com\/es\/wp-json\/wp\/v2\/product"}],"about":[{"href":"https:\/\/booksfrommexico.com\/es\/wp-json\/wp\/v2\/types\/product"}],"wp:featuredmedia":[{"embeddable":true,"href":"https:\/\/booksfrommexico.com\/es\/wp-json\/wp\/v2\/media\/625"}],"wp:attachment":[{"href":"https:\/\/booksfrommexico.com\/es\/wp-json\/wp\/v2\/media?parent=626"}],"wp:term":[{"taxonomy":"product_brand","embeddable":true,"href":"https:\/\/booksfrommexico.com\/es\/wp-json\/wp\/v2\/product_brand?post=626"},{"taxonomy":"product_cat","embeddable":true,"href":"https:\/\/booksfrommexico.com\/es\/wp-json\/wp\/v2\/product_cat?post=626"},{"taxonomy":"product_tag","embeddable":true,"href":"https:\/\/booksfrommexico.com\/es\/wp-json\/wp\/v2\/product_tag?post=626"}],"curies":[{"name":"wp","href":"https:\/\/api.w.org\/{rel}","templated":true}]}}