{"id":6260,"date":"2024-05-15T20:24:26","date_gmt":"2024-05-15T20:24:26","guid":{"rendered":"https:\/\/booksfrommexico.com\/product\/indice-de-los-derechos-de-la-ninez-2022\/"},"modified":"2024-07-31T22:15:32","modified_gmt":"2024-07-31T22:15:32","slug":"indice-de-los-derechos-de-la-ninez-2022","status":"publish","type":"product","link":"https:\/\/booksfrommexico.com\/es\/producto\/indice-de-los-derechos-de-la-ninez-2022\/","title":{"rendered":"\u00cdndice de los derechos de la ni\u00f1ez, 2022: Cinco a\u00f1os de incumplimiento de derechos"},"content":{"rendered":"<p><span style=\"font-weight: 400;\">Este texto es el resultado de un proyecto de investigaci\u00f3n a largo plazo que tiene como objetivo dar seguimiento en el tiempo al grado de incumplimiento de los derechos de la ni\u00f1ez mexicana. El IDN (\u00cdndice de Derechos de la Ni\u00f1ez) compila datos disponibles para los \u00faltimos a\u00f1os (2016-2020, en este caso), y permite realizar un an\u00e1lisis comparativo que da cuenta de los avances y retrocesos que se tienen en los par\u00e1metros que mide. El lector puede encontrar en este t\u00edtulo una seria investigaci\u00f3n que busca exponer los hallazgos del autor tras adentrarse en registros acerca de las condiciones de vida y los derechos de ni\u00f1os, ni\u00f1as y adolescentes en M\u00e9xico.<\/span><\/p>\n","protected":false},"excerpt":{"rendered":"<p>\u00cdNDICE DE LOS DERECHOS DE LA NI\u00d1EZ, 2022 : CINCO A\u00d1OS DE INCUMPLIMIENTO DE DERECHOS<span style=\"font-weight: 400;\">. \/ Mario Luis Fuentes, Sa\u00fal Arellano. Ciudad de M\u00e9xico, M\u00e9xico : Universidad Nacional Aut\u00f3noma de M\u00e9xico , Coordinaci\u00f3n de humanidades , Programa Universitario de Estudios del Desarrollo, 2022. 185 pages : includes charts, graphics, bibliography ; 23 cm. ISBN :\u00a0 9786073071000 (volumen) ; 9786073070980 (collection).<\/span><\/p>\n","protected":false},"featured_media":6322,"template":"","meta":{"_acf_changed":false,"inline_featured_image":false},"product_brand":[],"product_cat":[3334,3333],"product_tag":[4376,3837,4118],"class_list":{"0":"post-6260","1":"product","2":"type-product","3":"status-publish","4":"has-post-thumbnail","6":"product_cat-derechos-humanos-y-asuntos-juridicos","7":"product_cat-leyes-y-asuntos-juridicos","8":"product_tag-derechos-de-los-ninos","9":"product_tag-derechos-humanos","10":"product_tag-juventud-infancia","12":"first","13":"instock","14":"taxable","15":"shipping-taxable","16":"purchasable","17":"product-type-simple"},"acf":[],"yoast_head":"<!-- This site is optimized with the Yoast SEO plugin v27.3 - https:\/\/yoast.com\/product\/yoast-seo-wordpress\/ -->\n<title>\u00cdndice de los derechos de la ni\u00f1ez, 2022<\/title>\n<meta name=\"description\" content=\"\u00cdNDICE DE LOS DERECHOS DE LA NI\u00d1EZ, 2022 : CINCO A\u00d1OS DE INCUMPLIMIENTO DE DERECHOS. \/ Mario Luis Fuentes, Sa\u00fal Arellano. UNAM, 2022.\" \/>\n<meta name=\"robots\" content=\"index, follow, max-snippet:-1, max-image-preview:large, max-video-preview:-1\" \/>\n<link rel=\"canonical\" href=\"https:\/\/booksfrommexico.com\/es\/producto\/indice-de-los-derechos-de-la-ninez-2022\/\" \/>\n<meta property=\"og:locale\" content=\"es_ES\" \/>\n<meta property=\"og:type\" content=\"article\" \/>\n<meta property=\"og:title\" content=\"\u00cdndice de los derechos de la ni\u00f1ez, 2022\" \/>\n<meta property=\"og:description\" content=\"\u00cdNDICE DE LOS DERECHOS DE LA NI\u00d1EZ, 2022 : CINCO A\u00d1OS DE INCUMPLIMIENTO DE DERECHOS. \/ Mario Luis Fuentes, Sa\u00fal Arellano. UNAM, 2022.\" \/>\n<meta property=\"og:url\" content=\"https:\/\/booksfrommexico.com\/es\/producto\/indice-de-los-derechos-de-la-ninez-2022\/\" \/>\n<meta property=\"og:site_name\" content=\"Books From Mexico\" \/>\n<meta property=\"article:modified_time\" content=\"2024-07-31T22:15:32+00:00\" \/>\n<meta property=\"og:image\" content=\"http:\/\/booksfrommexico.com\/app\/uploads\/2024\/05\/199200.jpeg\" \/>\n\t<meta property=\"og:image:width\" content=\"477\" \/>\n\t<meta property=\"og:image:height\" content=\"669\" \/>\n\t<meta property=\"og:image:type\" content=\"image\/jpeg\" \/>\n<meta name=\"twitter:card\" content=\"summary_large_image\" \/>\n<meta name=\"twitter:label1\" content=\"Tiempo de lectura\" \/>\n\t<meta name=\"twitter:data1\" content=\"1 minuto\" \/>\n<script type=\"application\/ld+json\" class=\"yoast-schema-graph\">{\"@context\":\"https:\\\/\\\/schema.org\",\"@graph\":[{\"@type\":\"WebPage\",\"@id\":\"https:\\\/\\\/booksfrommexico.com\\\/es\\\/producto\\\/indice-de-los-derechos-de-la-ninez-2022\\\/\",\"url\":\"https:\\\/\\\/booksfrommexico.com\\\/es\\\/producto\\\/indice-de-los-derechos-de-la-ninez-2022\\\/\",\"name\":\"\u00cdndice de los derechos de la ni\u00f1ez, 2022\",\"isPartOf\":{\"@id\":\"https:\\\/\\\/booksfrommexico.com\\\/#website\"},\"primaryImageOfPage\":{\"@id\":\"https:\\\/\\\/booksfrommexico.com\\\/es\\\/producto\\\/indice-de-los-derechos-de-la-ninez-2022\\\/#primaryimage\"},\"image\":{\"@id\":\"https:\\\/\\\/booksfrommexico.com\\\/es\\\/producto\\\/indice-de-los-derechos-de-la-ninez-2022\\\/#primaryimage\"},\"thumbnailUrl\":\"https:\\\/\\\/booksfrommexico.com\\\/app\\\/uploads\\\/2024\\\/05\\\/199200.jpeg\",\"datePublished\":\"2024-05-15T20:24:26+00:00\",\"dateModified\":\"2024-07-31T22:15:32+00:00\",\"description\":\"\u00cdNDICE DE LOS DERECHOS DE LA NI\u00d1EZ, 2022 : CINCO A\u00d1OS DE INCUMPLIMIENTO DE DERECHOS. \\\/ Mario Luis Fuentes, Sa\u00fal Arellano. UNAM, 2022.\",\"breadcrumb\":{\"@id\":\"https:\\\/\\\/booksfrommexico.com\\\/es\\\/producto\\\/indice-de-los-derechos-de-la-ninez-2022\\\/#breadcrumb\"},\"inLanguage\":\"es\",\"potentialAction\":[{\"@type\":\"ReadAction\",\"target\":[\"https:\\\/\\\/booksfrommexico.com\\\/es\\\/producto\\\/indice-de-los-derechos-de-la-ninez-2022\\\/\"]}]},{\"@type\":\"ImageObject\",\"inLanguage\":\"es\",\"@id\":\"https:\\\/\\\/booksfrommexico.com\\\/es\\\/producto\\\/indice-de-los-derechos-de-la-ninez-2022\\\/#primaryimage\",\"url\":\"https:\\\/\\\/booksfrommexico.com\\\/app\\\/uploads\\\/2024\\\/05\\\/199200.jpeg\",\"contentUrl\":\"https:\\\/\\\/booksfrommexico.com\\\/app\\\/uploads\\\/2024\\\/05\\\/199200.jpeg\",\"width\":477,\"height\":669,\"caption\":\"\u00cdndice de los derechos de La Ni\u00f1ez, 2022\"},{\"@type\":\"BreadcrumbList\",\"@id\":\"https:\\\/\\\/booksfrommexico.com\\\/es\\\/producto\\\/indice-de-los-derechos-de-la-ninez-2022\\\/#breadcrumb\",\"itemListElement\":[{\"@type\":\"ListItem\",\"position\":1,\"name\":\"Home\",\"item\":\"https:\\\/\\\/booksfrommexico.com\\\/es\\\/\"},{\"@type\":\"ListItem\",\"position\":2,\"name\":\"Libros\",\"item\":\"https:\\\/\\\/booksfrommexico.com\\\/es\\\/libros\\\/\"},{\"@type\":\"ListItem\",\"position\":3,\"name\":\"\u00cdndice de los derechos de la ni\u00f1ez, 2022: Cinco a\u00f1os de incumplimiento de derechos\"}]},{\"@type\":\"WebSite\",\"@id\":\"https:\\\/\\\/booksfrommexico.com\\\/#website\",\"url\":\"https:\\\/\\\/booksfrommexico.com\\\/\",\"name\":\"Books From Mexico\",\"description\":\"\",\"publisher\":{\"@id\":\"https:\\\/\\\/booksfrommexico.com\\\/#organization\"},\"potentialAction\":[{\"@type\":\"SearchAction\",\"target\":{\"@type\":\"EntryPoint\",\"urlTemplate\":\"https:\\\/\\\/booksfrommexico.com\\\/?s={search_term_string}\"},\"query-input\":{\"@type\":\"PropertyValueSpecification\",\"valueRequired\":true,\"valueName\":\"search_term_string\"}}],\"inLanguage\":\"es\"},{\"@type\":\"Organization\",\"@id\":\"https:\\\/\\\/booksfrommexico.com\\\/#organization\",\"name\":\"Books From Mexico\",\"url\":\"https:\\\/\\\/booksfrommexico.com\\\/\",\"logo\":{\"@type\":\"ImageObject\",\"inLanguage\":\"es\",\"@id\":\"https:\\\/\\\/booksfrommexico.com\\\/#\\\/schema\\\/logo\\\/image\\\/\",\"url\":\"https:\\\/\\\/booksfrommexico.com\\\/app\\\/uploads\\\/2023\\\/05\\\/logo-booksfrommexico.svg\",\"contentUrl\":\"https:\\\/\\\/booksfrommexico.com\\\/app\\\/uploads\\\/2023\\\/05\\\/logo-booksfrommexico.svg\",\"width\":86,\"height\":56,\"caption\":\"Books From Mexico\"},\"image\":{\"@id\":\"https:\\\/\\\/booksfrommexico.com\\\/#\\\/schema\\\/logo\\\/image\\\/\"}}]}<\/script>\n<!-- \/ Yoast SEO plugin. -->","yoast_head_json":{"title":"\u00cdndice de los derechos de la ni\u00f1ez, 2022","description":"\u00cdNDICE DE LOS DERECHOS DE LA NI\u00d1EZ, 2022 : CINCO A\u00d1OS DE INCUMPLIMIENTO DE DERECHOS. \/ Mario Luis Fuentes, Sa\u00fal Arellano. UNAM, 2022.","robots":{"index":"index","follow":"follow","max-snippet":"max-snippet:-1","max-image-preview":"max-image-preview:large","max-video-preview":"max-video-preview:-1"},"canonical":"https:\/\/booksfrommexico.com\/es\/producto\/indice-de-los-derechos-de-la-ninez-2022\/","og_locale":"es_ES","og_type":"article","og_title":"\u00cdndice de los derechos de la ni\u00f1ez, 2022","og_description":"\u00cdNDICE DE LOS DERECHOS DE LA NI\u00d1EZ, 2022 : CINCO A\u00d1OS DE INCUMPLIMIENTO DE DERECHOS. \/ Mario Luis Fuentes, Sa\u00fal Arellano. UNAM, 2022.","og_url":"https:\/\/booksfrommexico.com\/es\/producto\/indice-de-los-derechos-de-la-ninez-2022\/","og_site_name":"Books From Mexico","article_modified_time":"2024-07-31T22:15:32+00:00","og_image":[{"width":477,"height":669,"url":"http:\/\/booksfrommexico.com\/app\/uploads\/2024\/05\/199200.jpeg","type":"image\/jpeg"}],"twitter_card":"summary_large_image","twitter_misc":{"Tiempo de lectura":"1 minuto"},"schema":{"@context":"https:\/\/schema.org","@graph":[{"@type":"WebPage","@id":"https:\/\/booksfrommexico.com\/es\/producto\/indice-de-los-derechos-de-la-ninez-2022\/","url":"https:\/\/booksfrommexico.com\/es\/producto\/indice-de-los-derechos-de-la-ninez-2022\/","name":"\u00cdndice de los derechos de la ni\u00f1ez, 2022","isPartOf":{"@id":"https:\/\/booksfrommexico.com\/#website"},"primaryImageOfPage":{"@id":"https:\/\/booksfrommexico.com\/es\/producto\/indice-de-los-derechos-de-la-ninez-2022\/#primaryimage"},"image":{"@id":"https:\/\/booksfrommexico.com\/es\/producto\/indice-de-los-derechos-de-la-ninez-2022\/#primaryimage"},"thumbnailUrl":"https:\/\/booksfrommexico.com\/app\/uploads\/2024\/05\/199200.jpeg","datePublished":"2024-05-15T20:24:26+00:00","dateModified":"2024-07-31T22:15:32+00:00","description":"\u00cdNDICE DE LOS DERECHOS DE LA NI\u00d1EZ, 2022 : CINCO A\u00d1OS DE INCUMPLIMIENTO DE DERECHOS. \/ Mario Luis Fuentes, Sa\u00fal Arellano. UNAM, 2022.","breadcrumb":{"@id":"https:\/\/booksfrommexico.com\/es\/producto\/indice-de-los-derechos-de-la-ninez-2022\/#breadcrumb"},"inLanguage":"es","potentialAction":[{"@type":"ReadAction","target":["https:\/\/booksfrommexico.com\/es\/producto\/indice-de-los-derechos-de-la-ninez-2022\/"]}]},{"@type":"ImageObject","inLanguage":"es","@id":"https:\/\/booksfrommexico.com\/es\/producto\/indice-de-los-derechos-de-la-ninez-2022\/#primaryimage","url":"https:\/\/booksfrommexico.com\/app\/uploads\/2024\/05\/199200.jpeg","contentUrl":"https:\/\/booksfrommexico.com\/app\/uploads\/2024\/05\/199200.jpeg","width":477,"height":669,"caption":"\u00cdndice de los derechos de La Ni\u00f1ez, 2022"},{"@type":"BreadcrumbList","@id":"https:\/\/booksfrommexico.com\/es\/producto\/indice-de-los-derechos-de-la-ninez-2022\/#breadcrumb","itemListElement":[{"@type":"ListItem","position":1,"name":"Home","item":"https:\/\/booksfrommexico.com\/es\/"},{"@type":"ListItem","position":2,"name":"Libros","item":"https:\/\/booksfrommexico.com\/es\/libros\/"},{"@type":"ListItem","position":3,"name":"\u00cdndice de los derechos de la ni\u00f1ez, 2022: Cinco a\u00f1os de incumplimiento de derechos"}]},{"@type":"WebSite","@id":"https:\/\/booksfrommexico.com\/#website","url":"https:\/\/booksfrommexico.com\/","name":"Books From Mexico","description":"","publisher":{"@id":"https:\/\/booksfrommexico.com\/#organization"},"potentialAction":[{"@type":"SearchAction","target":{"@type":"EntryPoint","urlTemplate":"https:\/\/booksfrommexico.com\/?s={search_term_string}"},"query-input":{"@type":"PropertyValueSpecification","valueRequired":true,"valueName":"search_term_string"}}],"inLanguage":"es"},{"@type":"Organization","@id":"https:\/\/booksfrommexico.com\/#organization","name":"Books From Mexico","url":"https:\/\/booksfrommexico.com\/","logo":{"@type":"ImageObject","inLanguage":"es","@id":"https:\/\/booksfrommexico.com\/#\/schema\/logo\/image\/","url":"https:\/\/booksfrommexico.com\/app\/uploads\/2023\/05\/logo-booksfrommexico.svg","contentUrl":"https:\/\/booksfrommexico.com\/app\/uploads\/2023\/05\/logo-booksfrommexico.svg","width":86,"height":56,"caption":"Books From Mexico"},"image":{"@id":"https:\/\/booksfrommexico.com\/#\/schema\/logo\/image\/"}}]}},"_links":{"self":[{"href":"https:\/\/booksfrommexico.com\/es\/wp-json\/wp\/v2\/product\/6260","targetHints":{"allow":["GET"]}}],"collection":[{"href":"https:\/\/booksfrommexico.com\/es\/wp-json\/wp\/v2\/product"}],"about":[{"href":"https:\/\/booksfrommexico.com\/es\/wp-json\/wp\/v2\/types\/product"}],"wp:featuredmedia":[{"embeddable":true,"href":"https:\/\/booksfrommexico.com\/es\/wp-json\/wp\/v2\/media\/6322"}],"wp:attachment":[{"href":"https:\/\/booksfrommexico.com\/es\/wp-json\/wp\/v2\/media?parent=6260"}],"wp:term":[{"taxonomy":"product_brand","embeddable":true,"href":"https:\/\/booksfrommexico.com\/es\/wp-json\/wp\/v2\/product_brand?post=6260"},{"taxonomy":"product_cat","embeddable":true,"href":"https:\/\/booksfrommexico.com\/es\/wp-json\/wp\/v2\/product_cat?post=6260"},{"taxonomy":"product_tag","embeddable":true,"href":"https:\/\/booksfrommexico.com\/es\/wp-json\/wp\/v2\/product_tag?post=6260"}],"curies":[{"name":"wp","href":"https:\/\/api.w.org\/{rel}","templated":true}]}}