{"id":6261,"date":"2024-05-15T20:24:26","date_gmt":"2024-05-15T20:24:26","guid":{"rendered":"https:\/\/booksfrommexico.com\/product\/el-escandalo-de-la-homofobia\/"},"modified":"2024-06-25T19:21:05","modified_gmt":"2024-06-25T19:21:05","slug":"el-escandalo-de-la-homofobia","status":"publish","type":"product","link":"https:\/\/booksfrommexico.com\/es\/producto\/el-escandalo-de-la-homofobia\/","title":{"rendered":"El esc\u00e1ndalo de la homofobia: Cr\u00f3nica de una represi\u00f3n milenaria"},"content":{"rendered":"<p><span style=\"font-weight: 400;\">Este t\u00edtulo se trata de uno de los textos m\u00e1s completos acerca de la animadversi\u00f3n social hacia los homosexuales, la discriminaci\u00f3n, los m\u00e9todos utilizados para cambiar su orientaci\u00f3n sexual, sus luchas y los avances en el reconocimiento de sus derechos. La investigaci\u00f3n contenida aqu\u00ed tiene consideraciones antropol\u00f3gicas, psicol\u00f3gicas, sociol\u00f3gicas, legislaci\u00f3n y jurisprudencia internacional y mexicana. Sin embargo, pese al rigor con el que se habla de episodios notables de homofobia, la resistencia de la comunidad homosexual y opiniones de especialistas en sexualidad humana, su estilo se aleja del acad\u00e9mico, dando paso a un relato apasionante y comprensible para todo p\u00fablico.<\/span><\/p>\n","protected":false},"excerpt":{"rendered":"<p>EL ESC\u00c1NDALO DE LA HOMOFOBIA : CR\u00d3NICA DE UNA REPRESI\u00d3N MILENARIA<span style=\"font-weight: 400;\">. \/ Luis de la Barreda Sol\u00f3rzano. Ciudad de M\u00e9xico, M\u00e9xico : Trilce Ediciones ; Universidad Nacional Aut\u00f3noma de M\u00e9xico , Programa Universitario de Derechos Humanos ; Tlaxcala, Mexico : Universidad Aut\u00f3noma de Tlaxcala ; Guadalajara, Jalisco : Universidad de Guadalajara, 2023. 323 pages : includes photos, bibliography ; 23 cm. ISBN : 9786078745524 (UNAM) ; 9786073068574. <\/span><\/p>\n","protected":false},"featured_media":6325,"template":"","meta":{"_acf_changed":false,"inline_featured_image":false},"product_brand":[],"product_cat":[155,147],"product_tag":[3837,4198,4197,4161],"class_list":{"0":"post-6261","1":"product","2":"type-product","3":"status-publish","4":"has-post-thumbnail","6":"product_cat-estudio-de-la-sexualidad-en-ciencias-sociales-y-humanidades-estudios-de-genero","7":"product_cat-estudios-de-genero","8":"product_tag-derechos-humanos","9":"product_tag-derechos-lgbt","10":"product_tag-identidad-lgbt","11":"product_tag-lgbt","13":"first","14":"instock","15":"taxable","16":"shipping-taxable","17":"purchasable","18":"product-type-simple"},"acf":[],"yoast_head":"<!-- This site is optimized with the Yoast SEO plugin v27.3 - https:\/\/yoast.com\/product\/yoast-seo-wordpress\/ -->\n<title>El esc\u00e1ndalo de la homofobia<\/title>\n<meta name=\"description\" content=\"EL ESC\u00c1NDALO DE LA HOMOFOBIA : CR\u00d3NICA DE UNA REPRESI\u00d3N MILENARIA. \/ Luis de la Barreda Sol\u00f3rzano. ISBN : 9786078745524 (UNAM) ; 9786073068574.\" \/>\n<meta name=\"robots\" content=\"index, follow, max-snippet:-1, max-image-preview:large, max-video-preview:-1\" \/>\n<link rel=\"canonical\" href=\"https:\/\/booksfrommexico.com\/es\/producto\/el-escandalo-de-la-homofobia\/\" \/>\n<meta property=\"og:locale\" content=\"es_ES\" \/>\n<meta property=\"og:type\" content=\"article\" \/>\n<meta property=\"og:title\" content=\"El esc\u00e1ndalo de la homofobia\" \/>\n<meta property=\"og:description\" content=\"EL ESC\u00c1NDALO DE LA HOMOFOBIA : CR\u00d3NICA DE UNA REPRESI\u00d3N MILENARIA. \/ Luis de la Barreda Sol\u00f3rzano. ISBN : 9786078745524 (UNAM) ; 9786073068574.\" \/>\n<meta property=\"og:url\" content=\"https:\/\/booksfrommexico.com\/es\/producto\/el-escandalo-de-la-homofobia\/\" \/>\n<meta property=\"og:site_name\" content=\"Books From Mexico\" \/>\n<meta property=\"article:modified_time\" content=\"2024-06-25T19:21:05+00:00\" \/>\n<meta property=\"og:image\" content=\"http:\/\/booksfrommexico.com\/app\/uploads\/2024\/05\/199940.jpeg\" \/>\n\t<meta property=\"og:image:width\" content=\"470\" \/>\n\t<meta property=\"og:image:height\" content=\"648\" \/>\n\t<meta property=\"og:image:type\" content=\"image\/jpeg\" \/>\n<meta name=\"twitter:card\" content=\"summary_large_image\" \/>\n<meta name=\"twitter:label1\" content=\"Tiempo de lectura\" \/>\n\t<meta name=\"twitter:data1\" content=\"1 minuto\" \/>\n<script type=\"application\/ld+json\" class=\"yoast-schema-graph\">{\"@context\":\"https:\\\/\\\/schema.org\",\"@graph\":[{\"@type\":\"WebPage\",\"@id\":\"https:\\\/\\\/booksfrommexico.com\\\/es\\\/producto\\\/el-escandalo-de-la-homofobia\\\/\",\"url\":\"https:\\\/\\\/booksfrommexico.com\\\/es\\\/producto\\\/el-escandalo-de-la-homofobia\\\/\",\"name\":\"El esc\u00e1ndalo de la homofobia\",\"isPartOf\":{\"@id\":\"https:\\\/\\\/booksfrommexico.com\\\/#website\"},\"primaryImageOfPage\":{\"@id\":\"https:\\\/\\\/booksfrommexico.com\\\/es\\\/producto\\\/el-escandalo-de-la-homofobia\\\/#primaryimage\"},\"image\":{\"@id\":\"https:\\\/\\\/booksfrommexico.com\\\/es\\\/producto\\\/el-escandalo-de-la-homofobia\\\/#primaryimage\"},\"thumbnailUrl\":\"https:\\\/\\\/booksfrommexico.com\\\/app\\\/uploads\\\/2024\\\/05\\\/199940.jpeg\",\"datePublished\":\"2024-05-15T20:24:26+00:00\",\"dateModified\":\"2024-06-25T19:21:05+00:00\",\"description\":\"EL ESC\u00c1NDALO DE LA HOMOFOBIA : CR\u00d3NICA DE UNA REPRESI\u00d3N MILENARIA. \\\/ Luis de la Barreda Sol\u00f3rzano. ISBN : 9786078745524 (UNAM) ; 9786073068574.\",\"breadcrumb\":{\"@id\":\"https:\\\/\\\/booksfrommexico.com\\\/es\\\/producto\\\/el-escandalo-de-la-homofobia\\\/#breadcrumb\"},\"inLanguage\":\"es\",\"potentialAction\":[{\"@type\":\"ReadAction\",\"target\":[\"https:\\\/\\\/booksfrommexico.com\\\/es\\\/producto\\\/el-escandalo-de-la-homofobia\\\/\"]}]},{\"@type\":\"ImageObject\",\"inLanguage\":\"es\",\"@id\":\"https:\\\/\\\/booksfrommexico.com\\\/es\\\/producto\\\/el-escandalo-de-la-homofobia\\\/#primaryimage\",\"url\":\"https:\\\/\\\/booksfrommexico.com\\\/app\\\/uploads\\\/2024\\\/05\\\/199940.jpeg\",\"contentUrl\":\"https:\\\/\\\/booksfrommexico.com\\\/app\\\/uploads\\\/2024\\\/05\\\/199940.jpeg\",\"width\":470,\"height\":648,\"caption\":\"El esc\u00e1ndalo de la homofobia\"},{\"@type\":\"BreadcrumbList\",\"@id\":\"https:\\\/\\\/booksfrommexico.com\\\/es\\\/producto\\\/el-escandalo-de-la-homofobia\\\/#breadcrumb\",\"itemListElement\":[{\"@type\":\"ListItem\",\"position\":1,\"name\":\"Home\",\"item\":\"https:\\\/\\\/booksfrommexico.com\\\/es\\\/\"},{\"@type\":\"ListItem\",\"position\":2,\"name\":\"Libros\",\"item\":\"https:\\\/\\\/booksfrommexico.com\\\/es\\\/libros\\\/\"},{\"@type\":\"ListItem\",\"position\":3,\"name\":\"El esc\u00e1ndalo de la homofobia: Cr\u00f3nica de una represi\u00f3n milenaria\"}]},{\"@type\":\"WebSite\",\"@id\":\"https:\\\/\\\/booksfrommexico.com\\\/#website\",\"url\":\"https:\\\/\\\/booksfrommexico.com\\\/\",\"name\":\"Books From Mexico\",\"description\":\"\",\"publisher\":{\"@id\":\"https:\\\/\\\/booksfrommexico.com\\\/#organization\"},\"potentialAction\":[{\"@type\":\"SearchAction\",\"target\":{\"@type\":\"EntryPoint\",\"urlTemplate\":\"https:\\\/\\\/booksfrommexico.com\\\/?s={search_term_string}\"},\"query-input\":{\"@type\":\"PropertyValueSpecification\",\"valueRequired\":true,\"valueName\":\"search_term_string\"}}],\"inLanguage\":\"es\"},{\"@type\":\"Organization\",\"@id\":\"https:\\\/\\\/booksfrommexico.com\\\/#organization\",\"name\":\"Books From Mexico\",\"url\":\"https:\\\/\\\/booksfrommexico.com\\\/\",\"logo\":{\"@type\":\"ImageObject\",\"inLanguage\":\"es\",\"@id\":\"https:\\\/\\\/booksfrommexico.com\\\/#\\\/schema\\\/logo\\\/image\\\/\",\"url\":\"https:\\\/\\\/booksfrommexico.com\\\/app\\\/uploads\\\/2023\\\/05\\\/logo-booksfrommexico.svg\",\"contentUrl\":\"https:\\\/\\\/booksfrommexico.com\\\/app\\\/uploads\\\/2023\\\/05\\\/logo-booksfrommexico.svg\",\"width\":86,\"height\":56,\"caption\":\"Books From Mexico\"},\"image\":{\"@id\":\"https:\\\/\\\/booksfrommexico.com\\\/#\\\/schema\\\/logo\\\/image\\\/\"}}]}<\/script>\n<!-- \/ Yoast SEO plugin. -->","yoast_head_json":{"title":"El esc\u00e1ndalo de la homofobia","description":"EL ESC\u00c1NDALO DE LA HOMOFOBIA : CR\u00d3NICA DE UNA REPRESI\u00d3N MILENARIA. \/ Luis de la Barreda Sol\u00f3rzano. ISBN : 9786078745524 (UNAM) ; 9786073068574.","robots":{"index":"index","follow":"follow","max-snippet":"max-snippet:-1","max-image-preview":"max-image-preview:large","max-video-preview":"max-video-preview:-1"},"canonical":"https:\/\/booksfrommexico.com\/es\/producto\/el-escandalo-de-la-homofobia\/","og_locale":"es_ES","og_type":"article","og_title":"El esc\u00e1ndalo de la homofobia","og_description":"EL ESC\u00c1NDALO DE LA HOMOFOBIA : CR\u00d3NICA DE UNA REPRESI\u00d3N MILENARIA. \/ Luis de la Barreda Sol\u00f3rzano. ISBN : 9786078745524 (UNAM) ; 9786073068574.","og_url":"https:\/\/booksfrommexico.com\/es\/producto\/el-escandalo-de-la-homofobia\/","og_site_name":"Books From Mexico","article_modified_time":"2024-06-25T19:21:05+00:00","og_image":[{"width":470,"height":648,"url":"http:\/\/booksfrommexico.com\/app\/uploads\/2024\/05\/199940.jpeg","type":"image\/jpeg"}],"twitter_card":"summary_large_image","twitter_misc":{"Tiempo de lectura":"1 minuto"},"schema":{"@context":"https:\/\/schema.org","@graph":[{"@type":"WebPage","@id":"https:\/\/booksfrommexico.com\/es\/producto\/el-escandalo-de-la-homofobia\/","url":"https:\/\/booksfrommexico.com\/es\/producto\/el-escandalo-de-la-homofobia\/","name":"El esc\u00e1ndalo de la homofobia","isPartOf":{"@id":"https:\/\/booksfrommexico.com\/#website"},"primaryImageOfPage":{"@id":"https:\/\/booksfrommexico.com\/es\/producto\/el-escandalo-de-la-homofobia\/#primaryimage"},"image":{"@id":"https:\/\/booksfrommexico.com\/es\/producto\/el-escandalo-de-la-homofobia\/#primaryimage"},"thumbnailUrl":"https:\/\/booksfrommexico.com\/app\/uploads\/2024\/05\/199940.jpeg","datePublished":"2024-05-15T20:24:26+00:00","dateModified":"2024-06-25T19:21:05+00:00","description":"EL ESC\u00c1NDALO DE LA HOMOFOBIA : CR\u00d3NICA DE UNA REPRESI\u00d3N MILENARIA. \/ Luis de la Barreda Sol\u00f3rzano. ISBN : 9786078745524 (UNAM) ; 9786073068574.","breadcrumb":{"@id":"https:\/\/booksfrommexico.com\/es\/producto\/el-escandalo-de-la-homofobia\/#breadcrumb"},"inLanguage":"es","potentialAction":[{"@type":"ReadAction","target":["https:\/\/booksfrommexico.com\/es\/producto\/el-escandalo-de-la-homofobia\/"]}]},{"@type":"ImageObject","inLanguage":"es","@id":"https:\/\/booksfrommexico.com\/es\/producto\/el-escandalo-de-la-homofobia\/#primaryimage","url":"https:\/\/booksfrommexico.com\/app\/uploads\/2024\/05\/199940.jpeg","contentUrl":"https:\/\/booksfrommexico.com\/app\/uploads\/2024\/05\/199940.jpeg","width":470,"height":648,"caption":"El esc\u00e1ndalo de la homofobia"},{"@type":"BreadcrumbList","@id":"https:\/\/booksfrommexico.com\/es\/producto\/el-escandalo-de-la-homofobia\/#breadcrumb","itemListElement":[{"@type":"ListItem","position":1,"name":"Home","item":"https:\/\/booksfrommexico.com\/es\/"},{"@type":"ListItem","position":2,"name":"Libros","item":"https:\/\/booksfrommexico.com\/es\/libros\/"},{"@type":"ListItem","position":3,"name":"El esc\u00e1ndalo de la homofobia: Cr\u00f3nica de una represi\u00f3n milenaria"}]},{"@type":"WebSite","@id":"https:\/\/booksfrommexico.com\/#website","url":"https:\/\/booksfrommexico.com\/","name":"Books From Mexico","description":"","publisher":{"@id":"https:\/\/booksfrommexico.com\/#organization"},"potentialAction":[{"@type":"SearchAction","target":{"@type":"EntryPoint","urlTemplate":"https:\/\/booksfrommexico.com\/?s={search_term_string}"},"query-input":{"@type":"PropertyValueSpecification","valueRequired":true,"valueName":"search_term_string"}}],"inLanguage":"es"},{"@type":"Organization","@id":"https:\/\/booksfrommexico.com\/#organization","name":"Books From Mexico","url":"https:\/\/booksfrommexico.com\/","logo":{"@type":"ImageObject","inLanguage":"es","@id":"https:\/\/booksfrommexico.com\/#\/schema\/logo\/image\/","url":"https:\/\/booksfrommexico.com\/app\/uploads\/2023\/05\/logo-booksfrommexico.svg","contentUrl":"https:\/\/booksfrommexico.com\/app\/uploads\/2023\/05\/logo-booksfrommexico.svg","width":86,"height":56,"caption":"Books From Mexico"},"image":{"@id":"https:\/\/booksfrommexico.com\/#\/schema\/logo\/image\/"}}]}},"_links":{"self":[{"href":"https:\/\/booksfrommexico.com\/es\/wp-json\/wp\/v2\/product\/6261","targetHints":{"allow":["GET"]}}],"collection":[{"href":"https:\/\/booksfrommexico.com\/es\/wp-json\/wp\/v2\/product"}],"about":[{"href":"https:\/\/booksfrommexico.com\/es\/wp-json\/wp\/v2\/types\/product"}],"wp:featuredmedia":[{"embeddable":true,"href":"https:\/\/booksfrommexico.com\/es\/wp-json\/wp\/v2\/media\/6325"}],"wp:attachment":[{"href":"https:\/\/booksfrommexico.com\/es\/wp-json\/wp\/v2\/media?parent=6261"}],"wp:term":[{"taxonomy":"product_brand","embeddable":true,"href":"https:\/\/booksfrommexico.com\/es\/wp-json\/wp\/v2\/product_brand?post=6261"},{"taxonomy":"product_cat","embeddable":true,"href":"https:\/\/booksfrommexico.com\/es\/wp-json\/wp\/v2\/product_cat?post=6261"},{"taxonomy":"product_tag","embeddable":true,"href":"https:\/\/booksfrommexico.com\/es\/wp-json\/wp\/v2\/product_tag?post=6261"}],"curies":[{"name":"wp","href":"https:\/\/api.w.org\/{rel}","templated":true}]}}