{"id":6263,"date":"2024-05-15T20:24:26","date_gmt":"2024-05-15T20:24:26","guid":{"rendered":"https:\/\/booksfrommexico.com\/product\/debates-en-torno-a-la-escritura-jeroglifica-nahuatl\/"},"modified":"2024-06-25T19:28:06","modified_gmt":"2024-06-25T19:28:06","slug":"debates-en-torno-a-la-escritura-jeroglifica-nahuatl","status":"publish","type":"product","link":"https:\/\/booksfrommexico.com\/es\/producto\/debates-en-torno-a-la-escritura-jeroglifica-nahuatl\/","title":{"rendered":"Debates en torno a la escritura jerogl\u00edfica n\u00e1huatl"},"content":{"rendered":"<p><span style=\"font-weight: 400;\">Los c\u00f3dices o libros producidos por los nahuas han sido motivo de inter\u00e9s y de estudio desde los primeros conquistadores, por lo que despu\u00e9s de 500 a\u00f1os la naturaleza de estos escritos contin\u00faa en la actualidad tratando de descifrarse e interpretarse. En este t\u00edtulo se recopilan debates sobre los discursos occidentales acerca de la escritura jerogl\u00edfica maya del siglo XVI, contando adem\u00e1s con un an\u00e1lisis de las principales posturas contempor\u00e1neas al respecto. El objetivo de este trabajo es ofrecer una mejor comprensi\u00f3n de las formas en que fue y es concebida la escritura n\u00e1huatl, as\u00ed como la forma en que se han configurado las pr\u00e1cticas de investigaci\u00f3n hist\u00f3rica a partir de fuentes no alfab\u00e9ticas.<\/span><\/p>\n","protected":false},"excerpt":{"rendered":"<p>DEBATES EN TORNO A LA ESCRITURA JEROGL\u00cdFICA N\u00c1HUATL<span style=\"font-weight: 400;\">. \/ Rebeca Leticia Rodr\u00edguez Z\u00e1rate, Mar\u00eda Elena Villalobos. Ciudad de M\u00e9xico, M\u00e9xico : Universidad Nacional Aut\u00f3noma de M\u00e9xico , Instituto de Investigaciones Hist\u00f3ricas, 2023. 95 pages : includes illustrations, photos, map, glossary, bibliography ; 21 cm. (Serie Hist\u00f3ricas Comunicaci\u00f3n P\u00fablica. Colecci\u00f3n Debates y Herramientas). ISBN : 9786073072311.<\/span><\/p>\n<p><br style=\"font-weight: 400;\" \/><br style=\"font-weight: 400;\" \/><\/p>\n","protected":false},"featured_media":6332,"template":"","meta":{"_acf_changed":false,"inline_featured_image":false},"product_brand":[],"product_cat":[3345,169],"product_tag":[3781,4369,3754],"class_list":{"0":"post-6263","1":"product","2":"type-product","3":"status-publish","4":"has-post-thumbnail","6":"product_cat-lengua-maya-lenguas-y-linguisticas-indigenas","7":"product_cat-lengua-y-linguistica","8":"product_tag-cultura-maya","9":"product_tag-jeroglificos","10":"product_tag-lenguaje-maya","12":"first","13":"outofstock","14":"taxable","15":"shipping-taxable","16":"purchasable","17":"product-type-simple"},"acf":[],"yoast_head":"<!-- This site is optimized with the Yoast SEO plugin v27.2 - https:\/\/yoast.com\/product\/yoast-seo-wordpress\/ -->\n<title>Debates en torno a la escritura jerogl\u00edfica n\u00e1huatl<\/title>\n<meta name=\"description\" content=\"DEBATES EN TORNO A LA ESCRITURA JEROGL\u00cdFICA N\u00c1HUATL. \/ Rebeca Leticia Rodr\u00edguez Z\u00e1rate, Mar\u00eda Elena Villalobos. (Serie Hist\u00f3ricas Comunicaci\u00f3n P\u00fablica).\" \/>\n<meta name=\"robots\" content=\"index, follow, max-snippet:-1, max-image-preview:large, max-video-preview:-1\" \/>\n<link rel=\"canonical\" href=\"https:\/\/booksfrommexico.com\/es\/producto\/debates-en-torno-a-la-escritura-jeroglifica-nahuatl\/\" \/>\n<meta property=\"og:locale\" content=\"es_ES\" \/>\n<meta property=\"og:type\" content=\"article\" \/>\n<meta property=\"og:title\" content=\"Debates en torno a la escritura jerogl\u00edfica n\u00e1huatl\" \/>\n<meta property=\"og:description\" content=\"DEBATES EN TORNO A LA ESCRITURA JEROGL\u00cdFICA N\u00c1HUATL. \/ Rebeca Leticia Rodr\u00edguez Z\u00e1rate, Mar\u00eda Elena Villalobos. (Serie Hist\u00f3ricas Comunicaci\u00f3n P\u00fablica).\" \/>\n<meta property=\"og:url\" content=\"https:\/\/booksfrommexico.com\/es\/producto\/debates-en-torno-a-la-escritura-jeroglifica-nahuatl\/\" \/>\n<meta property=\"og:site_name\" content=\"Books From Mexico\" \/>\n<meta property=\"article:modified_time\" content=\"2024-06-25T19:28:06+00:00\" \/>\n<meta property=\"og:image\" content=\"http:\/\/booksfrommexico.com\/app\/uploads\/2024\/05\/200016.jpeg\" \/>\n\t<meta property=\"og:image:width\" content=\"372\" \/>\n\t<meta property=\"og:image:height\" content=\"603\" \/>\n\t<meta property=\"og:image:type\" content=\"image\/jpeg\" \/>\n<meta name=\"twitter:card\" content=\"summary_large_image\" \/>\n<meta name=\"twitter:label1\" content=\"Tiempo de lectura\" \/>\n\t<meta name=\"twitter:data1\" content=\"1 minuto\" \/>\n<script type=\"application\/ld+json\" class=\"yoast-schema-graph\">{\"@context\":\"https:\/\/schema.org\",\"@graph\":[{\"@type\":\"WebPage\",\"@id\":\"https:\/\/booksfrommexico.com\/es\/producto\/debates-en-torno-a-la-escritura-jeroglifica-nahuatl\/\",\"url\":\"https:\/\/booksfrommexico.com\/es\/producto\/debates-en-torno-a-la-escritura-jeroglifica-nahuatl\/\",\"name\":\"Debates en torno a la escritura jerogl\u00edfica n\u00e1huatl\",\"isPartOf\":{\"@id\":\"https:\/\/booksfrommexico.com\/#website\"},\"primaryImageOfPage\":{\"@id\":\"https:\/\/booksfrommexico.com\/es\/producto\/debates-en-torno-a-la-escritura-jeroglifica-nahuatl\/#primaryimage\"},\"image\":{\"@id\":\"https:\/\/booksfrommexico.com\/es\/producto\/debates-en-torno-a-la-escritura-jeroglifica-nahuatl\/#primaryimage\"},\"thumbnailUrl\":\"https:\/\/booksfrommexico.com\/app\/uploads\/2024\/05\/200016.jpeg\",\"datePublished\":\"2024-05-15T20:24:26+00:00\",\"dateModified\":\"2024-06-25T19:28:06+00:00\",\"description\":\"DEBATES EN TORNO A LA ESCRITURA JEROGL\u00cdFICA N\u00c1HUATL. \/ Rebeca Leticia Rodr\u00edguez Z\u00e1rate, Mar\u00eda Elena Villalobos. (Serie Hist\u00f3ricas Comunicaci\u00f3n P\u00fablica).\",\"breadcrumb\":{\"@id\":\"https:\/\/booksfrommexico.com\/es\/producto\/debates-en-torno-a-la-escritura-jeroglifica-nahuatl\/#breadcrumb\"},\"inLanguage\":\"es\",\"potentialAction\":[{\"@type\":\"ReadAction\",\"target\":[\"https:\/\/booksfrommexico.com\/es\/producto\/debates-en-torno-a-la-escritura-jeroglifica-nahuatl\/\"]}]},{\"@type\":\"ImageObject\",\"inLanguage\":\"es\",\"@id\":\"https:\/\/booksfrommexico.com\/es\/producto\/debates-en-torno-a-la-escritura-jeroglifica-nahuatl\/#primaryimage\",\"url\":\"https:\/\/booksfrommexico.com\/app\/uploads\/2024\/05\/200016.jpeg\",\"contentUrl\":\"https:\/\/booksfrommexico.com\/app\/uploads\/2024\/05\/200016.jpeg\",\"width\":372,\"height\":603,\"caption\":\"Debates en torno a la escritura jerogl\u00edfica nahuatl\"},{\"@type\":\"BreadcrumbList\",\"@id\":\"https:\/\/booksfrommexico.com\/es\/producto\/debates-en-torno-a-la-escritura-jeroglifica-nahuatl\/#breadcrumb\",\"itemListElement\":[{\"@type\":\"ListItem\",\"position\":1,\"name\":\"Home\",\"item\":\"https:\/\/booksfrommexico.com\/es\/\"},{\"@type\":\"ListItem\",\"position\":2,\"name\":\"Libros\",\"item\":\"https:\/\/booksfrommexico.com\/es\/libros\/\"},{\"@type\":\"ListItem\",\"position\":3,\"name\":\"Debates en torno a la escritura jerogl\u00edfica n\u00e1huatl\"}]},{\"@type\":\"WebSite\",\"@id\":\"https:\/\/booksfrommexico.com\/#website\",\"url\":\"https:\/\/booksfrommexico.com\/\",\"name\":\"Books From Mexico\",\"description\":\"\",\"publisher\":{\"@id\":\"https:\/\/booksfrommexico.com\/#organization\"},\"potentialAction\":[{\"@type\":\"SearchAction\",\"target\":{\"@type\":\"EntryPoint\",\"urlTemplate\":\"https:\/\/booksfrommexico.com\/?s={search_term_string}\"},\"query-input\":{\"@type\":\"PropertyValueSpecification\",\"valueRequired\":true,\"valueName\":\"search_term_string\"}}],\"inLanguage\":\"es\"},{\"@type\":\"Organization\",\"@id\":\"https:\/\/booksfrommexico.com\/#organization\",\"name\":\"Books From Mexico\",\"url\":\"https:\/\/booksfrommexico.com\/\",\"logo\":{\"@type\":\"ImageObject\",\"inLanguage\":\"es\",\"@id\":\"https:\/\/booksfrommexico.com\/#\/schema\/logo\/image\/\",\"url\":\"https:\/\/booksfrommexico.com\/app\/uploads\/2023\/05\/logo-booksfrommexico.svg\",\"contentUrl\":\"https:\/\/booksfrommexico.com\/app\/uploads\/2023\/05\/logo-booksfrommexico.svg\",\"width\":86,\"height\":56,\"caption\":\"Books From Mexico\"},\"image\":{\"@id\":\"https:\/\/booksfrommexico.com\/#\/schema\/logo\/image\/\"}}]}<\/script>\n<!-- \/ Yoast SEO plugin. -->","yoast_head_json":{"title":"Debates en torno a la escritura jerogl\u00edfica n\u00e1huatl","description":"DEBATES EN TORNO A LA ESCRITURA JEROGL\u00cdFICA N\u00c1HUATL. \/ Rebeca Leticia Rodr\u00edguez Z\u00e1rate, Mar\u00eda Elena Villalobos. (Serie Hist\u00f3ricas Comunicaci\u00f3n P\u00fablica).","robots":{"index":"index","follow":"follow","max-snippet":"max-snippet:-1","max-image-preview":"max-image-preview:large","max-video-preview":"max-video-preview:-1"},"canonical":"https:\/\/booksfrommexico.com\/es\/producto\/debates-en-torno-a-la-escritura-jeroglifica-nahuatl\/","og_locale":"es_ES","og_type":"article","og_title":"Debates en torno a la escritura jerogl\u00edfica n\u00e1huatl","og_description":"DEBATES EN TORNO A LA ESCRITURA JEROGL\u00cdFICA N\u00c1HUATL. \/ Rebeca Leticia Rodr\u00edguez Z\u00e1rate, Mar\u00eda Elena Villalobos. (Serie Hist\u00f3ricas Comunicaci\u00f3n P\u00fablica).","og_url":"https:\/\/booksfrommexico.com\/es\/producto\/debates-en-torno-a-la-escritura-jeroglifica-nahuatl\/","og_site_name":"Books From Mexico","article_modified_time":"2024-06-25T19:28:06+00:00","og_image":[{"width":372,"height":603,"url":"http:\/\/booksfrommexico.com\/app\/uploads\/2024\/05\/200016.jpeg","type":"image\/jpeg"}],"twitter_card":"summary_large_image","twitter_misc":{"Tiempo de lectura":"1 minuto"},"schema":{"@context":"https:\/\/schema.org","@graph":[{"@type":"WebPage","@id":"https:\/\/booksfrommexico.com\/es\/producto\/debates-en-torno-a-la-escritura-jeroglifica-nahuatl\/","url":"https:\/\/booksfrommexico.com\/es\/producto\/debates-en-torno-a-la-escritura-jeroglifica-nahuatl\/","name":"Debates en torno a la escritura jerogl\u00edfica n\u00e1huatl","isPartOf":{"@id":"https:\/\/booksfrommexico.com\/#website"},"primaryImageOfPage":{"@id":"https:\/\/booksfrommexico.com\/es\/producto\/debates-en-torno-a-la-escritura-jeroglifica-nahuatl\/#primaryimage"},"image":{"@id":"https:\/\/booksfrommexico.com\/es\/producto\/debates-en-torno-a-la-escritura-jeroglifica-nahuatl\/#primaryimage"},"thumbnailUrl":"https:\/\/booksfrommexico.com\/app\/uploads\/2024\/05\/200016.jpeg","datePublished":"2024-05-15T20:24:26+00:00","dateModified":"2024-06-25T19:28:06+00:00","description":"DEBATES EN TORNO A LA ESCRITURA JEROGL\u00cdFICA N\u00c1HUATL. \/ Rebeca Leticia Rodr\u00edguez Z\u00e1rate, Mar\u00eda Elena Villalobos. (Serie Hist\u00f3ricas Comunicaci\u00f3n P\u00fablica).","breadcrumb":{"@id":"https:\/\/booksfrommexico.com\/es\/producto\/debates-en-torno-a-la-escritura-jeroglifica-nahuatl\/#breadcrumb"},"inLanguage":"es","potentialAction":[{"@type":"ReadAction","target":["https:\/\/booksfrommexico.com\/es\/producto\/debates-en-torno-a-la-escritura-jeroglifica-nahuatl\/"]}]},{"@type":"ImageObject","inLanguage":"es","@id":"https:\/\/booksfrommexico.com\/es\/producto\/debates-en-torno-a-la-escritura-jeroglifica-nahuatl\/#primaryimage","url":"https:\/\/booksfrommexico.com\/app\/uploads\/2024\/05\/200016.jpeg","contentUrl":"https:\/\/booksfrommexico.com\/app\/uploads\/2024\/05\/200016.jpeg","width":372,"height":603,"caption":"Debates en torno a la escritura jerogl\u00edfica nahuatl"},{"@type":"BreadcrumbList","@id":"https:\/\/booksfrommexico.com\/es\/producto\/debates-en-torno-a-la-escritura-jeroglifica-nahuatl\/#breadcrumb","itemListElement":[{"@type":"ListItem","position":1,"name":"Home","item":"https:\/\/booksfrommexico.com\/es\/"},{"@type":"ListItem","position":2,"name":"Libros","item":"https:\/\/booksfrommexico.com\/es\/libros\/"},{"@type":"ListItem","position":3,"name":"Debates en torno a la escritura jerogl\u00edfica n\u00e1huatl"}]},{"@type":"WebSite","@id":"https:\/\/booksfrommexico.com\/#website","url":"https:\/\/booksfrommexico.com\/","name":"Books From Mexico","description":"","publisher":{"@id":"https:\/\/booksfrommexico.com\/#organization"},"potentialAction":[{"@type":"SearchAction","target":{"@type":"EntryPoint","urlTemplate":"https:\/\/booksfrommexico.com\/?s={search_term_string}"},"query-input":{"@type":"PropertyValueSpecification","valueRequired":true,"valueName":"search_term_string"}}],"inLanguage":"es"},{"@type":"Organization","@id":"https:\/\/booksfrommexico.com\/#organization","name":"Books From Mexico","url":"https:\/\/booksfrommexico.com\/","logo":{"@type":"ImageObject","inLanguage":"es","@id":"https:\/\/booksfrommexico.com\/#\/schema\/logo\/image\/","url":"https:\/\/booksfrommexico.com\/app\/uploads\/2023\/05\/logo-booksfrommexico.svg","contentUrl":"https:\/\/booksfrommexico.com\/app\/uploads\/2023\/05\/logo-booksfrommexico.svg","width":86,"height":56,"caption":"Books From Mexico"},"image":{"@id":"https:\/\/booksfrommexico.com\/#\/schema\/logo\/image\/"}}]}},"_links":{"self":[{"href":"https:\/\/booksfrommexico.com\/es\/wp-json\/wp\/v2\/product\/6263","targetHints":{"allow":["GET"]}}],"collection":[{"href":"https:\/\/booksfrommexico.com\/es\/wp-json\/wp\/v2\/product"}],"about":[{"href":"https:\/\/booksfrommexico.com\/es\/wp-json\/wp\/v2\/types\/product"}],"wp:featuredmedia":[{"embeddable":true,"href":"https:\/\/booksfrommexico.com\/es\/wp-json\/wp\/v2\/media\/6332"}],"wp:attachment":[{"href":"https:\/\/booksfrommexico.com\/es\/wp-json\/wp\/v2\/media?parent=6263"}],"wp:term":[{"taxonomy":"product_brand","embeddable":true,"href":"https:\/\/booksfrommexico.com\/es\/wp-json\/wp\/v2\/product_brand?post=6263"},{"taxonomy":"product_cat","embeddable":true,"href":"https:\/\/booksfrommexico.com\/es\/wp-json\/wp\/v2\/product_cat?post=6263"},{"taxonomy":"product_tag","embeddable":true,"href":"https:\/\/booksfrommexico.com\/es\/wp-json\/wp\/v2\/product_tag?post=6263"}],"curies":[{"name":"wp","href":"https:\/\/api.w.org\/{rel}","templated":true}]}}