{"id":6264,"date":"2024-05-15T20:24:26","date_gmt":"2024-05-15T20:24:26","guid":{"rendered":"https:\/\/booksfrommexico.com\/product\/violencia-contra-mujeres\/"},"modified":"2024-06-25T19:35:53","modified_gmt":"2024-06-25T19:35:53","slug":"violencia-contra-mujeres","status":"publish","type":"product","link":"https:\/\/booksfrommexico.com\/es\/producto\/violencia-contra-mujeres\/","title":{"rendered":"Violencia contra mujeres: Sobre el dif\u00edcil di\u00e1logo entre cifras y acciones de gobierno"},"content":{"rendered":"<p><span style=\"font-weight: 400;\">En el marco de la Convocatoria para Proyectos de Desarrollos Cient\u00edficos para Atender Problemas Nacionales correspondiente a 2015, apoyado por el CONACYT, se presenta este t\u00edtulo como resultado del proyecto de investigaci\u00f3n \u201cViolencia contra mujeres y seguridad ciudadana en M\u00e9xico. Un acercamiento desde el \u00e1mbito municipal para la formulaci\u00f3n e implementaci\u00f3n de pol\u00edticas\u201d. A lo largo de los 11 cap\u00edtulos divididos en 3 ejes (Contexto, Pol\u00edticas p\u00fablicas y acceso a la justicia, Las dificultades en el terreno) se habla sobre la compleja situaci\u00f3n de la violencia que viven las mujeres en M\u00e9xico y su confrontaci\u00f3n con las cifras, as\u00ed como las acciones gubernamentales que se han tomado al respecto.<\/span><\/p>\n","protected":false},"excerpt":{"rendered":"<p>VIOLENCIA CONTRA MUJERES : SOBRE EL DIF\u00cdCIL DI\u00c1LOGO ENTRE CIFRAS Y ACCIONES DE GOBIERNO<span style=\"font-weight: 400;\">. \/ Roberto Castro, Florinda Riquer (coordinators). Second edition. Cuernavaca, Morelos, M\u00e9xico : Universidad Nacional Aut\u00f3noma de M\u00e9xico , Centro Regional de Investigaciones Multidisciplinarias, 2023. 564 pages : includes maps, tables, charts, references, bibliography ; 23 cm. (Serie Violencia(s), Derechos y Salud). ISBN : 9786073063661.<\/span><\/p>\n","protected":false},"featured_media":6335,"template":"","meta":{"_acf_changed":false,"inline_featured_image":false},"product_brand":[],"product_cat":[148,217],"product_tag":[3673,3752,4101,3675],"class_list":{"0":"post-6264","1":"product","2":"type-product","3":"status-publish","4":"has-post-thumbnail","6":"product_cat-estudios-sobre-las-mujeres-estudios-de-genero","7":"product_cat-violencia-contra-las-mujeres-estudios-de-genero","8":"product_tag-delitos-contra-mujeres","9":"product_tag-derechos-mujeres","10":"product_tag-mujeres-es","11":"product_tag-mujeres-maltratadas","13":"first","14":"instock","15":"taxable","16":"shipping-taxable","17":"purchasable","18":"product-type-simple"},"acf":[],"yoast_head":"<!-- This site is optimized with the Yoast SEO plugin v27.3 - https:\/\/yoast.com\/product\/yoast-seo-wordpress\/ -->\n<title>Violencia contra mujeres<\/title>\n<meta name=\"description\" content=\"VIOLENCIA CONTRA MUJERES : SOBRE EL DIF\u00cdCIL DI\u00c1LOGO ENTRE CIFRAS Y ACCIONES DE GOBIERNO. \/ Roberto Castro, Florinda Riquer (coordinators). Second edition.\" \/>\n<meta name=\"robots\" content=\"index, follow, max-snippet:-1, max-image-preview:large, max-video-preview:-1\" \/>\n<link rel=\"canonical\" href=\"https:\/\/booksfrommexico.com\/es\/producto\/violencia-contra-mujeres\/\" \/>\n<meta property=\"og:locale\" content=\"es_ES\" \/>\n<meta property=\"og:type\" content=\"article\" \/>\n<meta property=\"og:title\" content=\"Violencia contra mujeres\" \/>\n<meta property=\"og:description\" content=\"VIOLENCIA CONTRA MUJERES : SOBRE EL DIF\u00cdCIL DI\u00c1LOGO ENTRE CIFRAS Y ACCIONES DE GOBIERNO. \/ Roberto Castro, Florinda Riquer (coordinators). Second edition.\" \/>\n<meta property=\"og:url\" content=\"https:\/\/booksfrommexico.com\/es\/producto\/violencia-contra-mujeres\/\" \/>\n<meta property=\"og:site_name\" content=\"Books From Mexico\" \/>\n<meta property=\"article:modified_time\" content=\"2024-06-25T19:35:53+00:00\" \/>\n<meta property=\"og:image\" content=\"http:\/\/booksfrommexico.com\/app\/uploads\/2024\/05\/200356.jpeg\" \/>\n\t<meta property=\"og:image:width\" content=\"489\" \/>\n\t<meta property=\"og:image:height\" content=\"669\" \/>\n\t<meta property=\"og:image:type\" content=\"image\/jpeg\" \/>\n<meta name=\"twitter:card\" content=\"summary_large_image\" \/>\n<meta name=\"twitter:label1\" content=\"Tiempo de lectura\" \/>\n\t<meta name=\"twitter:data1\" content=\"1 minuto\" \/>\n<script type=\"application\/ld+json\" class=\"yoast-schema-graph\">{\"@context\":\"https:\\\/\\\/schema.org\",\"@graph\":[{\"@type\":\"WebPage\",\"@id\":\"https:\\\/\\\/booksfrommexico.com\\\/es\\\/producto\\\/violencia-contra-mujeres\\\/\",\"url\":\"https:\\\/\\\/booksfrommexico.com\\\/es\\\/producto\\\/violencia-contra-mujeres\\\/\",\"name\":\"Violencia contra mujeres\",\"isPartOf\":{\"@id\":\"https:\\\/\\\/booksfrommexico.com\\\/#website\"},\"primaryImageOfPage\":{\"@id\":\"https:\\\/\\\/booksfrommexico.com\\\/es\\\/producto\\\/violencia-contra-mujeres\\\/#primaryimage\"},\"image\":{\"@id\":\"https:\\\/\\\/booksfrommexico.com\\\/es\\\/producto\\\/violencia-contra-mujeres\\\/#primaryimage\"},\"thumbnailUrl\":\"https:\\\/\\\/booksfrommexico.com\\\/app\\\/uploads\\\/2024\\\/05\\\/200356.jpeg\",\"datePublished\":\"2024-05-15T20:24:26+00:00\",\"dateModified\":\"2024-06-25T19:35:53+00:00\",\"description\":\"VIOLENCIA CONTRA MUJERES : SOBRE EL DIF\u00cdCIL DI\u00c1LOGO ENTRE CIFRAS Y ACCIONES DE GOBIERNO. \\\/ Roberto Castro, Florinda Riquer (coordinators). Second edition.\",\"breadcrumb\":{\"@id\":\"https:\\\/\\\/booksfrommexico.com\\\/es\\\/producto\\\/violencia-contra-mujeres\\\/#breadcrumb\"},\"inLanguage\":\"es\",\"potentialAction\":[{\"@type\":\"ReadAction\",\"target\":[\"https:\\\/\\\/booksfrommexico.com\\\/es\\\/producto\\\/violencia-contra-mujeres\\\/\"]}]},{\"@type\":\"ImageObject\",\"inLanguage\":\"es\",\"@id\":\"https:\\\/\\\/booksfrommexico.com\\\/es\\\/producto\\\/violencia-contra-mujeres\\\/#primaryimage\",\"url\":\"https:\\\/\\\/booksfrommexico.com\\\/app\\\/uploads\\\/2024\\\/05\\\/200356.jpeg\",\"contentUrl\":\"https:\\\/\\\/booksfrommexico.com\\\/app\\\/uploads\\\/2024\\\/05\\\/200356.jpeg\",\"width\":489,\"height\":669,\"caption\":\"Violencia contra mujeres\"},{\"@type\":\"BreadcrumbList\",\"@id\":\"https:\\\/\\\/booksfrommexico.com\\\/es\\\/producto\\\/violencia-contra-mujeres\\\/#breadcrumb\",\"itemListElement\":[{\"@type\":\"ListItem\",\"position\":1,\"name\":\"Home\",\"item\":\"https:\\\/\\\/booksfrommexico.com\\\/es\\\/\"},{\"@type\":\"ListItem\",\"position\":2,\"name\":\"Libros\",\"item\":\"https:\\\/\\\/booksfrommexico.com\\\/es\\\/libros\\\/\"},{\"@type\":\"ListItem\",\"position\":3,\"name\":\"Violencia contra mujeres: Sobre el dif\u00edcil di\u00e1logo entre cifras y acciones de gobierno\"}]},{\"@type\":\"WebSite\",\"@id\":\"https:\\\/\\\/booksfrommexico.com\\\/#website\",\"url\":\"https:\\\/\\\/booksfrommexico.com\\\/\",\"name\":\"Books From Mexico\",\"description\":\"\",\"publisher\":{\"@id\":\"https:\\\/\\\/booksfrommexico.com\\\/#organization\"},\"potentialAction\":[{\"@type\":\"SearchAction\",\"target\":{\"@type\":\"EntryPoint\",\"urlTemplate\":\"https:\\\/\\\/booksfrommexico.com\\\/?s={search_term_string}\"},\"query-input\":{\"@type\":\"PropertyValueSpecification\",\"valueRequired\":true,\"valueName\":\"search_term_string\"}}],\"inLanguage\":\"es\"},{\"@type\":\"Organization\",\"@id\":\"https:\\\/\\\/booksfrommexico.com\\\/#organization\",\"name\":\"Books From Mexico\",\"url\":\"https:\\\/\\\/booksfrommexico.com\\\/\",\"logo\":{\"@type\":\"ImageObject\",\"inLanguage\":\"es\",\"@id\":\"https:\\\/\\\/booksfrommexico.com\\\/#\\\/schema\\\/logo\\\/image\\\/\",\"url\":\"https:\\\/\\\/booksfrommexico.com\\\/app\\\/uploads\\\/2023\\\/05\\\/logo-booksfrommexico.svg\",\"contentUrl\":\"https:\\\/\\\/booksfrommexico.com\\\/app\\\/uploads\\\/2023\\\/05\\\/logo-booksfrommexico.svg\",\"width\":86,\"height\":56,\"caption\":\"Books From Mexico\"},\"image\":{\"@id\":\"https:\\\/\\\/booksfrommexico.com\\\/#\\\/schema\\\/logo\\\/image\\\/\"}}]}<\/script>\n<!-- \/ Yoast SEO plugin. -->","yoast_head_json":{"title":"Violencia contra mujeres","description":"VIOLENCIA CONTRA MUJERES : SOBRE EL DIF\u00cdCIL DI\u00c1LOGO ENTRE CIFRAS Y ACCIONES DE GOBIERNO. \/ Roberto Castro, Florinda Riquer (coordinators). Second edition.","robots":{"index":"index","follow":"follow","max-snippet":"max-snippet:-1","max-image-preview":"max-image-preview:large","max-video-preview":"max-video-preview:-1"},"canonical":"https:\/\/booksfrommexico.com\/es\/producto\/violencia-contra-mujeres\/","og_locale":"es_ES","og_type":"article","og_title":"Violencia contra mujeres","og_description":"VIOLENCIA CONTRA MUJERES : SOBRE EL DIF\u00cdCIL DI\u00c1LOGO ENTRE CIFRAS Y ACCIONES DE GOBIERNO. \/ Roberto Castro, Florinda Riquer (coordinators). Second edition.","og_url":"https:\/\/booksfrommexico.com\/es\/producto\/violencia-contra-mujeres\/","og_site_name":"Books From Mexico","article_modified_time":"2024-06-25T19:35:53+00:00","og_image":[{"width":489,"height":669,"url":"http:\/\/booksfrommexico.com\/app\/uploads\/2024\/05\/200356.jpeg","type":"image\/jpeg"}],"twitter_card":"summary_large_image","twitter_misc":{"Tiempo de lectura":"1 minuto"},"schema":{"@context":"https:\/\/schema.org","@graph":[{"@type":"WebPage","@id":"https:\/\/booksfrommexico.com\/es\/producto\/violencia-contra-mujeres\/","url":"https:\/\/booksfrommexico.com\/es\/producto\/violencia-contra-mujeres\/","name":"Violencia contra mujeres","isPartOf":{"@id":"https:\/\/booksfrommexico.com\/#website"},"primaryImageOfPage":{"@id":"https:\/\/booksfrommexico.com\/es\/producto\/violencia-contra-mujeres\/#primaryimage"},"image":{"@id":"https:\/\/booksfrommexico.com\/es\/producto\/violencia-contra-mujeres\/#primaryimage"},"thumbnailUrl":"https:\/\/booksfrommexico.com\/app\/uploads\/2024\/05\/200356.jpeg","datePublished":"2024-05-15T20:24:26+00:00","dateModified":"2024-06-25T19:35:53+00:00","description":"VIOLENCIA CONTRA MUJERES : SOBRE EL DIF\u00cdCIL DI\u00c1LOGO ENTRE CIFRAS Y ACCIONES DE GOBIERNO. \/ Roberto Castro, Florinda Riquer (coordinators). Second edition.","breadcrumb":{"@id":"https:\/\/booksfrommexico.com\/es\/producto\/violencia-contra-mujeres\/#breadcrumb"},"inLanguage":"es","potentialAction":[{"@type":"ReadAction","target":["https:\/\/booksfrommexico.com\/es\/producto\/violencia-contra-mujeres\/"]}]},{"@type":"ImageObject","inLanguage":"es","@id":"https:\/\/booksfrommexico.com\/es\/producto\/violencia-contra-mujeres\/#primaryimage","url":"https:\/\/booksfrommexico.com\/app\/uploads\/2024\/05\/200356.jpeg","contentUrl":"https:\/\/booksfrommexico.com\/app\/uploads\/2024\/05\/200356.jpeg","width":489,"height":669,"caption":"Violencia contra mujeres"},{"@type":"BreadcrumbList","@id":"https:\/\/booksfrommexico.com\/es\/producto\/violencia-contra-mujeres\/#breadcrumb","itemListElement":[{"@type":"ListItem","position":1,"name":"Home","item":"https:\/\/booksfrommexico.com\/es\/"},{"@type":"ListItem","position":2,"name":"Libros","item":"https:\/\/booksfrommexico.com\/es\/libros\/"},{"@type":"ListItem","position":3,"name":"Violencia contra mujeres: Sobre el dif\u00edcil di\u00e1logo entre cifras y acciones de gobierno"}]},{"@type":"WebSite","@id":"https:\/\/booksfrommexico.com\/#website","url":"https:\/\/booksfrommexico.com\/","name":"Books From Mexico","description":"","publisher":{"@id":"https:\/\/booksfrommexico.com\/#organization"},"potentialAction":[{"@type":"SearchAction","target":{"@type":"EntryPoint","urlTemplate":"https:\/\/booksfrommexico.com\/?s={search_term_string}"},"query-input":{"@type":"PropertyValueSpecification","valueRequired":true,"valueName":"search_term_string"}}],"inLanguage":"es"},{"@type":"Organization","@id":"https:\/\/booksfrommexico.com\/#organization","name":"Books From Mexico","url":"https:\/\/booksfrommexico.com\/","logo":{"@type":"ImageObject","inLanguage":"es","@id":"https:\/\/booksfrommexico.com\/#\/schema\/logo\/image\/","url":"https:\/\/booksfrommexico.com\/app\/uploads\/2023\/05\/logo-booksfrommexico.svg","contentUrl":"https:\/\/booksfrommexico.com\/app\/uploads\/2023\/05\/logo-booksfrommexico.svg","width":86,"height":56,"caption":"Books From Mexico"},"image":{"@id":"https:\/\/booksfrommexico.com\/#\/schema\/logo\/image\/"}}]}},"_links":{"self":[{"href":"https:\/\/booksfrommexico.com\/es\/wp-json\/wp\/v2\/product\/6264","targetHints":{"allow":["GET"]}}],"collection":[{"href":"https:\/\/booksfrommexico.com\/es\/wp-json\/wp\/v2\/product"}],"about":[{"href":"https:\/\/booksfrommexico.com\/es\/wp-json\/wp\/v2\/types\/product"}],"wp:featuredmedia":[{"embeddable":true,"href":"https:\/\/booksfrommexico.com\/es\/wp-json\/wp\/v2\/media\/6335"}],"wp:attachment":[{"href":"https:\/\/booksfrommexico.com\/es\/wp-json\/wp\/v2\/media?parent=6264"}],"wp:term":[{"taxonomy":"product_brand","embeddable":true,"href":"https:\/\/booksfrommexico.com\/es\/wp-json\/wp\/v2\/product_brand?post=6264"},{"taxonomy":"product_cat","embeddable":true,"href":"https:\/\/booksfrommexico.com\/es\/wp-json\/wp\/v2\/product_cat?post=6264"},{"taxonomy":"product_tag","embeddable":true,"href":"https:\/\/booksfrommexico.com\/es\/wp-json\/wp\/v2\/product_tag?post=6264"}],"curies":[{"name":"wp","href":"https:\/\/api.w.org\/{rel}","templated":true}]}}