{"id":6265,"date":"2024-05-15T20:24:26","date_gmt":"2024-05-15T20:24:26","guid":{"rendered":"https:\/\/booksfrommexico.com\/product\/yayijemal-tsibetik\/"},"modified":"2024-06-25T19:38:02","modified_gmt":"2024-06-25T19:38:02","slug":"yayijemal-tsibetik","status":"publish","type":"product","link":"https:\/\/booksfrommexico.com\/es\/producto\/yayijemal-tsibetik\/","title":{"rendered":"Yayijemal Ts&#8217;ibetik: Cuentos con cicatrices"},"content":{"rendered":"<p><span style=\"font-weight: 400;\">Colecci\u00f3n de cuentos de 5 autores que tienen en com\u00fan haber nacido y crecido en Chiapas, compartiendo contextos similares que les han llevado a tener experiencias afines y poder converger en este proyecto. Cada autor aporta un estilo diferente, sin embargo conservan un hilo conductor que es la violencia: ejercida entre hombres o hombres contra mujeres, llegando incluso al feminicidio. En estos relatos la violencia funciona como un eje de la realidad en el mundo tsotsil, en donde los sue\u00f1os de los j\u00f3venes, as\u00ed como su b\u00fasqueda de un lugar de pertenencia, se ven mimetizados. Este t\u00edtulo se trata de una edici\u00f3n biling\u00fce tsotsil-espa\u00f1ol. <\/span><\/p>\n","protected":false},"excerpt":{"rendered":"<p>YAYIJEMAL TS&#8217;IBETIK : CUENTOS CON CICATRICES<span style=\"font-weight: 400;\">. \/ Mikel Ruiz (coordinator). San Crist\u00f3bal de Las Casas, Chiapas, M\u00e9xico : Gobierno del Estado de Chiapas , Direcci\u00f3n General de Culturas Populares, Ind\u00edgenas y Urbanas ,\u00a0 Consejo Estatal para las Culturas y las Artes de Chiapas , PACMYyC ; Abriendo Caminos Editores, 2023. 152 pages : includes semblances ; 21 cm.<\/span><\/p>\n","protected":false},"featured_media":6338,"template":"","meta":{"_acf_changed":false,"inline_featured_image":false},"product_brand":[],"product_cat":[37,25,699],"product_tag":[3700,4127,3675],"class_list":{"0":"post-6265","1":"product","2":"type-product","3":"status-publish","4":"has-post-thumbnail","6":"product_cat-cuento-literatura","7":"product_cat-literatura","8":"product_cat-violencia-en-la-sociedad-sociologia","9":"product_tag-chiapas-mexico","10":"product_tag-cuento","11":"product_tag-mujeres-maltratadas","13":"first","14":"instock","15":"taxable","16":"shipping-taxable","17":"purchasable","18":"product-type-simple"},"acf":[],"yoast_head":"<!-- This site is optimized with the Yoast SEO plugin v27.3 - https:\/\/yoast.com\/product\/yoast-seo-wordpress\/ -->\n<title>Yayijemal Ts&#039;ibetik: Cuentos con cicatrices<\/title>\n<meta name=\"description\" content=\"YAYIJEMAL TS&#039;IBETIK : CUENTOS CON CICATRICES. \/ Mikel Ruiz (coordinator). DGCPIU , CONECULTA , PACMYyC ; Abriendo Caminos Editores, 2023.\" \/>\n<meta name=\"robots\" content=\"index, follow, max-snippet:-1, max-image-preview:large, max-video-preview:-1\" \/>\n<link rel=\"canonical\" href=\"https:\/\/booksfrommexico.com\/es\/producto\/yayijemal-tsibetik\/\" \/>\n<meta property=\"og:locale\" content=\"es_ES\" \/>\n<meta property=\"og:type\" content=\"article\" \/>\n<meta property=\"og:title\" content=\"Yayijemal Ts&#039;ibetik: Cuentos con cicatrices\" \/>\n<meta property=\"og:description\" content=\"YAYIJEMAL TS&#039;IBETIK : CUENTOS CON CICATRICES. \/ Mikel Ruiz (coordinator). DGCPIU , CONECULTA , PACMYyC ; Abriendo Caminos Editores, 2023.\" \/>\n<meta property=\"og:url\" content=\"https:\/\/booksfrommexico.com\/es\/producto\/yayijemal-tsibetik\/\" \/>\n<meta property=\"og:site_name\" content=\"Books From Mexico\" \/>\n<meta property=\"article:modified_time\" content=\"2024-06-25T19:38:02+00:00\" \/>\n<meta property=\"og:image\" content=\"http:\/\/booksfrommexico.com\/app\/uploads\/2024\/05\/200505.jpeg\" \/>\n\t<meta property=\"og:image:width\" content=\"524\" \/>\n\t<meta property=\"og:image:height\" content=\"800\" \/>\n\t<meta property=\"og:image:type\" content=\"image\/jpeg\" \/>\n<meta name=\"twitter:card\" content=\"summary_large_image\" \/>\n<meta name=\"twitter:label1\" content=\"Tiempo de lectura\" \/>\n\t<meta name=\"twitter:data1\" content=\"1 minuto\" \/>\n<script type=\"application\/ld+json\" class=\"yoast-schema-graph\">{\"@context\":\"https:\\\/\\\/schema.org\",\"@graph\":[{\"@type\":\"WebPage\",\"@id\":\"https:\\\/\\\/booksfrommexico.com\\\/es\\\/producto\\\/yayijemal-tsibetik\\\/\",\"url\":\"https:\\\/\\\/booksfrommexico.com\\\/es\\\/producto\\\/yayijemal-tsibetik\\\/\",\"name\":\"Yayijemal Ts'ibetik: Cuentos con cicatrices\",\"isPartOf\":{\"@id\":\"https:\\\/\\\/booksfrommexico.com\\\/#website\"},\"primaryImageOfPage\":{\"@id\":\"https:\\\/\\\/booksfrommexico.com\\\/es\\\/producto\\\/yayijemal-tsibetik\\\/#primaryimage\"},\"image\":{\"@id\":\"https:\\\/\\\/booksfrommexico.com\\\/es\\\/producto\\\/yayijemal-tsibetik\\\/#primaryimage\"},\"thumbnailUrl\":\"https:\\\/\\\/booksfrommexico.com\\\/app\\\/uploads\\\/2024\\\/05\\\/200505.jpeg\",\"datePublished\":\"2024-05-15T20:24:26+00:00\",\"dateModified\":\"2024-06-25T19:38:02+00:00\",\"description\":\"YAYIJEMAL TS'IBETIK : CUENTOS CON CICATRICES. \\\/ Mikel Ruiz (coordinator). DGCPIU , CONECULTA , PACMYyC ; Abriendo Caminos Editores, 2023.\",\"breadcrumb\":{\"@id\":\"https:\\\/\\\/booksfrommexico.com\\\/es\\\/producto\\\/yayijemal-tsibetik\\\/#breadcrumb\"},\"inLanguage\":\"es\",\"potentialAction\":[{\"@type\":\"ReadAction\",\"target\":[\"https:\\\/\\\/booksfrommexico.com\\\/es\\\/producto\\\/yayijemal-tsibetik\\\/\"]}]},{\"@type\":\"ImageObject\",\"inLanguage\":\"es\",\"@id\":\"https:\\\/\\\/booksfrommexico.com\\\/es\\\/producto\\\/yayijemal-tsibetik\\\/#primaryimage\",\"url\":\"https:\\\/\\\/booksfrommexico.com\\\/app\\\/uploads\\\/2024\\\/05\\\/200505.jpeg\",\"contentUrl\":\"https:\\\/\\\/booksfrommexico.com\\\/app\\\/uploads\\\/2024\\\/05\\\/200505.jpeg\",\"width\":524,\"height\":800,\"caption\":\"Yayijemal Ts'ibetik\"},{\"@type\":\"BreadcrumbList\",\"@id\":\"https:\\\/\\\/booksfrommexico.com\\\/es\\\/producto\\\/yayijemal-tsibetik\\\/#breadcrumb\",\"itemListElement\":[{\"@type\":\"ListItem\",\"position\":1,\"name\":\"Home\",\"item\":\"https:\\\/\\\/booksfrommexico.com\\\/es\\\/\"},{\"@type\":\"ListItem\",\"position\":2,\"name\":\"Libros\",\"item\":\"https:\\\/\\\/booksfrommexico.com\\\/es\\\/libros\\\/\"},{\"@type\":\"ListItem\",\"position\":3,\"name\":\"Yayijemal Ts&#8217;ibetik: Cuentos con cicatrices\"}]},{\"@type\":\"WebSite\",\"@id\":\"https:\\\/\\\/booksfrommexico.com\\\/#website\",\"url\":\"https:\\\/\\\/booksfrommexico.com\\\/\",\"name\":\"Books From Mexico\",\"description\":\"\",\"publisher\":{\"@id\":\"https:\\\/\\\/booksfrommexico.com\\\/#organization\"},\"potentialAction\":[{\"@type\":\"SearchAction\",\"target\":{\"@type\":\"EntryPoint\",\"urlTemplate\":\"https:\\\/\\\/booksfrommexico.com\\\/?s={search_term_string}\"},\"query-input\":{\"@type\":\"PropertyValueSpecification\",\"valueRequired\":true,\"valueName\":\"search_term_string\"}}],\"inLanguage\":\"es\"},{\"@type\":\"Organization\",\"@id\":\"https:\\\/\\\/booksfrommexico.com\\\/#organization\",\"name\":\"Books From Mexico\",\"url\":\"https:\\\/\\\/booksfrommexico.com\\\/\",\"logo\":{\"@type\":\"ImageObject\",\"inLanguage\":\"es\",\"@id\":\"https:\\\/\\\/booksfrommexico.com\\\/#\\\/schema\\\/logo\\\/image\\\/\",\"url\":\"https:\\\/\\\/booksfrommexico.com\\\/app\\\/uploads\\\/2023\\\/05\\\/logo-booksfrommexico.svg\",\"contentUrl\":\"https:\\\/\\\/booksfrommexico.com\\\/app\\\/uploads\\\/2023\\\/05\\\/logo-booksfrommexico.svg\",\"width\":86,\"height\":56,\"caption\":\"Books From Mexico\"},\"image\":{\"@id\":\"https:\\\/\\\/booksfrommexico.com\\\/#\\\/schema\\\/logo\\\/image\\\/\"}}]}<\/script>\n<!-- \/ Yoast SEO plugin. -->","yoast_head_json":{"title":"Yayijemal Ts'ibetik: Cuentos con cicatrices","description":"YAYIJEMAL TS'IBETIK : CUENTOS CON CICATRICES. \/ Mikel Ruiz (coordinator). DGCPIU , CONECULTA , PACMYyC ; Abriendo Caminos Editores, 2023.","robots":{"index":"index","follow":"follow","max-snippet":"max-snippet:-1","max-image-preview":"max-image-preview:large","max-video-preview":"max-video-preview:-1"},"canonical":"https:\/\/booksfrommexico.com\/es\/producto\/yayijemal-tsibetik\/","og_locale":"es_ES","og_type":"article","og_title":"Yayijemal Ts'ibetik: Cuentos con cicatrices","og_description":"YAYIJEMAL TS'IBETIK : CUENTOS CON CICATRICES. \/ Mikel Ruiz (coordinator). DGCPIU , CONECULTA , PACMYyC ; Abriendo Caminos Editores, 2023.","og_url":"https:\/\/booksfrommexico.com\/es\/producto\/yayijemal-tsibetik\/","og_site_name":"Books From Mexico","article_modified_time":"2024-06-25T19:38:02+00:00","og_image":[{"width":524,"height":800,"url":"http:\/\/booksfrommexico.com\/app\/uploads\/2024\/05\/200505.jpeg","type":"image\/jpeg"}],"twitter_card":"summary_large_image","twitter_misc":{"Tiempo de lectura":"1 minuto"},"schema":{"@context":"https:\/\/schema.org","@graph":[{"@type":"WebPage","@id":"https:\/\/booksfrommexico.com\/es\/producto\/yayijemal-tsibetik\/","url":"https:\/\/booksfrommexico.com\/es\/producto\/yayijemal-tsibetik\/","name":"Yayijemal Ts'ibetik: Cuentos con cicatrices","isPartOf":{"@id":"https:\/\/booksfrommexico.com\/#website"},"primaryImageOfPage":{"@id":"https:\/\/booksfrommexico.com\/es\/producto\/yayijemal-tsibetik\/#primaryimage"},"image":{"@id":"https:\/\/booksfrommexico.com\/es\/producto\/yayijemal-tsibetik\/#primaryimage"},"thumbnailUrl":"https:\/\/booksfrommexico.com\/app\/uploads\/2024\/05\/200505.jpeg","datePublished":"2024-05-15T20:24:26+00:00","dateModified":"2024-06-25T19:38:02+00:00","description":"YAYIJEMAL TS'IBETIK : CUENTOS CON CICATRICES. \/ Mikel Ruiz (coordinator). DGCPIU , CONECULTA , PACMYyC ; Abriendo Caminos Editores, 2023.","breadcrumb":{"@id":"https:\/\/booksfrommexico.com\/es\/producto\/yayijemal-tsibetik\/#breadcrumb"},"inLanguage":"es","potentialAction":[{"@type":"ReadAction","target":["https:\/\/booksfrommexico.com\/es\/producto\/yayijemal-tsibetik\/"]}]},{"@type":"ImageObject","inLanguage":"es","@id":"https:\/\/booksfrommexico.com\/es\/producto\/yayijemal-tsibetik\/#primaryimage","url":"https:\/\/booksfrommexico.com\/app\/uploads\/2024\/05\/200505.jpeg","contentUrl":"https:\/\/booksfrommexico.com\/app\/uploads\/2024\/05\/200505.jpeg","width":524,"height":800,"caption":"Yayijemal Ts'ibetik"},{"@type":"BreadcrumbList","@id":"https:\/\/booksfrommexico.com\/es\/producto\/yayijemal-tsibetik\/#breadcrumb","itemListElement":[{"@type":"ListItem","position":1,"name":"Home","item":"https:\/\/booksfrommexico.com\/es\/"},{"@type":"ListItem","position":2,"name":"Libros","item":"https:\/\/booksfrommexico.com\/es\/libros\/"},{"@type":"ListItem","position":3,"name":"Yayijemal Ts&#8217;ibetik: Cuentos con cicatrices"}]},{"@type":"WebSite","@id":"https:\/\/booksfrommexico.com\/#website","url":"https:\/\/booksfrommexico.com\/","name":"Books From Mexico","description":"","publisher":{"@id":"https:\/\/booksfrommexico.com\/#organization"},"potentialAction":[{"@type":"SearchAction","target":{"@type":"EntryPoint","urlTemplate":"https:\/\/booksfrommexico.com\/?s={search_term_string}"},"query-input":{"@type":"PropertyValueSpecification","valueRequired":true,"valueName":"search_term_string"}}],"inLanguage":"es"},{"@type":"Organization","@id":"https:\/\/booksfrommexico.com\/#organization","name":"Books From Mexico","url":"https:\/\/booksfrommexico.com\/","logo":{"@type":"ImageObject","inLanguage":"es","@id":"https:\/\/booksfrommexico.com\/#\/schema\/logo\/image\/","url":"https:\/\/booksfrommexico.com\/app\/uploads\/2023\/05\/logo-booksfrommexico.svg","contentUrl":"https:\/\/booksfrommexico.com\/app\/uploads\/2023\/05\/logo-booksfrommexico.svg","width":86,"height":56,"caption":"Books From Mexico"},"image":{"@id":"https:\/\/booksfrommexico.com\/#\/schema\/logo\/image\/"}}]}},"_links":{"self":[{"href":"https:\/\/booksfrommexico.com\/es\/wp-json\/wp\/v2\/product\/6265","targetHints":{"allow":["GET"]}}],"collection":[{"href":"https:\/\/booksfrommexico.com\/es\/wp-json\/wp\/v2\/product"}],"about":[{"href":"https:\/\/booksfrommexico.com\/es\/wp-json\/wp\/v2\/types\/product"}],"wp:featuredmedia":[{"embeddable":true,"href":"https:\/\/booksfrommexico.com\/es\/wp-json\/wp\/v2\/media\/6338"}],"wp:attachment":[{"href":"https:\/\/booksfrommexico.com\/es\/wp-json\/wp\/v2\/media?parent=6265"}],"wp:term":[{"taxonomy":"product_brand","embeddable":true,"href":"https:\/\/booksfrommexico.com\/es\/wp-json\/wp\/v2\/product_brand?post=6265"},{"taxonomy":"product_cat","embeddable":true,"href":"https:\/\/booksfrommexico.com\/es\/wp-json\/wp\/v2\/product_cat?post=6265"},{"taxonomy":"product_tag","embeddable":true,"href":"https:\/\/booksfrommexico.com\/es\/wp-json\/wp\/v2\/product_tag?post=6265"}],"curies":[{"name":"wp","href":"https:\/\/api.w.org\/{rel}","templated":true}]}}