{"id":6267,"date":"2024-05-15T20:24:26","date_gmt":"2024-05-15T20:24:26","guid":{"rendered":"https:\/\/booksfrommexico.com\/product\/donde-el-diablo-mete-la-cola\/"},"modified":"2024-06-25T19:45:25","modified_gmt":"2024-06-25T19:45:25","slug":"donde-el-diablo-mete-la-cola","status":"publish","type":"product","link":"https:\/\/booksfrommexico.com\/es\/producto\/donde-el-diablo-mete-la-cola\/","title":{"rendered":"Donde el diablo mete la cola: Antropolog\u00eda del arte y est\u00e9tica ind\u00edgena"},"content":{"rendered":"<p><span style=\"font-weight: 400;\">El objetivo de esta obra es dar una lectura contextualizada del arte ind\u00edgena de Ocumicho a partir del an\u00e1lisis de los procesos de creaci\u00f3n, circulaci\u00f3n, valoraci\u00f3n y recepci\u00f3n de los objetos, al mismo tiempo que propone una ruta de aproximaci\u00f3n a la comprensi\u00f3n y caracterizaci\u00f3n de la est\u00e9tica ind\u00edgena pur\u00e9pecha. En este caso, la investigaci\u00f3n se enfoca en un tipo de esculturas con figura de diablo realizadas principalmente por mujeres que buscan transgredir la dependencia econ\u00f3mica hacia los hombres. Estas esculturas est\u00e1n hechas de barro policromado, cocidas en cocinas condicionadas como alfares y con un minucioso proceso de pintura, en suma: una forma de arte ind\u00edgena.<\/span><\/p>\n","protected":false},"excerpt":{"rendered":"<p>DONDE EL DIABLO METE LA COLA : ANTROPOLOG\u00cdA DEL ARTE Y EST\u00c9TICA IND\u00cdGENA<span style=\"font-weight: 400;\">. \/ Eva Mar\u00eda Garrido Izaguirre. Morelia, Michoac\u00e1n, M\u00e9xico : Universidad Nacional Aut\u00f3noma de M\u00e9xico,\u00a0 Escuela Nacional de Estudios Superiores , Unidad Morelia, Laboratorio Nacional de Materiales Orales Editorial, 2020. 719 pages : includes color photos, references, bibliography ; 22 cm. (Colecci\u00f3n Estudios 2). ISBN :\u00a0 9786073037174 (volumen) ; 9786073018395 (collection).<\/span><\/p>\n","protected":false},"featured_media":6360,"template":"","meta":{"_acf_changed":false,"inline_featured_image":false},"product_brand":[],"product_cat":[19,372],"product_tag":[4044,3777,3705],"class_list":{"0":"post-6267","1":"product","2":"type-product","3":"status-publish","4":"has-post-thumbnail","6":"product_cat-antropologia","7":"product_cat-tradiciones-culturales","8":"product_tag-arte","9":"product_tag-arte-indigena","10":"product_tag-michoacan-mexico","12":"first","13":"instock","14":"taxable","15":"shipping-taxable","16":"purchasable","17":"product-type-simple"},"acf":[],"yoast_head":"<!-- This site is optimized with the Yoast SEO plugin v27.3 - https:\/\/yoast.com\/product\/yoast-seo-wordpress\/ -->\n<title>Donde el diablo mete la cola<\/title>\n<meta name=\"description\" content=\"DONDE EL DIABLO METE LA COLA : ANTROPOLOG\u00cdA DEL ARTE Y EST\u00c9TICA IND\u00cdGENA. \/ Eva Mar\u00eda Garrido Izaguirre. Laboratorio Nacional de Materiales Orales.\" \/>\n<meta name=\"robots\" content=\"index, follow, max-snippet:-1, max-image-preview:large, max-video-preview:-1\" \/>\n<link rel=\"canonical\" href=\"https:\/\/booksfrommexico.com\/es\/producto\/donde-el-diablo-mete-la-cola\/\" \/>\n<meta property=\"og:locale\" content=\"es_ES\" \/>\n<meta property=\"og:type\" content=\"article\" \/>\n<meta property=\"og:title\" content=\"Donde el diablo mete la cola\" \/>\n<meta property=\"og:description\" content=\"DONDE EL DIABLO METE LA COLA : ANTROPOLOG\u00cdA DEL ARTE Y EST\u00c9TICA IND\u00cdGENA. \/ Eva Mar\u00eda Garrido Izaguirre. Laboratorio Nacional de Materiales Orales.\" \/>\n<meta property=\"og:url\" content=\"https:\/\/booksfrommexico.com\/es\/producto\/donde-el-diablo-mete-la-cola\/\" \/>\n<meta property=\"og:site_name\" content=\"Books From Mexico\" \/>\n<meta property=\"article:modified_time\" content=\"2024-06-25T19:45:25+00:00\" \/>\n<meta property=\"og:image\" content=\"http:\/\/booksfrommexico.com\/app\/uploads\/2024\/05\/200814.jpg\" \/>\n\t<meta property=\"og:image:width\" content=\"1840\" \/>\n\t<meta property=\"og:image:height\" content=\"2552\" \/>\n\t<meta property=\"og:image:type\" content=\"image\/jpeg\" \/>\n<meta name=\"twitter:card\" content=\"summary_large_image\" \/>\n<meta name=\"twitter:label1\" content=\"Tiempo de lectura\" \/>\n\t<meta name=\"twitter:data1\" content=\"1 minuto\" \/>\n<script type=\"application\/ld+json\" class=\"yoast-schema-graph\">{\"@context\":\"https:\\\/\\\/schema.org\",\"@graph\":[{\"@type\":\"WebPage\",\"@id\":\"https:\\\/\\\/booksfrommexico.com\\\/es\\\/producto\\\/donde-el-diablo-mete-la-cola\\\/\",\"url\":\"https:\\\/\\\/booksfrommexico.com\\\/es\\\/producto\\\/donde-el-diablo-mete-la-cola\\\/\",\"name\":\"Donde el diablo mete la cola\",\"isPartOf\":{\"@id\":\"https:\\\/\\\/booksfrommexico.com\\\/#website\"},\"primaryImageOfPage\":{\"@id\":\"https:\\\/\\\/booksfrommexico.com\\\/es\\\/producto\\\/donde-el-diablo-mete-la-cola\\\/#primaryimage\"},\"image\":{\"@id\":\"https:\\\/\\\/booksfrommexico.com\\\/es\\\/producto\\\/donde-el-diablo-mete-la-cola\\\/#primaryimage\"},\"thumbnailUrl\":\"https:\\\/\\\/booksfrommexico.com\\\/app\\\/uploads\\\/2024\\\/05\\\/200814.jpg\",\"datePublished\":\"2024-05-15T20:24:26+00:00\",\"dateModified\":\"2024-06-25T19:45:25+00:00\",\"description\":\"DONDE EL DIABLO METE LA COLA : ANTROPOLOG\u00cdA DEL ARTE Y EST\u00c9TICA IND\u00cdGENA. \\\/ Eva Mar\u00eda Garrido Izaguirre. Laboratorio Nacional de Materiales Orales.\",\"breadcrumb\":{\"@id\":\"https:\\\/\\\/booksfrommexico.com\\\/es\\\/producto\\\/donde-el-diablo-mete-la-cola\\\/#breadcrumb\"},\"inLanguage\":\"es\",\"potentialAction\":[{\"@type\":\"ReadAction\",\"target\":[\"https:\\\/\\\/booksfrommexico.com\\\/es\\\/producto\\\/donde-el-diablo-mete-la-cola\\\/\"]}]},{\"@type\":\"ImageObject\",\"inLanguage\":\"es\",\"@id\":\"https:\\\/\\\/booksfrommexico.com\\\/es\\\/producto\\\/donde-el-diablo-mete-la-cola\\\/#primaryimage\",\"url\":\"https:\\\/\\\/booksfrommexico.com\\\/app\\\/uploads\\\/2024\\\/05\\\/200814.jpg\",\"contentUrl\":\"https:\\\/\\\/booksfrommexico.com\\\/app\\\/uploads\\\/2024\\\/05\\\/200814.jpg\",\"width\":1840,\"height\":2552,\"caption\":\"Donde el diablo mete la cola\"},{\"@type\":\"BreadcrumbList\",\"@id\":\"https:\\\/\\\/booksfrommexico.com\\\/es\\\/producto\\\/donde-el-diablo-mete-la-cola\\\/#breadcrumb\",\"itemListElement\":[{\"@type\":\"ListItem\",\"position\":1,\"name\":\"Home\",\"item\":\"https:\\\/\\\/booksfrommexico.com\\\/es\\\/\"},{\"@type\":\"ListItem\",\"position\":2,\"name\":\"Libros\",\"item\":\"https:\\\/\\\/booksfrommexico.com\\\/es\\\/libros\\\/\"},{\"@type\":\"ListItem\",\"position\":3,\"name\":\"Donde el diablo mete la cola: Antropolog\u00eda del arte y est\u00e9tica ind\u00edgena\"}]},{\"@type\":\"WebSite\",\"@id\":\"https:\\\/\\\/booksfrommexico.com\\\/#website\",\"url\":\"https:\\\/\\\/booksfrommexico.com\\\/\",\"name\":\"Books From Mexico\",\"description\":\"\",\"publisher\":{\"@id\":\"https:\\\/\\\/booksfrommexico.com\\\/#organization\"},\"potentialAction\":[{\"@type\":\"SearchAction\",\"target\":{\"@type\":\"EntryPoint\",\"urlTemplate\":\"https:\\\/\\\/booksfrommexico.com\\\/?s={search_term_string}\"},\"query-input\":{\"@type\":\"PropertyValueSpecification\",\"valueRequired\":true,\"valueName\":\"search_term_string\"}}],\"inLanguage\":\"es\"},{\"@type\":\"Organization\",\"@id\":\"https:\\\/\\\/booksfrommexico.com\\\/#organization\",\"name\":\"Books From Mexico\",\"url\":\"https:\\\/\\\/booksfrommexico.com\\\/\",\"logo\":{\"@type\":\"ImageObject\",\"inLanguage\":\"es\",\"@id\":\"https:\\\/\\\/booksfrommexico.com\\\/#\\\/schema\\\/logo\\\/image\\\/\",\"url\":\"https:\\\/\\\/booksfrommexico.com\\\/app\\\/uploads\\\/2023\\\/05\\\/logo-booksfrommexico.svg\",\"contentUrl\":\"https:\\\/\\\/booksfrommexico.com\\\/app\\\/uploads\\\/2023\\\/05\\\/logo-booksfrommexico.svg\",\"width\":86,\"height\":56,\"caption\":\"Books From Mexico\"},\"image\":{\"@id\":\"https:\\\/\\\/booksfrommexico.com\\\/#\\\/schema\\\/logo\\\/image\\\/\"}}]}<\/script>\n<!-- \/ Yoast SEO plugin. -->","yoast_head_json":{"title":"Donde el diablo mete la cola","description":"DONDE EL DIABLO METE LA COLA : ANTROPOLOG\u00cdA DEL ARTE Y EST\u00c9TICA IND\u00cdGENA. \/ Eva Mar\u00eda Garrido Izaguirre. Laboratorio Nacional de Materiales Orales.","robots":{"index":"index","follow":"follow","max-snippet":"max-snippet:-1","max-image-preview":"max-image-preview:large","max-video-preview":"max-video-preview:-1"},"canonical":"https:\/\/booksfrommexico.com\/es\/producto\/donde-el-diablo-mete-la-cola\/","og_locale":"es_ES","og_type":"article","og_title":"Donde el diablo mete la cola","og_description":"DONDE EL DIABLO METE LA COLA : ANTROPOLOG\u00cdA DEL ARTE Y EST\u00c9TICA IND\u00cdGENA. \/ Eva Mar\u00eda Garrido Izaguirre. Laboratorio Nacional de Materiales Orales.","og_url":"https:\/\/booksfrommexico.com\/es\/producto\/donde-el-diablo-mete-la-cola\/","og_site_name":"Books From Mexico","article_modified_time":"2024-06-25T19:45:25+00:00","og_image":[{"width":1840,"height":2552,"url":"http:\/\/booksfrommexico.com\/app\/uploads\/2024\/05\/200814.jpg","type":"image\/jpeg"}],"twitter_card":"summary_large_image","twitter_misc":{"Tiempo de lectura":"1 minuto"},"schema":{"@context":"https:\/\/schema.org","@graph":[{"@type":"WebPage","@id":"https:\/\/booksfrommexico.com\/es\/producto\/donde-el-diablo-mete-la-cola\/","url":"https:\/\/booksfrommexico.com\/es\/producto\/donde-el-diablo-mete-la-cola\/","name":"Donde el diablo mete la cola","isPartOf":{"@id":"https:\/\/booksfrommexico.com\/#website"},"primaryImageOfPage":{"@id":"https:\/\/booksfrommexico.com\/es\/producto\/donde-el-diablo-mete-la-cola\/#primaryimage"},"image":{"@id":"https:\/\/booksfrommexico.com\/es\/producto\/donde-el-diablo-mete-la-cola\/#primaryimage"},"thumbnailUrl":"https:\/\/booksfrommexico.com\/app\/uploads\/2024\/05\/200814.jpg","datePublished":"2024-05-15T20:24:26+00:00","dateModified":"2024-06-25T19:45:25+00:00","description":"DONDE EL DIABLO METE LA COLA : ANTROPOLOG\u00cdA DEL ARTE Y EST\u00c9TICA IND\u00cdGENA. \/ Eva Mar\u00eda Garrido Izaguirre. Laboratorio Nacional de Materiales Orales.","breadcrumb":{"@id":"https:\/\/booksfrommexico.com\/es\/producto\/donde-el-diablo-mete-la-cola\/#breadcrumb"},"inLanguage":"es","potentialAction":[{"@type":"ReadAction","target":["https:\/\/booksfrommexico.com\/es\/producto\/donde-el-diablo-mete-la-cola\/"]}]},{"@type":"ImageObject","inLanguage":"es","@id":"https:\/\/booksfrommexico.com\/es\/producto\/donde-el-diablo-mete-la-cola\/#primaryimage","url":"https:\/\/booksfrommexico.com\/app\/uploads\/2024\/05\/200814.jpg","contentUrl":"https:\/\/booksfrommexico.com\/app\/uploads\/2024\/05\/200814.jpg","width":1840,"height":2552,"caption":"Donde el diablo mete la cola"},{"@type":"BreadcrumbList","@id":"https:\/\/booksfrommexico.com\/es\/producto\/donde-el-diablo-mete-la-cola\/#breadcrumb","itemListElement":[{"@type":"ListItem","position":1,"name":"Home","item":"https:\/\/booksfrommexico.com\/es\/"},{"@type":"ListItem","position":2,"name":"Libros","item":"https:\/\/booksfrommexico.com\/es\/libros\/"},{"@type":"ListItem","position":3,"name":"Donde el diablo mete la cola: Antropolog\u00eda del arte y est\u00e9tica ind\u00edgena"}]},{"@type":"WebSite","@id":"https:\/\/booksfrommexico.com\/#website","url":"https:\/\/booksfrommexico.com\/","name":"Books From Mexico","description":"","publisher":{"@id":"https:\/\/booksfrommexico.com\/#organization"},"potentialAction":[{"@type":"SearchAction","target":{"@type":"EntryPoint","urlTemplate":"https:\/\/booksfrommexico.com\/?s={search_term_string}"},"query-input":{"@type":"PropertyValueSpecification","valueRequired":true,"valueName":"search_term_string"}}],"inLanguage":"es"},{"@type":"Organization","@id":"https:\/\/booksfrommexico.com\/#organization","name":"Books From Mexico","url":"https:\/\/booksfrommexico.com\/","logo":{"@type":"ImageObject","inLanguage":"es","@id":"https:\/\/booksfrommexico.com\/#\/schema\/logo\/image\/","url":"https:\/\/booksfrommexico.com\/app\/uploads\/2023\/05\/logo-booksfrommexico.svg","contentUrl":"https:\/\/booksfrommexico.com\/app\/uploads\/2023\/05\/logo-booksfrommexico.svg","width":86,"height":56,"caption":"Books From Mexico"},"image":{"@id":"https:\/\/booksfrommexico.com\/#\/schema\/logo\/image\/"}}]}},"_links":{"self":[{"href":"https:\/\/booksfrommexico.com\/es\/wp-json\/wp\/v2\/product\/6267","targetHints":{"allow":["GET"]}}],"collection":[{"href":"https:\/\/booksfrommexico.com\/es\/wp-json\/wp\/v2\/product"}],"about":[{"href":"https:\/\/booksfrommexico.com\/es\/wp-json\/wp\/v2\/types\/product"}],"wp:featuredmedia":[{"embeddable":true,"href":"https:\/\/booksfrommexico.com\/es\/wp-json\/wp\/v2\/media\/6360"}],"wp:attachment":[{"href":"https:\/\/booksfrommexico.com\/es\/wp-json\/wp\/v2\/media?parent=6267"}],"wp:term":[{"taxonomy":"product_brand","embeddable":true,"href":"https:\/\/booksfrommexico.com\/es\/wp-json\/wp\/v2\/product_brand?post=6267"},{"taxonomy":"product_cat","embeddable":true,"href":"https:\/\/booksfrommexico.com\/es\/wp-json\/wp\/v2\/product_cat?post=6267"},{"taxonomy":"product_tag","embeddable":true,"href":"https:\/\/booksfrommexico.com\/es\/wp-json\/wp\/v2\/product_tag?post=6267"}],"curies":[{"name":"wp","href":"https:\/\/api.w.org\/{rel}","templated":true}]}}