{"id":6269,"date":"2024-05-15T20:24:27","date_gmt":"2024-05-15T20:24:27","guid":{"rendered":"https:\/\/booksfrommexico.com\/product\/la-policia\/"},"modified":"2024-05-24T18:32:28","modified_gmt":"2024-05-24T18:32:28","slug":"la-policia","status":"publish","type":"product","link":"https:\/\/booksfrommexico.com\/es\/producto\/la-policia\/","title":{"rendered":"La polic\u00eda: Su funci\u00f3n desde la criminolog\u00eda, el derecho procesal penal y la criminal\u00edstica"},"content":{"rendered":"<p><span style=\"font-weight: 400;\">El objetivo estrat\u00e9gico de este t\u00edtulo es impulsar desde la academia conocimientos necesarios para el adecuado funcionamiento de las instituciones policiales, teniendo como objetivo secundario la difusi\u00f3n de contenidos que fortalecen la actividad policial en sus tareas multidisciplinarias. En esta obra se presenta un an\u00e1lisis sociol\u00f3gico en torno a la perspectiva de g\u00e9nero, a trav\u00e9s del cual recomienda la modificaci\u00f3n y transformaci\u00f3n de la capacitaci\u00f3n especializada en la polic\u00eda mexicana; adem\u00e1s, desde la teor\u00eda y la pr\u00e1ctica, delimita la radiograf\u00eda precisa en M\u00e9xico, sobre los avances y retrocesos de la funci\u00f3n policial a nivel federal.\u00a0<\/span><\/p>\n","protected":false},"excerpt":{"rendered":"<p>LA POLIC\u00cdA : SU FUNCI\u00d3N DESDE LA CRIMINOLOG\u00cdA, EL DERECHO PROCESAL PENAL Y LA CRIMINAL\u00cdSTICA<span style=\"font-weight: 400;\">. \/ Patricia Lucila Gonz\u00e1lez Rodr\u00edguez, Abel Gonz\u00e1lez Garc\u00eda, Germ\u00e1n Guill\u00e9n L\u00f3pez (coordinators). Ciudad de M\u00e9xico, M\u00e9xico : Universidad Nacional Aut\u00f3noma de M\u00e9xico , Secretar\u00eda de Desarrollo Institucional, Seminario Universitario Interdisciplinario sobre Seguridad Ciudadana, 2022. 176 pages : includes charts, tables, bibliography ; 23 cm. ISBN : 9786073071369. <\/span><\/p>\n","protected":false},"featured_media":6357,"template":"","meta":{"_acf_changed":false,"inline_featured_image":false},"product_brand":[],"product_cat":[3333],"product_tag":[3659,3837,4001],"class_list":{"0":"post-6269","1":"product","2":"type-product","3":"status-publish","4":"has-post-thumbnail","6":"product_cat-leyes-y-asuntos-juridicos","7":"product_tag-condiciones-sociales","8":"product_tag-derechos-humanos","9":"product_tag-leyes","11":"first","12":"instock","13":"taxable","14":"shipping-taxable","15":"purchasable","16":"product-type-simple"},"acf":[],"yoast_head":"<!-- This site is optimized with the Yoast SEO plugin v27.3 - https:\/\/yoast.com\/product\/yoast-seo-wordpress\/ -->\n<title>La polic\u00eda: Su funci\u00f3n desde...<\/title>\n<meta name=\"description\" content=\"LA POLIC\u00cdA : SU FUNCI\u00d3N DESDE LA CRIMINOLOG\u00cdA, EL DERECHO PROCESAL PENAL Y LA CRIMINAL\u00cdSTICA. \/ Gonz\u00e1lez Rodr\u00edguez, Gonz\u00e1lez Garc\u00eda, Guill\u00e9n L\u00f3pez.\" \/>\n<meta name=\"robots\" content=\"index, follow, max-snippet:-1, max-image-preview:large, max-video-preview:-1\" \/>\n<link rel=\"canonical\" href=\"https:\/\/booksfrommexico.com\/es\/producto\/la-policia\/\" \/>\n<meta property=\"og:locale\" content=\"es_ES\" \/>\n<meta property=\"og:type\" content=\"article\" \/>\n<meta property=\"og:title\" content=\"La polic\u00eda: Su funci\u00f3n desde...\" \/>\n<meta property=\"og:description\" content=\"LA POLIC\u00cdA : SU FUNCI\u00d3N DESDE LA CRIMINOLOG\u00cdA, EL DERECHO PROCESAL PENAL Y LA CRIMINAL\u00cdSTICA. \/ Gonz\u00e1lez Rodr\u00edguez, Gonz\u00e1lez Garc\u00eda, Guill\u00e9n L\u00f3pez.\" \/>\n<meta property=\"og:url\" content=\"https:\/\/booksfrommexico.com\/es\/producto\/la-policia\/\" \/>\n<meta property=\"og:site_name\" content=\"Books From Mexico\" \/>\n<meta property=\"article:modified_time\" content=\"2024-05-24T18:32:28+00:00\" \/>\n<meta property=\"og:image\" content=\"http:\/\/booksfrommexico.com\/app\/uploads\/2024\/05\/201405.jpeg\" \/>\n\t<meta property=\"og:image:width\" content=\"488\" \/>\n\t<meta property=\"og:image:height\" content=\"666\" \/>\n\t<meta property=\"og:image:type\" content=\"image\/jpeg\" \/>\n<meta name=\"twitter:card\" content=\"summary_large_image\" \/>\n<meta name=\"twitter:label1\" content=\"Tiempo de lectura\" \/>\n\t<meta name=\"twitter:data1\" content=\"1 minuto\" \/>\n<script type=\"application\/ld+json\" class=\"yoast-schema-graph\">{\"@context\":\"https:\\\/\\\/schema.org\",\"@graph\":[{\"@type\":\"WebPage\",\"@id\":\"https:\\\/\\\/booksfrommexico.com\\\/es\\\/producto\\\/la-policia\\\/\",\"url\":\"https:\\\/\\\/booksfrommexico.com\\\/es\\\/producto\\\/la-policia\\\/\",\"name\":\"La polic\u00eda: Su funci\u00f3n desde...\",\"isPartOf\":{\"@id\":\"https:\\\/\\\/booksfrommexico.com\\\/#website\"},\"primaryImageOfPage\":{\"@id\":\"https:\\\/\\\/booksfrommexico.com\\\/es\\\/producto\\\/la-policia\\\/#primaryimage\"},\"image\":{\"@id\":\"https:\\\/\\\/booksfrommexico.com\\\/es\\\/producto\\\/la-policia\\\/#primaryimage\"},\"thumbnailUrl\":\"https:\\\/\\\/booksfrommexico.com\\\/app\\\/uploads\\\/2024\\\/05\\\/201405.jpeg\",\"datePublished\":\"2024-05-15T20:24:27+00:00\",\"dateModified\":\"2024-05-24T18:32:28+00:00\",\"description\":\"LA POLIC\u00cdA : SU FUNCI\u00d3N DESDE LA CRIMINOLOG\u00cdA, EL DERECHO PROCESAL PENAL Y LA CRIMINAL\u00cdSTICA. \\\/ Gonz\u00e1lez Rodr\u00edguez, Gonz\u00e1lez Garc\u00eda, Guill\u00e9n L\u00f3pez.\",\"breadcrumb\":{\"@id\":\"https:\\\/\\\/booksfrommexico.com\\\/es\\\/producto\\\/la-policia\\\/#breadcrumb\"},\"inLanguage\":\"es\",\"potentialAction\":[{\"@type\":\"ReadAction\",\"target\":[\"https:\\\/\\\/booksfrommexico.com\\\/es\\\/producto\\\/la-policia\\\/\"]}]},{\"@type\":\"ImageObject\",\"inLanguage\":\"es\",\"@id\":\"https:\\\/\\\/booksfrommexico.com\\\/es\\\/producto\\\/la-policia\\\/#primaryimage\",\"url\":\"https:\\\/\\\/booksfrommexico.com\\\/app\\\/uploads\\\/2024\\\/05\\\/201405.jpeg\",\"contentUrl\":\"https:\\\/\\\/booksfrommexico.com\\\/app\\\/uploads\\\/2024\\\/05\\\/201405.jpeg\",\"width\":488,\"height\":666,\"caption\":\"La polic\u00eda\"},{\"@type\":\"BreadcrumbList\",\"@id\":\"https:\\\/\\\/booksfrommexico.com\\\/es\\\/producto\\\/la-policia\\\/#breadcrumb\",\"itemListElement\":[{\"@type\":\"ListItem\",\"position\":1,\"name\":\"Home\",\"item\":\"https:\\\/\\\/booksfrommexico.com\\\/es\\\/\"},{\"@type\":\"ListItem\",\"position\":2,\"name\":\"Libros\",\"item\":\"https:\\\/\\\/booksfrommexico.com\\\/es\\\/libros\\\/\"},{\"@type\":\"ListItem\",\"position\":3,\"name\":\"La polic\u00eda: Su funci\u00f3n desde la criminolog\u00eda, el derecho procesal penal y la criminal\u00edstica\"}]},{\"@type\":\"WebSite\",\"@id\":\"https:\\\/\\\/booksfrommexico.com\\\/#website\",\"url\":\"https:\\\/\\\/booksfrommexico.com\\\/\",\"name\":\"Books From Mexico\",\"description\":\"\",\"publisher\":{\"@id\":\"https:\\\/\\\/booksfrommexico.com\\\/#organization\"},\"potentialAction\":[{\"@type\":\"SearchAction\",\"target\":{\"@type\":\"EntryPoint\",\"urlTemplate\":\"https:\\\/\\\/booksfrommexico.com\\\/?s={search_term_string}\"},\"query-input\":{\"@type\":\"PropertyValueSpecification\",\"valueRequired\":true,\"valueName\":\"search_term_string\"}}],\"inLanguage\":\"es\"},{\"@type\":\"Organization\",\"@id\":\"https:\\\/\\\/booksfrommexico.com\\\/#organization\",\"name\":\"Books From Mexico\",\"url\":\"https:\\\/\\\/booksfrommexico.com\\\/\",\"logo\":{\"@type\":\"ImageObject\",\"inLanguage\":\"es\",\"@id\":\"https:\\\/\\\/booksfrommexico.com\\\/#\\\/schema\\\/logo\\\/image\\\/\",\"url\":\"https:\\\/\\\/booksfrommexico.com\\\/app\\\/uploads\\\/2023\\\/05\\\/logo-booksfrommexico.svg\",\"contentUrl\":\"https:\\\/\\\/booksfrommexico.com\\\/app\\\/uploads\\\/2023\\\/05\\\/logo-booksfrommexico.svg\",\"width\":86,\"height\":56,\"caption\":\"Books From Mexico\"},\"image\":{\"@id\":\"https:\\\/\\\/booksfrommexico.com\\\/#\\\/schema\\\/logo\\\/image\\\/\"}}]}<\/script>\n<!-- \/ Yoast SEO plugin. -->","yoast_head_json":{"title":"La polic\u00eda: Su funci\u00f3n desde...","description":"LA POLIC\u00cdA : SU FUNCI\u00d3N DESDE LA CRIMINOLOG\u00cdA, EL DERECHO PROCESAL PENAL Y LA CRIMINAL\u00cdSTICA. \/ Gonz\u00e1lez Rodr\u00edguez, Gonz\u00e1lez Garc\u00eda, Guill\u00e9n L\u00f3pez.","robots":{"index":"index","follow":"follow","max-snippet":"max-snippet:-1","max-image-preview":"max-image-preview:large","max-video-preview":"max-video-preview:-1"},"canonical":"https:\/\/booksfrommexico.com\/es\/producto\/la-policia\/","og_locale":"es_ES","og_type":"article","og_title":"La polic\u00eda: Su funci\u00f3n desde...","og_description":"LA POLIC\u00cdA : SU FUNCI\u00d3N DESDE LA CRIMINOLOG\u00cdA, EL DERECHO PROCESAL PENAL Y LA CRIMINAL\u00cdSTICA. \/ Gonz\u00e1lez Rodr\u00edguez, Gonz\u00e1lez Garc\u00eda, Guill\u00e9n L\u00f3pez.","og_url":"https:\/\/booksfrommexico.com\/es\/producto\/la-policia\/","og_site_name":"Books From Mexico","article_modified_time":"2024-05-24T18:32:28+00:00","og_image":[{"width":488,"height":666,"url":"http:\/\/booksfrommexico.com\/app\/uploads\/2024\/05\/201405.jpeg","type":"image\/jpeg"}],"twitter_card":"summary_large_image","twitter_misc":{"Tiempo de lectura":"1 minuto"},"schema":{"@context":"https:\/\/schema.org","@graph":[{"@type":"WebPage","@id":"https:\/\/booksfrommexico.com\/es\/producto\/la-policia\/","url":"https:\/\/booksfrommexico.com\/es\/producto\/la-policia\/","name":"La polic\u00eda: Su funci\u00f3n desde...","isPartOf":{"@id":"https:\/\/booksfrommexico.com\/#website"},"primaryImageOfPage":{"@id":"https:\/\/booksfrommexico.com\/es\/producto\/la-policia\/#primaryimage"},"image":{"@id":"https:\/\/booksfrommexico.com\/es\/producto\/la-policia\/#primaryimage"},"thumbnailUrl":"https:\/\/booksfrommexico.com\/app\/uploads\/2024\/05\/201405.jpeg","datePublished":"2024-05-15T20:24:27+00:00","dateModified":"2024-05-24T18:32:28+00:00","description":"LA POLIC\u00cdA : SU FUNCI\u00d3N DESDE LA CRIMINOLOG\u00cdA, EL DERECHO PROCESAL PENAL Y LA CRIMINAL\u00cdSTICA. \/ Gonz\u00e1lez Rodr\u00edguez, Gonz\u00e1lez Garc\u00eda, Guill\u00e9n L\u00f3pez.","breadcrumb":{"@id":"https:\/\/booksfrommexico.com\/es\/producto\/la-policia\/#breadcrumb"},"inLanguage":"es","potentialAction":[{"@type":"ReadAction","target":["https:\/\/booksfrommexico.com\/es\/producto\/la-policia\/"]}]},{"@type":"ImageObject","inLanguage":"es","@id":"https:\/\/booksfrommexico.com\/es\/producto\/la-policia\/#primaryimage","url":"https:\/\/booksfrommexico.com\/app\/uploads\/2024\/05\/201405.jpeg","contentUrl":"https:\/\/booksfrommexico.com\/app\/uploads\/2024\/05\/201405.jpeg","width":488,"height":666,"caption":"La polic\u00eda"},{"@type":"BreadcrumbList","@id":"https:\/\/booksfrommexico.com\/es\/producto\/la-policia\/#breadcrumb","itemListElement":[{"@type":"ListItem","position":1,"name":"Home","item":"https:\/\/booksfrommexico.com\/es\/"},{"@type":"ListItem","position":2,"name":"Libros","item":"https:\/\/booksfrommexico.com\/es\/libros\/"},{"@type":"ListItem","position":3,"name":"La polic\u00eda: Su funci\u00f3n desde la criminolog\u00eda, el derecho procesal penal y la criminal\u00edstica"}]},{"@type":"WebSite","@id":"https:\/\/booksfrommexico.com\/#website","url":"https:\/\/booksfrommexico.com\/","name":"Books From Mexico","description":"","publisher":{"@id":"https:\/\/booksfrommexico.com\/#organization"},"potentialAction":[{"@type":"SearchAction","target":{"@type":"EntryPoint","urlTemplate":"https:\/\/booksfrommexico.com\/?s={search_term_string}"},"query-input":{"@type":"PropertyValueSpecification","valueRequired":true,"valueName":"search_term_string"}}],"inLanguage":"es"},{"@type":"Organization","@id":"https:\/\/booksfrommexico.com\/#organization","name":"Books From Mexico","url":"https:\/\/booksfrommexico.com\/","logo":{"@type":"ImageObject","inLanguage":"es","@id":"https:\/\/booksfrommexico.com\/#\/schema\/logo\/image\/","url":"https:\/\/booksfrommexico.com\/app\/uploads\/2023\/05\/logo-booksfrommexico.svg","contentUrl":"https:\/\/booksfrommexico.com\/app\/uploads\/2023\/05\/logo-booksfrommexico.svg","width":86,"height":56,"caption":"Books From Mexico"},"image":{"@id":"https:\/\/booksfrommexico.com\/#\/schema\/logo\/image\/"}}]}},"_links":{"self":[{"href":"https:\/\/booksfrommexico.com\/es\/wp-json\/wp\/v2\/product\/6269","targetHints":{"allow":["GET"]}}],"collection":[{"href":"https:\/\/booksfrommexico.com\/es\/wp-json\/wp\/v2\/product"}],"about":[{"href":"https:\/\/booksfrommexico.com\/es\/wp-json\/wp\/v2\/types\/product"}],"wp:featuredmedia":[{"embeddable":true,"href":"https:\/\/booksfrommexico.com\/es\/wp-json\/wp\/v2\/media\/6357"}],"wp:attachment":[{"href":"https:\/\/booksfrommexico.com\/es\/wp-json\/wp\/v2\/media?parent=6269"}],"wp:term":[{"taxonomy":"product_brand","embeddable":true,"href":"https:\/\/booksfrommexico.com\/es\/wp-json\/wp\/v2\/product_brand?post=6269"},{"taxonomy":"product_cat","embeddable":true,"href":"https:\/\/booksfrommexico.com\/es\/wp-json\/wp\/v2\/product_cat?post=6269"},{"taxonomy":"product_tag","embeddable":true,"href":"https:\/\/booksfrommexico.com\/es\/wp-json\/wp\/v2\/product_tag?post=6269"}],"curies":[{"name":"wp","href":"https:\/\/api.w.org\/{rel}","templated":true}]}}