{"id":6270,"date":"2024-05-15T20:24:27","date_gmt":"2024-05-15T20:24:27","guid":{"rendered":"https:\/\/booksfrommexico.com\/product\/la-medicina-maya\/"},"modified":"2024-05-23T23:20:07","modified_gmt":"2024-05-23T23:20:07","slug":"la-medicina-maya","status":"publish","type":"product","link":"https:\/\/booksfrommexico.com\/es\/producto\/la-medicina-maya\/","title":{"rendered":"La medicina maya: Pasado y presente"},"content":{"rendered":"<p><span style=\"font-weight: 400;\">Este t\u00edtulo se trata de un folleto dividido en 11 secciones, que forma parte de un proyecto en conjunto con la Organizaci\u00f3n de M\u00e9dicos Ind\u00edgenas del Estado de Chiapas y a la Organizaci\u00f3n de Terapeutas Ind\u00edgenas Tzeltales. Estas l\u00e1minas ilustradas a color representan c\u00f3mo era la medicina entre los mayas antes de la llegada de los espa\u00f1oles y c\u00f3mo los mayas de los Altos de Chiapas (que as\u00ed se identifican los terapeutas de OMIECH y ODETIT) entienden, viven y practican la medicina que dio el indigenismo integracionista a la medicina ind\u00edgena hasta mediados de la d\u00e9cada de los setenta. Esta edici\u00f3n es espa\u00f1ol-tzotzil-tzetzal y fue traducida con el apoyo del <\/span><i><span style=\"font-weight: 400;\">Taller Sna Jtzi\u2019bajom<\/span><\/i><span style=\"font-weight: 400;\">. <\/span><\/p>\n","protected":false},"excerpt":{"rendered":"<p>LA MEDICINA MAYA : PASADO Y PRESENTE<span style=\"font-weight: 400;\">. \/ Jaime T. Page Pliego, Alberto Velasco O.. Second edition. San Crist\u00f3bal de Las Casas, Chiapas, M\u00e9xico : Organizaci\u00f3n de M\u00e9dicos Ind\u00edgenas del Estado de Chiapas , 2009. 11 cards : includes color illustrations ; 22 cm.<\/span><\/p>\n","protected":false},"featured_media":6392,"template":"","meta":{"_acf_changed":false,"inline_featured_image":false},"product_brand":[],"product_cat":[1045],"product_tag":[3781,4333,3940,3769],"class_list":{"0":"post-6270","1":"product","2":"type-product","3":"status-publish","4":"has-post-thumbnail","6":"product_cat-medicina-tradicional","7":"product_tag-cultura-maya","8":"product_tag-mayas","9":"product_tag-medicina-tradicional","10":"product_tag-obras-ilustradas","12":"first","13":"instock","14":"taxable","15":"shipping-taxable","16":"purchasable","17":"product-type-simple"},"acf":[],"yoast_head":"<!-- This site is optimized with the Yoast SEO plugin v27.5 - https:\/\/yoast.com\/product\/yoast-seo-wordpress\/ -->\n<title>La medicina maya: Pasado y presente<\/title>\n<meta name=\"description\" content=\"LA MEDICINA MAYA : PASADO Y PRESENTE. \/ Jaime T. Page Pliego, Alberto Velasco O.. Second edition. rganizaci\u00f3n de M\u00e9dicos Ind\u00edgenas del Estado de Chiapas.\" \/>\n<meta name=\"robots\" content=\"index, follow, max-snippet:-1, max-image-preview:large, max-video-preview:-1\" \/>\n<link rel=\"canonical\" href=\"https:\/\/booksfrommexico.com\/es\/producto\/la-medicina-maya\/\" \/>\n<meta property=\"og:locale\" content=\"es_ES\" \/>\n<meta property=\"og:type\" content=\"article\" \/>\n<meta property=\"og:title\" content=\"La medicina maya: Pasado y presente\" \/>\n<meta property=\"og:description\" content=\"LA MEDICINA MAYA : PASADO Y PRESENTE. \/ Jaime T. Page Pliego, Alberto Velasco O.. Second edition. rganizaci\u00f3n de M\u00e9dicos Ind\u00edgenas del Estado de Chiapas.\" \/>\n<meta property=\"og:url\" content=\"https:\/\/booksfrommexico.com\/es\/producto\/la-medicina-maya\/\" \/>\n<meta property=\"og:site_name\" content=\"Books From Mexico\" \/>\n<meta property=\"article:modified_time\" content=\"2024-05-23T23:20:07+00:00\" \/>\n<meta property=\"og:image\" content=\"http:\/\/booksfrommexico.com\/app\/uploads\/2024\/05\/201787.jpeg\" \/>\n\t<meta property=\"og:image:width\" content=\"545\" \/>\n\t<meta property=\"og:image:height\" content=\"848\" \/>\n\t<meta property=\"og:image:type\" content=\"image\/jpeg\" \/>\n<meta name=\"twitter:card\" content=\"summary_large_image\" \/>\n<meta name=\"twitter:label1\" content=\"Tiempo de lectura\" \/>\n\t<meta name=\"twitter:data1\" content=\"1 minuto\" \/>\n<script type=\"application\/ld+json\" class=\"yoast-schema-graph\">{\"@context\":\"https:\\\/\\\/schema.org\",\"@graph\":[{\"@type\":\"WebPage\",\"@id\":\"https:\\\/\\\/booksfrommexico.com\\\/es\\\/producto\\\/la-medicina-maya\\\/\",\"url\":\"https:\\\/\\\/booksfrommexico.com\\\/es\\\/producto\\\/la-medicina-maya\\\/\",\"name\":\"La medicina maya: Pasado y presente\",\"isPartOf\":{\"@id\":\"https:\\\/\\\/booksfrommexico.com\\\/#website\"},\"primaryImageOfPage\":{\"@id\":\"https:\\\/\\\/booksfrommexico.com\\\/es\\\/producto\\\/la-medicina-maya\\\/#primaryimage\"},\"image\":{\"@id\":\"https:\\\/\\\/booksfrommexico.com\\\/es\\\/producto\\\/la-medicina-maya\\\/#primaryimage\"},\"thumbnailUrl\":\"https:\\\/\\\/booksfrommexico.com\\\/app\\\/uploads\\\/2024\\\/05\\\/201787.jpeg\",\"datePublished\":\"2024-05-15T20:24:27+00:00\",\"dateModified\":\"2024-05-23T23:20:07+00:00\",\"description\":\"LA MEDICINA MAYA : PASADO Y PRESENTE. \\\/ Jaime T. Page Pliego, Alberto Velasco O.. Second edition. rganizaci\u00f3n de M\u00e9dicos Ind\u00edgenas del Estado de Chiapas.\",\"breadcrumb\":{\"@id\":\"https:\\\/\\\/booksfrommexico.com\\\/es\\\/producto\\\/la-medicina-maya\\\/#breadcrumb\"},\"inLanguage\":\"es\",\"potentialAction\":[{\"@type\":\"ReadAction\",\"target\":[\"https:\\\/\\\/booksfrommexico.com\\\/es\\\/producto\\\/la-medicina-maya\\\/\"]}]},{\"@type\":\"ImageObject\",\"inLanguage\":\"es\",\"@id\":\"https:\\\/\\\/booksfrommexico.com\\\/es\\\/producto\\\/la-medicina-maya\\\/#primaryimage\",\"url\":\"https:\\\/\\\/booksfrommexico.com\\\/app\\\/uploads\\\/2024\\\/05\\\/201787.jpeg\",\"contentUrl\":\"https:\\\/\\\/booksfrommexico.com\\\/app\\\/uploads\\\/2024\\\/05\\\/201787.jpeg\",\"width\":545,\"height\":848,\"caption\":\"La medicina maya\"},{\"@type\":\"BreadcrumbList\",\"@id\":\"https:\\\/\\\/booksfrommexico.com\\\/es\\\/producto\\\/la-medicina-maya\\\/#breadcrumb\",\"itemListElement\":[{\"@type\":\"ListItem\",\"position\":1,\"name\":\"Home\",\"item\":\"https:\\\/\\\/booksfrommexico.com\\\/es\\\/\"},{\"@type\":\"ListItem\",\"position\":2,\"name\":\"Libros\",\"item\":\"https:\\\/\\\/booksfrommexico.com\\\/es\\\/libros\\\/\"},{\"@type\":\"ListItem\",\"position\":3,\"name\":\"La medicina maya: Pasado y presente\"}]},{\"@type\":\"WebSite\",\"@id\":\"https:\\\/\\\/booksfrommexico.com\\\/#website\",\"url\":\"https:\\\/\\\/booksfrommexico.com\\\/\",\"name\":\"Books From Mexico\",\"description\":\"\",\"publisher\":{\"@id\":\"https:\\\/\\\/booksfrommexico.com\\\/#organization\"},\"potentialAction\":[{\"@type\":\"SearchAction\",\"target\":{\"@type\":\"EntryPoint\",\"urlTemplate\":\"https:\\\/\\\/booksfrommexico.com\\\/?s={search_term_string}\"},\"query-input\":{\"@type\":\"PropertyValueSpecification\",\"valueRequired\":true,\"valueName\":\"search_term_string\"}}],\"inLanguage\":\"es\"},{\"@type\":\"Organization\",\"@id\":\"https:\\\/\\\/booksfrommexico.com\\\/#organization\",\"name\":\"Books From Mexico\",\"url\":\"https:\\\/\\\/booksfrommexico.com\\\/\",\"logo\":{\"@type\":\"ImageObject\",\"inLanguage\":\"es\",\"@id\":\"https:\\\/\\\/booksfrommexico.com\\\/#\\\/schema\\\/logo\\\/image\\\/\",\"url\":\"https:\\\/\\\/booksfrommexico.com\\\/app\\\/uploads\\\/2023\\\/05\\\/logo-booksfrommexico.svg\",\"contentUrl\":\"https:\\\/\\\/booksfrommexico.com\\\/app\\\/uploads\\\/2023\\\/05\\\/logo-booksfrommexico.svg\",\"width\":86,\"height\":56,\"caption\":\"Books From Mexico\"},\"image\":{\"@id\":\"https:\\\/\\\/booksfrommexico.com\\\/#\\\/schema\\\/logo\\\/image\\\/\"}}]}<\/script>\n<!-- \/ Yoast SEO plugin. -->","yoast_head_json":{"title":"La medicina maya: Pasado y presente","description":"LA MEDICINA MAYA : PASADO Y PRESENTE. \/ Jaime T. Page Pliego, Alberto Velasco O.. Second edition. rganizaci\u00f3n de M\u00e9dicos Ind\u00edgenas del Estado de Chiapas.","robots":{"index":"index","follow":"follow","max-snippet":"max-snippet:-1","max-image-preview":"max-image-preview:large","max-video-preview":"max-video-preview:-1"},"canonical":"https:\/\/booksfrommexico.com\/es\/producto\/la-medicina-maya\/","og_locale":"es_ES","og_type":"article","og_title":"La medicina maya: Pasado y presente","og_description":"LA MEDICINA MAYA : PASADO Y PRESENTE. \/ Jaime T. Page Pliego, Alberto Velasco O.. Second edition. rganizaci\u00f3n de M\u00e9dicos Ind\u00edgenas del Estado de Chiapas.","og_url":"https:\/\/booksfrommexico.com\/es\/producto\/la-medicina-maya\/","og_site_name":"Books From Mexico","article_modified_time":"2024-05-23T23:20:07+00:00","og_image":[{"width":545,"height":848,"url":"http:\/\/booksfrommexico.com\/app\/uploads\/2024\/05\/201787.jpeg","type":"image\/jpeg"}],"twitter_card":"summary_large_image","twitter_misc":{"Tiempo de lectura":"1 minuto"},"schema":{"@context":"https:\/\/schema.org","@graph":[{"@type":"WebPage","@id":"https:\/\/booksfrommexico.com\/es\/producto\/la-medicina-maya\/","url":"https:\/\/booksfrommexico.com\/es\/producto\/la-medicina-maya\/","name":"La medicina maya: Pasado y presente","isPartOf":{"@id":"https:\/\/booksfrommexico.com\/#website"},"primaryImageOfPage":{"@id":"https:\/\/booksfrommexico.com\/es\/producto\/la-medicina-maya\/#primaryimage"},"image":{"@id":"https:\/\/booksfrommexico.com\/es\/producto\/la-medicina-maya\/#primaryimage"},"thumbnailUrl":"https:\/\/booksfrommexico.com\/app\/uploads\/2024\/05\/201787.jpeg","datePublished":"2024-05-15T20:24:27+00:00","dateModified":"2024-05-23T23:20:07+00:00","description":"LA MEDICINA MAYA : PASADO Y PRESENTE. \/ Jaime T. Page Pliego, Alberto Velasco O.. Second edition. rganizaci\u00f3n de M\u00e9dicos Ind\u00edgenas del Estado de Chiapas.","breadcrumb":{"@id":"https:\/\/booksfrommexico.com\/es\/producto\/la-medicina-maya\/#breadcrumb"},"inLanguage":"es","potentialAction":[{"@type":"ReadAction","target":["https:\/\/booksfrommexico.com\/es\/producto\/la-medicina-maya\/"]}]},{"@type":"ImageObject","inLanguage":"es","@id":"https:\/\/booksfrommexico.com\/es\/producto\/la-medicina-maya\/#primaryimage","url":"https:\/\/booksfrommexico.com\/app\/uploads\/2024\/05\/201787.jpeg","contentUrl":"https:\/\/booksfrommexico.com\/app\/uploads\/2024\/05\/201787.jpeg","width":545,"height":848,"caption":"La medicina maya"},{"@type":"BreadcrumbList","@id":"https:\/\/booksfrommexico.com\/es\/producto\/la-medicina-maya\/#breadcrumb","itemListElement":[{"@type":"ListItem","position":1,"name":"Home","item":"https:\/\/booksfrommexico.com\/es\/"},{"@type":"ListItem","position":2,"name":"Libros","item":"https:\/\/booksfrommexico.com\/es\/libros\/"},{"@type":"ListItem","position":3,"name":"La medicina maya: Pasado y presente"}]},{"@type":"WebSite","@id":"https:\/\/booksfrommexico.com\/#website","url":"https:\/\/booksfrommexico.com\/","name":"Books From Mexico","description":"","publisher":{"@id":"https:\/\/booksfrommexico.com\/#organization"},"potentialAction":[{"@type":"SearchAction","target":{"@type":"EntryPoint","urlTemplate":"https:\/\/booksfrommexico.com\/?s={search_term_string}"},"query-input":{"@type":"PropertyValueSpecification","valueRequired":true,"valueName":"search_term_string"}}],"inLanguage":"es"},{"@type":"Organization","@id":"https:\/\/booksfrommexico.com\/#organization","name":"Books From Mexico","url":"https:\/\/booksfrommexico.com\/","logo":{"@type":"ImageObject","inLanguage":"es","@id":"https:\/\/booksfrommexico.com\/#\/schema\/logo\/image\/","url":"https:\/\/booksfrommexico.com\/app\/uploads\/2023\/05\/logo-booksfrommexico.svg","contentUrl":"https:\/\/booksfrommexico.com\/app\/uploads\/2023\/05\/logo-booksfrommexico.svg","width":86,"height":56,"caption":"Books From Mexico"},"image":{"@id":"https:\/\/booksfrommexico.com\/#\/schema\/logo\/image\/"}}]}},"_links":{"self":[{"href":"https:\/\/booksfrommexico.com\/es\/wp-json\/wp\/v2\/product\/6270","targetHints":{"allow":["GET"]}}],"collection":[{"href":"https:\/\/booksfrommexico.com\/es\/wp-json\/wp\/v2\/product"}],"about":[{"href":"https:\/\/booksfrommexico.com\/es\/wp-json\/wp\/v2\/types\/product"}],"wp:featuredmedia":[{"embeddable":true,"href":"https:\/\/booksfrommexico.com\/es\/wp-json\/wp\/v2\/media\/6392"}],"wp:attachment":[{"href":"https:\/\/booksfrommexico.com\/es\/wp-json\/wp\/v2\/media?parent=6270"}],"wp:term":[{"taxonomy":"product_brand","embeddable":true,"href":"https:\/\/booksfrommexico.com\/es\/wp-json\/wp\/v2\/product_brand?post=6270"},{"taxonomy":"product_cat","embeddable":true,"href":"https:\/\/booksfrommexico.com\/es\/wp-json\/wp\/v2\/product_cat?post=6270"},{"taxonomy":"product_tag","embeddable":true,"href":"https:\/\/booksfrommexico.com\/es\/wp-json\/wp\/v2\/product_tag?post=6270"}],"curies":[{"name":"wp","href":"https:\/\/api.w.org\/{rel}","templated":true}]}}