{"id":6271,"date":"2024-05-15T20:24:27","date_gmt":"2024-05-15T20:24:27","guid":{"rendered":"https:\/\/booksfrommexico.com\/product\/la-villa-de-los-vegetales-y-otros-visitantes\/"},"modified":"2024-05-28T21:19:04","modified_gmt":"2024-05-28T21:19:04","slug":"la-villa-de-los-vegetales-y-otros-visitantes","status":"publish","type":"product","link":"https:\/\/booksfrommexico.com\/es\/producto\/la-villa-de-los-vegetales-y-otros-visitantes\/","title":{"rendered":"La villa de los vegetales y otros visitantes: Uts&#8217;a \u00fan&#8217;e ki k\u00edt aki \u00fats&#8217;a ndi t\u00edt\u00e1 chicch&#8217;e \u00e9nzer"},"content":{"rendered":"<p><span id=\"docs-internal-guid-e27e0973-7fff-38d7-f9c8-ed4aedec19c8\" style=\"caret-color: #000000; color: #000000;\"><span style=\"font-size: 11pt; font-family: Calibri, sans-serif; font-variant-ligatures: normal; font-variant-alternates: normal; font-variant-numeric: normal; font-variant-east-asian: normal; font-variant-position: normal; vertical-align: baseline; white-space: pre-wrap;\">Esta narraci\u00f3n sigue el viaje de tres hermanos que llegan a un lugar llamado <\/span><span style=\"font-size: 11pt; font-family: Calibri, sans-serif; font-style: italic; font-variant-ligatures: normal; font-variant-alternates: normal; font-variant-numeric: normal; font-variant-east-asian: normal; font-variant-position: normal; vertical-align: baseline; white-space: pre-wrap;\">La Villa de los Vegetales<\/span><span style=\"font-size: 11pt; font-family: Calibri, sans-serif; font-variant-ligatures: normal; font-variant-alternates: normal; font-variant-numeric: normal; font-variant-east-asian: normal; font-variant-position: normal; vertical-align: baseline; white-space: pre-wrap;\">, donde conocen a una serie de coloridos y amables personajes, que los guiar\u00e1n a lo largo de su traves\u00eda, dej\u00e1ndoles diversas ense\u00f1anzas. Este texto ilustrado propone una narrativa que incluye adivinanzas, recetas y juegos, volvi\u00e9ndose as\u00ed din\u00e1mico y divertido. La intenci\u00f3n del autor no es s\u00f3lo contar una historia, sino mostrar el valor de los comestibles por s\u00ed mismos, as\u00ed como incentivar a llevar una vida con conciencia sobre los alimentos y c\u00f3mo los consumimos. Esta se trata de una edici\u00f3n multiling\u00fce espa\u00f1ol-uz\u00e1-ingl\u00e9s. <\/span><\/span><\/p>\n","protected":false},"excerpt":{"rendered":"<p>LA VILLA DE LOS VEGETALES Y OTROS VISITANTES : \u00daTS&#8217;A \u00daN&#8217;E KI K\u00cdT&#8217; AKI \u00daTS&#8217;A NDI T\u00cdT\u00c1 CH\u00cdCCH&#8217;E \u00c9NZER : THE VEGETABLES VILLAGE AND OTHER VISITORS<span style=\"font-weight: 400;\">. \/ Salvador De la Tejera Alcalde. Guanajuato, M\u00e9xico : Gobierno del Estado de Guanajuato , Museo Iconogr\u00e1fico del Quijote ; Marga GTO Guanajuato ; Centro de Estudios Cervantinos, A.C. ; Fundaci\u00f3n Cervantina de M\u00e9xico, A.C. , 2023. 69 pages : includes color illustrations ; 24 cm. ISBN : 9786078687183.\u200b\u200b<\/span><\/p>\n","protected":false},"featured_media":6389,"template":"","meta":{"_acf_changed":false,"inline_featured_image":false},"product_brand":[],"product_cat":[3205,37],"product_tag":[4127,4232,3769],"class_list":{"0":"post-6271","1":"product","2":"type-product","3":"status-publish","4":"has-post-thumbnail","6":"product_cat-alimentos-bebidas","7":"product_cat-cuento-literatura","8":"product_tag-cuento","9":"product_tag-literatura-infantil-y-juvenil","10":"product_tag-obras-ilustradas","12":"first","13":"instock","14":"taxable","15":"shipping-taxable","16":"purchasable","17":"product-type-simple"},"acf":[],"yoast_head":"<!-- This site is optimized with the Yoast SEO plugin v27.2 - https:\/\/yoast.com\/product\/yoast-seo-wordpress\/ -->\n<title>La villa de los vegetales y otros visitantes<\/title>\n<meta name=\"description\" content=\"LA VILLA DE LOS VEGETALES Y OTROS VISITANTES : \u00daTS&#039;A \u00daN&#039;E KI K\u00cdT&#039; AKI \u00daTS&#039;A NDI T\u00cdT\u00c1 CH\u00cdCCH&#039;E \u00c9NZER : THE VEGETABLES VILLAGE AND OTHER VISITORS. \/\" \/>\n<meta name=\"robots\" content=\"index, follow, max-snippet:-1, max-image-preview:large, max-video-preview:-1\" \/>\n<link rel=\"canonical\" href=\"https:\/\/booksfrommexico.com\/es\/producto\/la-villa-de-los-vegetales-y-otros-visitantes\/\" \/>\n<meta property=\"og:locale\" content=\"es_ES\" \/>\n<meta property=\"og:type\" content=\"article\" \/>\n<meta property=\"og:title\" content=\"La villa de los vegetales y otros visitantes\" \/>\n<meta property=\"og:description\" content=\"LA VILLA DE LOS VEGETALES Y OTROS VISITANTES : \u00daTS&#039;A \u00daN&#039;E KI K\u00cdT&#039; AKI \u00daTS&#039;A NDI T\u00cdT\u00c1 CH\u00cdCCH&#039;E \u00c9NZER : THE VEGETABLES VILLAGE AND OTHER VISITORS. \/\" \/>\n<meta property=\"og:url\" content=\"https:\/\/booksfrommexico.com\/es\/producto\/la-villa-de-los-vegetales-y-otros-visitantes\/\" \/>\n<meta property=\"og:site_name\" content=\"Books From Mexico\" \/>\n<meta property=\"article:modified_time\" content=\"2024-05-28T21:19:04+00:00\" \/>\n<meta property=\"og:image\" content=\"http:\/\/booksfrommexico.com\/app\/uploads\/2024\/05\/201933.jpeg\" \/>\n\t<meta property=\"og:image:width\" content=\"848\" \/>\n\t<meta property=\"og:image:height\" content=\"1140\" \/>\n\t<meta property=\"og:image:type\" content=\"image\/jpeg\" \/>\n<meta name=\"twitter:card\" content=\"summary_large_image\" \/>\n<meta name=\"twitter:label1\" content=\"Tiempo de lectura\" \/>\n\t<meta name=\"twitter:data1\" content=\"1 minuto\" \/>\n<script type=\"application\/ld+json\" class=\"yoast-schema-graph\">{\"@context\":\"https:\/\/schema.org\",\"@graph\":[{\"@type\":\"WebPage\",\"@id\":\"https:\/\/booksfrommexico.com\/es\/producto\/la-villa-de-los-vegetales-y-otros-visitantes\/\",\"url\":\"https:\/\/booksfrommexico.com\/es\/producto\/la-villa-de-los-vegetales-y-otros-visitantes\/\",\"name\":\"La villa de los vegetales y otros visitantes\",\"isPartOf\":{\"@id\":\"https:\/\/booksfrommexico.com\/#website\"},\"primaryImageOfPage\":{\"@id\":\"https:\/\/booksfrommexico.com\/es\/producto\/la-villa-de-los-vegetales-y-otros-visitantes\/#primaryimage\"},\"image\":{\"@id\":\"https:\/\/booksfrommexico.com\/es\/producto\/la-villa-de-los-vegetales-y-otros-visitantes\/#primaryimage\"},\"thumbnailUrl\":\"https:\/\/booksfrommexico.com\/app\/uploads\/2024\/05\/201933.jpeg\",\"datePublished\":\"2024-05-15T20:24:27+00:00\",\"dateModified\":\"2024-05-28T21:19:04+00:00\",\"description\":\"LA VILLA DE LOS VEGETALES Y OTROS VISITANTES : \u00daTS'A \u00daN'E KI K\u00cdT' AKI \u00daTS'A NDI T\u00cdT\u00c1 CH\u00cdCCH'E \u00c9NZER : THE VEGETABLES VILLAGE AND OTHER VISITORS. \/\",\"breadcrumb\":{\"@id\":\"https:\/\/booksfrommexico.com\/es\/producto\/la-villa-de-los-vegetales-y-otros-visitantes\/#breadcrumb\"},\"inLanguage\":\"es\",\"potentialAction\":[{\"@type\":\"ReadAction\",\"target\":[\"https:\/\/booksfrommexico.com\/es\/producto\/la-villa-de-los-vegetales-y-otros-visitantes\/\"]}]},{\"@type\":\"ImageObject\",\"inLanguage\":\"es\",\"@id\":\"https:\/\/booksfrommexico.com\/es\/producto\/la-villa-de-los-vegetales-y-otros-visitantes\/#primaryimage\",\"url\":\"https:\/\/booksfrommexico.com\/app\/uploads\/2024\/05\/201933.jpeg\",\"contentUrl\":\"https:\/\/booksfrommexico.com\/app\/uploads\/2024\/05\/201933.jpeg\",\"width\":848,\"height\":1140,\"caption\":\"La villa de los vegetales y otros visitantes\"},{\"@type\":\"BreadcrumbList\",\"@id\":\"https:\/\/booksfrommexico.com\/es\/producto\/la-villa-de-los-vegetales-y-otros-visitantes\/#breadcrumb\",\"itemListElement\":[{\"@type\":\"ListItem\",\"position\":1,\"name\":\"Home\",\"item\":\"https:\/\/booksfrommexico.com\/es\/\"},{\"@type\":\"ListItem\",\"position\":2,\"name\":\"Libros\",\"item\":\"https:\/\/booksfrommexico.com\/es\/libros\/\"},{\"@type\":\"ListItem\",\"position\":3,\"name\":\"La villa de los vegetales y otros visitantes: Uts&#8217;a \u00fan&#8217;e ki k\u00edt aki \u00fats&#8217;a ndi t\u00edt\u00e1 chicch&#8217;e \u00e9nzer\"}]},{\"@type\":\"WebSite\",\"@id\":\"https:\/\/booksfrommexico.com\/#website\",\"url\":\"https:\/\/booksfrommexico.com\/\",\"name\":\"Books From Mexico\",\"description\":\"\",\"publisher\":{\"@id\":\"https:\/\/booksfrommexico.com\/#organization\"},\"potentialAction\":[{\"@type\":\"SearchAction\",\"target\":{\"@type\":\"EntryPoint\",\"urlTemplate\":\"https:\/\/booksfrommexico.com\/?s={search_term_string}\"},\"query-input\":{\"@type\":\"PropertyValueSpecification\",\"valueRequired\":true,\"valueName\":\"search_term_string\"}}],\"inLanguage\":\"es\"},{\"@type\":\"Organization\",\"@id\":\"https:\/\/booksfrommexico.com\/#organization\",\"name\":\"Books From Mexico\",\"url\":\"https:\/\/booksfrommexico.com\/\",\"logo\":{\"@type\":\"ImageObject\",\"inLanguage\":\"es\",\"@id\":\"https:\/\/booksfrommexico.com\/#\/schema\/logo\/image\/\",\"url\":\"https:\/\/booksfrommexico.com\/app\/uploads\/2023\/05\/logo-booksfrommexico.svg\",\"contentUrl\":\"https:\/\/booksfrommexico.com\/app\/uploads\/2023\/05\/logo-booksfrommexico.svg\",\"width\":86,\"height\":56,\"caption\":\"Books From Mexico\"},\"image\":{\"@id\":\"https:\/\/booksfrommexico.com\/#\/schema\/logo\/image\/\"}}]}<\/script>\n<!-- \/ Yoast SEO plugin. -->","yoast_head_json":{"title":"La villa de los vegetales y otros visitantes","description":"LA VILLA DE LOS VEGETALES Y OTROS VISITANTES : \u00daTS'A \u00daN'E KI K\u00cdT' AKI \u00daTS'A NDI T\u00cdT\u00c1 CH\u00cdCCH'E \u00c9NZER : THE VEGETABLES VILLAGE AND OTHER VISITORS. \/","robots":{"index":"index","follow":"follow","max-snippet":"max-snippet:-1","max-image-preview":"max-image-preview:large","max-video-preview":"max-video-preview:-1"},"canonical":"https:\/\/booksfrommexico.com\/es\/producto\/la-villa-de-los-vegetales-y-otros-visitantes\/","og_locale":"es_ES","og_type":"article","og_title":"La villa de los vegetales y otros visitantes","og_description":"LA VILLA DE LOS VEGETALES Y OTROS VISITANTES : \u00daTS'A \u00daN'E KI K\u00cdT' AKI \u00daTS'A NDI T\u00cdT\u00c1 CH\u00cdCCH'E \u00c9NZER : THE VEGETABLES VILLAGE AND OTHER VISITORS. \/","og_url":"https:\/\/booksfrommexico.com\/es\/producto\/la-villa-de-los-vegetales-y-otros-visitantes\/","og_site_name":"Books From Mexico","article_modified_time":"2024-05-28T21:19:04+00:00","og_image":[{"width":848,"height":1140,"url":"http:\/\/booksfrommexico.com\/app\/uploads\/2024\/05\/201933.jpeg","type":"image\/jpeg"}],"twitter_card":"summary_large_image","twitter_misc":{"Tiempo de lectura":"1 minuto"},"schema":{"@context":"https:\/\/schema.org","@graph":[{"@type":"WebPage","@id":"https:\/\/booksfrommexico.com\/es\/producto\/la-villa-de-los-vegetales-y-otros-visitantes\/","url":"https:\/\/booksfrommexico.com\/es\/producto\/la-villa-de-los-vegetales-y-otros-visitantes\/","name":"La villa de los vegetales y otros visitantes","isPartOf":{"@id":"https:\/\/booksfrommexico.com\/#website"},"primaryImageOfPage":{"@id":"https:\/\/booksfrommexico.com\/es\/producto\/la-villa-de-los-vegetales-y-otros-visitantes\/#primaryimage"},"image":{"@id":"https:\/\/booksfrommexico.com\/es\/producto\/la-villa-de-los-vegetales-y-otros-visitantes\/#primaryimage"},"thumbnailUrl":"https:\/\/booksfrommexico.com\/app\/uploads\/2024\/05\/201933.jpeg","datePublished":"2024-05-15T20:24:27+00:00","dateModified":"2024-05-28T21:19:04+00:00","description":"LA VILLA DE LOS VEGETALES Y OTROS VISITANTES : \u00daTS'A \u00daN'E KI K\u00cdT' AKI \u00daTS'A NDI T\u00cdT\u00c1 CH\u00cdCCH'E \u00c9NZER : THE VEGETABLES VILLAGE AND OTHER VISITORS. \/","breadcrumb":{"@id":"https:\/\/booksfrommexico.com\/es\/producto\/la-villa-de-los-vegetales-y-otros-visitantes\/#breadcrumb"},"inLanguage":"es","potentialAction":[{"@type":"ReadAction","target":["https:\/\/booksfrommexico.com\/es\/producto\/la-villa-de-los-vegetales-y-otros-visitantes\/"]}]},{"@type":"ImageObject","inLanguage":"es","@id":"https:\/\/booksfrommexico.com\/es\/producto\/la-villa-de-los-vegetales-y-otros-visitantes\/#primaryimage","url":"https:\/\/booksfrommexico.com\/app\/uploads\/2024\/05\/201933.jpeg","contentUrl":"https:\/\/booksfrommexico.com\/app\/uploads\/2024\/05\/201933.jpeg","width":848,"height":1140,"caption":"La villa de los vegetales y otros visitantes"},{"@type":"BreadcrumbList","@id":"https:\/\/booksfrommexico.com\/es\/producto\/la-villa-de-los-vegetales-y-otros-visitantes\/#breadcrumb","itemListElement":[{"@type":"ListItem","position":1,"name":"Home","item":"https:\/\/booksfrommexico.com\/es\/"},{"@type":"ListItem","position":2,"name":"Libros","item":"https:\/\/booksfrommexico.com\/es\/libros\/"},{"@type":"ListItem","position":3,"name":"La villa de los vegetales y otros visitantes: Uts&#8217;a \u00fan&#8217;e ki k\u00edt aki \u00fats&#8217;a ndi t\u00edt\u00e1 chicch&#8217;e \u00e9nzer"}]},{"@type":"WebSite","@id":"https:\/\/booksfrommexico.com\/#website","url":"https:\/\/booksfrommexico.com\/","name":"Books From Mexico","description":"","publisher":{"@id":"https:\/\/booksfrommexico.com\/#organization"},"potentialAction":[{"@type":"SearchAction","target":{"@type":"EntryPoint","urlTemplate":"https:\/\/booksfrommexico.com\/?s={search_term_string}"},"query-input":{"@type":"PropertyValueSpecification","valueRequired":true,"valueName":"search_term_string"}}],"inLanguage":"es"},{"@type":"Organization","@id":"https:\/\/booksfrommexico.com\/#organization","name":"Books From Mexico","url":"https:\/\/booksfrommexico.com\/","logo":{"@type":"ImageObject","inLanguage":"es","@id":"https:\/\/booksfrommexico.com\/#\/schema\/logo\/image\/","url":"https:\/\/booksfrommexico.com\/app\/uploads\/2023\/05\/logo-booksfrommexico.svg","contentUrl":"https:\/\/booksfrommexico.com\/app\/uploads\/2023\/05\/logo-booksfrommexico.svg","width":86,"height":56,"caption":"Books From Mexico"},"image":{"@id":"https:\/\/booksfrommexico.com\/#\/schema\/logo\/image\/"}}]}},"_links":{"self":[{"href":"https:\/\/booksfrommexico.com\/es\/wp-json\/wp\/v2\/product\/6271","targetHints":{"allow":["GET"]}}],"collection":[{"href":"https:\/\/booksfrommexico.com\/es\/wp-json\/wp\/v2\/product"}],"about":[{"href":"https:\/\/booksfrommexico.com\/es\/wp-json\/wp\/v2\/types\/product"}],"wp:featuredmedia":[{"embeddable":true,"href":"https:\/\/booksfrommexico.com\/es\/wp-json\/wp\/v2\/media\/6389"}],"wp:attachment":[{"href":"https:\/\/booksfrommexico.com\/es\/wp-json\/wp\/v2\/media?parent=6271"}],"wp:term":[{"taxonomy":"product_brand","embeddable":true,"href":"https:\/\/booksfrommexico.com\/es\/wp-json\/wp\/v2\/product_brand?post=6271"},{"taxonomy":"product_cat","embeddable":true,"href":"https:\/\/booksfrommexico.com\/es\/wp-json\/wp\/v2\/product_cat?post=6271"},{"taxonomy":"product_tag","embeddable":true,"href":"https:\/\/booksfrommexico.com\/es\/wp-json\/wp\/v2\/product_tag?post=6271"}],"curies":[{"name":"wp","href":"https:\/\/api.w.org\/{rel}","templated":true}]}}