{"id":6272,"date":"2024-05-15T20:24:27","date_gmt":"2024-05-15T20:24:27","guid":{"rendered":"https:\/\/booksfrommexico.com\/product\/alguien-camina-sobre-tu-tumba\/"},"modified":"2025-04-21T17:58:05","modified_gmt":"2025-04-21T17:58:05","slug":"alguien-camina-sobre-tu-tumba","status":"publish","type":"product","link":"https:\/\/booksfrommexico.com\/es\/producto\/alguien-camina-sobre-tu-tumba\/","title":{"rendered":"Alguien camina sobre tu tumba: Mis viajes a cementerios"},"content":{"rendered":"<p><span style=\"font-weight: 400;\">Este t\u00edtulo re\u00fane 24 textos que pasan del ensayo personal a la cr\u00f3nica de viajes y al relato, volvi\u00e9ndolo una lectura rica en estilo y contenido. Mariana Enr\u00edquez es una reconocida autora de relatos de terror y una \u00e1vida visitante de cementerios, siendo para ella una actividad recreativa, pero tambi\u00e9n inspirada por un af\u00e1n cultural debido a la historia, arquitectura y esencia de estos lugares. A lo largo de estas p\u00e1ginas, el lector puede encontrar descripciones de cementerios (tanto c\u00e9lebres como olvidados), leyendas sobre ellos, relatos en torno tumbas de personajes famosos, as\u00ed como una invitaci\u00f3n a dejar de ver los cementerios un lugar donde todo termina, sino m\u00e1s bien un lugar donde algo comienza.<\/span><\/p>\n","protected":false},"excerpt":{"rendered":"<p>ALGUIEN CAMINA SOBRE TU TUMBA : MIS VIAJES A CEMENTERIOS<span style=\"font-weight: 400;\">. \/ Mariana Enriquez. Ciudad de M\u00e9xico, M\u00e9xico : Ediciones Ant\u00edlope ; Universidad Nacional Aut\u00f3noma de M\u00e9xico , Direcci\u00f3n General de Publicaciones y Fomento Editorial ; Universidad Aut\u00f3noma de Nuevo Le\u00f3n , Direcci\u00f3n de Editorial Universitaria, 2024. 419 pages : includes photos ; 22 cm. (Colecci\u00f3n IMPALA ; Serie Presente). ISBN : 9786079942847 (Ediciones Ant\u00edlope) ; 9786073088688 (UNAM) ; 9786072722941 (UANL).<\/span>(Universidad Nacional Aut\u00f3noma de M\u00e9xico) ; 9786072722941 (Universidad Aut\u00f3noma de Nuevo Le\u00f3n).<\/p>\n","protected":false},"featured_media":6386,"template":"","meta":{"_acf_changed":false,"inline_featured_image":false},"product_brand":[],"product_cat":[25,4061],"product_tag":[4124,4099],"class_list":{"0":"post-6272","1":"product","2":"type-product","3":"status-publish","4":"has-post-thumbnail","6":"product_cat-literatura","7":"product_cat-relato","8":"product_tag-literatura-es","9":"product_tag-relato","11":"first","12":"outofstock","13":"taxable","14":"shipping-taxable","15":"purchasable","16":"product-type-simple"},"acf":[],"yoast_head":"<!-- This site is optimized with the Yoast SEO plugin v27.3 - https:\/\/yoast.com\/product\/yoast-seo-wordpress\/ -->\n<title>Alguien camina sobre tu tumba: Mis viajes a cementerios<\/title>\n<meta name=\"description\" content=\"ALGUIEN CAMINA SOBRE TU TUMBA : MIS VIAJES A CEMENTERIOS. \/ Mariana Enriquez. 2024. 419 pages : includes photos. (Colecci\u00f3n IMPALA ; Serie Presente).\" \/>\n<meta name=\"robots\" content=\"index, follow, max-snippet:-1, max-image-preview:large, max-video-preview:-1\" \/>\n<link rel=\"canonical\" href=\"https:\/\/booksfrommexico.com\/es\/producto\/alguien-camina-sobre-tu-tumba\/\" \/>\n<meta property=\"og:locale\" content=\"es_ES\" \/>\n<meta property=\"og:type\" content=\"article\" \/>\n<meta property=\"og:title\" content=\"Alguien camina sobre tu tumba: Mis viajes a cementerios\" \/>\n<meta property=\"og:description\" content=\"ALGUIEN CAMINA SOBRE TU TUMBA : MIS VIAJES A CEMENTERIOS. \/ Mariana Enriquez. 2024. 419 pages : includes photos. (Colecci\u00f3n IMPALA ; Serie Presente).\" \/>\n<meta property=\"og:url\" content=\"https:\/\/booksfrommexico.com\/es\/producto\/alguien-camina-sobre-tu-tumba\/\" \/>\n<meta property=\"og:site_name\" content=\"Books From Mexico\" \/>\n<meta property=\"article:modified_time\" content=\"2025-04-21T17:58:05+00:00\" \/>\n<meta property=\"og:image\" content=\"http:\/\/booksfrommexico.com\/app\/uploads\/2024\/05\/202469.jpeg\" \/>\n\t<meta property=\"og:image:width\" content=\"402\" \/>\n\t<meta property=\"og:image:height\" content=\"624\" \/>\n\t<meta property=\"og:image:type\" content=\"image\/jpeg\" \/>\n<meta name=\"twitter:card\" content=\"summary_large_image\" \/>\n<meta name=\"twitter:label1\" content=\"Tiempo de lectura\" \/>\n\t<meta name=\"twitter:data1\" content=\"1 minuto\" \/>\n<script type=\"application\/ld+json\" class=\"yoast-schema-graph\">{\"@context\":\"https:\\\/\\\/schema.org\",\"@graph\":[{\"@type\":\"WebPage\",\"@id\":\"https:\\\/\\\/booksfrommexico.com\\\/es\\\/producto\\\/alguien-camina-sobre-tu-tumba\\\/\",\"url\":\"https:\\\/\\\/booksfrommexico.com\\\/es\\\/producto\\\/alguien-camina-sobre-tu-tumba\\\/\",\"name\":\"Alguien camina sobre tu tumba: Mis viajes a cementerios\",\"isPartOf\":{\"@id\":\"https:\\\/\\\/booksfrommexico.com\\\/#website\"},\"primaryImageOfPage\":{\"@id\":\"https:\\\/\\\/booksfrommexico.com\\\/es\\\/producto\\\/alguien-camina-sobre-tu-tumba\\\/#primaryimage\"},\"image\":{\"@id\":\"https:\\\/\\\/booksfrommexico.com\\\/es\\\/producto\\\/alguien-camina-sobre-tu-tumba\\\/#primaryimage\"},\"thumbnailUrl\":\"https:\\\/\\\/booksfrommexico.com\\\/app\\\/uploads\\\/2024\\\/05\\\/202469.jpeg\",\"datePublished\":\"2024-05-15T20:24:27+00:00\",\"dateModified\":\"2025-04-21T17:58:05+00:00\",\"description\":\"ALGUIEN CAMINA SOBRE TU TUMBA : MIS VIAJES A CEMENTERIOS. \\\/ Mariana Enriquez. 2024. 419 pages : includes photos. (Colecci\u00f3n IMPALA ; Serie Presente).\",\"breadcrumb\":{\"@id\":\"https:\\\/\\\/booksfrommexico.com\\\/es\\\/producto\\\/alguien-camina-sobre-tu-tumba\\\/#breadcrumb\"},\"inLanguage\":\"es\",\"potentialAction\":[{\"@type\":\"ReadAction\",\"target\":[\"https:\\\/\\\/booksfrommexico.com\\\/es\\\/producto\\\/alguien-camina-sobre-tu-tumba\\\/\"]}]},{\"@type\":\"ImageObject\",\"inLanguage\":\"es\",\"@id\":\"https:\\\/\\\/booksfrommexico.com\\\/es\\\/producto\\\/alguien-camina-sobre-tu-tumba\\\/#primaryimage\",\"url\":\"https:\\\/\\\/booksfrommexico.com\\\/app\\\/uploads\\\/2024\\\/05\\\/202469.jpeg\",\"contentUrl\":\"https:\\\/\\\/booksfrommexico.com\\\/app\\\/uploads\\\/2024\\\/05\\\/202469.jpeg\",\"width\":402,\"height\":624,\"caption\":\"Alguien camina sobre tu tumba\"},{\"@type\":\"BreadcrumbList\",\"@id\":\"https:\\\/\\\/booksfrommexico.com\\\/es\\\/producto\\\/alguien-camina-sobre-tu-tumba\\\/#breadcrumb\",\"itemListElement\":[{\"@type\":\"ListItem\",\"position\":1,\"name\":\"Home\",\"item\":\"https:\\\/\\\/booksfrommexico.com\\\/es\\\/\"},{\"@type\":\"ListItem\",\"position\":2,\"name\":\"Libros\",\"item\":\"https:\\\/\\\/booksfrommexico.com\\\/es\\\/libros\\\/\"},{\"@type\":\"ListItem\",\"position\":3,\"name\":\"Alguien camina sobre tu tumba: Mis viajes a cementerios\"}]},{\"@type\":\"WebSite\",\"@id\":\"https:\\\/\\\/booksfrommexico.com\\\/#website\",\"url\":\"https:\\\/\\\/booksfrommexico.com\\\/\",\"name\":\"Books From Mexico\",\"description\":\"\",\"publisher\":{\"@id\":\"https:\\\/\\\/booksfrommexico.com\\\/#organization\"},\"potentialAction\":[{\"@type\":\"SearchAction\",\"target\":{\"@type\":\"EntryPoint\",\"urlTemplate\":\"https:\\\/\\\/booksfrommexico.com\\\/?s={search_term_string}\"},\"query-input\":{\"@type\":\"PropertyValueSpecification\",\"valueRequired\":true,\"valueName\":\"search_term_string\"}}],\"inLanguage\":\"es\"},{\"@type\":\"Organization\",\"@id\":\"https:\\\/\\\/booksfrommexico.com\\\/#organization\",\"name\":\"Books From Mexico\",\"url\":\"https:\\\/\\\/booksfrommexico.com\\\/\",\"logo\":{\"@type\":\"ImageObject\",\"inLanguage\":\"es\",\"@id\":\"https:\\\/\\\/booksfrommexico.com\\\/#\\\/schema\\\/logo\\\/image\\\/\",\"url\":\"https:\\\/\\\/booksfrommexico.com\\\/app\\\/uploads\\\/2023\\\/05\\\/logo-booksfrommexico.svg\",\"contentUrl\":\"https:\\\/\\\/booksfrommexico.com\\\/app\\\/uploads\\\/2023\\\/05\\\/logo-booksfrommexico.svg\",\"width\":86,\"height\":56,\"caption\":\"Books From Mexico\"},\"image\":{\"@id\":\"https:\\\/\\\/booksfrommexico.com\\\/#\\\/schema\\\/logo\\\/image\\\/\"}}]}<\/script>\n<!-- \/ Yoast SEO plugin. -->","yoast_head_json":{"title":"Alguien camina sobre tu tumba: Mis viajes a cementerios","description":"ALGUIEN CAMINA SOBRE TU TUMBA : MIS VIAJES A CEMENTERIOS. \/ Mariana Enriquez. 2024. 419 pages : includes photos. (Colecci\u00f3n IMPALA ; Serie Presente).","robots":{"index":"index","follow":"follow","max-snippet":"max-snippet:-1","max-image-preview":"max-image-preview:large","max-video-preview":"max-video-preview:-1"},"canonical":"https:\/\/booksfrommexico.com\/es\/producto\/alguien-camina-sobre-tu-tumba\/","og_locale":"es_ES","og_type":"article","og_title":"Alguien camina sobre tu tumba: Mis viajes a cementerios","og_description":"ALGUIEN CAMINA SOBRE TU TUMBA : MIS VIAJES A CEMENTERIOS. \/ Mariana Enriquez. 2024. 419 pages : includes photos. (Colecci\u00f3n IMPALA ; Serie Presente).","og_url":"https:\/\/booksfrommexico.com\/es\/producto\/alguien-camina-sobre-tu-tumba\/","og_site_name":"Books From Mexico","article_modified_time":"2025-04-21T17:58:05+00:00","og_image":[{"width":402,"height":624,"url":"http:\/\/booksfrommexico.com\/app\/uploads\/2024\/05\/202469.jpeg","type":"image\/jpeg"}],"twitter_card":"summary_large_image","twitter_misc":{"Tiempo de lectura":"1 minuto"},"schema":{"@context":"https:\/\/schema.org","@graph":[{"@type":"WebPage","@id":"https:\/\/booksfrommexico.com\/es\/producto\/alguien-camina-sobre-tu-tumba\/","url":"https:\/\/booksfrommexico.com\/es\/producto\/alguien-camina-sobre-tu-tumba\/","name":"Alguien camina sobre tu tumba: Mis viajes a cementerios","isPartOf":{"@id":"https:\/\/booksfrommexico.com\/#website"},"primaryImageOfPage":{"@id":"https:\/\/booksfrommexico.com\/es\/producto\/alguien-camina-sobre-tu-tumba\/#primaryimage"},"image":{"@id":"https:\/\/booksfrommexico.com\/es\/producto\/alguien-camina-sobre-tu-tumba\/#primaryimage"},"thumbnailUrl":"https:\/\/booksfrommexico.com\/app\/uploads\/2024\/05\/202469.jpeg","datePublished":"2024-05-15T20:24:27+00:00","dateModified":"2025-04-21T17:58:05+00:00","description":"ALGUIEN CAMINA SOBRE TU TUMBA : MIS VIAJES A CEMENTERIOS. \/ Mariana Enriquez. 2024. 419 pages : includes photos. (Colecci\u00f3n IMPALA ; Serie Presente).","breadcrumb":{"@id":"https:\/\/booksfrommexico.com\/es\/producto\/alguien-camina-sobre-tu-tumba\/#breadcrumb"},"inLanguage":"es","potentialAction":[{"@type":"ReadAction","target":["https:\/\/booksfrommexico.com\/es\/producto\/alguien-camina-sobre-tu-tumba\/"]}]},{"@type":"ImageObject","inLanguage":"es","@id":"https:\/\/booksfrommexico.com\/es\/producto\/alguien-camina-sobre-tu-tumba\/#primaryimage","url":"https:\/\/booksfrommexico.com\/app\/uploads\/2024\/05\/202469.jpeg","contentUrl":"https:\/\/booksfrommexico.com\/app\/uploads\/2024\/05\/202469.jpeg","width":402,"height":624,"caption":"Alguien camina sobre tu tumba"},{"@type":"BreadcrumbList","@id":"https:\/\/booksfrommexico.com\/es\/producto\/alguien-camina-sobre-tu-tumba\/#breadcrumb","itemListElement":[{"@type":"ListItem","position":1,"name":"Home","item":"https:\/\/booksfrommexico.com\/es\/"},{"@type":"ListItem","position":2,"name":"Libros","item":"https:\/\/booksfrommexico.com\/es\/libros\/"},{"@type":"ListItem","position":3,"name":"Alguien camina sobre tu tumba: Mis viajes a cementerios"}]},{"@type":"WebSite","@id":"https:\/\/booksfrommexico.com\/#website","url":"https:\/\/booksfrommexico.com\/","name":"Books From Mexico","description":"","publisher":{"@id":"https:\/\/booksfrommexico.com\/#organization"},"potentialAction":[{"@type":"SearchAction","target":{"@type":"EntryPoint","urlTemplate":"https:\/\/booksfrommexico.com\/?s={search_term_string}"},"query-input":{"@type":"PropertyValueSpecification","valueRequired":true,"valueName":"search_term_string"}}],"inLanguage":"es"},{"@type":"Organization","@id":"https:\/\/booksfrommexico.com\/#organization","name":"Books From Mexico","url":"https:\/\/booksfrommexico.com\/","logo":{"@type":"ImageObject","inLanguage":"es","@id":"https:\/\/booksfrommexico.com\/#\/schema\/logo\/image\/","url":"https:\/\/booksfrommexico.com\/app\/uploads\/2023\/05\/logo-booksfrommexico.svg","contentUrl":"https:\/\/booksfrommexico.com\/app\/uploads\/2023\/05\/logo-booksfrommexico.svg","width":86,"height":56,"caption":"Books From Mexico"},"image":{"@id":"https:\/\/booksfrommexico.com\/#\/schema\/logo\/image\/"}}]}},"_links":{"self":[{"href":"https:\/\/booksfrommexico.com\/es\/wp-json\/wp\/v2\/product\/6272","targetHints":{"allow":["GET"]}}],"collection":[{"href":"https:\/\/booksfrommexico.com\/es\/wp-json\/wp\/v2\/product"}],"about":[{"href":"https:\/\/booksfrommexico.com\/es\/wp-json\/wp\/v2\/types\/product"}],"wp:featuredmedia":[{"embeddable":true,"href":"https:\/\/booksfrommexico.com\/es\/wp-json\/wp\/v2\/media\/6386"}],"wp:attachment":[{"href":"https:\/\/booksfrommexico.com\/es\/wp-json\/wp\/v2\/media?parent=6272"}],"wp:term":[{"taxonomy":"product_brand","embeddable":true,"href":"https:\/\/booksfrommexico.com\/es\/wp-json\/wp\/v2\/product_brand?post=6272"},{"taxonomy":"product_cat","embeddable":true,"href":"https:\/\/booksfrommexico.com\/es\/wp-json\/wp\/v2\/product_cat?post=6272"},{"taxonomy":"product_tag","embeddable":true,"href":"https:\/\/booksfrommexico.com\/es\/wp-json\/wp\/v2\/product_tag?post=6272"}],"curies":[{"name":"wp","href":"https:\/\/api.w.org\/{rel}","templated":true}]}}