{"id":632,"date":"2023-05-08T17:04:52","date_gmt":"2023-05-08T17:04:52","guid":{"rendered":"http:\/\/booksfrommexico.com\/product\/la-festividad-indigena-dedicada-a-los-muertos-en-mexico-obra-maestra-del-patrimonio-oral-e-intangible\/"},"modified":"2024-07-22T21:54:52","modified_gmt":"2024-07-22T21:54:52","slug":"la-festividad-indigena-dedicada-a-los-muertos-en-mexico-obra-maestra-del-patrimonio-oral-e-intangible","status":"publish","type":"product","link":"https:\/\/booksfrommexico.com\/es\/producto\/la-festividad-indigena-dedicada-a-los-muertos-en-mexico-obra-maestra-del-patrimonio-oral-e-intangible\/","title":{"rendered":"La festividad ind\u00edgena dedicada a los muertos en M\u00e9xico: Obra maestra del patrimonio oral e intangible de la humanidad"},"content":{"rendered":"<p><span style=\"font-weight: 400;\">Con el objetivo de apoyar los esfuerzos nacionales dedicados a promover y difundir uno de los complejos culturales m\u00e1s importantes de las poblaciones ind\u00edgenas contempor\u00e1neas, se dio a conocer esta obra, como muestra del patrimonio oral e intangible de la humanidad de la festividad mexicana de d\u00eda de muertos. Esta festividad es considerada como una de las manifestaciones culturales m\u00e1s importantes de la vida ind\u00edgena comunitaria, dado que constituye uno de los n\u00facleos centrales tanto de la identidad como de la cosmovisi\u00f3n de cada grupo, como de su vida social y pol\u00edtica. Esta edici\u00f3n cuenta con fotograf\u00edas a color, ilustraciones y es, adem\u00e1s, una edici\u00f3n biling\u00fce ingl\u00e9s-espa\u00f1ol.<\/span><\/p>\n","protected":false},"excerpt":{"rendered":"<p>LA FESTIVIDAD IND\u00cdGENA DEDICADA A LOS MUERTOS EN M\u00c9XICO : OBRA MAESTRA DEL PATRIMONIO ORAL E INTANGIBLE DE LA HUMANIDAD<span style=\"font-weight: 400;\">. \/ M\u00e9xico, D.F. : Consejo Nacional para la Cultura y las Artes ; Instituto Nacional de Antropolog\u00eda e Historia, 2005. 172 pages : includes color photos, illustrations, bibliography ; 28 cm. ISBN : 9703509908.<\/span><\/p>\n","protected":false},"featured_media":631,"template":"","meta":{"_acf_changed":false,"inline_featured_image":false},"product_brand":[],"product_cat":[66,372],"product_tag":[4341,4382,4481,3608],"class_list":{"0":"post-632","1":"product","2":"type-product","3":"status-publish","4":"has-post-thumbnail","6":"product_cat-sociocultural","7":"product_cat-tradiciones-culturales","8":"product_tag-cultura","9":"product_tag-edicion-bilingue","10":"product_tag-tradicion-y-costumbres","11":"product_tag-vida-social-y-costumbres","13":"first","14":"instock","15":"taxable","16":"shipping-taxable","17":"purchasable","18":"product-type-simple"},"acf":[],"yoast_head":"<!-- This site is optimized with the Yoast SEO plugin v27.3 - https:\/\/yoast.com\/product\/yoast-seo-wordpress\/ -->\n<title>La festividad ind\u00edgena dedicada a los muertos en M\u00e9xico<\/title>\n<meta name=\"description\" content=\"LA FESTIVIDAD IND\u00cdGENA DEDICADA A LOS MUERTOS EN M\u00c9XICO : OBRA MAESTRA DEL PATRIMONIO ORAL E INTANGIBLE DE LA HUMANIDAD. \/ CONACULTA ; INAH. 2005.\" \/>\n<meta name=\"robots\" content=\"index, follow, max-snippet:-1, max-image-preview:large, max-video-preview:-1\" \/>\n<link rel=\"canonical\" href=\"https:\/\/booksfrommexico.com\/es\/producto\/la-festividad-indigena-dedicada-a-los-muertos-en-mexico-obra-maestra-del-patrimonio-oral-e-intangible\/\" \/>\n<meta property=\"og:locale\" content=\"es_ES\" \/>\n<meta property=\"og:type\" content=\"article\" \/>\n<meta property=\"og:title\" content=\"La festividad ind\u00edgena dedicada a los muertos en M\u00e9xico\" \/>\n<meta property=\"og:description\" content=\"LA FESTIVIDAD IND\u00cdGENA DEDICADA A LOS MUERTOS EN M\u00c9XICO : OBRA MAESTRA DEL PATRIMONIO ORAL E INTANGIBLE DE LA HUMANIDAD. \/ CONACULTA ; INAH. 2005.\" \/>\n<meta property=\"og:url\" content=\"https:\/\/booksfrommexico.com\/es\/producto\/la-festividad-indigena-dedicada-a-los-muertos-en-mexico-obra-maestra-del-patrimonio-oral-e-intangible\/\" \/>\n<meta property=\"og:site_name\" content=\"Books From Mexico\" \/>\n<meta property=\"article:modified_time\" content=\"2024-07-22T21:54:52+00:00\" \/>\n<meta property=\"og:image\" content=\"http:\/\/booksfrommexico.com\/app\/uploads\/2023\/05\/130538.jpeg\" \/>\n\t<meta property=\"og:image:width\" content=\"614\" \/>\n\t<meta property=\"og:image:height\" content=\"813\" \/>\n\t<meta property=\"og:image:type\" content=\"image\/jpeg\" \/>\n<meta name=\"twitter:card\" content=\"summary_large_image\" \/>\n<meta name=\"twitter:label1\" content=\"Tiempo de lectura\" \/>\n\t<meta name=\"twitter:data1\" content=\"1 minuto\" \/>\n<script type=\"application\/ld+json\" class=\"yoast-schema-graph\">{\"@context\":\"https:\\\/\\\/schema.org\",\"@graph\":[{\"@type\":\"WebPage\",\"@id\":\"https:\\\/\\\/booksfrommexico.com\\\/es\\\/producto\\\/la-festividad-indigena-dedicada-a-los-muertos-en-mexico-obra-maestra-del-patrimonio-oral-e-intangible\\\/\",\"url\":\"https:\\\/\\\/booksfrommexico.com\\\/es\\\/producto\\\/la-festividad-indigena-dedicada-a-los-muertos-en-mexico-obra-maestra-del-patrimonio-oral-e-intangible\\\/\",\"name\":\"La festividad ind\u00edgena dedicada a los muertos en M\u00e9xico\",\"isPartOf\":{\"@id\":\"https:\\\/\\\/booksfrommexico.com\\\/#website\"},\"primaryImageOfPage\":{\"@id\":\"https:\\\/\\\/booksfrommexico.com\\\/es\\\/producto\\\/la-festividad-indigena-dedicada-a-los-muertos-en-mexico-obra-maestra-del-patrimonio-oral-e-intangible\\\/#primaryimage\"},\"image\":{\"@id\":\"https:\\\/\\\/booksfrommexico.com\\\/es\\\/producto\\\/la-festividad-indigena-dedicada-a-los-muertos-en-mexico-obra-maestra-del-patrimonio-oral-e-intangible\\\/#primaryimage\"},\"thumbnailUrl\":\"https:\\\/\\\/booksfrommexico.com\\\/app\\\/uploads\\\/2023\\\/05\\\/130538.jpeg\",\"datePublished\":\"2023-05-08T17:04:52+00:00\",\"dateModified\":\"2024-07-22T21:54:52+00:00\",\"description\":\"LA FESTIVIDAD IND\u00cdGENA DEDICADA A LOS MUERTOS EN M\u00c9XICO : OBRA MAESTRA DEL PATRIMONIO ORAL E INTANGIBLE DE LA HUMANIDAD. \\\/ CONACULTA ; INAH. 2005.\",\"breadcrumb\":{\"@id\":\"https:\\\/\\\/booksfrommexico.com\\\/es\\\/producto\\\/la-festividad-indigena-dedicada-a-los-muertos-en-mexico-obra-maestra-del-patrimonio-oral-e-intangible\\\/#breadcrumb\"},\"inLanguage\":\"es\",\"potentialAction\":[{\"@type\":\"ReadAction\",\"target\":[\"https:\\\/\\\/booksfrommexico.com\\\/es\\\/producto\\\/la-festividad-indigena-dedicada-a-los-muertos-en-mexico-obra-maestra-del-patrimonio-oral-e-intangible\\\/\"]}]},{\"@type\":\"ImageObject\",\"inLanguage\":\"es\",\"@id\":\"https:\\\/\\\/booksfrommexico.com\\\/es\\\/producto\\\/la-festividad-indigena-dedicada-a-los-muertos-en-mexico-obra-maestra-del-patrimonio-oral-e-intangible\\\/#primaryimage\",\"url\":\"https:\\\/\\\/booksfrommexico.com\\\/app\\\/uploads\\\/2023\\\/05\\\/130538.jpeg\",\"contentUrl\":\"https:\\\/\\\/booksfrommexico.com\\\/app\\\/uploads\\\/2023\\\/05\\\/130538.jpeg\",\"width\":614,\"height\":813},{\"@type\":\"BreadcrumbList\",\"@id\":\"https:\\\/\\\/booksfrommexico.com\\\/es\\\/producto\\\/la-festividad-indigena-dedicada-a-los-muertos-en-mexico-obra-maestra-del-patrimonio-oral-e-intangible\\\/#breadcrumb\",\"itemListElement\":[{\"@type\":\"ListItem\",\"position\":1,\"name\":\"Home\",\"item\":\"https:\\\/\\\/booksfrommexico.com\\\/es\\\/\"},{\"@type\":\"ListItem\",\"position\":2,\"name\":\"Libros\",\"item\":\"https:\\\/\\\/booksfrommexico.com\\\/es\\\/libros\\\/\"},{\"@type\":\"ListItem\",\"position\":3,\"name\":\"La festividad ind\u00edgena dedicada a los muertos en M\u00e9xico: Obra maestra del patrimonio oral e intangible de la humanidad\"}]},{\"@type\":\"WebSite\",\"@id\":\"https:\\\/\\\/booksfrommexico.com\\\/#website\",\"url\":\"https:\\\/\\\/booksfrommexico.com\\\/\",\"name\":\"Books From Mexico\",\"description\":\"\",\"publisher\":{\"@id\":\"https:\\\/\\\/booksfrommexico.com\\\/#organization\"},\"potentialAction\":[{\"@type\":\"SearchAction\",\"target\":{\"@type\":\"EntryPoint\",\"urlTemplate\":\"https:\\\/\\\/booksfrommexico.com\\\/?s={search_term_string}\"},\"query-input\":{\"@type\":\"PropertyValueSpecification\",\"valueRequired\":true,\"valueName\":\"search_term_string\"}}],\"inLanguage\":\"es\"},{\"@type\":\"Organization\",\"@id\":\"https:\\\/\\\/booksfrommexico.com\\\/#organization\",\"name\":\"Books From Mexico\",\"url\":\"https:\\\/\\\/booksfrommexico.com\\\/\",\"logo\":{\"@type\":\"ImageObject\",\"inLanguage\":\"es\",\"@id\":\"https:\\\/\\\/booksfrommexico.com\\\/#\\\/schema\\\/logo\\\/image\\\/\",\"url\":\"https:\\\/\\\/booksfrommexico.com\\\/app\\\/uploads\\\/2023\\\/05\\\/logo-booksfrommexico.svg\",\"contentUrl\":\"https:\\\/\\\/booksfrommexico.com\\\/app\\\/uploads\\\/2023\\\/05\\\/logo-booksfrommexico.svg\",\"width\":86,\"height\":56,\"caption\":\"Books From Mexico\"},\"image\":{\"@id\":\"https:\\\/\\\/booksfrommexico.com\\\/#\\\/schema\\\/logo\\\/image\\\/\"}}]}<\/script>\n<!-- \/ Yoast SEO plugin. -->","yoast_head_json":{"title":"La festividad ind\u00edgena dedicada a los muertos en M\u00e9xico","description":"LA FESTIVIDAD IND\u00cdGENA DEDICADA A LOS MUERTOS EN M\u00c9XICO : OBRA MAESTRA DEL PATRIMONIO ORAL E INTANGIBLE DE LA HUMANIDAD. \/ CONACULTA ; INAH. 2005.","robots":{"index":"index","follow":"follow","max-snippet":"max-snippet:-1","max-image-preview":"max-image-preview:large","max-video-preview":"max-video-preview:-1"},"canonical":"https:\/\/booksfrommexico.com\/es\/producto\/la-festividad-indigena-dedicada-a-los-muertos-en-mexico-obra-maestra-del-patrimonio-oral-e-intangible\/","og_locale":"es_ES","og_type":"article","og_title":"La festividad ind\u00edgena dedicada a los muertos en M\u00e9xico","og_description":"LA FESTIVIDAD IND\u00cdGENA DEDICADA A LOS MUERTOS EN M\u00c9XICO : OBRA MAESTRA DEL PATRIMONIO ORAL E INTANGIBLE DE LA HUMANIDAD. \/ CONACULTA ; INAH. 2005.","og_url":"https:\/\/booksfrommexico.com\/es\/producto\/la-festividad-indigena-dedicada-a-los-muertos-en-mexico-obra-maestra-del-patrimonio-oral-e-intangible\/","og_site_name":"Books From Mexico","article_modified_time":"2024-07-22T21:54:52+00:00","og_image":[{"width":614,"height":813,"url":"http:\/\/booksfrommexico.com\/app\/uploads\/2023\/05\/130538.jpeg","type":"image\/jpeg"}],"twitter_card":"summary_large_image","twitter_misc":{"Tiempo de lectura":"1 minuto"},"schema":{"@context":"https:\/\/schema.org","@graph":[{"@type":"WebPage","@id":"https:\/\/booksfrommexico.com\/es\/producto\/la-festividad-indigena-dedicada-a-los-muertos-en-mexico-obra-maestra-del-patrimonio-oral-e-intangible\/","url":"https:\/\/booksfrommexico.com\/es\/producto\/la-festividad-indigena-dedicada-a-los-muertos-en-mexico-obra-maestra-del-patrimonio-oral-e-intangible\/","name":"La festividad ind\u00edgena dedicada a los muertos en M\u00e9xico","isPartOf":{"@id":"https:\/\/booksfrommexico.com\/#website"},"primaryImageOfPage":{"@id":"https:\/\/booksfrommexico.com\/es\/producto\/la-festividad-indigena-dedicada-a-los-muertos-en-mexico-obra-maestra-del-patrimonio-oral-e-intangible\/#primaryimage"},"image":{"@id":"https:\/\/booksfrommexico.com\/es\/producto\/la-festividad-indigena-dedicada-a-los-muertos-en-mexico-obra-maestra-del-patrimonio-oral-e-intangible\/#primaryimage"},"thumbnailUrl":"https:\/\/booksfrommexico.com\/app\/uploads\/2023\/05\/130538.jpeg","datePublished":"2023-05-08T17:04:52+00:00","dateModified":"2024-07-22T21:54:52+00:00","description":"LA FESTIVIDAD IND\u00cdGENA DEDICADA A LOS MUERTOS EN M\u00c9XICO : OBRA MAESTRA DEL PATRIMONIO ORAL E INTANGIBLE DE LA HUMANIDAD. \/ CONACULTA ; INAH. 2005.","breadcrumb":{"@id":"https:\/\/booksfrommexico.com\/es\/producto\/la-festividad-indigena-dedicada-a-los-muertos-en-mexico-obra-maestra-del-patrimonio-oral-e-intangible\/#breadcrumb"},"inLanguage":"es","potentialAction":[{"@type":"ReadAction","target":["https:\/\/booksfrommexico.com\/es\/producto\/la-festividad-indigena-dedicada-a-los-muertos-en-mexico-obra-maestra-del-patrimonio-oral-e-intangible\/"]}]},{"@type":"ImageObject","inLanguage":"es","@id":"https:\/\/booksfrommexico.com\/es\/producto\/la-festividad-indigena-dedicada-a-los-muertos-en-mexico-obra-maestra-del-patrimonio-oral-e-intangible\/#primaryimage","url":"https:\/\/booksfrommexico.com\/app\/uploads\/2023\/05\/130538.jpeg","contentUrl":"https:\/\/booksfrommexico.com\/app\/uploads\/2023\/05\/130538.jpeg","width":614,"height":813},{"@type":"BreadcrumbList","@id":"https:\/\/booksfrommexico.com\/es\/producto\/la-festividad-indigena-dedicada-a-los-muertos-en-mexico-obra-maestra-del-patrimonio-oral-e-intangible\/#breadcrumb","itemListElement":[{"@type":"ListItem","position":1,"name":"Home","item":"https:\/\/booksfrommexico.com\/es\/"},{"@type":"ListItem","position":2,"name":"Libros","item":"https:\/\/booksfrommexico.com\/es\/libros\/"},{"@type":"ListItem","position":3,"name":"La festividad ind\u00edgena dedicada a los muertos en M\u00e9xico: Obra maestra del patrimonio oral e intangible de la humanidad"}]},{"@type":"WebSite","@id":"https:\/\/booksfrommexico.com\/#website","url":"https:\/\/booksfrommexico.com\/","name":"Books From Mexico","description":"","publisher":{"@id":"https:\/\/booksfrommexico.com\/#organization"},"potentialAction":[{"@type":"SearchAction","target":{"@type":"EntryPoint","urlTemplate":"https:\/\/booksfrommexico.com\/?s={search_term_string}"},"query-input":{"@type":"PropertyValueSpecification","valueRequired":true,"valueName":"search_term_string"}}],"inLanguage":"es"},{"@type":"Organization","@id":"https:\/\/booksfrommexico.com\/#organization","name":"Books From Mexico","url":"https:\/\/booksfrommexico.com\/","logo":{"@type":"ImageObject","inLanguage":"es","@id":"https:\/\/booksfrommexico.com\/#\/schema\/logo\/image\/","url":"https:\/\/booksfrommexico.com\/app\/uploads\/2023\/05\/logo-booksfrommexico.svg","contentUrl":"https:\/\/booksfrommexico.com\/app\/uploads\/2023\/05\/logo-booksfrommexico.svg","width":86,"height":56,"caption":"Books From Mexico"},"image":{"@id":"https:\/\/booksfrommexico.com\/#\/schema\/logo\/image\/"}}]}},"_links":{"self":[{"href":"https:\/\/booksfrommexico.com\/es\/wp-json\/wp\/v2\/product\/632","targetHints":{"allow":["GET"]}}],"collection":[{"href":"https:\/\/booksfrommexico.com\/es\/wp-json\/wp\/v2\/product"}],"about":[{"href":"https:\/\/booksfrommexico.com\/es\/wp-json\/wp\/v2\/types\/product"}],"wp:featuredmedia":[{"embeddable":true,"href":"https:\/\/booksfrommexico.com\/es\/wp-json\/wp\/v2\/media\/631"}],"wp:attachment":[{"href":"https:\/\/booksfrommexico.com\/es\/wp-json\/wp\/v2\/media?parent=632"}],"wp:term":[{"taxonomy":"product_brand","embeddable":true,"href":"https:\/\/booksfrommexico.com\/es\/wp-json\/wp\/v2\/product_brand?post=632"},{"taxonomy":"product_cat","embeddable":true,"href":"https:\/\/booksfrommexico.com\/es\/wp-json\/wp\/v2\/product_cat?post=632"},{"taxonomy":"product_tag","embeddable":true,"href":"https:\/\/booksfrommexico.com\/es\/wp-json\/wp\/v2\/product_tag?post=632"}],"curies":[{"name":"wp","href":"https:\/\/api.w.org\/{rel}","templated":true}]}}