{"id":634,"date":"2023-05-08T17:04:54","date_gmt":"2023-05-08T17:04:54","guid":{"rendered":"http:\/\/booksfrommexico.com\/product\/gilberto-aceves-navarro-1951-2005\/"},"modified":"2024-07-22T22:55:22","modified_gmt":"2024-07-22T22:55:22","slug":"gilberto-aceves-navarro-1951-2005","status":"publish","type":"product","link":"https:\/\/booksfrommexico.com\/es\/producto\/gilberto-aceves-navarro-1951-2005\/","title":{"rendered":"Gilberto Aceves Navarro 1951-2005"},"content":{"rendered":"<p><span style=\"font-weight: 400;\">Gilberto Aceves Navarro cre\u00f3 un universo donde constantemente se han incorporado nuevos signos a su lenguaje para ser coherente con el m\u00e1s de medio siglo de trabajo y creaci\u00f3n como pintor y escultor. Su discurso se ha renovado en distintas ocasiones, inspirado por la necesidad de observar y digerir los aportes de las diferentes culturas visuales, las \u00e9pocas de desarrollo y gesti\u00f3n, la revisi\u00f3n de su propio quehacer y la ansiedad reflexiva de c\u00f3mo comunicar los significados pl\u00e1sticos, emotivos y conceptuales que lo mantienen caracter\u00edstico. En este t\u00edtulo se recopilan fotograf\u00edas del trabajo del artista, as\u00ed como se hace un recorrido tanto escrito como visual\u00a0 a lo largo de su trayectoria.<\/span><\/p>\n","protected":false},"excerpt":{"rendered":"<p>GILBERTO ACEVES NAVARRO 1951-2005<span style=\"font-weight: 400;\">. \/ Luis Ignacio S\u00e1inz. M\u00e9xico, D.F. : Consejo Nacional para la Cultura y las Artes ; Instituto Nacional de Antropolog\u00eda e Historia ; Universidad Aut\u00f3noma Metropolitana , Unidad Xochimilco ; Oak Editorial, 2005. 64 pages : includes references, color photos ; 27 cm. ISBN :\u00a0 9703509932. <\/span><\/p>\n","protected":false},"featured_media":633,"template":"","meta":{"_acf_changed":false,"inline_featured_image":false},"product_brand":[],"product_cat":[87,400],"product_tag":[4044,3630,4473],"class_list":{"0":"post-634","1":"product","2":"type-product","3":"status-publish","4":"has-post-thumbnail","6":"product_cat-arte","7":"product_cat-catalogos-de-exposiciones-arte","8":"product_tag-arte","9":"product_tag-biografia","10":"product_tag-catalogos-es","12":"first","13":"instock","14":"taxable","15":"shipping-taxable","16":"purchasable","17":"product-type-simple"},"acf":[],"yoast_head":"<!-- This site is optimized with the Yoast SEO plugin v27.3 - https:\/\/yoast.com\/product\/yoast-seo-wordpress\/ -->\n<title>Gilberto Aceves Navarro 1951-2005<\/title>\n<meta name=\"description\" content=\"GILBERTO ACEVES NAVARRO 1951-2005. \/ Luis Ignacio S\u00e1inz. CONACULTA ; INAH ; UAM, Unidad Xochimilco ; Oak Editorial, 2005. ISBN : 9703509932.\" \/>\n<meta name=\"robots\" content=\"index, follow, max-snippet:-1, max-image-preview:large, max-video-preview:-1\" \/>\n<link rel=\"canonical\" href=\"https:\/\/booksfrommexico.com\/es\/producto\/gilberto-aceves-navarro-1951-2005\/\" \/>\n<meta property=\"og:locale\" content=\"es_ES\" \/>\n<meta property=\"og:type\" content=\"article\" \/>\n<meta property=\"og:title\" content=\"Gilberto Aceves Navarro 1951-2005\" \/>\n<meta property=\"og:description\" content=\"GILBERTO ACEVES NAVARRO 1951-2005. \/ Luis Ignacio S\u00e1inz. CONACULTA ; INAH ; UAM, Unidad Xochimilco ; Oak Editorial, 2005. ISBN : 9703509932.\" \/>\n<meta property=\"og:url\" content=\"https:\/\/booksfrommexico.com\/es\/producto\/gilberto-aceves-navarro-1951-2005\/\" \/>\n<meta property=\"og:site_name\" content=\"Books From Mexico\" \/>\n<meta property=\"article:modified_time\" content=\"2024-07-22T22:55:22+00:00\" \/>\n<meta property=\"og:image\" content=\"http:\/\/booksfrommexico.com\/app\/uploads\/2023\/05\/130525.jpeg\" \/>\n\t<meta property=\"og:image:width\" content=\"586\" \/>\n\t<meta property=\"og:image:height\" content=\"786\" \/>\n\t<meta property=\"og:image:type\" content=\"image\/jpeg\" \/>\n<meta name=\"twitter:card\" content=\"summary_large_image\" \/>\n<meta name=\"twitter:label1\" content=\"Tiempo de lectura\" \/>\n\t<meta name=\"twitter:data1\" content=\"1 minuto\" \/>\n<script type=\"application\/ld+json\" class=\"yoast-schema-graph\">{\"@context\":\"https:\\\/\\\/schema.org\",\"@graph\":[{\"@type\":\"WebPage\",\"@id\":\"https:\\\/\\\/booksfrommexico.com\\\/es\\\/producto\\\/gilberto-aceves-navarro-1951-2005\\\/\",\"url\":\"https:\\\/\\\/booksfrommexico.com\\\/es\\\/producto\\\/gilberto-aceves-navarro-1951-2005\\\/\",\"name\":\"Gilberto Aceves Navarro 1951-2005\",\"isPartOf\":{\"@id\":\"https:\\\/\\\/booksfrommexico.com\\\/#website\"},\"primaryImageOfPage\":{\"@id\":\"https:\\\/\\\/booksfrommexico.com\\\/es\\\/producto\\\/gilberto-aceves-navarro-1951-2005\\\/#primaryimage\"},\"image\":{\"@id\":\"https:\\\/\\\/booksfrommexico.com\\\/es\\\/producto\\\/gilberto-aceves-navarro-1951-2005\\\/#primaryimage\"},\"thumbnailUrl\":\"https:\\\/\\\/booksfrommexico.com\\\/app\\\/uploads\\\/2023\\\/05\\\/130525.jpeg\",\"datePublished\":\"2023-05-08T17:04:54+00:00\",\"dateModified\":\"2024-07-22T22:55:22+00:00\",\"description\":\"GILBERTO ACEVES NAVARRO 1951-2005. \\\/ Luis Ignacio S\u00e1inz. CONACULTA ; INAH ; UAM, Unidad Xochimilco ; Oak Editorial, 2005. ISBN : 9703509932.\",\"breadcrumb\":{\"@id\":\"https:\\\/\\\/booksfrommexico.com\\\/es\\\/producto\\\/gilberto-aceves-navarro-1951-2005\\\/#breadcrumb\"},\"inLanguage\":\"es\",\"potentialAction\":[{\"@type\":\"ReadAction\",\"target\":[\"https:\\\/\\\/booksfrommexico.com\\\/es\\\/producto\\\/gilberto-aceves-navarro-1951-2005\\\/\"]}]},{\"@type\":\"ImageObject\",\"inLanguage\":\"es\",\"@id\":\"https:\\\/\\\/booksfrommexico.com\\\/es\\\/producto\\\/gilberto-aceves-navarro-1951-2005\\\/#primaryimage\",\"url\":\"https:\\\/\\\/booksfrommexico.com\\\/app\\\/uploads\\\/2023\\\/05\\\/130525.jpeg\",\"contentUrl\":\"https:\\\/\\\/booksfrommexico.com\\\/app\\\/uploads\\\/2023\\\/05\\\/130525.jpeg\",\"width\":586,\"height\":786},{\"@type\":\"BreadcrumbList\",\"@id\":\"https:\\\/\\\/booksfrommexico.com\\\/es\\\/producto\\\/gilberto-aceves-navarro-1951-2005\\\/#breadcrumb\",\"itemListElement\":[{\"@type\":\"ListItem\",\"position\":1,\"name\":\"Home\",\"item\":\"https:\\\/\\\/booksfrommexico.com\\\/es\\\/\"},{\"@type\":\"ListItem\",\"position\":2,\"name\":\"Libros\",\"item\":\"https:\\\/\\\/booksfrommexico.com\\\/es\\\/libros\\\/\"},{\"@type\":\"ListItem\",\"position\":3,\"name\":\"Gilberto Aceves Navarro 1951-2005\"}]},{\"@type\":\"WebSite\",\"@id\":\"https:\\\/\\\/booksfrommexico.com\\\/#website\",\"url\":\"https:\\\/\\\/booksfrommexico.com\\\/\",\"name\":\"Books From Mexico\",\"description\":\"\",\"publisher\":{\"@id\":\"https:\\\/\\\/booksfrommexico.com\\\/#organization\"},\"potentialAction\":[{\"@type\":\"SearchAction\",\"target\":{\"@type\":\"EntryPoint\",\"urlTemplate\":\"https:\\\/\\\/booksfrommexico.com\\\/?s={search_term_string}\"},\"query-input\":{\"@type\":\"PropertyValueSpecification\",\"valueRequired\":true,\"valueName\":\"search_term_string\"}}],\"inLanguage\":\"es\"},{\"@type\":\"Organization\",\"@id\":\"https:\\\/\\\/booksfrommexico.com\\\/#organization\",\"name\":\"Books From Mexico\",\"url\":\"https:\\\/\\\/booksfrommexico.com\\\/\",\"logo\":{\"@type\":\"ImageObject\",\"inLanguage\":\"es\",\"@id\":\"https:\\\/\\\/booksfrommexico.com\\\/#\\\/schema\\\/logo\\\/image\\\/\",\"url\":\"https:\\\/\\\/booksfrommexico.com\\\/app\\\/uploads\\\/2023\\\/05\\\/logo-booksfrommexico.svg\",\"contentUrl\":\"https:\\\/\\\/booksfrommexico.com\\\/app\\\/uploads\\\/2023\\\/05\\\/logo-booksfrommexico.svg\",\"width\":86,\"height\":56,\"caption\":\"Books From Mexico\"},\"image\":{\"@id\":\"https:\\\/\\\/booksfrommexico.com\\\/#\\\/schema\\\/logo\\\/image\\\/\"}}]}<\/script>\n<!-- \/ Yoast SEO plugin. -->","yoast_head_json":{"title":"Gilberto Aceves Navarro 1951-2005","description":"GILBERTO ACEVES NAVARRO 1951-2005. \/ Luis Ignacio S\u00e1inz. CONACULTA ; INAH ; UAM, Unidad Xochimilco ; Oak Editorial, 2005. ISBN : 9703509932.","robots":{"index":"index","follow":"follow","max-snippet":"max-snippet:-1","max-image-preview":"max-image-preview:large","max-video-preview":"max-video-preview:-1"},"canonical":"https:\/\/booksfrommexico.com\/es\/producto\/gilberto-aceves-navarro-1951-2005\/","og_locale":"es_ES","og_type":"article","og_title":"Gilberto Aceves Navarro 1951-2005","og_description":"GILBERTO ACEVES NAVARRO 1951-2005. \/ Luis Ignacio S\u00e1inz. CONACULTA ; INAH ; UAM, Unidad Xochimilco ; Oak Editorial, 2005. ISBN : 9703509932.","og_url":"https:\/\/booksfrommexico.com\/es\/producto\/gilberto-aceves-navarro-1951-2005\/","og_site_name":"Books From Mexico","article_modified_time":"2024-07-22T22:55:22+00:00","og_image":[{"width":586,"height":786,"url":"http:\/\/booksfrommexico.com\/app\/uploads\/2023\/05\/130525.jpeg","type":"image\/jpeg"}],"twitter_card":"summary_large_image","twitter_misc":{"Tiempo de lectura":"1 minuto"},"schema":{"@context":"https:\/\/schema.org","@graph":[{"@type":"WebPage","@id":"https:\/\/booksfrommexico.com\/es\/producto\/gilberto-aceves-navarro-1951-2005\/","url":"https:\/\/booksfrommexico.com\/es\/producto\/gilberto-aceves-navarro-1951-2005\/","name":"Gilberto Aceves Navarro 1951-2005","isPartOf":{"@id":"https:\/\/booksfrommexico.com\/#website"},"primaryImageOfPage":{"@id":"https:\/\/booksfrommexico.com\/es\/producto\/gilberto-aceves-navarro-1951-2005\/#primaryimage"},"image":{"@id":"https:\/\/booksfrommexico.com\/es\/producto\/gilberto-aceves-navarro-1951-2005\/#primaryimage"},"thumbnailUrl":"https:\/\/booksfrommexico.com\/app\/uploads\/2023\/05\/130525.jpeg","datePublished":"2023-05-08T17:04:54+00:00","dateModified":"2024-07-22T22:55:22+00:00","description":"GILBERTO ACEVES NAVARRO 1951-2005. \/ Luis Ignacio S\u00e1inz. CONACULTA ; INAH ; UAM, Unidad Xochimilco ; Oak Editorial, 2005. ISBN : 9703509932.","breadcrumb":{"@id":"https:\/\/booksfrommexico.com\/es\/producto\/gilberto-aceves-navarro-1951-2005\/#breadcrumb"},"inLanguage":"es","potentialAction":[{"@type":"ReadAction","target":["https:\/\/booksfrommexico.com\/es\/producto\/gilberto-aceves-navarro-1951-2005\/"]}]},{"@type":"ImageObject","inLanguage":"es","@id":"https:\/\/booksfrommexico.com\/es\/producto\/gilberto-aceves-navarro-1951-2005\/#primaryimage","url":"https:\/\/booksfrommexico.com\/app\/uploads\/2023\/05\/130525.jpeg","contentUrl":"https:\/\/booksfrommexico.com\/app\/uploads\/2023\/05\/130525.jpeg","width":586,"height":786},{"@type":"BreadcrumbList","@id":"https:\/\/booksfrommexico.com\/es\/producto\/gilberto-aceves-navarro-1951-2005\/#breadcrumb","itemListElement":[{"@type":"ListItem","position":1,"name":"Home","item":"https:\/\/booksfrommexico.com\/es\/"},{"@type":"ListItem","position":2,"name":"Libros","item":"https:\/\/booksfrommexico.com\/es\/libros\/"},{"@type":"ListItem","position":3,"name":"Gilberto Aceves Navarro 1951-2005"}]},{"@type":"WebSite","@id":"https:\/\/booksfrommexico.com\/#website","url":"https:\/\/booksfrommexico.com\/","name":"Books From Mexico","description":"","publisher":{"@id":"https:\/\/booksfrommexico.com\/#organization"},"potentialAction":[{"@type":"SearchAction","target":{"@type":"EntryPoint","urlTemplate":"https:\/\/booksfrommexico.com\/?s={search_term_string}"},"query-input":{"@type":"PropertyValueSpecification","valueRequired":true,"valueName":"search_term_string"}}],"inLanguage":"es"},{"@type":"Organization","@id":"https:\/\/booksfrommexico.com\/#organization","name":"Books From Mexico","url":"https:\/\/booksfrommexico.com\/","logo":{"@type":"ImageObject","inLanguage":"es","@id":"https:\/\/booksfrommexico.com\/#\/schema\/logo\/image\/","url":"https:\/\/booksfrommexico.com\/app\/uploads\/2023\/05\/logo-booksfrommexico.svg","contentUrl":"https:\/\/booksfrommexico.com\/app\/uploads\/2023\/05\/logo-booksfrommexico.svg","width":86,"height":56,"caption":"Books From Mexico"},"image":{"@id":"https:\/\/booksfrommexico.com\/#\/schema\/logo\/image\/"}}]}},"_links":{"self":[{"href":"https:\/\/booksfrommexico.com\/es\/wp-json\/wp\/v2\/product\/634","targetHints":{"allow":["GET"]}}],"collection":[{"href":"https:\/\/booksfrommexico.com\/es\/wp-json\/wp\/v2\/product"}],"about":[{"href":"https:\/\/booksfrommexico.com\/es\/wp-json\/wp\/v2\/types\/product"}],"wp:featuredmedia":[{"embeddable":true,"href":"https:\/\/booksfrommexico.com\/es\/wp-json\/wp\/v2\/media\/633"}],"wp:attachment":[{"href":"https:\/\/booksfrommexico.com\/es\/wp-json\/wp\/v2\/media?parent=634"}],"wp:term":[{"taxonomy":"product_brand","embeddable":true,"href":"https:\/\/booksfrommexico.com\/es\/wp-json\/wp\/v2\/product_brand?post=634"},{"taxonomy":"product_cat","embeddable":true,"href":"https:\/\/booksfrommexico.com\/es\/wp-json\/wp\/v2\/product_cat?post=634"},{"taxonomy":"product_tag","embeddable":true,"href":"https:\/\/booksfrommexico.com\/es\/wp-json\/wp\/v2\/product_tag?post=634"}],"curies":[{"name":"wp","href":"https:\/\/api.w.org\/{rel}","templated":true}]}}