{"id":638,"date":"2023-05-08T17:04:56","date_gmt":"2023-05-08T17:04:56","guid":{"rendered":"http:\/\/booksfrommexico.com\/product\/celebracion-del-zapatismo-los-aniversarios\/"},"modified":"2024-07-22T23:31:20","modified_gmt":"2024-07-22T23:31:20","slug":"celebracion-del-zapatismo-los-aniversarios","status":"publish","type":"product","link":"https:\/\/booksfrommexico.com\/es\/producto\/celebracion-del-zapatismo-los-aniversarios\/","title":{"rendered":"Celebraci\u00f3n del zapatismo: Los aniversarios"},"content":{"rendered":"<p><span style=\"font-weight: 400;\">El zapatismo aparece a principios de los a\u00f1os 2000 como la iniciativa pol\u00edtica m\u00e1s radical del mundo, sin embargo, a pesar de su inmensa visibilidad, los zapatistas siguen representando un misterio y paradoja. En este ensayo se examina la naturaleza y perspectivas del zapatismo, as\u00ed como lo ocurrido en entre 2003 y 2006: la continua descomposici\u00f3n de las clases pol\u00edticas, la consolidaci\u00f3n del tejido social y pol\u00edtico creado por los zapatistas en Chiapas y la nueva forma de insurrecci\u00f3n \u2013anunciada en la Sexta Declaraci\u00f3n de la Selva Lacandona. El autor intenta aqu\u00ed contribuir a la reflexi\u00f3n e iniciativas con un recuento de las propuestas, logros y sue\u00f1os del zapatismo.<\/span><\/p>\n","protected":false},"excerpt":{"rendered":"<p>CELEBRACI\u00d3N DEL ZAPATISMO : LOS ANIVERSARIOS<span style=\"font-weight: 400;\">. \/ Gustavo Esteva. Oaxaca, M\u00e9xico : Ediciones \u00a1Basta! ; Goa, India : Multiversity, 2006. 45 pages : includes references, bibliographic references ; 17 cm. (Colecci\u00f3n Disidencias).<\/span><\/p>\n","protected":false},"featured_media":637,"template":"","meta":{"_acf_changed":false,"inline_featured_image":false},"product_brand":[],"product_cat":[112,113],"product_tag":[3700,4398,4434,4254],"class_list":{"0":"post-638","1":"product","2":"type-product","3":"status-publish","4":"has-post-thumbnail","6":"product_cat-contemporanea-historia","7":"product_cat-historia-social","8":"product_tag-chiapas-mexico","9":"product_tag-historia-mexico","10":"product_tag-movimientos-sociales","11":"product_tag-zapatismo","13":"first","14":"instock","15":"taxable","16":"shipping-taxable","17":"purchasable","18":"product-type-simple"},"acf":[],"yoast_head":"<!-- This site is optimized with the Yoast SEO plugin v27.3 - https:\/\/yoast.com\/product\/yoast-seo-wordpress\/ -->\n<title>Celebraci\u00f3n del zapatismo: Los aniversarios<\/title>\n<meta name=\"description\" content=\"CELEBRACI\u00d3N DEL ZAPATISMO : LOS ANIVERSARIOS. \/ Gustavo Esteva. Ediciones \u00a1Basta! ; Goa, India : Multiversity, 2006. (Colecci\u00f3n Disidencias).\" \/>\n<meta name=\"robots\" content=\"index, follow, max-snippet:-1, max-image-preview:large, max-video-preview:-1\" \/>\n<link rel=\"canonical\" href=\"https:\/\/booksfrommexico.com\/es\/producto\/celebracion-del-zapatismo-los-aniversarios\/\" \/>\n<meta property=\"og:locale\" content=\"es_ES\" \/>\n<meta property=\"og:type\" content=\"article\" \/>\n<meta property=\"og:title\" content=\"Celebraci\u00f3n del zapatismo: Los aniversarios\" \/>\n<meta property=\"og:description\" content=\"CELEBRACI\u00d3N DEL ZAPATISMO : LOS ANIVERSARIOS. \/ Gustavo Esteva. Ediciones \u00a1Basta! ; Goa, India : Multiversity, 2006. (Colecci\u00f3n Disidencias).\" \/>\n<meta property=\"og:url\" content=\"https:\/\/booksfrommexico.com\/es\/producto\/celebracion-del-zapatismo-los-aniversarios\/\" \/>\n<meta property=\"og:site_name\" content=\"Books From Mexico\" \/>\n<meta property=\"article:modified_time\" content=\"2024-07-22T23:31:20+00:00\" \/>\n<meta property=\"og:image\" content=\"http:\/\/booksfrommexico.com\/app\/uploads\/2023\/05\/130092.jpeg\" \/>\n\t<meta property=\"og:image:width\" content=\"337\" \/>\n\t<meta property=\"og:image:height\" content=\"488\" \/>\n\t<meta property=\"og:image:type\" content=\"image\/jpeg\" \/>\n<meta name=\"twitter:card\" content=\"summary_large_image\" \/>\n<meta name=\"twitter:label1\" content=\"Tiempo de lectura\" \/>\n\t<meta name=\"twitter:data1\" content=\"1 minuto\" \/>\n<script type=\"application\/ld+json\" class=\"yoast-schema-graph\">{\"@context\":\"https:\\\/\\\/schema.org\",\"@graph\":[{\"@type\":\"WebPage\",\"@id\":\"https:\\\/\\\/booksfrommexico.com\\\/es\\\/producto\\\/celebracion-del-zapatismo-los-aniversarios\\\/\",\"url\":\"https:\\\/\\\/booksfrommexico.com\\\/es\\\/producto\\\/celebracion-del-zapatismo-los-aniversarios\\\/\",\"name\":\"Celebraci\u00f3n del zapatismo: Los aniversarios\",\"isPartOf\":{\"@id\":\"https:\\\/\\\/booksfrommexico.com\\\/#website\"},\"primaryImageOfPage\":{\"@id\":\"https:\\\/\\\/booksfrommexico.com\\\/es\\\/producto\\\/celebracion-del-zapatismo-los-aniversarios\\\/#primaryimage\"},\"image\":{\"@id\":\"https:\\\/\\\/booksfrommexico.com\\\/es\\\/producto\\\/celebracion-del-zapatismo-los-aniversarios\\\/#primaryimage\"},\"thumbnailUrl\":\"https:\\\/\\\/booksfrommexico.com\\\/app\\\/uploads\\\/2023\\\/05\\\/130092.jpeg\",\"datePublished\":\"2023-05-08T17:04:56+00:00\",\"dateModified\":\"2024-07-22T23:31:20+00:00\",\"description\":\"CELEBRACI\u00d3N DEL ZAPATISMO : LOS ANIVERSARIOS. \\\/ Gustavo Esteva. Ediciones \u00a1Basta! ; Goa, India : Multiversity, 2006. (Colecci\u00f3n Disidencias).\",\"breadcrumb\":{\"@id\":\"https:\\\/\\\/booksfrommexico.com\\\/es\\\/producto\\\/celebracion-del-zapatismo-los-aniversarios\\\/#breadcrumb\"},\"inLanguage\":\"es\",\"potentialAction\":[{\"@type\":\"ReadAction\",\"target\":[\"https:\\\/\\\/booksfrommexico.com\\\/es\\\/producto\\\/celebracion-del-zapatismo-los-aniversarios\\\/\"]}]},{\"@type\":\"ImageObject\",\"inLanguage\":\"es\",\"@id\":\"https:\\\/\\\/booksfrommexico.com\\\/es\\\/producto\\\/celebracion-del-zapatismo-los-aniversarios\\\/#primaryimage\",\"url\":\"https:\\\/\\\/booksfrommexico.com\\\/app\\\/uploads\\\/2023\\\/05\\\/130092.jpeg\",\"contentUrl\":\"https:\\\/\\\/booksfrommexico.com\\\/app\\\/uploads\\\/2023\\\/05\\\/130092.jpeg\",\"width\":337,\"height\":488},{\"@type\":\"BreadcrumbList\",\"@id\":\"https:\\\/\\\/booksfrommexico.com\\\/es\\\/producto\\\/celebracion-del-zapatismo-los-aniversarios\\\/#breadcrumb\",\"itemListElement\":[{\"@type\":\"ListItem\",\"position\":1,\"name\":\"Home\",\"item\":\"https:\\\/\\\/booksfrommexico.com\\\/es\\\/\"},{\"@type\":\"ListItem\",\"position\":2,\"name\":\"Libros\",\"item\":\"https:\\\/\\\/booksfrommexico.com\\\/es\\\/libros\\\/\"},{\"@type\":\"ListItem\",\"position\":3,\"name\":\"Celebraci\u00f3n del zapatismo: Los aniversarios\"}]},{\"@type\":\"WebSite\",\"@id\":\"https:\\\/\\\/booksfrommexico.com\\\/#website\",\"url\":\"https:\\\/\\\/booksfrommexico.com\\\/\",\"name\":\"Books From Mexico\",\"description\":\"\",\"publisher\":{\"@id\":\"https:\\\/\\\/booksfrommexico.com\\\/#organization\"},\"potentialAction\":[{\"@type\":\"SearchAction\",\"target\":{\"@type\":\"EntryPoint\",\"urlTemplate\":\"https:\\\/\\\/booksfrommexico.com\\\/?s={search_term_string}\"},\"query-input\":{\"@type\":\"PropertyValueSpecification\",\"valueRequired\":true,\"valueName\":\"search_term_string\"}}],\"inLanguage\":\"es\"},{\"@type\":\"Organization\",\"@id\":\"https:\\\/\\\/booksfrommexico.com\\\/#organization\",\"name\":\"Books From Mexico\",\"url\":\"https:\\\/\\\/booksfrommexico.com\\\/\",\"logo\":{\"@type\":\"ImageObject\",\"inLanguage\":\"es\",\"@id\":\"https:\\\/\\\/booksfrommexico.com\\\/#\\\/schema\\\/logo\\\/image\\\/\",\"url\":\"https:\\\/\\\/booksfrommexico.com\\\/app\\\/uploads\\\/2023\\\/05\\\/logo-booksfrommexico.svg\",\"contentUrl\":\"https:\\\/\\\/booksfrommexico.com\\\/app\\\/uploads\\\/2023\\\/05\\\/logo-booksfrommexico.svg\",\"width\":86,\"height\":56,\"caption\":\"Books From Mexico\"},\"image\":{\"@id\":\"https:\\\/\\\/booksfrommexico.com\\\/#\\\/schema\\\/logo\\\/image\\\/\"}}]}<\/script>\n<!-- \/ Yoast SEO plugin. -->","yoast_head_json":{"title":"Celebraci\u00f3n del zapatismo: Los aniversarios","description":"CELEBRACI\u00d3N DEL ZAPATISMO : LOS ANIVERSARIOS. \/ Gustavo Esteva. Ediciones \u00a1Basta! ; Goa, India : Multiversity, 2006. (Colecci\u00f3n Disidencias).","robots":{"index":"index","follow":"follow","max-snippet":"max-snippet:-1","max-image-preview":"max-image-preview:large","max-video-preview":"max-video-preview:-1"},"canonical":"https:\/\/booksfrommexico.com\/es\/producto\/celebracion-del-zapatismo-los-aniversarios\/","og_locale":"es_ES","og_type":"article","og_title":"Celebraci\u00f3n del zapatismo: Los aniversarios","og_description":"CELEBRACI\u00d3N DEL ZAPATISMO : LOS ANIVERSARIOS. \/ Gustavo Esteva. Ediciones \u00a1Basta! ; Goa, India : Multiversity, 2006. (Colecci\u00f3n Disidencias).","og_url":"https:\/\/booksfrommexico.com\/es\/producto\/celebracion-del-zapatismo-los-aniversarios\/","og_site_name":"Books From Mexico","article_modified_time":"2024-07-22T23:31:20+00:00","og_image":[{"width":337,"height":488,"url":"http:\/\/booksfrommexico.com\/app\/uploads\/2023\/05\/130092.jpeg","type":"image\/jpeg"}],"twitter_card":"summary_large_image","twitter_misc":{"Tiempo de lectura":"1 minuto"},"schema":{"@context":"https:\/\/schema.org","@graph":[{"@type":"WebPage","@id":"https:\/\/booksfrommexico.com\/es\/producto\/celebracion-del-zapatismo-los-aniversarios\/","url":"https:\/\/booksfrommexico.com\/es\/producto\/celebracion-del-zapatismo-los-aniversarios\/","name":"Celebraci\u00f3n del zapatismo: Los aniversarios","isPartOf":{"@id":"https:\/\/booksfrommexico.com\/#website"},"primaryImageOfPage":{"@id":"https:\/\/booksfrommexico.com\/es\/producto\/celebracion-del-zapatismo-los-aniversarios\/#primaryimage"},"image":{"@id":"https:\/\/booksfrommexico.com\/es\/producto\/celebracion-del-zapatismo-los-aniversarios\/#primaryimage"},"thumbnailUrl":"https:\/\/booksfrommexico.com\/app\/uploads\/2023\/05\/130092.jpeg","datePublished":"2023-05-08T17:04:56+00:00","dateModified":"2024-07-22T23:31:20+00:00","description":"CELEBRACI\u00d3N DEL ZAPATISMO : LOS ANIVERSARIOS. \/ Gustavo Esteva. Ediciones \u00a1Basta! ; Goa, India : Multiversity, 2006. (Colecci\u00f3n Disidencias).","breadcrumb":{"@id":"https:\/\/booksfrommexico.com\/es\/producto\/celebracion-del-zapatismo-los-aniversarios\/#breadcrumb"},"inLanguage":"es","potentialAction":[{"@type":"ReadAction","target":["https:\/\/booksfrommexico.com\/es\/producto\/celebracion-del-zapatismo-los-aniversarios\/"]}]},{"@type":"ImageObject","inLanguage":"es","@id":"https:\/\/booksfrommexico.com\/es\/producto\/celebracion-del-zapatismo-los-aniversarios\/#primaryimage","url":"https:\/\/booksfrommexico.com\/app\/uploads\/2023\/05\/130092.jpeg","contentUrl":"https:\/\/booksfrommexico.com\/app\/uploads\/2023\/05\/130092.jpeg","width":337,"height":488},{"@type":"BreadcrumbList","@id":"https:\/\/booksfrommexico.com\/es\/producto\/celebracion-del-zapatismo-los-aniversarios\/#breadcrumb","itemListElement":[{"@type":"ListItem","position":1,"name":"Home","item":"https:\/\/booksfrommexico.com\/es\/"},{"@type":"ListItem","position":2,"name":"Libros","item":"https:\/\/booksfrommexico.com\/es\/libros\/"},{"@type":"ListItem","position":3,"name":"Celebraci\u00f3n del zapatismo: Los aniversarios"}]},{"@type":"WebSite","@id":"https:\/\/booksfrommexico.com\/#website","url":"https:\/\/booksfrommexico.com\/","name":"Books From Mexico","description":"","publisher":{"@id":"https:\/\/booksfrommexico.com\/#organization"},"potentialAction":[{"@type":"SearchAction","target":{"@type":"EntryPoint","urlTemplate":"https:\/\/booksfrommexico.com\/?s={search_term_string}"},"query-input":{"@type":"PropertyValueSpecification","valueRequired":true,"valueName":"search_term_string"}}],"inLanguage":"es"},{"@type":"Organization","@id":"https:\/\/booksfrommexico.com\/#organization","name":"Books From Mexico","url":"https:\/\/booksfrommexico.com\/","logo":{"@type":"ImageObject","inLanguage":"es","@id":"https:\/\/booksfrommexico.com\/#\/schema\/logo\/image\/","url":"https:\/\/booksfrommexico.com\/app\/uploads\/2023\/05\/logo-booksfrommexico.svg","contentUrl":"https:\/\/booksfrommexico.com\/app\/uploads\/2023\/05\/logo-booksfrommexico.svg","width":86,"height":56,"caption":"Books From Mexico"},"image":{"@id":"https:\/\/booksfrommexico.com\/#\/schema\/logo\/image\/"}}]}},"_links":{"self":[{"href":"https:\/\/booksfrommexico.com\/es\/wp-json\/wp\/v2\/product\/638","targetHints":{"allow":["GET"]}}],"collection":[{"href":"https:\/\/booksfrommexico.com\/es\/wp-json\/wp\/v2\/product"}],"about":[{"href":"https:\/\/booksfrommexico.com\/es\/wp-json\/wp\/v2\/types\/product"}],"wp:featuredmedia":[{"embeddable":true,"href":"https:\/\/booksfrommexico.com\/es\/wp-json\/wp\/v2\/media\/637"}],"wp:attachment":[{"href":"https:\/\/booksfrommexico.com\/es\/wp-json\/wp\/v2\/media?parent=638"}],"wp:term":[{"taxonomy":"product_brand","embeddable":true,"href":"https:\/\/booksfrommexico.com\/es\/wp-json\/wp\/v2\/product_brand?post=638"},{"taxonomy":"product_cat","embeddable":true,"href":"https:\/\/booksfrommexico.com\/es\/wp-json\/wp\/v2\/product_cat?post=638"},{"taxonomy":"product_tag","embeddable":true,"href":"https:\/\/booksfrommexico.com\/es\/wp-json\/wp\/v2\/product_tag?post=638"}],"curies":[{"name":"wp","href":"https:\/\/api.w.org\/{rel}","templated":true}]}}