{"id":640,"date":"2023-05-08T17:04:58","date_gmt":"2023-05-08T17:04:58","guid":{"rendered":"http:\/\/booksfrommexico.com\/product\/pinotepa-de-don-luis-costumbres-y-tradiciones\/"},"modified":"2025-03-03T03:27:17","modified_gmt":"2025-03-03T03:27:17","slug":"pinotepa-de-don-luis-costumbres-y-tradiciones","status":"publish","type":"product","link":"https:\/\/booksfrommexico.com\/es\/producto\/pinotepa-de-don-luis-costumbres-y-tradiciones\/","title":{"rendered":"Pinotepa de don Luis: Costumbres y tradiciones"},"content":{"rendered":"<p><span style=\"font-weight: 400;\">El prop\u00f3sito del autor con este t\u00edtulo es dar a conocer m\u00e1s sobre las ra\u00edces culturales ind\u00edgenas oaxaque\u00f1as, invitando al an\u00e1lisis y la valoraci\u00f3n de las culturas que, considera, est\u00e1n en v\u00edas de extinci\u00f3n. En esta investigaci\u00f3n se pretende rescatar los valores sociales y culturales, legado de antepasados, para que queden plasmados en libros y, de ser posible, inculcar a los ni\u00f1os una forma de preservarlos. Aqu\u00ed se hace una s\u00edntesis geogr\u00e1fica, una s\u00edntesis hist\u00f3rica, una s\u00edntesis socio-cultural, se ofrecen caracter\u00edsticas \u00e9tnicas, se ahonda en los recursos econ\u00f3micos y la educaci\u00f3n, con un acompa\u00f1amiento de fotograf\u00edas y mapas.<\/span><\/p>\n","protected":false},"excerpt":{"rendered":"<p>PINOTEPA DE DON LUIS : COSTUMBRES Y TRADICIONES<span style=\"font-weight: 400;\">. \/ Antonio Hern\u00e1ndez Monta\u00f1o. Oaxaca, M\u00e9xico : Consejo Nacional para la Cultura y las Artes , Culturas Populares e Ind\u00edgenas ; Instituto Oaxaque\u00f1o de las Culturas ; Programa de Apoyo a las Culturas Municipales Comunitarias, 2004. 146 pages : includes photos, maps, glossary ; 21 cm. <\/span><\/p>\n","protected":false},"featured_media":639,"template":"","meta":{"_acf_changed":false,"inline_featured_image":false},"product_brand":[],"product_cat":[19,117],"product_tag":[4341,3797,4041,4481,3608],"class_list":{"0":"post-640","1":"product","2":"type-product","3":"status-publish","4":"has-post-thumbnail","6":"product_cat-antropologia","7":"product_cat-etnoantropolgia","8":"product_tag-cultura","9":"product_tag-oaxaca-mexico","10":"product_tag-pueblos-indigenas","11":"product_tag-tradicion-y-costumbres","12":"product_tag-vida-social-y-costumbres","14":"first","15":"outofstock","16":"taxable","17":"shipping-taxable","18":"purchasable","19":"product-type-simple"},"acf":[],"yoast_head":"<!-- This site is optimized with the Yoast SEO plugin v27.3 - https:\/\/yoast.com\/product\/yoast-seo-wordpress\/ -->\n<title>Pinotepa de don Luis: Costumbres y tradiciones<\/title>\n<meta name=\"description\" content=\"PINOTEPA DE DON LUIS : COSTUMBRES Y TRADICIONES. \/ Hern\u00e1ndez Monta\u00f1o. CONACULTA , Culturas Populares e Ind\u00edgenas ; Instituto Oaxaque\u00f1o de las Culturas.\" \/>\n<meta name=\"robots\" content=\"index, follow, max-snippet:-1, max-image-preview:large, max-video-preview:-1\" \/>\n<link rel=\"canonical\" href=\"https:\/\/booksfrommexico.com\/es\/producto\/pinotepa-de-don-luis-costumbres-y-tradiciones\/\" \/>\n<meta property=\"og:locale\" content=\"es_ES\" \/>\n<meta property=\"og:type\" content=\"article\" \/>\n<meta property=\"og:title\" content=\"Pinotepa de don Luis: Costumbres y tradiciones\" \/>\n<meta property=\"og:description\" content=\"PINOTEPA DE DON LUIS : COSTUMBRES Y TRADICIONES. \/ Hern\u00e1ndez Monta\u00f1o. CONACULTA , Culturas Populares e Ind\u00edgenas ; Instituto Oaxaque\u00f1o de las Culturas.\" \/>\n<meta property=\"og:url\" content=\"https:\/\/booksfrommexico.com\/es\/producto\/pinotepa-de-don-luis-costumbres-y-tradiciones\/\" \/>\n<meta property=\"og:site_name\" content=\"Books From Mexico\" \/>\n<meta property=\"article:modified_time\" content=\"2025-03-03T03:27:17+00:00\" \/>\n<meta property=\"og:image\" content=\"http:\/\/booksfrommexico.com\/app\/uploads\/2023\/05\/130091.jpeg\" \/>\n\t<meta property=\"og:image:width\" content=\"456\" \/>\n\t<meta property=\"og:image:height\" content=\"605\" \/>\n\t<meta property=\"og:image:type\" content=\"image\/jpeg\" \/>\n<meta name=\"twitter:card\" content=\"summary_large_image\" \/>\n<meta name=\"twitter:label1\" content=\"Tiempo de lectura\" \/>\n\t<meta name=\"twitter:data1\" content=\"1 minuto\" \/>\n<script type=\"application\/ld+json\" class=\"yoast-schema-graph\">{\"@context\":\"https:\\\/\\\/schema.org\",\"@graph\":[{\"@type\":\"WebPage\",\"@id\":\"https:\\\/\\\/booksfrommexico.com\\\/es\\\/producto\\\/pinotepa-de-don-luis-costumbres-y-tradiciones\\\/\",\"url\":\"https:\\\/\\\/booksfrommexico.com\\\/es\\\/producto\\\/pinotepa-de-don-luis-costumbres-y-tradiciones\\\/\",\"name\":\"Pinotepa de don Luis: Costumbres y tradiciones\",\"isPartOf\":{\"@id\":\"https:\\\/\\\/booksfrommexico.com\\\/#website\"},\"primaryImageOfPage\":{\"@id\":\"https:\\\/\\\/booksfrommexico.com\\\/es\\\/producto\\\/pinotepa-de-don-luis-costumbres-y-tradiciones\\\/#primaryimage\"},\"image\":{\"@id\":\"https:\\\/\\\/booksfrommexico.com\\\/es\\\/producto\\\/pinotepa-de-don-luis-costumbres-y-tradiciones\\\/#primaryimage\"},\"thumbnailUrl\":\"https:\\\/\\\/booksfrommexico.com\\\/app\\\/uploads\\\/2023\\\/05\\\/130091.jpeg\",\"datePublished\":\"2023-05-08T17:04:58+00:00\",\"dateModified\":\"2025-03-03T03:27:17+00:00\",\"description\":\"PINOTEPA DE DON LUIS : COSTUMBRES Y TRADICIONES. \\\/ Hern\u00e1ndez Monta\u00f1o. CONACULTA , Culturas Populares e Ind\u00edgenas ; Instituto Oaxaque\u00f1o de las Culturas.\",\"breadcrumb\":{\"@id\":\"https:\\\/\\\/booksfrommexico.com\\\/es\\\/producto\\\/pinotepa-de-don-luis-costumbres-y-tradiciones\\\/#breadcrumb\"},\"inLanguage\":\"es\",\"potentialAction\":[{\"@type\":\"ReadAction\",\"target\":[\"https:\\\/\\\/booksfrommexico.com\\\/es\\\/producto\\\/pinotepa-de-don-luis-costumbres-y-tradiciones\\\/\"]}]},{\"@type\":\"ImageObject\",\"inLanguage\":\"es\",\"@id\":\"https:\\\/\\\/booksfrommexico.com\\\/es\\\/producto\\\/pinotepa-de-don-luis-costumbres-y-tradiciones\\\/#primaryimage\",\"url\":\"https:\\\/\\\/booksfrommexico.com\\\/app\\\/uploads\\\/2023\\\/05\\\/130091.jpeg\",\"contentUrl\":\"https:\\\/\\\/booksfrommexico.com\\\/app\\\/uploads\\\/2023\\\/05\\\/130091.jpeg\",\"width\":456,\"height\":605},{\"@type\":\"BreadcrumbList\",\"@id\":\"https:\\\/\\\/booksfrommexico.com\\\/es\\\/producto\\\/pinotepa-de-don-luis-costumbres-y-tradiciones\\\/#breadcrumb\",\"itemListElement\":[{\"@type\":\"ListItem\",\"position\":1,\"name\":\"Home\",\"item\":\"https:\\\/\\\/booksfrommexico.com\\\/es\\\/\"},{\"@type\":\"ListItem\",\"position\":2,\"name\":\"Libros\",\"item\":\"https:\\\/\\\/booksfrommexico.com\\\/es\\\/libros\\\/\"},{\"@type\":\"ListItem\",\"position\":3,\"name\":\"Pinotepa de don Luis: Costumbres y tradiciones\"}]},{\"@type\":\"WebSite\",\"@id\":\"https:\\\/\\\/booksfrommexico.com\\\/#website\",\"url\":\"https:\\\/\\\/booksfrommexico.com\\\/\",\"name\":\"Books From Mexico\",\"description\":\"\",\"publisher\":{\"@id\":\"https:\\\/\\\/booksfrommexico.com\\\/#organization\"},\"potentialAction\":[{\"@type\":\"SearchAction\",\"target\":{\"@type\":\"EntryPoint\",\"urlTemplate\":\"https:\\\/\\\/booksfrommexico.com\\\/?s={search_term_string}\"},\"query-input\":{\"@type\":\"PropertyValueSpecification\",\"valueRequired\":true,\"valueName\":\"search_term_string\"}}],\"inLanguage\":\"es\"},{\"@type\":\"Organization\",\"@id\":\"https:\\\/\\\/booksfrommexico.com\\\/#organization\",\"name\":\"Books From Mexico\",\"url\":\"https:\\\/\\\/booksfrommexico.com\\\/\",\"logo\":{\"@type\":\"ImageObject\",\"inLanguage\":\"es\",\"@id\":\"https:\\\/\\\/booksfrommexico.com\\\/#\\\/schema\\\/logo\\\/image\\\/\",\"url\":\"https:\\\/\\\/booksfrommexico.com\\\/app\\\/uploads\\\/2023\\\/05\\\/logo-booksfrommexico.svg\",\"contentUrl\":\"https:\\\/\\\/booksfrommexico.com\\\/app\\\/uploads\\\/2023\\\/05\\\/logo-booksfrommexico.svg\",\"width\":86,\"height\":56,\"caption\":\"Books From Mexico\"},\"image\":{\"@id\":\"https:\\\/\\\/booksfrommexico.com\\\/#\\\/schema\\\/logo\\\/image\\\/\"}}]}<\/script>\n<!-- \/ Yoast SEO plugin. -->","yoast_head_json":{"title":"Pinotepa de don Luis: Costumbres y tradiciones","description":"PINOTEPA DE DON LUIS : COSTUMBRES Y TRADICIONES. \/ Hern\u00e1ndez Monta\u00f1o. CONACULTA , Culturas Populares e Ind\u00edgenas ; Instituto Oaxaque\u00f1o de las Culturas.","robots":{"index":"index","follow":"follow","max-snippet":"max-snippet:-1","max-image-preview":"max-image-preview:large","max-video-preview":"max-video-preview:-1"},"canonical":"https:\/\/booksfrommexico.com\/es\/producto\/pinotepa-de-don-luis-costumbres-y-tradiciones\/","og_locale":"es_ES","og_type":"article","og_title":"Pinotepa de don Luis: Costumbres y tradiciones","og_description":"PINOTEPA DE DON LUIS : COSTUMBRES Y TRADICIONES. \/ Hern\u00e1ndez Monta\u00f1o. CONACULTA , Culturas Populares e Ind\u00edgenas ; Instituto Oaxaque\u00f1o de las Culturas.","og_url":"https:\/\/booksfrommexico.com\/es\/producto\/pinotepa-de-don-luis-costumbres-y-tradiciones\/","og_site_name":"Books From Mexico","article_modified_time":"2025-03-03T03:27:17+00:00","og_image":[{"width":456,"height":605,"url":"http:\/\/booksfrommexico.com\/app\/uploads\/2023\/05\/130091.jpeg","type":"image\/jpeg"}],"twitter_card":"summary_large_image","twitter_misc":{"Tiempo de lectura":"1 minuto"},"schema":{"@context":"https:\/\/schema.org","@graph":[{"@type":"WebPage","@id":"https:\/\/booksfrommexico.com\/es\/producto\/pinotepa-de-don-luis-costumbres-y-tradiciones\/","url":"https:\/\/booksfrommexico.com\/es\/producto\/pinotepa-de-don-luis-costumbres-y-tradiciones\/","name":"Pinotepa de don Luis: Costumbres y tradiciones","isPartOf":{"@id":"https:\/\/booksfrommexico.com\/#website"},"primaryImageOfPage":{"@id":"https:\/\/booksfrommexico.com\/es\/producto\/pinotepa-de-don-luis-costumbres-y-tradiciones\/#primaryimage"},"image":{"@id":"https:\/\/booksfrommexico.com\/es\/producto\/pinotepa-de-don-luis-costumbres-y-tradiciones\/#primaryimage"},"thumbnailUrl":"https:\/\/booksfrommexico.com\/app\/uploads\/2023\/05\/130091.jpeg","datePublished":"2023-05-08T17:04:58+00:00","dateModified":"2025-03-03T03:27:17+00:00","description":"PINOTEPA DE DON LUIS : COSTUMBRES Y TRADICIONES. \/ Hern\u00e1ndez Monta\u00f1o. CONACULTA , Culturas Populares e Ind\u00edgenas ; Instituto Oaxaque\u00f1o de las Culturas.","breadcrumb":{"@id":"https:\/\/booksfrommexico.com\/es\/producto\/pinotepa-de-don-luis-costumbres-y-tradiciones\/#breadcrumb"},"inLanguage":"es","potentialAction":[{"@type":"ReadAction","target":["https:\/\/booksfrommexico.com\/es\/producto\/pinotepa-de-don-luis-costumbres-y-tradiciones\/"]}]},{"@type":"ImageObject","inLanguage":"es","@id":"https:\/\/booksfrommexico.com\/es\/producto\/pinotepa-de-don-luis-costumbres-y-tradiciones\/#primaryimage","url":"https:\/\/booksfrommexico.com\/app\/uploads\/2023\/05\/130091.jpeg","contentUrl":"https:\/\/booksfrommexico.com\/app\/uploads\/2023\/05\/130091.jpeg","width":456,"height":605},{"@type":"BreadcrumbList","@id":"https:\/\/booksfrommexico.com\/es\/producto\/pinotepa-de-don-luis-costumbres-y-tradiciones\/#breadcrumb","itemListElement":[{"@type":"ListItem","position":1,"name":"Home","item":"https:\/\/booksfrommexico.com\/es\/"},{"@type":"ListItem","position":2,"name":"Libros","item":"https:\/\/booksfrommexico.com\/es\/libros\/"},{"@type":"ListItem","position":3,"name":"Pinotepa de don Luis: Costumbres y tradiciones"}]},{"@type":"WebSite","@id":"https:\/\/booksfrommexico.com\/#website","url":"https:\/\/booksfrommexico.com\/","name":"Books From Mexico","description":"","publisher":{"@id":"https:\/\/booksfrommexico.com\/#organization"},"potentialAction":[{"@type":"SearchAction","target":{"@type":"EntryPoint","urlTemplate":"https:\/\/booksfrommexico.com\/?s={search_term_string}"},"query-input":{"@type":"PropertyValueSpecification","valueRequired":true,"valueName":"search_term_string"}}],"inLanguage":"es"},{"@type":"Organization","@id":"https:\/\/booksfrommexico.com\/#organization","name":"Books From Mexico","url":"https:\/\/booksfrommexico.com\/","logo":{"@type":"ImageObject","inLanguage":"es","@id":"https:\/\/booksfrommexico.com\/#\/schema\/logo\/image\/","url":"https:\/\/booksfrommexico.com\/app\/uploads\/2023\/05\/logo-booksfrommexico.svg","contentUrl":"https:\/\/booksfrommexico.com\/app\/uploads\/2023\/05\/logo-booksfrommexico.svg","width":86,"height":56,"caption":"Books From Mexico"},"image":{"@id":"https:\/\/booksfrommexico.com\/#\/schema\/logo\/image\/"}}]}},"_links":{"self":[{"href":"https:\/\/booksfrommexico.com\/es\/wp-json\/wp\/v2\/product\/640","targetHints":{"allow":["GET"]}}],"collection":[{"href":"https:\/\/booksfrommexico.com\/es\/wp-json\/wp\/v2\/product"}],"about":[{"href":"https:\/\/booksfrommexico.com\/es\/wp-json\/wp\/v2\/types\/product"}],"wp:featuredmedia":[{"embeddable":true,"href":"https:\/\/booksfrommexico.com\/es\/wp-json\/wp\/v2\/media\/639"}],"wp:attachment":[{"href":"https:\/\/booksfrommexico.com\/es\/wp-json\/wp\/v2\/media?parent=640"}],"wp:term":[{"taxonomy":"product_brand","embeddable":true,"href":"https:\/\/booksfrommexico.com\/es\/wp-json\/wp\/v2\/product_brand?post=640"},{"taxonomy":"product_cat","embeddable":true,"href":"https:\/\/booksfrommexico.com\/es\/wp-json\/wp\/v2\/product_cat?post=640"},{"taxonomy":"product_tag","embeddable":true,"href":"https:\/\/booksfrommexico.com\/es\/wp-json\/wp\/v2\/product_tag?post=640"}],"curies":[{"name":"wp","href":"https:\/\/api.w.org\/{rel}","templated":true}]}}