{"id":642,"date":"2023-05-08T17:04:59","date_gmt":"2023-05-08T17:04:59","guid":{"rendered":"http:\/\/booksfrommexico.com\/product\/lha-bene-el-nombre-propio-en-zapoteco\/"},"modified":"2024-07-23T23:01:49","modified_gmt":"2024-07-23T23:01:49","slug":"lha-bene-el-nombre-propio-en-zapoteco","status":"publish","type":"product","link":"https:\/\/booksfrommexico.com\/es\/producto\/lha-bene-el-nombre-propio-en-zapoteco\/","title":{"rendered":"Lha Bene: El nombre propio en zapoteco"},"content":{"rendered":"<p><span style=\"font-weight: 400;\">Este trabajo de investigaci\u00f3n de Zanhe Xbab Sa (<\/span><i><span style=\"font-weight: 400;\">Diversos pensares zapotecos) <\/span><\/i><span style=\"font-weight: 400;\">busca dar un paso m\u00e1s en la intenci\u00f3n de valorar y revalorar la cultura mexicana, no s\u00f3lo las tradiciones y costumbres sino la historia en s\u00ed, al igual que la forma de vivir y pensar. Aqu\u00ed se presentan en 20 cuadros los 260 nombres propios zapotecos, as\u00ed como 260 nombres para ni\u00f1os y para ni\u00f1as. De la misma forma se ofrecen algunas gu\u00edas para incluir en el nombre propio, el orden de nacimiento de su hijo; todos los nombres contenidos aqu\u00ed vienen escritos como escriben los zapotecos de la sierra y los zapotecos del istmo.<\/span><\/p>\n","protected":false},"excerpt":{"rendered":"<p>LHA BENE : EL NOMBRE PROPIO EN ZAPOTECO<span style=\"font-weight: 400;\">. \/ Javier Castellanos (coordinator). Oaxaca, M\u00e9xico : Ediciones Conocimiento Ind\u00edgena ; Zanhe Xbab Sa, 2006. 87 pages : includes tables ; 17 cm.<\/span><\/p>\n","protected":false},"featured_media":641,"template":"","meta":{"_acf_changed":false,"inline_featured_image":false},"product_brand":[],"product_cat":[169,3166],"product_tag":[4354,3717,4060],"class_list":{"0":"post-642","1":"product","2":"type-product","3":"status-publish","4":"has-post-thumbnail","6":"product_cat-lengua-y-linguistica","7":"product_cat-lenguas-y-linguisticas-indigenas-lengua-y-linguistica","8":"product_tag-istmo","9":"product_tag-lenguaje-zapoteca","10":"product_tag-lenguas-indigenas-es","12":"first","13":"instock","14":"taxable","15":"shipping-taxable","16":"purchasable","17":"product-type-simple"},"acf":[],"yoast_head":"<!-- This site is optimized with the Yoast SEO plugin v27.3 - https:\/\/yoast.com\/product\/yoast-seo-wordpress\/ -->\n<title>Lha Bene: El nombre propio en zapoteco<\/title>\n<meta name=\"description\" content=\"LHA BENE : EL NOMBRE PROPIO EN ZAPOTECO. \/ Javier Castellanos (coordinator). Oaxaca, M\u00e9xico : Ediciones Conocimiento Ind\u00edgena ; Zanhe Xbab Sa, 2006.\" \/>\n<meta name=\"robots\" content=\"index, follow, max-snippet:-1, max-image-preview:large, max-video-preview:-1\" \/>\n<link rel=\"canonical\" href=\"https:\/\/booksfrommexico.com\/es\/producto\/lha-bene-el-nombre-propio-en-zapoteco\/\" \/>\n<meta property=\"og:locale\" content=\"es_ES\" \/>\n<meta property=\"og:type\" content=\"article\" \/>\n<meta property=\"og:title\" content=\"Lha Bene: El nombre propio en zapoteco\" \/>\n<meta property=\"og:description\" content=\"LHA BENE : EL NOMBRE PROPIO EN ZAPOTECO. \/ Javier Castellanos (coordinator). Oaxaca, M\u00e9xico : Ediciones Conocimiento Ind\u00edgena ; Zanhe Xbab Sa, 2006.\" \/>\n<meta property=\"og:url\" content=\"https:\/\/booksfrommexico.com\/es\/producto\/lha-bene-el-nombre-propio-en-zapoteco\/\" \/>\n<meta property=\"og:site_name\" content=\"Books From Mexico\" \/>\n<meta property=\"article:modified_time\" content=\"2024-07-23T23:01:49+00:00\" \/>\n<meta property=\"og:image\" content=\"http:\/\/booksfrommexico.com\/app\/uploads\/2023\/05\/130089.jpeg\" \/>\n\t<meta property=\"og:image:width\" content=\"484\" \/>\n\t<meta property=\"og:image:height\" content=\"662\" \/>\n\t<meta property=\"og:image:type\" content=\"image\/jpeg\" \/>\n<meta name=\"twitter:card\" content=\"summary_large_image\" \/>\n<meta name=\"twitter:label1\" content=\"Tiempo de lectura\" \/>\n\t<meta name=\"twitter:data1\" content=\"1 minuto\" \/>\n<script type=\"application\/ld+json\" class=\"yoast-schema-graph\">{\"@context\":\"https:\\\/\\\/schema.org\",\"@graph\":[{\"@type\":\"WebPage\",\"@id\":\"https:\\\/\\\/booksfrommexico.com\\\/es\\\/producto\\\/lha-bene-el-nombre-propio-en-zapoteco\\\/\",\"url\":\"https:\\\/\\\/booksfrommexico.com\\\/es\\\/producto\\\/lha-bene-el-nombre-propio-en-zapoteco\\\/\",\"name\":\"Lha Bene: El nombre propio en zapoteco\",\"isPartOf\":{\"@id\":\"https:\\\/\\\/booksfrommexico.com\\\/#website\"},\"primaryImageOfPage\":{\"@id\":\"https:\\\/\\\/booksfrommexico.com\\\/es\\\/producto\\\/lha-bene-el-nombre-propio-en-zapoteco\\\/#primaryimage\"},\"image\":{\"@id\":\"https:\\\/\\\/booksfrommexico.com\\\/es\\\/producto\\\/lha-bene-el-nombre-propio-en-zapoteco\\\/#primaryimage\"},\"thumbnailUrl\":\"https:\\\/\\\/booksfrommexico.com\\\/app\\\/uploads\\\/2023\\\/05\\\/130089.jpeg\",\"datePublished\":\"2023-05-08T17:04:59+00:00\",\"dateModified\":\"2024-07-23T23:01:49+00:00\",\"description\":\"LHA BENE : EL NOMBRE PROPIO EN ZAPOTECO. \\\/ Javier Castellanos (coordinator). Oaxaca, M\u00e9xico : Ediciones Conocimiento Ind\u00edgena ; Zanhe Xbab Sa, 2006.\",\"breadcrumb\":{\"@id\":\"https:\\\/\\\/booksfrommexico.com\\\/es\\\/producto\\\/lha-bene-el-nombre-propio-en-zapoteco\\\/#breadcrumb\"},\"inLanguage\":\"es\",\"potentialAction\":[{\"@type\":\"ReadAction\",\"target\":[\"https:\\\/\\\/booksfrommexico.com\\\/es\\\/producto\\\/lha-bene-el-nombre-propio-en-zapoteco\\\/\"]}]},{\"@type\":\"ImageObject\",\"inLanguage\":\"es\",\"@id\":\"https:\\\/\\\/booksfrommexico.com\\\/es\\\/producto\\\/lha-bene-el-nombre-propio-en-zapoteco\\\/#primaryimage\",\"url\":\"https:\\\/\\\/booksfrommexico.com\\\/app\\\/uploads\\\/2023\\\/05\\\/130089.jpeg\",\"contentUrl\":\"https:\\\/\\\/booksfrommexico.com\\\/app\\\/uploads\\\/2023\\\/05\\\/130089.jpeg\",\"width\":484,\"height\":662},{\"@type\":\"BreadcrumbList\",\"@id\":\"https:\\\/\\\/booksfrommexico.com\\\/es\\\/producto\\\/lha-bene-el-nombre-propio-en-zapoteco\\\/#breadcrumb\",\"itemListElement\":[{\"@type\":\"ListItem\",\"position\":1,\"name\":\"Home\",\"item\":\"https:\\\/\\\/booksfrommexico.com\\\/es\\\/\"},{\"@type\":\"ListItem\",\"position\":2,\"name\":\"Libros\",\"item\":\"https:\\\/\\\/booksfrommexico.com\\\/es\\\/libros\\\/\"},{\"@type\":\"ListItem\",\"position\":3,\"name\":\"Lha Bene: El nombre propio en zapoteco\"}]},{\"@type\":\"WebSite\",\"@id\":\"https:\\\/\\\/booksfrommexico.com\\\/#website\",\"url\":\"https:\\\/\\\/booksfrommexico.com\\\/\",\"name\":\"Books From Mexico\",\"description\":\"\",\"publisher\":{\"@id\":\"https:\\\/\\\/booksfrommexico.com\\\/#organization\"},\"potentialAction\":[{\"@type\":\"SearchAction\",\"target\":{\"@type\":\"EntryPoint\",\"urlTemplate\":\"https:\\\/\\\/booksfrommexico.com\\\/?s={search_term_string}\"},\"query-input\":{\"@type\":\"PropertyValueSpecification\",\"valueRequired\":true,\"valueName\":\"search_term_string\"}}],\"inLanguage\":\"es\"},{\"@type\":\"Organization\",\"@id\":\"https:\\\/\\\/booksfrommexico.com\\\/#organization\",\"name\":\"Books From Mexico\",\"url\":\"https:\\\/\\\/booksfrommexico.com\\\/\",\"logo\":{\"@type\":\"ImageObject\",\"inLanguage\":\"es\",\"@id\":\"https:\\\/\\\/booksfrommexico.com\\\/#\\\/schema\\\/logo\\\/image\\\/\",\"url\":\"https:\\\/\\\/booksfrommexico.com\\\/app\\\/uploads\\\/2023\\\/05\\\/logo-booksfrommexico.svg\",\"contentUrl\":\"https:\\\/\\\/booksfrommexico.com\\\/app\\\/uploads\\\/2023\\\/05\\\/logo-booksfrommexico.svg\",\"width\":86,\"height\":56,\"caption\":\"Books From Mexico\"},\"image\":{\"@id\":\"https:\\\/\\\/booksfrommexico.com\\\/#\\\/schema\\\/logo\\\/image\\\/\"}}]}<\/script>\n<!-- \/ Yoast SEO plugin. -->","yoast_head_json":{"title":"Lha Bene: El nombre propio en zapoteco","description":"LHA BENE : EL NOMBRE PROPIO EN ZAPOTECO. \/ Javier Castellanos (coordinator). Oaxaca, M\u00e9xico : Ediciones Conocimiento Ind\u00edgena ; Zanhe Xbab Sa, 2006.","robots":{"index":"index","follow":"follow","max-snippet":"max-snippet:-1","max-image-preview":"max-image-preview:large","max-video-preview":"max-video-preview:-1"},"canonical":"https:\/\/booksfrommexico.com\/es\/producto\/lha-bene-el-nombre-propio-en-zapoteco\/","og_locale":"es_ES","og_type":"article","og_title":"Lha Bene: El nombre propio en zapoteco","og_description":"LHA BENE : EL NOMBRE PROPIO EN ZAPOTECO. \/ Javier Castellanos (coordinator). Oaxaca, M\u00e9xico : Ediciones Conocimiento Ind\u00edgena ; Zanhe Xbab Sa, 2006.","og_url":"https:\/\/booksfrommexico.com\/es\/producto\/lha-bene-el-nombre-propio-en-zapoteco\/","og_site_name":"Books From Mexico","article_modified_time":"2024-07-23T23:01:49+00:00","og_image":[{"width":484,"height":662,"url":"http:\/\/booksfrommexico.com\/app\/uploads\/2023\/05\/130089.jpeg","type":"image\/jpeg"}],"twitter_card":"summary_large_image","twitter_misc":{"Tiempo de lectura":"1 minuto"},"schema":{"@context":"https:\/\/schema.org","@graph":[{"@type":"WebPage","@id":"https:\/\/booksfrommexico.com\/es\/producto\/lha-bene-el-nombre-propio-en-zapoteco\/","url":"https:\/\/booksfrommexico.com\/es\/producto\/lha-bene-el-nombre-propio-en-zapoteco\/","name":"Lha Bene: El nombre propio en zapoteco","isPartOf":{"@id":"https:\/\/booksfrommexico.com\/#website"},"primaryImageOfPage":{"@id":"https:\/\/booksfrommexico.com\/es\/producto\/lha-bene-el-nombre-propio-en-zapoteco\/#primaryimage"},"image":{"@id":"https:\/\/booksfrommexico.com\/es\/producto\/lha-bene-el-nombre-propio-en-zapoteco\/#primaryimage"},"thumbnailUrl":"https:\/\/booksfrommexico.com\/app\/uploads\/2023\/05\/130089.jpeg","datePublished":"2023-05-08T17:04:59+00:00","dateModified":"2024-07-23T23:01:49+00:00","description":"LHA BENE : EL NOMBRE PROPIO EN ZAPOTECO. \/ Javier Castellanos (coordinator). Oaxaca, M\u00e9xico : Ediciones Conocimiento Ind\u00edgena ; Zanhe Xbab Sa, 2006.","breadcrumb":{"@id":"https:\/\/booksfrommexico.com\/es\/producto\/lha-bene-el-nombre-propio-en-zapoteco\/#breadcrumb"},"inLanguage":"es","potentialAction":[{"@type":"ReadAction","target":["https:\/\/booksfrommexico.com\/es\/producto\/lha-bene-el-nombre-propio-en-zapoteco\/"]}]},{"@type":"ImageObject","inLanguage":"es","@id":"https:\/\/booksfrommexico.com\/es\/producto\/lha-bene-el-nombre-propio-en-zapoteco\/#primaryimage","url":"https:\/\/booksfrommexico.com\/app\/uploads\/2023\/05\/130089.jpeg","contentUrl":"https:\/\/booksfrommexico.com\/app\/uploads\/2023\/05\/130089.jpeg","width":484,"height":662},{"@type":"BreadcrumbList","@id":"https:\/\/booksfrommexico.com\/es\/producto\/lha-bene-el-nombre-propio-en-zapoteco\/#breadcrumb","itemListElement":[{"@type":"ListItem","position":1,"name":"Home","item":"https:\/\/booksfrommexico.com\/es\/"},{"@type":"ListItem","position":2,"name":"Libros","item":"https:\/\/booksfrommexico.com\/es\/libros\/"},{"@type":"ListItem","position":3,"name":"Lha Bene: El nombre propio en zapoteco"}]},{"@type":"WebSite","@id":"https:\/\/booksfrommexico.com\/#website","url":"https:\/\/booksfrommexico.com\/","name":"Books From Mexico","description":"","publisher":{"@id":"https:\/\/booksfrommexico.com\/#organization"},"potentialAction":[{"@type":"SearchAction","target":{"@type":"EntryPoint","urlTemplate":"https:\/\/booksfrommexico.com\/?s={search_term_string}"},"query-input":{"@type":"PropertyValueSpecification","valueRequired":true,"valueName":"search_term_string"}}],"inLanguage":"es"},{"@type":"Organization","@id":"https:\/\/booksfrommexico.com\/#organization","name":"Books From Mexico","url":"https:\/\/booksfrommexico.com\/","logo":{"@type":"ImageObject","inLanguage":"es","@id":"https:\/\/booksfrommexico.com\/#\/schema\/logo\/image\/","url":"https:\/\/booksfrommexico.com\/app\/uploads\/2023\/05\/logo-booksfrommexico.svg","contentUrl":"https:\/\/booksfrommexico.com\/app\/uploads\/2023\/05\/logo-booksfrommexico.svg","width":86,"height":56,"caption":"Books From Mexico"},"image":{"@id":"https:\/\/booksfrommexico.com\/#\/schema\/logo\/image\/"}}]}},"_links":{"self":[{"href":"https:\/\/booksfrommexico.com\/es\/wp-json\/wp\/v2\/product\/642","targetHints":{"allow":["GET"]}}],"collection":[{"href":"https:\/\/booksfrommexico.com\/es\/wp-json\/wp\/v2\/product"}],"about":[{"href":"https:\/\/booksfrommexico.com\/es\/wp-json\/wp\/v2\/types\/product"}],"wp:featuredmedia":[{"embeddable":true,"href":"https:\/\/booksfrommexico.com\/es\/wp-json\/wp\/v2\/media\/641"}],"wp:attachment":[{"href":"https:\/\/booksfrommexico.com\/es\/wp-json\/wp\/v2\/media?parent=642"}],"wp:term":[{"taxonomy":"product_brand","embeddable":true,"href":"https:\/\/booksfrommexico.com\/es\/wp-json\/wp\/v2\/product_brand?post=642"},{"taxonomy":"product_cat","embeddable":true,"href":"https:\/\/booksfrommexico.com\/es\/wp-json\/wp\/v2\/product_cat?post=642"},{"taxonomy":"product_tag","embeddable":true,"href":"https:\/\/booksfrommexico.com\/es\/wp-json\/wp\/v2\/product_tag?post=642"}],"curies":[{"name":"wp","href":"https:\/\/api.w.org\/{rel}","templated":true}]}}