{"id":6434,"date":"2024-05-24T19:19:36","date_gmt":"2024-05-24T19:19:36","guid":{"rendered":"https:\/\/booksfrommexico.com\/product\/siete-cruces-rosas\/"},"modified":"2024-06-04T19:15:37","modified_gmt":"2024-06-04T19:15:37","slug":"siete-cruces-rosas","status":"publish","type":"product","link":"https:\/\/booksfrommexico.com\/es\/producto\/siete-cruces-rosas\/","title":{"rendered":"Siete cruces rosas"},"content":{"rendered":"<p><span style=\"font-weight: 400;\">El fin de la colecci\u00f3n <\/span><i><span style=\"font-weight: 400;\">K\u00farowi-T\u00e9mari Leer es sembrar futuro <\/span><\/i><span style=\"font-weight: 400;\">es destacar la importancia que tiene el fomento de la lectura para los ni\u00f1os, especialmente con los temas sensibles que ocurren en la localidad fronteriza de Ciudad Ju\u00e1rez. En este volumen se aborda el tema de las muertas y desaparecidas en Ciudad Ju\u00e1rez. Se cuenta la historia de Lil\u00ed, una ni\u00f1a que vive en Ciudad Ju\u00e1rez y disfruta de molestar a los gatos callejeros de su barrio. Lil\u00ed descubre un d\u00eda el monumento de las cruces rosas y al cuestionar a su padre sobre este fen\u00f3meno \u00e9l la confronta acerca de su actuar respecto a los gatos, para hacer as\u00ed una analog\u00eda sobre la violencia normalizada que vivimos y que nosotros tambi\u00e9n ejercemos sobre el otro.<\/span><\/p>\n","protected":false},"excerpt":{"rendered":"<p>SIETE CRUCES ROSAS<span style=\"font-weight: 400;\">. \/ Ricardo Vigueras ; GeM\u00f3! (illustrator). Ciudad Ju\u00e1rez, Chihuahua, M\u00e9xico : Universidad Aut\u00f3noma de Ciudad Ju\u00e1rez, 2022. 23 pages : color illustrations chiefly ; 21 cm. (Colecci\u00f3n K\u00farowi-T\u00e9mari Leer es sembrar futuro). ISBN : 9786075204307 (volumen) ; 9786075201085 (collection) .<\/span><\/p>\n","protected":false},"featured_media":6501,"template":"","meta":{"_acf_changed":false,"inline_featured_image":false},"product_brand":[],"product_cat":[37,25],"product_tag":[4391,4118,4232,3769],"class_list":{"0":"post-6434","1":"product","2":"type-product","3":"status-publish","4":"has-post-thumbnail","6":"product_cat-cuento-literatura","7":"product_cat-literatura","8":"product_tag-ciudad-juarez-mexico","9":"product_tag-juventud-infancia","10":"product_tag-literatura-infantil-y-juvenil","11":"product_tag-obras-ilustradas","13":"first","14":"instock","15":"featured","16":"taxable","17":"shipping-taxable","18":"purchasable","19":"product-type-simple"},"acf":[],"yoast_head":"<!-- This site is optimized with the Yoast SEO plugin v27.3 - https:\/\/yoast.com\/product\/yoast-seo-wordpress\/ -->\n<title>Siete cruces rosas<\/title>\n<meta name=\"description\" content=\"SIETE CRUCES ROSAS. \/ Ricardo Vigueras ; GeM\u00f3! (illustrator). UACJ, 2022. (Colecci\u00f3n K\u00farowi-T\u00e9mari Leer es sembrar futuro).\" \/>\n<meta name=\"robots\" content=\"index, follow, max-snippet:-1, max-image-preview:large, max-video-preview:-1\" \/>\n<link rel=\"canonical\" href=\"https:\/\/booksfrommexico.com\/es\/producto\/siete-cruces-rosas\/\" \/>\n<meta property=\"og:locale\" content=\"es_ES\" \/>\n<meta property=\"og:type\" content=\"article\" \/>\n<meta property=\"og:title\" content=\"Siete cruces rosas\" \/>\n<meta property=\"og:description\" content=\"SIETE CRUCES ROSAS. \/ Ricardo Vigueras ; GeM\u00f3! (illustrator). UACJ, 2022. (Colecci\u00f3n K\u00farowi-T\u00e9mari Leer es sembrar futuro).\" \/>\n<meta property=\"og:url\" content=\"https:\/\/booksfrommexico.com\/es\/producto\/siete-cruces-rosas\/\" \/>\n<meta property=\"og:site_name\" content=\"Books From Mexico\" \/>\n<meta property=\"article:modified_time\" content=\"2024-06-04T19:15:37+00:00\" \/>\n<meta property=\"og:image\" content=\"http:\/\/booksfrommexico.com\/app\/uploads\/2024\/05\/197037.jpeg\" \/>\n\t<meta property=\"og:image:width\" content=\"575\" \/>\n\t<meta property=\"og:image:height\" content=\"584\" \/>\n\t<meta property=\"og:image:type\" content=\"image\/jpeg\" \/>\n<meta name=\"twitter:card\" content=\"summary_large_image\" \/>\n<meta name=\"twitter:label1\" content=\"Tiempo de lectura\" \/>\n\t<meta name=\"twitter:data1\" content=\"1 minuto\" \/>\n<script type=\"application\/ld+json\" class=\"yoast-schema-graph\">{\"@context\":\"https:\\\/\\\/schema.org\",\"@graph\":[{\"@type\":\"WebPage\",\"@id\":\"https:\\\/\\\/booksfrommexico.com\\\/es\\\/producto\\\/siete-cruces-rosas\\\/\",\"url\":\"https:\\\/\\\/booksfrommexico.com\\\/es\\\/producto\\\/siete-cruces-rosas\\\/\",\"name\":\"Siete cruces rosas\",\"isPartOf\":{\"@id\":\"https:\\\/\\\/booksfrommexico.com\\\/#website\"},\"primaryImageOfPage\":{\"@id\":\"https:\\\/\\\/booksfrommexico.com\\\/es\\\/producto\\\/siete-cruces-rosas\\\/#primaryimage\"},\"image\":{\"@id\":\"https:\\\/\\\/booksfrommexico.com\\\/es\\\/producto\\\/siete-cruces-rosas\\\/#primaryimage\"},\"thumbnailUrl\":\"https:\\\/\\\/booksfrommexico.com\\\/app\\\/uploads\\\/2024\\\/05\\\/197037.jpeg\",\"datePublished\":\"2024-05-24T19:19:36+00:00\",\"dateModified\":\"2024-06-04T19:15:37+00:00\",\"description\":\"SIETE CRUCES ROSAS. \\\/ Ricardo Vigueras ; GeM\u00f3! (illustrator). UACJ, 2022. (Colecci\u00f3n K\u00farowi-T\u00e9mari Leer es sembrar futuro).\",\"breadcrumb\":{\"@id\":\"https:\\\/\\\/booksfrommexico.com\\\/es\\\/producto\\\/siete-cruces-rosas\\\/#breadcrumb\"},\"inLanguage\":\"es\",\"potentialAction\":[{\"@type\":\"ReadAction\",\"target\":[\"https:\\\/\\\/booksfrommexico.com\\\/es\\\/producto\\\/siete-cruces-rosas\\\/\"]}]},{\"@type\":\"ImageObject\",\"inLanguage\":\"es\",\"@id\":\"https:\\\/\\\/booksfrommexico.com\\\/es\\\/producto\\\/siete-cruces-rosas\\\/#primaryimage\",\"url\":\"https:\\\/\\\/booksfrommexico.com\\\/app\\\/uploads\\\/2024\\\/05\\\/197037.jpeg\",\"contentUrl\":\"https:\\\/\\\/booksfrommexico.com\\\/app\\\/uploads\\\/2024\\\/05\\\/197037.jpeg\",\"width\":575,\"height\":584,\"caption\":\"Siete cruces rosas\"},{\"@type\":\"BreadcrumbList\",\"@id\":\"https:\\\/\\\/booksfrommexico.com\\\/es\\\/producto\\\/siete-cruces-rosas\\\/#breadcrumb\",\"itemListElement\":[{\"@type\":\"ListItem\",\"position\":1,\"name\":\"Home\",\"item\":\"https:\\\/\\\/booksfrommexico.com\\\/es\\\/\"},{\"@type\":\"ListItem\",\"position\":2,\"name\":\"Libros\",\"item\":\"https:\\\/\\\/booksfrommexico.com\\\/es\\\/libros\\\/\"},{\"@type\":\"ListItem\",\"position\":3,\"name\":\"Siete cruces rosas\"}]},{\"@type\":\"WebSite\",\"@id\":\"https:\\\/\\\/booksfrommexico.com\\\/#website\",\"url\":\"https:\\\/\\\/booksfrommexico.com\\\/\",\"name\":\"Books From Mexico\",\"description\":\"\",\"publisher\":{\"@id\":\"https:\\\/\\\/booksfrommexico.com\\\/#organization\"},\"potentialAction\":[{\"@type\":\"SearchAction\",\"target\":{\"@type\":\"EntryPoint\",\"urlTemplate\":\"https:\\\/\\\/booksfrommexico.com\\\/?s={search_term_string}\"},\"query-input\":{\"@type\":\"PropertyValueSpecification\",\"valueRequired\":true,\"valueName\":\"search_term_string\"}}],\"inLanguage\":\"es\"},{\"@type\":\"Organization\",\"@id\":\"https:\\\/\\\/booksfrommexico.com\\\/#organization\",\"name\":\"Books From Mexico\",\"url\":\"https:\\\/\\\/booksfrommexico.com\\\/\",\"logo\":{\"@type\":\"ImageObject\",\"inLanguage\":\"es\",\"@id\":\"https:\\\/\\\/booksfrommexico.com\\\/#\\\/schema\\\/logo\\\/image\\\/\",\"url\":\"https:\\\/\\\/booksfrommexico.com\\\/app\\\/uploads\\\/2023\\\/05\\\/logo-booksfrommexico.svg\",\"contentUrl\":\"https:\\\/\\\/booksfrommexico.com\\\/app\\\/uploads\\\/2023\\\/05\\\/logo-booksfrommexico.svg\",\"width\":86,\"height\":56,\"caption\":\"Books From Mexico\"},\"image\":{\"@id\":\"https:\\\/\\\/booksfrommexico.com\\\/#\\\/schema\\\/logo\\\/image\\\/\"}}]}<\/script>\n<!-- \/ Yoast SEO plugin. -->","yoast_head_json":{"title":"Siete cruces rosas","description":"SIETE CRUCES ROSAS. \/ Ricardo Vigueras ; GeM\u00f3! (illustrator). UACJ, 2022. (Colecci\u00f3n K\u00farowi-T\u00e9mari Leer es sembrar futuro).","robots":{"index":"index","follow":"follow","max-snippet":"max-snippet:-1","max-image-preview":"max-image-preview:large","max-video-preview":"max-video-preview:-1"},"canonical":"https:\/\/booksfrommexico.com\/es\/producto\/siete-cruces-rosas\/","og_locale":"es_ES","og_type":"article","og_title":"Siete cruces rosas","og_description":"SIETE CRUCES ROSAS. \/ Ricardo Vigueras ; GeM\u00f3! (illustrator). UACJ, 2022. (Colecci\u00f3n K\u00farowi-T\u00e9mari Leer es sembrar futuro).","og_url":"https:\/\/booksfrommexico.com\/es\/producto\/siete-cruces-rosas\/","og_site_name":"Books From Mexico","article_modified_time":"2024-06-04T19:15:37+00:00","og_image":[{"width":575,"height":584,"url":"http:\/\/booksfrommexico.com\/app\/uploads\/2024\/05\/197037.jpeg","type":"image\/jpeg"}],"twitter_card":"summary_large_image","twitter_misc":{"Tiempo de lectura":"1 minuto"},"schema":{"@context":"https:\/\/schema.org","@graph":[{"@type":"WebPage","@id":"https:\/\/booksfrommexico.com\/es\/producto\/siete-cruces-rosas\/","url":"https:\/\/booksfrommexico.com\/es\/producto\/siete-cruces-rosas\/","name":"Siete cruces rosas","isPartOf":{"@id":"https:\/\/booksfrommexico.com\/#website"},"primaryImageOfPage":{"@id":"https:\/\/booksfrommexico.com\/es\/producto\/siete-cruces-rosas\/#primaryimage"},"image":{"@id":"https:\/\/booksfrommexico.com\/es\/producto\/siete-cruces-rosas\/#primaryimage"},"thumbnailUrl":"https:\/\/booksfrommexico.com\/app\/uploads\/2024\/05\/197037.jpeg","datePublished":"2024-05-24T19:19:36+00:00","dateModified":"2024-06-04T19:15:37+00:00","description":"SIETE CRUCES ROSAS. \/ Ricardo Vigueras ; GeM\u00f3! (illustrator). UACJ, 2022. (Colecci\u00f3n K\u00farowi-T\u00e9mari Leer es sembrar futuro).","breadcrumb":{"@id":"https:\/\/booksfrommexico.com\/es\/producto\/siete-cruces-rosas\/#breadcrumb"},"inLanguage":"es","potentialAction":[{"@type":"ReadAction","target":["https:\/\/booksfrommexico.com\/es\/producto\/siete-cruces-rosas\/"]}]},{"@type":"ImageObject","inLanguage":"es","@id":"https:\/\/booksfrommexico.com\/es\/producto\/siete-cruces-rosas\/#primaryimage","url":"https:\/\/booksfrommexico.com\/app\/uploads\/2024\/05\/197037.jpeg","contentUrl":"https:\/\/booksfrommexico.com\/app\/uploads\/2024\/05\/197037.jpeg","width":575,"height":584,"caption":"Siete cruces rosas"},{"@type":"BreadcrumbList","@id":"https:\/\/booksfrommexico.com\/es\/producto\/siete-cruces-rosas\/#breadcrumb","itemListElement":[{"@type":"ListItem","position":1,"name":"Home","item":"https:\/\/booksfrommexico.com\/es\/"},{"@type":"ListItem","position":2,"name":"Libros","item":"https:\/\/booksfrommexico.com\/es\/libros\/"},{"@type":"ListItem","position":3,"name":"Siete cruces rosas"}]},{"@type":"WebSite","@id":"https:\/\/booksfrommexico.com\/#website","url":"https:\/\/booksfrommexico.com\/","name":"Books From Mexico","description":"","publisher":{"@id":"https:\/\/booksfrommexico.com\/#organization"},"potentialAction":[{"@type":"SearchAction","target":{"@type":"EntryPoint","urlTemplate":"https:\/\/booksfrommexico.com\/?s={search_term_string}"},"query-input":{"@type":"PropertyValueSpecification","valueRequired":true,"valueName":"search_term_string"}}],"inLanguage":"es"},{"@type":"Organization","@id":"https:\/\/booksfrommexico.com\/#organization","name":"Books From Mexico","url":"https:\/\/booksfrommexico.com\/","logo":{"@type":"ImageObject","inLanguage":"es","@id":"https:\/\/booksfrommexico.com\/#\/schema\/logo\/image\/","url":"https:\/\/booksfrommexico.com\/app\/uploads\/2023\/05\/logo-booksfrommexico.svg","contentUrl":"https:\/\/booksfrommexico.com\/app\/uploads\/2023\/05\/logo-booksfrommexico.svg","width":86,"height":56,"caption":"Books From Mexico"},"image":{"@id":"https:\/\/booksfrommexico.com\/#\/schema\/logo\/image\/"}}]}},"_links":{"self":[{"href":"https:\/\/booksfrommexico.com\/es\/wp-json\/wp\/v2\/product\/6434","targetHints":{"allow":["GET"]}}],"collection":[{"href":"https:\/\/booksfrommexico.com\/es\/wp-json\/wp\/v2\/product"}],"about":[{"href":"https:\/\/booksfrommexico.com\/es\/wp-json\/wp\/v2\/types\/product"}],"wp:featuredmedia":[{"embeddable":true,"href":"https:\/\/booksfrommexico.com\/es\/wp-json\/wp\/v2\/media\/6501"}],"wp:attachment":[{"href":"https:\/\/booksfrommexico.com\/es\/wp-json\/wp\/v2\/media?parent=6434"}],"wp:term":[{"taxonomy":"product_brand","embeddable":true,"href":"https:\/\/booksfrommexico.com\/es\/wp-json\/wp\/v2\/product_brand?post=6434"},{"taxonomy":"product_cat","embeddable":true,"href":"https:\/\/booksfrommexico.com\/es\/wp-json\/wp\/v2\/product_cat?post=6434"},{"taxonomy":"product_tag","embeddable":true,"href":"https:\/\/booksfrommexico.com\/es\/wp-json\/wp\/v2\/product_tag?post=6434"}],"curies":[{"name":"wp","href":"https:\/\/api.w.org\/{rel}","templated":true}]}}