{"id":6435,"date":"2024-05-24T19:19:36","date_gmt":"2024-05-24T19:19:36","guid":{"rendered":"https:\/\/booksfrommexico.com\/product\/posglobalizacion-descolonizacion-y-transmodernidad\/"},"modified":"2024-06-03T22:46:05","modified_gmt":"2024-06-03T22:46:05","slug":"posglobalizacion-descolonizacion-y-transmodernidad","status":"publish","type":"product","link":"https:\/\/booksfrommexico.com\/es\/producto\/posglobalizacion-descolonizacion-y-transmodernidad\/","title":{"rendered":"Posglobalizaci\u00f3n, descolonizaci\u00f3n y transmodernidad"},"content":{"rendered":"<p><span style=\"font-weight: 400;\">En este t\u00edtulo se re\u00fanen una serie de ensayos originales que reflexionan sobre el significado de la liberaci\u00f3n y que abonan, contextualizados en Latinoam\u00e9rica, al desarrollo de las humanidades a nivel global. Estos textos buscan lograr sostener el an\u00e1lisis, la discusi\u00f3n y la presentaci\u00f3n de posiciones te\u00f3ricas nuevas o modificadas, manteniendo diversos enfoques dentro de una dimensi\u00f3n te\u00f3rica primaria. Los escritos aqu\u00ed contenidos oscilan entre perspectivas que abordan problemas educativos, problemas de la est\u00e9tica, referencias a la historia intelectual, pr\u00e1cticas pedag\u00f3gicas descoloniales, an\u00e1lisis cient\u00edficos y dificultades\u00a0 en el pensamiento econ\u00f3mico.<\/span><\/p>\n","protected":false},"excerpt":{"rendered":"<p>POSGLOBALIZACI\u00d3N, DESCOLONIZACI\u00d3N Y TRANSMODERNIDAD : FILOSOF\u00cdA DE LA LIBERACI\u00d3N Y PENSAMIENTO LATINOAMERICANO<span style=\"font-weight: 400;\">. \/ Luis Rub\u00e9n D\u00edaz Cepeda, Susana B\u00e1ez Ayala, Gustavo H\u00e9ron P\u00e9rez Daniel (coordinators). Ciudad Ju\u00e1rez, Chihuahua, M\u00e9xico : Universidad Aut\u00f3noma de Ciudad Ju\u00e1rez, 2021. 145 pages : includes photo, references, bibliography at the end of each chapter; 23 cm. ISBN : 9786075204062.<\/span><\/p>\n","protected":false},"featured_media":6484,"template":"","meta":{"_acf_changed":false,"inline_featured_image":false},"product_brand":[],"product_cat":[4110,78],"product_tag":[3620,4404,4406,4213,3627],"class_list":{"0":"post-6435","1":"product","2":"type-product","3":"status-publish","4":"has-post-thumbnail","6":"product_cat-estudios-latinoamericanos","7":"product_cat-sociologia","8":"product_tag-america-latina","9":"product_tag-economia","10":"product_tag-filosofia","11":"product_tag-globalizacion","12":"product_tag-politica-y-gobierno","14":"first","15":"instock","16":"taxable","17":"shipping-taxable","18":"purchasable","19":"product-type-simple"},"acf":[],"yoast_head":"<!-- This site is optimized with the Yoast SEO plugin v27.3 - https:\/\/yoast.com\/product\/yoast-seo-wordpress\/ -->\n<title>Posglobalizaci\u00f3n, descolonizaci\u00f3n y transmodernidad<\/title>\n<meta name=\"description\" content=\"POSGLOBALIZACI\u00d3N, DESCOLONIZACI\u00d3N Y TRANSMODERNIDAD : FILOSOF\u00cdA DE LA LIBERACI\u00d3N Y PENSAMIENTO LATINOAMERICANO. \/ D\u00edaz Cepeda, B\u00e1ez Ayala, P\u00e9rez Daniel.\" \/>\n<meta name=\"robots\" content=\"index, follow, max-snippet:-1, max-image-preview:large, max-video-preview:-1\" \/>\n<link rel=\"canonical\" href=\"https:\/\/booksfrommexico.com\/es\/producto\/posglobalizacion-descolonizacion-y-transmodernidad\/\" \/>\n<meta property=\"og:locale\" content=\"es_ES\" \/>\n<meta property=\"og:type\" content=\"article\" \/>\n<meta property=\"og:title\" content=\"Posglobalizaci\u00f3n, descolonizaci\u00f3n y transmodernidad\" \/>\n<meta property=\"og:description\" content=\"POSGLOBALIZACI\u00d3N, DESCOLONIZACI\u00d3N Y TRANSMODERNIDAD : FILOSOF\u00cdA DE LA LIBERACI\u00d3N Y PENSAMIENTO LATINOAMERICANO. \/ D\u00edaz Cepeda, B\u00e1ez Ayala, P\u00e9rez Daniel.\" \/>\n<meta property=\"og:url\" content=\"https:\/\/booksfrommexico.com\/es\/producto\/posglobalizacion-descolonizacion-y-transmodernidad\/\" \/>\n<meta property=\"og:site_name\" content=\"Books From Mexico\" \/>\n<meta property=\"article:modified_time\" content=\"2024-06-03T22:46:05+00:00\" \/>\n<meta property=\"og:image\" content=\"http:\/\/booksfrommexico.com\/app\/uploads\/2024\/05\/195016.jpeg\" \/>\n\t<meta property=\"og:image:width\" content=\"489\" \/>\n\t<meta property=\"og:image:height\" content=\"670\" \/>\n\t<meta property=\"og:image:type\" content=\"image\/jpeg\" \/>\n<meta name=\"twitter:card\" content=\"summary_large_image\" \/>\n<meta name=\"twitter:label1\" content=\"Tiempo de lectura\" \/>\n\t<meta name=\"twitter:data1\" content=\"1 minuto\" \/>\n<script type=\"application\/ld+json\" class=\"yoast-schema-graph\">{\"@context\":\"https:\\\/\\\/schema.org\",\"@graph\":[{\"@type\":\"WebPage\",\"@id\":\"https:\\\/\\\/booksfrommexico.com\\\/es\\\/producto\\\/posglobalizacion-descolonizacion-y-transmodernidad\\\/\",\"url\":\"https:\\\/\\\/booksfrommexico.com\\\/es\\\/producto\\\/posglobalizacion-descolonizacion-y-transmodernidad\\\/\",\"name\":\"Posglobalizaci\u00f3n, descolonizaci\u00f3n y transmodernidad\",\"isPartOf\":{\"@id\":\"https:\\\/\\\/booksfrommexico.com\\\/#website\"},\"primaryImageOfPage\":{\"@id\":\"https:\\\/\\\/booksfrommexico.com\\\/es\\\/producto\\\/posglobalizacion-descolonizacion-y-transmodernidad\\\/#primaryimage\"},\"image\":{\"@id\":\"https:\\\/\\\/booksfrommexico.com\\\/es\\\/producto\\\/posglobalizacion-descolonizacion-y-transmodernidad\\\/#primaryimage\"},\"thumbnailUrl\":\"https:\\\/\\\/booksfrommexico.com\\\/app\\\/uploads\\\/2024\\\/05\\\/195016.jpeg\",\"datePublished\":\"2024-05-24T19:19:36+00:00\",\"dateModified\":\"2024-06-03T22:46:05+00:00\",\"description\":\"POSGLOBALIZACI\u00d3N, DESCOLONIZACI\u00d3N Y TRANSMODERNIDAD : FILOSOF\u00cdA DE LA LIBERACI\u00d3N Y PENSAMIENTO LATINOAMERICANO. \\\/ D\u00edaz Cepeda, B\u00e1ez Ayala, P\u00e9rez Daniel.\",\"breadcrumb\":{\"@id\":\"https:\\\/\\\/booksfrommexico.com\\\/es\\\/producto\\\/posglobalizacion-descolonizacion-y-transmodernidad\\\/#breadcrumb\"},\"inLanguage\":\"es\",\"potentialAction\":[{\"@type\":\"ReadAction\",\"target\":[\"https:\\\/\\\/booksfrommexico.com\\\/es\\\/producto\\\/posglobalizacion-descolonizacion-y-transmodernidad\\\/\"]}]},{\"@type\":\"ImageObject\",\"inLanguage\":\"es\",\"@id\":\"https:\\\/\\\/booksfrommexico.com\\\/es\\\/producto\\\/posglobalizacion-descolonizacion-y-transmodernidad\\\/#primaryimage\",\"url\":\"https:\\\/\\\/booksfrommexico.com\\\/app\\\/uploads\\\/2024\\\/05\\\/195016.jpeg\",\"contentUrl\":\"https:\\\/\\\/booksfrommexico.com\\\/app\\\/uploads\\\/2024\\\/05\\\/195016.jpeg\",\"width\":489,\"height\":670,\"caption\":\"Posglobalizaci\u00f3n, descolonizaci\u00f3n y transmodernidad\"},{\"@type\":\"BreadcrumbList\",\"@id\":\"https:\\\/\\\/booksfrommexico.com\\\/es\\\/producto\\\/posglobalizacion-descolonizacion-y-transmodernidad\\\/#breadcrumb\",\"itemListElement\":[{\"@type\":\"ListItem\",\"position\":1,\"name\":\"Home\",\"item\":\"https:\\\/\\\/booksfrommexico.com\\\/es\\\/\"},{\"@type\":\"ListItem\",\"position\":2,\"name\":\"Libros\",\"item\":\"https:\\\/\\\/booksfrommexico.com\\\/es\\\/libros\\\/\"},{\"@type\":\"ListItem\",\"position\":3,\"name\":\"Posglobalizaci\u00f3n, descolonizaci\u00f3n y transmodernidad\"}]},{\"@type\":\"WebSite\",\"@id\":\"https:\\\/\\\/booksfrommexico.com\\\/#website\",\"url\":\"https:\\\/\\\/booksfrommexico.com\\\/\",\"name\":\"Books From Mexico\",\"description\":\"\",\"publisher\":{\"@id\":\"https:\\\/\\\/booksfrommexico.com\\\/#organization\"},\"potentialAction\":[{\"@type\":\"SearchAction\",\"target\":{\"@type\":\"EntryPoint\",\"urlTemplate\":\"https:\\\/\\\/booksfrommexico.com\\\/?s={search_term_string}\"},\"query-input\":{\"@type\":\"PropertyValueSpecification\",\"valueRequired\":true,\"valueName\":\"search_term_string\"}}],\"inLanguage\":\"es\"},{\"@type\":\"Organization\",\"@id\":\"https:\\\/\\\/booksfrommexico.com\\\/#organization\",\"name\":\"Books From Mexico\",\"url\":\"https:\\\/\\\/booksfrommexico.com\\\/\",\"logo\":{\"@type\":\"ImageObject\",\"inLanguage\":\"es\",\"@id\":\"https:\\\/\\\/booksfrommexico.com\\\/#\\\/schema\\\/logo\\\/image\\\/\",\"url\":\"https:\\\/\\\/booksfrommexico.com\\\/app\\\/uploads\\\/2023\\\/05\\\/logo-booksfrommexico.svg\",\"contentUrl\":\"https:\\\/\\\/booksfrommexico.com\\\/app\\\/uploads\\\/2023\\\/05\\\/logo-booksfrommexico.svg\",\"width\":86,\"height\":56,\"caption\":\"Books From Mexico\"},\"image\":{\"@id\":\"https:\\\/\\\/booksfrommexico.com\\\/#\\\/schema\\\/logo\\\/image\\\/\"}}]}<\/script>\n<!-- \/ Yoast SEO plugin. -->","yoast_head_json":{"title":"Posglobalizaci\u00f3n, descolonizaci\u00f3n y transmodernidad","description":"POSGLOBALIZACI\u00d3N, DESCOLONIZACI\u00d3N Y TRANSMODERNIDAD : FILOSOF\u00cdA DE LA LIBERACI\u00d3N Y PENSAMIENTO LATINOAMERICANO. \/ D\u00edaz Cepeda, B\u00e1ez Ayala, P\u00e9rez Daniel.","robots":{"index":"index","follow":"follow","max-snippet":"max-snippet:-1","max-image-preview":"max-image-preview:large","max-video-preview":"max-video-preview:-1"},"canonical":"https:\/\/booksfrommexico.com\/es\/producto\/posglobalizacion-descolonizacion-y-transmodernidad\/","og_locale":"es_ES","og_type":"article","og_title":"Posglobalizaci\u00f3n, descolonizaci\u00f3n y transmodernidad","og_description":"POSGLOBALIZACI\u00d3N, DESCOLONIZACI\u00d3N Y TRANSMODERNIDAD : FILOSOF\u00cdA DE LA LIBERACI\u00d3N Y PENSAMIENTO LATINOAMERICANO. \/ D\u00edaz Cepeda, B\u00e1ez Ayala, P\u00e9rez Daniel.","og_url":"https:\/\/booksfrommexico.com\/es\/producto\/posglobalizacion-descolonizacion-y-transmodernidad\/","og_site_name":"Books From Mexico","article_modified_time":"2024-06-03T22:46:05+00:00","og_image":[{"width":489,"height":670,"url":"http:\/\/booksfrommexico.com\/app\/uploads\/2024\/05\/195016.jpeg","type":"image\/jpeg"}],"twitter_card":"summary_large_image","twitter_misc":{"Tiempo de lectura":"1 minuto"},"schema":{"@context":"https:\/\/schema.org","@graph":[{"@type":"WebPage","@id":"https:\/\/booksfrommexico.com\/es\/producto\/posglobalizacion-descolonizacion-y-transmodernidad\/","url":"https:\/\/booksfrommexico.com\/es\/producto\/posglobalizacion-descolonizacion-y-transmodernidad\/","name":"Posglobalizaci\u00f3n, descolonizaci\u00f3n y transmodernidad","isPartOf":{"@id":"https:\/\/booksfrommexico.com\/#website"},"primaryImageOfPage":{"@id":"https:\/\/booksfrommexico.com\/es\/producto\/posglobalizacion-descolonizacion-y-transmodernidad\/#primaryimage"},"image":{"@id":"https:\/\/booksfrommexico.com\/es\/producto\/posglobalizacion-descolonizacion-y-transmodernidad\/#primaryimage"},"thumbnailUrl":"https:\/\/booksfrommexico.com\/app\/uploads\/2024\/05\/195016.jpeg","datePublished":"2024-05-24T19:19:36+00:00","dateModified":"2024-06-03T22:46:05+00:00","description":"POSGLOBALIZACI\u00d3N, DESCOLONIZACI\u00d3N Y TRANSMODERNIDAD : FILOSOF\u00cdA DE LA LIBERACI\u00d3N Y PENSAMIENTO LATINOAMERICANO. \/ D\u00edaz Cepeda, B\u00e1ez Ayala, P\u00e9rez Daniel.","breadcrumb":{"@id":"https:\/\/booksfrommexico.com\/es\/producto\/posglobalizacion-descolonizacion-y-transmodernidad\/#breadcrumb"},"inLanguage":"es","potentialAction":[{"@type":"ReadAction","target":["https:\/\/booksfrommexico.com\/es\/producto\/posglobalizacion-descolonizacion-y-transmodernidad\/"]}]},{"@type":"ImageObject","inLanguage":"es","@id":"https:\/\/booksfrommexico.com\/es\/producto\/posglobalizacion-descolonizacion-y-transmodernidad\/#primaryimage","url":"https:\/\/booksfrommexico.com\/app\/uploads\/2024\/05\/195016.jpeg","contentUrl":"https:\/\/booksfrommexico.com\/app\/uploads\/2024\/05\/195016.jpeg","width":489,"height":670,"caption":"Posglobalizaci\u00f3n, descolonizaci\u00f3n y transmodernidad"},{"@type":"BreadcrumbList","@id":"https:\/\/booksfrommexico.com\/es\/producto\/posglobalizacion-descolonizacion-y-transmodernidad\/#breadcrumb","itemListElement":[{"@type":"ListItem","position":1,"name":"Home","item":"https:\/\/booksfrommexico.com\/es\/"},{"@type":"ListItem","position":2,"name":"Libros","item":"https:\/\/booksfrommexico.com\/es\/libros\/"},{"@type":"ListItem","position":3,"name":"Posglobalizaci\u00f3n, descolonizaci\u00f3n y transmodernidad"}]},{"@type":"WebSite","@id":"https:\/\/booksfrommexico.com\/#website","url":"https:\/\/booksfrommexico.com\/","name":"Books From Mexico","description":"","publisher":{"@id":"https:\/\/booksfrommexico.com\/#organization"},"potentialAction":[{"@type":"SearchAction","target":{"@type":"EntryPoint","urlTemplate":"https:\/\/booksfrommexico.com\/?s={search_term_string}"},"query-input":{"@type":"PropertyValueSpecification","valueRequired":true,"valueName":"search_term_string"}}],"inLanguage":"es"},{"@type":"Organization","@id":"https:\/\/booksfrommexico.com\/#organization","name":"Books From Mexico","url":"https:\/\/booksfrommexico.com\/","logo":{"@type":"ImageObject","inLanguage":"es","@id":"https:\/\/booksfrommexico.com\/#\/schema\/logo\/image\/","url":"https:\/\/booksfrommexico.com\/app\/uploads\/2023\/05\/logo-booksfrommexico.svg","contentUrl":"https:\/\/booksfrommexico.com\/app\/uploads\/2023\/05\/logo-booksfrommexico.svg","width":86,"height":56,"caption":"Books From Mexico"},"image":{"@id":"https:\/\/booksfrommexico.com\/#\/schema\/logo\/image\/"}}]}},"_links":{"self":[{"href":"https:\/\/booksfrommexico.com\/es\/wp-json\/wp\/v2\/product\/6435","targetHints":{"allow":["GET"]}}],"collection":[{"href":"https:\/\/booksfrommexico.com\/es\/wp-json\/wp\/v2\/product"}],"about":[{"href":"https:\/\/booksfrommexico.com\/es\/wp-json\/wp\/v2\/types\/product"}],"wp:featuredmedia":[{"embeddable":true,"href":"https:\/\/booksfrommexico.com\/es\/wp-json\/wp\/v2\/media\/6484"}],"wp:attachment":[{"href":"https:\/\/booksfrommexico.com\/es\/wp-json\/wp\/v2\/media?parent=6435"}],"wp:term":[{"taxonomy":"product_brand","embeddable":true,"href":"https:\/\/booksfrommexico.com\/es\/wp-json\/wp\/v2\/product_brand?post=6435"},{"taxonomy":"product_cat","embeddable":true,"href":"https:\/\/booksfrommexico.com\/es\/wp-json\/wp\/v2\/product_cat?post=6435"},{"taxonomy":"product_tag","embeddable":true,"href":"https:\/\/booksfrommexico.com\/es\/wp-json\/wp\/v2\/product_tag?post=6435"}],"curies":[{"name":"wp","href":"https:\/\/api.w.org\/{rel}","templated":true}]}}