{"id":6436,"date":"2024-05-24T19:19:36","date_gmt":"2024-05-24T19:19:36","guid":{"rendered":"https:\/\/booksfrommexico.com\/product\/nueve-poetas-mexicanos\/"},"modified":"2024-05-30T23:39:40","modified_gmt":"2024-05-30T23:39:40","slug":"nueve-poetas-mexicanos","status":"publish","type":"product","link":"https:\/\/booksfrommexico.com\/es\/producto\/nueve-poetas-mexicanos\/","title":{"rendered":"Nueve poetas mexicanos"},"content":{"rendered":"<p><span style=\"font-weight: 400;\">En este t\u00edtulo se hace una recopilaci\u00f3n de ensayos que fueron publicados en diversas revistas, antolog\u00edas y un libro (sobre tres de los autores), siendo as\u00ed obras sueltas. Carlos Montemayor hace en ellos un an\u00e1lisis de la poes\u00eda contrastada con detalles biogr\u00e1ficos de la vida de\u00a0 <\/span><span style=\"font-weight: 400;\">Efr\u00e9n Rebolledo, Jorge Cuesta, Jos\u00e9 Gorostiza, Gilberto Owen, El\u00edas Nandino, Efra\u00edn Huerta, Rub\u00e9n Bonifaz Nu\u00f1o y Al\u00ed Chumacero.<\/span><span style=\"font-weight: 400;\"> Montemayor ten\u00eda inter\u00e9s en investigar sobre estos autores no s\u00f3lo detalles como lugares y fechas, sino aspectos m\u00e1s profundos de sus memorias, pues consideraba que conjuntando estos dos aspectos pod\u00eda as\u00ed trazar un hilo conector entre sus vidas y su trabajo po\u00e9tico.<\/span><\/p>\n","protected":false},"excerpt":{"rendered":"<p>NUEVE POETAS MEXICANOS<span style=\"font-weight: 400;\">. \/ Carlos Montemayor. Ciudad Ju\u00e1rez, Chihuahua, M\u00e9xico : Universidad Aut\u00f3noma de Ciudad Ju\u00e1rez ; Centro de Servicios Bibliotecarios, 2021. 224 pages : includes references ; 22 cm. ISBN :\u00a0 9786075204154 (volumen) ; 6075204156 (collection).<\/span><\/p>\n","protected":false},"featured_media":6492,"template":"","meta":{"_acf_changed":false,"inline_featured_image":false},"product_brand":[],"product_cat":[4393,52,26],"product_tag":[3707,3855,4115],"class_list":{"0":"post-6436","1":"product","2":"type-product","3":"status-publish","4":"has-post-thumbnail","6":"product_cat-analisis-literario","7":"product_cat-critica-literaria","8":"product_cat-ensayo-literatura","9":"product_tag-critica-e-interpretacion","10":"product_tag-ensayos","11":"product_tag-poesia-es","13":"first","14":"instock","15":"taxable","16":"shipping-taxable","17":"purchasable","18":"product-type-simple"},"acf":[],"yoast_head":"<!-- This site is optimized with the Yoast SEO plugin v27.3 - https:\/\/yoast.com\/product\/yoast-seo-wordpress\/ -->\n<title>Nueve poetas mexicanos<\/title>\n<meta name=\"description\" content=\"NUEVE POETAS MEXICANOS. \/ Carlos Montemayor. Universidad Aut\u00f3noma de Ciudad Ju\u00e1rez ; Centro de Servicios Bibliotecarios, 2021. ISBN : 9786075204154.\" \/>\n<meta name=\"robots\" content=\"index, follow, max-snippet:-1, max-image-preview:large, max-video-preview:-1\" \/>\n<link rel=\"canonical\" href=\"https:\/\/booksfrommexico.com\/es\/producto\/nueve-poetas-mexicanos\/\" \/>\n<meta property=\"og:locale\" content=\"es_ES\" \/>\n<meta property=\"og:type\" content=\"article\" \/>\n<meta property=\"og:title\" content=\"Nueve poetas mexicanos\" \/>\n<meta property=\"og:description\" content=\"NUEVE POETAS MEXICANOS. \/ Carlos Montemayor. Universidad Aut\u00f3noma de Ciudad Ju\u00e1rez ; Centro de Servicios Bibliotecarios, 2021. ISBN : 9786075204154.\" \/>\n<meta property=\"og:url\" content=\"https:\/\/booksfrommexico.com\/es\/producto\/nueve-poetas-mexicanos\/\" \/>\n<meta property=\"og:site_name\" content=\"Books From Mexico\" \/>\n<meta property=\"article:modified_time\" content=\"2024-05-30T23:39:40+00:00\" \/>\n<meta property=\"og:image\" content=\"http:\/\/booksfrommexico.com\/app\/uploads\/2024\/05\/197035-1.jpeg\" \/>\n\t<meta property=\"og:image:width\" content=\"768\" \/>\n\t<meta property=\"og:image:height\" content=\"1232\" \/>\n\t<meta property=\"og:image:type\" content=\"image\/jpeg\" \/>\n<meta name=\"twitter:card\" content=\"summary_large_image\" \/>\n<meta name=\"twitter:label1\" content=\"Tiempo de lectura\" \/>\n\t<meta name=\"twitter:data1\" content=\"1 minuto\" \/>\n<script type=\"application\/ld+json\" class=\"yoast-schema-graph\">{\"@context\":\"https:\\\/\\\/schema.org\",\"@graph\":[{\"@type\":\"WebPage\",\"@id\":\"https:\\\/\\\/booksfrommexico.com\\\/es\\\/producto\\\/nueve-poetas-mexicanos\\\/\",\"url\":\"https:\\\/\\\/booksfrommexico.com\\\/es\\\/producto\\\/nueve-poetas-mexicanos\\\/\",\"name\":\"Nueve poetas mexicanos\",\"isPartOf\":{\"@id\":\"https:\\\/\\\/booksfrommexico.com\\\/#website\"},\"primaryImageOfPage\":{\"@id\":\"https:\\\/\\\/booksfrommexico.com\\\/es\\\/producto\\\/nueve-poetas-mexicanos\\\/#primaryimage\"},\"image\":{\"@id\":\"https:\\\/\\\/booksfrommexico.com\\\/es\\\/producto\\\/nueve-poetas-mexicanos\\\/#primaryimage\"},\"thumbnailUrl\":\"https:\\\/\\\/booksfrommexico.com\\\/app\\\/uploads\\\/2024\\\/05\\\/197035-1.jpeg\",\"datePublished\":\"2024-05-24T19:19:36+00:00\",\"dateModified\":\"2024-05-30T23:39:40+00:00\",\"description\":\"NUEVE POETAS MEXICANOS. \\\/ Carlos Montemayor. Universidad Aut\u00f3noma de Ciudad Ju\u00e1rez ; Centro de Servicios Bibliotecarios, 2021. ISBN : 9786075204154.\",\"breadcrumb\":{\"@id\":\"https:\\\/\\\/booksfrommexico.com\\\/es\\\/producto\\\/nueve-poetas-mexicanos\\\/#breadcrumb\"},\"inLanguage\":\"es\",\"potentialAction\":[{\"@type\":\"ReadAction\",\"target\":[\"https:\\\/\\\/booksfrommexico.com\\\/es\\\/producto\\\/nueve-poetas-mexicanos\\\/\"]}]},{\"@type\":\"ImageObject\",\"inLanguage\":\"es\",\"@id\":\"https:\\\/\\\/booksfrommexico.com\\\/es\\\/producto\\\/nueve-poetas-mexicanos\\\/#primaryimage\",\"url\":\"https:\\\/\\\/booksfrommexico.com\\\/app\\\/uploads\\\/2024\\\/05\\\/197035-1.jpeg\",\"contentUrl\":\"https:\\\/\\\/booksfrommexico.com\\\/app\\\/uploads\\\/2024\\\/05\\\/197035-1.jpeg\",\"width\":768,\"height\":1232,\"caption\":\"Nueve poetas mexicanos\"},{\"@type\":\"BreadcrumbList\",\"@id\":\"https:\\\/\\\/booksfrommexico.com\\\/es\\\/producto\\\/nueve-poetas-mexicanos\\\/#breadcrumb\",\"itemListElement\":[{\"@type\":\"ListItem\",\"position\":1,\"name\":\"Home\",\"item\":\"https:\\\/\\\/booksfrommexico.com\\\/es\\\/\"},{\"@type\":\"ListItem\",\"position\":2,\"name\":\"Libros\",\"item\":\"https:\\\/\\\/booksfrommexico.com\\\/es\\\/libros\\\/\"},{\"@type\":\"ListItem\",\"position\":3,\"name\":\"Nueve poetas mexicanos\"}]},{\"@type\":\"WebSite\",\"@id\":\"https:\\\/\\\/booksfrommexico.com\\\/#website\",\"url\":\"https:\\\/\\\/booksfrommexico.com\\\/\",\"name\":\"Books From Mexico\",\"description\":\"\",\"publisher\":{\"@id\":\"https:\\\/\\\/booksfrommexico.com\\\/#organization\"},\"potentialAction\":[{\"@type\":\"SearchAction\",\"target\":{\"@type\":\"EntryPoint\",\"urlTemplate\":\"https:\\\/\\\/booksfrommexico.com\\\/?s={search_term_string}\"},\"query-input\":{\"@type\":\"PropertyValueSpecification\",\"valueRequired\":true,\"valueName\":\"search_term_string\"}}],\"inLanguage\":\"es\"},{\"@type\":\"Organization\",\"@id\":\"https:\\\/\\\/booksfrommexico.com\\\/#organization\",\"name\":\"Books From Mexico\",\"url\":\"https:\\\/\\\/booksfrommexico.com\\\/\",\"logo\":{\"@type\":\"ImageObject\",\"inLanguage\":\"es\",\"@id\":\"https:\\\/\\\/booksfrommexico.com\\\/#\\\/schema\\\/logo\\\/image\\\/\",\"url\":\"https:\\\/\\\/booksfrommexico.com\\\/app\\\/uploads\\\/2023\\\/05\\\/logo-booksfrommexico.svg\",\"contentUrl\":\"https:\\\/\\\/booksfrommexico.com\\\/app\\\/uploads\\\/2023\\\/05\\\/logo-booksfrommexico.svg\",\"width\":86,\"height\":56,\"caption\":\"Books From Mexico\"},\"image\":{\"@id\":\"https:\\\/\\\/booksfrommexico.com\\\/#\\\/schema\\\/logo\\\/image\\\/\"}}]}<\/script>\n<!-- \/ Yoast SEO plugin. -->","yoast_head_json":{"title":"Nueve poetas mexicanos","description":"NUEVE POETAS MEXICANOS. \/ Carlos Montemayor. Universidad Aut\u00f3noma de Ciudad Ju\u00e1rez ; Centro de Servicios Bibliotecarios, 2021. ISBN : 9786075204154.","robots":{"index":"index","follow":"follow","max-snippet":"max-snippet:-1","max-image-preview":"max-image-preview:large","max-video-preview":"max-video-preview:-1"},"canonical":"https:\/\/booksfrommexico.com\/es\/producto\/nueve-poetas-mexicanos\/","og_locale":"es_ES","og_type":"article","og_title":"Nueve poetas mexicanos","og_description":"NUEVE POETAS MEXICANOS. \/ Carlos Montemayor. Universidad Aut\u00f3noma de Ciudad Ju\u00e1rez ; Centro de Servicios Bibliotecarios, 2021. ISBN : 9786075204154.","og_url":"https:\/\/booksfrommexico.com\/es\/producto\/nueve-poetas-mexicanos\/","og_site_name":"Books From Mexico","article_modified_time":"2024-05-30T23:39:40+00:00","og_image":[{"width":768,"height":1232,"url":"http:\/\/booksfrommexico.com\/app\/uploads\/2024\/05\/197035-1.jpeg","type":"image\/jpeg"}],"twitter_card":"summary_large_image","twitter_misc":{"Tiempo de lectura":"1 minuto"},"schema":{"@context":"https:\/\/schema.org","@graph":[{"@type":"WebPage","@id":"https:\/\/booksfrommexico.com\/es\/producto\/nueve-poetas-mexicanos\/","url":"https:\/\/booksfrommexico.com\/es\/producto\/nueve-poetas-mexicanos\/","name":"Nueve poetas mexicanos","isPartOf":{"@id":"https:\/\/booksfrommexico.com\/#website"},"primaryImageOfPage":{"@id":"https:\/\/booksfrommexico.com\/es\/producto\/nueve-poetas-mexicanos\/#primaryimage"},"image":{"@id":"https:\/\/booksfrommexico.com\/es\/producto\/nueve-poetas-mexicanos\/#primaryimage"},"thumbnailUrl":"https:\/\/booksfrommexico.com\/app\/uploads\/2024\/05\/197035-1.jpeg","datePublished":"2024-05-24T19:19:36+00:00","dateModified":"2024-05-30T23:39:40+00:00","description":"NUEVE POETAS MEXICANOS. \/ Carlos Montemayor. Universidad Aut\u00f3noma de Ciudad Ju\u00e1rez ; Centro de Servicios Bibliotecarios, 2021. ISBN : 9786075204154.","breadcrumb":{"@id":"https:\/\/booksfrommexico.com\/es\/producto\/nueve-poetas-mexicanos\/#breadcrumb"},"inLanguage":"es","potentialAction":[{"@type":"ReadAction","target":["https:\/\/booksfrommexico.com\/es\/producto\/nueve-poetas-mexicanos\/"]}]},{"@type":"ImageObject","inLanguage":"es","@id":"https:\/\/booksfrommexico.com\/es\/producto\/nueve-poetas-mexicanos\/#primaryimage","url":"https:\/\/booksfrommexico.com\/app\/uploads\/2024\/05\/197035-1.jpeg","contentUrl":"https:\/\/booksfrommexico.com\/app\/uploads\/2024\/05\/197035-1.jpeg","width":768,"height":1232,"caption":"Nueve poetas mexicanos"},{"@type":"BreadcrumbList","@id":"https:\/\/booksfrommexico.com\/es\/producto\/nueve-poetas-mexicanos\/#breadcrumb","itemListElement":[{"@type":"ListItem","position":1,"name":"Home","item":"https:\/\/booksfrommexico.com\/es\/"},{"@type":"ListItem","position":2,"name":"Libros","item":"https:\/\/booksfrommexico.com\/es\/libros\/"},{"@type":"ListItem","position":3,"name":"Nueve poetas mexicanos"}]},{"@type":"WebSite","@id":"https:\/\/booksfrommexico.com\/#website","url":"https:\/\/booksfrommexico.com\/","name":"Books From Mexico","description":"","publisher":{"@id":"https:\/\/booksfrommexico.com\/#organization"},"potentialAction":[{"@type":"SearchAction","target":{"@type":"EntryPoint","urlTemplate":"https:\/\/booksfrommexico.com\/?s={search_term_string}"},"query-input":{"@type":"PropertyValueSpecification","valueRequired":true,"valueName":"search_term_string"}}],"inLanguage":"es"},{"@type":"Organization","@id":"https:\/\/booksfrommexico.com\/#organization","name":"Books From Mexico","url":"https:\/\/booksfrommexico.com\/","logo":{"@type":"ImageObject","inLanguage":"es","@id":"https:\/\/booksfrommexico.com\/#\/schema\/logo\/image\/","url":"https:\/\/booksfrommexico.com\/app\/uploads\/2023\/05\/logo-booksfrommexico.svg","contentUrl":"https:\/\/booksfrommexico.com\/app\/uploads\/2023\/05\/logo-booksfrommexico.svg","width":86,"height":56,"caption":"Books From Mexico"},"image":{"@id":"https:\/\/booksfrommexico.com\/#\/schema\/logo\/image\/"}}]}},"_links":{"self":[{"href":"https:\/\/booksfrommexico.com\/es\/wp-json\/wp\/v2\/product\/6436","targetHints":{"allow":["GET"]}}],"collection":[{"href":"https:\/\/booksfrommexico.com\/es\/wp-json\/wp\/v2\/product"}],"about":[{"href":"https:\/\/booksfrommexico.com\/es\/wp-json\/wp\/v2\/types\/product"}],"wp:featuredmedia":[{"embeddable":true,"href":"https:\/\/booksfrommexico.com\/es\/wp-json\/wp\/v2\/media\/6492"}],"wp:attachment":[{"href":"https:\/\/booksfrommexico.com\/es\/wp-json\/wp\/v2\/media?parent=6436"}],"wp:term":[{"taxonomy":"product_brand","embeddable":true,"href":"https:\/\/booksfrommexico.com\/es\/wp-json\/wp\/v2\/product_brand?post=6436"},{"taxonomy":"product_cat","embeddable":true,"href":"https:\/\/booksfrommexico.com\/es\/wp-json\/wp\/v2\/product_cat?post=6436"},{"taxonomy":"product_tag","embeddable":true,"href":"https:\/\/booksfrommexico.com\/es\/wp-json\/wp\/v2\/product_tag?post=6436"}],"curies":[{"name":"wp","href":"https:\/\/api.w.org\/{rel}","templated":true}]}}