{"id":644,"date":"2023-05-08T17:05:01","date_gmt":"2023-05-08T17:05:01","guid":{"rendered":"http:\/\/booksfrommexico.com\/product\/2501-migrantes\/"},"modified":"2024-07-23T23:28:20","modified_gmt":"2024-07-23T23:28:20","slug":"2501-migrantes","status":"publish","type":"product","link":"https:\/\/booksfrommexico.com\/es\/producto\/2501-migrantes\/","title":{"rendered":"2501 Migrantes"},"content":{"rendered":"<p><span style=\"font-weight: 400;\">Abordar el tema de la migraci\u00f3n implica sumar un car\u00e1cter \u00e9tico al arte: mostrar la preocupaci\u00f3n por las consecuencias de lo que unos seres humanos hacen a otros seres humanos, as\u00ed como implica cuestionar las posibilidades humanas para construir comunidades solidarias. El proyecto que da como resultado este t\u00edtulo, tiene como origen la experiencia que Alejandro Santiago decidi\u00f3 vivir para conocer el dif\u00edcil tr\u00e1nsito de los migrantes oaxaque\u00f1os que cruzan la frontera con Estados Unidos: pas\u00f3 como inmigrante ilegal. A partir de ello se obtuvieron una serie de fotograf\u00edas y de creaciones pl\u00e1sticas que est\u00e1n fotografiadas y presentadas en estas p\u00e1ginas.<\/span><\/p>\n","protected":false},"excerpt":{"rendered":"<p>2501 MIGRANTES<span style=\"font-weight: 400;\">. \/ Alejandro Santiago. Oaxaca, M\u00e9xico : Museo de Arte Contempor\u00e1neo de Oaxaca, 2006. 50 pages : includes color photos ; 32 cm. <\/span><\/p>\n","protected":false},"featured_media":643,"template":"","meta":{"_acf_changed":false,"inline_featured_image":false},"product_brand":[],"product_cat":[87,4240,400],"product_tag":[4044,4473,4043],"class_list":{"0":"post-644","1":"product","2":"type-product","3":"status-publish","4":"has-post-thumbnail","6":"product_cat-arte","7":"product_cat-arte-plastico","8":"product_cat-catalogos-de-exposiciones-arte","9":"product_tag-arte","10":"product_tag-catalogos-es","11":"product_tag-fotografia","13":"first","14":"instock","15":"taxable","16":"shipping-taxable","17":"purchasable","18":"product-type-simple"},"acf":[],"yoast_head":"<!-- This site is optimized with the Yoast SEO plugin v27.3 - https:\/\/yoast.com\/product\/yoast-seo-wordpress\/ -->\n<title>2501 Migrantes<\/title>\n<meta name=\"description\" content=\"2501 MIGRANTES. \/ Alejandro Santiago. Oaxaca, M\u00e9xico : Museo de Arte Contempor\u00e1neo de Oaxaca, 2006. 50 pages : includes color photos ; 32 cm.\" \/>\n<meta name=\"robots\" content=\"index, follow, max-snippet:-1, max-image-preview:large, max-video-preview:-1\" \/>\n<link rel=\"canonical\" href=\"https:\/\/booksfrommexico.com\/es\/producto\/2501-migrantes\/\" \/>\n<meta property=\"og:locale\" content=\"es_ES\" \/>\n<meta property=\"og:type\" content=\"article\" \/>\n<meta property=\"og:title\" content=\"2501 Migrantes\" \/>\n<meta property=\"og:description\" content=\"2501 MIGRANTES. \/ Alejandro Santiago. Oaxaca, M\u00e9xico : Museo de Arte Contempor\u00e1neo de Oaxaca, 2006. 50 pages : includes color photos ; 32 cm.\" \/>\n<meta property=\"og:url\" content=\"https:\/\/booksfrommexico.com\/es\/producto\/2501-migrantes\/\" \/>\n<meta property=\"og:site_name\" content=\"Books From Mexico\" \/>\n<meta property=\"article:modified_time\" content=\"2024-07-23T23:28:20+00:00\" \/>\n<meta property=\"og:image\" content=\"http:\/\/booksfrommexico.com\/app\/uploads\/2023\/05\/130088.jpeg\" \/>\n\t<meta property=\"og:image:width\" content=\"614\" \/>\n\t<meta property=\"og:image:height\" content=\"867\" \/>\n\t<meta property=\"og:image:type\" content=\"image\/jpeg\" \/>\n<meta name=\"twitter:card\" content=\"summary_large_image\" \/>\n<meta name=\"twitter:label1\" content=\"Tiempo de lectura\" \/>\n\t<meta name=\"twitter:data1\" content=\"1 minuto\" \/>\n<script type=\"application\/ld+json\" class=\"yoast-schema-graph\">{\"@context\":\"https:\\\/\\\/schema.org\",\"@graph\":[{\"@type\":\"WebPage\",\"@id\":\"https:\\\/\\\/booksfrommexico.com\\\/es\\\/producto\\\/2501-migrantes\\\/\",\"url\":\"https:\\\/\\\/booksfrommexico.com\\\/es\\\/producto\\\/2501-migrantes\\\/\",\"name\":\"2501 Migrantes\",\"isPartOf\":{\"@id\":\"https:\\\/\\\/booksfrommexico.com\\\/#website\"},\"primaryImageOfPage\":{\"@id\":\"https:\\\/\\\/booksfrommexico.com\\\/es\\\/producto\\\/2501-migrantes\\\/#primaryimage\"},\"image\":{\"@id\":\"https:\\\/\\\/booksfrommexico.com\\\/es\\\/producto\\\/2501-migrantes\\\/#primaryimage\"},\"thumbnailUrl\":\"https:\\\/\\\/booksfrommexico.com\\\/app\\\/uploads\\\/2023\\\/05\\\/130088.jpeg\",\"datePublished\":\"2023-05-08T17:05:01+00:00\",\"dateModified\":\"2024-07-23T23:28:20+00:00\",\"description\":\"2501 MIGRANTES. \\\/ Alejandro Santiago. Oaxaca, M\u00e9xico : Museo de Arte Contempor\u00e1neo de Oaxaca, 2006. 50 pages : includes color photos ; 32 cm.\",\"breadcrumb\":{\"@id\":\"https:\\\/\\\/booksfrommexico.com\\\/es\\\/producto\\\/2501-migrantes\\\/#breadcrumb\"},\"inLanguage\":\"es\",\"potentialAction\":[{\"@type\":\"ReadAction\",\"target\":[\"https:\\\/\\\/booksfrommexico.com\\\/es\\\/producto\\\/2501-migrantes\\\/\"]}]},{\"@type\":\"ImageObject\",\"inLanguage\":\"es\",\"@id\":\"https:\\\/\\\/booksfrommexico.com\\\/es\\\/producto\\\/2501-migrantes\\\/#primaryimage\",\"url\":\"https:\\\/\\\/booksfrommexico.com\\\/app\\\/uploads\\\/2023\\\/05\\\/130088.jpeg\",\"contentUrl\":\"https:\\\/\\\/booksfrommexico.com\\\/app\\\/uploads\\\/2023\\\/05\\\/130088.jpeg\",\"width\":614,\"height\":867},{\"@type\":\"BreadcrumbList\",\"@id\":\"https:\\\/\\\/booksfrommexico.com\\\/es\\\/producto\\\/2501-migrantes\\\/#breadcrumb\",\"itemListElement\":[{\"@type\":\"ListItem\",\"position\":1,\"name\":\"Home\",\"item\":\"https:\\\/\\\/booksfrommexico.com\\\/es\\\/\"},{\"@type\":\"ListItem\",\"position\":2,\"name\":\"Libros\",\"item\":\"https:\\\/\\\/booksfrommexico.com\\\/es\\\/libros\\\/\"},{\"@type\":\"ListItem\",\"position\":3,\"name\":\"2501 Migrantes\"}]},{\"@type\":\"WebSite\",\"@id\":\"https:\\\/\\\/booksfrommexico.com\\\/#website\",\"url\":\"https:\\\/\\\/booksfrommexico.com\\\/\",\"name\":\"Books From Mexico\",\"description\":\"\",\"publisher\":{\"@id\":\"https:\\\/\\\/booksfrommexico.com\\\/#organization\"},\"potentialAction\":[{\"@type\":\"SearchAction\",\"target\":{\"@type\":\"EntryPoint\",\"urlTemplate\":\"https:\\\/\\\/booksfrommexico.com\\\/?s={search_term_string}\"},\"query-input\":{\"@type\":\"PropertyValueSpecification\",\"valueRequired\":true,\"valueName\":\"search_term_string\"}}],\"inLanguage\":\"es\"},{\"@type\":\"Organization\",\"@id\":\"https:\\\/\\\/booksfrommexico.com\\\/#organization\",\"name\":\"Books From Mexico\",\"url\":\"https:\\\/\\\/booksfrommexico.com\\\/\",\"logo\":{\"@type\":\"ImageObject\",\"inLanguage\":\"es\",\"@id\":\"https:\\\/\\\/booksfrommexico.com\\\/#\\\/schema\\\/logo\\\/image\\\/\",\"url\":\"https:\\\/\\\/booksfrommexico.com\\\/app\\\/uploads\\\/2023\\\/05\\\/logo-booksfrommexico.svg\",\"contentUrl\":\"https:\\\/\\\/booksfrommexico.com\\\/app\\\/uploads\\\/2023\\\/05\\\/logo-booksfrommexico.svg\",\"width\":86,\"height\":56,\"caption\":\"Books From Mexico\"},\"image\":{\"@id\":\"https:\\\/\\\/booksfrommexico.com\\\/#\\\/schema\\\/logo\\\/image\\\/\"}}]}<\/script>\n<!-- \/ Yoast SEO plugin. -->","yoast_head_json":{"title":"2501 Migrantes","description":"2501 MIGRANTES. \/ Alejandro Santiago. Oaxaca, M\u00e9xico : Museo de Arte Contempor\u00e1neo de Oaxaca, 2006. 50 pages : includes color photos ; 32 cm.","robots":{"index":"index","follow":"follow","max-snippet":"max-snippet:-1","max-image-preview":"max-image-preview:large","max-video-preview":"max-video-preview:-1"},"canonical":"https:\/\/booksfrommexico.com\/es\/producto\/2501-migrantes\/","og_locale":"es_ES","og_type":"article","og_title":"2501 Migrantes","og_description":"2501 MIGRANTES. \/ Alejandro Santiago. Oaxaca, M\u00e9xico : Museo de Arte Contempor\u00e1neo de Oaxaca, 2006. 50 pages : includes color photos ; 32 cm.","og_url":"https:\/\/booksfrommexico.com\/es\/producto\/2501-migrantes\/","og_site_name":"Books From Mexico","article_modified_time":"2024-07-23T23:28:20+00:00","og_image":[{"width":614,"height":867,"url":"http:\/\/booksfrommexico.com\/app\/uploads\/2023\/05\/130088.jpeg","type":"image\/jpeg"}],"twitter_card":"summary_large_image","twitter_misc":{"Tiempo de lectura":"1 minuto"},"schema":{"@context":"https:\/\/schema.org","@graph":[{"@type":"WebPage","@id":"https:\/\/booksfrommexico.com\/es\/producto\/2501-migrantes\/","url":"https:\/\/booksfrommexico.com\/es\/producto\/2501-migrantes\/","name":"2501 Migrantes","isPartOf":{"@id":"https:\/\/booksfrommexico.com\/#website"},"primaryImageOfPage":{"@id":"https:\/\/booksfrommexico.com\/es\/producto\/2501-migrantes\/#primaryimage"},"image":{"@id":"https:\/\/booksfrommexico.com\/es\/producto\/2501-migrantes\/#primaryimage"},"thumbnailUrl":"https:\/\/booksfrommexico.com\/app\/uploads\/2023\/05\/130088.jpeg","datePublished":"2023-05-08T17:05:01+00:00","dateModified":"2024-07-23T23:28:20+00:00","description":"2501 MIGRANTES. \/ Alejandro Santiago. Oaxaca, M\u00e9xico : Museo de Arte Contempor\u00e1neo de Oaxaca, 2006. 50 pages : includes color photos ; 32 cm.","breadcrumb":{"@id":"https:\/\/booksfrommexico.com\/es\/producto\/2501-migrantes\/#breadcrumb"},"inLanguage":"es","potentialAction":[{"@type":"ReadAction","target":["https:\/\/booksfrommexico.com\/es\/producto\/2501-migrantes\/"]}]},{"@type":"ImageObject","inLanguage":"es","@id":"https:\/\/booksfrommexico.com\/es\/producto\/2501-migrantes\/#primaryimage","url":"https:\/\/booksfrommexico.com\/app\/uploads\/2023\/05\/130088.jpeg","contentUrl":"https:\/\/booksfrommexico.com\/app\/uploads\/2023\/05\/130088.jpeg","width":614,"height":867},{"@type":"BreadcrumbList","@id":"https:\/\/booksfrommexico.com\/es\/producto\/2501-migrantes\/#breadcrumb","itemListElement":[{"@type":"ListItem","position":1,"name":"Home","item":"https:\/\/booksfrommexico.com\/es\/"},{"@type":"ListItem","position":2,"name":"Libros","item":"https:\/\/booksfrommexico.com\/es\/libros\/"},{"@type":"ListItem","position":3,"name":"2501 Migrantes"}]},{"@type":"WebSite","@id":"https:\/\/booksfrommexico.com\/#website","url":"https:\/\/booksfrommexico.com\/","name":"Books From Mexico","description":"","publisher":{"@id":"https:\/\/booksfrommexico.com\/#organization"},"potentialAction":[{"@type":"SearchAction","target":{"@type":"EntryPoint","urlTemplate":"https:\/\/booksfrommexico.com\/?s={search_term_string}"},"query-input":{"@type":"PropertyValueSpecification","valueRequired":true,"valueName":"search_term_string"}}],"inLanguage":"es"},{"@type":"Organization","@id":"https:\/\/booksfrommexico.com\/#organization","name":"Books From Mexico","url":"https:\/\/booksfrommexico.com\/","logo":{"@type":"ImageObject","inLanguage":"es","@id":"https:\/\/booksfrommexico.com\/#\/schema\/logo\/image\/","url":"https:\/\/booksfrommexico.com\/app\/uploads\/2023\/05\/logo-booksfrommexico.svg","contentUrl":"https:\/\/booksfrommexico.com\/app\/uploads\/2023\/05\/logo-booksfrommexico.svg","width":86,"height":56,"caption":"Books From Mexico"},"image":{"@id":"https:\/\/booksfrommexico.com\/#\/schema\/logo\/image\/"}}]}},"_links":{"self":[{"href":"https:\/\/booksfrommexico.com\/es\/wp-json\/wp\/v2\/product\/644","targetHints":{"allow":["GET"]}}],"collection":[{"href":"https:\/\/booksfrommexico.com\/es\/wp-json\/wp\/v2\/product"}],"about":[{"href":"https:\/\/booksfrommexico.com\/es\/wp-json\/wp\/v2\/types\/product"}],"wp:featuredmedia":[{"embeddable":true,"href":"https:\/\/booksfrommexico.com\/es\/wp-json\/wp\/v2\/media\/643"}],"wp:attachment":[{"href":"https:\/\/booksfrommexico.com\/es\/wp-json\/wp\/v2\/media?parent=644"}],"wp:term":[{"taxonomy":"product_brand","embeddable":true,"href":"https:\/\/booksfrommexico.com\/es\/wp-json\/wp\/v2\/product_brand?post=644"},{"taxonomy":"product_cat","embeddable":true,"href":"https:\/\/booksfrommexico.com\/es\/wp-json\/wp\/v2\/product_cat?post=644"},{"taxonomy":"product_tag","embeddable":true,"href":"https:\/\/booksfrommexico.com\/es\/wp-json\/wp\/v2\/product_tag?post=644"}],"curies":[{"name":"wp","href":"https:\/\/api.w.org\/{rel}","templated":true}]}}