{"id":6440,"date":"2024-05-24T19:19:37","date_gmt":"2024-05-24T19:19:37","guid":{"rendered":"https:\/\/booksfrommexico.com\/product\/esquema-de-analisis-mixto\/"},"modified":"2024-05-30T23:38:37","modified_gmt":"2024-05-30T23:38:37","slug":"esquema-de-analisis-mixto","status":"publish","type":"product","link":"https:\/\/booksfrommexico.com\/es\/producto\/esquema-de-analisis-mixto\/","title":{"rendered":"Esquema de an\u00e1lisis mixto"},"content":{"rendered":"<p><span style=\"font-weight: 400;\">Por medio de las obras <\/span><i><span style=\"font-weight: 400;\">Tuya <\/span><\/i><span style=\"font-weight: 400;\">de Claudia Pi\u00f1eiro y <\/span><i><span style=\"font-weight: 400;\">Limbo <\/span><\/i><span style=\"font-weight: 400;\">de Agust\u00edn Fern\u00e1ndez Mallo, se presenta un esquema que fragmenta la estructura del discurso narrativo de las novelas y presenta a los personajes conforme sus etiquetas sociocr\u00edticas. La autora quiso mostrar el resultado de un proceso de trabajo en las aulas, donde tras impartir la clase de Seminario de Investigaci\u00f3n, la estructura del an\u00e1lisis literario que aplicaron sus alumnos tom\u00f3, poco a poco, la forma de esquema de an\u00e1lisis mixto. En estas p\u00e1ginas se explica el m\u00e9todo de an\u00e1lisis mixto en apartados que segmentan la teor\u00eda, con esquemas y cuadros de estudio que permiten visualizar las partes en que se estructuran dos novelas con narrativas diferentes.<\/span><\/p>\n","protected":false},"excerpt":{"rendered":"<p>ESQUEMA DE AN\u00c1LISIS MIXTO : MODELO DE ETIQUETAS SOCIOCR\u00cdTICAS EN PERSONAJES FEMENINOS DE AGUST\u00cdN FERN\u00c1NDEZ MALLO Y CLAUDIA PI\u00d1EIRO<span style=\"font-weight: 400;\">. \/ Gabriela Omayra L\u00f3pez Galv\u00e1n. Ciudad Ju\u00e1rez, Chihuahua, M\u00e9xico : Universidad Aut\u00f3noma de Ciudad Ju\u00e1rez, 2021. 139 pages : includes references, charts, tables, bibliography ; 22 cm. ISBN : 9786075203997.<\/span><\/p>\n","protected":false},"featured_media":6478,"template":"","meta":{"_acf_changed":false,"inline_featured_image":false},"product_brand":[],"product_cat":[4393,59,169],"product_tag":[3707,3847,4124],"class_list":{"0":"post-6440","1":"product","2":"type-product","3":"status-publish","4":"has-post-thumbnail","6":"product_cat-analisis-literario","7":"product_cat-educacion","8":"product_cat-lengua-y-linguistica","9":"product_tag-critica-e-interpretacion","10":"product_tag-lenguaje-espanol","11":"product_tag-literatura-es","13":"first","14":"instock","15":"taxable","16":"shipping-taxable","17":"purchasable","18":"product-type-simple"},"acf":[],"yoast_head":"<!-- This site is optimized with the Yoast SEO plugin v27.3 - https:\/\/yoast.com\/product\/yoast-seo-wordpress\/ -->\n<title>Esquema de an\u00e1lisis mixto<\/title>\n<meta name=\"description\" content=\"ESQUEMA DE AN\u00c1LISIS MIXTO : MODELO DE ETIQUETAS SOCIOCR\u00cdTICAS EN PERSONAJES FEMENINOS DE AGUST\u00cdN FERN\u00c1NDEZ MALLO Y CLAUDIA PI\u00d1EIRO. \/ Gabriela Omayra.\" \/>\n<meta name=\"robots\" content=\"index, follow, max-snippet:-1, max-image-preview:large, max-video-preview:-1\" \/>\n<link rel=\"canonical\" href=\"https:\/\/booksfrommexico.com\/es\/producto\/esquema-de-analisis-mixto\/\" \/>\n<meta property=\"og:locale\" content=\"es_ES\" \/>\n<meta property=\"og:type\" content=\"article\" \/>\n<meta property=\"og:title\" content=\"Esquema de an\u00e1lisis mixto\" \/>\n<meta property=\"og:description\" content=\"ESQUEMA DE AN\u00c1LISIS MIXTO : MODELO DE ETIQUETAS SOCIOCR\u00cdTICAS EN PERSONAJES FEMENINOS DE AGUST\u00cdN FERN\u00c1NDEZ MALLO Y CLAUDIA PI\u00d1EIRO. \/ Gabriela Omayra.\" \/>\n<meta property=\"og:url\" content=\"https:\/\/booksfrommexico.com\/es\/producto\/esquema-de-analisis-mixto\/\" \/>\n<meta property=\"og:site_name\" content=\"Books From Mexico\" \/>\n<meta property=\"article:modified_time\" content=\"2024-05-30T23:38:37+00:00\" \/>\n<meta property=\"og:image\" content=\"http:\/\/booksfrommexico.com\/app\/uploads\/2024\/05\/195014.jpeg\" \/>\n\t<meta property=\"og:image:width\" content=\"400\" \/>\n\t<meta property=\"og:image:height\" content=\"615\" \/>\n\t<meta property=\"og:image:type\" content=\"image\/jpeg\" \/>\n<meta name=\"twitter:card\" content=\"summary_large_image\" \/>\n<meta name=\"twitter:label1\" content=\"Tiempo de lectura\" \/>\n\t<meta name=\"twitter:data1\" content=\"1 minuto\" \/>\n<script type=\"application\/ld+json\" class=\"yoast-schema-graph\">{\"@context\":\"https:\\\/\\\/schema.org\",\"@graph\":[{\"@type\":\"WebPage\",\"@id\":\"https:\\\/\\\/booksfrommexico.com\\\/es\\\/producto\\\/esquema-de-analisis-mixto\\\/\",\"url\":\"https:\\\/\\\/booksfrommexico.com\\\/es\\\/producto\\\/esquema-de-analisis-mixto\\\/\",\"name\":\"Esquema de an\u00e1lisis mixto\",\"isPartOf\":{\"@id\":\"https:\\\/\\\/booksfrommexico.com\\\/#website\"},\"primaryImageOfPage\":{\"@id\":\"https:\\\/\\\/booksfrommexico.com\\\/es\\\/producto\\\/esquema-de-analisis-mixto\\\/#primaryimage\"},\"image\":{\"@id\":\"https:\\\/\\\/booksfrommexico.com\\\/es\\\/producto\\\/esquema-de-analisis-mixto\\\/#primaryimage\"},\"thumbnailUrl\":\"https:\\\/\\\/booksfrommexico.com\\\/app\\\/uploads\\\/2024\\\/05\\\/195014.jpeg\",\"datePublished\":\"2024-05-24T19:19:37+00:00\",\"dateModified\":\"2024-05-30T23:38:37+00:00\",\"description\":\"ESQUEMA DE AN\u00c1LISIS MIXTO : MODELO DE ETIQUETAS SOCIOCR\u00cdTICAS EN PERSONAJES FEMENINOS DE AGUST\u00cdN FERN\u00c1NDEZ MALLO Y CLAUDIA PI\u00d1EIRO. \\\/ Gabriela Omayra.\",\"breadcrumb\":{\"@id\":\"https:\\\/\\\/booksfrommexico.com\\\/es\\\/producto\\\/esquema-de-analisis-mixto\\\/#breadcrumb\"},\"inLanguage\":\"es\",\"potentialAction\":[{\"@type\":\"ReadAction\",\"target\":[\"https:\\\/\\\/booksfrommexico.com\\\/es\\\/producto\\\/esquema-de-analisis-mixto\\\/\"]}]},{\"@type\":\"ImageObject\",\"inLanguage\":\"es\",\"@id\":\"https:\\\/\\\/booksfrommexico.com\\\/es\\\/producto\\\/esquema-de-analisis-mixto\\\/#primaryimage\",\"url\":\"https:\\\/\\\/booksfrommexico.com\\\/app\\\/uploads\\\/2024\\\/05\\\/195014.jpeg\",\"contentUrl\":\"https:\\\/\\\/booksfrommexico.com\\\/app\\\/uploads\\\/2024\\\/05\\\/195014.jpeg\",\"width\":400,\"height\":615,\"caption\":\"Esquema de an\u00e1lisis mixto\"},{\"@type\":\"BreadcrumbList\",\"@id\":\"https:\\\/\\\/booksfrommexico.com\\\/es\\\/producto\\\/esquema-de-analisis-mixto\\\/#breadcrumb\",\"itemListElement\":[{\"@type\":\"ListItem\",\"position\":1,\"name\":\"Home\",\"item\":\"https:\\\/\\\/booksfrommexico.com\\\/es\\\/\"},{\"@type\":\"ListItem\",\"position\":2,\"name\":\"Libros\",\"item\":\"https:\\\/\\\/booksfrommexico.com\\\/es\\\/libros\\\/\"},{\"@type\":\"ListItem\",\"position\":3,\"name\":\"Esquema de an\u00e1lisis mixto\"}]},{\"@type\":\"WebSite\",\"@id\":\"https:\\\/\\\/booksfrommexico.com\\\/#website\",\"url\":\"https:\\\/\\\/booksfrommexico.com\\\/\",\"name\":\"Books From Mexico\",\"description\":\"\",\"publisher\":{\"@id\":\"https:\\\/\\\/booksfrommexico.com\\\/#organization\"},\"potentialAction\":[{\"@type\":\"SearchAction\",\"target\":{\"@type\":\"EntryPoint\",\"urlTemplate\":\"https:\\\/\\\/booksfrommexico.com\\\/?s={search_term_string}\"},\"query-input\":{\"@type\":\"PropertyValueSpecification\",\"valueRequired\":true,\"valueName\":\"search_term_string\"}}],\"inLanguage\":\"es\"},{\"@type\":\"Organization\",\"@id\":\"https:\\\/\\\/booksfrommexico.com\\\/#organization\",\"name\":\"Books From Mexico\",\"url\":\"https:\\\/\\\/booksfrommexico.com\\\/\",\"logo\":{\"@type\":\"ImageObject\",\"inLanguage\":\"es\",\"@id\":\"https:\\\/\\\/booksfrommexico.com\\\/#\\\/schema\\\/logo\\\/image\\\/\",\"url\":\"https:\\\/\\\/booksfrommexico.com\\\/app\\\/uploads\\\/2023\\\/05\\\/logo-booksfrommexico.svg\",\"contentUrl\":\"https:\\\/\\\/booksfrommexico.com\\\/app\\\/uploads\\\/2023\\\/05\\\/logo-booksfrommexico.svg\",\"width\":86,\"height\":56,\"caption\":\"Books From Mexico\"},\"image\":{\"@id\":\"https:\\\/\\\/booksfrommexico.com\\\/#\\\/schema\\\/logo\\\/image\\\/\"}}]}<\/script>\n<!-- \/ Yoast SEO plugin. -->","yoast_head_json":{"title":"Esquema de an\u00e1lisis mixto","description":"ESQUEMA DE AN\u00c1LISIS MIXTO : MODELO DE ETIQUETAS SOCIOCR\u00cdTICAS EN PERSONAJES FEMENINOS DE AGUST\u00cdN FERN\u00c1NDEZ MALLO Y CLAUDIA PI\u00d1EIRO. \/ Gabriela Omayra.","robots":{"index":"index","follow":"follow","max-snippet":"max-snippet:-1","max-image-preview":"max-image-preview:large","max-video-preview":"max-video-preview:-1"},"canonical":"https:\/\/booksfrommexico.com\/es\/producto\/esquema-de-analisis-mixto\/","og_locale":"es_ES","og_type":"article","og_title":"Esquema de an\u00e1lisis mixto","og_description":"ESQUEMA DE AN\u00c1LISIS MIXTO : MODELO DE ETIQUETAS SOCIOCR\u00cdTICAS EN PERSONAJES FEMENINOS DE AGUST\u00cdN FERN\u00c1NDEZ MALLO Y CLAUDIA PI\u00d1EIRO. \/ Gabriela Omayra.","og_url":"https:\/\/booksfrommexico.com\/es\/producto\/esquema-de-analisis-mixto\/","og_site_name":"Books From Mexico","article_modified_time":"2024-05-30T23:38:37+00:00","og_image":[{"width":400,"height":615,"url":"http:\/\/booksfrommexico.com\/app\/uploads\/2024\/05\/195014.jpeg","type":"image\/jpeg"}],"twitter_card":"summary_large_image","twitter_misc":{"Tiempo de lectura":"1 minuto"},"schema":{"@context":"https:\/\/schema.org","@graph":[{"@type":"WebPage","@id":"https:\/\/booksfrommexico.com\/es\/producto\/esquema-de-analisis-mixto\/","url":"https:\/\/booksfrommexico.com\/es\/producto\/esquema-de-analisis-mixto\/","name":"Esquema de an\u00e1lisis mixto","isPartOf":{"@id":"https:\/\/booksfrommexico.com\/#website"},"primaryImageOfPage":{"@id":"https:\/\/booksfrommexico.com\/es\/producto\/esquema-de-analisis-mixto\/#primaryimage"},"image":{"@id":"https:\/\/booksfrommexico.com\/es\/producto\/esquema-de-analisis-mixto\/#primaryimage"},"thumbnailUrl":"https:\/\/booksfrommexico.com\/app\/uploads\/2024\/05\/195014.jpeg","datePublished":"2024-05-24T19:19:37+00:00","dateModified":"2024-05-30T23:38:37+00:00","description":"ESQUEMA DE AN\u00c1LISIS MIXTO : MODELO DE ETIQUETAS SOCIOCR\u00cdTICAS EN PERSONAJES FEMENINOS DE AGUST\u00cdN FERN\u00c1NDEZ MALLO Y CLAUDIA PI\u00d1EIRO. \/ Gabriela Omayra.","breadcrumb":{"@id":"https:\/\/booksfrommexico.com\/es\/producto\/esquema-de-analisis-mixto\/#breadcrumb"},"inLanguage":"es","potentialAction":[{"@type":"ReadAction","target":["https:\/\/booksfrommexico.com\/es\/producto\/esquema-de-analisis-mixto\/"]}]},{"@type":"ImageObject","inLanguage":"es","@id":"https:\/\/booksfrommexico.com\/es\/producto\/esquema-de-analisis-mixto\/#primaryimage","url":"https:\/\/booksfrommexico.com\/app\/uploads\/2024\/05\/195014.jpeg","contentUrl":"https:\/\/booksfrommexico.com\/app\/uploads\/2024\/05\/195014.jpeg","width":400,"height":615,"caption":"Esquema de an\u00e1lisis mixto"},{"@type":"BreadcrumbList","@id":"https:\/\/booksfrommexico.com\/es\/producto\/esquema-de-analisis-mixto\/#breadcrumb","itemListElement":[{"@type":"ListItem","position":1,"name":"Home","item":"https:\/\/booksfrommexico.com\/es\/"},{"@type":"ListItem","position":2,"name":"Libros","item":"https:\/\/booksfrommexico.com\/es\/libros\/"},{"@type":"ListItem","position":3,"name":"Esquema de an\u00e1lisis mixto"}]},{"@type":"WebSite","@id":"https:\/\/booksfrommexico.com\/#website","url":"https:\/\/booksfrommexico.com\/","name":"Books From Mexico","description":"","publisher":{"@id":"https:\/\/booksfrommexico.com\/#organization"},"potentialAction":[{"@type":"SearchAction","target":{"@type":"EntryPoint","urlTemplate":"https:\/\/booksfrommexico.com\/?s={search_term_string}"},"query-input":{"@type":"PropertyValueSpecification","valueRequired":true,"valueName":"search_term_string"}}],"inLanguage":"es"},{"@type":"Organization","@id":"https:\/\/booksfrommexico.com\/#organization","name":"Books From Mexico","url":"https:\/\/booksfrommexico.com\/","logo":{"@type":"ImageObject","inLanguage":"es","@id":"https:\/\/booksfrommexico.com\/#\/schema\/logo\/image\/","url":"https:\/\/booksfrommexico.com\/app\/uploads\/2023\/05\/logo-booksfrommexico.svg","contentUrl":"https:\/\/booksfrommexico.com\/app\/uploads\/2023\/05\/logo-booksfrommexico.svg","width":86,"height":56,"caption":"Books From Mexico"},"image":{"@id":"https:\/\/booksfrommexico.com\/#\/schema\/logo\/image\/"}}]}},"_links":{"self":[{"href":"https:\/\/booksfrommexico.com\/es\/wp-json\/wp\/v2\/product\/6440","targetHints":{"allow":["GET"]}}],"collection":[{"href":"https:\/\/booksfrommexico.com\/es\/wp-json\/wp\/v2\/product"}],"about":[{"href":"https:\/\/booksfrommexico.com\/es\/wp-json\/wp\/v2\/types\/product"}],"wp:featuredmedia":[{"embeddable":true,"href":"https:\/\/booksfrommexico.com\/es\/wp-json\/wp\/v2\/media\/6478"}],"wp:attachment":[{"href":"https:\/\/booksfrommexico.com\/es\/wp-json\/wp\/v2\/media?parent=6440"}],"wp:term":[{"taxonomy":"product_brand","embeddable":true,"href":"https:\/\/booksfrommexico.com\/es\/wp-json\/wp\/v2\/product_brand?post=6440"},{"taxonomy":"product_cat","embeddable":true,"href":"https:\/\/booksfrommexico.com\/es\/wp-json\/wp\/v2\/product_cat?post=6440"},{"taxonomy":"product_tag","embeddable":true,"href":"https:\/\/booksfrommexico.com\/es\/wp-json\/wp\/v2\/product_tag?post=6440"}],"curies":[{"name":"wp","href":"https:\/\/api.w.org\/{rel}","templated":true}]}}