{"id":6441,"date":"2024-05-24T19:19:37","date_gmt":"2024-05-24T19:19:37","guid":{"rendered":"https:\/\/booksfrommexico.com\/product\/el-trabajo-comunitario\/"},"modified":"2024-05-28T23:54:32","modified_gmt":"2024-05-28T23:54:32","slug":"el-trabajo-comunitario","status":"publish","type":"product","link":"https:\/\/booksfrommexico.com\/es\/producto\/el-trabajo-comunitario\/","title":{"rendered":"El trabajo comunitario: Experiencias y retos desde las fronteras del saber"},"content":{"rendered":"<p><span style=\"font-weight: 400;\">Partiendo de distintos enfoques disciplinarios, esta obra da luz a algunos de los t\u00f3picos tanto epist\u00e9micos y metodol\u00f3gicos, como ejes de acci\u00f3n que conllevan el amplio escenario del quehacer social sistematizado en comunidad. Con estos textos se pretende generar un ambiente colaborativo y de reflexi\u00f3n mediante el di\u00e1logo y el intercambio de saberes de participantes que han tenido acercamiento desde diferentes perspectivas a procesos de trabajo comunitario. Las once propuestas aqu\u00ed contenidas invitan a reflexionar y a repensar el trabajo en las comunidades, en un contexto actual que toma en consideraci\u00f3n el papel que juega el capitalismo neoliberal y la globalizaci\u00f3n.<\/span><\/p>\n","protected":false},"excerpt":{"rendered":"<p>EL TRABAJO COMUNITARIO : EXPERIENCIAS Y RETOS DESDE LAS FRONTERAS DEL SABER<span style=\"font-weight: 400;\">. \/ Luis Manuel Lara Rodr\u00edguez, Geidy D\u00edaz Crespo, Jos\u00e9 Manuel P\u00e9rez Cordero (coordinators). Ciudad Ju\u00e1rez, Chihuahua, M\u00e9xico : Universidad Aut\u00f3noma de Ciudad Ju\u00e1rez ; Pinar del R\u00edo, Cuba : Ediciones Loynaz, 2022. 286 pages : includes photos, tables, references, bibliography at the end of each chapter ; 22 cm. ISBN : 9786075204321 (UACJ) ; 9789592197534 (Ediciones Loynaz).<\/span><\/p>\n","protected":false},"featured_media":6505,"template":"","meta":{"_acf_changed":false,"inline_featured_image":false},"product_brand":[],"product_cat":[4174,78],"product_tag":[4281,3610,3659,4213],"class_list":{"0":"post-6441","1":"product","2":"type-product","3":"status-publish","4":"has-post-thumbnail","6":"product_cat-condiciones-de-trabajo","7":"product_cat-sociologia","8":"product_tag-capitalismo","9":"product_tag-condiciones-economicas","10":"product_tag-condiciones-sociales","11":"product_tag-globalizacion","13":"first","14":"instock","15":"taxable","16":"shipping-taxable","17":"purchasable","18":"product-type-simple"},"acf":[],"yoast_head":"<!-- This site is optimized with the Yoast SEO plugin v27.3 - https:\/\/yoast.com\/product\/yoast-seo-wordpress\/ -->\n<title>El trabajo comunitario: Experiencias y retos...<\/title>\n<meta name=\"description\" content=\"EL TRABAJO COMUNITARIO : EXPERIENCIAS Y RETOS DESDE LAS FRONTERAS DEL SABER. \/ Lara Rodr\u00edguez, D\u00edaz Crespo, P\u00e9rez Cordero (coordinators). 2022.\" \/>\n<meta name=\"robots\" content=\"index, follow, max-snippet:-1, max-image-preview:large, max-video-preview:-1\" \/>\n<link rel=\"canonical\" href=\"https:\/\/booksfrommexico.com\/es\/producto\/el-trabajo-comunitario\/\" \/>\n<meta property=\"og:locale\" content=\"es_ES\" \/>\n<meta property=\"og:type\" content=\"article\" \/>\n<meta property=\"og:title\" content=\"El trabajo comunitario: Experiencias y retos...\" \/>\n<meta property=\"og:description\" content=\"EL TRABAJO COMUNITARIO : EXPERIENCIAS Y RETOS DESDE LAS FRONTERAS DEL SABER. \/ Lara Rodr\u00edguez, D\u00edaz Crespo, P\u00e9rez Cordero (coordinators). 2022.\" \/>\n<meta property=\"og:url\" content=\"https:\/\/booksfrommexico.com\/es\/producto\/el-trabajo-comunitario\/\" \/>\n<meta property=\"og:site_name\" content=\"Books From Mexico\" \/>\n<meta property=\"article:modified_time\" content=\"2024-05-28T23:54:32+00:00\" \/>\n<meta property=\"og:image\" content=\"http:\/\/booksfrommexico.com\/app\/uploads\/2024\/05\/197955.jpeg\" \/>\n\t<meta property=\"og:image:width\" content=\"408\" \/>\n\t<meta property=\"og:image:height\" content=\"613\" \/>\n\t<meta property=\"og:image:type\" content=\"image\/jpeg\" \/>\n<meta name=\"twitter:card\" content=\"summary_large_image\" \/>\n<meta name=\"twitter:label1\" content=\"Tiempo de lectura\" \/>\n\t<meta name=\"twitter:data1\" content=\"1 minuto\" \/>\n<script type=\"application\/ld+json\" class=\"yoast-schema-graph\">{\"@context\":\"https:\\\/\\\/schema.org\",\"@graph\":[{\"@type\":\"WebPage\",\"@id\":\"https:\\\/\\\/booksfrommexico.com\\\/es\\\/producto\\\/el-trabajo-comunitario\\\/\",\"url\":\"https:\\\/\\\/booksfrommexico.com\\\/es\\\/producto\\\/el-trabajo-comunitario\\\/\",\"name\":\"El trabajo comunitario: Experiencias y retos...\",\"isPartOf\":{\"@id\":\"https:\\\/\\\/booksfrommexico.com\\\/#website\"},\"primaryImageOfPage\":{\"@id\":\"https:\\\/\\\/booksfrommexico.com\\\/es\\\/producto\\\/el-trabajo-comunitario\\\/#primaryimage\"},\"image\":{\"@id\":\"https:\\\/\\\/booksfrommexico.com\\\/es\\\/producto\\\/el-trabajo-comunitario\\\/#primaryimage\"},\"thumbnailUrl\":\"https:\\\/\\\/booksfrommexico.com\\\/app\\\/uploads\\\/2024\\\/05\\\/197955.jpeg\",\"datePublished\":\"2024-05-24T19:19:37+00:00\",\"dateModified\":\"2024-05-28T23:54:32+00:00\",\"description\":\"EL TRABAJO COMUNITARIO : EXPERIENCIAS Y RETOS DESDE LAS FRONTERAS DEL SABER. \\\/ Lara Rodr\u00edguez, D\u00edaz Crespo, P\u00e9rez Cordero (coordinators). 2022.\",\"breadcrumb\":{\"@id\":\"https:\\\/\\\/booksfrommexico.com\\\/es\\\/producto\\\/el-trabajo-comunitario\\\/#breadcrumb\"},\"inLanguage\":\"es\",\"potentialAction\":[{\"@type\":\"ReadAction\",\"target\":[\"https:\\\/\\\/booksfrommexico.com\\\/es\\\/producto\\\/el-trabajo-comunitario\\\/\"]}]},{\"@type\":\"ImageObject\",\"inLanguage\":\"es\",\"@id\":\"https:\\\/\\\/booksfrommexico.com\\\/es\\\/producto\\\/el-trabajo-comunitario\\\/#primaryimage\",\"url\":\"https:\\\/\\\/booksfrommexico.com\\\/app\\\/uploads\\\/2024\\\/05\\\/197955.jpeg\",\"contentUrl\":\"https:\\\/\\\/booksfrommexico.com\\\/app\\\/uploads\\\/2024\\\/05\\\/197955.jpeg\",\"width\":408,\"height\":613,\"caption\":\"El trabajo comunitario\"},{\"@type\":\"BreadcrumbList\",\"@id\":\"https:\\\/\\\/booksfrommexico.com\\\/es\\\/producto\\\/el-trabajo-comunitario\\\/#breadcrumb\",\"itemListElement\":[{\"@type\":\"ListItem\",\"position\":1,\"name\":\"Home\",\"item\":\"https:\\\/\\\/booksfrommexico.com\\\/es\\\/\"},{\"@type\":\"ListItem\",\"position\":2,\"name\":\"Libros\",\"item\":\"https:\\\/\\\/booksfrommexico.com\\\/es\\\/libros\\\/\"},{\"@type\":\"ListItem\",\"position\":3,\"name\":\"El trabajo comunitario: Experiencias y retos desde las fronteras del saber\"}]},{\"@type\":\"WebSite\",\"@id\":\"https:\\\/\\\/booksfrommexico.com\\\/#website\",\"url\":\"https:\\\/\\\/booksfrommexico.com\\\/\",\"name\":\"Books From Mexico\",\"description\":\"\",\"publisher\":{\"@id\":\"https:\\\/\\\/booksfrommexico.com\\\/#organization\"},\"potentialAction\":[{\"@type\":\"SearchAction\",\"target\":{\"@type\":\"EntryPoint\",\"urlTemplate\":\"https:\\\/\\\/booksfrommexico.com\\\/?s={search_term_string}\"},\"query-input\":{\"@type\":\"PropertyValueSpecification\",\"valueRequired\":true,\"valueName\":\"search_term_string\"}}],\"inLanguage\":\"es\"},{\"@type\":\"Organization\",\"@id\":\"https:\\\/\\\/booksfrommexico.com\\\/#organization\",\"name\":\"Books From Mexico\",\"url\":\"https:\\\/\\\/booksfrommexico.com\\\/\",\"logo\":{\"@type\":\"ImageObject\",\"inLanguage\":\"es\",\"@id\":\"https:\\\/\\\/booksfrommexico.com\\\/#\\\/schema\\\/logo\\\/image\\\/\",\"url\":\"https:\\\/\\\/booksfrommexico.com\\\/app\\\/uploads\\\/2023\\\/05\\\/logo-booksfrommexico.svg\",\"contentUrl\":\"https:\\\/\\\/booksfrommexico.com\\\/app\\\/uploads\\\/2023\\\/05\\\/logo-booksfrommexico.svg\",\"width\":86,\"height\":56,\"caption\":\"Books From Mexico\"},\"image\":{\"@id\":\"https:\\\/\\\/booksfrommexico.com\\\/#\\\/schema\\\/logo\\\/image\\\/\"}}]}<\/script>\n<!-- \/ Yoast SEO plugin. -->","yoast_head_json":{"title":"El trabajo comunitario: Experiencias y retos...","description":"EL TRABAJO COMUNITARIO : EXPERIENCIAS Y RETOS DESDE LAS FRONTERAS DEL SABER. \/ Lara Rodr\u00edguez, D\u00edaz Crespo, P\u00e9rez Cordero (coordinators). 2022.","robots":{"index":"index","follow":"follow","max-snippet":"max-snippet:-1","max-image-preview":"max-image-preview:large","max-video-preview":"max-video-preview:-1"},"canonical":"https:\/\/booksfrommexico.com\/es\/producto\/el-trabajo-comunitario\/","og_locale":"es_ES","og_type":"article","og_title":"El trabajo comunitario: Experiencias y retos...","og_description":"EL TRABAJO COMUNITARIO : EXPERIENCIAS Y RETOS DESDE LAS FRONTERAS DEL SABER. \/ Lara Rodr\u00edguez, D\u00edaz Crespo, P\u00e9rez Cordero (coordinators). 2022.","og_url":"https:\/\/booksfrommexico.com\/es\/producto\/el-trabajo-comunitario\/","og_site_name":"Books From Mexico","article_modified_time":"2024-05-28T23:54:32+00:00","og_image":[{"width":408,"height":613,"url":"http:\/\/booksfrommexico.com\/app\/uploads\/2024\/05\/197955.jpeg","type":"image\/jpeg"}],"twitter_card":"summary_large_image","twitter_misc":{"Tiempo de lectura":"1 minuto"},"schema":{"@context":"https:\/\/schema.org","@graph":[{"@type":"WebPage","@id":"https:\/\/booksfrommexico.com\/es\/producto\/el-trabajo-comunitario\/","url":"https:\/\/booksfrommexico.com\/es\/producto\/el-trabajo-comunitario\/","name":"El trabajo comunitario: Experiencias y retos...","isPartOf":{"@id":"https:\/\/booksfrommexico.com\/#website"},"primaryImageOfPage":{"@id":"https:\/\/booksfrommexico.com\/es\/producto\/el-trabajo-comunitario\/#primaryimage"},"image":{"@id":"https:\/\/booksfrommexico.com\/es\/producto\/el-trabajo-comunitario\/#primaryimage"},"thumbnailUrl":"https:\/\/booksfrommexico.com\/app\/uploads\/2024\/05\/197955.jpeg","datePublished":"2024-05-24T19:19:37+00:00","dateModified":"2024-05-28T23:54:32+00:00","description":"EL TRABAJO COMUNITARIO : EXPERIENCIAS Y RETOS DESDE LAS FRONTERAS DEL SABER. \/ Lara Rodr\u00edguez, D\u00edaz Crespo, P\u00e9rez Cordero (coordinators). 2022.","breadcrumb":{"@id":"https:\/\/booksfrommexico.com\/es\/producto\/el-trabajo-comunitario\/#breadcrumb"},"inLanguage":"es","potentialAction":[{"@type":"ReadAction","target":["https:\/\/booksfrommexico.com\/es\/producto\/el-trabajo-comunitario\/"]}]},{"@type":"ImageObject","inLanguage":"es","@id":"https:\/\/booksfrommexico.com\/es\/producto\/el-trabajo-comunitario\/#primaryimage","url":"https:\/\/booksfrommexico.com\/app\/uploads\/2024\/05\/197955.jpeg","contentUrl":"https:\/\/booksfrommexico.com\/app\/uploads\/2024\/05\/197955.jpeg","width":408,"height":613,"caption":"El trabajo comunitario"},{"@type":"BreadcrumbList","@id":"https:\/\/booksfrommexico.com\/es\/producto\/el-trabajo-comunitario\/#breadcrumb","itemListElement":[{"@type":"ListItem","position":1,"name":"Home","item":"https:\/\/booksfrommexico.com\/es\/"},{"@type":"ListItem","position":2,"name":"Libros","item":"https:\/\/booksfrommexico.com\/es\/libros\/"},{"@type":"ListItem","position":3,"name":"El trabajo comunitario: Experiencias y retos desde las fronteras del saber"}]},{"@type":"WebSite","@id":"https:\/\/booksfrommexico.com\/#website","url":"https:\/\/booksfrommexico.com\/","name":"Books From Mexico","description":"","publisher":{"@id":"https:\/\/booksfrommexico.com\/#organization"},"potentialAction":[{"@type":"SearchAction","target":{"@type":"EntryPoint","urlTemplate":"https:\/\/booksfrommexico.com\/?s={search_term_string}"},"query-input":{"@type":"PropertyValueSpecification","valueRequired":true,"valueName":"search_term_string"}}],"inLanguage":"es"},{"@type":"Organization","@id":"https:\/\/booksfrommexico.com\/#organization","name":"Books From Mexico","url":"https:\/\/booksfrommexico.com\/","logo":{"@type":"ImageObject","inLanguage":"es","@id":"https:\/\/booksfrommexico.com\/#\/schema\/logo\/image\/","url":"https:\/\/booksfrommexico.com\/app\/uploads\/2023\/05\/logo-booksfrommexico.svg","contentUrl":"https:\/\/booksfrommexico.com\/app\/uploads\/2023\/05\/logo-booksfrommexico.svg","width":86,"height":56,"caption":"Books From Mexico"},"image":{"@id":"https:\/\/booksfrommexico.com\/#\/schema\/logo\/image\/"}}]}},"_links":{"self":[{"href":"https:\/\/booksfrommexico.com\/es\/wp-json\/wp\/v2\/product\/6441","targetHints":{"allow":["GET"]}}],"collection":[{"href":"https:\/\/booksfrommexico.com\/es\/wp-json\/wp\/v2\/product"}],"about":[{"href":"https:\/\/booksfrommexico.com\/es\/wp-json\/wp\/v2\/types\/product"}],"wp:featuredmedia":[{"embeddable":true,"href":"https:\/\/booksfrommexico.com\/es\/wp-json\/wp\/v2\/media\/6505"}],"wp:attachment":[{"href":"https:\/\/booksfrommexico.com\/es\/wp-json\/wp\/v2\/media?parent=6441"}],"wp:term":[{"taxonomy":"product_brand","embeddable":true,"href":"https:\/\/booksfrommexico.com\/es\/wp-json\/wp\/v2\/product_brand?post=6441"},{"taxonomy":"product_cat","embeddable":true,"href":"https:\/\/booksfrommexico.com\/es\/wp-json\/wp\/v2\/product_cat?post=6441"},{"taxonomy":"product_tag","embeddable":true,"href":"https:\/\/booksfrommexico.com\/es\/wp-json\/wp\/v2\/product_tag?post=6441"}],"curies":[{"name":"wp","href":"https:\/\/api.w.org\/{rel}","templated":true}]}}