{"id":6442,"date":"2024-05-24T19:19:37","date_gmt":"2024-05-24T19:19:37","guid":{"rendered":"https:\/\/booksfrommexico.com\/product\/el-oficio-de-los-muertos\/"},"modified":"2024-07-31T21:59:34","modified_gmt":"2024-07-31T21:59:34","slug":"el-oficio-de-los-muertos","status":"publish","type":"product","link":"https:\/\/booksfrommexico.com\/es\/producto\/el-oficio-de-los-muertos\/","title":{"rendered":"El oficio de los muertos"},"content":{"rendered":"<p><span style=\"font-weight: 400;\">Ana Ver\u00f3nica Torres Lic\u00f3n es una escritora, conferencista, comunicadora y editora del <em>Sol de Parral<\/em>, as\u00ed como conductora del programa \u201cLa hora de aprender\u201d de Grupo Radiorama 1300 A.M. Los poemas aqu\u00ed contenidos expresan, retratan y resignifican el duelo, en especial el primer momento en que un ser querido fallece y los dolientes deben enfrentarse a todos los ritos sociales y religiosos que corresponden. El lector puede encontrar en estos versos una suerte de consuelo ante la p\u00e9rdida de alguien que signific\u00f3 en su vida, ya que la autora plasma sus propias dudas, descontentos y complejidades al respecto, as\u00ed como ofrece la perspectiva de la vida que contin\u00faa, aprendiendo a convivir con la ausencia.<\/span><\/p>\n","protected":false},"excerpt":{"rendered":"<p>EL OFICIO DE LOS MUERTOS<span style=\"font-weight: 400;\">. \/ Ana Ver\u00f3nica Torres Lic\u00f3n. Ciudad Ju\u00e1rez, Chihuahua, M\u00e9xico : Universidad Aut\u00f3noma de Ciudad Ju\u00e1rez, 2021. 81 pages; 22 cm. (Colecci\u00f3n Voces al Sol Poes\u00eda ; Serie Poes\u00eda, Volumen 4). ISBN : 9786075204086 (volumen) ; 9786075201191 (collection). <\/span><\/p>\n","protected":false},"featured_media":6525,"template":"","meta":{"_acf_changed":false,"inline_featured_image":false},"product_brand":[],"product_cat":[25,32],"product_tag":[4225,4115,4180],"class_list":{"0":"post-6442","1":"product","2":"type-product","3":"status-publish","4":"has-post-thumbnail","6":"product_cat-literatura","7":"product_cat-poesia-literatura","8":"product_tag-mujeres-literatura","9":"product_tag-poesia-es","10":"product_tag-poesia-contemporanea","12":"first","13":"outofstock","14":"taxable","15":"shipping-taxable","16":"purchasable","17":"product-type-simple"},"acf":[],"yoast_head":"<!-- This site is optimized with the Yoast SEO plugin v27.3 - https:\/\/yoast.com\/product\/yoast-seo-wordpress\/ -->\n<title>El oficio de los muertos<\/title>\n<meta name=\"description\" content=\"EL OFICIO DE LOS MUERTOS. \/ Ana Ver\u00f3nica Torres Lic\u00f3n. Universidad Aut\u00f3noma de Ciudad Ju\u00e1rez. (Colecci\u00f3n Voces al Sol Poes\u00eda ; Serie Poes\u00eda, Volumen 4).\" \/>\n<meta name=\"robots\" content=\"index, follow, max-snippet:-1, max-image-preview:large, max-video-preview:-1\" \/>\n<link rel=\"canonical\" href=\"https:\/\/booksfrommexico.com\/es\/producto\/el-oficio-de-los-muertos\/\" \/>\n<meta property=\"og:locale\" content=\"es_ES\" \/>\n<meta property=\"og:type\" content=\"article\" \/>\n<meta property=\"og:title\" content=\"El oficio de los muertos\" \/>\n<meta property=\"og:description\" content=\"EL OFICIO DE LOS MUERTOS. \/ Ana Ver\u00f3nica Torres Lic\u00f3n. Universidad Aut\u00f3noma de Ciudad Ju\u00e1rez. (Colecci\u00f3n Voces al Sol Poes\u00eda ; Serie Poes\u00eda, Volumen 4).\" \/>\n<meta property=\"og:url\" content=\"https:\/\/booksfrommexico.com\/es\/producto\/el-oficio-de-los-muertos\/\" \/>\n<meta property=\"og:site_name\" content=\"Books From Mexico\" \/>\n<meta property=\"article:modified_time\" content=\"2024-07-31T21:59:34+00:00\" \/>\n<meta property=\"og:image\" content=\"http:\/\/booksfrommexico.com\/app\/uploads\/2024\/05\/195018-1.jpeg\" \/>\n\t<meta property=\"og:image:width\" content=\"176\" \/>\n\t<meta property=\"og:image:height\" content=\"286\" \/>\n\t<meta property=\"og:image:type\" content=\"image\/jpeg\" \/>\n<meta name=\"twitter:card\" content=\"summary_large_image\" \/>\n<meta name=\"twitter:label1\" content=\"Tiempo de lectura\" \/>\n\t<meta name=\"twitter:data1\" content=\"1 minuto\" \/>\n<script type=\"application\/ld+json\" class=\"yoast-schema-graph\">{\"@context\":\"https:\\\/\\\/schema.org\",\"@graph\":[{\"@type\":\"WebPage\",\"@id\":\"https:\\\/\\\/booksfrommexico.com\\\/es\\\/producto\\\/el-oficio-de-los-muertos\\\/\",\"url\":\"https:\\\/\\\/booksfrommexico.com\\\/es\\\/producto\\\/el-oficio-de-los-muertos\\\/\",\"name\":\"El oficio de los muertos\",\"isPartOf\":{\"@id\":\"https:\\\/\\\/booksfrommexico.com\\\/#website\"},\"primaryImageOfPage\":{\"@id\":\"https:\\\/\\\/booksfrommexico.com\\\/es\\\/producto\\\/el-oficio-de-los-muertos\\\/#primaryimage\"},\"image\":{\"@id\":\"https:\\\/\\\/booksfrommexico.com\\\/es\\\/producto\\\/el-oficio-de-los-muertos\\\/#primaryimage\"},\"thumbnailUrl\":\"https:\\\/\\\/booksfrommexico.com\\\/app\\\/uploads\\\/2024\\\/05\\\/195018-1.jpeg\",\"datePublished\":\"2024-05-24T19:19:37+00:00\",\"dateModified\":\"2024-07-31T21:59:34+00:00\",\"description\":\"EL OFICIO DE LOS MUERTOS. \\\/ Ana Ver\u00f3nica Torres Lic\u00f3n. Universidad Aut\u00f3noma de Ciudad Ju\u00e1rez. (Colecci\u00f3n Voces al Sol Poes\u00eda ; Serie Poes\u00eda, Volumen 4).\",\"breadcrumb\":{\"@id\":\"https:\\\/\\\/booksfrommexico.com\\\/es\\\/producto\\\/el-oficio-de-los-muertos\\\/#breadcrumb\"},\"inLanguage\":\"es\",\"potentialAction\":[{\"@type\":\"ReadAction\",\"target\":[\"https:\\\/\\\/booksfrommexico.com\\\/es\\\/producto\\\/el-oficio-de-los-muertos\\\/\"]}]},{\"@type\":\"ImageObject\",\"inLanguage\":\"es\",\"@id\":\"https:\\\/\\\/booksfrommexico.com\\\/es\\\/producto\\\/el-oficio-de-los-muertos\\\/#primaryimage\",\"url\":\"https:\\\/\\\/booksfrommexico.com\\\/app\\\/uploads\\\/2024\\\/05\\\/195018-1.jpeg\",\"contentUrl\":\"https:\\\/\\\/booksfrommexico.com\\\/app\\\/uploads\\\/2024\\\/05\\\/195018-1.jpeg\",\"width\":176,\"height\":286,\"caption\":\"El Oficio de los muertos\"},{\"@type\":\"BreadcrumbList\",\"@id\":\"https:\\\/\\\/booksfrommexico.com\\\/es\\\/producto\\\/el-oficio-de-los-muertos\\\/#breadcrumb\",\"itemListElement\":[{\"@type\":\"ListItem\",\"position\":1,\"name\":\"Home\",\"item\":\"https:\\\/\\\/booksfrommexico.com\\\/es\\\/\"},{\"@type\":\"ListItem\",\"position\":2,\"name\":\"Libros\",\"item\":\"https:\\\/\\\/booksfrommexico.com\\\/es\\\/libros\\\/\"},{\"@type\":\"ListItem\",\"position\":3,\"name\":\"El oficio de los muertos\"}]},{\"@type\":\"WebSite\",\"@id\":\"https:\\\/\\\/booksfrommexico.com\\\/#website\",\"url\":\"https:\\\/\\\/booksfrommexico.com\\\/\",\"name\":\"Books From Mexico\",\"description\":\"\",\"publisher\":{\"@id\":\"https:\\\/\\\/booksfrommexico.com\\\/#organization\"},\"potentialAction\":[{\"@type\":\"SearchAction\",\"target\":{\"@type\":\"EntryPoint\",\"urlTemplate\":\"https:\\\/\\\/booksfrommexico.com\\\/?s={search_term_string}\"},\"query-input\":{\"@type\":\"PropertyValueSpecification\",\"valueRequired\":true,\"valueName\":\"search_term_string\"}}],\"inLanguage\":\"es\"},{\"@type\":\"Organization\",\"@id\":\"https:\\\/\\\/booksfrommexico.com\\\/#organization\",\"name\":\"Books From Mexico\",\"url\":\"https:\\\/\\\/booksfrommexico.com\\\/\",\"logo\":{\"@type\":\"ImageObject\",\"inLanguage\":\"es\",\"@id\":\"https:\\\/\\\/booksfrommexico.com\\\/#\\\/schema\\\/logo\\\/image\\\/\",\"url\":\"https:\\\/\\\/booksfrommexico.com\\\/app\\\/uploads\\\/2023\\\/05\\\/logo-booksfrommexico.svg\",\"contentUrl\":\"https:\\\/\\\/booksfrommexico.com\\\/app\\\/uploads\\\/2023\\\/05\\\/logo-booksfrommexico.svg\",\"width\":86,\"height\":56,\"caption\":\"Books From Mexico\"},\"image\":{\"@id\":\"https:\\\/\\\/booksfrommexico.com\\\/#\\\/schema\\\/logo\\\/image\\\/\"}}]}<\/script>\n<!-- \/ Yoast SEO plugin. -->","yoast_head_json":{"title":"El oficio de los muertos","description":"EL OFICIO DE LOS MUERTOS. \/ Ana Ver\u00f3nica Torres Lic\u00f3n. Universidad Aut\u00f3noma de Ciudad Ju\u00e1rez. (Colecci\u00f3n Voces al Sol Poes\u00eda ; Serie Poes\u00eda, Volumen 4).","robots":{"index":"index","follow":"follow","max-snippet":"max-snippet:-1","max-image-preview":"max-image-preview:large","max-video-preview":"max-video-preview:-1"},"canonical":"https:\/\/booksfrommexico.com\/es\/producto\/el-oficio-de-los-muertos\/","og_locale":"es_ES","og_type":"article","og_title":"El oficio de los muertos","og_description":"EL OFICIO DE LOS MUERTOS. \/ Ana Ver\u00f3nica Torres Lic\u00f3n. Universidad Aut\u00f3noma de Ciudad Ju\u00e1rez. (Colecci\u00f3n Voces al Sol Poes\u00eda ; Serie Poes\u00eda, Volumen 4).","og_url":"https:\/\/booksfrommexico.com\/es\/producto\/el-oficio-de-los-muertos\/","og_site_name":"Books From Mexico","article_modified_time":"2024-07-31T21:59:34+00:00","og_image":[{"width":176,"height":286,"url":"http:\/\/booksfrommexico.com\/app\/uploads\/2024\/05\/195018-1.jpeg","type":"image\/jpeg"}],"twitter_card":"summary_large_image","twitter_misc":{"Tiempo de lectura":"1 minuto"},"schema":{"@context":"https:\/\/schema.org","@graph":[{"@type":"WebPage","@id":"https:\/\/booksfrommexico.com\/es\/producto\/el-oficio-de-los-muertos\/","url":"https:\/\/booksfrommexico.com\/es\/producto\/el-oficio-de-los-muertos\/","name":"El oficio de los muertos","isPartOf":{"@id":"https:\/\/booksfrommexico.com\/#website"},"primaryImageOfPage":{"@id":"https:\/\/booksfrommexico.com\/es\/producto\/el-oficio-de-los-muertos\/#primaryimage"},"image":{"@id":"https:\/\/booksfrommexico.com\/es\/producto\/el-oficio-de-los-muertos\/#primaryimage"},"thumbnailUrl":"https:\/\/booksfrommexico.com\/app\/uploads\/2024\/05\/195018-1.jpeg","datePublished":"2024-05-24T19:19:37+00:00","dateModified":"2024-07-31T21:59:34+00:00","description":"EL OFICIO DE LOS MUERTOS. \/ Ana Ver\u00f3nica Torres Lic\u00f3n. Universidad Aut\u00f3noma de Ciudad Ju\u00e1rez. (Colecci\u00f3n Voces al Sol Poes\u00eda ; Serie Poes\u00eda, Volumen 4).","breadcrumb":{"@id":"https:\/\/booksfrommexico.com\/es\/producto\/el-oficio-de-los-muertos\/#breadcrumb"},"inLanguage":"es","potentialAction":[{"@type":"ReadAction","target":["https:\/\/booksfrommexico.com\/es\/producto\/el-oficio-de-los-muertos\/"]}]},{"@type":"ImageObject","inLanguage":"es","@id":"https:\/\/booksfrommexico.com\/es\/producto\/el-oficio-de-los-muertos\/#primaryimage","url":"https:\/\/booksfrommexico.com\/app\/uploads\/2024\/05\/195018-1.jpeg","contentUrl":"https:\/\/booksfrommexico.com\/app\/uploads\/2024\/05\/195018-1.jpeg","width":176,"height":286,"caption":"El Oficio de los muertos"},{"@type":"BreadcrumbList","@id":"https:\/\/booksfrommexico.com\/es\/producto\/el-oficio-de-los-muertos\/#breadcrumb","itemListElement":[{"@type":"ListItem","position":1,"name":"Home","item":"https:\/\/booksfrommexico.com\/es\/"},{"@type":"ListItem","position":2,"name":"Libros","item":"https:\/\/booksfrommexico.com\/es\/libros\/"},{"@type":"ListItem","position":3,"name":"El oficio de los muertos"}]},{"@type":"WebSite","@id":"https:\/\/booksfrommexico.com\/#website","url":"https:\/\/booksfrommexico.com\/","name":"Books From Mexico","description":"","publisher":{"@id":"https:\/\/booksfrommexico.com\/#organization"},"potentialAction":[{"@type":"SearchAction","target":{"@type":"EntryPoint","urlTemplate":"https:\/\/booksfrommexico.com\/?s={search_term_string}"},"query-input":{"@type":"PropertyValueSpecification","valueRequired":true,"valueName":"search_term_string"}}],"inLanguage":"es"},{"@type":"Organization","@id":"https:\/\/booksfrommexico.com\/#organization","name":"Books From Mexico","url":"https:\/\/booksfrommexico.com\/","logo":{"@type":"ImageObject","inLanguage":"es","@id":"https:\/\/booksfrommexico.com\/#\/schema\/logo\/image\/","url":"https:\/\/booksfrommexico.com\/app\/uploads\/2023\/05\/logo-booksfrommexico.svg","contentUrl":"https:\/\/booksfrommexico.com\/app\/uploads\/2023\/05\/logo-booksfrommexico.svg","width":86,"height":56,"caption":"Books From Mexico"},"image":{"@id":"https:\/\/booksfrommexico.com\/#\/schema\/logo\/image\/"}}]}},"_links":{"self":[{"href":"https:\/\/booksfrommexico.com\/es\/wp-json\/wp\/v2\/product\/6442","targetHints":{"allow":["GET"]}}],"collection":[{"href":"https:\/\/booksfrommexico.com\/es\/wp-json\/wp\/v2\/product"}],"about":[{"href":"https:\/\/booksfrommexico.com\/es\/wp-json\/wp\/v2\/types\/product"}],"wp:featuredmedia":[{"embeddable":true,"href":"https:\/\/booksfrommexico.com\/es\/wp-json\/wp\/v2\/media\/6525"}],"wp:attachment":[{"href":"https:\/\/booksfrommexico.com\/es\/wp-json\/wp\/v2\/media?parent=6442"}],"wp:term":[{"taxonomy":"product_brand","embeddable":true,"href":"https:\/\/booksfrommexico.com\/es\/wp-json\/wp\/v2\/product_brand?post=6442"},{"taxonomy":"product_cat","embeddable":true,"href":"https:\/\/booksfrommexico.com\/es\/wp-json\/wp\/v2\/product_cat?post=6442"},{"taxonomy":"product_tag","embeddable":true,"href":"https:\/\/booksfrommexico.com\/es\/wp-json\/wp\/v2\/product_tag?post=6442"}],"curies":[{"name":"wp","href":"https:\/\/api.w.org\/{rel}","templated":true}]}}