{"id":6443,"date":"2024-05-24T19:19:37","date_gmt":"2024-05-24T19:19:37","guid":{"rendered":"https:\/\/booksfrommexico.com\/product\/contingencia-migratoria-en-ciudad-juarez\/"},"modified":"2024-07-31T22:08:58","modified_gmt":"2024-07-31T22:08:58","slug":"contingencia-migratoria-en-ciudad-juarez","status":"publish","type":"product","link":"https:\/\/booksfrommexico.com\/es\/producto\/contingencia-migratoria-en-ciudad-juarez\/","title":{"rendered":"Contingencia migratoria en Ciudad Ju\u00e1rez"},"content":{"rendered":"<p><span style=\"font-weight: 400;\">Este trabajo de investigaci\u00f3n y an\u00e1lisis penetra en lo m\u00e1s profundo de las sensaciones y emociones, ya que analiza no s\u00f3lo n\u00fameros y cifras de migraci\u00f3n, sino tambi\u00e9n a los migrantes como individuos. Cabe aclarar que este texto abarca espec\u00edficamente los a\u00f1os 2018-2020, pues los flujos migratorios de ese momento eran distintos a los que se comenzaron a dar tras la pandemia por COVID-19. Los t\u00f3picos principales que se abarcan en este t\u00edtulo van desde los aspectos psicol\u00f3gicos como el miedo y la angustia que viven quienes migran, a los los riesgos que encuentran en su viaje, as\u00ed como las problem\u00e1ticas que enfrentan los gobiernos que se ven rebasados ante la alta demanda de asilo humanitario.<\/span><\/p>\n","protected":false},"excerpt":{"rendered":"<p>CONTINGENCIA MIGRATORIA EN CIUDAD JU\u00c1REZ : CONTEXTO DE LA MIGRACI\u00d3N DE SOLICITANTES DE PROTECCI\u00d3N INTERNACIONAL (2018-2020)<span style=\"font-weight: 400;\">. \/ \u00d3scar Armando Esparza Del Villar, Marisela Guti\u00e9rrez Vega (coordinators). Ciudad Ju\u00e1rez, Chihuahua, M\u00e9xico : Universidad Aut\u00f3noma de Ciudad Ju\u00e1rez, 2022. 147 pages : includes tables, graphics, references, bibliography at the end of each chapter ; 22 cm. ISBN : 9786075204390.<\/span><\/p>\n","protected":false},"featured_media":6496,"template":"","meta":{"_acf_changed":false,"inline_featured_image":false},"product_brand":[],"product_cat":[1065,42],"product_tag":[4391,3659,3685,4401],"class_list":{"0":"post-6443","1":"product","2":"type-product","3":"status-publish","4":"has-post-thumbnail","6":"product_cat-condiciones-sociales-y-politicas-de-la-migracion","7":"product_cat-temas-de-inmigracion-y-migraciones-humanas","8":"product_tag-ciudad-juarez-mexico","9":"product_tag-condiciones-sociales","10":"product_tag-inmigracion","11":"product_tag-inmigrantes-es","13":"first","14":"instock","15":"taxable","16":"shipping-taxable","17":"purchasable","18":"product-type-simple"},"acf":[],"yoast_head":"<!-- This site is optimized with the Yoast SEO plugin v27.3 - https:\/\/yoast.com\/product\/yoast-seo-wordpress\/ -->\n<title>Contingencia migratoria en Ciudad Ju\u00e1rez<\/title>\n<meta name=\"description\" content=\"CONTINGENCIA MIGRATORIA EN CIUDAD JU\u00c1REZ : CONTEXTO DE LA MIGRACI\u00d3N DE SOLICITANTES DE PROTECCI\u00d3N INTERNACIONAL (2018-2020). \/ Del Villar, Guti\u00e9rrez Vega.\" \/>\n<meta name=\"robots\" content=\"index, follow, max-snippet:-1, max-image-preview:large, max-video-preview:-1\" \/>\n<link rel=\"canonical\" href=\"https:\/\/booksfrommexico.com\/es\/producto\/contingencia-migratoria-en-ciudad-juarez\/\" \/>\n<meta property=\"og:locale\" content=\"es_ES\" \/>\n<meta property=\"og:type\" content=\"article\" \/>\n<meta property=\"og:title\" content=\"Contingencia migratoria en Ciudad Ju\u00e1rez\" \/>\n<meta property=\"og:description\" content=\"CONTINGENCIA MIGRATORIA EN CIUDAD JU\u00c1REZ : CONTEXTO DE LA MIGRACI\u00d3N DE SOLICITANTES DE PROTECCI\u00d3N INTERNACIONAL (2018-2020). \/ Del Villar, Guti\u00e9rrez Vega.\" \/>\n<meta property=\"og:url\" content=\"https:\/\/booksfrommexico.com\/es\/producto\/contingencia-migratoria-en-ciudad-juarez\/\" \/>\n<meta property=\"og:site_name\" content=\"Books From Mexico\" \/>\n<meta property=\"article:modified_time\" content=\"2024-07-31T22:08:58+00:00\" \/>\n<meta property=\"og:image\" content=\"http:\/\/booksfrommexico.com\/app\/uploads\/2024\/05\/197036.jpeg\" \/>\n\t<meta property=\"og:image:width\" content=\"716\" \/>\n\t<meta property=\"og:image:height\" content=\"953\" \/>\n\t<meta property=\"og:image:type\" content=\"image\/jpeg\" \/>\n<meta name=\"twitter:card\" content=\"summary_large_image\" \/>\n<meta name=\"twitter:label1\" content=\"Tiempo de lectura\" \/>\n\t<meta name=\"twitter:data1\" content=\"1 minuto\" \/>\n<script type=\"application\/ld+json\" class=\"yoast-schema-graph\">{\"@context\":\"https:\\\/\\\/schema.org\",\"@graph\":[{\"@type\":\"WebPage\",\"@id\":\"https:\\\/\\\/booksfrommexico.com\\\/es\\\/producto\\\/contingencia-migratoria-en-ciudad-juarez\\\/\",\"url\":\"https:\\\/\\\/booksfrommexico.com\\\/es\\\/producto\\\/contingencia-migratoria-en-ciudad-juarez\\\/\",\"name\":\"Contingencia migratoria en Ciudad Ju\u00e1rez\",\"isPartOf\":{\"@id\":\"https:\\\/\\\/booksfrommexico.com\\\/#website\"},\"primaryImageOfPage\":{\"@id\":\"https:\\\/\\\/booksfrommexico.com\\\/es\\\/producto\\\/contingencia-migratoria-en-ciudad-juarez\\\/#primaryimage\"},\"image\":{\"@id\":\"https:\\\/\\\/booksfrommexico.com\\\/es\\\/producto\\\/contingencia-migratoria-en-ciudad-juarez\\\/#primaryimage\"},\"thumbnailUrl\":\"https:\\\/\\\/booksfrommexico.com\\\/app\\\/uploads\\\/2024\\\/05\\\/197036.jpeg\",\"datePublished\":\"2024-05-24T19:19:37+00:00\",\"dateModified\":\"2024-07-31T22:08:58+00:00\",\"description\":\"CONTINGENCIA MIGRATORIA EN CIUDAD JU\u00c1REZ : CONTEXTO DE LA MIGRACI\u00d3N DE SOLICITANTES DE PROTECCI\u00d3N INTERNACIONAL (2018-2020). \\\/ Del Villar, Guti\u00e9rrez Vega.\",\"breadcrumb\":{\"@id\":\"https:\\\/\\\/booksfrommexico.com\\\/es\\\/producto\\\/contingencia-migratoria-en-ciudad-juarez\\\/#breadcrumb\"},\"inLanguage\":\"es\",\"potentialAction\":[{\"@type\":\"ReadAction\",\"target\":[\"https:\\\/\\\/booksfrommexico.com\\\/es\\\/producto\\\/contingencia-migratoria-en-ciudad-juarez\\\/\"]}]},{\"@type\":\"ImageObject\",\"inLanguage\":\"es\",\"@id\":\"https:\\\/\\\/booksfrommexico.com\\\/es\\\/producto\\\/contingencia-migratoria-en-ciudad-juarez\\\/#primaryimage\",\"url\":\"https:\\\/\\\/booksfrommexico.com\\\/app\\\/uploads\\\/2024\\\/05\\\/197036.jpeg\",\"contentUrl\":\"https:\\\/\\\/booksfrommexico.com\\\/app\\\/uploads\\\/2024\\\/05\\\/197036.jpeg\",\"width\":716,\"height\":953,\"caption\":\"Contingencia migratoria en Ciudad Ju\u00e1rez\"},{\"@type\":\"BreadcrumbList\",\"@id\":\"https:\\\/\\\/booksfrommexico.com\\\/es\\\/producto\\\/contingencia-migratoria-en-ciudad-juarez\\\/#breadcrumb\",\"itemListElement\":[{\"@type\":\"ListItem\",\"position\":1,\"name\":\"Home\",\"item\":\"https:\\\/\\\/booksfrommexico.com\\\/es\\\/\"},{\"@type\":\"ListItem\",\"position\":2,\"name\":\"Libros\",\"item\":\"https:\\\/\\\/booksfrommexico.com\\\/es\\\/libros\\\/\"},{\"@type\":\"ListItem\",\"position\":3,\"name\":\"Contingencia migratoria en Ciudad Ju\u00e1rez\"}]},{\"@type\":\"WebSite\",\"@id\":\"https:\\\/\\\/booksfrommexico.com\\\/#website\",\"url\":\"https:\\\/\\\/booksfrommexico.com\\\/\",\"name\":\"Books From Mexico\",\"description\":\"\",\"publisher\":{\"@id\":\"https:\\\/\\\/booksfrommexico.com\\\/#organization\"},\"potentialAction\":[{\"@type\":\"SearchAction\",\"target\":{\"@type\":\"EntryPoint\",\"urlTemplate\":\"https:\\\/\\\/booksfrommexico.com\\\/?s={search_term_string}\"},\"query-input\":{\"@type\":\"PropertyValueSpecification\",\"valueRequired\":true,\"valueName\":\"search_term_string\"}}],\"inLanguage\":\"es\"},{\"@type\":\"Organization\",\"@id\":\"https:\\\/\\\/booksfrommexico.com\\\/#organization\",\"name\":\"Books From Mexico\",\"url\":\"https:\\\/\\\/booksfrommexico.com\\\/\",\"logo\":{\"@type\":\"ImageObject\",\"inLanguage\":\"es\",\"@id\":\"https:\\\/\\\/booksfrommexico.com\\\/#\\\/schema\\\/logo\\\/image\\\/\",\"url\":\"https:\\\/\\\/booksfrommexico.com\\\/app\\\/uploads\\\/2023\\\/05\\\/logo-booksfrommexico.svg\",\"contentUrl\":\"https:\\\/\\\/booksfrommexico.com\\\/app\\\/uploads\\\/2023\\\/05\\\/logo-booksfrommexico.svg\",\"width\":86,\"height\":56,\"caption\":\"Books From Mexico\"},\"image\":{\"@id\":\"https:\\\/\\\/booksfrommexico.com\\\/#\\\/schema\\\/logo\\\/image\\\/\"}}]}<\/script>\n<!-- \/ Yoast SEO plugin. -->","yoast_head_json":{"title":"Contingencia migratoria en Ciudad Ju\u00e1rez","description":"CONTINGENCIA MIGRATORIA EN CIUDAD JU\u00c1REZ : CONTEXTO DE LA MIGRACI\u00d3N DE SOLICITANTES DE PROTECCI\u00d3N INTERNACIONAL (2018-2020). \/ Del Villar, Guti\u00e9rrez Vega.","robots":{"index":"index","follow":"follow","max-snippet":"max-snippet:-1","max-image-preview":"max-image-preview:large","max-video-preview":"max-video-preview:-1"},"canonical":"https:\/\/booksfrommexico.com\/es\/producto\/contingencia-migratoria-en-ciudad-juarez\/","og_locale":"es_ES","og_type":"article","og_title":"Contingencia migratoria en Ciudad Ju\u00e1rez","og_description":"CONTINGENCIA MIGRATORIA EN CIUDAD JU\u00c1REZ : CONTEXTO DE LA MIGRACI\u00d3N DE SOLICITANTES DE PROTECCI\u00d3N INTERNACIONAL (2018-2020). \/ Del Villar, Guti\u00e9rrez Vega.","og_url":"https:\/\/booksfrommexico.com\/es\/producto\/contingencia-migratoria-en-ciudad-juarez\/","og_site_name":"Books From Mexico","article_modified_time":"2024-07-31T22:08:58+00:00","og_image":[{"width":716,"height":953,"url":"http:\/\/booksfrommexico.com\/app\/uploads\/2024\/05\/197036.jpeg","type":"image\/jpeg"}],"twitter_card":"summary_large_image","twitter_misc":{"Tiempo de lectura":"1 minuto"},"schema":{"@context":"https:\/\/schema.org","@graph":[{"@type":"WebPage","@id":"https:\/\/booksfrommexico.com\/es\/producto\/contingencia-migratoria-en-ciudad-juarez\/","url":"https:\/\/booksfrommexico.com\/es\/producto\/contingencia-migratoria-en-ciudad-juarez\/","name":"Contingencia migratoria en Ciudad Ju\u00e1rez","isPartOf":{"@id":"https:\/\/booksfrommexico.com\/#website"},"primaryImageOfPage":{"@id":"https:\/\/booksfrommexico.com\/es\/producto\/contingencia-migratoria-en-ciudad-juarez\/#primaryimage"},"image":{"@id":"https:\/\/booksfrommexico.com\/es\/producto\/contingencia-migratoria-en-ciudad-juarez\/#primaryimage"},"thumbnailUrl":"https:\/\/booksfrommexico.com\/app\/uploads\/2024\/05\/197036.jpeg","datePublished":"2024-05-24T19:19:37+00:00","dateModified":"2024-07-31T22:08:58+00:00","description":"CONTINGENCIA MIGRATORIA EN CIUDAD JU\u00c1REZ : CONTEXTO DE LA MIGRACI\u00d3N DE SOLICITANTES DE PROTECCI\u00d3N INTERNACIONAL (2018-2020). \/ Del Villar, Guti\u00e9rrez Vega.","breadcrumb":{"@id":"https:\/\/booksfrommexico.com\/es\/producto\/contingencia-migratoria-en-ciudad-juarez\/#breadcrumb"},"inLanguage":"es","potentialAction":[{"@type":"ReadAction","target":["https:\/\/booksfrommexico.com\/es\/producto\/contingencia-migratoria-en-ciudad-juarez\/"]}]},{"@type":"ImageObject","inLanguage":"es","@id":"https:\/\/booksfrommexico.com\/es\/producto\/contingencia-migratoria-en-ciudad-juarez\/#primaryimage","url":"https:\/\/booksfrommexico.com\/app\/uploads\/2024\/05\/197036.jpeg","contentUrl":"https:\/\/booksfrommexico.com\/app\/uploads\/2024\/05\/197036.jpeg","width":716,"height":953,"caption":"Contingencia migratoria en Ciudad Ju\u00e1rez"},{"@type":"BreadcrumbList","@id":"https:\/\/booksfrommexico.com\/es\/producto\/contingencia-migratoria-en-ciudad-juarez\/#breadcrumb","itemListElement":[{"@type":"ListItem","position":1,"name":"Home","item":"https:\/\/booksfrommexico.com\/es\/"},{"@type":"ListItem","position":2,"name":"Libros","item":"https:\/\/booksfrommexico.com\/es\/libros\/"},{"@type":"ListItem","position":3,"name":"Contingencia migratoria en Ciudad Ju\u00e1rez"}]},{"@type":"WebSite","@id":"https:\/\/booksfrommexico.com\/#website","url":"https:\/\/booksfrommexico.com\/","name":"Books From Mexico","description":"","publisher":{"@id":"https:\/\/booksfrommexico.com\/#organization"},"potentialAction":[{"@type":"SearchAction","target":{"@type":"EntryPoint","urlTemplate":"https:\/\/booksfrommexico.com\/?s={search_term_string}"},"query-input":{"@type":"PropertyValueSpecification","valueRequired":true,"valueName":"search_term_string"}}],"inLanguage":"es"},{"@type":"Organization","@id":"https:\/\/booksfrommexico.com\/#organization","name":"Books From Mexico","url":"https:\/\/booksfrommexico.com\/","logo":{"@type":"ImageObject","inLanguage":"es","@id":"https:\/\/booksfrommexico.com\/#\/schema\/logo\/image\/","url":"https:\/\/booksfrommexico.com\/app\/uploads\/2023\/05\/logo-booksfrommexico.svg","contentUrl":"https:\/\/booksfrommexico.com\/app\/uploads\/2023\/05\/logo-booksfrommexico.svg","width":86,"height":56,"caption":"Books From Mexico"},"image":{"@id":"https:\/\/booksfrommexico.com\/#\/schema\/logo\/image\/"}}]}},"_links":{"self":[{"href":"https:\/\/booksfrommexico.com\/es\/wp-json\/wp\/v2\/product\/6443","targetHints":{"allow":["GET"]}}],"collection":[{"href":"https:\/\/booksfrommexico.com\/es\/wp-json\/wp\/v2\/product"}],"about":[{"href":"https:\/\/booksfrommexico.com\/es\/wp-json\/wp\/v2\/types\/product"}],"wp:featuredmedia":[{"embeddable":true,"href":"https:\/\/booksfrommexico.com\/es\/wp-json\/wp\/v2\/media\/6496"}],"wp:attachment":[{"href":"https:\/\/booksfrommexico.com\/es\/wp-json\/wp\/v2\/media?parent=6443"}],"wp:term":[{"taxonomy":"product_brand","embeddable":true,"href":"https:\/\/booksfrommexico.com\/es\/wp-json\/wp\/v2\/product_brand?post=6443"},{"taxonomy":"product_cat","embeddable":true,"href":"https:\/\/booksfrommexico.com\/es\/wp-json\/wp\/v2\/product_cat?post=6443"},{"taxonomy":"product_tag","embeddable":true,"href":"https:\/\/booksfrommexico.com\/es\/wp-json\/wp\/v2\/product_tag?post=6443"}],"curies":[{"name":"wp","href":"https:\/\/api.w.org\/{rel}","templated":true}]}}