{"id":6444,"date":"2024-05-24T19:19:37","date_gmt":"2024-05-24T19:19:37","guid":{"rendered":"https:\/\/booksfrommexico.com\/product\/combatiendo-la-anomia\/"},"modified":"2024-06-03T22:11:16","modified_gmt":"2024-06-03T22:11:16","slug":"combatiendo-la-anomia","status":"publish","type":"product","link":"https:\/\/booksfrommexico.com\/es\/producto\/combatiendo-la-anomia\/","title":{"rendered":"Combatiendo la anomia: Protesta y movimientos sociales en el Ju\u00e1rez del siglo XXI"},"content":{"rendered":"<p><span style=\"font-weight: 400;\">La anomia es un concepto que se emplea en sociedades sin leyes o que las tienen, pero no se respetan debido a fen\u00f3menos como el desencanto de las instituciones, la desconfianza con los pares y casos extremos como la normalizaci\u00f3n de la violencia. A trav\u00e9s del activismo, la protesta y los movimientos sociales, entendidos como expresiones que muestran el grado de inter\u00e9s y participaci\u00f3n de sus habitantes en las cuestiones p\u00fablicas, este t\u00edtulo ofrece una propuesta para analizar el \u00e1mbito de la cultura pol\u00edtica de Ciudad Ju\u00e1rez. Este ensayo parte de que el estado puede usar la ausencia de ley como una estrategia para mantener dividida y en conflicto a la poblaci\u00f3n, volviendo obsoletas las normas o convenciones sociales, provocando que la anomia sea un ideal por alcanzar.<\/span><\/p>\n","protected":false},"excerpt":{"rendered":"<p>COMBATIENDO LA ANOMIA : PROTESTA Y MOVIMIENTOS SOCIALES EN EL JU\u00c1REZ DEL SIGLO XXI<span style=\"font-weight: 400;\">. \/ Carlos Murillo Gonz\u00e1lez. Ciudad Ju\u00e1rez, Chihuahua, M\u00e9xico : Universidad Aut\u00f3noma de Ciudad Ju\u00e1rez, 2023. 103 pages : includes references, bibliography ; 22 cm. (Premio Nacional de Cr\u00edtica Literaria y Ensayo Pol\u00edtico \u00abGuillermo Rousset Banda\u00bb 2022). ISBN : 9786075204727.<\/span><\/p>\n","protected":false},"featured_media":6518,"template":"","meta":{"_acf_changed":false,"inline_featured_image":false},"product_brand":[],"product_cat":[441,78,699],"product_tag":[4176,3788,4391,3627],"class_list":{"0":"post-6444","1":"product","2":"type-product","3":"status-publish","4":"has-post-thumbnail","6":"product_cat-movimientos-sociales-sociologia","7":"product_cat-sociologia","8":"product_cat-violencia-en-la-sociedad-sociologia","9":"product_tag-activismo-y-protesta","10":"product_tag-chihuahua-mexico","11":"product_tag-ciudad-juarez-mexico","12":"product_tag-politica-y-gobierno","14":"first","15":"outofstock","16":"taxable","17":"shipping-taxable","18":"purchasable","19":"product-type-simple"},"acf":[],"yoast_head":"<!-- This site is optimized with the Yoast SEO plugin v27.3 - https:\/\/yoast.com\/product\/yoast-seo-wordpress\/ -->\n<title>Combatiendo la anomia<\/title>\n<meta name=\"description\" content=\"COMBATIENDO LA ANOMIA : PROTESTA Y MOVIMIENTOS SOCIALES EN EL JU\u00c1REZ DEL SIGLO XXI. \/ Carlos Murillo Gonz\u00e1lez.(Premio Nacional &quot;Guillermo Rousset Banda&quot;).\" \/>\n<meta name=\"robots\" content=\"index, follow, max-snippet:-1, max-image-preview:large, max-video-preview:-1\" \/>\n<link rel=\"canonical\" href=\"https:\/\/booksfrommexico.com\/es\/producto\/combatiendo-la-anomia\/\" \/>\n<meta property=\"og:locale\" content=\"es_ES\" \/>\n<meta property=\"og:type\" content=\"article\" \/>\n<meta property=\"og:title\" content=\"Combatiendo la anomia\" \/>\n<meta property=\"og:description\" content=\"COMBATIENDO LA ANOMIA : PROTESTA Y MOVIMIENTOS SOCIALES EN EL JU\u00c1REZ DEL SIGLO XXI. \/ Carlos Murillo Gonz\u00e1lez.(Premio Nacional &quot;Guillermo Rousset Banda&quot;).\" \/>\n<meta property=\"og:url\" content=\"https:\/\/booksfrommexico.com\/es\/producto\/combatiendo-la-anomia\/\" \/>\n<meta property=\"og:site_name\" content=\"Books From Mexico\" \/>\n<meta property=\"article:modified_time\" content=\"2024-06-03T22:11:16+00:00\" \/>\n<meta property=\"og:image\" content=\"http:\/\/booksfrommexico.com\/app\/uploads\/2024\/05\/200309.jpeg\" \/>\n\t<meta property=\"og:image:width\" content=\"389\" \/>\n\t<meta property=\"og:image:height\" content=\"627\" \/>\n\t<meta property=\"og:image:type\" content=\"image\/jpeg\" \/>\n<meta name=\"twitter:card\" content=\"summary_large_image\" \/>\n<meta name=\"twitter:label1\" content=\"Tiempo de lectura\" \/>\n\t<meta name=\"twitter:data1\" content=\"1 minuto\" \/>\n<script type=\"application\/ld+json\" class=\"yoast-schema-graph\">{\"@context\":\"https:\\\/\\\/schema.org\",\"@graph\":[{\"@type\":\"WebPage\",\"@id\":\"https:\\\/\\\/booksfrommexico.com\\\/es\\\/producto\\\/combatiendo-la-anomia\\\/\",\"url\":\"https:\\\/\\\/booksfrommexico.com\\\/es\\\/producto\\\/combatiendo-la-anomia\\\/\",\"name\":\"Combatiendo la anomia\",\"isPartOf\":{\"@id\":\"https:\\\/\\\/booksfrommexico.com\\\/#website\"},\"primaryImageOfPage\":{\"@id\":\"https:\\\/\\\/booksfrommexico.com\\\/es\\\/producto\\\/combatiendo-la-anomia\\\/#primaryimage\"},\"image\":{\"@id\":\"https:\\\/\\\/booksfrommexico.com\\\/es\\\/producto\\\/combatiendo-la-anomia\\\/#primaryimage\"},\"thumbnailUrl\":\"https:\\\/\\\/booksfrommexico.com\\\/app\\\/uploads\\\/2024\\\/05\\\/200309.jpeg\",\"datePublished\":\"2024-05-24T19:19:37+00:00\",\"dateModified\":\"2024-06-03T22:11:16+00:00\",\"description\":\"COMBATIENDO LA ANOMIA : PROTESTA Y MOVIMIENTOS SOCIALES EN EL JU\u00c1REZ DEL SIGLO XXI. \\\/ Carlos Murillo Gonz\u00e1lez.(Premio Nacional \\\"Guillermo Rousset Banda\\\").\",\"breadcrumb\":{\"@id\":\"https:\\\/\\\/booksfrommexico.com\\\/es\\\/producto\\\/combatiendo-la-anomia\\\/#breadcrumb\"},\"inLanguage\":\"es\",\"potentialAction\":[{\"@type\":\"ReadAction\",\"target\":[\"https:\\\/\\\/booksfrommexico.com\\\/es\\\/producto\\\/combatiendo-la-anomia\\\/\"]}]},{\"@type\":\"ImageObject\",\"inLanguage\":\"es\",\"@id\":\"https:\\\/\\\/booksfrommexico.com\\\/es\\\/producto\\\/combatiendo-la-anomia\\\/#primaryimage\",\"url\":\"https:\\\/\\\/booksfrommexico.com\\\/app\\\/uploads\\\/2024\\\/05\\\/200309.jpeg\",\"contentUrl\":\"https:\\\/\\\/booksfrommexico.com\\\/app\\\/uploads\\\/2024\\\/05\\\/200309.jpeg\",\"width\":389,\"height\":627,\"caption\":\"Combatiendo la anomia\"},{\"@type\":\"BreadcrumbList\",\"@id\":\"https:\\\/\\\/booksfrommexico.com\\\/es\\\/producto\\\/combatiendo-la-anomia\\\/#breadcrumb\",\"itemListElement\":[{\"@type\":\"ListItem\",\"position\":1,\"name\":\"Home\",\"item\":\"https:\\\/\\\/booksfrommexico.com\\\/es\\\/\"},{\"@type\":\"ListItem\",\"position\":2,\"name\":\"Libros\",\"item\":\"https:\\\/\\\/booksfrommexico.com\\\/es\\\/libros\\\/\"},{\"@type\":\"ListItem\",\"position\":3,\"name\":\"Combatiendo la anomia: Protesta y movimientos sociales en el Ju\u00e1rez del siglo XXI\"}]},{\"@type\":\"WebSite\",\"@id\":\"https:\\\/\\\/booksfrommexico.com\\\/#website\",\"url\":\"https:\\\/\\\/booksfrommexico.com\\\/\",\"name\":\"Books From Mexico\",\"description\":\"\",\"publisher\":{\"@id\":\"https:\\\/\\\/booksfrommexico.com\\\/#organization\"},\"potentialAction\":[{\"@type\":\"SearchAction\",\"target\":{\"@type\":\"EntryPoint\",\"urlTemplate\":\"https:\\\/\\\/booksfrommexico.com\\\/?s={search_term_string}\"},\"query-input\":{\"@type\":\"PropertyValueSpecification\",\"valueRequired\":true,\"valueName\":\"search_term_string\"}}],\"inLanguage\":\"es\"},{\"@type\":\"Organization\",\"@id\":\"https:\\\/\\\/booksfrommexico.com\\\/#organization\",\"name\":\"Books From Mexico\",\"url\":\"https:\\\/\\\/booksfrommexico.com\\\/\",\"logo\":{\"@type\":\"ImageObject\",\"inLanguage\":\"es\",\"@id\":\"https:\\\/\\\/booksfrommexico.com\\\/#\\\/schema\\\/logo\\\/image\\\/\",\"url\":\"https:\\\/\\\/booksfrommexico.com\\\/app\\\/uploads\\\/2023\\\/05\\\/logo-booksfrommexico.svg\",\"contentUrl\":\"https:\\\/\\\/booksfrommexico.com\\\/app\\\/uploads\\\/2023\\\/05\\\/logo-booksfrommexico.svg\",\"width\":86,\"height\":56,\"caption\":\"Books From Mexico\"},\"image\":{\"@id\":\"https:\\\/\\\/booksfrommexico.com\\\/#\\\/schema\\\/logo\\\/image\\\/\"}}]}<\/script>\n<!-- \/ Yoast SEO plugin. -->","yoast_head_json":{"title":"Combatiendo la anomia","description":"COMBATIENDO LA ANOMIA : PROTESTA Y MOVIMIENTOS SOCIALES EN EL JU\u00c1REZ DEL SIGLO XXI. \/ Carlos Murillo Gonz\u00e1lez.(Premio Nacional \"Guillermo Rousset Banda\").","robots":{"index":"index","follow":"follow","max-snippet":"max-snippet:-1","max-image-preview":"max-image-preview:large","max-video-preview":"max-video-preview:-1"},"canonical":"https:\/\/booksfrommexico.com\/es\/producto\/combatiendo-la-anomia\/","og_locale":"es_ES","og_type":"article","og_title":"Combatiendo la anomia","og_description":"COMBATIENDO LA ANOMIA : PROTESTA Y MOVIMIENTOS SOCIALES EN EL JU\u00c1REZ DEL SIGLO XXI. \/ Carlos Murillo Gonz\u00e1lez.(Premio Nacional \"Guillermo Rousset Banda\").","og_url":"https:\/\/booksfrommexico.com\/es\/producto\/combatiendo-la-anomia\/","og_site_name":"Books From Mexico","article_modified_time":"2024-06-03T22:11:16+00:00","og_image":[{"width":389,"height":627,"url":"http:\/\/booksfrommexico.com\/app\/uploads\/2024\/05\/200309.jpeg","type":"image\/jpeg"}],"twitter_card":"summary_large_image","twitter_misc":{"Tiempo de lectura":"1 minuto"},"schema":{"@context":"https:\/\/schema.org","@graph":[{"@type":"WebPage","@id":"https:\/\/booksfrommexico.com\/es\/producto\/combatiendo-la-anomia\/","url":"https:\/\/booksfrommexico.com\/es\/producto\/combatiendo-la-anomia\/","name":"Combatiendo la anomia","isPartOf":{"@id":"https:\/\/booksfrommexico.com\/#website"},"primaryImageOfPage":{"@id":"https:\/\/booksfrommexico.com\/es\/producto\/combatiendo-la-anomia\/#primaryimage"},"image":{"@id":"https:\/\/booksfrommexico.com\/es\/producto\/combatiendo-la-anomia\/#primaryimage"},"thumbnailUrl":"https:\/\/booksfrommexico.com\/app\/uploads\/2024\/05\/200309.jpeg","datePublished":"2024-05-24T19:19:37+00:00","dateModified":"2024-06-03T22:11:16+00:00","description":"COMBATIENDO LA ANOMIA : PROTESTA Y MOVIMIENTOS SOCIALES EN EL JU\u00c1REZ DEL SIGLO XXI. \/ Carlos Murillo Gonz\u00e1lez.(Premio Nacional \"Guillermo Rousset Banda\").","breadcrumb":{"@id":"https:\/\/booksfrommexico.com\/es\/producto\/combatiendo-la-anomia\/#breadcrumb"},"inLanguage":"es","potentialAction":[{"@type":"ReadAction","target":["https:\/\/booksfrommexico.com\/es\/producto\/combatiendo-la-anomia\/"]}]},{"@type":"ImageObject","inLanguage":"es","@id":"https:\/\/booksfrommexico.com\/es\/producto\/combatiendo-la-anomia\/#primaryimage","url":"https:\/\/booksfrommexico.com\/app\/uploads\/2024\/05\/200309.jpeg","contentUrl":"https:\/\/booksfrommexico.com\/app\/uploads\/2024\/05\/200309.jpeg","width":389,"height":627,"caption":"Combatiendo la anomia"},{"@type":"BreadcrumbList","@id":"https:\/\/booksfrommexico.com\/es\/producto\/combatiendo-la-anomia\/#breadcrumb","itemListElement":[{"@type":"ListItem","position":1,"name":"Home","item":"https:\/\/booksfrommexico.com\/es\/"},{"@type":"ListItem","position":2,"name":"Libros","item":"https:\/\/booksfrommexico.com\/es\/libros\/"},{"@type":"ListItem","position":3,"name":"Combatiendo la anomia: Protesta y movimientos sociales en el Ju\u00e1rez del siglo XXI"}]},{"@type":"WebSite","@id":"https:\/\/booksfrommexico.com\/#website","url":"https:\/\/booksfrommexico.com\/","name":"Books From Mexico","description":"","publisher":{"@id":"https:\/\/booksfrommexico.com\/#organization"},"potentialAction":[{"@type":"SearchAction","target":{"@type":"EntryPoint","urlTemplate":"https:\/\/booksfrommexico.com\/?s={search_term_string}"},"query-input":{"@type":"PropertyValueSpecification","valueRequired":true,"valueName":"search_term_string"}}],"inLanguage":"es"},{"@type":"Organization","@id":"https:\/\/booksfrommexico.com\/#organization","name":"Books From Mexico","url":"https:\/\/booksfrommexico.com\/","logo":{"@type":"ImageObject","inLanguage":"es","@id":"https:\/\/booksfrommexico.com\/#\/schema\/logo\/image\/","url":"https:\/\/booksfrommexico.com\/app\/uploads\/2023\/05\/logo-booksfrommexico.svg","contentUrl":"https:\/\/booksfrommexico.com\/app\/uploads\/2023\/05\/logo-booksfrommexico.svg","width":86,"height":56,"caption":"Books From Mexico"},"image":{"@id":"https:\/\/booksfrommexico.com\/#\/schema\/logo\/image\/"}}]}},"_links":{"self":[{"href":"https:\/\/booksfrommexico.com\/es\/wp-json\/wp\/v2\/product\/6444","targetHints":{"allow":["GET"]}}],"collection":[{"href":"https:\/\/booksfrommexico.com\/es\/wp-json\/wp\/v2\/product"}],"about":[{"href":"https:\/\/booksfrommexico.com\/es\/wp-json\/wp\/v2\/types\/product"}],"wp:featuredmedia":[{"embeddable":true,"href":"https:\/\/booksfrommexico.com\/es\/wp-json\/wp\/v2\/media\/6518"}],"wp:attachment":[{"href":"https:\/\/booksfrommexico.com\/es\/wp-json\/wp\/v2\/media?parent=6444"}],"wp:term":[{"taxonomy":"product_brand","embeddable":true,"href":"https:\/\/booksfrommexico.com\/es\/wp-json\/wp\/v2\/product_brand?post=6444"},{"taxonomy":"product_cat","embeddable":true,"href":"https:\/\/booksfrommexico.com\/es\/wp-json\/wp\/v2\/product_cat?post=6444"},{"taxonomy":"product_tag","embeddable":true,"href":"https:\/\/booksfrommexico.com\/es\/wp-json\/wp\/v2\/product_tag?post=6444"}],"curies":[{"name":"wp","href":"https:\/\/api.w.org\/{rel}","templated":true}]}}