{"id":6445,"date":"2024-05-24T19:19:37","date_gmt":"2024-05-24T19:19:37","guid":{"rendered":"https:\/\/booksfrommexico.com\/product\/bienvenido-a-la-luz\/"},"modified":"2024-05-29T23:14:11","modified_gmt":"2024-05-29T23:14:11","slug":"bienvenido-a-la-luz","status":"publish","type":"product","link":"https:\/\/booksfrommexico.com\/es\/producto\/bienvenido-a-la-luz\/","title":{"rendered":"Bienvenido a la luz: (Cr\u00f3nica de una caminata a trav\u00e9s del camposanto nacional)"},"content":{"rendered":"<p><span style=\"font-weight: 400;\">Edgar \u00c1lvarez Estrada es un dramaturgo, narrador, director de escena y productor que ha sido acreedor a becas como IMCINE-SOGEM, FONCA y SCGDF. Este t\u00edtulo fue merecedor de una menci\u00f3n honor\u00edfica en el Premio Nacional de Novela Breve \u201cAmado Nervo\u201d 2021 y est\u00e1 en concordancia con su investigaci\u00f3n de las herramientas esc\u00e9nicas para la construcci\u00f3n de la paz. Esta narraci\u00f3n parte del testimonio de un grupo de mujeres dolientes que rompen con su rol asignado de la sociedad de mantenerse en casa, para salir y apoderarse de espacios p\u00fablicos y emprender acciones que resignifican el concepto de \u201cmaternidad\u201d, <\/span><span style=\"font-weight: 400;\">volvi\u00e9ndolo pol\u00edtico al emprender la b\u00fasqueda de sus hijos desaparecidos.<\/span><\/p>\n","protected":false},"excerpt":{"rendered":"<p>BIENVENIDO A LA LUZ : (CR\u00d3NICA DE UNA CAMINATA A TRAV\u00c9S DEL CAMPOSANTO NACIONAL)<span style=\"font-weight: 400;\">. \/ Edgar \u00c1lvarez Estrada. Tepic, Nayarit, M\u00e9xico : Universidad Aut\u00f3noma de Nayarit , Editorial UAN ; Ciudad de M\u00e9xico, M\u00e9xico : Ediciones del Lirio, 2023. 79 pages ; 23 cm. (Colecci\u00f3n de Narrativa Punto y Coma ; Premio Nacional de Novela Breve \u201cAmado Nervo\u201d 2021.) ISBN : 9786078863181 (Universidad Aut\u00f3noma de Nayarit) ; 9786078837984 (Ediciones del Lirio).<\/span><\/p>\n","protected":false},"featured_media":6509,"template":"","meta":{"_acf_changed":false,"inline_featured_image":false},"product_brand":[],"product_cat":[25,1200,699],"product_tag":[4101,4313,3651,4023],"class_list":{"0":"post-6445","1":"product","2":"type-product","3":"status-publish","4":"has-post-thumbnail","6":"product_cat-literatura","7":"product_cat-novela-literatura","8":"product_cat-violencia-en-la-sociedad-sociologia","9":"product_tag-mujeres-es","10":"product_tag-narracion","11":"product_tag-novela-mexicana","12":"product_tag-premios-literarios","14":"first","15":"instock","16":"taxable","17":"shipping-taxable","18":"purchasable","19":"product-type-simple"},"acf":[],"yoast_head":"<!-- This site is optimized with the Yoast SEO plugin v27.3 - https:\/\/yoast.com\/product\/yoast-seo-wordpress\/ -->\n<title>Bienvenido a la luz<\/title>\n<meta name=\"description\" content=\"BIENVENIDO A LA LUZ : (CR\u00d3NICA DE UNA CAMINATA A TRAV\u00c9S DEL CAMPOSANTO NACIONAL). \/ Edgar \u00c1lvarez Estrada. Editorial UAN ; Ediciones del Lirio, 2023.\" \/>\n<meta name=\"robots\" content=\"index, follow, max-snippet:-1, max-image-preview:large, max-video-preview:-1\" \/>\n<link rel=\"canonical\" href=\"https:\/\/booksfrommexico.com\/es\/producto\/bienvenido-a-la-luz\/\" \/>\n<meta property=\"og:locale\" content=\"es_ES\" \/>\n<meta property=\"og:type\" content=\"article\" \/>\n<meta property=\"og:title\" content=\"Bienvenido a la luz\" \/>\n<meta property=\"og:description\" content=\"BIENVENIDO A LA LUZ : (CR\u00d3NICA DE UNA CAMINATA A TRAV\u00c9S DEL CAMPOSANTO NACIONAL). \/ Edgar \u00c1lvarez Estrada. Editorial UAN ; Ediciones del Lirio, 2023.\" \/>\n<meta property=\"og:url\" content=\"https:\/\/booksfrommexico.com\/es\/producto\/bienvenido-a-la-luz\/\" \/>\n<meta property=\"og:site_name\" content=\"Books From Mexico\" \/>\n<meta property=\"article:modified_time\" content=\"2024-05-29T23:14:11+00:00\" \/>\n<meta property=\"og:image\" content=\"http:\/\/booksfrommexico.com\/app\/uploads\/2024\/05\/199449.jpeg\" \/>\n\t<meta property=\"og:image:width\" content=\"455\" \/>\n\t<meta property=\"og:image:height\" content=\"666\" \/>\n\t<meta property=\"og:image:type\" content=\"image\/jpeg\" \/>\n<meta name=\"twitter:card\" content=\"summary_large_image\" \/>\n<meta name=\"twitter:label1\" content=\"Tiempo de lectura\" \/>\n\t<meta name=\"twitter:data1\" content=\"1 minuto\" \/>\n<script type=\"application\/ld+json\" class=\"yoast-schema-graph\">{\"@context\":\"https:\\\/\\\/schema.org\",\"@graph\":[{\"@type\":\"WebPage\",\"@id\":\"https:\\\/\\\/booksfrommexico.com\\\/es\\\/producto\\\/bienvenido-a-la-luz\\\/\",\"url\":\"https:\\\/\\\/booksfrommexico.com\\\/es\\\/producto\\\/bienvenido-a-la-luz\\\/\",\"name\":\"Bienvenido a la luz\",\"isPartOf\":{\"@id\":\"https:\\\/\\\/booksfrommexico.com\\\/#website\"},\"primaryImageOfPage\":{\"@id\":\"https:\\\/\\\/booksfrommexico.com\\\/es\\\/producto\\\/bienvenido-a-la-luz\\\/#primaryimage\"},\"image\":{\"@id\":\"https:\\\/\\\/booksfrommexico.com\\\/es\\\/producto\\\/bienvenido-a-la-luz\\\/#primaryimage\"},\"thumbnailUrl\":\"https:\\\/\\\/booksfrommexico.com\\\/app\\\/uploads\\\/2024\\\/05\\\/199449.jpeg\",\"datePublished\":\"2024-05-24T19:19:37+00:00\",\"dateModified\":\"2024-05-29T23:14:11+00:00\",\"description\":\"BIENVENIDO A LA LUZ : (CR\u00d3NICA DE UNA CAMINATA A TRAV\u00c9S DEL CAMPOSANTO NACIONAL). \\\/ Edgar \u00c1lvarez Estrada. Editorial UAN ; Ediciones del Lirio, 2023.\",\"breadcrumb\":{\"@id\":\"https:\\\/\\\/booksfrommexico.com\\\/es\\\/producto\\\/bienvenido-a-la-luz\\\/#breadcrumb\"},\"inLanguage\":\"es\",\"potentialAction\":[{\"@type\":\"ReadAction\",\"target\":[\"https:\\\/\\\/booksfrommexico.com\\\/es\\\/producto\\\/bienvenido-a-la-luz\\\/\"]}]},{\"@type\":\"ImageObject\",\"inLanguage\":\"es\",\"@id\":\"https:\\\/\\\/booksfrommexico.com\\\/es\\\/producto\\\/bienvenido-a-la-luz\\\/#primaryimage\",\"url\":\"https:\\\/\\\/booksfrommexico.com\\\/app\\\/uploads\\\/2024\\\/05\\\/199449.jpeg\",\"contentUrl\":\"https:\\\/\\\/booksfrommexico.com\\\/app\\\/uploads\\\/2024\\\/05\\\/199449.jpeg\",\"width\":455,\"height\":666,\"caption\":\"Bienvenido a la luz\"},{\"@type\":\"BreadcrumbList\",\"@id\":\"https:\\\/\\\/booksfrommexico.com\\\/es\\\/producto\\\/bienvenido-a-la-luz\\\/#breadcrumb\",\"itemListElement\":[{\"@type\":\"ListItem\",\"position\":1,\"name\":\"Home\",\"item\":\"https:\\\/\\\/booksfrommexico.com\\\/es\\\/\"},{\"@type\":\"ListItem\",\"position\":2,\"name\":\"Libros\",\"item\":\"https:\\\/\\\/booksfrommexico.com\\\/es\\\/libros\\\/\"},{\"@type\":\"ListItem\",\"position\":3,\"name\":\"Bienvenido a la luz: (Cr\u00f3nica de una caminata a trav\u00e9s del camposanto nacional)\"}]},{\"@type\":\"WebSite\",\"@id\":\"https:\\\/\\\/booksfrommexico.com\\\/#website\",\"url\":\"https:\\\/\\\/booksfrommexico.com\\\/\",\"name\":\"Books From Mexico\",\"description\":\"\",\"publisher\":{\"@id\":\"https:\\\/\\\/booksfrommexico.com\\\/#organization\"},\"potentialAction\":[{\"@type\":\"SearchAction\",\"target\":{\"@type\":\"EntryPoint\",\"urlTemplate\":\"https:\\\/\\\/booksfrommexico.com\\\/?s={search_term_string}\"},\"query-input\":{\"@type\":\"PropertyValueSpecification\",\"valueRequired\":true,\"valueName\":\"search_term_string\"}}],\"inLanguage\":\"es\"},{\"@type\":\"Organization\",\"@id\":\"https:\\\/\\\/booksfrommexico.com\\\/#organization\",\"name\":\"Books From Mexico\",\"url\":\"https:\\\/\\\/booksfrommexico.com\\\/\",\"logo\":{\"@type\":\"ImageObject\",\"inLanguage\":\"es\",\"@id\":\"https:\\\/\\\/booksfrommexico.com\\\/#\\\/schema\\\/logo\\\/image\\\/\",\"url\":\"https:\\\/\\\/booksfrommexico.com\\\/app\\\/uploads\\\/2023\\\/05\\\/logo-booksfrommexico.svg\",\"contentUrl\":\"https:\\\/\\\/booksfrommexico.com\\\/app\\\/uploads\\\/2023\\\/05\\\/logo-booksfrommexico.svg\",\"width\":86,\"height\":56,\"caption\":\"Books From Mexico\"},\"image\":{\"@id\":\"https:\\\/\\\/booksfrommexico.com\\\/#\\\/schema\\\/logo\\\/image\\\/\"}}]}<\/script>\n<!-- \/ Yoast SEO plugin. -->","yoast_head_json":{"title":"Bienvenido a la luz","description":"BIENVENIDO A LA LUZ : (CR\u00d3NICA DE UNA CAMINATA A TRAV\u00c9S DEL CAMPOSANTO NACIONAL). \/ Edgar \u00c1lvarez Estrada. Editorial UAN ; Ediciones del Lirio, 2023.","robots":{"index":"index","follow":"follow","max-snippet":"max-snippet:-1","max-image-preview":"max-image-preview:large","max-video-preview":"max-video-preview:-1"},"canonical":"https:\/\/booksfrommexico.com\/es\/producto\/bienvenido-a-la-luz\/","og_locale":"es_ES","og_type":"article","og_title":"Bienvenido a la luz","og_description":"BIENVENIDO A LA LUZ : (CR\u00d3NICA DE UNA CAMINATA A TRAV\u00c9S DEL CAMPOSANTO NACIONAL). \/ Edgar \u00c1lvarez Estrada. Editorial UAN ; Ediciones del Lirio, 2023.","og_url":"https:\/\/booksfrommexico.com\/es\/producto\/bienvenido-a-la-luz\/","og_site_name":"Books From Mexico","article_modified_time":"2024-05-29T23:14:11+00:00","og_image":[{"width":455,"height":666,"url":"http:\/\/booksfrommexico.com\/app\/uploads\/2024\/05\/199449.jpeg","type":"image\/jpeg"}],"twitter_card":"summary_large_image","twitter_misc":{"Tiempo de lectura":"1 minuto"},"schema":{"@context":"https:\/\/schema.org","@graph":[{"@type":"WebPage","@id":"https:\/\/booksfrommexico.com\/es\/producto\/bienvenido-a-la-luz\/","url":"https:\/\/booksfrommexico.com\/es\/producto\/bienvenido-a-la-luz\/","name":"Bienvenido a la luz","isPartOf":{"@id":"https:\/\/booksfrommexico.com\/#website"},"primaryImageOfPage":{"@id":"https:\/\/booksfrommexico.com\/es\/producto\/bienvenido-a-la-luz\/#primaryimage"},"image":{"@id":"https:\/\/booksfrommexico.com\/es\/producto\/bienvenido-a-la-luz\/#primaryimage"},"thumbnailUrl":"https:\/\/booksfrommexico.com\/app\/uploads\/2024\/05\/199449.jpeg","datePublished":"2024-05-24T19:19:37+00:00","dateModified":"2024-05-29T23:14:11+00:00","description":"BIENVENIDO A LA LUZ : (CR\u00d3NICA DE UNA CAMINATA A TRAV\u00c9S DEL CAMPOSANTO NACIONAL). \/ Edgar \u00c1lvarez Estrada. Editorial UAN ; Ediciones del Lirio, 2023.","breadcrumb":{"@id":"https:\/\/booksfrommexico.com\/es\/producto\/bienvenido-a-la-luz\/#breadcrumb"},"inLanguage":"es","potentialAction":[{"@type":"ReadAction","target":["https:\/\/booksfrommexico.com\/es\/producto\/bienvenido-a-la-luz\/"]}]},{"@type":"ImageObject","inLanguage":"es","@id":"https:\/\/booksfrommexico.com\/es\/producto\/bienvenido-a-la-luz\/#primaryimage","url":"https:\/\/booksfrommexico.com\/app\/uploads\/2024\/05\/199449.jpeg","contentUrl":"https:\/\/booksfrommexico.com\/app\/uploads\/2024\/05\/199449.jpeg","width":455,"height":666,"caption":"Bienvenido a la luz"},{"@type":"BreadcrumbList","@id":"https:\/\/booksfrommexico.com\/es\/producto\/bienvenido-a-la-luz\/#breadcrumb","itemListElement":[{"@type":"ListItem","position":1,"name":"Home","item":"https:\/\/booksfrommexico.com\/es\/"},{"@type":"ListItem","position":2,"name":"Libros","item":"https:\/\/booksfrommexico.com\/es\/libros\/"},{"@type":"ListItem","position":3,"name":"Bienvenido a la luz: (Cr\u00f3nica de una caminata a trav\u00e9s del camposanto nacional)"}]},{"@type":"WebSite","@id":"https:\/\/booksfrommexico.com\/#website","url":"https:\/\/booksfrommexico.com\/","name":"Books From Mexico","description":"","publisher":{"@id":"https:\/\/booksfrommexico.com\/#organization"},"potentialAction":[{"@type":"SearchAction","target":{"@type":"EntryPoint","urlTemplate":"https:\/\/booksfrommexico.com\/?s={search_term_string}"},"query-input":{"@type":"PropertyValueSpecification","valueRequired":true,"valueName":"search_term_string"}}],"inLanguage":"es"},{"@type":"Organization","@id":"https:\/\/booksfrommexico.com\/#organization","name":"Books From Mexico","url":"https:\/\/booksfrommexico.com\/","logo":{"@type":"ImageObject","inLanguage":"es","@id":"https:\/\/booksfrommexico.com\/#\/schema\/logo\/image\/","url":"https:\/\/booksfrommexico.com\/app\/uploads\/2023\/05\/logo-booksfrommexico.svg","contentUrl":"https:\/\/booksfrommexico.com\/app\/uploads\/2023\/05\/logo-booksfrommexico.svg","width":86,"height":56,"caption":"Books From Mexico"},"image":{"@id":"https:\/\/booksfrommexico.com\/#\/schema\/logo\/image\/"}}]}},"_links":{"self":[{"href":"https:\/\/booksfrommexico.com\/es\/wp-json\/wp\/v2\/product\/6445","targetHints":{"allow":["GET"]}}],"collection":[{"href":"https:\/\/booksfrommexico.com\/es\/wp-json\/wp\/v2\/product"}],"about":[{"href":"https:\/\/booksfrommexico.com\/es\/wp-json\/wp\/v2\/types\/product"}],"wp:featuredmedia":[{"embeddable":true,"href":"https:\/\/booksfrommexico.com\/es\/wp-json\/wp\/v2\/media\/6509"}],"wp:attachment":[{"href":"https:\/\/booksfrommexico.com\/es\/wp-json\/wp\/v2\/media?parent=6445"}],"wp:term":[{"taxonomy":"product_brand","embeddable":true,"href":"https:\/\/booksfrommexico.com\/es\/wp-json\/wp\/v2\/product_brand?post=6445"},{"taxonomy":"product_cat","embeddable":true,"href":"https:\/\/booksfrommexico.com\/es\/wp-json\/wp\/v2\/product_cat?post=6445"},{"taxonomy":"product_tag","embeddable":true,"href":"https:\/\/booksfrommexico.com\/es\/wp-json\/wp\/v2\/product_tag?post=6445"}],"curies":[{"name":"wp","href":"https:\/\/api.w.org\/{rel}","templated":true}]}}