{"id":6448,"date":"2024-05-24T19:19:37","date_gmt":"2024-05-24T19:19:37","guid":{"rendered":"https:\/\/booksfrommexico.com\/product\/donde-esta-la-nieve\/"},"modified":"2025-04-21T17:36:34","modified_gmt":"2025-04-21T17:36:34","slug":"donde-esta-la-nieve","status":"publish","type":"product","link":"https:\/\/booksfrommexico.com\/es\/producto\/donde-esta-la-nieve\/","title":{"rendered":"\u00bfD\u00f3nde est\u00e1 la nieve?"},"content":{"rendered":"<p><span style=\"font-weight: 400;\">El fin de la colecci\u00f3n <\/span><i><span style=\"font-weight: 400;\">K\u00farowi-T\u00e9mari Leer es sembrar futuro <\/span><\/i><span style=\"font-weight: 400;\">es destacar la importancia que tiene el fomento de la lectura para los ni\u00f1os, especialmente con los temas sensibles que ocurren en la localidad fronteriza de Ciudad Ju\u00e1rez. En este volumen se aborda el tema de la migraci\u00f3n infantil, al contar la historia de Nievecita, una ni\u00f1a que debe cruzar la frontera entre M\u00e9xico y EUA para llegar con su t\u00edo. Sin embargo, desde su perspectiva inocente, cruza con la motivaci\u00f3n de conocer la nieve que cae en el lugar donde vive su t\u00edo y poder compartir con \u00e9l alimentos t\u00edpicos de su pueblo natal. Esta historia habla tambi\u00e9n sobre la esperanza y la empat\u00eda, herramientas fundamentales para el crecimiento humano.<\/span><\/p>\n","protected":false},"excerpt":{"rendered":"<p>\u00bfD\u00d3NDE EST\u00c1 LA NIEVE?<span style=\"font-weight: 400;\">. \/ Gonzalo Moure ; Rub\u00e9n Dar\u00edo Rodr\u00edguez (illustrator). Ciudad Ju\u00e1rez, Chihuahua, M\u00e9xico : Universidad Aut\u00f3noma de Ciudad Ju\u00e1rez, 2023. 27 pages : color illustrations chiefly ; 21 cm. (Colecci\u00f3n K\u00farowi-T\u00e9mari Leer es sembrar futuro). ISBN : 9786075204659 (volumen) ; 9786075201085 (collection). <\/span><\/p>\n","protected":false},"featured_media":6529,"template":"","meta":{"_acf_changed":false,"inline_featured_image":false},"product_brand":[],"product_cat":[37,25],"product_tag":[4127,3685,4401,4118,4232],"class_list":{"0":"post-6448","1":"product","2":"type-product","3":"status-publish","4":"has-post-thumbnail","6":"product_cat-cuento-literatura","7":"product_cat-literatura","8":"product_tag-cuento","9":"product_tag-inmigracion","10":"product_tag-inmigrantes-es","11":"product_tag-juventud-infancia","12":"product_tag-literatura-infantil-y-juvenil","14":"first","15":"outofstock","16":"featured","17":"taxable","18":"shipping-taxable","19":"purchasable","20":"product-type-simple"},"acf":[],"yoast_head":"<!-- This site is optimized with the Yoast SEO plugin v27.3 - https:\/\/yoast.com\/product\/yoast-seo-wordpress\/ -->\n<title>\u00bfD\u00f3nde est\u00e1 la nieve?<\/title>\n<meta name=\"description\" content=\"\u00bfD\u00d3NDE EST\u00c1 LA NIEVE?. \/ Gonzalo Moure ; Rub\u00e9n Dar\u00edo Rodr\u00edguez (illustrator). UACJ, 2023.(Colecci\u00f3n K\u00farowi-T\u00e9mari Leer es sembrar futuro).\" \/>\n<meta name=\"robots\" content=\"index, follow, max-snippet:-1, max-image-preview:large, max-video-preview:-1\" \/>\n<link rel=\"canonical\" href=\"https:\/\/booksfrommexico.com\/es\/producto\/donde-esta-la-nieve\/\" \/>\n<meta property=\"og:locale\" content=\"es_ES\" \/>\n<meta property=\"og:type\" content=\"article\" \/>\n<meta property=\"og:title\" content=\"\u00bfD\u00f3nde est\u00e1 la nieve?\" \/>\n<meta property=\"og:description\" content=\"\u00bfD\u00d3NDE EST\u00c1 LA NIEVE?. \/ Gonzalo Moure ; Rub\u00e9n Dar\u00edo Rodr\u00edguez (illustrator). UACJ, 2023.(Colecci\u00f3n K\u00farowi-T\u00e9mari Leer es sembrar futuro).\" \/>\n<meta property=\"og:url\" content=\"https:\/\/booksfrommexico.com\/es\/producto\/donde-esta-la-nieve\/\" \/>\n<meta property=\"og:site_name\" content=\"Books From Mexico\" \/>\n<meta property=\"article:modified_time\" content=\"2025-04-21T17:36:34+00:00\" \/>\n<meta property=\"og:image\" content=\"http:\/\/booksfrommexico.com\/app\/uploads\/2024\/05\/199431.jpeg\" \/>\n\t<meta property=\"og:image:width\" content=\"591\" \/>\n\t<meta property=\"og:image:height\" content=\"595\" \/>\n\t<meta property=\"og:image:type\" content=\"image\/jpeg\" \/>\n<meta name=\"twitter:card\" content=\"summary_large_image\" \/>\n<meta name=\"twitter:label1\" content=\"Tiempo de lectura\" \/>\n\t<meta name=\"twitter:data1\" content=\"1 minuto\" \/>\n<script type=\"application\/ld+json\" class=\"yoast-schema-graph\">{\"@context\":\"https:\\\/\\\/schema.org\",\"@graph\":[{\"@type\":\"WebPage\",\"@id\":\"https:\\\/\\\/booksfrommexico.com\\\/es\\\/producto\\\/donde-esta-la-nieve\\\/\",\"url\":\"https:\\\/\\\/booksfrommexico.com\\\/es\\\/producto\\\/donde-esta-la-nieve\\\/\",\"name\":\"\u00bfD\u00f3nde est\u00e1 la nieve?\",\"isPartOf\":{\"@id\":\"https:\\\/\\\/booksfrommexico.com\\\/#website\"},\"primaryImageOfPage\":{\"@id\":\"https:\\\/\\\/booksfrommexico.com\\\/es\\\/producto\\\/donde-esta-la-nieve\\\/#primaryimage\"},\"image\":{\"@id\":\"https:\\\/\\\/booksfrommexico.com\\\/es\\\/producto\\\/donde-esta-la-nieve\\\/#primaryimage\"},\"thumbnailUrl\":\"https:\\\/\\\/booksfrommexico.com\\\/app\\\/uploads\\\/2024\\\/05\\\/199431.jpeg\",\"datePublished\":\"2024-05-24T19:19:37+00:00\",\"dateModified\":\"2025-04-21T17:36:34+00:00\",\"description\":\"\u00bfD\u00d3NDE EST\u00c1 LA NIEVE?. \\\/ Gonzalo Moure ; Rub\u00e9n Dar\u00edo Rodr\u00edguez (illustrator). UACJ, 2023.(Colecci\u00f3n K\u00farowi-T\u00e9mari Leer es sembrar futuro).\",\"breadcrumb\":{\"@id\":\"https:\\\/\\\/booksfrommexico.com\\\/es\\\/producto\\\/donde-esta-la-nieve\\\/#breadcrumb\"},\"inLanguage\":\"es\",\"potentialAction\":[{\"@type\":\"ReadAction\",\"target\":[\"https:\\\/\\\/booksfrommexico.com\\\/es\\\/producto\\\/donde-esta-la-nieve\\\/\"]}]},{\"@type\":\"ImageObject\",\"inLanguage\":\"es\",\"@id\":\"https:\\\/\\\/booksfrommexico.com\\\/es\\\/producto\\\/donde-esta-la-nieve\\\/#primaryimage\",\"url\":\"https:\\\/\\\/booksfrommexico.com\\\/app\\\/uploads\\\/2024\\\/05\\\/199431.jpeg\",\"contentUrl\":\"https:\\\/\\\/booksfrommexico.com\\\/app\\\/uploads\\\/2024\\\/05\\\/199431.jpeg\",\"width\":591,\"height\":595,\"caption\":\"\u00bfD\u00f3nde est\u00e1 la nieve?\"},{\"@type\":\"BreadcrumbList\",\"@id\":\"https:\\\/\\\/booksfrommexico.com\\\/es\\\/producto\\\/donde-esta-la-nieve\\\/#breadcrumb\",\"itemListElement\":[{\"@type\":\"ListItem\",\"position\":1,\"name\":\"Home\",\"item\":\"https:\\\/\\\/booksfrommexico.com\\\/es\\\/\"},{\"@type\":\"ListItem\",\"position\":2,\"name\":\"Libros\",\"item\":\"https:\\\/\\\/booksfrommexico.com\\\/es\\\/libros\\\/\"},{\"@type\":\"ListItem\",\"position\":3,\"name\":\"\u00bfD\u00f3nde est\u00e1 la nieve?\"}]},{\"@type\":\"WebSite\",\"@id\":\"https:\\\/\\\/booksfrommexico.com\\\/#website\",\"url\":\"https:\\\/\\\/booksfrommexico.com\\\/\",\"name\":\"Books From Mexico\",\"description\":\"\",\"publisher\":{\"@id\":\"https:\\\/\\\/booksfrommexico.com\\\/#organization\"},\"potentialAction\":[{\"@type\":\"SearchAction\",\"target\":{\"@type\":\"EntryPoint\",\"urlTemplate\":\"https:\\\/\\\/booksfrommexico.com\\\/?s={search_term_string}\"},\"query-input\":{\"@type\":\"PropertyValueSpecification\",\"valueRequired\":true,\"valueName\":\"search_term_string\"}}],\"inLanguage\":\"es\"},{\"@type\":\"Organization\",\"@id\":\"https:\\\/\\\/booksfrommexico.com\\\/#organization\",\"name\":\"Books From Mexico\",\"url\":\"https:\\\/\\\/booksfrommexico.com\\\/\",\"logo\":{\"@type\":\"ImageObject\",\"inLanguage\":\"es\",\"@id\":\"https:\\\/\\\/booksfrommexico.com\\\/#\\\/schema\\\/logo\\\/image\\\/\",\"url\":\"https:\\\/\\\/booksfrommexico.com\\\/app\\\/uploads\\\/2023\\\/05\\\/logo-booksfrommexico.svg\",\"contentUrl\":\"https:\\\/\\\/booksfrommexico.com\\\/app\\\/uploads\\\/2023\\\/05\\\/logo-booksfrommexico.svg\",\"width\":86,\"height\":56,\"caption\":\"Books From Mexico\"},\"image\":{\"@id\":\"https:\\\/\\\/booksfrommexico.com\\\/#\\\/schema\\\/logo\\\/image\\\/\"}}]}<\/script>\n<!-- \/ Yoast SEO plugin. -->","yoast_head_json":{"title":"\u00bfD\u00f3nde est\u00e1 la nieve?","description":"\u00bfD\u00d3NDE EST\u00c1 LA NIEVE?. \/ Gonzalo Moure ; Rub\u00e9n Dar\u00edo Rodr\u00edguez (illustrator). UACJ, 2023.(Colecci\u00f3n K\u00farowi-T\u00e9mari Leer es sembrar futuro).","robots":{"index":"index","follow":"follow","max-snippet":"max-snippet:-1","max-image-preview":"max-image-preview:large","max-video-preview":"max-video-preview:-1"},"canonical":"https:\/\/booksfrommexico.com\/es\/producto\/donde-esta-la-nieve\/","og_locale":"es_ES","og_type":"article","og_title":"\u00bfD\u00f3nde est\u00e1 la nieve?","og_description":"\u00bfD\u00d3NDE EST\u00c1 LA NIEVE?. \/ Gonzalo Moure ; Rub\u00e9n Dar\u00edo Rodr\u00edguez (illustrator). UACJ, 2023.(Colecci\u00f3n K\u00farowi-T\u00e9mari Leer es sembrar futuro).","og_url":"https:\/\/booksfrommexico.com\/es\/producto\/donde-esta-la-nieve\/","og_site_name":"Books From Mexico","article_modified_time":"2025-04-21T17:36:34+00:00","og_image":[{"width":591,"height":595,"url":"http:\/\/booksfrommexico.com\/app\/uploads\/2024\/05\/199431.jpeg","type":"image\/jpeg"}],"twitter_card":"summary_large_image","twitter_misc":{"Tiempo de lectura":"1 minuto"},"schema":{"@context":"https:\/\/schema.org","@graph":[{"@type":"WebPage","@id":"https:\/\/booksfrommexico.com\/es\/producto\/donde-esta-la-nieve\/","url":"https:\/\/booksfrommexico.com\/es\/producto\/donde-esta-la-nieve\/","name":"\u00bfD\u00f3nde est\u00e1 la nieve?","isPartOf":{"@id":"https:\/\/booksfrommexico.com\/#website"},"primaryImageOfPage":{"@id":"https:\/\/booksfrommexico.com\/es\/producto\/donde-esta-la-nieve\/#primaryimage"},"image":{"@id":"https:\/\/booksfrommexico.com\/es\/producto\/donde-esta-la-nieve\/#primaryimage"},"thumbnailUrl":"https:\/\/booksfrommexico.com\/app\/uploads\/2024\/05\/199431.jpeg","datePublished":"2024-05-24T19:19:37+00:00","dateModified":"2025-04-21T17:36:34+00:00","description":"\u00bfD\u00d3NDE EST\u00c1 LA NIEVE?. \/ Gonzalo Moure ; Rub\u00e9n Dar\u00edo Rodr\u00edguez (illustrator). UACJ, 2023.(Colecci\u00f3n K\u00farowi-T\u00e9mari Leer es sembrar futuro).","breadcrumb":{"@id":"https:\/\/booksfrommexico.com\/es\/producto\/donde-esta-la-nieve\/#breadcrumb"},"inLanguage":"es","potentialAction":[{"@type":"ReadAction","target":["https:\/\/booksfrommexico.com\/es\/producto\/donde-esta-la-nieve\/"]}]},{"@type":"ImageObject","inLanguage":"es","@id":"https:\/\/booksfrommexico.com\/es\/producto\/donde-esta-la-nieve\/#primaryimage","url":"https:\/\/booksfrommexico.com\/app\/uploads\/2024\/05\/199431.jpeg","contentUrl":"https:\/\/booksfrommexico.com\/app\/uploads\/2024\/05\/199431.jpeg","width":591,"height":595,"caption":"\u00bfD\u00f3nde est\u00e1 la nieve?"},{"@type":"BreadcrumbList","@id":"https:\/\/booksfrommexico.com\/es\/producto\/donde-esta-la-nieve\/#breadcrumb","itemListElement":[{"@type":"ListItem","position":1,"name":"Home","item":"https:\/\/booksfrommexico.com\/es\/"},{"@type":"ListItem","position":2,"name":"Libros","item":"https:\/\/booksfrommexico.com\/es\/libros\/"},{"@type":"ListItem","position":3,"name":"\u00bfD\u00f3nde est\u00e1 la nieve?"}]},{"@type":"WebSite","@id":"https:\/\/booksfrommexico.com\/#website","url":"https:\/\/booksfrommexico.com\/","name":"Books From Mexico","description":"","publisher":{"@id":"https:\/\/booksfrommexico.com\/#organization"},"potentialAction":[{"@type":"SearchAction","target":{"@type":"EntryPoint","urlTemplate":"https:\/\/booksfrommexico.com\/?s={search_term_string}"},"query-input":{"@type":"PropertyValueSpecification","valueRequired":true,"valueName":"search_term_string"}}],"inLanguage":"es"},{"@type":"Organization","@id":"https:\/\/booksfrommexico.com\/#organization","name":"Books From Mexico","url":"https:\/\/booksfrommexico.com\/","logo":{"@type":"ImageObject","inLanguage":"es","@id":"https:\/\/booksfrommexico.com\/#\/schema\/logo\/image\/","url":"https:\/\/booksfrommexico.com\/app\/uploads\/2023\/05\/logo-booksfrommexico.svg","contentUrl":"https:\/\/booksfrommexico.com\/app\/uploads\/2023\/05\/logo-booksfrommexico.svg","width":86,"height":56,"caption":"Books From Mexico"},"image":{"@id":"https:\/\/booksfrommexico.com\/#\/schema\/logo\/image\/"}}]}},"_links":{"self":[{"href":"https:\/\/booksfrommexico.com\/es\/wp-json\/wp\/v2\/product\/6448","targetHints":{"allow":["GET"]}}],"collection":[{"href":"https:\/\/booksfrommexico.com\/es\/wp-json\/wp\/v2\/product"}],"about":[{"href":"https:\/\/booksfrommexico.com\/es\/wp-json\/wp\/v2\/types\/product"}],"wp:featuredmedia":[{"embeddable":true,"href":"https:\/\/booksfrommexico.com\/es\/wp-json\/wp\/v2\/media\/6529"}],"wp:attachment":[{"href":"https:\/\/booksfrommexico.com\/es\/wp-json\/wp\/v2\/media?parent=6448"}],"wp:term":[{"taxonomy":"product_brand","embeddable":true,"href":"https:\/\/booksfrommexico.com\/es\/wp-json\/wp\/v2\/product_brand?post=6448"},{"taxonomy":"product_cat","embeddable":true,"href":"https:\/\/booksfrommexico.com\/es\/wp-json\/wp\/v2\/product_cat?post=6448"},{"taxonomy":"product_tag","embeddable":true,"href":"https:\/\/booksfrommexico.com\/es\/wp-json\/wp\/v2\/product_tag?post=6448"}],"curies":[{"name":"wp","href":"https:\/\/api.w.org\/{rel}","templated":true}]}}