{"id":646,"date":"2023-05-08T17:05:02","date_gmt":"2023-05-08T17:05:02","guid":{"rendered":"http:\/\/booksfrommexico.com\/product\/tecpan-historia-de-un-pueblo-heroico\/"},"modified":"2024-07-23T23:52:22","modified_gmt":"2024-07-23T23:52:22","slug":"tecpan-historia-de-un-pueblo-heroico","status":"publish","type":"product","link":"https:\/\/booksfrommexico.com\/es\/producto\/tecpan-historia-de-un-pueblo-heroico\/","title":{"rendered":"Tecpan: Historia de un pueblo heroico"},"content":{"rendered":"<p><span style=\"font-weight: 400;\">Uno de los aspectos importantes que contestan las interrogantes culturales que caracterizan a una comunidad, es su memoria hist\u00f3rica: qui\u00e9nes son, de d\u00f3nde vienen, a d\u00f3nde van. Una memoria hist\u00f3rica de este tipo debe englobar el contexto en que la comunidad se ha desarrollado y que ha sido decisivo para su transformaci\u00f3n. En \u00e9se sentido, incluyendo los procesos y las vicisitudes por las que ha atravesado el municipio de Tecpan, esta investigaci\u00f3n pretende que se identifique y se conteste a las interrogantes culturales planteadas. Para ello, se ofrece un marco geogr\u00e1fico, un marco hist\u00f3rico, un marco social, as\u00ed como un recorrido por sus tradiciones, artesan\u00edas y gastronom\u00eda.<\/span><\/p>\n","protected":false},"excerpt":{"rendered":"<p>TECPAN : HISTORIA DE UN PUEBLO HEROICO<span style=\"font-weight: 400;\">. \/ Ram\u00f3n Sierra L\u00f3pez. Chilpancingo, Guerrero, M\u00e9xico : Congreso del Estado de Guerrero , Instituto de Estudios Parlamentarios Eduardo Neri , Heroico Ayuntamiento Constitucional Municipio de Tecpan de Galeana, Guerrero, 2004. 561 pages : includes photos, maps, tables, references, bibliographic references, bibliography ; 23 cm.<\/span><\/p>\n","protected":false},"featured_media":645,"template":"","meta":{"_acf_changed":false,"inline_featured_image":false},"product_brand":[],"product_cat":[112,117,27],"product_tag":[3924,4398,4481],"class_list":{"0":"post-646","1":"product","2":"type-product","3":"status-publish","4":"has-post-thumbnail","6":"product_cat-contemporanea-historia","7":"product_cat-etnoantropolgia","8":"product_cat-historia","9":"product_tag-guerrero-mexico","10":"product_tag-historia-mexico","11":"product_tag-tradicion-y-costumbres","13":"first","14":"instock","15":"taxable","16":"shipping-taxable","17":"purchasable","18":"product-type-simple"},"acf":[],"yoast_head":"<!-- This site is optimized with the Yoast SEO plugin v27.3 - https:\/\/yoast.com\/product\/yoast-seo-wordpress\/ -->\n<title>Tecpan: Historia de un pueblo heroico<\/title>\n<meta name=\"description\" content=\"TECPAN : HISTORIA DE UN PUEBLO HEROICO. \/ Ram\u00f3n Sierra L\u00f3pez. Congreso del Estado de Guerrero , Instituto de Estudios Parlamentarios Eduardo Neri. 2004.\" \/>\n<meta name=\"robots\" content=\"index, follow, max-snippet:-1, max-image-preview:large, max-video-preview:-1\" \/>\n<link rel=\"canonical\" href=\"https:\/\/booksfrommexico.com\/es\/producto\/tecpan-historia-de-un-pueblo-heroico\/\" \/>\n<meta property=\"og:locale\" content=\"es_ES\" \/>\n<meta property=\"og:type\" content=\"article\" \/>\n<meta property=\"og:title\" content=\"Tecpan: Historia de un pueblo heroico\" \/>\n<meta property=\"og:description\" content=\"TECPAN : HISTORIA DE UN PUEBLO HEROICO. \/ Ram\u00f3n Sierra L\u00f3pez. Congreso del Estado de Guerrero , Instituto de Estudios Parlamentarios Eduardo Neri. 2004.\" \/>\n<meta property=\"og:url\" content=\"https:\/\/booksfrommexico.com\/es\/producto\/tecpan-historia-de-un-pueblo-heroico\/\" \/>\n<meta property=\"og:site_name\" content=\"Books From Mexico\" \/>\n<meta property=\"article:modified_time\" content=\"2024-07-23T23:52:22+00:00\" \/>\n<meta property=\"og:image\" content=\"http:\/\/booksfrommexico.com\/app\/uploads\/2023\/05\/130042.jpeg\" \/>\n\t<meta property=\"og:image:width\" content=\"484\" \/>\n\t<meta property=\"og:image:height\" content=\"657\" \/>\n\t<meta property=\"og:image:type\" content=\"image\/jpeg\" \/>\n<meta name=\"twitter:card\" content=\"summary_large_image\" \/>\n<meta name=\"twitter:label1\" content=\"Tiempo de lectura\" \/>\n\t<meta name=\"twitter:data1\" content=\"1 minuto\" \/>\n<script type=\"application\/ld+json\" class=\"yoast-schema-graph\">{\"@context\":\"https:\\\/\\\/schema.org\",\"@graph\":[{\"@type\":\"WebPage\",\"@id\":\"https:\\\/\\\/booksfrommexico.com\\\/es\\\/producto\\\/tecpan-historia-de-un-pueblo-heroico\\\/\",\"url\":\"https:\\\/\\\/booksfrommexico.com\\\/es\\\/producto\\\/tecpan-historia-de-un-pueblo-heroico\\\/\",\"name\":\"Tecpan: Historia de un pueblo heroico\",\"isPartOf\":{\"@id\":\"https:\\\/\\\/booksfrommexico.com\\\/#website\"},\"primaryImageOfPage\":{\"@id\":\"https:\\\/\\\/booksfrommexico.com\\\/es\\\/producto\\\/tecpan-historia-de-un-pueblo-heroico\\\/#primaryimage\"},\"image\":{\"@id\":\"https:\\\/\\\/booksfrommexico.com\\\/es\\\/producto\\\/tecpan-historia-de-un-pueblo-heroico\\\/#primaryimage\"},\"thumbnailUrl\":\"https:\\\/\\\/booksfrommexico.com\\\/app\\\/uploads\\\/2023\\\/05\\\/130042.jpeg\",\"datePublished\":\"2023-05-08T17:05:02+00:00\",\"dateModified\":\"2024-07-23T23:52:22+00:00\",\"description\":\"TECPAN : HISTORIA DE UN PUEBLO HEROICO. \\\/ Ram\u00f3n Sierra L\u00f3pez. Congreso del Estado de Guerrero , Instituto de Estudios Parlamentarios Eduardo Neri. 2004.\",\"breadcrumb\":{\"@id\":\"https:\\\/\\\/booksfrommexico.com\\\/es\\\/producto\\\/tecpan-historia-de-un-pueblo-heroico\\\/#breadcrumb\"},\"inLanguage\":\"es\",\"potentialAction\":[{\"@type\":\"ReadAction\",\"target\":[\"https:\\\/\\\/booksfrommexico.com\\\/es\\\/producto\\\/tecpan-historia-de-un-pueblo-heroico\\\/\"]}]},{\"@type\":\"ImageObject\",\"inLanguage\":\"es\",\"@id\":\"https:\\\/\\\/booksfrommexico.com\\\/es\\\/producto\\\/tecpan-historia-de-un-pueblo-heroico\\\/#primaryimage\",\"url\":\"https:\\\/\\\/booksfrommexico.com\\\/app\\\/uploads\\\/2023\\\/05\\\/130042.jpeg\",\"contentUrl\":\"https:\\\/\\\/booksfrommexico.com\\\/app\\\/uploads\\\/2023\\\/05\\\/130042.jpeg\",\"width\":484,\"height\":657},{\"@type\":\"BreadcrumbList\",\"@id\":\"https:\\\/\\\/booksfrommexico.com\\\/es\\\/producto\\\/tecpan-historia-de-un-pueblo-heroico\\\/#breadcrumb\",\"itemListElement\":[{\"@type\":\"ListItem\",\"position\":1,\"name\":\"Home\",\"item\":\"https:\\\/\\\/booksfrommexico.com\\\/es\\\/\"},{\"@type\":\"ListItem\",\"position\":2,\"name\":\"Libros\",\"item\":\"https:\\\/\\\/booksfrommexico.com\\\/es\\\/libros\\\/\"},{\"@type\":\"ListItem\",\"position\":3,\"name\":\"Tecpan: Historia de un pueblo heroico\"}]},{\"@type\":\"WebSite\",\"@id\":\"https:\\\/\\\/booksfrommexico.com\\\/#website\",\"url\":\"https:\\\/\\\/booksfrommexico.com\\\/\",\"name\":\"Books From Mexico\",\"description\":\"\",\"publisher\":{\"@id\":\"https:\\\/\\\/booksfrommexico.com\\\/#organization\"},\"potentialAction\":[{\"@type\":\"SearchAction\",\"target\":{\"@type\":\"EntryPoint\",\"urlTemplate\":\"https:\\\/\\\/booksfrommexico.com\\\/?s={search_term_string}\"},\"query-input\":{\"@type\":\"PropertyValueSpecification\",\"valueRequired\":true,\"valueName\":\"search_term_string\"}}],\"inLanguage\":\"es\"},{\"@type\":\"Organization\",\"@id\":\"https:\\\/\\\/booksfrommexico.com\\\/#organization\",\"name\":\"Books From Mexico\",\"url\":\"https:\\\/\\\/booksfrommexico.com\\\/\",\"logo\":{\"@type\":\"ImageObject\",\"inLanguage\":\"es\",\"@id\":\"https:\\\/\\\/booksfrommexico.com\\\/#\\\/schema\\\/logo\\\/image\\\/\",\"url\":\"https:\\\/\\\/booksfrommexico.com\\\/app\\\/uploads\\\/2023\\\/05\\\/logo-booksfrommexico.svg\",\"contentUrl\":\"https:\\\/\\\/booksfrommexico.com\\\/app\\\/uploads\\\/2023\\\/05\\\/logo-booksfrommexico.svg\",\"width\":86,\"height\":56,\"caption\":\"Books From Mexico\"},\"image\":{\"@id\":\"https:\\\/\\\/booksfrommexico.com\\\/#\\\/schema\\\/logo\\\/image\\\/\"}}]}<\/script>\n<!-- \/ Yoast SEO plugin. -->","yoast_head_json":{"title":"Tecpan: Historia de un pueblo heroico","description":"TECPAN : HISTORIA DE UN PUEBLO HEROICO. \/ Ram\u00f3n Sierra L\u00f3pez. Congreso del Estado de Guerrero , Instituto de Estudios Parlamentarios Eduardo Neri. 2004.","robots":{"index":"index","follow":"follow","max-snippet":"max-snippet:-1","max-image-preview":"max-image-preview:large","max-video-preview":"max-video-preview:-1"},"canonical":"https:\/\/booksfrommexico.com\/es\/producto\/tecpan-historia-de-un-pueblo-heroico\/","og_locale":"es_ES","og_type":"article","og_title":"Tecpan: Historia de un pueblo heroico","og_description":"TECPAN : HISTORIA DE UN PUEBLO HEROICO. \/ Ram\u00f3n Sierra L\u00f3pez. Congreso del Estado de Guerrero , Instituto de Estudios Parlamentarios Eduardo Neri. 2004.","og_url":"https:\/\/booksfrommexico.com\/es\/producto\/tecpan-historia-de-un-pueblo-heroico\/","og_site_name":"Books From Mexico","article_modified_time":"2024-07-23T23:52:22+00:00","og_image":[{"width":484,"height":657,"url":"http:\/\/booksfrommexico.com\/app\/uploads\/2023\/05\/130042.jpeg","type":"image\/jpeg"}],"twitter_card":"summary_large_image","twitter_misc":{"Tiempo de lectura":"1 minuto"},"schema":{"@context":"https:\/\/schema.org","@graph":[{"@type":"WebPage","@id":"https:\/\/booksfrommexico.com\/es\/producto\/tecpan-historia-de-un-pueblo-heroico\/","url":"https:\/\/booksfrommexico.com\/es\/producto\/tecpan-historia-de-un-pueblo-heroico\/","name":"Tecpan: Historia de un pueblo heroico","isPartOf":{"@id":"https:\/\/booksfrommexico.com\/#website"},"primaryImageOfPage":{"@id":"https:\/\/booksfrommexico.com\/es\/producto\/tecpan-historia-de-un-pueblo-heroico\/#primaryimage"},"image":{"@id":"https:\/\/booksfrommexico.com\/es\/producto\/tecpan-historia-de-un-pueblo-heroico\/#primaryimage"},"thumbnailUrl":"https:\/\/booksfrommexico.com\/app\/uploads\/2023\/05\/130042.jpeg","datePublished":"2023-05-08T17:05:02+00:00","dateModified":"2024-07-23T23:52:22+00:00","description":"TECPAN : HISTORIA DE UN PUEBLO HEROICO. \/ Ram\u00f3n Sierra L\u00f3pez. Congreso del Estado de Guerrero , Instituto de Estudios Parlamentarios Eduardo Neri. 2004.","breadcrumb":{"@id":"https:\/\/booksfrommexico.com\/es\/producto\/tecpan-historia-de-un-pueblo-heroico\/#breadcrumb"},"inLanguage":"es","potentialAction":[{"@type":"ReadAction","target":["https:\/\/booksfrommexico.com\/es\/producto\/tecpan-historia-de-un-pueblo-heroico\/"]}]},{"@type":"ImageObject","inLanguage":"es","@id":"https:\/\/booksfrommexico.com\/es\/producto\/tecpan-historia-de-un-pueblo-heroico\/#primaryimage","url":"https:\/\/booksfrommexico.com\/app\/uploads\/2023\/05\/130042.jpeg","contentUrl":"https:\/\/booksfrommexico.com\/app\/uploads\/2023\/05\/130042.jpeg","width":484,"height":657},{"@type":"BreadcrumbList","@id":"https:\/\/booksfrommexico.com\/es\/producto\/tecpan-historia-de-un-pueblo-heroico\/#breadcrumb","itemListElement":[{"@type":"ListItem","position":1,"name":"Home","item":"https:\/\/booksfrommexico.com\/es\/"},{"@type":"ListItem","position":2,"name":"Libros","item":"https:\/\/booksfrommexico.com\/es\/libros\/"},{"@type":"ListItem","position":3,"name":"Tecpan: Historia de un pueblo heroico"}]},{"@type":"WebSite","@id":"https:\/\/booksfrommexico.com\/#website","url":"https:\/\/booksfrommexico.com\/","name":"Books From Mexico","description":"","publisher":{"@id":"https:\/\/booksfrommexico.com\/#organization"},"potentialAction":[{"@type":"SearchAction","target":{"@type":"EntryPoint","urlTemplate":"https:\/\/booksfrommexico.com\/?s={search_term_string}"},"query-input":{"@type":"PropertyValueSpecification","valueRequired":true,"valueName":"search_term_string"}}],"inLanguage":"es"},{"@type":"Organization","@id":"https:\/\/booksfrommexico.com\/#organization","name":"Books From Mexico","url":"https:\/\/booksfrommexico.com\/","logo":{"@type":"ImageObject","inLanguage":"es","@id":"https:\/\/booksfrommexico.com\/#\/schema\/logo\/image\/","url":"https:\/\/booksfrommexico.com\/app\/uploads\/2023\/05\/logo-booksfrommexico.svg","contentUrl":"https:\/\/booksfrommexico.com\/app\/uploads\/2023\/05\/logo-booksfrommexico.svg","width":86,"height":56,"caption":"Books From Mexico"},"image":{"@id":"https:\/\/booksfrommexico.com\/#\/schema\/logo\/image\/"}}]}},"_links":{"self":[{"href":"https:\/\/booksfrommexico.com\/es\/wp-json\/wp\/v2\/product\/646","targetHints":{"allow":["GET"]}}],"collection":[{"href":"https:\/\/booksfrommexico.com\/es\/wp-json\/wp\/v2\/product"}],"about":[{"href":"https:\/\/booksfrommexico.com\/es\/wp-json\/wp\/v2\/types\/product"}],"wp:featuredmedia":[{"embeddable":true,"href":"https:\/\/booksfrommexico.com\/es\/wp-json\/wp\/v2\/media\/645"}],"wp:attachment":[{"href":"https:\/\/booksfrommexico.com\/es\/wp-json\/wp\/v2\/media?parent=646"}],"wp:term":[{"taxonomy":"product_brand","embeddable":true,"href":"https:\/\/booksfrommexico.com\/es\/wp-json\/wp\/v2\/product_brand?post=646"},{"taxonomy":"product_cat","embeddable":true,"href":"https:\/\/booksfrommexico.com\/es\/wp-json\/wp\/v2\/product_cat?post=646"},{"taxonomy":"product_tag","embeddable":true,"href":"https:\/\/booksfrommexico.com\/es\/wp-json\/wp\/v2\/product_tag?post=646"}],"curies":[{"name":"wp","href":"https:\/\/api.w.org\/{rel}","templated":true}]}}