{"id":6470,"date":"2024-05-27T16:41:47","date_gmt":"2024-05-27T16:41:47","guid":{"rendered":"https:\/\/booksfrommexico.com\/product\/adivinanzas-nahuas\/"},"modified":"2024-05-27T23:44:08","modified_gmt":"2024-05-27T23:44:08","slug":"adivinanzas-nahuas","status":"publish","type":"product","link":"https:\/\/booksfrommexico.com\/es\/producto\/adivinanzas-nahuas\/","title":{"rendered":"Sasaniltsin sasaniltsin!: Adivinanzas nahuas: Sasaniltsin sasaniltsin!: N\u00e1huatl Riddles"},"content":{"rendered":"<p><span style=\"font-weight: 400;\">En este libro se incluyen adivinanzas de origen muy antiguo, recopiladas en el siglo XVI por el fraile franciscano Fray Bernardino de Sahag\u00fan, comprendidas en el <\/span><i><span style=\"font-weight: 400;\">C\u00f3dice Florentino de Sahag\u00fan<\/span><\/i><span style=\"font-weight: 400;\">, que fue realizado por el fray y sus colaboradores nahuas. Las adivinanzas aqu\u00ed contenidas retratan el mundo de aquella \u00e9poca y tambi\u00e9n el actual de los nahuas del R\u00edo Balsas en el estado de Guerrero, resaltando la naturaleza, la vida cotidiana y las costumbres. Esta se trata de una obra completamente ilustrada, cada una de sus p\u00e1ginas se trata de una l\u00e1mina a color que procura retratar la comunidad. Es, adem\u00e1s, una edici\u00f3n multiling\u00fce n\u00e1huatl-espa\u00f1ol-ingl\u00e9s.<\/span><\/p>\n","protected":false},"excerpt":{"rendered":"<p>SASANILTSIN SASANILTSIN! : ADIVINANZAS NAHUAS : SASANILTSIN : N\u00c1HUATL RIDDLES<strong><span style=\"font-weight: 400;\">. \/\u00a0 Jos\u00e9 Antonio Flores Farf\u00e1n ; Cleofas Ram\u00edrez Celestino (illustrator) ; Adam Critchley (translator). Ciudad de M\u00e9xico, M\u00e9xico : Editorial Resistencia, 2023. 35 pages :includes\u00a0 color illustrations ; 21 cm. (Colecci\u00f3n Lenguas). ISBN : 9786078583515.<\/span><\/strong><\/p>\n","protected":false},"featured_media":6471,"template":"","meta":{"_acf_changed":false,"inline_featured_image":false},"product_brand":[],"product_cat":[169,3166],"product_tag":[4383,4060,3769],"class_list":{"0":"post-6470","1":"product","2":"type-product","3":"status-publish","4":"has-post-thumbnail","6":"product_cat-lengua-y-linguistica","7":"product_cat-lenguas-y-linguisticas-indigenas-lengua-y-linguistica","8":"product_tag-edicion-multilingue","9":"product_tag-lenguas-indigenas-es","10":"product_tag-obras-ilustradas","12":"first","13":"instock","14":"taxable","15":"shipping-taxable","16":"purchasable","17":"product-type-simple"},"acf":[],"yoast_head":"<!-- This site is optimized with the Yoast SEO plugin v27.3 - https:\/\/yoast.com\/product\/yoast-seo-wordpress\/ -->\n<title>Sasaniltsin sasaniltsin!: Adivinanzas nahuas: N\u00e1huatl Riddles<\/title>\n<meta name=\"description\" content=\"SASANILTSIN SASANILTSIN! : ADIVINANZAS NAHUAS : SASANILTSIN : N\u00c1HUATL RIDDLES. \/ Jos\u00e9 Antonio Flores Farf\u00e1n ; Cleofas Ram\u00edrez Celestino (illustrator).\" \/>\n<meta name=\"robots\" content=\"index, follow, max-snippet:-1, max-image-preview:large, max-video-preview:-1\" \/>\n<link rel=\"canonical\" href=\"https:\/\/booksfrommexico.com\/es\/producto\/adivinanzas-nahuas\/\" \/>\n<meta property=\"og:locale\" content=\"es_ES\" \/>\n<meta property=\"og:type\" content=\"article\" \/>\n<meta property=\"og:title\" content=\"Sasaniltsin sasaniltsin!: Adivinanzas nahuas: N\u00e1huatl Riddles\" \/>\n<meta property=\"og:description\" content=\"SASANILTSIN SASANILTSIN! : ADIVINANZAS NAHUAS : SASANILTSIN : N\u00c1HUATL RIDDLES. \/ Jos\u00e9 Antonio Flores Farf\u00e1n ; Cleofas Ram\u00edrez Celestino (illustrator).\" \/>\n<meta property=\"og:url\" content=\"https:\/\/booksfrommexico.com\/es\/producto\/adivinanzas-nahuas\/\" \/>\n<meta property=\"og:site_name\" content=\"Books From Mexico\" \/>\n<meta property=\"article:modified_time\" content=\"2024-05-27T23:44:08+00:00\" \/>\n<meta property=\"og:image\" content=\"http:\/\/booksfrommexico.com\/app\/uploads\/2024\/05\/201137.jpeg\" \/>\n\t<meta property=\"og:image:width\" content=\"608\" \/>\n\t<meta property=\"og:image:height\" content=\"607\" \/>\n\t<meta property=\"og:image:type\" content=\"image\/jpeg\" \/>\n<meta name=\"twitter:card\" content=\"summary_large_image\" \/>\n<meta name=\"twitter:label1\" content=\"Tiempo de lectura\" \/>\n\t<meta name=\"twitter:data1\" content=\"1 minuto\" \/>\n<script type=\"application\/ld+json\" class=\"yoast-schema-graph\">{\"@context\":\"https:\\\/\\\/schema.org\",\"@graph\":[{\"@type\":\"WebPage\",\"@id\":\"https:\\\/\\\/booksfrommexico.com\\\/es\\\/producto\\\/adivinanzas-nahuas\\\/\",\"url\":\"https:\\\/\\\/booksfrommexico.com\\\/es\\\/producto\\\/adivinanzas-nahuas\\\/\",\"name\":\"Sasaniltsin sasaniltsin!: Adivinanzas nahuas: N\u00e1huatl Riddles\",\"isPartOf\":{\"@id\":\"https:\\\/\\\/booksfrommexico.com\\\/#website\"},\"primaryImageOfPage\":{\"@id\":\"https:\\\/\\\/booksfrommexico.com\\\/es\\\/producto\\\/adivinanzas-nahuas\\\/#primaryimage\"},\"image\":{\"@id\":\"https:\\\/\\\/booksfrommexico.com\\\/es\\\/producto\\\/adivinanzas-nahuas\\\/#primaryimage\"},\"thumbnailUrl\":\"https:\\\/\\\/booksfrommexico.com\\\/app\\\/uploads\\\/2024\\\/05\\\/201137.jpeg\",\"datePublished\":\"2024-05-27T16:41:47+00:00\",\"dateModified\":\"2024-05-27T23:44:08+00:00\",\"description\":\"SASANILTSIN SASANILTSIN! : ADIVINANZAS NAHUAS : SASANILTSIN : N\u00c1HUATL RIDDLES. \\\/ Jos\u00e9 Antonio Flores Farf\u00e1n ; Cleofas Ram\u00edrez Celestino (illustrator).\",\"breadcrumb\":{\"@id\":\"https:\\\/\\\/booksfrommexico.com\\\/es\\\/producto\\\/adivinanzas-nahuas\\\/#breadcrumb\"},\"inLanguage\":\"es\",\"potentialAction\":[{\"@type\":\"ReadAction\",\"target\":[\"https:\\\/\\\/booksfrommexico.com\\\/es\\\/producto\\\/adivinanzas-nahuas\\\/\"]}]},{\"@type\":\"ImageObject\",\"inLanguage\":\"es\",\"@id\":\"https:\\\/\\\/booksfrommexico.com\\\/es\\\/producto\\\/adivinanzas-nahuas\\\/#primaryimage\",\"url\":\"https:\\\/\\\/booksfrommexico.com\\\/app\\\/uploads\\\/2024\\\/05\\\/201137.jpeg\",\"contentUrl\":\"https:\\\/\\\/booksfrommexico.com\\\/app\\\/uploads\\\/2024\\\/05\\\/201137.jpeg\",\"width\":608,\"height\":607,\"caption\":\"Adivinanzas Nahuas\"},{\"@type\":\"BreadcrumbList\",\"@id\":\"https:\\\/\\\/booksfrommexico.com\\\/es\\\/producto\\\/adivinanzas-nahuas\\\/#breadcrumb\",\"itemListElement\":[{\"@type\":\"ListItem\",\"position\":1,\"name\":\"Home\",\"item\":\"https:\\\/\\\/booksfrommexico.com\\\/es\\\/\"},{\"@type\":\"ListItem\",\"position\":2,\"name\":\"Libros\",\"item\":\"https:\\\/\\\/booksfrommexico.com\\\/es\\\/libros\\\/\"},{\"@type\":\"ListItem\",\"position\":3,\"name\":\"Sasaniltsin sasaniltsin!: Adivinanzas nahuas: Sasaniltsin sasaniltsin!: N\u00e1huatl Riddles\"}]},{\"@type\":\"WebSite\",\"@id\":\"https:\\\/\\\/booksfrommexico.com\\\/#website\",\"url\":\"https:\\\/\\\/booksfrommexico.com\\\/\",\"name\":\"Books From Mexico\",\"description\":\"\",\"publisher\":{\"@id\":\"https:\\\/\\\/booksfrommexico.com\\\/#organization\"},\"potentialAction\":[{\"@type\":\"SearchAction\",\"target\":{\"@type\":\"EntryPoint\",\"urlTemplate\":\"https:\\\/\\\/booksfrommexico.com\\\/?s={search_term_string}\"},\"query-input\":{\"@type\":\"PropertyValueSpecification\",\"valueRequired\":true,\"valueName\":\"search_term_string\"}}],\"inLanguage\":\"es\"},{\"@type\":\"Organization\",\"@id\":\"https:\\\/\\\/booksfrommexico.com\\\/#organization\",\"name\":\"Books From Mexico\",\"url\":\"https:\\\/\\\/booksfrommexico.com\\\/\",\"logo\":{\"@type\":\"ImageObject\",\"inLanguage\":\"es\",\"@id\":\"https:\\\/\\\/booksfrommexico.com\\\/#\\\/schema\\\/logo\\\/image\\\/\",\"url\":\"https:\\\/\\\/booksfrommexico.com\\\/app\\\/uploads\\\/2023\\\/05\\\/logo-booksfrommexico.svg\",\"contentUrl\":\"https:\\\/\\\/booksfrommexico.com\\\/app\\\/uploads\\\/2023\\\/05\\\/logo-booksfrommexico.svg\",\"width\":86,\"height\":56,\"caption\":\"Books From Mexico\"},\"image\":{\"@id\":\"https:\\\/\\\/booksfrommexico.com\\\/#\\\/schema\\\/logo\\\/image\\\/\"}}]}<\/script>\n<!-- \/ Yoast SEO plugin. -->","yoast_head_json":{"title":"Sasaniltsin sasaniltsin!: Adivinanzas nahuas: N\u00e1huatl Riddles","description":"SASANILTSIN SASANILTSIN! : ADIVINANZAS NAHUAS : SASANILTSIN : N\u00c1HUATL RIDDLES. \/ Jos\u00e9 Antonio Flores Farf\u00e1n ; Cleofas Ram\u00edrez Celestino (illustrator).","robots":{"index":"index","follow":"follow","max-snippet":"max-snippet:-1","max-image-preview":"max-image-preview:large","max-video-preview":"max-video-preview:-1"},"canonical":"https:\/\/booksfrommexico.com\/es\/producto\/adivinanzas-nahuas\/","og_locale":"es_ES","og_type":"article","og_title":"Sasaniltsin sasaniltsin!: Adivinanzas nahuas: N\u00e1huatl Riddles","og_description":"SASANILTSIN SASANILTSIN! : ADIVINANZAS NAHUAS : SASANILTSIN : N\u00c1HUATL RIDDLES. \/ Jos\u00e9 Antonio Flores Farf\u00e1n ; Cleofas Ram\u00edrez Celestino (illustrator).","og_url":"https:\/\/booksfrommexico.com\/es\/producto\/adivinanzas-nahuas\/","og_site_name":"Books From Mexico","article_modified_time":"2024-05-27T23:44:08+00:00","og_image":[{"width":608,"height":607,"url":"http:\/\/booksfrommexico.com\/app\/uploads\/2024\/05\/201137.jpeg","type":"image\/jpeg"}],"twitter_card":"summary_large_image","twitter_misc":{"Tiempo de lectura":"1 minuto"},"schema":{"@context":"https:\/\/schema.org","@graph":[{"@type":"WebPage","@id":"https:\/\/booksfrommexico.com\/es\/producto\/adivinanzas-nahuas\/","url":"https:\/\/booksfrommexico.com\/es\/producto\/adivinanzas-nahuas\/","name":"Sasaniltsin sasaniltsin!: Adivinanzas nahuas: N\u00e1huatl Riddles","isPartOf":{"@id":"https:\/\/booksfrommexico.com\/#website"},"primaryImageOfPage":{"@id":"https:\/\/booksfrommexico.com\/es\/producto\/adivinanzas-nahuas\/#primaryimage"},"image":{"@id":"https:\/\/booksfrommexico.com\/es\/producto\/adivinanzas-nahuas\/#primaryimage"},"thumbnailUrl":"https:\/\/booksfrommexico.com\/app\/uploads\/2024\/05\/201137.jpeg","datePublished":"2024-05-27T16:41:47+00:00","dateModified":"2024-05-27T23:44:08+00:00","description":"SASANILTSIN SASANILTSIN! : ADIVINANZAS NAHUAS : SASANILTSIN : N\u00c1HUATL RIDDLES. \/ Jos\u00e9 Antonio Flores Farf\u00e1n ; Cleofas Ram\u00edrez Celestino (illustrator).","breadcrumb":{"@id":"https:\/\/booksfrommexico.com\/es\/producto\/adivinanzas-nahuas\/#breadcrumb"},"inLanguage":"es","potentialAction":[{"@type":"ReadAction","target":["https:\/\/booksfrommexico.com\/es\/producto\/adivinanzas-nahuas\/"]}]},{"@type":"ImageObject","inLanguage":"es","@id":"https:\/\/booksfrommexico.com\/es\/producto\/adivinanzas-nahuas\/#primaryimage","url":"https:\/\/booksfrommexico.com\/app\/uploads\/2024\/05\/201137.jpeg","contentUrl":"https:\/\/booksfrommexico.com\/app\/uploads\/2024\/05\/201137.jpeg","width":608,"height":607,"caption":"Adivinanzas Nahuas"},{"@type":"BreadcrumbList","@id":"https:\/\/booksfrommexico.com\/es\/producto\/adivinanzas-nahuas\/#breadcrumb","itemListElement":[{"@type":"ListItem","position":1,"name":"Home","item":"https:\/\/booksfrommexico.com\/es\/"},{"@type":"ListItem","position":2,"name":"Libros","item":"https:\/\/booksfrommexico.com\/es\/libros\/"},{"@type":"ListItem","position":3,"name":"Sasaniltsin sasaniltsin!: Adivinanzas nahuas: Sasaniltsin sasaniltsin!: N\u00e1huatl Riddles"}]},{"@type":"WebSite","@id":"https:\/\/booksfrommexico.com\/#website","url":"https:\/\/booksfrommexico.com\/","name":"Books From Mexico","description":"","publisher":{"@id":"https:\/\/booksfrommexico.com\/#organization"},"potentialAction":[{"@type":"SearchAction","target":{"@type":"EntryPoint","urlTemplate":"https:\/\/booksfrommexico.com\/?s={search_term_string}"},"query-input":{"@type":"PropertyValueSpecification","valueRequired":true,"valueName":"search_term_string"}}],"inLanguage":"es"},{"@type":"Organization","@id":"https:\/\/booksfrommexico.com\/#organization","name":"Books From Mexico","url":"https:\/\/booksfrommexico.com\/","logo":{"@type":"ImageObject","inLanguage":"es","@id":"https:\/\/booksfrommexico.com\/#\/schema\/logo\/image\/","url":"https:\/\/booksfrommexico.com\/app\/uploads\/2023\/05\/logo-booksfrommexico.svg","contentUrl":"https:\/\/booksfrommexico.com\/app\/uploads\/2023\/05\/logo-booksfrommexico.svg","width":86,"height":56,"caption":"Books From Mexico"},"image":{"@id":"https:\/\/booksfrommexico.com\/#\/schema\/logo\/image\/"}}]}},"_links":{"self":[{"href":"https:\/\/booksfrommexico.com\/es\/wp-json\/wp\/v2\/product\/6470","targetHints":{"allow":["GET"]}}],"collection":[{"href":"https:\/\/booksfrommexico.com\/es\/wp-json\/wp\/v2\/product"}],"about":[{"href":"https:\/\/booksfrommexico.com\/es\/wp-json\/wp\/v2\/types\/product"}],"wp:featuredmedia":[{"embeddable":true,"href":"https:\/\/booksfrommexico.com\/es\/wp-json\/wp\/v2\/media\/6471"}],"wp:attachment":[{"href":"https:\/\/booksfrommexico.com\/es\/wp-json\/wp\/v2\/media?parent=6470"}],"wp:term":[{"taxonomy":"product_brand","embeddable":true,"href":"https:\/\/booksfrommexico.com\/es\/wp-json\/wp\/v2\/product_brand?post=6470"},{"taxonomy":"product_cat","embeddable":true,"href":"https:\/\/booksfrommexico.com\/es\/wp-json\/wp\/v2\/product_cat?post=6470"},{"taxonomy":"product_tag","embeddable":true,"href":"https:\/\/booksfrommexico.com\/es\/wp-json\/wp\/v2\/product_tag?post=6470"}],"curies":[{"name":"wp","href":"https:\/\/api.w.org\/{rel}","templated":true}]}}