{"id":648,"date":"2023-05-08T17:05:04","date_gmt":"2023-05-08T17:05:04","guid":{"rendered":"http:\/\/booksfrommexico.com\/product\/memoria-y-recuerdo-de-las-cosas-y-sucesos-que-acontecieron-en-huamuxtitlan-guerrero\/"},"modified":"2024-11-21T22:42:30","modified_gmt":"2024-11-21T22:42:30","slug":"memoria-y-recuerdo-de-las-cosas-y-sucesos-que-acontecieron-en-huamuxtitlan-guerrero","status":"publish","type":"product","link":"https:\/\/booksfrommexico.com\/es\/producto\/memoria-y-recuerdo-de-las-cosas-y-sucesos-que-acontecieron-en-huamuxtitlan-guerrero\/","title":{"rendered":"Memoria y recuerdo de las cosas y sucesos que acontecieron en Huamuxtitl\u00e1n, Guerrero"},"content":{"rendered":"<p><span style=\"font-weight: 400;\">Este t\u00edtulo es el ejemplo del tipo de trabajo que vincula una fundamentada posici\u00f3n acad\u00e9mica, que deviene en una aportaci\u00f3n cultural de utilidad para los guerrerenses en general y los habitantes de Huamuxtitl\u00e1n en particular. Esta obra funciona como legado hist\u00f3rico y tiene como prop\u00f3sito responder a qu\u00e9 es y qu\u00e9 ha sido Huamuxtitl\u00e1n, tanto para sus habitantes como para el mundo. Aqu\u00ed se habla de la arqueolog\u00eda, los pobladores originarios, la colonizaci\u00f3n, la insurrecci\u00f3n del estado de Guerrero, la cultura, tradiciones y costumbres, el contenido del c\u00f3dice de Huamuxtitl\u00e1n; as\u00ed como se incluye una reproducci\u00f3n a color del c\u00f3dice.<\/span><\/p>\n","protected":false},"excerpt":{"rendered":"<p>MEMORIA Y RECUERDO DE LAS COSAS Y SUCESOS QUE ACONTECIERON EN HUAMUXTITL\u00c1N, GUERRERO<span style=\"font-weight: 400;\">. \/ Mario O. Mart\u00ednez Rescalvo (coordinator). Chilpancingo, Guerrero, M\u00e9xico : Universidad Aut\u00f3noma de Guerrero ; Public\u00edstica, Corp ; Heroico Ayuntamiento Municipal de Huamuxtitl\u00e1n, Guerrero, 2004. 366 pages : includes photos, tables, references, bibliographic references, bibliography at the end of each chapter, semblances, codex at the outside of the book ; 23 cm. ISBN : 970980300X.<\/span><\/p>\n","protected":false},"featured_media":647,"template":"","meta":{"_acf_changed":false,"inline_featured_image":false},"product_brand":[],"product_cat":[19,4350,27],"product_tag":[3924,4398,3608],"class_list":{"0":"post-648","1":"product","2":"type-product","3":"status-publish","4":"has-post-thumbnail","6":"product_cat-antropologia","7":"product_cat-etnohistoria","8":"product_cat-historia","9":"product_tag-guerrero-mexico","10":"product_tag-historia-mexico","11":"product_tag-vida-social-y-costumbres","13":"first","14":"instock","15":"taxable","16":"shipping-taxable","17":"purchasable","18":"product-type-simple"},"acf":[],"yoast_head":"<!-- This site is optimized with the Yoast SEO plugin v27.3 - https:\/\/yoast.com\/product\/yoast-seo-wordpress\/ -->\n<title>Memoria y recuerdo de las cosas y sucesos que acontecieron en...<\/title>\n<meta name=\"description\" content=\"MEMORIA Y RECUERDO DE LAS COSAS Y SUCESOS QUE ACONTECIERON EN HUAMUXTITL\u00c1N, GUERRERO. \/ Mario O. Mart\u00ednez Rescalvo (coordinator). 2004.\" \/>\n<meta name=\"robots\" content=\"index, follow, max-snippet:-1, max-image-preview:large, max-video-preview:-1\" \/>\n<link rel=\"canonical\" href=\"https:\/\/booksfrommexico.com\/es\/producto\/memoria-y-recuerdo-de-las-cosas-y-sucesos-que-acontecieron-en-huamuxtitlan-guerrero\/\" \/>\n<meta property=\"og:locale\" content=\"es_ES\" \/>\n<meta property=\"og:type\" content=\"article\" \/>\n<meta property=\"og:title\" content=\"Memoria y recuerdo de las cosas y sucesos que acontecieron en...\" \/>\n<meta property=\"og:description\" content=\"MEMORIA Y RECUERDO DE LAS COSAS Y SUCESOS QUE ACONTECIERON EN HUAMUXTITL\u00c1N, GUERRERO. \/ Mario O. Mart\u00ednez Rescalvo (coordinator). 2004.\" \/>\n<meta property=\"og:url\" content=\"https:\/\/booksfrommexico.com\/es\/producto\/memoria-y-recuerdo-de-las-cosas-y-sucesos-que-acontecieron-en-huamuxtitlan-guerrero\/\" \/>\n<meta property=\"og:site_name\" content=\"Books From Mexico\" \/>\n<meta property=\"article:modified_time\" content=\"2024-11-21T22:42:30+00:00\" \/>\n<meta property=\"og:image\" content=\"http:\/\/booksfrommexico.com\/app\/uploads\/2023\/05\/130039.jpeg\" \/>\n\t<meta property=\"og:image:width\" content=\"484\" \/>\n\t<meta property=\"og:image:height\" content=\"657\" \/>\n\t<meta property=\"og:image:type\" content=\"image\/jpeg\" \/>\n<meta name=\"twitter:card\" content=\"summary_large_image\" \/>\n<meta name=\"twitter:label1\" content=\"Tiempo de lectura\" \/>\n\t<meta name=\"twitter:data1\" content=\"1 minuto\" \/>\n<script type=\"application\/ld+json\" class=\"yoast-schema-graph\">{\"@context\":\"https:\\\/\\\/schema.org\",\"@graph\":[{\"@type\":\"WebPage\",\"@id\":\"https:\\\/\\\/booksfrommexico.com\\\/es\\\/producto\\\/memoria-y-recuerdo-de-las-cosas-y-sucesos-que-acontecieron-en-huamuxtitlan-guerrero\\\/\",\"url\":\"https:\\\/\\\/booksfrommexico.com\\\/es\\\/producto\\\/memoria-y-recuerdo-de-las-cosas-y-sucesos-que-acontecieron-en-huamuxtitlan-guerrero\\\/\",\"name\":\"Memoria y recuerdo de las cosas y sucesos que acontecieron en...\",\"isPartOf\":{\"@id\":\"https:\\\/\\\/booksfrommexico.com\\\/#website\"},\"primaryImageOfPage\":{\"@id\":\"https:\\\/\\\/booksfrommexico.com\\\/es\\\/producto\\\/memoria-y-recuerdo-de-las-cosas-y-sucesos-que-acontecieron-en-huamuxtitlan-guerrero\\\/#primaryimage\"},\"image\":{\"@id\":\"https:\\\/\\\/booksfrommexico.com\\\/es\\\/producto\\\/memoria-y-recuerdo-de-las-cosas-y-sucesos-que-acontecieron-en-huamuxtitlan-guerrero\\\/#primaryimage\"},\"thumbnailUrl\":\"https:\\\/\\\/booksfrommexico.com\\\/app\\\/uploads\\\/2023\\\/05\\\/130039.jpeg\",\"datePublished\":\"2023-05-08T17:05:04+00:00\",\"dateModified\":\"2024-11-21T22:42:30+00:00\",\"description\":\"MEMORIA Y RECUERDO DE LAS COSAS Y SUCESOS QUE ACONTECIERON EN HUAMUXTITL\u00c1N, GUERRERO. \\\/ Mario O. Mart\u00ednez Rescalvo (coordinator). 2004.\",\"breadcrumb\":{\"@id\":\"https:\\\/\\\/booksfrommexico.com\\\/es\\\/producto\\\/memoria-y-recuerdo-de-las-cosas-y-sucesos-que-acontecieron-en-huamuxtitlan-guerrero\\\/#breadcrumb\"},\"inLanguage\":\"es\",\"potentialAction\":[{\"@type\":\"ReadAction\",\"target\":[\"https:\\\/\\\/booksfrommexico.com\\\/es\\\/producto\\\/memoria-y-recuerdo-de-las-cosas-y-sucesos-que-acontecieron-en-huamuxtitlan-guerrero\\\/\"]}]},{\"@type\":\"ImageObject\",\"inLanguage\":\"es\",\"@id\":\"https:\\\/\\\/booksfrommexico.com\\\/es\\\/producto\\\/memoria-y-recuerdo-de-las-cosas-y-sucesos-que-acontecieron-en-huamuxtitlan-guerrero\\\/#primaryimage\",\"url\":\"https:\\\/\\\/booksfrommexico.com\\\/app\\\/uploads\\\/2023\\\/05\\\/130039.jpeg\",\"contentUrl\":\"https:\\\/\\\/booksfrommexico.com\\\/app\\\/uploads\\\/2023\\\/05\\\/130039.jpeg\",\"width\":484,\"height\":657},{\"@type\":\"BreadcrumbList\",\"@id\":\"https:\\\/\\\/booksfrommexico.com\\\/es\\\/producto\\\/memoria-y-recuerdo-de-las-cosas-y-sucesos-que-acontecieron-en-huamuxtitlan-guerrero\\\/#breadcrumb\",\"itemListElement\":[{\"@type\":\"ListItem\",\"position\":1,\"name\":\"Home\",\"item\":\"https:\\\/\\\/booksfrommexico.com\\\/es\\\/\"},{\"@type\":\"ListItem\",\"position\":2,\"name\":\"Libros\",\"item\":\"https:\\\/\\\/booksfrommexico.com\\\/es\\\/libros\\\/\"},{\"@type\":\"ListItem\",\"position\":3,\"name\":\"Memoria y recuerdo de las cosas y sucesos que acontecieron en Huamuxtitl\u00e1n, Guerrero\"}]},{\"@type\":\"WebSite\",\"@id\":\"https:\\\/\\\/booksfrommexico.com\\\/#website\",\"url\":\"https:\\\/\\\/booksfrommexico.com\\\/\",\"name\":\"Books From Mexico\",\"description\":\"\",\"publisher\":{\"@id\":\"https:\\\/\\\/booksfrommexico.com\\\/#organization\"},\"potentialAction\":[{\"@type\":\"SearchAction\",\"target\":{\"@type\":\"EntryPoint\",\"urlTemplate\":\"https:\\\/\\\/booksfrommexico.com\\\/?s={search_term_string}\"},\"query-input\":{\"@type\":\"PropertyValueSpecification\",\"valueRequired\":true,\"valueName\":\"search_term_string\"}}],\"inLanguage\":\"es\"},{\"@type\":\"Organization\",\"@id\":\"https:\\\/\\\/booksfrommexico.com\\\/#organization\",\"name\":\"Books From Mexico\",\"url\":\"https:\\\/\\\/booksfrommexico.com\\\/\",\"logo\":{\"@type\":\"ImageObject\",\"inLanguage\":\"es\",\"@id\":\"https:\\\/\\\/booksfrommexico.com\\\/#\\\/schema\\\/logo\\\/image\\\/\",\"url\":\"https:\\\/\\\/booksfrommexico.com\\\/app\\\/uploads\\\/2023\\\/05\\\/logo-booksfrommexico.svg\",\"contentUrl\":\"https:\\\/\\\/booksfrommexico.com\\\/app\\\/uploads\\\/2023\\\/05\\\/logo-booksfrommexico.svg\",\"width\":86,\"height\":56,\"caption\":\"Books From Mexico\"},\"image\":{\"@id\":\"https:\\\/\\\/booksfrommexico.com\\\/#\\\/schema\\\/logo\\\/image\\\/\"}}]}<\/script>\n<!-- \/ Yoast SEO plugin. -->","yoast_head_json":{"title":"Memoria y recuerdo de las cosas y sucesos que acontecieron en...","description":"MEMORIA Y RECUERDO DE LAS COSAS Y SUCESOS QUE ACONTECIERON EN HUAMUXTITL\u00c1N, GUERRERO. \/ Mario O. Mart\u00ednez Rescalvo (coordinator). 2004.","robots":{"index":"index","follow":"follow","max-snippet":"max-snippet:-1","max-image-preview":"max-image-preview:large","max-video-preview":"max-video-preview:-1"},"canonical":"https:\/\/booksfrommexico.com\/es\/producto\/memoria-y-recuerdo-de-las-cosas-y-sucesos-que-acontecieron-en-huamuxtitlan-guerrero\/","og_locale":"es_ES","og_type":"article","og_title":"Memoria y recuerdo de las cosas y sucesos que acontecieron en...","og_description":"MEMORIA Y RECUERDO DE LAS COSAS Y SUCESOS QUE ACONTECIERON EN HUAMUXTITL\u00c1N, GUERRERO. \/ Mario O. Mart\u00ednez Rescalvo (coordinator). 2004.","og_url":"https:\/\/booksfrommexico.com\/es\/producto\/memoria-y-recuerdo-de-las-cosas-y-sucesos-que-acontecieron-en-huamuxtitlan-guerrero\/","og_site_name":"Books From Mexico","article_modified_time":"2024-11-21T22:42:30+00:00","og_image":[{"width":484,"height":657,"url":"http:\/\/booksfrommexico.com\/app\/uploads\/2023\/05\/130039.jpeg","type":"image\/jpeg"}],"twitter_card":"summary_large_image","twitter_misc":{"Tiempo de lectura":"1 minuto"},"schema":{"@context":"https:\/\/schema.org","@graph":[{"@type":"WebPage","@id":"https:\/\/booksfrommexico.com\/es\/producto\/memoria-y-recuerdo-de-las-cosas-y-sucesos-que-acontecieron-en-huamuxtitlan-guerrero\/","url":"https:\/\/booksfrommexico.com\/es\/producto\/memoria-y-recuerdo-de-las-cosas-y-sucesos-que-acontecieron-en-huamuxtitlan-guerrero\/","name":"Memoria y recuerdo de las cosas y sucesos que acontecieron en...","isPartOf":{"@id":"https:\/\/booksfrommexico.com\/#website"},"primaryImageOfPage":{"@id":"https:\/\/booksfrommexico.com\/es\/producto\/memoria-y-recuerdo-de-las-cosas-y-sucesos-que-acontecieron-en-huamuxtitlan-guerrero\/#primaryimage"},"image":{"@id":"https:\/\/booksfrommexico.com\/es\/producto\/memoria-y-recuerdo-de-las-cosas-y-sucesos-que-acontecieron-en-huamuxtitlan-guerrero\/#primaryimage"},"thumbnailUrl":"https:\/\/booksfrommexico.com\/app\/uploads\/2023\/05\/130039.jpeg","datePublished":"2023-05-08T17:05:04+00:00","dateModified":"2024-11-21T22:42:30+00:00","description":"MEMORIA Y RECUERDO DE LAS COSAS Y SUCESOS QUE ACONTECIERON EN HUAMUXTITL\u00c1N, GUERRERO. \/ Mario O. Mart\u00ednez Rescalvo (coordinator). 2004.","breadcrumb":{"@id":"https:\/\/booksfrommexico.com\/es\/producto\/memoria-y-recuerdo-de-las-cosas-y-sucesos-que-acontecieron-en-huamuxtitlan-guerrero\/#breadcrumb"},"inLanguage":"es","potentialAction":[{"@type":"ReadAction","target":["https:\/\/booksfrommexico.com\/es\/producto\/memoria-y-recuerdo-de-las-cosas-y-sucesos-que-acontecieron-en-huamuxtitlan-guerrero\/"]}]},{"@type":"ImageObject","inLanguage":"es","@id":"https:\/\/booksfrommexico.com\/es\/producto\/memoria-y-recuerdo-de-las-cosas-y-sucesos-que-acontecieron-en-huamuxtitlan-guerrero\/#primaryimage","url":"https:\/\/booksfrommexico.com\/app\/uploads\/2023\/05\/130039.jpeg","contentUrl":"https:\/\/booksfrommexico.com\/app\/uploads\/2023\/05\/130039.jpeg","width":484,"height":657},{"@type":"BreadcrumbList","@id":"https:\/\/booksfrommexico.com\/es\/producto\/memoria-y-recuerdo-de-las-cosas-y-sucesos-que-acontecieron-en-huamuxtitlan-guerrero\/#breadcrumb","itemListElement":[{"@type":"ListItem","position":1,"name":"Home","item":"https:\/\/booksfrommexico.com\/es\/"},{"@type":"ListItem","position":2,"name":"Libros","item":"https:\/\/booksfrommexico.com\/es\/libros\/"},{"@type":"ListItem","position":3,"name":"Memoria y recuerdo de las cosas y sucesos que acontecieron en Huamuxtitl\u00e1n, Guerrero"}]},{"@type":"WebSite","@id":"https:\/\/booksfrommexico.com\/#website","url":"https:\/\/booksfrommexico.com\/","name":"Books From Mexico","description":"","publisher":{"@id":"https:\/\/booksfrommexico.com\/#organization"},"potentialAction":[{"@type":"SearchAction","target":{"@type":"EntryPoint","urlTemplate":"https:\/\/booksfrommexico.com\/?s={search_term_string}"},"query-input":{"@type":"PropertyValueSpecification","valueRequired":true,"valueName":"search_term_string"}}],"inLanguage":"es"},{"@type":"Organization","@id":"https:\/\/booksfrommexico.com\/#organization","name":"Books From Mexico","url":"https:\/\/booksfrommexico.com\/","logo":{"@type":"ImageObject","inLanguage":"es","@id":"https:\/\/booksfrommexico.com\/#\/schema\/logo\/image\/","url":"https:\/\/booksfrommexico.com\/app\/uploads\/2023\/05\/logo-booksfrommexico.svg","contentUrl":"https:\/\/booksfrommexico.com\/app\/uploads\/2023\/05\/logo-booksfrommexico.svg","width":86,"height":56,"caption":"Books From Mexico"},"image":{"@id":"https:\/\/booksfrommexico.com\/#\/schema\/logo\/image\/"}}]}},"_links":{"self":[{"href":"https:\/\/booksfrommexico.com\/es\/wp-json\/wp\/v2\/product\/648","targetHints":{"allow":["GET"]}}],"collection":[{"href":"https:\/\/booksfrommexico.com\/es\/wp-json\/wp\/v2\/product"}],"about":[{"href":"https:\/\/booksfrommexico.com\/es\/wp-json\/wp\/v2\/types\/product"}],"wp:featuredmedia":[{"embeddable":true,"href":"https:\/\/booksfrommexico.com\/es\/wp-json\/wp\/v2\/media\/647"}],"wp:attachment":[{"href":"https:\/\/booksfrommexico.com\/es\/wp-json\/wp\/v2\/media?parent=648"}],"wp:term":[{"taxonomy":"product_brand","embeddable":true,"href":"https:\/\/booksfrommexico.com\/es\/wp-json\/wp\/v2\/product_brand?post=648"},{"taxonomy":"product_cat","embeddable":true,"href":"https:\/\/booksfrommexico.com\/es\/wp-json\/wp\/v2\/product_cat?post=648"},{"taxonomy":"product_tag","embeddable":true,"href":"https:\/\/booksfrommexico.com\/es\/wp-json\/wp\/v2\/product_tag?post=648"}],"curies":[{"name":"wp","href":"https:\/\/api.w.org\/{rel}","templated":true}]}}