{"id":650,"date":"2023-05-08T17:05:06","date_gmt":"2023-05-08T17:05:06","guid":{"rendered":"http:\/\/booksfrommexico.com\/product\/imagenes-cruzadas-mexico-y-espana-siglos-xix-y-xx\/"},"modified":"2024-07-25T22:53:25","modified_gmt":"2024-07-25T22:53:25","slug":"imagenes-cruzadas-mexico-y-espana-siglos-xix-y-xx","status":"publish","type":"product","link":"https:\/\/booksfrommexico.com\/es\/producto\/imagenes-cruzadas-mexico-y-espana-siglos-xix-y-xx\/","title":{"rendered":"Im\u00e1genes cruzadas: M\u00e9xico y Espa\u00f1a, siglos XIX y XX"},"content":{"rendered":"<p><span style=\"font-weight: 400;\">Uno de los grandes retos historiogr\u00e1ficos del siglo pasado es la recuperaci\u00f3n de los imaginarios colectivos del pasado, la recuperaci\u00f3n de la forma en la que el mundo fue visto e interpretado. En este t\u00edtulo se presenta una historiograf\u00eda construida a partir de investigaciones individuales de diversos autores donde se tratan temas como el periodismo publicado en el exilio, im\u00e1genes de la bohemia en la literatura espa\u00f1ola, la relaci\u00f3n entre M\u00e9xico y Espa\u00f1a tras la independencia mexicana, entre otros. Este t\u00edtulo es resultado de la colaboraci\u00f3n de \u201cLa imagen de Espa\u00f1a en M\u00e9xico\u201d, \u201cEstudios sobre la imagen en M\u00e9xico en los siglos XIX y XX\u201d y \u201cEspa\u00f1oles en M\u00e9xico en los siglos XIX y XX.<\/span><\/p>\n","protected":false},"excerpt":{"rendered":"<p>IM\u00c1GENES CRUZADAS : M\u00c9XICO Y ESPA\u00d1A, SIGLOS XIX Y XX<span style=\"font-weight: 400;\">. \/ Angel Miquel, Jes\u00fas Nieto Sotelo, Tom\u00e1s P\u00e9rez Vejo (compilators). Cuernavaca, Morelos, M\u00e9xico : Universidad Aut\u00f3noma del Estado de Morelos, 2005. 298 pages : includes photos, illustrations, references, bibliographic references ; 21 cm. ISBN : 9688781525. <\/span><\/p>\n","protected":false},"featured_media":649,"template":"","meta":{"_acf_changed":false,"inline_featured_image":false},"product_brand":[],"product_cat":[27,4488],"product_tag":[3624,3657,4398,4122,3739,3649],"class_list":{"0":"post-650","1":"product","2":"type-product","3":"status-publish","4":"has-post-thumbnail","6":"product_cat-historia","7":"product_cat-historiografia","8":"product_tag-espana","9":"product_tag-historia","10":"product_tag-historia-mexico","11":"product_tag-investigacion","12":"product_tag-siglo-xix","13":"product_tag-siglo-xx","15":"first","16":"instock","17":"taxable","18":"shipping-taxable","19":"purchasable","20":"product-type-simple"},"acf":[],"yoast_head":"<!-- This site is optimized with the Yoast SEO plugin v27.3 - https:\/\/yoast.com\/product\/yoast-seo-wordpress\/ -->\n<title>Im\u00e1genes cruzadas: M\u00e9xico y Espa\u00f1a, siglos XIX y XX<\/title>\n<meta name=\"description\" content=\"IM\u00c1GENES CRUZADAS : M\u00c9XICO Y ESPA\u00d1A, SIGLOS XIX Y XX. \/ Angel Miquel, Jes\u00fas Nieto Sotelo, Tom\u00e1s P\u00e9rez Vejo (compilators). UAEM. 2005. 298 pages.\" \/>\n<meta name=\"robots\" content=\"index, follow, max-snippet:-1, max-image-preview:large, max-video-preview:-1\" \/>\n<link rel=\"canonical\" href=\"https:\/\/booksfrommexico.com\/es\/producto\/imagenes-cruzadas-mexico-y-espana-siglos-xix-y-xx\/\" \/>\n<meta property=\"og:locale\" content=\"es_ES\" \/>\n<meta property=\"og:type\" content=\"article\" \/>\n<meta property=\"og:title\" content=\"Im\u00e1genes cruzadas: M\u00e9xico y Espa\u00f1a, siglos XIX y XX\" \/>\n<meta property=\"og:description\" content=\"IM\u00c1GENES CRUZADAS : M\u00c9XICO Y ESPA\u00d1A, SIGLOS XIX Y XX. \/ Angel Miquel, Jes\u00fas Nieto Sotelo, Tom\u00e1s P\u00e9rez Vejo (compilators). UAEM. 2005. 298 pages.\" \/>\n<meta property=\"og:url\" content=\"https:\/\/booksfrommexico.com\/es\/producto\/imagenes-cruzadas-mexico-y-espana-siglos-xix-y-xx\/\" \/>\n<meta property=\"og:site_name\" content=\"Books From Mexico\" \/>\n<meta property=\"article:modified_time\" content=\"2024-07-25T22:53:25+00:00\" \/>\n<meta property=\"og:image\" content=\"http:\/\/booksfrommexico.com\/app\/uploads\/2023\/05\/130021.jpeg\" \/>\n\t<meta property=\"og:image:width\" content=\"391\" \/>\n\t<meta property=\"og:image:height\" content=\"599\" \/>\n\t<meta property=\"og:image:type\" content=\"image\/jpeg\" \/>\n<meta name=\"twitter:card\" content=\"summary_large_image\" \/>\n<meta name=\"twitter:label1\" content=\"Tiempo de lectura\" \/>\n\t<meta name=\"twitter:data1\" content=\"1 minuto\" \/>\n<script type=\"application\/ld+json\" class=\"yoast-schema-graph\">{\"@context\":\"https:\\\/\\\/schema.org\",\"@graph\":[{\"@type\":\"WebPage\",\"@id\":\"https:\\\/\\\/booksfrommexico.com\\\/es\\\/producto\\\/imagenes-cruzadas-mexico-y-espana-siglos-xix-y-xx\\\/\",\"url\":\"https:\\\/\\\/booksfrommexico.com\\\/es\\\/producto\\\/imagenes-cruzadas-mexico-y-espana-siglos-xix-y-xx\\\/\",\"name\":\"Im\u00e1genes cruzadas: M\u00e9xico y Espa\u00f1a, siglos XIX y XX\",\"isPartOf\":{\"@id\":\"https:\\\/\\\/booksfrommexico.com\\\/#website\"},\"primaryImageOfPage\":{\"@id\":\"https:\\\/\\\/booksfrommexico.com\\\/es\\\/producto\\\/imagenes-cruzadas-mexico-y-espana-siglos-xix-y-xx\\\/#primaryimage\"},\"image\":{\"@id\":\"https:\\\/\\\/booksfrommexico.com\\\/es\\\/producto\\\/imagenes-cruzadas-mexico-y-espana-siglos-xix-y-xx\\\/#primaryimage\"},\"thumbnailUrl\":\"https:\\\/\\\/booksfrommexico.com\\\/app\\\/uploads\\\/2023\\\/05\\\/130021.jpeg\",\"datePublished\":\"2023-05-08T17:05:06+00:00\",\"dateModified\":\"2024-07-25T22:53:25+00:00\",\"description\":\"IM\u00c1GENES CRUZADAS : M\u00c9XICO Y ESPA\u00d1A, SIGLOS XIX Y XX. \\\/ Angel Miquel, Jes\u00fas Nieto Sotelo, Tom\u00e1s P\u00e9rez Vejo (compilators). UAEM. 2005. 298 pages.\",\"breadcrumb\":{\"@id\":\"https:\\\/\\\/booksfrommexico.com\\\/es\\\/producto\\\/imagenes-cruzadas-mexico-y-espana-siglos-xix-y-xx\\\/#breadcrumb\"},\"inLanguage\":\"es\",\"potentialAction\":[{\"@type\":\"ReadAction\",\"target\":[\"https:\\\/\\\/booksfrommexico.com\\\/es\\\/producto\\\/imagenes-cruzadas-mexico-y-espana-siglos-xix-y-xx\\\/\"]}]},{\"@type\":\"ImageObject\",\"inLanguage\":\"es\",\"@id\":\"https:\\\/\\\/booksfrommexico.com\\\/es\\\/producto\\\/imagenes-cruzadas-mexico-y-espana-siglos-xix-y-xx\\\/#primaryimage\",\"url\":\"https:\\\/\\\/booksfrommexico.com\\\/app\\\/uploads\\\/2023\\\/05\\\/130021.jpeg\",\"contentUrl\":\"https:\\\/\\\/booksfrommexico.com\\\/app\\\/uploads\\\/2023\\\/05\\\/130021.jpeg\",\"width\":391,\"height\":599,\"caption\":\"Im\u00e1genes cruzadas M\u00e9xico y Espa\u00f1a. Books From M\u00e9xico.\"},{\"@type\":\"BreadcrumbList\",\"@id\":\"https:\\\/\\\/booksfrommexico.com\\\/es\\\/producto\\\/imagenes-cruzadas-mexico-y-espana-siglos-xix-y-xx\\\/#breadcrumb\",\"itemListElement\":[{\"@type\":\"ListItem\",\"position\":1,\"name\":\"Home\",\"item\":\"https:\\\/\\\/booksfrommexico.com\\\/es\\\/\"},{\"@type\":\"ListItem\",\"position\":2,\"name\":\"Libros\",\"item\":\"https:\\\/\\\/booksfrommexico.com\\\/es\\\/libros\\\/\"},{\"@type\":\"ListItem\",\"position\":3,\"name\":\"Im\u00e1genes cruzadas: M\u00e9xico y Espa\u00f1a, siglos XIX y XX\"}]},{\"@type\":\"WebSite\",\"@id\":\"https:\\\/\\\/booksfrommexico.com\\\/#website\",\"url\":\"https:\\\/\\\/booksfrommexico.com\\\/\",\"name\":\"Books From Mexico\",\"description\":\"\",\"publisher\":{\"@id\":\"https:\\\/\\\/booksfrommexico.com\\\/#organization\"},\"potentialAction\":[{\"@type\":\"SearchAction\",\"target\":{\"@type\":\"EntryPoint\",\"urlTemplate\":\"https:\\\/\\\/booksfrommexico.com\\\/?s={search_term_string}\"},\"query-input\":{\"@type\":\"PropertyValueSpecification\",\"valueRequired\":true,\"valueName\":\"search_term_string\"}}],\"inLanguage\":\"es\"},{\"@type\":\"Organization\",\"@id\":\"https:\\\/\\\/booksfrommexico.com\\\/#organization\",\"name\":\"Books From Mexico\",\"url\":\"https:\\\/\\\/booksfrommexico.com\\\/\",\"logo\":{\"@type\":\"ImageObject\",\"inLanguage\":\"es\",\"@id\":\"https:\\\/\\\/booksfrommexico.com\\\/#\\\/schema\\\/logo\\\/image\\\/\",\"url\":\"https:\\\/\\\/booksfrommexico.com\\\/app\\\/uploads\\\/2023\\\/05\\\/logo-booksfrommexico.svg\",\"contentUrl\":\"https:\\\/\\\/booksfrommexico.com\\\/app\\\/uploads\\\/2023\\\/05\\\/logo-booksfrommexico.svg\",\"width\":86,\"height\":56,\"caption\":\"Books From Mexico\"},\"image\":{\"@id\":\"https:\\\/\\\/booksfrommexico.com\\\/#\\\/schema\\\/logo\\\/image\\\/\"}}]}<\/script>\n<!-- \/ Yoast SEO plugin. -->","yoast_head_json":{"title":"Im\u00e1genes cruzadas: M\u00e9xico y Espa\u00f1a, siglos XIX y XX","description":"IM\u00c1GENES CRUZADAS : M\u00c9XICO Y ESPA\u00d1A, SIGLOS XIX Y XX. \/ Angel Miquel, Jes\u00fas Nieto Sotelo, Tom\u00e1s P\u00e9rez Vejo (compilators). UAEM. 2005. 298 pages.","robots":{"index":"index","follow":"follow","max-snippet":"max-snippet:-1","max-image-preview":"max-image-preview:large","max-video-preview":"max-video-preview:-1"},"canonical":"https:\/\/booksfrommexico.com\/es\/producto\/imagenes-cruzadas-mexico-y-espana-siglos-xix-y-xx\/","og_locale":"es_ES","og_type":"article","og_title":"Im\u00e1genes cruzadas: M\u00e9xico y Espa\u00f1a, siglos XIX y XX","og_description":"IM\u00c1GENES CRUZADAS : M\u00c9XICO Y ESPA\u00d1A, SIGLOS XIX Y XX. \/ Angel Miquel, Jes\u00fas Nieto Sotelo, Tom\u00e1s P\u00e9rez Vejo (compilators). UAEM. 2005. 298 pages.","og_url":"https:\/\/booksfrommexico.com\/es\/producto\/imagenes-cruzadas-mexico-y-espana-siglos-xix-y-xx\/","og_site_name":"Books From Mexico","article_modified_time":"2024-07-25T22:53:25+00:00","og_image":[{"width":391,"height":599,"url":"http:\/\/booksfrommexico.com\/app\/uploads\/2023\/05\/130021.jpeg","type":"image\/jpeg"}],"twitter_card":"summary_large_image","twitter_misc":{"Tiempo de lectura":"1 minuto"},"schema":{"@context":"https:\/\/schema.org","@graph":[{"@type":"WebPage","@id":"https:\/\/booksfrommexico.com\/es\/producto\/imagenes-cruzadas-mexico-y-espana-siglos-xix-y-xx\/","url":"https:\/\/booksfrommexico.com\/es\/producto\/imagenes-cruzadas-mexico-y-espana-siglos-xix-y-xx\/","name":"Im\u00e1genes cruzadas: M\u00e9xico y Espa\u00f1a, siglos XIX y XX","isPartOf":{"@id":"https:\/\/booksfrommexico.com\/#website"},"primaryImageOfPage":{"@id":"https:\/\/booksfrommexico.com\/es\/producto\/imagenes-cruzadas-mexico-y-espana-siglos-xix-y-xx\/#primaryimage"},"image":{"@id":"https:\/\/booksfrommexico.com\/es\/producto\/imagenes-cruzadas-mexico-y-espana-siglos-xix-y-xx\/#primaryimage"},"thumbnailUrl":"https:\/\/booksfrommexico.com\/app\/uploads\/2023\/05\/130021.jpeg","datePublished":"2023-05-08T17:05:06+00:00","dateModified":"2024-07-25T22:53:25+00:00","description":"IM\u00c1GENES CRUZADAS : M\u00c9XICO Y ESPA\u00d1A, SIGLOS XIX Y XX. \/ Angel Miquel, Jes\u00fas Nieto Sotelo, Tom\u00e1s P\u00e9rez Vejo (compilators). UAEM. 2005. 298 pages.","breadcrumb":{"@id":"https:\/\/booksfrommexico.com\/es\/producto\/imagenes-cruzadas-mexico-y-espana-siglos-xix-y-xx\/#breadcrumb"},"inLanguage":"es","potentialAction":[{"@type":"ReadAction","target":["https:\/\/booksfrommexico.com\/es\/producto\/imagenes-cruzadas-mexico-y-espana-siglos-xix-y-xx\/"]}]},{"@type":"ImageObject","inLanguage":"es","@id":"https:\/\/booksfrommexico.com\/es\/producto\/imagenes-cruzadas-mexico-y-espana-siglos-xix-y-xx\/#primaryimage","url":"https:\/\/booksfrommexico.com\/app\/uploads\/2023\/05\/130021.jpeg","contentUrl":"https:\/\/booksfrommexico.com\/app\/uploads\/2023\/05\/130021.jpeg","width":391,"height":599,"caption":"Im\u00e1genes cruzadas M\u00e9xico y Espa\u00f1a. Books From M\u00e9xico."},{"@type":"BreadcrumbList","@id":"https:\/\/booksfrommexico.com\/es\/producto\/imagenes-cruzadas-mexico-y-espana-siglos-xix-y-xx\/#breadcrumb","itemListElement":[{"@type":"ListItem","position":1,"name":"Home","item":"https:\/\/booksfrommexico.com\/es\/"},{"@type":"ListItem","position":2,"name":"Libros","item":"https:\/\/booksfrommexico.com\/es\/libros\/"},{"@type":"ListItem","position":3,"name":"Im\u00e1genes cruzadas: M\u00e9xico y Espa\u00f1a, siglos XIX y XX"}]},{"@type":"WebSite","@id":"https:\/\/booksfrommexico.com\/#website","url":"https:\/\/booksfrommexico.com\/","name":"Books From Mexico","description":"","publisher":{"@id":"https:\/\/booksfrommexico.com\/#organization"},"potentialAction":[{"@type":"SearchAction","target":{"@type":"EntryPoint","urlTemplate":"https:\/\/booksfrommexico.com\/?s={search_term_string}"},"query-input":{"@type":"PropertyValueSpecification","valueRequired":true,"valueName":"search_term_string"}}],"inLanguage":"es"},{"@type":"Organization","@id":"https:\/\/booksfrommexico.com\/#organization","name":"Books From Mexico","url":"https:\/\/booksfrommexico.com\/","logo":{"@type":"ImageObject","inLanguage":"es","@id":"https:\/\/booksfrommexico.com\/#\/schema\/logo\/image\/","url":"https:\/\/booksfrommexico.com\/app\/uploads\/2023\/05\/logo-booksfrommexico.svg","contentUrl":"https:\/\/booksfrommexico.com\/app\/uploads\/2023\/05\/logo-booksfrommexico.svg","width":86,"height":56,"caption":"Books From Mexico"},"image":{"@id":"https:\/\/booksfrommexico.com\/#\/schema\/logo\/image\/"}}]}},"_links":{"self":[{"href":"https:\/\/booksfrommexico.com\/es\/wp-json\/wp\/v2\/product\/650","targetHints":{"allow":["GET"]}}],"collection":[{"href":"https:\/\/booksfrommexico.com\/es\/wp-json\/wp\/v2\/product"}],"about":[{"href":"https:\/\/booksfrommexico.com\/es\/wp-json\/wp\/v2\/types\/product"}],"wp:featuredmedia":[{"embeddable":true,"href":"https:\/\/booksfrommexico.com\/es\/wp-json\/wp\/v2\/media\/649"}],"wp:attachment":[{"href":"https:\/\/booksfrommexico.com\/es\/wp-json\/wp\/v2\/media?parent=650"}],"wp:term":[{"taxonomy":"product_brand","embeddable":true,"href":"https:\/\/booksfrommexico.com\/es\/wp-json\/wp\/v2\/product_brand?post=650"},{"taxonomy":"product_cat","embeddable":true,"href":"https:\/\/booksfrommexico.com\/es\/wp-json\/wp\/v2\/product_cat?post=650"},{"taxonomy":"product_tag","embeddable":true,"href":"https:\/\/booksfrommexico.com\/es\/wp-json\/wp\/v2\/product_tag?post=650"}],"curies":[{"name":"wp","href":"https:\/\/api.w.org\/{rel}","templated":true}]}}