{"id":652,"date":"2023-05-08T17:05:07","date_gmt":"2023-05-08T17:05:07","guid":{"rendered":"http:\/\/booksfrommexico.com\/product\/modelando-a-las-evas-mujeres-de-virtud-y-rebeldia\/"},"modified":"2024-07-11T23:42:25","modified_gmt":"2024-07-11T23:42:25","slug":"modelando-a-las-evas-mujeres-de-virtud-y-rebeldia","status":"publish","type":"product","link":"https:\/\/booksfrommexico.com\/es\/producto\/modelando-a-las-evas-mujeres-de-virtud-y-rebeldia\/","title":{"rendered":"Modelando a las Evas: Mujeres de virtud y rebeld\u00eda"},"content":{"rendered":"<p><span style=\"font-weight: 400;\">Esta obra fue distinguida con Menci\u00f3n Honor\u00edfica en el certamen nacional de tesis de doctorado sobre g\u00e9nero Sor Juana In\u00e9s de la Cruz, convocado por el Instituto Nacimiento de las Mujeres. Aqu\u00ed se presenta un amplio panorama acerca del papel de las mujeres zamoranas y la influencia de la doctrina evang\u00e9lica de dos iglesias sobre algunas de ellas. Se explora en particular c\u00f3mo los valores surgidos de la doctrina pentecostal y bautista son proyectados en el \u00e1mbito dom\u00e9stico, laboral y social de las mujeres, pero tambi\u00e9n se acerca a los sentimientos individuales de \u00e9stas.<\/span><\/p>\n","protected":false},"excerpt":{"rendered":"<p>MODELANDO A LAS EVAS : MUJERES DE VIRTUD Y REBELD\u00cdA<span style=\"font-weight: 400;\">. \/ Elizabeth Ju\u00e1rez Cerdi. Zamora, Michoac\u00e1n, M\u00e9xico : El Colegio de Michoac\u00e1n, 2006. 334 pages : includes map, chart, bibliographic references, bibliography ; 23 cm. (Colecci\u00f3n Investigaciones). ISBN : 9706791949. <\/span><\/p>\n","protected":false},"featured_media":651,"template":"","meta":{"_acf_changed":false,"inline_featured_image":false},"product_brand":[],"product_cat":[147,148],"product_tag":[3705,4101,3729,3762,3608],"class_list":{"0":"post-652","1":"product","2":"type-product","3":"status-publish","4":"has-post-thumbnail","6":"product_cat-estudios-de-genero","7":"product_cat-estudios-sobre-las-mujeres-estudios-de-genero","8":"product_tag-michoacan-mexico","9":"product_tag-mujeres-es","10":"product_tag-religion","11":"product_tag-vida-religiosa-y-costumbres","12":"product_tag-vida-social-y-costumbres","14":"first","15":"instock","16":"taxable","17":"shipping-taxable","18":"purchasable","19":"product-type-simple"},"acf":[],"yoast_head":"<!-- This site is optimized with the Yoast SEO plugin v27.2 - https:\/\/yoast.com\/product\/yoast-seo-wordpress\/ -->\n<title>Modelando a las Evas: Mujeres de virtud y rebeld\u00eda<\/title>\n<meta name=\"description\" content=\"MODELANDO A LAS EVAS : MUJERES DE VIRTUD Y REBELD\u00cdA. \/ Elizabeth Ju\u00e1rez Cerdi. El Colegio de Michoac\u00e1n, 2006. (Colecci\u00f3n Investigaciones).\" \/>\n<meta name=\"robots\" content=\"index, follow, max-snippet:-1, max-image-preview:large, max-video-preview:-1\" \/>\n<link rel=\"canonical\" href=\"https:\/\/booksfrommexico.com\/es\/producto\/modelando-a-las-evas-mujeres-de-virtud-y-rebeldia\/\" \/>\n<meta property=\"og:locale\" content=\"es_ES\" \/>\n<meta property=\"og:type\" content=\"article\" \/>\n<meta property=\"og:title\" content=\"Modelando a las Evas: Mujeres de virtud y rebeld\u00eda\" \/>\n<meta property=\"og:description\" content=\"MODELANDO A LAS EVAS : MUJERES DE VIRTUD Y REBELD\u00cdA. \/ Elizabeth Ju\u00e1rez Cerdi. El Colegio de Michoac\u00e1n, 2006. (Colecci\u00f3n Investigaciones).\" \/>\n<meta property=\"og:url\" content=\"https:\/\/booksfrommexico.com\/es\/producto\/modelando-a-las-evas-mujeres-de-virtud-y-rebeldia\/\" \/>\n<meta property=\"og:site_name\" content=\"Books From Mexico\" \/>\n<meta property=\"article:modified_time\" content=\"2024-07-11T23:42:25+00:00\" \/>\n<meta property=\"og:image\" content=\"http:\/\/booksfrommexico.com\/app\/uploads\/2023\/05\/133644.jpeg\" \/>\n\t<meta property=\"og:image:width\" content=\"440\" \/>\n\t<meta property=\"og:image:height\" content=\"657\" \/>\n\t<meta property=\"og:image:type\" content=\"image\/jpeg\" \/>\n<meta name=\"twitter:card\" content=\"summary_large_image\" \/>\n<meta name=\"twitter:label1\" content=\"Tiempo de lectura\" \/>\n\t<meta name=\"twitter:data1\" content=\"1 minuto\" \/>\n<script type=\"application\/ld+json\" class=\"yoast-schema-graph\">{\"@context\":\"https:\/\/schema.org\",\"@graph\":[{\"@type\":\"WebPage\",\"@id\":\"https:\/\/booksfrommexico.com\/es\/producto\/modelando-a-las-evas-mujeres-de-virtud-y-rebeldia\/\",\"url\":\"https:\/\/booksfrommexico.com\/es\/producto\/modelando-a-las-evas-mujeres-de-virtud-y-rebeldia\/\",\"name\":\"Modelando a las Evas: Mujeres de virtud y rebeld\u00eda\",\"isPartOf\":{\"@id\":\"https:\/\/booksfrommexico.com\/#website\"},\"primaryImageOfPage\":{\"@id\":\"https:\/\/booksfrommexico.com\/es\/producto\/modelando-a-las-evas-mujeres-de-virtud-y-rebeldia\/#primaryimage\"},\"image\":{\"@id\":\"https:\/\/booksfrommexico.com\/es\/producto\/modelando-a-las-evas-mujeres-de-virtud-y-rebeldia\/#primaryimage\"},\"thumbnailUrl\":\"https:\/\/booksfrommexico.com\/app\/uploads\/2023\/05\/133644.jpeg\",\"datePublished\":\"2023-05-08T17:05:07+00:00\",\"dateModified\":\"2024-07-11T23:42:25+00:00\",\"description\":\"MODELANDO A LAS EVAS : MUJERES DE VIRTUD Y REBELD\u00cdA. \/ Elizabeth Ju\u00e1rez Cerdi. El Colegio de Michoac\u00e1n, 2006. (Colecci\u00f3n Investigaciones).\",\"breadcrumb\":{\"@id\":\"https:\/\/booksfrommexico.com\/es\/producto\/modelando-a-las-evas-mujeres-de-virtud-y-rebeldia\/#breadcrumb\"},\"inLanguage\":\"es\",\"potentialAction\":[{\"@type\":\"ReadAction\",\"target\":[\"https:\/\/booksfrommexico.com\/es\/producto\/modelando-a-las-evas-mujeres-de-virtud-y-rebeldia\/\"]}]},{\"@type\":\"ImageObject\",\"inLanguage\":\"es\",\"@id\":\"https:\/\/booksfrommexico.com\/es\/producto\/modelando-a-las-evas-mujeres-de-virtud-y-rebeldia\/#primaryimage\",\"url\":\"https:\/\/booksfrommexico.com\/app\/uploads\/2023\/05\/133644.jpeg\",\"contentUrl\":\"https:\/\/booksfrommexico.com\/app\/uploads\/2023\/05\/133644.jpeg\",\"width\":440,\"height\":657,\"caption\":\"Modelando a las Evas. Books From M\u00e9xico\"},{\"@type\":\"BreadcrumbList\",\"@id\":\"https:\/\/booksfrommexico.com\/es\/producto\/modelando-a-las-evas-mujeres-de-virtud-y-rebeldia\/#breadcrumb\",\"itemListElement\":[{\"@type\":\"ListItem\",\"position\":1,\"name\":\"Home\",\"item\":\"https:\/\/booksfrommexico.com\/es\/\"},{\"@type\":\"ListItem\",\"position\":2,\"name\":\"Libros\",\"item\":\"https:\/\/booksfrommexico.com\/es\/libros\/\"},{\"@type\":\"ListItem\",\"position\":3,\"name\":\"Modelando a las Evas: Mujeres de virtud y rebeld\u00eda\"}]},{\"@type\":\"WebSite\",\"@id\":\"https:\/\/booksfrommexico.com\/#website\",\"url\":\"https:\/\/booksfrommexico.com\/\",\"name\":\"Books From Mexico\",\"description\":\"\",\"publisher\":{\"@id\":\"https:\/\/booksfrommexico.com\/#organization\"},\"potentialAction\":[{\"@type\":\"SearchAction\",\"target\":{\"@type\":\"EntryPoint\",\"urlTemplate\":\"https:\/\/booksfrommexico.com\/?s={search_term_string}\"},\"query-input\":{\"@type\":\"PropertyValueSpecification\",\"valueRequired\":true,\"valueName\":\"search_term_string\"}}],\"inLanguage\":\"es\"},{\"@type\":\"Organization\",\"@id\":\"https:\/\/booksfrommexico.com\/#organization\",\"name\":\"Books From Mexico\",\"url\":\"https:\/\/booksfrommexico.com\/\",\"logo\":{\"@type\":\"ImageObject\",\"inLanguage\":\"es\",\"@id\":\"https:\/\/booksfrommexico.com\/#\/schema\/logo\/image\/\",\"url\":\"https:\/\/booksfrommexico.com\/app\/uploads\/2023\/05\/logo-booksfrommexico.svg\",\"contentUrl\":\"https:\/\/booksfrommexico.com\/app\/uploads\/2023\/05\/logo-booksfrommexico.svg\",\"width\":86,\"height\":56,\"caption\":\"Books From Mexico\"},\"image\":{\"@id\":\"https:\/\/booksfrommexico.com\/#\/schema\/logo\/image\/\"}}]}<\/script>\n<!-- \/ Yoast SEO plugin. -->","yoast_head_json":{"title":"Modelando a las Evas: Mujeres de virtud y rebeld\u00eda","description":"MODELANDO A LAS EVAS : MUJERES DE VIRTUD Y REBELD\u00cdA. \/ Elizabeth Ju\u00e1rez Cerdi. El Colegio de Michoac\u00e1n, 2006. (Colecci\u00f3n Investigaciones).","robots":{"index":"index","follow":"follow","max-snippet":"max-snippet:-1","max-image-preview":"max-image-preview:large","max-video-preview":"max-video-preview:-1"},"canonical":"https:\/\/booksfrommexico.com\/es\/producto\/modelando-a-las-evas-mujeres-de-virtud-y-rebeldia\/","og_locale":"es_ES","og_type":"article","og_title":"Modelando a las Evas: Mujeres de virtud y rebeld\u00eda","og_description":"MODELANDO A LAS EVAS : MUJERES DE VIRTUD Y REBELD\u00cdA. \/ Elizabeth Ju\u00e1rez Cerdi. El Colegio de Michoac\u00e1n, 2006. (Colecci\u00f3n Investigaciones).","og_url":"https:\/\/booksfrommexico.com\/es\/producto\/modelando-a-las-evas-mujeres-de-virtud-y-rebeldia\/","og_site_name":"Books From Mexico","article_modified_time":"2024-07-11T23:42:25+00:00","og_image":[{"width":440,"height":657,"url":"http:\/\/booksfrommexico.com\/app\/uploads\/2023\/05\/133644.jpeg","type":"image\/jpeg"}],"twitter_card":"summary_large_image","twitter_misc":{"Tiempo de lectura":"1 minuto"},"schema":{"@context":"https:\/\/schema.org","@graph":[{"@type":"WebPage","@id":"https:\/\/booksfrommexico.com\/es\/producto\/modelando-a-las-evas-mujeres-de-virtud-y-rebeldia\/","url":"https:\/\/booksfrommexico.com\/es\/producto\/modelando-a-las-evas-mujeres-de-virtud-y-rebeldia\/","name":"Modelando a las Evas: Mujeres de virtud y rebeld\u00eda","isPartOf":{"@id":"https:\/\/booksfrommexico.com\/#website"},"primaryImageOfPage":{"@id":"https:\/\/booksfrommexico.com\/es\/producto\/modelando-a-las-evas-mujeres-de-virtud-y-rebeldia\/#primaryimage"},"image":{"@id":"https:\/\/booksfrommexico.com\/es\/producto\/modelando-a-las-evas-mujeres-de-virtud-y-rebeldia\/#primaryimage"},"thumbnailUrl":"https:\/\/booksfrommexico.com\/app\/uploads\/2023\/05\/133644.jpeg","datePublished":"2023-05-08T17:05:07+00:00","dateModified":"2024-07-11T23:42:25+00:00","description":"MODELANDO A LAS EVAS : MUJERES DE VIRTUD Y REBELD\u00cdA. \/ Elizabeth Ju\u00e1rez Cerdi. El Colegio de Michoac\u00e1n, 2006. (Colecci\u00f3n Investigaciones).","breadcrumb":{"@id":"https:\/\/booksfrommexico.com\/es\/producto\/modelando-a-las-evas-mujeres-de-virtud-y-rebeldia\/#breadcrumb"},"inLanguage":"es","potentialAction":[{"@type":"ReadAction","target":["https:\/\/booksfrommexico.com\/es\/producto\/modelando-a-las-evas-mujeres-de-virtud-y-rebeldia\/"]}]},{"@type":"ImageObject","inLanguage":"es","@id":"https:\/\/booksfrommexico.com\/es\/producto\/modelando-a-las-evas-mujeres-de-virtud-y-rebeldia\/#primaryimage","url":"https:\/\/booksfrommexico.com\/app\/uploads\/2023\/05\/133644.jpeg","contentUrl":"https:\/\/booksfrommexico.com\/app\/uploads\/2023\/05\/133644.jpeg","width":440,"height":657,"caption":"Modelando a las Evas. Books From M\u00e9xico"},{"@type":"BreadcrumbList","@id":"https:\/\/booksfrommexico.com\/es\/producto\/modelando-a-las-evas-mujeres-de-virtud-y-rebeldia\/#breadcrumb","itemListElement":[{"@type":"ListItem","position":1,"name":"Home","item":"https:\/\/booksfrommexico.com\/es\/"},{"@type":"ListItem","position":2,"name":"Libros","item":"https:\/\/booksfrommexico.com\/es\/libros\/"},{"@type":"ListItem","position":3,"name":"Modelando a las Evas: Mujeres de virtud y rebeld\u00eda"}]},{"@type":"WebSite","@id":"https:\/\/booksfrommexico.com\/#website","url":"https:\/\/booksfrommexico.com\/","name":"Books From Mexico","description":"","publisher":{"@id":"https:\/\/booksfrommexico.com\/#organization"},"potentialAction":[{"@type":"SearchAction","target":{"@type":"EntryPoint","urlTemplate":"https:\/\/booksfrommexico.com\/?s={search_term_string}"},"query-input":{"@type":"PropertyValueSpecification","valueRequired":true,"valueName":"search_term_string"}}],"inLanguage":"es"},{"@type":"Organization","@id":"https:\/\/booksfrommexico.com\/#organization","name":"Books From Mexico","url":"https:\/\/booksfrommexico.com\/","logo":{"@type":"ImageObject","inLanguage":"es","@id":"https:\/\/booksfrommexico.com\/#\/schema\/logo\/image\/","url":"https:\/\/booksfrommexico.com\/app\/uploads\/2023\/05\/logo-booksfrommexico.svg","contentUrl":"https:\/\/booksfrommexico.com\/app\/uploads\/2023\/05\/logo-booksfrommexico.svg","width":86,"height":56,"caption":"Books From Mexico"},"image":{"@id":"https:\/\/booksfrommexico.com\/#\/schema\/logo\/image\/"}}]}},"_links":{"self":[{"href":"https:\/\/booksfrommexico.com\/es\/wp-json\/wp\/v2\/product\/652","targetHints":{"allow":["GET"]}}],"collection":[{"href":"https:\/\/booksfrommexico.com\/es\/wp-json\/wp\/v2\/product"}],"about":[{"href":"https:\/\/booksfrommexico.com\/es\/wp-json\/wp\/v2\/types\/product"}],"wp:featuredmedia":[{"embeddable":true,"href":"https:\/\/booksfrommexico.com\/es\/wp-json\/wp\/v2\/media\/651"}],"wp:attachment":[{"href":"https:\/\/booksfrommexico.com\/es\/wp-json\/wp\/v2\/media?parent=652"}],"wp:term":[{"taxonomy":"product_brand","embeddable":true,"href":"https:\/\/booksfrommexico.com\/es\/wp-json\/wp\/v2\/product_brand?post=652"},{"taxonomy":"product_cat","embeddable":true,"href":"https:\/\/booksfrommexico.com\/es\/wp-json\/wp\/v2\/product_cat?post=652"},{"taxonomy":"product_tag","embeddable":true,"href":"https:\/\/booksfrommexico.com\/es\/wp-json\/wp\/v2\/product_tag?post=652"}],"curies":[{"name":"wp","href":"https:\/\/api.w.org\/{rel}","templated":true}]}}