{"id":654,"date":"2023-05-08T17:05:09","date_gmt":"2023-05-08T17:05:09","guid":{"rendered":"http:\/\/booksfrommexico.com\/product\/aqui-es-tijuana\/"},"modified":"2024-07-12T17:20:50","modified_gmt":"2024-07-12T17:20:50","slug":"aqui-es-tijuana","status":"publish","type":"product","link":"https:\/\/booksfrommexico.com\/es\/producto\/aqui-es-tijuana\/","title":{"rendered":"Aqu\u00ed es Tijuana!"},"content":{"rendered":"<p><span style=\"font-weight: 400;\">Esta obra se concentra en el periodo final del siglo XX y el inicio del XXI, as\u00ed como las d\u00e9cadas pasadas y venideras en la medida que influyen los muchos presentes urbanos. Se llev\u00f3 a cabo por 3 amigos: una antrop\u00f3loga italiana, un arquitecto y un escritor de TIjuana, quienes pretend\u00edan mostrar una representaci\u00f3n de la ciudad, pero pronto se dieron cuenta que la misma ciudad tiene otras exigencias ya que es mucho m\u00e1s que lo que se dice de ella. Tijuana es enigm\u00e1tica en s\u00ed misma: mut\u00f3 desde ser una ciudad de diversi\u00f3n, sexo y alcohol hasta ser ciudad de migraci\u00f3n, narcotr\u00e1fico y globalizaci\u00f3n, pero tiene muchos otros aspectos de su gente y su cultura, que se pueden vislumbrar a lo largo de estas fotograf\u00edas.<\/span><\/p>\n","protected":false},"excerpt":{"rendered":"<p>AQU\u00cd ES TIJUANA! <span style=\"font-weight: 400;\">. \/ Fiamma Montezemolo, Ren\u00e9 Peralta, Heriberto Yepez. Londres, Inglsterra : Black Dog Publishing ; Tijuana, Baja California, M\u00e9xico : Universidad Aut\u00f3noma de Baja California ; Gobierno del Estado de Baja California, 2006. 191 pages : includes photos, color photos ; 25 cm. ISBN : 1904772498.<\/span><\/p>\n","protected":false},"featured_media":653,"template":"","meta":{"_acf_changed":false,"inline_featured_image":false},"product_brand":[],"product_cat":[165,78],"product_tag":[4341,4043,4306],"class_list":{"0":"post-654","1":"product","2":"type-product","3":"status-publish","4":"has-post-thumbnail","6":"product_cat-fotografia-arte","7":"product_cat-sociologia","8":"product_tag-cultura","9":"product_tag-fotografia","10":"product_tag-tijuana-mexico","12":"first","13":"instock","14":"taxable","15":"shipping-taxable","16":"purchasable","17":"product-type-simple"},"acf":[],"yoast_head":"<!-- This site is optimized with the Yoast SEO plugin v27.3 - https:\/\/yoast.com\/product\/yoast-seo-wordpress\/ -->\n<title>Aqu\u00ed es Tijuana!<\/title>\n<meta name=\"description\" content=\"AQU\u00cd ES TIJUANA! . \/ Fiamma Montezemolo, Ren\u00e9 Peralta, Heriberto Yepez. Black Dog Publishing ; Universidad Aut\u00f3noma de Baja California, 2006.\" \/>\n<meta name=\"robots\" content=\"index, follow, max-snippet:-1, max-image-preview:large, max-video-preview:-1\" \/>\n<link rel=\"canonical\" href=\"https:\/\/booksfrommexico.com\/es\/producto\/aqui-es-tijuana\/\" \/>\n<meta property=\"og:locale\" content=\"es_ES\" \/>\n<meta property=\"og:type\" content=\"article\" \/>\n<meta property=\"og:title\" content=\"Aqu\u00ed es Tijuana!\" \/>\n<meta property=\"og:description\" content=\"AQU\u00cd ES TIJUANA! . \/ Fiamma Montezemolo, Ren\u00e9 Peralta, Heriberto Yepez. Black Dog Publishing ; Universidad Aut\u00f3noma de Baja California, 2006.\" \/>\n<meta property=\"og:url\" content=\"https:\/\/booksfrommexico.com\/es\/producto\/aqui-es-tijuana\/\" \/>\n<meta property=\"og:site_name\" content=\"Books From Mexico\" \/>\n<meta property=\"article:modified_time\" content=\"2024-07-12T17:20:50+00:00\" \/>\n<meta property=\"og:image\" content=\"http:\/\/booksfrommexico.com\/app\/uploads\/2023\/05\/133420.jpeg\" \/>\n\t<meta property=\"og:image:width\" content=\"601\" \/>\n\t<meta property=\"og:image:height\" content=\"718\" \/>\n\t<meta property=\"og:image:type\" content=\"image\/jpeg\" \/>\n<meta name=\"twitter:card\" content=\"summary_large_image\" \/>\n<meta name=\"twitter:label1\" content=\"Tiempo de lectura\" \/>\n\t<meta name=\"twitter:data1\" content=\"1 minuto\" \/>\n<script type=\"application\/ld+json\" class=\"yoast-schema-graph\">{\"@context\":\"https:\\\/\\\/schema.org\",\"@graph\":[{\"@type\":\"WebPage\",\"@id\":\"https:\\\/\\\/booksfrommexico.com\\\/es\\\/producto\\\/aqui-es-tijuana\\\/\",\"url\":\"https:\\\/\\\/booksfrommexico.com\\\/es\\\/producto\\\/aqui-es-tijuana\\\/\",\"name\":\"Aqu\u00ed es Tijuana!\",\"isPartOf\":{\"@id\":\"https:\\\/\\\/booksfrommexico.com\\\/#website\"},\"primaryImageOfPage\":{\"@id\":\"https:\\\/\\\/booksfrommexico.com\\\/es\\\/producto\\\/aqui-es-tijuana\\\/#primaryimage\"},\"image\":{\"@id\":\"https:\\\/\\\/booksfrommexico.com\\\/es\\\/producto\\\/aqui-es-tijuana\\\/#primaryimage\"},\"thumbnailUrl\":\"https:\\\/\\\/booksfrommexico.com\\\/app\\\/uploads\\\/2023\\\/05\\\/133420.jpeg\",\"datePublished\":\"2023-05-08T17:05:09+00:00\",\"dateModified\":\"2024-07-12T17:20:50+00:00\",\"description\":\"AQU\u00cd ES TIJUANA! . \\\/ Fiamma Montezemolo, Ren\u00e9 Peralta, Heriberto Yepez. Black Dog Publishing ; Universidad Aut\u00f3noma de Baja California, 2006.\",\"breadcrumb\":{\"@id\":\"https:\\\/\\\/booksfrommexico.com\\\/es\\\/producto\\\/aqui-es-tijuana\\\/#breadcrumb\"},\"inLanguage\":\"es\",\"potentialAction\":[{\"@type\":\"ReadAction\",\"target\":[\"https:\\\/\\\/booksfrommexico.com\\\/es\\\/producto\\\/aqui-es-tijuana\\\/\"]}]},{\"@type\":\"ImageObject\",\"inLanguage\":\"es\",\"@id\":\"https:\\\/\\\/booksfrommexico.com\\\/es\\\/producto\\\/aqui-es-tijuana\\\/#primaryimage\",\"url\":\"https:\\\/\\\/booksfrommexico.com\\\/app\\\/uploads\\\/2023\\\/05\\\/133420.jpeg\",\"contentUrl\":\"https:\\\/\\\/booksfrommexico.com\\\/app\\\/uploads\\\/2023\\\/05\\\/133420.jpeg\",\"width\":601,\"height\":718,\"caption\":\"Aqu\u00ed es Tijuana. Books From M\u00e9xico\"},{\"@type\":\"BreadcrumbList\",\"@id\":\"https:\\\/\\\/booksfrommexico.com\\\/es\\\/producto\\\/aqui-es-tijuana\\\/#breadcrumb\",\"itemListElement\":[{\"@type\":\"ListItem\",\"position\":1,\"name\":\"Home\",\"item\":\"https:\\\/\\\/booksfrommexico.com\\\/es\\\/\"},{\"@type\":\"ListItem\",\"position\":2,\"name\":\"Libros\",\"item\":\"https:\\\/\\\/booksfrommexico.com\\\/es\\\/libros\\\/\"},{\"@type\":\"ListItem\",\"position\":3,\"name\":\"Aqu\u00ed es Tijuana!\"}]},{\"@type\":\"WebSite\",\"@id\":\"https:\\\/\\\/booksfrommexico.com\\\/#website\",\"url\":\"https:\\\/\\\/booksfrommexico.com\\\/\",\"name\":\"Books From Mexico\",\"description\":\"\",\"publisher\":{\"@id\":\"https:\\\/\\\/booksfrommexico.com\\\/#organization\"},\"potentialAction\":[{\"@type\":\"SearchAction\",\"target\":{\"@type\":\"EntryPoint\",\"urlTemplate\":\"https:\\\/\\\/booksfrommexico.com\\\/?s={search_term_string}\"},\"query-input\":{\"@type\":\"PropertyValueSpecification\",\"valueRequired\":true,\"valueName\":\"search_term_string\"}}],\"inLanguage\":\"es\"},{\"@type\":\"Organization\",\"@id\":\"https:\\\/\\\/booksfrommexico.com\\\/#organization\",\"name\":\"Books From Mexico\",\"url\":\"https:\\\/\\\/booksfrommexico.com\\\/\",\"logo\":{\"@type\":\"ImageObject\",\"inLanguage\":\"es\",\"@id\":\"https:\\\/\\\/booksfrommexico.com\\\/#\\\/schema\\\/logo\\\/image\\\/\",\"url\":\"https:\\\/\\\/booksfrommexico.com\\\/app\\\/uploads\\\/2023\\\/05\\\/logo-booksfrommexico.svg\",\"contentUrl\":\"https:\\\/\\\/booksfrommexico.com\\\/app\\\/uploads\\\/2023\\\/05\\\/logo-booksfrommexico.svg\",\"width\":86,\"height\":56,\"caption\":\"Books From Mexico\"},\"image\":{\"@id\":\"https:\\\/\\\/booksfrommexico.com\\\/#\\\/schema\\\/logo\\\/image\\\/\"}}]}<\/script>\n<!-- \/ Yoast SEO plugin. -->","yoast_head_json":{"title":"Aqu\u00ed es Tijuana!","description":"AQU\u00cd ES TIJUANA! . \/ Fiamma Montezemolo, Ren\u00e9 Peralta, Heriberto Yepez. Black Dog Publishing ; Universidad Aut\u00f3noma de Baja California, 2006.","robots":{"index":"index","follow":"follow","max-snippet":"max-snippet:-1","max-image-preview":"max-image-preview:large","max-video-preview":"max-video-preview:-1"},"canonical":"https:\/\/booksfrommexico.com\/es\/producto\/aqui-es-tijuana\/","og_locale":"es_ES","og_type":"article","og_title":"Aqu\u00ed es Tijuana!","og_description":"AQU\u00cd ES TIJUANA! . \/ Fiamma Montezemolo, Ren\u00e9 Peralta, Heriberto Yepez. Black Dog Publishing ; Universidad Aut\u00f3noma de Baja California, 2006.","og_url":"https:\/\/booksfrommexico.com\/es\/producto\/aqui-es-tijuana\/","og_site_name":"Books From Mexico","article_modified_time":"2024-07-12T17:20:50+00:00","og_image":[{"width":601,"height":718,"url":"http:\/\/booksfrommexico.com\/app\/uploads\/2023\/05\/133420.jpeg","type":"image\/jpeg"}],"twitter_card":"summary_large_image","twitter_misc":{"Tiempo de lectura":"1 minuto"},"schema":{"@context":"https:\/\/schema.org","@graph":[{"@type":"WebPage","@id":"https:\/\/booksfrommexico.com\/es\/producto\/aqui-es-tijuana\/","url":"https:\/\/booksfrommexico.com\/es\/producto\/aqui-es-tijuana\/","name":"Aqu\u00ed es Tijuana!","isPartOf":{"@id":"https:\/\/booksfrommexico.com\/#website"},"primaryImageOfPage":{"@id":"https:\/\/booksfrommexico.com\/es\/producto\/aqui-es-tijuana\/#primaryimage"},"image":{"@id":"https:\/\/booksfrommexico.com\/es\/producto\/aqui-es-tijuana\/#primaryimage"},"thumbnailUrl":"https:\/\/booksfrommexico.com\/app\/uploads\/2023\/05\/133420.jpeg","datePublished":"2023-05-08T17:05:09+00:00","dateModified":"2024-07-12T17:20:50+00:00","description":"AQU\u00cd ES TIJUANA! . \/ Fiamma Montezemolo, Ren\u00e9 Peralta, Heriberto Yepez. Black Dog Publishing ; Universidad Aut\u00f3noma de Baja California, 2006.","breadcrumb":{"@id":"https:\/\/booksfrommexico.com\/es\/producto\/aqui-es-tijuana\/#breadcrumb"},"inLanguage":"es","potentialAction":[{"@type":"ReadAction","target":["https:\/\/booksfrommexico.com\/es\/producto\/aqui-es-tijuana\/"]}]},{"@type":"ImageObject","inLanguage":"es","@id":"https:\/\/booksfrommexico.com\/es\/producto\/aqui-es-tijuana\/#primaryimage","url":"https:\/\/booksfrommexico.com\/app\/uploads\/2023\/05\/133420.jpeg","contentUrl":"https:\/\/booksfrommexico.com\/app\/uploads\/2023\/05\/133420.jpeg","width":601,"height":718,"caption":"Aqu\u00ed es Tijuana. Books From M\u00e9xico"},{"@type":"BreadcrumbList","@id":"https:\/\/booksfrommexico.com\/es\/producto\/aqui-es-tijuana\/#breadcrumb","itemListElement":[{"@type":"ListItem","position":1,"name":"Home","item":"https:\/\/booksfrommexico.com\/es\/"},{"@type":"ListItem","position":2,"name":"Libros","item":"https:\/\/booksfrommexico.com\/es\/libros\/"},{"@type":"ListItem","position":3,"name":"Aqu\u00ed es Tijuana!"}]},{"@type":"WebSite","@id":"https:\/\/booksfrommexico.com\/#website","url":"https:\/\/booksfrommexico.com\/","name":"Books From Mexico","description":"","publisher":{"@id":"https:\/\/booksfrommexico.com\/#organization"},"potentialAction":[{"@type":"SearchAction","target":{"@type":"EntryPoint","urlTemplate":"https:\/\/booksfrommexico.com\/?s={search_term_string}"},"query-input":{"@type":"PropertyValueSpecification","valueRequired":true,"valueName":"search_term_string"}}],"inLanguage":"es"},{"@type":"Organization","@id":"https:\/\/booksfrommexico.com\/#organization","name":"Books From Mexico","url":"https:\/\/booksfrommexico.com\/","logo":{"@type":"ImageObject","inLanguage":"es","@id":"https:\/\/booksfrommexico.com\/#\/schema\/logo\/image\/","url":"https:\/\/booksfrommexico.com\/app\/uploads\/2023\/05\/logo-booksfrommexico.svg","contentUrl":"https:\/\/booksfrommexico.com\/app\/uploads\/2023\/05\/logo-booksfrommexico.svg","width":86,"height":56,"caption":"Books From Mexico"},"image":{"@id":"https:\/\/booksfrommexico.com\/#\/schema\/logo\/image\/"}}]}},"_links":{"self":[{"href":"https:\/\/booksfrommexico.com\/es\/wp-json\/wp\/v2\/product\/654","targetHints":{"allow":["GET"]}}],"collection":[{"href":"https:\/\/booksfrommexico.com\/es\/wp-json\/wp\/v2\/product"}],"about":[{"href":"https:\/\/booksfrommexico.com\/es\/wp-json\/wp\/v2\/types\/product"}],"wp:featuredmedia":[{"embeddable":true,"href":"https:\/\/booksfrommexico.com\/es\/wp-json\/wp\/v2\/media\/653"}],"wp:attachment":[{"href":"https:\/\/booksfrommexico.com\/es\/wp-json\/wp\/v2\/media?parent=654"}],"wp:term":[{"taxonomy":"product_brand","embeddable":true,"href":"https:\/\/booksfrommexico.com\/es\/wp-json\/wp\/v2\/product_brand?post=654"},{"taxonomy":"product_cat","embeddable":true,"href":"https:\/\/booksfrommexico.com\/es\/wp-json\/wp\/v2\/product_cat?post=654"},{"taxonomy":"product_tag","embeddable":true,"href":"https:\/\/booksfrommexico.com\/es\/wp-json\/wp\/v2\/product_tag?post=654"}],"curies":[{"name":"wp","href":"https:\/\/api.w.org\/{rel}","templated":true}]}}