{"id":6543,"date":"2024-05-27T21:20:44","date_gmt":"2024-05-27T21:20:44","guid":{"rendered":"https:\/\/booksfrommexico.com\/product\/diccionario-yolem-sea\/"},"modified":"2024-05-27T23:35:11","modified_gmt":"2024-05-27T23:35:11","slug":"diccionario-yolem-sea","status":"publish","type":"product","link":"https:\/\/booksfrommexico.com\/es\/producto\/diccionario-yolem-sea\/","title":{"rendered":"Diccionario (Yorem seewa): Yorem N\u00f3kki-Espa\u00f1ol \/ Espa\u00f1ol-Yorem N\u00f3kki"},"content":{"rendered":"<p><span style=\"font-weight: 400;\">El lenguaje est\u00e1 ligado directamente a los pensamientos, ideas, creencias y tradiciones de sus hablantes, por lo cual es fundamental mantenerlo para as\u00ed preservar la cultura de los pueblos ind\u00edgenas. Con la intenci\u00f3n de conservar el conocimiento de la lengua ind\u00edgena Yoreme-Mayo (Yorem N\u00f3kki) usada principalmente en zonas Sinaloa y Sonora, el autor realiz\u00f3 este diccionario donde se recopilan palabras y se traducen directamente al espa\u00f1ol. En segunda instancia, se pretende que este t\u00edtulo sirva a la generaci\u00f3n actual y a las venideras para aprender esta lengua, tanto escrita como hablada, as\u00ed como para el p\u00fablico en general que guarde inter\u00e9s en dominarla.\u00a0<\/span><\/p>\n","protected":false},"excerpt":{"rendered":"<p>DICCIONARIO\u00a0 (YOLEM SEEWA) : YOREM N\u00d3KKI-ESPA\u00d1OL \/ ESPA\u00d1OL-YOREM N\u00d3KKI<span style=\"font-weight: 400;\">. \/ N\u00e9stor Aguilar Vel\u00e1zquez. Sinaloa, M\u00e9xico : Creativo7editorial ; Gobierno del Estado de Sinaloa , Puro Sinaloa Calidad , Instituto Cultural Sinaloense de Cultura ; Consejo Nacional para la Cultura y las Artes ; Programa de Apoyos a las Culturas Municipales y Comunitarias, 2020. 455 pages : includes bibliography ; 27 cm. <\/span><\/p>\n","protected":false},"featured_media":6545,"template":"","meta":{"_acf_changed":false,"inline_featured_image":false},"product_brand":[],"product_cat":[169,3166],"product_tag":[],"class_list":{"0":"post-6543","1":"product","2":"type-product","3":"status-publish","4":"has-post-thumbnail","6":"product_cat-lengua-y-linguistica","7":"product_cat-lenguas-y-linguisticas-indigenas-lengua-y-linguistica","9":"first","10":"outofstock","11":"taxable","12":"shipping-taxable","13":"purchasable","14":"product-type-simple"},"acf":[],"yoast_head":"<!-- This site is optimized with the Yoast SEO plugin v27.3 - https:\/\/yoast.com\/product\/yoast-seo-wordpress\/ -->\n<title>Diccionario (Yorem seewa): Yorem N\u00f3kki-Espa\u00f1ol\/Espa\u00f1ol-Yorem...<\/title>\n<meta name=\"description\" content=\"DICCIONARIO (YOLEM SEEWA) : YOREM N\u00d3KKI-ESPA\u00d1OL \/ ESPA\u00d1OL-YOREM N\u00d3KKI. \/ N\u00e9stor Aguilar Vel\u00e1zquez. Sinaloa, M\u00e9xico : Creativo7editorial. 2020.\" \/>\n<meta name=\"robots\" content=\"index, follow, max-snippet:-1, max-image-preview:large, max-video-preview:-1\" \/>\n<link rel=\"canonical\" href=\"https:\/\/booksfrommexico.com\/es\/producto\/diccionario-yolem-sea\/\" \/>\n<meta property=\"og:locale\" content=\"es_ES\" \/>\n<meta property=\"og:type\" content=\"article\" \/>\n<meta property=\"og:title\" content=\"Diccionario (Yorem seewa): Yorem N\u00f3kki-Espa\u00f1ol\/Espa\u00f1ol-Yorem...\" \/>\n<meta property=\"og:description\" content=\"DICCIONARIO (YOLEM SEEWA) : YOREM N\u00d3KKI-ESPA\u00d1OL \/ ESPA\u00d1OL-YOREM N\u00d3KKI. \/ N\u00e9stor Aguilar Vel\u00e1zquez. Sinaloa, M\u00e9xico : Creativo7editorial. 2020.\" \/>\n<meta property=\"og:url\" content=\"https:\/\/booksfrommexico.com\/es\/producto\/diccionario-yolem-sea\/\" \/>\n<meta property=\"og:site_name\" content=\"Books From Mexico\" \/>\n<meta property=\"article:modified_time\" content=\"2024-05-27T23:35:11+00:00\" \/>\n<meta property=\"og:image\" content=\"http:\/\/booksfrommexico.com\/app\/uploads\/2024\/05\/202668.jpeg\" \/>\n\t<meta property=\"og:image:width\" content=\"594\" \/>\n\t<meta property=\"og:image:height\" content=\"794\" \/>\n\t<meta property=\"og:image:type\" content=\"image\/jpeg\" \/>\n<meta name=\"twitter:card\" content=\"summary_large_image\" \/>\n<meta name=\"twitter:label1\" content=\"Tiempo de lectura\" \/>\n\t<meta name=\"twitter:data1\" content=\"1 minuto\" \/>\n<script type=\"application\/ld+json\" class=\"yoast-schema-graph\">{\"@context\":\"https:\\\/\\\/schema.org\",\"@graph\":[{\"@type\":\"WebPage\",\"@id\":\"https:\\\/\\\/booksfrommexico.com\\\/es\\\/producto\\\/diccionario-yolem-sea\\\/\",\"url\":\"https:\\\/\\\/booksfrommexico.com\\\/es\\\/producto\\\/diccionario-yolem-sea\\\/\",\"name\":\"Diccionario (Yorem seewa): Yorem N\u00f3kki-Espa\u00f1ol\\\/Espa\u00f1ol-Yorem...\",\"isPartOf\":{\"@id\":\"https:\\\/\\\/booksfrommexico.com\\\/#website\"},\"primaryImageOfPage\":{\"@id\":\"https:\\\/\\\/booksfrommexico.com\\\/es\\\/producto\\\/diccionario-yolem-sea\\\/#primaryimage\"},\"image\":{\"@id\":\"https:\\\/\\\/booksfrommexico.com\\\/es\\\/producto\\\/diccionario-yolem-sea\\\/#primaryimage\"},\"thumbnailUrl\":\"https:\\\/\\\/booksfrommexico.com\\\/app\\\/uploads\\\/2024\\\/05\\\/202668.jpeg\",\"datePublished\":\"2024-05-27T21:20:44+00:00\",\"dateModified\":\"2024-05-27T23:35:11+00:00\",\"description\":\"DICCIONARIO (YOLEM SEEWA) : YOREM N\u00d3KKI-ESPA\u00d1OL \\\/ ESPA\u00d1OL-YOREM N\u00d3KKI. \\\/ N\u00e9stor Aguilar Vel\u00e1zquez. Sinaloa, M\u00e9xico : Creativo7editorial. 2020.\",\"breadcrumb\":{\"@id\":\"https:\\\/\\\/booksfrommexico.com\\\/es\\\/producto\\\/diccionario-yolem-sea\\\/#breadcrumb\"},\"inLanguage\":\"es\",\"potentialAction\":[{\"@type\":\"ReadAction\",\"target\":[\"https:\\\/\\\/booksfrommexico.com\\\/es\\\/producto\\\/diccionario-yolem-sea\\\/\"]}]},{\"@type\":\"ImageObject\",\"inLanguage\":\"es\",\"@id\":\"https:\\\/\\\/booksfrommexico.com\\\/es\\\/producto\\\/diccionario-yolem-sea\\\/#primaryimage\",\"url\":\"https:\\\/\\\/booksfrommexico.com\\\/app\\\/uploads\\\/2024\\\/05\\\/202668.jpeg\",\"contentUrl\":\"https:\\\/\\\/booksfrommexico.com\\\/app\\\/uploads\\\/2024\\\/05\\\/202668.jpeg\",\"width\":594,\"height\":794,\"caption\":\"Diccionario yolem seewa\"},{\"@type\":\"BreadcrumbList\",\"@id\":\"https:\\\/\\\/booksfrommexico.com\\\/es\\\/producto\\\/diccionario-yolem-sea\\\/#breadcrumb\",\"itemListElement\":[{\"@type\":\"ListItem\",\"position\":1,\"name\":\"Home\",\"item\":\"https:\\\/\\\/booksfrommexico.com\\\/es\\\/\"},{\"@type\":\"ListItem\",\"position\":2,\"name\":\"Libros\",\"item\":\"https:\\\/\\\/booksfrommexico.com\\\/es\\\/libros\\\/\"},{\"@type\":\"ListItem\",\"position\":3,\"name\":\"Diccionario (Yorem seewa): Yorem N\u00f3kki-Espa\u00f1ol \\\/ Espa\u00f1ol-Yorem N\u00f3kki\"}]},{\"@type\":\"WebSite\",\"@id\":\"https:\\\/\\\/booksfrommexico.com\\\/#website\",\"url\":\"https:\\\/\\\/booksfrommexico.com\\\/\",\"name\":\"Books From Mexico\",\"description\":\"\",\"publisher\":{\"@id\":\"https:\\\/\\\/booksfrommexico.com\\\/#organization\"},\"potentialAction\":[{\"@type\":\"SearchAction\",\"target\":{\"@type\":\"EntryPoint\",\"urlTemplate\":\"https:\\\/\\\/booksfrommexico.com\\\/?s={search_term_string}\"},\"query-input\":{\"@type\":\"PropertyValueSpecification\",\"valueRequired\":true,\"valueName\":\"search_term_string\"}}],\"inLanguage\":\"es\"},{\"@type\":\"Organization\",\"@id\":\"https:\\\/\\\/booksfrommexico.com\\\/#organization\",\"name\":\"Books From Mexico\",\"url\":\"https:\\\/\\\/booksfrommexico.com\\\/\",\"logo\":{\"@type\":\"ImageObject\",\"inLanguage\":\"es\",\"@id\":\"https:\\\/\\\/booksfrommexico.com\\\/#\\\/schema\\\/logo\\\/image\\\/\",\"url\":\"https:\\\/\\\/booksfrommexico.com\\\/app\\\/uploads\\\/2023\\\/05\\\/logo-booksfrommexico.svg\",\"contentUrl\":\"https:\\\/\\\/booksfrommexico.com\\\/app\\\/uploads\\\/2023\\\/05\\\/logo-booksfrommexico.svg\",\"width\":86,\"height\":56,\"caption\":\"Books From Mexico\"},\"image\":{\"@id\":\"https:\\\/\\\/booksfrommexico.com\\\/#\\\/schema\\\/logo\\\/image\\\/\"}}]}<\/script>\n<!-- \/ Yoast SEO plugin. -->","yoast_head_json":{"title":"Diccionario (Yorem seewa): Yorem N\u00f3kki-Espa\u00f1ol\/Espa\u00f1ol-Yorem...","description":"DICCIONARIO (YOLEM SEEWA) : YOREM N\u00d3KKI-ESPA\u00d1OL \/ ESPA\u00d1OL-YOREM N\u00d3KKI. \/ N\u00e9stor Aguilar Vel\u00e1zquez. Sinaloa, M\u00e9xico : Creativo7editorial. 2020.","robots":{"index":"index","follow":"follow","max-snippet":"max-snippet:-1","max-image-preview":"max-image-preview:large","max-video-preview":"max-video-preview:-1"},"canonical":"https:\/\/booksfrommexico.com\/es\/producto\/diccionario-yolem-sea\/","og_locale":"es_ES","og_type":"article","og_title":"Diccionario (Yorem seewa): Yorem N\u00f3kki-Espa\u00f1ol\/Espa\u00f1ol-Yorem...","og_description":"DICCIONARIO (YOLEM SEEWA) : YOREM N\u00d3KKI-ESPA\u00d1OL \/ ESPA\u00d1OL-YOREM N\u00d3KKI. \/ N\u00e9stor Aguilar Vel\u00e1zquez. Sinaloa, M\u00e9xico : Creativo7editorial. 2020.","og_url":"https:\/\/booksfrommexico.com\/es\/producto\/diccionario-yolem-sea\/","og_site_name":"Books From Mexico","article_modified_time":"2024-05-27T23:35:11+00:00","og_image":[{"width":594,"height":794,"url":"http:\/\/booksfrommexico.com\/app\/uploads\/2024\/05\/202668.jpeg","type":"image\/jpeg"}],"twitter_card":"summary_large_image","twitter_misc":{"Tiempo de lectura":"1 minuto"},"schema":{"@context":"https:\/\/schema.org","@graph":[{"@type":"WebPage","@id":"https:\/\/booksfrommexico.com\/es\/producto\/diccionario-yolem-sea\/","url":"https:\/\/booksfrommexico.com\/es\/producto\/diccionario-yolem-sea\/","name":"Diccionario (Yorem seewa): Yorem N\u00f3kki-Espa\u00f1ol\/Espa\u00f1ol-Yorem...","isPartOf":{"@id":"https:\/\/booksfrommexico.com\/#website"},"primaryImageOfPage":{"@id":"https:\/\/booksfrommexico.com\/es\/producto\/diccionario-yolem-sea\/#primaryimage"},"image":{"@id":"https:\/\/booksfrommexico.com\/es\/producto\/diccionario-yolem-sea\/#primaryimage"},"thumbnailUrl":"https:\/\/booksfrommexico.com\/app\/uploads\/2024\/05\/202668.jpeg","datePublished":"2024-05-27T21:20:44+00:00","dateModified":"2024-05-27T23:35:11+00:00","description":"DICCIONARIO (YOLEM SEEWA) : YOREM N\u00d3KKI-ESPA\u00d1OL \/ ESPA\u00d1OL-YOREM N\u00d3KKI. \/ N\u00e9stor Aguilar Vel\u00e1zquez. Sinaloa, M\u00e9xico : Creativo7editorial. 2020.","breadcrumb":{"@id":"https:\/\/booksfrommexico.com\/es\/producto\/diccionario-yolem-sea\/#breadcrumb"},"inLanguage":"es","potentialAction":[{"@type":"ReadAction","target":["https:\/\/booksfrommexico.com\/es\/producto\/diccionario-yolem-sea\/"]}]},{"@type":"ImageObject","inLanguage":"es","@id":"https:\/\/booksfrommexico.com\/es\/producto\/diccionario-yolem-sea\/#primaryimage","url":"https:\/\/booksfrommexico.com\/app\/uploads\/2024\/05\/202668.jpeg","contentUrl":"https:\/\/booksfrommexico.com\/app\/uploads\/2024\/05\/202668.jpeg","width":594,"height":794,"caption":"Diccionario yolem seewa"},{"@type":"BreadcrumbList","@id":"https:\/\/booksfrommexico.com\/es\/producto\/diccionario-yolem-sea\/#breadcrumb","itemListElement":[{"@type":"ListItem","position":1,"name":"Home","item":"https:\/\/booksfrommexico.com\/es\/"},{"@type":"ListItem","position":2,"name":"Libros","item":"https:\/\/booksfrommexico.com\/es\/libros\/"},{"@type":"ListItem","position":3,"name":"Diccionario (Yorem seewa): Yorem N\u00f3kki-Espa\u00f1ol \/ Espa\u00f1ol-Yorem N\u00f3kki"}]},{"@type":"WebSite","@id":"https:\/\/booksfrommexico.com\/#website","url":"https:\/\/booksfrommexico.com\/","name":"Books From Mexico","description":"","publisher":{"@id":"https:\/\/booksfrommexico.com\/#organization"},"potentialAction":[{"@type":"SearchAction","target":{"@type":"EntryPoint","urlTemplate":"https:\/\/booksfrommexico.com\/?s={search_term_string}"},"query-input":{"@type":"PropertyValueSpecification","valueRequired":true,"valueName":"search_term_string"}}],"inLanguage":"es"},{"@type":"Organization","@id":"https:\/\/booksfrommexico.com\/#organization","name":"Books From Mexico","url":"https:\/\/booksfrommexico.com\/","logo":{"@type":"ImageObject","inLanguage":"es","@id":"https:\/\/booksfrommexico.com\/#\/schema\/logo\/image\/","url":"https:\/\/booksfrommexico.com\/app\/uploads\/2023\/05\/logo-booksfrommexico.svg","contentUrl":"https:\/\/booksfrommexico.com\/app\/uploads\/2023\/05\/logo-booksfrommexico.svg","width":86,"height":56,"caption":"Books From Mexico"},"image":{"@id":"https:\/\/booksfrommexico.com\/#\/schema\/logo\/image\/"}}]}},"_links":{"self":[{"href":"https:\/\/booksfrommexico.com\/es\/wp-json\/wp\/v2\/product\/6543","targetHints":{"allow":["GET"]}}],"collection":[{"href":"https:\/\/booksfrommexico.com\/es\/wp-json\/wp\/v2\/product"}],"about":[{"href":"https:\/\/booksfrommexico.com\/es\/wp-json\/wp\/v2\/types\/product"}],"wp:featuredmedia":[{"embeddable":true,"href":"https:\/\/booksfrommexico.com\/es\/wp-json\/wp\/v2\/media\/6545"}],"wp:attachment":[{"href":"https:\/\/booksfrommexico.com\/es\/wp-json\/wp\/v2\/media?parent=6543"}],"wp:term":[{"taxonomy":"product_brand","embeddable":true,"href":"https:\/\/booksfrommexico.com\/es\/wp-json\/wp\/v2\/product_brand?post=6543"},{"taxonomy":"product_cat","embeddable":true,"href":"https:\/\/booksfrommexico.com\/es\/wp-json\/wp\/v2\/product_cat?post=6543"},{"taxonomy":"product_tag","embeddable":true,"href":"https:\/\/booksfrommexico.com\/es\/wp-json\/wp\/v2\/product_tag?post=6543"}],"curies":[{"name":"wp","href":"https:\/\/api.w.org\/{rel}","templated":true}]}}