{"id":656,"date":"2023-05-08T17:05:10","date_gmt":"2023-05-08T17:05:10","guid":{"rendered":"http:\/\/booksfrommexico.com\/product\/identidad-hispanica-latina-una-perspectiva-filosofica\/"},"modified":"2024-07-12T17:56:05","modified_gmt":"2024-07-12T17:56:05","slug":"identidad-hispanica-latina-una-perspectiva-filosofica","status":"publish","type":"product","link":"https:\/\/booksfrommexico.com\/es\/producto\/identidad-hispanica-latina-una-perspectiva-filosofica\/","title":{"rendered":"Identidad hisp\u00e1nica\/latina: una perspectiva filos\u00f3fica"},"content":{"rendered":"<p><span style=\"font-weight: 400;\">En el contexto global la presencia de los hispanos y latinos es una fuerza creciente que ha adquirido poder econ\u00f3mico y pol\u00edtico por doquier, en especial por el hecho de que Sudam\u00e9rica es casi exclusivamente hispana\/am\u00e9rica, una tercera parte de Norteam\u00e9rica lo es y hay representaci\u00f3n en Europa por la pen\u00ednsula ib\u00e9rica. En esta tesis, Jorge Gracia defiende que los hispanos y latinos son un pueblo con una identidad fundada en una compleja historia, identidad que no es ni debe ser homog\u00e9nea. Este t\u00edtulo es, adem\u00e1s, una invitaci\u00f3n a reconocer nuestra diferencia y hacer de ello un fundamento para la tolerancia, aceptaci\u00f3n\u00a0 y reconocimiento.<\/span><\/p>\n","protected":false},"excerpt":{"rendered":"<p>IDENTIDAD HISP\u00c1NICA\/LATINA : UNA PERSPECTIVA FILOS\u00d3FICA<span style=\"font-weight: 400;\">. \/ Jorge J. E. Gracia. M\u00e9xico, D.F. : Paid\u00f3s Mexicana, 2006. 242 pages : bibliographic references, bibliography ; 24 cm. (Colecci\u00f3n Croma). ISBN : 968853658X.<\/span><\/p>\n","protected":false},"featured_media":655,"template":"","meta":{"_acf_changed":false,"inline_featured_image":false},"product_brand":[],"product_cat":[26],"product_tag":[3659,3855,4406,3880],"class_list":{"0":"post-656","1":"product","2":"type-product","3":"status-publish","4":"has-post-thumbnail","6":"product_cat-ensayo-literatura","7":"product_tag-condiciones-sociales","8":"product_tag-ensayos","9":"product_tag-filosofia","10":"product_tag-identidad-cultural","12":"first","13":"instock","14":"taxable","15":"shipping-taxable","16":"purchasable","17":"product-type-simple"},"acf":[],"yoast_head":"<!-- This site is optimized with the Yoast SEO plugin v27.3 - https:\/\/yoast.com\/product\/yoast-seo-wordpress\/ -->\n<title>Identidad hisp\u00e1nica\/latina: una perspectiva filos\u00f3fica<\/title>\n<meta name=\"description\" content=\"IDENTIDAD HISP\u00c1NICA\/LATINA : UNA PERSPECTIVA FILOS\u00d3FICA. \/ Jorge J. E. Gracia. M\u00e9xico, D.F. : Paid\u00f3s Mexicana, 2006. (Colecci\u00f3n Croma). ISBN : 968853658X.\" \/>\n<meta name=\"robots\" content=\"index, follow, max-snippet:-1, max-image-preview:large, max-video-preview:-1\" \/>\n<link rel=\"canonical\" href=\"https:\/\/booksfrommexico.com\/es\/producto\/identidad-hispanica-latina-una-perspectiva-filosofica\/\" \/>\n<meta property=\"og:locale\" content=\"es_ES\" \/>\n<meta property=\"og:type\" content=\"article\" \/>\n<meta property=\"og:title\" content=\"Identidad hisp\u00e1nica\/latina: una perspectiva filos\u00f3fica\" \/>\n<meta property=\"og:description\" content=\"IDENTIDAD HISP\u00c1NICA\/LATINA : UNA PERSPECTIVA FILOS\u00d3FICA. \/ Jorge J. E. Gracia. M\u00e9xico, D.F. : Paid\u00f3s Mexicana, 2006. (Colecci\u00f3n Croma). ISBN : 968853658X.\" \/>\n<meta property=\"og:url\" content=\"https:\/\/booksfrommexico.com\/es\/producto\/identidad-hispanica-latina-una-perspectiva-filosofica\/\" \/>\n<meta property=\"og:site_name\" content=\"Books From Mexico\" \/>\n<meta property=\"article:modified_time\" content=\"2024-07-12T17:56:05+00:00\" \/>\n<meta property=\"og:image\" content=\"http:\/\/booksfrommexico.com\/app\/uploads\/2023\/05\/133270.jpeg\" \/>\n\t<meta property=\"og:image:width\" content=\"442\" \/>\n\t<meta property=\"og:image:height\" content=\"675\" \/>\n\t<meta property=\"og:image:type\" content=\"image\/jpeg\" \/>\n<meta name=\"twitter:card\" content=\"summary_large_image\" \/>\n<meta name=\"twitter:label1\" content=\"Tiempo de lectura\" \/>\n\t<meta name=\"twitter:data1\" content=\"1 minuto\" \/>\n<script type=\"application\/ld+json\" class=\"yoast-schema-graph\">{\"@context\":\"https:\\\/\\\/schema.org\",\"@graph\":[{\"@type\":\"WebPage\",\"@id\":\"https:\\\/\\\/booksfrommexico.com\\\/es\\\/producto\\\/identidad-hispanica-latina-una-perspectiva-filosofica\\\/\",\"url\":\"https:\\\/\\\/booksfrommexico.com\\\/es\\\/producto\\\/identidad-hispanica-latina-una-perspectiva-filosofica\\\/\",\"name\":\"Identidad hisp\u00e1nica\\\/latina: una perspectiva filos\u00f3fica\",\"isPartOf\":{\"@id\":\"https:\\\/\\\/booksfrommexico.com\\\/#website\"},\"primaryImageOfPage\":{\"@id\":\"https:\\\/\\\/booksfrommexico.com\\\/es\\\/producto\\\/identidad-hispanica-latina-una-perspectiva-filosofica\\\/#primaryimage\"},\"image\":{\"@id\":\"https:\\\/\\\/booksfrommexico.com\\\/es\\\/producto\\\/identidad-hispanica-latina-una-perspectiva-filosofica\\\/#primaryimage\"},\"thumbnailUrl\":\"https:\\\/\\\/booksfrommexico.com\\\/app\\\/uploads\\\/2023\\\/05\\\/133270.jpeg\",\"datePublished\":\"2023-05-08T17:05:10+00:00\",\"dateModified\":\"2024-07-12T17:56:05+00:00\",\"description\":\"IDENTIDAD HISP\u00c1NICA\\\/LATINA : UNA PERSPECTIVA FILOS\u00d3FICA. \\\/ Jorge J. E. Gracia. M\u00e9xico, D.F. : Paid\u00f3s Mexicana, 2006. (Colecci\u00f3n Croma). ISBN : 968853658X.\",\"breadcrumb\":{\"@id\":\"https:\\\/\\\/booksfrommexico.com\\\/es\\\/producto\\\/identidad-hispanica-latina-una-perspectiva-filosofica\\\/#breadcrumb\"},\"inLanguage\":\"es\",\"potentialAction\":[{\"@type\":\"ReadAction\",\"target\":[\"https:\\\/\\\/booksfrommexico.com\\\/es\\\/producto\\\/identidad-hispanica-latina-una-perspectiva-filosofica\\\/\"]}]},{\"@type\":\"ImageObject\",\"inLanguage\":\"es\",\"@id\":\"https:\\\/\\\/booksfrommexico.com\\\/es\\\/producto\\\/identidad-hispanica-latina-una-perspectiva-filosofica\\\/#primaryimage\",\"url\":\"https:\\\/\\\/booksfrommexico.com\\\/app\\\/uploads\\\/2023\\\/05\\\/133270.jpeg\",\"contentUrl\":\"https:\\\/\\\/booksfrommexico.com\\\/app\\\/uploads\\\/2023\\\/05\\\/133270.jpeg\",\"width\":442,\"height\":675,\"caption\":\"Identidad hisp\u00e1nica \\\/ latina. Una perspectiva filos\u00f3fica. Books From M\u00e9xico\"},{\"@type\":\"BreadcrumbList\",\"@id\":\"https:\\\/\\\/booksfrommexico.com\\\/es\\\/producto\\\/identidad-hispanica-latina-una-perspectiva-filosofica\\\/#breadcrumb\",\"itemListElement\":[{\"@type\":\"ListItem\",\"position\":1,\"name\":\"Home\",\"item\":\"https:\\\/\\\/booksfrommexico.com\\\/es\\\/\"},{\"@type\":\"ListItem\",\"position\":2,\"name\":\"Libros\",\"item\":\"https:\\\/\\\/booksfrommexico.com\\\/es\\\/libros\\\/\"},{\"@type\":\"ListItem\",\"position\":3,\"name\":\"Identidad hisp\u00e1nica\\\/latina: una perspectiva filos\u00f3fica\"}]},{\"@type\":\"WebSite\",\"@id\":\"https:\\\/\\\/booksfrommexico.com\\\/#website\",\"url\":\"https:\\\/\\\/booksfrommexico.com\\\/\",\"name\":\"Books From Mexico\",\"description\":\"\",\"publisher\":{\"@id\":\"https:\\\/\\\/booksfrommexico.com\\\/#organization\"},\"potentialAction\":[{\"@type\":\"SearchAction\",\"target\":{\"@type\":\"EntryPoint\",\"urlTemplate\":\"https:\\\/\\\/booksfrommexico.com\\\/?s={search_term_string}\"},\"query-input\":{\"@type\":\"PropertyValueSpecification\",\"valueRequired\":true,\"valueName\":\"search_term_string\"}}],\"inLanguage\":\"es\"},{\"@type\":\"Organization\",\"@id\":\"https:\\\/\\\/booksfrommexico.com\\\/#organization\",\"name\":\"Books From Mexico\",\"url\":\"https:\\\/\\\/booksfrommexico.com\\\/\",\"logo\":{\"@type\":\"ImageObject\",\"inLanguage\":\"es\",\"@id\":\"https:\\\/\\\/booksfrommexico.com\\\/#\\\/schema\\\/logo\\\/image\\\/\",\"url\":\"https:\\\/\\\/booksfrommexico.com\\\/app\\\/uploads\\\/2023\\\/05\\\/logo-booksfrommexico.svg\",\"contentUrl\":\"https:\\\/\\\/booksfrommexico.com\\\/app\\\/uploads\\\/2023\\\/05\\\/logo-booksfrommexico.svg\",\"width\":86,\"height\":56,\"caption\":\"Books From Mexico\"},\"image\":{\"@id\":\"https:\\\/\\\/booksfrommexico.com\\\/#\\\/schema\\\/logo\\\/image\\\/\"}}]}<\/script>\n<!-- \/ Yoast SEO plugin. -->","yoast_head_json":{"title":"Identidad hisp\u00e1nica\/latina: una perspectiva filos\u00f3fica","description":"IDENTIDAD HISP\u00c1NICA\/LATINA : UNA PERSPECTIVA FILOS\u00d3FICA. \/ Jorge J. E. Gracia. M\u00e9xico, D.F. : Paid\u00f3s Mexicana, 2006. (Colecci\u00f3n Croma). ISBN : 968853658X.","robots":{"index":"index","follow":"follow","max-snippet":"max-snippet:-1","max-image-preview":"max-image-preview:large","max-video-preview":"max-video-preview:-1"},"canonical":"https:\/\/booksfrommexico.com\/es\/producto\/identidad-hispanica-latina-una-perspectiva-filosofica\/","og_locale":"es_ES","og_type":"article","og_title":"Identidad hisp\u00e1nica\/latina: una perspectiva filos\u00f3fica","og_description":"IDENTIDAD HISP\u00c1NICA\/LATINA : UNA PERSPECTIVA FILOS\u00d3FICA. \/ Jorge J. E. Gracia. M\u00e9xico, D.F. : Paid\u00f3s Mexicana, 2006. (Colecci\u00f3n Croma). ISBN : 968853658X.","og_url":"https:\/\/booksfrommexico.com\/es\/producto\/identidad-hispanica-latina-una-perspectiva-filosofica\/","og_site_name":"Books From Mexico","article_modified_time":"2024-07-12T17:56:05+00:00","og_image":[{"width":442,"height":675,"url":"http:\/\/booksfrommexico.com\/app\/uploads\/2023\/05\/133270.jpeg","type":"image\/jpeg"}],"twitter_card":"summary_large_image","twitter_misc":{"Tiempo de lectura":"1 minuto"},"schema":{"@context":"https:\/\/schema.org","@graph":[{"@type":"WebPage","@id":"https:\/\/booksfrommexico.com\/es\/producto\/identidad-hispanica-latina-una-perspectiva-filosofica\/","url":"https:\/\/booksfrommexico.com\/es\/producto\/identidad-hispanica-latina-una-perspectiva-filosofica\/","name":"Identidad hisp\u00e1nica\/latina: una perspectiva filos\u00f3fica","isPartOf":{"@id":"https:\/\/booksfrommexico.com\/#website"},"primaryImageOfPage":{"@id":"https:\/\/booksfrommexico.com\/es\/producto\/identidad-hispanica-latina-una-perspectiva-filosofica\/#primaryimage"},"image":{"@id":"https:\/\/booksfrommexico.com\/es\/producto\/identidad-hispanica-latina-una-perspectiva-filosofica\/#primaryimage"},"thumbnailUrl":"https:\/\/booksfrommexico.com\/app\/uploads\/2023\/05\/133270.jpeg","datePublished":"2023-05-08T17:05:10+00:00","dateModified":"2024-07-12T17:56:05+00:00","description":"IDENTIDAD HISP\u00c1NICA\/LATINA : UNA PERSPECTIVA FILOS\u00d3FICA. \/ Jorge J. E. Gracia. M\u00e9xico, D.F. : Paid\u00f3s Mexicana, 2006. (Colecci\u00f3n Croma). ISBN : 968853658X.","breadcrumb":{"@id":"https:\/\/booksfrommexico.com\/es\/producto\/identidad-hispanica-latina-una-perspectiva-filosofica\/#breadcrumb"},"inLanguage":"es","potentialAction":[{"@type":"ReadAction","target":["https:\/\/booksfrommexico.com\/es\/producto\/identidad-hispanica-latina-una-perspectiva-filosofica\/"]}]},{"@type":"ImageObject","inLanguage":"es","@id":"https:\/\/booksfrommexico.com\/es\/producto\/identidad-hispanica-latina-una-perspectiva-filosofica\/#primaryimage","url":"https:\/\/booksfrommexico.com\/app\/uploads\/2023\/05\/133270.jpeg","contentUrl":"https:\/\/booksfrommexico.com\/app\/uploads\/2023\/05\/133270.jpeg","width":442,"height":675,"caption":"Identidad hisp\u00e1nica \/ latina. Una perspectiva filos\u00f3fica. Books From M\u00e9xico"},{"@type":"BreadcrumbList","@id":"https:\/\/booksfrommexico.com\/es\/producto\/identidad-hispanica-latina-una-perspectiva-filosofica\/#breadcrumb","itemListElement":[{"@type":"ListItem","position":1,"name":"Home","item":"https:\/\/booksfrommexico.com\/es\/"},{"@type":"ListItem","position":2,"name":"Libros","item":"https:\/\/booksfrommexico.com\/es\/libros\/"},{"@type":"ListItem","position":3,"name":"Identidad hisp\u00e1nica\/latina: una perspectiva filos\u00f3fica"}]},{"@type":"WebSite","@id":"https:\/\/booksfrommexico.com\/#website","url":"https:\/\/booksfrommexico.com\/","name":"Books From Mexico","description":"","publisher":{"@id":"https:\/\/booksfrommexico.com\/#organization"},"potentialAction":[{"@type":"SearchAction","target":{"@type":"EntryPoint","urlTemplate":"https:\/\/booksfrommexico.com\/?s={search_term_string}"},"query-input":{"@type":"PropertyValueSpecification","valueRequired":true,"valueName":"search_term_string"}}],"inLanguage":"es"},{"@type":"Organization","@id":"https:\/\/booksfrommexico.com\/#organization","name":"Books From Mexico","url":"https:\/\/booksfrommexico.com\/","logo":{"@type":"ImageObject","inLanguage":"es","@id":"https:\/\/booksfrommexico.com\/#\/schema\/logo\/image\/","url":"https:\/\/booksfrommexico.com\/app\/uploads\/2023\/05\/logo-booksfrommexico.svg","contentUrl":"https:\/\/booksfrommexico.com\/app\/uploads\/2023\/05\/logo-booksfrommexico.svg","width":86,"height":56,"caption":"Books From Mexico"},"image":{"@id":"https:\/\/booksfrommexico.com\/#\/schema\/logo\/image\/"}}]}},"_links":{"self":[{"href":"https:\/\/booksfrommexico.com\/es\/wp-json\/wp\/v2\/product\/656","targetHints":{"allow":["GET"]}}],"collection":[{"href":"https:\/\/booksfrommexico.com\/es\/wp-json\/wp\/v2\/product"}],"about":[{"href":"https:\/\/booksfrommexico.com\/es\/wp-json\/wp\/v2\/types\/product"}],"wp:featuredmedia":[{"embeddable":true,"href":"https:\/\/booksfrommexico.com\/es\/wp-json\/wp\/v2\/media\/655"}],"wp:attachment":[{"href":"https:\/\/booksfrommexico.com\/es\/wp-json\/wp\/v2\/media?parent=656"}],"wp:term":[{"taxonomy":"product_brand","embeddable":true,"href":"https:\/\/booksfrommexico.com\/es\/wp-json\/wp\/v2\/product_brand?post=656"},{"taxonomy":"product_cat","embeddable":true,"href":"https:\/\/booksfrommexico.com\/es\/wp-json\/wp\/v2\/product_cat?post=656"},{"taxonomy":"product_tag","embeddable":true,"href":"https:\/\/booksfrommexico.com\/es\/wp-json\/wp\/v2\/product_tag?post=656"}],"curies":[{"name":"wp","href":"https:\/\/api.w.org\/{rel}","templated":true}]}}