{"id":6567,"date":"2024-05-28T21:56:10","date_gmt":"2024-05-28T21:56:10","guid":{"rendered":"https:\/\/booksfrommexico.com\/product\/permutaciones-para-el-estertor-del-mundo\/"},"modified":"2025-04-21T17:47:27","modified_gmt":"2025-04-21T17:47:27","slug":"permutaciones-para-el-estertor-del-mundo","status":"publish","type":"product","link":"https:\/\/booksfrommexico.com\/es\/producto\/permutaciones-para-el-estertor-del-mundo\/","title":{"rendered":"Permutaciones para el estertor del mundo"},"content":{"rendered":"<p><span style=\"font-weight: 400;\">Diego Ordaz es un escritor de Hidalgo del Parral, Coahuila, y en este t\u00edtulo se reafirma como una de las voces narrativas m\u00e1s sobresalientes del norte de M\u00e9xico. Dividido en 4 \u201cpermutaciones\u201d \u2013<\/span><i><span style=\"font-weight: 400;\">juego de nenes, juego de la noche, juego de chicas <\/span><\/i><span style=\"font-weight: 400;\">y <\/span><i><span style=\"font-weight: 400;\">\u00faltimas permutaciones<\/span><\/i><span style=\"font-weight: 400;\">\u2013 se presentan una serie de cuentos que llevan al lector por escenarios ir\u00f3nicos. Los personajes que navegan estas historias son yuxtapuestos entre la precariedad y la riqueza del lenguaje, junto a la cantidad de met\u00e1foras que envuelven al texto, provocando intriga y requiriendo de una lectura interactiva.<\/span><\/p>\n<p><br style=\"font-weight: 400;\" \/><br style=\"font-weight: 400;\" \/><\/p>\n","protected":false},"excerpt":{"rendered":"<p>PERMUTACIONES PARA EL ESTERTOR DEL MUNDO<span style=\"font-weight: 400;\">. \/ Diego Ordaz ; Erick Nungaray (illustrator). Torre\u00f3n, Coahuila, M\u00e9xico : Brown Buffalo Press, 2017. 96 pages : includes illustrations ; 14 cm. ISBN : 9780999031421.<\/span><\/p>\n","protected":false},"featured_media":6675,"template":"","meta":{"_acf_changed":false,"inline_featured_image":false},"product_brand":[],"product_cat":[37,25],"product_tag":[4127,4099],"class_list":{"0":"post-6567","1":"product","2":"type-product","3":"status-publish","4":"has-post-thumbnail","6":"product_cat-cuento-literatura","7":"product_cat-literatura","8":"product_tag-cuento","9":"product_tag-relato","11":"first","12":"outofstock","13":"taxable","14":"shipping-taxable","15":"purchasable","16":"product-type-simple"},"acf":[],"yoast_head":"<!-- This site is optimized with the Yoast SEO plugin v27.3 - https:\/\/yoast.com\/product\/yoast-seo-wordpress\/ -->\n<title>Permutaciones para el estertor del mundo<\/title>\n<meta name=\"description\" content=\"PERMUTACIONES PARA EL ESTERTOR DEL MUNDO. \/ Diego Ordaz ; Erick Nungaray (illustrator). Torre\u00f3n, Coahuila, M\u00e9xico : Brown Buffalo Press, 2017.\" \/>\n<meta name=\"robots\" content=\"index, follow, max-snippet:-1, max-image-preview:large, max-video-preview:-1\" \/>\n<link rel=\"canonical\" href=\"https:\/\/booksfrommexico.com\/es\/producto\/permutaciones-para-el-estertor-del-mundo\/\" \/>\n<meta property=\"og:locale\" content=\"es_ES\" \/>\n<meta property=\"og:type\" content=\"article\" \/>\n<meta property=\"og:title\" content=\"Permutaciones para el estertor del mundo\" \/>\n<meta property=\"og:description\" content=\"PERMUTACIONES PARA EL ESTERTOR DEL MUNDO. \/ Diego Ordaz ; Erick Nungaray (illustrator). Torre\u00f3n, Coahuila, M\u00e9xico : Brown Buffalo Press, 2017.\" \/>\n<meta property=\"og:url\" content=\"https:\/\/booksfrommexico.com\/es\/producto\/permutaciones-para-el-estertor-del-mundo\/\" \/>\n<meta property=\"og:site_name\" content=\"Books From Mexico\" \/>\n<meta property=\"article:modified_time\" content=\"2025-04-21T17:47:27+00:00\" \/>\n<meta property=\"og:image\" content=\"http:\/\/booksfrommexico.com\/app\/uploads\/2024\/05\/182327.jpg\" \/>\n\t<meta property=\"og:image:width\" content=\"391\" \/>\n\t<meta property=\"og:image:height\" content=\"540\" \/>\n\t<meta property=\"og:image:type\" content=\"image\/jpeg\" \/>\n<meta name=\"twitter:card\" content=\"summary_large_image\" \/>\n<meta name=\"twitter:label1\" content=\"Tiempo de lectura\" \/>\n\t<meta name=\"twitter:data1\" content=\"1 minuto\" \/>\n<script type=\"application\/ld+json\" class=\"yoast-schema-graph\">{\"@context\":\"https:\\\/\\\/schema.org\",\"@graph\":[{\"@type\":\"WebPage\",\"@id\":\"https:\\\/\\\/booksfrommexico.com\\\/es\\\/producto\\\/permutaciones-para-el-estertor-del-mundo\\\/\",\"url\":\"https:\\\/\\\/booksfrommexico.com\\\/es\\\/producto\\\/permutaciones-para-el-estertor-del-mundo\\\/\",\"name\":\"Permutaciones para el estertor del mundo\",\"isPartOf\":{\"@id\":\"https:\\\/\\\/booksfrommexico.com\\\/#website\"},\"primaryImageOfPage\":{\"@id\":\"https:\\\/\\\/booksfrommexico.com\\\/es\\\/producto\\\/permutaciones-para-el-estertor-del-mundo\\\/#primaryimage\"},\"image\":{\"@id\":\"https:\\\/\\\/booksfrommexico.com\\\/es\\\/producto\\\/permutaciones-para-el-estertor-del-mundo\\\/#primaryimage\"},\"thumbnailUrl\":\"https:\\\/\\\/booksfrommexico.com\\\/app\\\/uploads\\\/2024\\\/05\\\/182327.jpg\",\"datePublished\":\"2024-05-28T21:56:10+00:00\",\"dateModified\":\"2025-04-21T17:47:27+00:00\",\"description\":\"PERMUTACIONES PARA EL ESTERTOR DEL MUNDO. \\\/ Diego Ordaz ; Erick Nungaray (illustrator). Torre\u00f3n, Coahuila, M\u00e9xico : Brown Buffalo Press, 2017.\",\"breadcrumb\":{\"@id\":\"https:\\\/\\\/booksfrommexico.com\\\/es\\\/producto\\\/permutaciones-para-el-estertor-del-mundo\\\/#breadcrumb\"},\"inLanguage\":\"es\",\"potentialAction\":[{\"@type\":\"ReadAction\",\"target\":[\"https:\\\/\\\/booksfrommexico.com\\\/es\\\/producto\\\/permutaciones-para-el-estertor-del-mundo\\\/\"]}]},{\"@type\":\"ImageObject\",\"inLanguage\":\"es\",\"@id\":\"https:\\\/\\\/booksfrommexico.com\\\/es\\\/producto\\\/permutaciones-para-el-estertor-del-mundo\\\/#primaryimage\",\"url\":\"https:\\\/\\\/booksfrommexico.com\\\/app\\\/uploads\\\/2024\\\/05\\\/182327.jpg\",\"contentUrl\":\"https:\\\/\\\/booksfrommexico.com\\\/app\\\/uploads\\\/2024\\\/05\\\/182327.jpg\",\"width\":391,\"height\":540,\"caption\":\"Permutaciones para el estertor del mundo\"},{\"@type\":\"BreadcrumbList\",\"@id\":\"https:\\\/\\\/booksfrommexico.com\\\/es\\\/producto\\\/permutaciones-para-el-estertor-del-mundo\\\/#breadcrumb\",\"itemListElement\":[{\"@type\":\"ListItem\",\"position\":1,\"name\":\"Home\",\"item\":\"https:\\\/\\\/booksfrommexico.com\\\/es\\\/\"},{\"@type\":\"ListItem\",\"position\":2,\"name\":\"Libros\",\"item\":\"https:\\\/\\\/booksfrommexico.com\\\/es\\\/libros\\\/\"},{\"@type\":\"ListItem\",\"position\":3,\"name\":\"Permutaciones para el estertor del mundo\"}]},{\"@type\":\"WebSite\",\"@id\":\"https:\\\/\\\/booksfrommexico.com\\\/#website\",\"url\":\"https:\\\/\\\/booksfrommexico.com\\\/\",\"name\":\"Books From Mexico\",\"description\":\"\",\"publisher\":{\"@id\":\"https:\\\/\\\/booksfrommexico.com\\\/#organization\"},\"potentialAction\":[{\"@type\":\"SearchAction\",\"target\":{\"@type\":\"EntryPoint\",\"urlTemplate\":\"https:\\\/\\\/booksfrommexico.com\\\/?s={search_term_string}\"},\"query-input\":{\"@type\":\"PropertyValueSpecification\",\"valueRequired\":true,\"valueName\":\"search_term_string\"}}],\"inLanguage\":\"es\"},{\"@type\":\"Organization\",\"@id\":\"https:\\\/\\\/booksfrommexico.com\\\/#organization\",\"name\":\"Books From Mexico\",\"url\":\"https:\\\/\\\/booksfrommexico.com\\\/\",\"logo\":{\"@type\":\"ImageObject\",\"inLanguage\":\"es\",\"@id\":\"https:\\\/\\\/booksfrommexico.com\\\/#\\\/schema\\\/logo\\\/image\\\/\",\"url\":\"https:\\\/\\\/booksfrommexico.com\\\/app\\\/uploads\\\/2023\\\/05\\\/logo-booksfrommexico.svg\",\"contentUrl\":\"https:\\\/\\\/booksfrommexico.com\\\/app\\\/uploads\\\/2023\\\/05\\\/logo-booksfrommexico.svg\",\"width\":86,\"height\":56,\"caption\":\"Books From Mexico\"},\"image\":{\"@id\":\"https:\\\/\\\/booksfrommexico.com\\\/#\\\/schema\\\/logo\\\/image\\\/\"}}]}<\/script>\n<!-- \/ Yoast SEO plugin. -->","yoast_head_json":{"title":"Permutaciones para el estertor del mundo","description":"PERMUTACIONES PARA EL ESTERTOR DEL MUNDO. \/ Diego Ordaz ; Erick Nungaray (illustrator). Torre\u00f3n, Coahuila, M\u00e9xico : Brown Buffalo Press, 2017.","robots":{"index":"index","follow":"follow","max-snippet":"max-snippet:-1","max-image-preview":"max-image-preview:large","max-video-preview":"max-video-preview:-1"},"canonical":"https:\/\/booksfrommexico.com\/es\/producto\/permutaciones-para-el-estertor-del-mundo\/","og_locale":"es_ES","og_type":"article","og_title":"Permutaciones para el estertor del mundo","og_description":"PERMUTACIONES PARA EL ESTERTOR DEL MUNDO. \/ Diego Ordaz ; Erick Nungaray (illustrator). Torre\u00f3n, Coahuila, M\u00e9xico : Brown Buffalo Press, 2017.","og_url":"https:\/\/booksfrommexico.com\/es\/producto\/permutaciones-para-el-estertor-del-mundo\/","og_site_name":"Books From Mexico","article_modified_time":"2025-04-21T17:47:27+00:00","og_image":[{"width":391,"height":540,"url":"http:\/\/booksfrommexico.com\/app\/uploads\/2024\/05\/182327.jpg","type":"image\/jpeg"}],"twitter_card":"summary_large_image","twitter_misc":{"Tiempo de lectura":"1 minuto"},"schema":{"@context":"https:\/\/schema.org","@graph":[{"@type":"WebPage","@id":"https:\/\/booksfrommexico.com\/es\/producto\/permutaciones-para-el-estertor-del-mundo\/","url":"https:\/\/booksfrommexico.com\/es\/producto\/permutaciones-para-el-estertor-del-mundo\/","name":"Permutaciones para el estertor del mundo","isPartOf":{"@id":"https:\/\/booksfrommexico.com\/#website"},"primaryImageOfPage":{"@id":"https:\/\/booksfrommexico.com\/es\/producto\/permutaciones-para-el-estertor-del-mundo\/#primaryimage"},"image":{"@id":"https:\/\/booksfrommexico.com\/es\/producto\/permutaciones-para-el-estertor-del-mundo\/#primaryimage"},"thumbnailUrl":"https:\/\/booksfrommexico.com\/app\/uploads\/2024\/05\/182327.jpg","datePublished":"2024-05-28T21:56:10+00:00","dateModified":"2025-04-21T17:47:27+00:00","description":"PERMUTACIONES PARA EL ESTERTOR DEL MUNDO. \/ Diego Ordaz ; Erick Nungaray (illustrator). Torre\u00f3n, Coahuila, M\u00e9xico : Brown Buffalo Press, 2017.","breadcrumb":{"@id":"https:\/\/booksfrommexico.com\/es\/producto\/permutaciones-para-el-estertor-del-mundo\/#breadcrumb"},"inLanguage":"es","potentialAction":[{"@type":"ReadAction","target":["https:\/\/booksfrommexico.com\/es\/producto\/permutaciones-para-el-estertor-del-mundo\/"]}]},{"@type":"ImageObject","inLanguage":"es","@id":"https:\/\/booksfrommexico.com\/es\/producto\/permutaciones-para-el-estertor-del-mundo\/#primaryimage","url":"https:\/\/booksfrommexico.com\/app\/uploads\/2024\/05\/182327.jpg","contentUrl":"https:\/\/booksfrommexico.com\/app\/uploads\/2024\/05\/182327.jpg","width":391,"height":540,"caption":"Permutaciones para el estertor del mundo"},{"@type":"BreadcrumbList","@id":"https:\/\/booksfrommexico.com\/es\/producto\/permutaciones-para-el-estertor-del-mundo\/#breadcrumb","itemListElement":[{"@type":"ListItem","position":1,"name":"Home","item":"https:\/\/booksfrommexico.com\/es\/"},{"@type":"ListItem","position":2,"name":"Libros","item":"https:\/\/booksfrommexico.com\/es\/libros\/"},{"@type":"ListItem","position":3,"name":"Permutaciones para el estertor del mundo"}]},{"@type":"WebSite","@id":"https:\/\/booksfrommexico.com\/#website","url":"https:\/\/booksfrommexico.com\/","name":"Books From Mexico","description":"","publisher":{"@id":"https:\/\/booksfrommexico.com\/#organization"},"potentialAction":[{"@type":"SearchAction","target":{"@type":"EntryPoint","urlTemplate":"https:\/\/booksfrommexico.com\/?s={search_term_string}"},"query-input":{"@type":"PropertyValueSpecification","valueRequired":true,"valueName":"search_term_string"}}],"inLanguage":"es"},{"@type":"Organization","@id":"https:\/\/booksfrommexico.com\/#organization","name":"Books From Mexico","url":"https:\/\/booksfrommexico.com\/","logo":{"@type":"ImageObject","inLanguage":"es","@id":"https:\/\/booksfrommexico.com\/#\/schema\/logo\/image\/","url":"https:\/\/booksfrommexico.com\/app\/uploads\/2023\/05\/logo-booksfrommexico.svg","contentUrl":"https:\/\/booksfrommexico.com\/app\/uploads\/2023\/05\/logo-booksfrommexico.svg","width":86,"height":56,"caption":"Books From Mexico"},"image":{"@id":"https:\/\/booksfrommexico.com\/#\/schema\/logo\/image\/"}}]}},"_links":{"self":[{"href":"https:\/\/booksfrommexico.com\/es\/wp-json\/wp\/v2\/product\/6567","targetHints":{"allow":["GET"]}}],"collection":[{"href":"https:\/\/booksfrommexico.com\/es\/wp-json\/wp\/v2\/product"}],"about":[{"href":"https:\/\/booksfrommexico.com\/es\/wp-json\/wp\/v2\/types\/product"}],"wp:featuredmedia":[{"embeddable":true,"href":"https:\/\/booksfrommexico.com\/es\/wp-json\/wp\/v2\/media\/6675"}],"wp:attachment":[{"href":"https:\/\/booksfrommexico.com\/es\/wp-json\/wp\/v2\/media?parent=6567"}],"wp:term":[{"taxonomy":"product_brand","embeddable":true,"href":"https:\/\/booksfrommexico.com\/es\/wp-json\/wp\/v2\/product_brand?post=6567"},{"taxonomy":"product_cat","embeddable":true,"href":"https:\/\/booksfrommexico.com\/es\/wp-json\/wp\/v2\/product_cat?post=6567"},{"taxonomy":"product_tag","embeddable":true,"href":"https:\/\/booksfrommexico.com\/es\/wp-json\/wp\/v2\/product_tag?post=6567"}],"curies":[{"name":"wp","href":"https:\/\/api.w.org\/{rel}","templated":true}]}}