{"id":6569,"date":"2024-05-28T21:56:10","date_gmt":"2024-05-28T21:56:10","guid":{"rendered":"https:\/\/booksfrommexico.com\/product\/china-y-mexico-en-la-orbita-del-mercado-mundial-del-siglo-xxi\/"},"modified":"2024-06-04T21:04:22","modified_gmt":"2024-06-04T21:04:22","slug":"china-y-mexico-en-la-orbita-del-mercado-mundial-del-siglo-xxi","status":"publish","type":"product","link":"https:\/\/booksfrommexico.com\/es\/producto\/china-y-mexico-en-la-orbita-del-mercado-mundial-del-siglo-xxi\/","title":{"rendered":"China y M\u00e9xico en la \u00f3rbita del mercado mundial del siglo XXI"},"content":{"rendered":"<p><span style=\"font-weight: 400;\">La econom\u00eda china se revel\u00f3 como un actor importante tras las dos crisis macroecon\u00f3micas del 2001 y 2008, las cuales dieron origen a una \u00e9poca de incertidumbre, riesgos financieros, fragmentaci\u00f3n y contracci\u00f3n del mercado mundial. Ante este panorama, China logr\u00f3 mantener altas tasas de crecimiento, desplazando a Jap\u00f3n, M\u00e9xico y Canad\u00e1 como principales socios de EUA. Los textos incluidos aqu\u00ed fueron producidos en el momento en que China se convirti\u00f3 en la segunda econom\u00eda mundial, en donde se estudian las relaciones econ\u00f3mico-comerciales existentes entre M\u00e9xico y China, as\u00ed como sus nexos respectivos con las econom\u00edas asi\u00e1ticas del \u00e1rea del pac\u00edfico.<\/span><\/p>\n","protected":false},"excerpt":{"rendered":"<p>CHINA Y M\u00c9XICO EN LA \u00d3RBITA DEL MERCADO MUNDIAL DEL SIGLO XXI<span style=\"font-weight: 400;\">. \/ Cuauht\u00e9moc Calder\u00f3n Villarreal, Juan Gonz\u00e1lez Garc\u00eda (coordinators). Tijuana, Baja California, M\u00e9xico : El Colegio de la Frontera Norte, 2019. 244 pages : includes tables, graphics, charts, bibliography at the end of each chapter ; 21 cm. ISBN : 9786074793277.<\/span><\/p>\n","protected":false},"featured_media":6685,"template":"","meta":{"_acf_changed":false,"inline_featured_image":false},"product_brand":[],"product_cat":[279,47],"product_tag":[3610,4404],"class_list":{"0":"post-6569","1":"product","2":"type-product","3":"status-publish","4":"has-post-thumbnail","6":"product_cat-analisis-sectorial-regionales-economia","7":"product_cat-economia","8":"product_tag-condiciones-economicas","9":"product_tag-economia","11":"first","12":"instock","13":"taxable","14":"shipping-taxable","15":"purchasable","16":"product-type-simple"},"acf":[],"yoast_head":"<!-- This site is optimized with the Yoast SEO plugin v27.3 - https:\/\/yoast.com\/product\/yoast-seo-wordpress\/ -->\n<title>China y M\u00e9xico en la \u00f3rbita del mercado mundial del siglo XXI<\/title>\n<meta name=\"description\" content=\"CHINA Y M\u00c9XICO EN LA \u00d3RBITA DEL MERCADO MUNDIAL DEL SIGLO XXI. \/ Cuauht\u00e9moc Calder\u00f3n Villarreal, Juan Gonz\u00e1lez Garc\u00eda (coordinators). 2019.\" \/>\n<meta name=\"robots\" content=\"index, follow, max-snippet:-1, max-image-preview:large, max-video-preview:-1\" \/>\n<link rel=\"canonical\" href=\"https:\/\/booksfrommexico.com\/es\/producto\/china-y-mexico-en-la-orbita-del-mercado-mundial-del-siglo-xxi\/\" \/>\n<meta property=\"og:locale\" content=\"es_ES\" \/>\n<meta property=\"og:type\" content=\"article\" \/>\n<meta property=\"og:title\" content=\"China y M\u00e9xico en la \u00f3rbita del mercado mundial del siglo XXI\" \/>\n<meta property=\"og:description\" content=\"CHINA Y M\u00c9XICO EN LA \u00d3RBITA DEL MERCADO MUNDIAL DEL SIGLO XXI. \/ Cuauht\u00e9moc Calder\u00f3n Villarreal, Juan Gonz\u00e1lez Garc\u00eda (coordinators). 2019.\" \/>\n<meta property=\"og:url\" content=\"https:\/\/booksfrommexico.com\/es\/producto\/china-y-mexico-en-la-orbita-del-mercado-mundial-del-siglo-xxi\/\" \/>\n<meta property=\"og:site_name\" content=\"Books From Mexico\" \/>\n<meta property=\"article:modified_time\" content=\"2024-06-04T21:04:22+00:00\" \/>\n<meta property=\"og:image\" content=\"http:\/\/booksfrommexico.com\/app\/uploads\/2024\/05\/188402.jpg\" \/>\n\t<meta property=\"og:image:width\" content=\"521\" \/>\n\t<meta property=\"og:image:height\" content=\"819\" \/>\n\t<meta property=\"og:image:type\" content=\"image\/jpeg\" \/>\n<meta name=\"twitter:card\" content=\"summary_large_image\" \/>\n<meta name=\"twitter:label1\" content=\"Tiempo de lectura\" \/>\n\t<meta name=\"twitter:data1\" content=\"1 minuto\" \/>\n<script type=\"application\/ld+json\" class=\"yoast-schema-graph\">{\"@context\":\"https:\\\/\\\/schema.org\",\"@graph\":[{\"@type\":\"WebPage\",\"@id\":\"https:\\\/\\\/booksfrommexico.com\\\/es\\\/producto\\\/china-y-mexico-en-la-orbita-del-mercado-mundial-del-siglo-xxi\\\/\",\"url\":\"https:\\\/\\\/booksfrommexico.com\\\/es\\\/producto\\\/china-y-mexico-en-la-orbita-del-mercado-mundial-del-siglo-xxi\\\/\",\"name\":\"China y M\u00e9xico en la \u00f3rbita del mercado mundial del siglo XXI\",\"isPartOf\":{\"@id\":\"https:\\\/\\\/booksfrommexico.com\\\/#website\"},\"primaryImageOfPage\":{\"@id\":\"https:\\\/\\\/booksfrommexico.com\\\/es\\\/producto\\\/china-y-mexico-en-la-orbita-del-mercado-mundial-del-siglo-xxi\\\/#primaryimage\"},\"image\":{\"@id\":\"https:\\\/\\\/booksfrommexico.com\\\/es\\\/producto\\\/china-y-mexico-en-la-orbita-del-mercado-mundial-del-siglo-xxi\\\/#primaryimage\"},\"thumbnailUrl\":\"https:\\\/\\\/booksfrommexico.com\\\/app\\\/uploads\\\/2024\\\/05\\\/188402.jpg\",\"datePublished\":\"2024-05-28T21:56:10+00:00\",\"dateModified\":\"2024-06-04T21:04:22+00:00\",\"description\":\"CHINA Y M\u00c9XICO EN LA \u00d3RBITA DEL MERCADO MUNDIAL DEL SIGLO XXI. \\\/ Cuauht\u00e9moc Calder\u00f3n Villarreal, Juan Gonz\u00e1lez Garc\u00eda (coordinators). 2019.\",\"breadcrumb\":{\"@id\":\"https:\\\/\\\/booksfrommexico.com\\\/es\\\/producto\\\/china-y-mexico-en-la-orbita-del-mercado-mundial-del-siglo-xxi\\\/#breadcrumb\"},\"inLanguage\":\"es\",\"potentialAction\":[{\"@type\":\"ReadAction\",\"target\":[\"https:\\\/\\\/booksfrommexico.com\\\/es\\\/producto\\\/china-y-mexico-en-la-orbita-del-mercado-mundial-del-siglo-xxi\\\/\"]}]},{\"@type\":\"ImageObject\",\"inLanguage\":\"es\",\"@id\":\"https:\\\/\\\/booksfrommexico.com\\\/es\\\/producto\\\/china-y-mexico-en-la-orbita-del-mercado-mundial-del-siglo-xxi\\\/#primaryimage\",\"url\":\"https:\\\/\\\/booksfrommexico.com\\\/app\\\/uploads\\\/2024\\\/05\\\/188402.jpg\",\"contentUrl\":\"https:\\\/\\\/booksfrommexico.com\\\/app\\\/uploads\\\/2024\\\/05\\\/188402.jpg\",\"width\":521,\"height\":819,\"caption\":\"China y M\u00e9xico en la \u00f3rbita del mercado mundial del siglo XXI\"},{\"@type\":\"BreadcrumbList\",\"@id\":\"https:\\\/\\\/booksfrommexico.com\\\/es\\\/producto\\\/china-y-mexico-en-la-orbita-del-mercado-mundial-del-siglo-xxi\\\/#breadcrumb\",\"itemListElement\":[{\"@type\":\"ListItem\",\"position\":1,\"name\":\"Home\",\"item\":\"https:\\\/\\\/booksfrommexico.com\\\/es\\\/\"},{\"@type\":\"ListItem\",\"position\":2,\"name\":\"Libros\",\"item\":\"https:\\\/\\\/booksfrommexico.com\\\/es\\\/libros\\\/\"},{\"@type\":\"ListItem\",\"position\":3,\"name\":\"China y M\u00e9xico en la \u00f3rbita del mercado mundial del siglo XXI\"}]},{\"@type\":\"WebSite\",\"@id\":\"https:\\\/\\\/booksfrommexico.com\\\/#website\",\"url\":\"https:\\\/\\\/booksfrommexico.com\\\/\",\"name\":\"Books From Mexico\",\"description\":\"\",\"publisher\":{\"@id\":\"https:\\\/\\\/booksfrommexico.com\\\/#organization\"},\"potentialAction\":[{\"@type\":\"SearchAction\",\"target\":{\"@type\":\"EntryPoint\",\"urlTemplate\":\"https:\\\/\\\/booksfrommexico.com\\\/?s={search_term_string}\"},\"query-input\":{\"@type\":\"PropertyValueSpecification\",\"valueRequired\":true,\"valueName\":\"search_term_string\"}}],\"inLanguage\":\"es\"},{\"@type\":\"Organization\",\"@id\":\"https:\\\/\\\/booksfrommexico.com\\\/#organization\",\"name\":\"Books From Mexico\",\"url\":\"https:\\\/\\\/booksfrommexico.com\\\/\",\"logo\":{\"@type\":\"ImageObject\",\"inLanguage\":\"es\",\"@id\":\"https:\\\/\\\/booksfrommexico.com\\\/#\\\/schema\\\/logo\\\/image\\\/\",\"url\":\"https:\\\/\\\/booksfrommexico.com\\\/app\\\/uploads\\\/2023\\\/05\\\/logo-booksfrommexico.svg\",\"contentUrl\":\"https:\\\/\\\/booksfrommexico.com\\\/app\\\/uploads\\\/2023\\\/05\\\/logo-booksfrommexico.svg\",\"width\":86,\"height\":56,\"caption\":\"Books From Mexico\"},\"image\":{\"@id\":\"https:\\\/\\\/booksfrommexico.com\\\/#\\\/schema\\\/logo\\\/image\\\/\"}}]}<\/script>\n<!-- \/ Yoast SEO plugin. -->","yoast_head_json":{"title":"China y M\u00e9xico en la \u00f3rbita del mercado mundial del siglo XXI","description":"CHINA Y M\u00c9XICO EN LA \u00d3RBITA DEL MERCADO MUNDIAL DEL SIGLO XXI. \/ Cuauht\u00e9moc Calder\u00f3n Villarreal, Juan Gonz\u00e1lez Garc\u00eda (coordinators). 2019.","robots":{"index":"index","follow":"follow","max-snippet":"max-snippet:-1","max-image-preview":"max-image-preview:large","max-video-preview":"max-video-preview:-1"},"canonical":"https:\/\/booksfrommexico.com\/es\/producto\/china-y-mexico-en-la-orbita-del-mercado-mundial-del-siglo-xxi\/","og_locale":"es_ES","og_type":"article","og_title":"China y M\u00e9xico en la \u00f3rbita del mercado mundial del siglo XXI","og_description":"CHINA Y M\u00c9XICO EN LA \u00d3RBITA DEL MERCADO MUNDIAL DEL SIGLO XXI. \/ Cuauht\u00e9moc Calder\u00f3n Villarreal, Juan Gonz\u00e1lez Garc\u00eda (coordinators). 2019.","og_url":"https:\/\/booksfrommexico.com\/es\/producto\/china-y-mexico-en-la-orbita-del-mercado-mundial-del-siglo-xxi\/","og_site_name":"Books From Mexico","article_modified_time":"2024-06-04T21:04:22+00:00","og_image":[{"width":521,"height":819,"url":"http:\/\/booksfrommexico.com\/app\/uploads\/2024\/05\/188402.jpg","type":"image\/jpeg"}],"twitter_card":"summary_large_image","twitter_misc":{"Tiempo de lectura":"1 minuto"},"schema":{"@context":"https:\/\/schema.org","@graph":[{"@type":"WebPage","@id":"https:\/\/booksfrommexico.com\/es\/producto\/china-y-mexico-en-la-orbita-del-mercado-mundial-del-siglo-xxi\/","url":"https:\/\/booksfrommexico.com\/es\/producto\/china-y-mexico-en-la-orbita-del-mercado-mundial-del-siglo-xxi\/","name":"China y M\u00e9xico en la \u00f3rbita del mercado mundial del siglo XXI","isPartOf":{"@id":"https:\/\/booksfrommexico.com\/#website"},"primaryImageOfPage":{"@id":"https:\/\/booksfrommexico.com\/es\/producto\/china-y-mexico-en-la-orbita-del-mercado-mundial-del-siglo-xxi\/#primaryimage"},"image":{"@id":"https:\/\/booksfrommexico.com\/es\/producto\/china-y-mexico-en-la-orbita-del-mercado-mundial-del-siglo-xxi\/#primaryimage"},"thumbnailUrl":"https:\/\/booksfrommexico.com\/app\/uploads\/2024\/05\/188402.jpg","datePublished":"2024-05-28T21:56:10+00:00","dateModified":"2024-06-04T21:04:22+00:00","description":"CHINA Y M\u00c9XICO EN LA \u00d3RBITA DEL MERCADO MUNDIAL DEL SIGLO XXI. \/ Cuauht\u00e9moc Calder\u00f3n Villarreal, Juan Gonz\u00e1lez Garc\u00eda (coordinators). 2019.","breadcrumb":{"@id":"https:\/\/booksfrommexico.com\/es\/producto\/china-y-mexico-en-la-orbita-del-mercado-mundial-del-siglo-xxi\/#breadcrumb"},"inLanguage":"es","potentialAction":[{"@type":"ReadAction","target":["https:\/\/booksfrommexico.com\/es\/producto\/china-y-mexico-en-la-orbita-del-mercado-mundial-del-siglo-xxi\/"]}]},{"@type":"ImageObject","inLanguage":"es","@id":"https:\/\/booksfrommexico.com\/es\/producto\/china-y-mexico-en-la-orbita-del-mercado-mundial-del-siglo-xxi\/#primaryimage","url":"https:\/\/booksfrommexico.com\/app\/uploads\/2024\/05\/188402.jpg","contentUrl":"https:\/\/booksfrommexico.com\/app\/uploads\/2024\/05\/188402.jpg","width":521,"height":819,"caption":"China y M\u00e9xico en la \u00f3rbita del mercado mundial del siglo XXI"},{"@type":"BreadcrumbList","@id":"https:\/\/booksfrommexico.com\/es\/producto\/china-y-mexico-en-la-orbita-del-mercado-mundial-del-siglo-xxi\/#breadcrumb","itemListElement":[{"@type":"ListItem","position":1,"name":"Home","item":"https:\/\/booksfrommexico.com\/es\/"},{"@type":"ListItem","position":2,"name":"Libros","item":"https:\/\/booksfrommexico.com\/es\/libros\/"},{"@type":"ListItem","position":3,"name":"China y M\u00e9xico en la \u00f3rbita del mercado mundial del siglo XXI"}]},{"@type":"WebSite","@id":"https:\/\/booksfrommexico.com\/#website","url":"https:\/\/booksfrommexico.com\/","name":"Books From Mexico","description":"","publisher":{"@id":"https:\/\/booksfrommexico.com\/#organization"},"potentialAction":[{"@type":"SearchAction","target":{"@type":"EntryPoint","urlTemplate":"https:\/\/booksfrommexico.com\/?s={search_term_string}"},"query-input":{"@type":"PropertyValueSpecification","valueRequired":true,"valueName":"search_term_string"}}],"inLanguage":"es"},{"@type":"Organization","@id":"https:\/\/booksfrommexico.com\/#organization","name":"Books From Mexico","url":"https:\/\/booksfrommexico.com\/","logo":{"@type":"ImageObject","inLanguage":"es","@id":"https:\/\/booksfrommexico.com\/#\/schema\/logo\/image\/","url":"https:\/\/booksfrommexico.com\/app\/uploads\/2023\/05\/logo-booksfrommexico.svg","contentUrl":"https:\/\/booksfrommexico.com\/app\/uploads\/2023\/05\/logo-booksfrommexico.svg","width":86,"height":56,"caption":"Books From Mexico"},"image":{"@id":"https:\/\/booksfrommexico.com\/#\/schema\/logo\/image\/"}}]}},"_links":{"self":[{"href":"https:\/\/booksfrommexico.com\/es\/wp-json\/wp\/v2\/product\/6569","targetHints":{"allow":["GET"]}}],"collection":[{"href":"https:\/\/booksfrommexico.com\/es\/wp-json\/wp\/v2\/product"}],"about":[{"href":"https:\/\/booksfrommexico.com\/es\/wp-json\/wp\/v2\/types\/product"}],"wp:featuredmedia":[{"embeddable":true,"href":"https:\/\/booksfrommexico.com\/es\/wp-json\/wp\/v2\/media\/6685"}],"wp:attachment":[{"href":"https:\/\/booksfrommexico.com\/es\/wp-json\/wp\/v2\/media?parent=6569"}],"wp:term":[{"taxonomy":"product_brand","embeddable":true,"href":"https:\/\/booksfrommexico.com\/es\/wp-json\/wp\/v2\/product_brand?post=6569"},{"taxonomy":"product_cat","embeddable":true,"href":"https:\/\/booksfrommexico.com\/es\/wp-json\/wp\/v2\/product_cat?post=6569"},{"taxonomy":"product_tag","embeddable":true,"href":"https:\/\/booksfrommexico.com\/es\/wp-json\/wp\/v2\/product_tag?post=6569"}],"curies":[{"name":"wp","href":"https:\/\/api.w.org\/{rel}","templated":true}]}}