{"id":6572,"date":"2024-05-28T21:56:10","date_gmt":"2024-05-28T21:56:10","guid":{"rendered":"https:\/\/booksfrommexico.com\/product\/los-confines-del-fuego-diarios-de-santiago-vidaurri\/"},"modified":"2024-06-25T20:41:35","modified_gmt":"2024-06-25T20:41:35","slug":"los-confines-del-fuego-diarios-de-santiago-vidaurri","status":"publish","type":"product","link":"https:\/\/booksfrommexico.com\/es\/producto\/los-confines-del-fuego-diarios-de-santiago-vidaurri\/","title":{"rendered":"Los confines del fuego: Diarios de Santiago Vidaurri"},"content":{"rendered":"<p><span style=\"font-weight: 400;\">Hugo Vald\u00e9s ha sido ganador del Certamen Nacional de Literatura Alfonso Reyes en 1994, del Premio Universidad Aut\u00f3noma de Nuevo Le\u00f3n a las Artes (UANL) en 2007 y del Premio Nuevo Le\u00f3n de Literatura en 2012, as\u00ed como menci\u00f3n honor\u00edfica en el Premio Nacional de Novela Hist\u00f3rica Ignacio Solares 2021. Esta novela es una defensa de las aspiraciones auton\u00f3micas de Nuevo Le\u00f3n en tiempos convulsos frente al desd\u00e9n del poder central; tambi\u00e9n interroga al pasado y se encuentra lejos de las taras que abruman a la \u201cnovela hist\u00f3rica\u201d. Pareciendo advertir al lector, es tambi\u00e9n un haz de luz proyectado sobre aquellas zonas de la historia que se erigieron seg\u00fan el plano enga\u00f1oso de las apariencias.<\/span><\/p>\n","protected":false},"excerpt":{"rendered":"<p>LOS CONFINES DEL FUEGO : DIARIO DE SANTIAGO VIDAURRI<span style=\"font-weight: 400;\">. \/ Hugo Vald\u00e9s. Monterrey, Nuevo Le\u00f3n, M\u00e9xico : Consejo para la Cultura y las Artes de Nuevo Le\u00f3n ; Benito Ju\u00e1rez, Nuevo Le\u00f3n, M\u00e9xico : Editorial An.Alfa.Beta, 2020. 325 pages ; 20 cm. (Serie Boreal). ISBN : 9786078598380 (CONARTE) ; 9786079858131 (An.alfa.beta).<\/span><\/p>\n<p><br style=\"font-weight: 400;\" \/><br style=\"font-weight: 400;\" \/><\/p>\n","protected":false},"featured_media":6697,"template":"","meta":{"_acf_changed":false,"inline_featured_image":false},"product_brand":[],"product_cat":[25,1200],"product_tag":[3938,3651,4311],"class_list":{"0":"post-6572","1":"product","2":"type-product","3":"status-publish","4":"has-post-thumbnail","6":"product_cat-literatura","7":"product_cat-novela-literatura","8":"product_tag-literatura-mexicana","9":"product_tag-novela-mexicana","10":"product_tag-nuevo-leon-mexico","12":"first","13":"instock","14":"taxable","15":"shipping-taxable","16":"purchasable","17":"product-type-simple"},"acf":[],"yoast_head":"<!-- This site is optimized with the Yoast SEO plugin v27.3 - https:\/\/yoast.com\/product\/yoast-seo-wordpress\/ -->\n<title>Los confines del fuego: Diarios de Santiago Vidaurri<\/title>\n<meta name=\"description\" content=\"LOS CONFINES DEL FUEGO : DIARIOS DE SANTIAGO VIDAURRI. \/ Hugo Vald\u00e9s. Consejo para la Cultura y las Artes de Nuevo Le\u00f3n ; Editorial An.Alfa.Beta, 2020.\" \/>\n<meta name=\"robots\" content=\"index, follow, max-snippet:-1, max-image-preview:large, max-video-preview:-1\" \/>\n<link rel=\"canonical\" href=\"https:\/\/booksfrommexico.com\/es\/producto\/los-confines-del-fuego-diarios-de-santiago-vidaurri\/\" \/>\n<meta property=\"og:locale\" content=\"es_ES\" \/>\n<meta property=\"og:type\" content=\"article\" \/>\n<meta property=\"og:title\" content=\"Los confines del fuego: Diarios de Santiago Vidaurri\" \/>\n<meta property=\"og:description\" content=\"LOS CONFINES DEL FUEGO : DIARIOS DE SANTIAGO VIDAURRI. \/ Hugo Vald\u00e9s. Consejo para la Cultura y las Artes de Nuevo Le\u00f3n ; Editorial An.Alfa.Beta, 2020.\" \/>\n<meta property=\"og:url\" content=\"https:\/\/booksfrommexico.com\/es\/producto\/los-confines-del-fuego-diarios-de-santiago-vidaurri\/\" \/>\n<meta property=\"og:site_name\" content=\"Books From Mexico\" \/>\n<meta property=\"article:modified_time\" content=\"2024-06-25T20:41:35+00:00\" \/>\n<meta property=\"og:image\" content=\"http:\/\/booksfrommexico.com\/app\/uploads\/2024\/05\/194066.jpeg\" \/>\n\t<meta property=\"og:image:width\" content=\"353\" \/>\n\t<meta property=\"og:image:height\" content=\"572\" \/>\n\t<meta property=\"og:image:type\" content=\"image\/jpeg\" \/>\n<meta name=\"twitter:card\" content=\"summary_large_image\" \/>\n<meta name=\"twitter:label1\" content=\"Tiempo de lectura\" \/>\n\t<meta name=\"twitter:data1\" content=\"1 minuto\" \/>\n<script type=\"application\/ld+json\" class=\"yoast-schema-graph\">{\"@context\":\"https:\\\/\\\/schema.org\",\"@graph\":[{\"@type\":\"WebPage\",\"@id\":\"https:\\\/\\\/booksfrommexico.com\\\/es\\\/producto\\\/los-confines-del-fuego-diarios-de-santiago-vidaurri\\\/\",\"url\":\"https:\\\/\\\/booksfrommexico.com\\\/es\\\/producto\\\/los-confines-del-fuego-diarios-de-santiago-vidaurri\\\/\",\"name\":\"Los confines del fuego: Diarios de Santiago Vidaurri\",\"isPartOf\":{\"@id\":\"https:\\\/\\\/booksfrommexico.com\\\/#website\"},\"primaryImageOfPage\":{\"@id\":\"https:\\\/\\\/booksfrommexico.com\\\/es\\\/producto\\\/los-confines-del-fuego-diarios-de-santiago-vidaurri\\\/#primaryimage\"},\"image\":{\"@id\":\"https:\\\/\\\/booksfrommexico.com\\\/es\\\/producto\\\/los-confines-del-fuego-diarios-de-santiago-vidaurri\\\/#primaryimage\"},\"thumbnailUrl\":\"https:\\\/\\\/booksfrommexico.com\\\/app\\\/uploads\\\/2024\\\/05\\\/194066.jpeg\",\"datePublished\":\"2024-05-28T21:56:10+00:00\",\"dateModified\":\"2024-06-25T20:41:35+00:00\",\"description\":\"LOS CONFINES DEL FUEGO : DIARIOS DE SANTIAGO VIDAURRI. \\\/ Hugo Vald\u00e9s. Consejo para la Cultura y las Artes de Nuevo Le\u00f3n ; Editorial An.Alfa.Beta, 2020.\",\"breadcrumb\":{\"@id\":\"https:\\\/\\\/booksfrommexico.com\\\/es\\\/producto\\\/los-confines-del-fuego-diarios-de-santiago-vidaurri\\\/#breadcrumb\"},\"inLanguage\":\"es\",\"potentialAction\":[{\"@type\":\"ReadAction\",\"target\":[\"https:\\\/\\\/booksfrommexico.com\\\/es\\\/producto\\\/los-confines-del-fuego-diarios-de-santiago-vidaurri\\\/\"]}]},{\"@type\":\"ImageObject\",\"inLanguage\":\"es\",\"@id\":\"https:\\\/\\\/booksfrommexico.com\\\/es\\\/producto\\\/los-confines-del-fuego-diarios-de-santiago-vidaurri\\\/#primaryimage\",\"url\":\"https:\\\/\\\/booksfrommexico.com\\\/app\\\/uploads\\\/2024\\\/05\\\/194066.jpeg\",\"contentUrl\":\"https:\\\/\\\/booksfrommexico.com\\\/app\\\/uploads\\\/2024\\\/05\\\/194066.jpeg\",\"width\":353,\"height\":572,\"caption\":\"Los confines del fuego diarios de santiago vidaurri\"},{\"@type\":\"BreadcrumbList\",\"@id\":\"https:\\\/\\\/booksfrommexico.com\\\/es\\\/producto\\\/los-confines-del-fuego-diarios-de-santiago-vidaurri\\\/#breadcrumb\",\"itemListElement\":[{\"@type\":\"ListItem\",\"position\":1,\"name\":\"Home\",\"item\":\"https:\\\/\\\/booksfrommexico.com\\\/es\\\/\"},{\"@type\":\"ListItem\",\"position\":2,\"name\":\"Libros\",\"item\":\"https:\\\/\\\/booksfrommexico.com\\\/es\\\/libros\\\/\"},{\"@type\":\"ListItem\",\"position\":3,\"name\":\"Los confines del fuego: Diarios de Santiago Vidaurri\"}]},{\"@type\":\"WebSite\",\"@id\":\"https:\\\/\\\/booksfrommexico.com\\\/#website\",\"url\":\"https:\\\/\\\/booksfrommexico.com\\\/\",\"name\":\"Books From Mexico\",\"description\":\"\",\"publisher\":{\"@id\":\"https:\\\/\\\/booksfrommexico.com\\\/#organization\"},\"potentialAction\":[{\"@type\":\"SearchAction\",\"target\":{\"@type\":\"EntryPoint\",\"urlTemplate\":\"https:\\\/\\\/booksfrommexico.com\\\/?s={search_term_string}\"},\"query-input\":{\"@type\":\"PropertyValueSpecification\",\"valueRequired\":true,\"valueName\":\"search_term_string\"}}],\"inLanguage\":\"es\"},{\"@type\":\"Organization\",\"@id\":\"https:\\\/\\\/booksfrommexico.com\\\/#organization\",\"name\":\"Books From Mexico\",\"url\":\"https:\\\/\\\/booksfrommexico.com\\\/\",\"logo\":{\"@type\":\"ImageObject\",\"inLanguage\":\"es\",\"@id\":\"https:\\\/\\\/booksfrommexico.com\\\/#\\\/schema\\\/logo\\\/image\\\/\",\"url\":\"https:\\\/\\\/booksfrommexico.com\\\/app\\\/uploads\\\/2023\\\/05\\\/logo-booksfrommexico.svg\",\"contentUrl\":\"https:\\\/\\\/booksfrommexico.com\\\/app\\\/uploads\\\/2023\\\/05\\\/logo-booksfrommexico.svg\",\"width\":86,\"height\":56,\"caption\":\"Books From Mexico\"},\"image\":{\"@id\":\"https:\\\/\\\/booksfrommexico.com\\\/#\\\/schema\\\/logo\\\/image\\\/\"}}]}<\/script>\n<!-- \/ Yoast SEO plugin. -->","yoast_head_json":{"title":"Los confines del fuego: Diarios de Santiago Vidaurri","description":"LOS CONFINES DEL FUEGO : DIARIOS DE SANTIAGO VIDAURRI. \/ Hugo Vald\u00e9s. Consejo para la Cultura y las Artes de Nuevo Le\u00f3n ; Editorial An.Alfa.Beta, 2020.","robots":{"index":"index","follow":"follow","max-snippet":"max-snippet:-1","max-image-preview":"max-image-preview:large","max-video-preview":"max-video-preview:-1"},"canonical":"https:\/\/booksfrommexico.com\/es\/producto\/los-confines-del-fuego-diarios-de-santiago-vidaurri\/","og_locale":"es_ES","og_type":"article","og_title":"Los confines del fuego: Diarios de Santiago Vidaurri","og_description":"LOS CONFINES DEL FUEGO : DIARIOS DE SANTIAGO VIDAURRI. \/ Hugo Vald\u00e9s. Consejo para la Cultura y las Artes de Nuevo Le\u00f3n ; Editorial An.Alfa.Beta, 2020.","og_url":"https:\/\/booksfrommexico.com\/es\/producto\/los-confines-del-fuego-diarios-de-santiago-vidaurri\/","og_site_name":"Books From Mexico","article_modified_time":"2024-06-25T20:41:35+00:00","og_image":[{"width":353,"height":572,"url":"http:\/\/booksfrommexico.com\/app\/uploads\/2024\/05\/194066.jpeg","type":"image\/jpeg"}],"twitter_card":"summary_large_image","twitter_misc":{"Tiempo de lectura":"1 minuto"},"schema":{"@context":"https:\/\/schema.org","@graph":[{"@type":"WebPage","@id":"https:\/\/booksfrommexico.com\/es\/producto\/los-confines-del-fuego-diarios-de-santiago-vidaurri\/","url":"https:\/\/booksfrommexico.com\/es\/producto\/los-confines-del-fuego-diarios-de-santiago-vidaurri\/","name":"Los confines del fuego: Diarios de Santiago Vidaurri","isPartOf":{"@id":"https:\/\/booksfrommexico.com\/#website"},"primaryImageOfPage":{"@id":"https:\/\/booksfrommexico.com\/es\/producto\/los-confines-del-fuego-diarios-de-santiago-vidaurri\/#primaryimage"},"image":{"@id":"https:\/\/booksfrommexico.com\/es\/producto\/los-confines-del-fuego-diarios-de-santiago-vidaurri\/#primaryimage"},"thumbnailUrl":"https:\/\/booksfrommexico.com\/app\/uploads\/2024\/05\/194066.jpeg","datePublished":"2024-05-28T21:56:10+00:00","dateModified":"2024-06-25T20:41:35+00:00","description":"LOS CONFINES DEL FUEGO : DIARIOS DE SANTIAGO VIDAURRI. \/ Hugo Vald\u00e9s. Consejo para la Cultura y las Artes de Nuevo Le\u00f3n ; Editorial An.Alfa.Beta, 2020.","breadcrumb":{"@id":"https:\/\/booksfrommexico.com\/es\/producto\/los-confines-del-fuego-diarios-de-santiago-vidaurri\/#breadcrumb"},"inLanguage":"es","potentialAction":[{"@type":"ReadAction","target":["https:\/\/booksfrommexico.com\/es\/producto\/los-confines-del-fuego-diarios-de-santiago-vidaurri\/"]}]},{"@type":"ImageObject","inLanguage":"es","@id":"https:\/\/booksfrommexico.com\/es\/producto\/los-confines-del-fuego-diarios-de-santiago-vidaurri\/#primaryimage","url":"https:\/\/booksfrommexico.com\/app\/uploads\/2024\/05\/194066.jpeg","contentUrl":"https:\/\/booksfrommexico.com\/app\/uploads\/2024\/05\/194066.jpeg","width":353,"height":572,"caption":"Los confines del fuego diarios de santiago vidaurri"},{"@type":"BreadcrumbList","@id":"https:\/\/booksfrommexico.com\/es\/producto\/los-confines-del-fuego-diarios-de-santiago-vidaurri\/#breadcrumb","itemListElement":[{"@type":"ListItem","position":1,"name":"Home","item":"https:\/\/booksfrommexico.com\/es\/"},{"@type":"ListItem","position":2,"name":"Libros","item":"https:\/\/booksfrommexico.com\/es\/libros\/"},{"@type":"ListItem","position":3,"name":"Los confines del fuego: Diarios de Santiago Vidaurri"}]},{"@type":"WebSite","@id":"https:\/\/booksfrommexico.com\/#website","url":"https:\/\/booksfrommexico.com\/","name":"Books From Mexico","description":"","publisher":{"@id":"https:\/\/booksfrommexico.com\/#organization"},"potentialAction":[{"@type":"SearchAction","target":{"@type":"EntryPoint","urlTemplate":"https:\/\/booksfrommexico.com\/?s={search_term_string}"},"query-input":{"@type":"PropertyValueSpecification","valueRequired":true,"valueName":"search_term_string"}}],"inLanguage":"es"},{"@type":"Organization","@id":"https:\/\/booksfrommexico.com\/#organization","name":"Books From Mexico","url":"https:\/\/booksfrommexico.com\/","logo":{"@type":"ImageObject","inLanguage":"es","@id":"https:\/\/booksfrommexico.com\/#\/schema\/logo\/image\/","url":"https:\/\/booksfrommexico.com\/app\/uploads\/2023\/05\/logo-booksfrommexico.svg","contentUrl":"https:\/\/booksfrommexico.com\/app\/uploads\/2023\/05\/logo-booksfrommexico.svg","width":86,"height":56,"caption":"Books From Mexico"},"image":{"@id":"https:\/\/booksfrommexico.com\/#\/schema\/logo\/image\/"}}]}},"_links":{"self":[{"href":"https:\/\/booksfrommexico.com\/es\/wp-json\/wp\/v2\/product\/6572","targetHints":{"allow":["GET"]}}],"collection":[{"href":"https:\/\/booksfrommexico.com\/es\/wp-json\/wp\/v2\/product"}],"about":[{"href":"https:\/\/booksfrommexico.com\/es\/wp-json\/wp\/v2\/types\/product"}],"wp:featuredmedia":[{"embeddable":true,"href":"https:\/\/booksfrommexico.com\/es\/wp-json\/wp\/v2\/media\/6697"}],"wp:attachment":[{"href":"https:\/\/booksfrommexico.com\/es\/wp-json\/wp\/v2\/media?parent=6572"}],"wp:term":[{"taxonomy":"product_brand","embeddable":true,"href":"https:\/\/booksfrommexico.com\/es\/wp-json\/wp\/v2\/product_brand?post=6572"},{"taxonomy":"product_cat","embeddable":true,"href":"https:\/\/booksfrommexico.com\/es\/wp-json\/wp\/v2\/product_cat?post=6572"},{"taxonomy":"product_tag","embeddable":true,"href":"https:\/\/booksfrommexico.com\/es\/wp-json\/wp\/v2\/product_tag?post=6572"}],"curies":[{"name":"wp","href":"https:\/\/api.w.org\/{rel}","templated":true}]}}