{"id":6574,"date":"2024-05-28T21:56:10","date_gmt":"2024-05-28T21:56:10","guid":{"rendered":"https:\/\/booksfrommexico.com\/product\/caravanas-migrantes-y-desplazamiento-colectivos-en-la-frontera-mexico-estados-unidos\/"},"modified":"2024-06-04T23:24:54","modified_gmt":"2024-06-04T23:24:54","slug":"caravanas-migrantes-y-desplazamiento-colectivos-en-la-frontera-mexico-estados-unidos","status":"publish","type":"product","link":"https:\/\/booksfrommexico.com\/es\/producto\/caravanas-migrantes-y-desplazamiento-colectivos-en-la-frontera-mexico-estados-unidos\/","title":{"rendered":"Caravanas migrantes y desplazamientos colectivos en la frontera M\u00e9xico-Estados Unidos"},"content":{"rendered":"<p>La movilidad organizada en grandes contingentes de migrantes centroamericanos a trav\u00e9s de M\u00e9xico para llegar a EUA atrajo la atenci\u00f3n fuertemente entre 2018 y 2019, acu\u00f1ando el t\u00e9rmino de caravanas migrantes. En este t\u00edtulo se atiende la magnitud del fen\u00f3meno, as\u00ed como las caracter\u00edsticas sociodemogr\u00e1ficas de estos grupos en tr\u00e1nsito que salen al mismo tiempo de la clandestinidad, adem\u00e1s de las condiciones en sus pa\u00edses que los han orillado a salir, as\u00ed como las circunstancias que enfrentan en su paso por M\u00e9xico. Se analiza, adem\u00e1s, el \u00e9nfasis judicial de las nuevas pol\u00edticas antiinmigrantes de M\u00e9xico y EUA, a la vez que muestran un panorama complejo en t\u00e9rminos humanitarios.<\/p>\n","protected":false},"excerpt":{"rendered":"<p>CARAVANAS MIGRANTES Y DESPLAZAMIENTOS COLECTIVOS EN LA FRONTERA M\u00c9XICO-ESTADO UNIDOS<span style=\"font-weight: 400;\">. \/ Camilo Contreras Delgado, Mar\u00eda Dolores Par\u00eds Pombo, Laura Velasco Ortiz (coordinators). Tijuana, Baja California, M\u00e9xico : El Colegio de la Frontera Norte, 2021. 374 pages : includes photos, tables, charts, maps, references, bibliography at the end of each chapter; 21 cm. ISBN : 9786074793765. <\/span><\/p>\n","protected":false},"featured_media":6708,"template":"","meta":{"_acf_changed":false,"inline_featured_image":false},"product_brand":[],"product_cat":[1065,42],"product_tag":[4411,3685,4401],"class_list":{"0":"post-6574","1":"product","2":"type-product","3":"status-publish","4":"has-post-thumbnail","6":"product_cat-condiciones-sociales-y-politicas-de-la-migracion","7":"product_cat-temas-de-inmigracion-y-migraciones-humanas","8":"product_tag-frontera-norte","9":"product_tag-inmigracion","10":"product_tag-inmigrantes-es","12":"first","13":"instock","14":"taxable","15":"shipping-taxable","16":"purchasable","17":"product-type-simple"},"acf":[],"yoast_head":"<!-- This site is optimized with the Yoast SEO plugin v27.3 - https:\/\/yoast.com\/product\/yoast-seo-wordpress\/ -->\n<title>Caravanas migrantes y desplazamientos colectivos<\/title>\n<meta name=\"description\" content=\"CARAVANAS MIGRANTES Y DESPLAZAMIENTOS COLECTIVOS EN LA FRONTERA M\u00c9XICO-ESTADO UNIDOS. \/ Contreras Delgado,Par\u00eds Pombo, Velasco Ortiz (coordinators).\" \/>\n<meta name=\"robots\" content=\"index, follow, max-snippet:-1, max-image-preview:large, max-video-preview:-1\" \/>\n<link rel=\"canonical\" href=\"https:\/\/booksfrommexico.com\/es\/producto\/caravanas-migrantes-y-desplazamiento-colectivos-en-la-frontera-mexico-estados-unidos\/\" \/>\n<meta property=\"og:locale\" content=\"es_ES\" \/>\n<meta property=\"og:type\" content=\"article\" \/>\n<meta property=\"og:title\" content=\"Caravanas migrantes y desplazamientos colectivos\" \/>\n<meta property=\"og:description\" content=\"CARAVANAS MIGRANTES Y DESPLAZAMIENTOS COLECTIVOS EN LA FRONTERA M\u00c9XICO-ESTADO UNIDOS. \/ Contreras Delgado,Par\u00eds Pombo, Velasco Ortiz (coordinators).\" \/>\n<meta property=\"og:url\" content=\"https:\/\/booksfrommexico.com\/es\/producto\/caravanas-migrantes-y-desplazamiento-colectivos-en-la-frontera-mexico-estados-unidos\/\" \/>\n<meta property=\"og:site_name\" content=\"Books From Mexico\" \/>\n<meta property=\"article:modified_time\" content=\"2024-06-04T23:24:54+00:00\" \/>\n<meta property=\"og:image\" content=\"http:\/\/booksfrommexico.com\/app\/uploads\/2024\/05\/195207.png\" \/>\n\t<meta property=\"og:image:width\" content=\"613\" \/>\n\t<meta property=\"og:image:height\" content=\"953\" \/>\n\t<meta property=\"og:image:type\" content=\"image\/png\" \/>\n<meta name=\"twitter:card\" content=\"summary_large_image\" \/>\n<meta name=\"twitter:label1\" content=\"Tiempo de lectura\" \/>\n\t<meta name=\"twitter:data1\" content=\"1 minuto\" \/>\n<script type=\"application\/ld+json\" class=\"yoast-schema-graph\">{\"@context\":\"https:\\\/\\\/schema.org\",\"@graph\":[{\"@type\":\"WebPage\",\"@id\":\"https:\\\/\\\/booksfrommexico.com\\\/es\\\/producto\\\/caravanas-migrantes-y-desplazamiento-colectivos-en-la-frontera-mexico-estados-unidos\\\/\",\"url\":\"https:\\\/\\\/booksfrommexico.com\\\/es\\\/producto\\\/caravanas-migrantes-y-desplazamiento-colectivos-en-la-frontera-mexico-estados-unidos\\\/\",\"name\":\"Caravanas migrantes y desplazamientos colectivos\",\"isPartOf\":{\"@id\":\"https:\\\/\\\/booksfrommexico.com\\\/#website\"},\"primaryImageOfPage\":{\"@id\":\"https:\\\/\\\/booksfrommexico.com\\\/es\\\/producto\\\/caravanas-migrantes-y-desplazamiento-colectivos-en-la-frontera-mexico-estados-unidos\\\/#primaryimage\"},\"image\":{\"@id\":\"https:\\\/\\\/booksfrommexico.com\\\/es\\\/producto\\\/caravanas-migrantes-y-desplazamiento-colectivos-en-la-frontera-mexico-estados-unidos\\\/#primaryimage\"},\"thumbnailUrl\":\"https:\\\/\\\/booksfrommexico.com\\\/app\\\/uploads\\\/2024\\\/05\\\/195207.png\",\"datePublished\":\"2024-05-28T21:56:10+00:00\",\"dateModified\":\"2024-06-04T23:24:54+00:00\",\"description\":\"CARAVANAS MIGRANTES Y DESPLAZAMIENTOS COLECTIVOS EN LA FRONTERA M\u00c9XICO-ESTADO UNIDOS. \\\/ Contreras Delgado,Par\u00eds Pombo, Velasco Ortiz (coordinators).\",\"breadcrumb\":{\"@id\":\"https:\\\/\\\/booksfrommexico.com\\\/es\\\/producto\\\/caravanas-migrantes-y-desplazamiento-colectivos-en-la-frontera-mexico-estados-unidos\\\/#breadcrumb\"},\"inLanguage\":\"es\",\"potentialAction\":[{\"@type\":\"ReadAction\",\"target\":[\"https:\\\/\\\/booksfrommexico.com\\\/es\\\/producto\\\/caravanas-migrantes-y-desplazamiento-colectivos-en-la-frontera-mexico-estados-unidos\\\/\"]}]},{\"@type\":\"ImageObject\",\"inLanguage\":\"es\",\"@id\":\"https:\\\/\\\/booksfrommexico.com\\\/es\\\/producto\\\/caravanas-migrantes-y-desplazamiento-colectivos-en-la-frontera-mexico-estados-unidos\\\/#primaryimage\",\"url\":\"https:\\\/\\\/booksfrommexico.com\\\/app\\\/uploads\\\/2024\\\/05\\\/195207.png\",\"contentUrl\":\"https:\\\/\\\/booksfrommexico.com\\\/app\\\/uploads\\\/2024\\\/05\\\/195207.png\",\"width\":613,\"height\":953,\"caption\":\"Caravanas migrantes y desplazamiento colectivos en la frontera M\u00e9xico-Estados Unidos\"},{\"@type\":\"BreadcrumbList\",\"@id\":\"https:\\\/\\\/booksfrommexico.com\\\/es\\\/producto\\\/caravanas-migrantes-y-desplazamiento-colectivos-en-la-frontera-mexico-estados-unidos\\\/#breadcrumb\",\"itemListElement\":[{\"@type\":\"ListItem\",\"position\":1,\"name\":\"Home\",\"item\":\"https:\\\/\\\/booksfrommexico.com\\\/es\\\/\"},{\"@type\":\"ListItem\",\"position\":2,\"name\":\"Libros\",\"item\":\"https:\\\/\\\/booksfrommexico.com\\\/es\\\/libros\\\/\"},{\"@type\":\"ListItem\",\"position\":3,\"name\":\"Caravanas migrantes y desplazamientos colectivos en la frontera M\u00e9xico-Estados Unidos\"}]},{\"@type\":\"WebSite\",\"@id\":\"https:\\\/\\\/booksfrommexico.com\\\/#website\",\"url\":\"https:\\\/\\\/booksfrommexico.com\\\/\",\"name\":\"Books From Mexico\",\"description\":\"\",\"publisher\":{\"@id\":\"https:\\\/\\\/booksfrommexico.com\\\/#organization\"},\"potentialAction\":[{\"@type\":\"SearchAction\",\"target\":{\"@type\":\"EntryPoint\",\"urlTemplate\":\"https:\\\/\\\/booksfrommexico.com\\\/?s={search_term_string}\"},\"query-input\":{\"@type\":\"PropertyValueSpecification\",\"valueRequired\":true,\"valueName\":\"search_term_string\"}}],\"inLanguage\":\"es\"},{\"@type\":\"Organization\",\"@id\":\"https:\\\/\\\/booksfrommexico.com\\\/#organization\",\"name\":\"Books From Mexico\",\"url\":\"https:\\\/\\\/booksfrommexico.com\\\/\",\"logo\":{\"@type\":\"ImageObject\",\"inLanguage\":\"es\",\"@id\":\"https:\\\/\\\/booksfrommexico.com\\\/#\\\/schema\\\/logo\\\/image\\\/\",\"url\":\"https:\\\/\\\/booksfrommexico.com\\\/app\\\/uploads\\\/2023\\\/05\\\/logo-booksfrommexico.svg\",\"contentUrl\":\"https:\\\/\\\/booksfrommexico.com\\\/app\\\/uploads\\\/2023\\\/05\\\/logo-booksfrommexico.svg\",\"width\":86,\"height\":56,\"caption\":\"Books From Mexico\"},\"image\":{\"@id\":\"https:\\\/\\\/booksfrommexico.com\\\/#\\\/schema\\\/logo\\\/image\\\/\"}}]}<\/script>\n<!-- \/ Yoast SEO plugin. -->","yoast_head_json":{"title":"Caravanas migrantes y desplazamientos colectivos","description":"CARAVANAS MIGRANTES Y DESPLAZAMIENTOS COLECTIVOS EN LA FRONTERA M\u00c9XICO-ESTADO UNIDOS. \/ Contreras Delgado,Par\u00eds Pombo, Velasco Ortiz (coordinators).","robots":{"index":"index","follow":"follow","max-snippet":"max-snippet:-1","max-image-preview":"max-image-preview:large","max-video-preview":"max-video-preview:-1"},"canonical":"https:\/\/booksfrommexico.com\/es\/producto\/caravanas-migrantes-y-desplazamiento-colectivos-en-la-frontera-mexico-estados-unidos\/","og_locale":"es_ES","og_type":"article","og_title":"Caravanas migrantes y desplazamientos colectivos","og_description":"CARAVANAS MIGRANTES Y DESPLAZAMIENTOS COLECTIVOS EN LA FRONTERA M\u00c9XICO-ESTADO UNIDOS. \/ Contreras Delgado,Par\u00eds Pombo, Velasco Ortiz (coordinators).","og_url":"https:\/\/booksfrommexico.com\/es\/producto\/caravanas-migrantes-y-desplazamiento-colectivos-en-la-frontera-mexico-estados-unidos\/","og_site_name":"Books From Mexico","article_modified_time":"2024-06-04T23:24:54+00:00","og_image":[{"width":613,"height":953,"url":"http:\/\/booksfrommexico.com\/app\/uploads\/2024\/05\/195207.png","type":"image\/png"}],"twitter_card":"summary_large_image","twitter_misc":{"Tiempo de lectura":"1 minuto"},"schema":{"@context":"https:\/\/schema.org","@graph":[{"@type":"WebPage","@id":"https:\/\/booksfrommexico.com\/es\/producto\/caravanas-migrantes-y-desplazamiento-colectivos-en-la-frontera-mexico-estados-unidos\/","url":"https:\/\/booksfrommexico.com\/es\/producto\/caravanas-migrantes-y-desplazamiento-colectivos-en-la-frontera-mexico-estados-unidos\/","name":"Caravanas migrantes y desplazamientos colectivos","isPartOf":{"@id":"https:\/\/booksfrommexico.com\/#website"},"primaryImageOfPage":{"@id":"https:\/\/booksfrommexico.com\/es\/producto\/caravanas-migrantes-y-desplazamiento-colectivos-en-la-frontera-mexico-estados-unidos\/#primaryimage"},"image":{"@id":"https:\/\/booksfrommexico.com\/es\/producto\/caravanas-migrantes-y-desplazamiento-colectivos-en-la-frontera-mexico-estados-unidos\/#primaryimage"},"thumbnailUrl":"https:\/\/booksfrommexico.com\/app\/uploads\/2024\/05\/195207.png","datePublished":"2024-05-28T21:56:10+00:00","dateModified":"2024-06-04T23:24:54+00:00","description":"CARAVANAS MIGRANTES Y DESPLAZAMIENTOS COLECTIVOS EN LA FRONTERA M\u00c9XICO-ESTADO UNIDOS. \/ Contreras Delgado,Par\u00eds Pombo, Velasco Ortiz (coordinators).","breadcrumb":{"@id":"https:\/\/booksfrommexico.com\/es\/producto\/caravanas-migrantes-y-desplazamiento-colectivos-en-la-frontera-mexico-estados-unidos\/#breadcrumb"},"inLanguage":"es","potentialAction":[{"@type":"ReadAction","target":["https:\/\/booksfrommexico.com\/es\/producto\/caravanas-migrantes-y-desplazamiento-colectivos-en-la-frontera-mexico-estados-unidos\/"]}]},{"@type":"ImageObject","inLanguage":"es","@id":"https:\/\/booksfrommexico.com\/es\/producto\/caravanas-migrantes-y-desplazamiento-colectivos-en-la-frontera-mexico-estados-unidos\/#primaryimage","url":"https:\/\/booksfrommexico.com\/app\/uploads\/2024\/05\/195207.png","contentUrl":"https:\/\/booksfrommexico.com\/app\/uploads\/2024\/05\/195207.png","width":613,"height":953,"caption":"Caravanas migrantes y desplazamiento colectivos en la frontera M\u00e9xico-Estados Unidos"},{"@type":"BreadcrumbList","@id":"https:\/\/booksfrommexico.com\/es\/producto\/caravanas-migrantes-y-desplazamiento-colectivos-en-la-frontera-mexico-estados-unidos\/#breadcrumb","itemListElement":[{"@type":"ListItem","position":1,"name":"Home","item":"https:\/\/booksfrommexico.com\/es\/"},{"@type":"ListItem","position":2,"name":"Libros","item":"https:\/\/booksfrommexico.com\/es\/libros\/"},{"@type":"ListItem","position":3,"name":"Caravanas migrantes y desplazamientos colectivos en la frontera M\u00e9xico-Estados Unidos"}]},{"@type":"WebSite","@id":"https:\/\/booksfrommexico.com\/#website","url":"https:\/\/booksfrommexico.com\/","name":"Books From Mexico","description":"","publisher":{"@id":"https:\/\/booksfrommexico.com\/#organization"},"potentialAction":[{"@type":"SearchAction","target":{"@type":"EntryPoint","urlTemplate":"https:\/\/booksfrommexico.com\/?s={search_term_string}"},"query-input":{"@type":"PropertyValueSpecification","valueRequired":true,"valueName":"search_term_string"}}],"inLanguage":"es"},{"@type":"Organization","@id":"https:\/\/booksfrommexico.com\/#organization","name":"Books From Mexico","url":"https:\/\/booksfrommexico.com\/","logo":{"@type":"ImageObject","inLanguage":"es","@id":"https:\/\/booksfrommexico.com\/#\/schema\/logo\/image\/","url":"https:\/\/booksfrommexico.com\/app\/uploads\/2023\/05\/logo-booksfrommexico.svg","contentUrl":"https:\/\/booksfrommexico.com\/app\/uploads\/2023\/05\/logo-booksfrommexico.svg","width":86,"height":56,"caption":"Books From Mexico"},"image":{"@id":"https:\/\/booksfrommexico.com\/#\/schema\/logo\/image\/"}}]}},"_links":{"self":[{"href":"https:\/\/booksfrommexico.com\/es\/wp-json\/wp\/v2\/product\/6574","targetHints":{"allow":["GET"]}}],"collection":[{"href":"https:\/\/booksfrommexico.com\/es\/wp-json\/wp\/v2\/product"}],"about":[{"href":"https:\/\/booksfrommexico.com\/es\/wp-json\/wp\/v2\/types\/product"}],"wp:featuredmedia":[{"embeddable":true,"href":"https:\/\/booksfrommexico.com\/es\/wp-json\/wp\/v2\/media\/6708"}],"wp:attachment":[{"href":"https:\/\/booksfrommexico.com\/es\/wp-json\/wp\/v2\/media?parent=6574"}],"wp:term":[{"taxonomy":"product_brand","embeddable":true,"href":"https:\/\/booksfrommexico.com\/es\/wp-json\/wp\/v2\/product_brand?post=6574"},{"taxonomy":"product_cat","embeddable":true,"href":"https:\/\/booksfrommexico.com\/es\/wp-json\/wp\/v2\/product_cat?post=6574"},{"taxonomy":"product_tag","embeddable":true,"href":"https:\/\/booksfrommexico.com\/es\/wp-json\/wp\/v2\/product_tag?post=6574"}],"curies":[{"name":"wp","href":"https:\/\/api.w.org\/{rel}","templated":true}]}}