{"id":6577,"date":"2024-05-28T21:56:11","date_gmt":"2024-05-28T21:56:11","guid":{"rendered":"https:\/\/booksfrommexico.com\/product\/ojos-para-escribir-el-mundo\/"},"modified":"2024-07-31T21:50:20","modified_gmt":"2024-07-31T21:50:20","slug":"ojos-para-escribir-el-mundo","status":"publish","type":"product","link":"https:\/\/booksfrommexico.com\/es\/producto\/ojos-para-escribir-el-mundo\/","title":{"rendered":"Ojos para escribir el mundo: Antolog\u00eda m\u00ednima"},"content":{"rendered":"<p><span style=\"font-weight: 400;\">Para poder antologar la poes\u00eda de Juan Pablo de \u00c1vila es necesario hacer un amplio recorrido por todo su trabajo editado, in\u00e9dito, manuscrito, impreso, digital y hasta una copia engargolada e intacta de un poemario enviado para un concurso que nunca fue publicado por las instituciones convocantes. Los selectores de los poemas que aqu\u00ed se incluyen, tomaron como eje aquellos en los que los temas repetidos \u2013la constataci\u00f3n del mundo, el amor, la rebeld\u00eda y la rebeli\u00f3n, la constante lucha contra las imposiciones normativas\u2013 quedan m\u00e1s claramente reflejados. Se incluyen adem\u00e1s algunas fotograf\u00edas de los textos, manuscritos y dibujos del autor.<\/span><\/p>\n","protected":false},"excerpt":{"rendered":"<p>OJOS PARA ESCRIBIR EL MUNDO : ANTOLOG\u00cdA M\u00cdNIMA<span style=\"font-weight: 400;\">. \/ Juan Pablo de \u00c1vila ; Horacio Warpola, Jos\u00e9 Luis Justes Amador (selectors). Quer\u00e9taro, Quer\u00e9taro, M\u00e9xico : Herring Publishers, 2022. 170 pages : includes photos ; 21 cm.<\/span><\/p>\n","protected":false},"featured_media":6728,"template":"","meta":{"_acf_changed":false,"inline_featured_image":false},"product_brand":[],"product_cat":[25,32],"product_tag":[4112,4115,3598],"class_list":{"0":"post-6577","1":"product","2":"type-product","3":"status-publish","4":"has-post-thumbnail","6":"product_cat-literatura","7":"product_cat-poesia-literatura","8":"product_tag-antologia","9":"product_tag-poesia-es","10":"product_tag-poesia-mexicana","12":"first","13":"outofstock","14":"taxable","15":"shipping-taxable","16":"purchasable","17":"product-type-simple"},"acf":[],"yoast_head":"<!-- This site is optimized with the Yoast SEO plugin v27.3 - https:\/\/yoast.com\/product\/yoast-seo-wordpress\/ -->\n<title>Ojos para escribir el mundo: Antolog\u00eda m\u00ednima<\/title>\n<meta name=\"description\" content=\"OJOS PARA ESCRIBIR EL MUNDO : ANTOLOG\u00cdA M\u00cdNIMA. \/ Juan Pablo de \u00c1vila ; Horacio Warpola, Jos\u00e9 Luis Justes Amador (selectors). Herring Publishers, 2022.\" \/>\n<meta name=\"robots\" content=\"index, follow, max-snippet:-1, max-image-preview:large, max-video-preview:-1\" \/>\n<link rel=\"canonical\" href=\"https:\/\/booksfrommexico.com\/es\/producto\/ojos-para-escribir-el-mundo\/\" \/>\n<meta property=\"og:locale\" content=\"es_ES\" \/>\n<meta property=\"og:type\" content=\"article\" \/>\n<meta property=\"og:title\" content=\"Ojos para escribir el mundo: Antolog\u00eda m\u00ednima\" \/>\n<meta property=\"og:description\" content=\"OJOS PARA ESCRIBIR EL MUNDO : ANTOLOG\u00cdA M\u00cdNIMA. \/ Juan Pablo de \u00c1vila ; Horacio Warpola, Jos\u00e9 Luis Justes Amador (selectors). Herring Publishers, 2022.\" \/>\n<meta property=\"og:url\" content=\"https:\/\/booksfrommexico.com\/es\/producto\/ojos-para-escribir-el-mundo\/\" \/>\n<meta property=\"og:site_name\" content=\"Books From Mexico\" \/>\n<meta property=\"article:modified_time\" content=\"2024-07-31T21:50:20+00:00\" \/>\n<meta property=\"og:image\" content=\"http:\/\/booksfrommexico.com\/app\/uploads\/2024\/05\/196514.jpeg\" \/>\n\t<meta property=\"og:image:width\" content=\"379\" \/>\n\t<meta property=\"og:image:height\" content=\"600\" \/>\n\t<meta property=\"og:image:type\" content=\"image\/jpeg\" \/>\n<meta name=\"twitter:card\" content=\"summary_large_image\" \/>\n<meta name=\"twitter:label1\" content=\"Tiempo de lectura\" \/>\n\t<meta name=\"twitter:data1\" content=\"1 minuto\" \/>\n<script type=\"application\/ld+json\" class=\"yoast-schema-graph\">{\"@context\":\"https:\\\/\\\/schema.org\",\"@graph\":[{\"@type\":\"WebPage\",\"@id\":\"https:\\\/\\\/booksfrommexico.com\\\/es\\\/producto\\\/ojos-para-escribir-el-mundo\\\/\",\"url\":\"https:\\\/\\\/booksfrommexico.com\\\/es\\\/producto\\\/ojos-para-escribir-el-mundo\\\/\",\"name\":\"Ojos para escribir el mundo: Antolog\u00eda m\u00ednima\",\"isPartOf\":{\"@id\":\"https:\\\/\\\/booksfrommexico.com\\\/#website\"},\"primaryImageOfPage\":{\"@id\":\"https:\\\/\\\/booksfrommexico.com\\\/es\\\/producto\\\/ojos-para-escribir-el-mundo\\\/#primaryimage\"},\"image\":{\"@id\":\"https:\\\/\\\/booksfrommexico.com\\\/es\\\/producto\\\/ojos-para-escribir-el-mundo\\\/#primaryimage\"},\"thumbnailUrl\":\"https:\\\/\\\/booksfrommexico.com\\\/app\\\/uploads\\\/2024\\\/05\\\/196514.jpeg\",\"datePublished\":\"2024-05-28T21:56:11+00:00\",\"dateModified\":\"2024-07-31T21:50:20+00:00\",\"description\":\"OJOS PARA ESCRIBIR EL MUNDO : ANTOLOG\u00cdA M\u00cdNIMA. \\\/ Juan Pablo de \u00c1vila ; Horacio Warpola, Jos\u00e9 Luis Justes Amador (selectors). Herring Publishers, 2022.\",\"breadcrumb\":{\"@id\":\"https:\\\/\\\/booksfrommexico.com\\\/es\\\/producto\\\/ojos-para-escribir-el-mundo\\\/#breadcrumb\"},\"inLanguage\":\"es\",\"potentialAction\":[{\"@type\":\"ReadAction\",\"target\":[\"https:\\\/\\\/booksfrommexico.com\\\/es\\\/producto\\\/ojos-para-escribir-el-mundo\\\/\"]}]},{\"@type\":\"ImageObject\",\"inLanguage\":\"es\",\"@id\":\"https:\\\/\\\/booksfrommexico.com\\\/es\\\/producto\\\/ojos-para-escribir-el-mundo\\\/#primaryimage\",\"url\":\"https:\\\/\\\/booksfrommexico.com\\\/app\\\/uploads\\\/2024\\\/05\\\/196514.jpeg\",\"contentUrl\":\"https:\\\/\\\/booksfrommexico.com\\\/app\\\/uploads\\\/2024\\\/05\\\/196514.jpeg\",\"width\":379,\"height\":600,\"caption\":\"Ojos para escribir el mundo\"},{\"@type\":\"BreadcrumbList\",\"@id\":\"https:\\\/\\\/booksfrommexico.com\\\/es\\\/producto\\\/ojos-para-escribir-el-mundo\\\/#breadcrumb\",\"itemListElement\":[{\"@type\":\"ListItem\",\"position\":1,\"name\":\"Home\",\"item\":\"https:\\\/\\\/booksfrommexico.com\\\/es\\\/\"},{\"@type\":\"ListItem\",\"position\":2,\"name\":\"Libros\",\"item\":\"https:\\\/\\\/booksfrommexico.com\\\/es\\\/libros\\\/\"},{\"@type\":\"ListItem\",\"position\":3,\"name\":\"Ojos para escribir el mundo: Antolog\u00eda m\u00ednima\"}]},{\"@type\":\"WebSite\",\"@id\":\"https:\\\/\\\/booksfrommexico.com\\\/#website\",\"url\":\"https:\\\/\\\/booksfrommexico.com\\\/\",\"name\":\"Books From Mexico\",\"description\":\"\",\"publisher\":{\"@id\":\"https:\\\/\\\/booksfrommexico.com\\\/#organization\"},\"potentialAction\":[{\"@type\":\"SearchAction\",\"target\":{\"@type\":\"EntryPoint\",\"urlTemplate\":\"https:\\\/\\\/booksfrommexico.com\\\/?s={search_term_string}\"},\"query-input\":{\"@type\":\"PropertyValueSpecification\",\"valueRequired\":true,\"valueName\":\"search_term_string\"}}],\"inLanguage\":\"es\"},{\"@type\":\"Organization\",\"@id\":\"https:\\\/\\\/booksfrommexico.com\\\/#organization\",\"name\":\"Books From Mexico\",\"url\":\"https:\\\/\\\/booksfrommexico.com\\\/\",\"logo\":{\"@type\":\"ImageObject\",\"inLanguage\":\"es\",\"@id\":\"https:\\\/\\\/booksfrommexico.com\\\/#\\\/schema\\\/logo\\\/image\\\/\",\"url\":\"https:\\\/\\\/booksfrommexico.com\\\/app\\\/uploads\\\/2023\\\/05\\\/logo-booksfrommexico.svg\",\"contentUrl\":\"https:\\\/\\\/booksfrommexico.com\\\/app\\\/uploads\\\/2023\\\/05\\\/logo-booksfrommexico.svg\",\"width\":86,\"height\":56,\"caption\":\"Books From Mexico\"},\"image\":{\"@id\":\"https:\\\/\\\/booksfrommexico.com\\\/#\\\/schema\\\/logo\\\/image\\\/\"}}]}<\/script>\n<!-- \/ Yoast SEO plugin. -->","yoast_head_json":{"title":"Ojos para escribir el mundo: Antolog\u00eda m\u00ednima","description":"OJOS PARA ESCRIBIR EL MUNDO : ANTOLOG\u00cdA M\u00cdNIMA. \/ Juan Pablo de \u00c1vila ; Horacio Warpola, Jos\u00e9 Luis Justes Amador (selectors). Herring Publishers, 2022.","robots":{"index":"index","follow":"follow","max-snippet":"max-snippet:-1","max-image-preview":"max-image-preview:large","max-video-preview":"max-video-preview:-1"},"canonical":"https:\/\/booksfrommexico.com\/es\/producto\/ojos-para-escribir-el-mundo\/","og_locale":"es_ES","og_type":"article","og_title":"Ojos para escribir el mundo: Antolog\u00eda m\u00ednima","og_description":"OJOS PARA ESCRIBIR EL MUNDO : ANTOLOG\u00cdA M\u00cdNIMA. \/ Juan Pablo de \u00c1vila ; Horacio Warpola, Jos\u00e9 Luis Justes Amador (selectors). Herring Publishers, 2022.","og_url":"https:\/\/booksfrommexico.com\/es\/producto\/ojos-para-escribir-el-mundo\/","og_site_name":"Books From Mexico","article_modified_time":"2024-07-31T21:50:20+00:00","og_image":[{"width":379,"height":600,"url":"http:\/\/booksfrommexico.com\/app\/uploads\/2024\/05\/196514.jpeg","type":"image\/jpeg"}],"twitter_card":"summary_large_image","twitter_misc":{"Tiempo de lectura":"1 minuto"},"schema":{"@context":"https:\/\/schema.org","@graph":[{"@type":"WebPage","@id":"https:\/\/booksfrommexico.com\/es\/producto\/ojos-para-escribir-el-mundo\/","url":"https:\/\/booksfrommexico.com\/es\/producto\/ojos-para-escribir-el-mundo\/","name":"Ojos para escribir el mundo: Antolog\u00eda m\u00ednima","isPartOf":{"@id":"https:\/\/booksfrommexico.com\/#website"},"primaryImageOfPage":{"@id":"https:\/\/booksfrommexico.com\/es\/producto\/ojos-para-escribir-el-mundo\/#primaryimage"},"image":{"@id":"https:\/\/booksfrommexico.com\/es\/producto\/ojos-para-escribir-el-mundo\/#primaryimage"},"thumbnailUrl":"https:\/\/booksfrommexico.com\/app\/uploads\/2024\/05\/196514.jpeg","datePublished":"2024-05-28T21:56:11+00:00","dateModified":"2024-07-31T21:50:20+00:00","description":"OJOS PARA ESCRIBIR EL MUNDO : ANTOLOG\u00cdA M\u00cdNIMA. \/ Juan Pablo de \u00c1vila ; Horacio Warpola, Jos\u00e9 Luis Justes Amador (selectors). Herring Publishers, 2022.","breadcrumb":{"@id":"https:\/\/booksfrommexico.com\/es\/producto\/ojos-para-escribir-el-mundo\/#breadcrumb"},"inLanguage":"es","potentialAction":[{"@type":"ReadAction","target":["https:\/\/booksfrommexico.com\/es\/producto\/ojos-para-escribir-el-mundo\/"]}]},{"@type":"ImageObject","inLanguage":"es","@id":"https:\/\/booksfrommexico.com\/es\/producto\/ojos-para-escribir-el-mundo\/#primaryimage","url":"https:\/\/booksfrommexico.com\/app\/uploads\/2024\/05\/196514.jpeg","contentUrl":"https:\/\/booksfrommexico.com\/app\/uploads\/2024\/05\/196514.jpeg","width":379,"height":600,"caption":"Ojos para escribir el mundo"},{"@type":"BreadcrumbList","@id":"https:\/\/booksfrommexico.com\/es\/producto\/ojos-para-escribir-el-mundo\/#breadcrumb","itemListElement":[{"@type":"ListItem","position":1,"name":"Home","item":"https:\/\/booksfrommexico.com\/es\/"},{"@type":"ListItem","position":2,"name":"Libros","item":"https:\/\/booksfrommexico.com\/es\/libros\/"},{"@type":"ListItem","position":3,"name":"Ojos para escribir el mundo: Antolog\u00eda m\u00ednima"}]},{"@type":"WebSite","@id":"https:\/\/booksfrommexico.com\/#website","url":"https:\/\/booksfrommexico.com\/","name":"Books From Mexico","description":"","publisher":{"@id":"https:\/\/booksfrommexico.com\/#organization"},"potentialAction":[{"@type":"SearchAction","target":{"@type":"EntryPoint","urlTemplate":"https:\/\/booksfrommexico.com\/?s={search_term_string}"},"query-input":{"@type":"PropertyValueSpecification","valueRequired":true,"valueName":"search_term_string"}}],"inLanguage":"es"},{"@type":"Organization","@id":"https:\/\/booksfrommexico.com\/#organization","name":"Books From Mexico","url":"https:\/\/booksfrommexico.com\/","logo":{"@type":"ImageObject","inLanguage":"es","@id":"https:\/\/booksfrommexico.com\/#\/schema\/logo\/image\/","url":"https:\/\/booksfrommexico.com\/app\/uploads\/2023\/05\/logo-booksfrommexico.svg","contentUrl":"https:\/\/booksfrommexico.com\/app\/uploads\/2023\/05\/logo-booksfrommexico.svg","width":86,"height":56,"caption":"Books From Mexico"},"image":{"@id":"https:\/\/booksfrommexico.com\/#\/schema\/logo\/image\/"}}]}},"_links":{"self":[{"href":"https:\/\/booksfrommexico.com\/es\/wp-json\/wp\/v2\/product\/6577","targetHints":{"allow":["GET"]}}],"collection":[{"href":"https:\/\/booksfrommexico.com\/es\/wp-json\/wp\/v2\/product"}],"about":[{"href":"https:\/\/booksfrommexico.com\/es\/wp-json\/wp\/v2\/types\/product"}],"wp:featuredmedia":[{"embeddable":true,"href":"https:\/\/booksfrommexico.com\/es\/wp-json\/wp\/v2\/media\/6728"}],"wp:attachment":[{"href":"https:\/\/booksfrommexico.com\/es\/wp-json\/wp\/v2\/media?parent=6577"}],"wp:term":[{"taxonomy":"product_brand","embeddable":true,"href":"https:\/\/booksfrommexico.com\/es\/wp-json\/wp\/v2\/product_brand?post=6577"},{"taxonomy":"product_cat","embeddable":true,"href":"https:\/\/booksfrommexico.com\/es\/wp-json\/wp\/v2\/product_cat?post=6577"},{"taxonomy":"product_tag","embeddable":true,"href":"https:\/\/booksfrommexico.com\/es\/wp-json\/wp\/v2\/product_tag?post=6577"}],"curies":[{"name":"wp","href":"https:\/\/api.w.org\/{rel}","templated":true}]}}