{"id":6578,"date":"2024-05-28T21:56:11","date_gmt":"2024-05-28T21:56:11","guid":{"rendered":"https:\/\/booksfrommexico.com\/product\/por-que-volvias-cada-verano\/"},"modified":"2024-07-31T21:58:43","modified_gmt":"2024-07-31T21:58:43","slug":"por-que-volvias-cada-verano","status":"publish","type":"product","link":"https:\/\/booksfrommexico.com\/es\/producto\/por-que-volvias-cada-verano\/","title":{"rendered":"Por qu\u00e9 volv\u00edas cada verano"},"content":{"rendered":"<p><span style=\"font-weight: 400;\">Bel\u00e9n L\u00f3pez Peir\u00f3 es Licenciada en Ciencias de la Comunicaci\u00f3n por la Universidad de Buenos Aires, su trabajo po\u00e9tico ha sido publicado y traducido al catal\u00e1n, franc\u00e9s, ingl\u00e9s, italiano y portugu\u00e9s. Este t\u00edtulo se trata de una serie de poemas acompa\u00f1ados de relatos que funcionan como \u201cdenuncias-expedientes\u201d que van contando distintas historias donde las infancias y juventudes son las protagonistas, contando los delitos de abuso f\u00edsico, sexual y psicol\u00f3gico que sufrieron en su pasado. A trav\u00e9s de di\u00e1logos truncos, de mon\u00f3logos interiores, llamadas telef\u00f3nicas, testimonios y silencios c\u00f3mplices con los que la autora va armando un cuadro para exponer la violencia.<\/span><\/p>\n","protected":false},"excerpt":{"rendered":"<p>POR QU\u00c9 VOLV\u00cdAS CADA VERANO<span style=\"font-weight: 400;\">. \/ Bel\u00e9n L\u00f3pez Peir\u00f3. Santiago de Quer\u00e9taro, M\u00e9xico : Pal\u00edndroma, 2021. 155 pages ; 22 cm. (Colecci\u00f3n At\u00ednele Elenita Novela). ISBN : 9786079880354.<\/span><\/p>\n","protected":false},"featured_media":6731,"template":"","meta":{"_acf_changed":false,"inline_featured_image":false},"product_brand":[],"product_cat":[25,32,699],"product_tag":[4225,4115,4422],"class_list":{"0":"post-6578","1":"product","2":"type-product","3":"status-publish","4":"has-post-thumbnail","6":"product_cat-literatura","7":"product_cat-poesia-literatura","8":"product_cat-violencia-en-la-sociedad-sociologia","9":"product_tag-mujeres-literatura","10":"product_tag-poesia-es","11":"product_tag-violencia-de-genero","13":"first","14":"outofstock","15":"taxable","16":"shipping-taxable","17":"purchasable","18":"product-type-simple"},"acf":[],"yoast_head":"<!-- This site is optimized with the Yoast SEO plugin v27.3 - https:\/\/yoast.com\/product\/yoast-seo-wordpress\/ -->\n<title>Por qu\u00e9 volv\u00edas cada verano<\/title>\n<meta name=\"description\" content=\"POR QU\u00c9 VOLV\u00cdAS CADA VERANO. \/ Bel\u00e9n L\u00f3pez Peir\u00f3. Santiago de Quer\u00e9taro, M\u00e9xico : Pal\u00edndroma, 2021. (Colecci\u00f3n At\u00ednele Elenita Novela).\" \/>\n<meta name=\"robots\" content=\"index, follow, max-snippet:-1, max-image-preview:large, max-video-preview:-1\" \/>\n<link rel=\"canonical\" href=\"https:\/\/booksfrommexico.com\/es\/producto\/por-que-volvias-cada-verano\/\" \/>\n<meta property=\"og:locale\" content=\"es_ES\" \/>\n<meta property=\"og:type\" content=\"article\" \/>\n<meta property=\"og:title\" content=\"Por qu\u00e9 volv\u00edas cada verano\" \/>\n<meta property=\"og:description\" content=\"POR QU\u00c9 VOLV\u00cdAS CADA VERANO. \/ Bel\u00e9n L\u00f3pez Peir\u00f3. Santiago de Quer\u00e9taro, M\u00e9xico : Pal\u00edndroma, 2021. (Colecci\u00f3n At\u00ednele Elenita Novela).\" \/>\n<meta property=\"og:url\" content=\"https:\/\/booksfrommexico.com\/es\/producto\/por-que-volvias-cada-verano\/\" \/>\n<meta property=\"og:site_name\" content=\"Books From Mexico\" \/>\n<meta property=\"article:modified_time\" content=\"2024-07-31T21:58:43+00:00\" \/>\n<meta property=\"og:image\" content=\"http:\/\/booksfrommexico.com\/app\/uploads\/2024\/05\/196517.jpeg\" \/>\n\t<meta property=\"og:image:width\" content=\"404\" \/>\n\t<meta property=\"og:image:height\" content=\"621\" \/>\n\t<meta property=\"og:image:type\" content=\"image\/jpeg\" \/>\n<meta name=\"twitter:card\" content=\"summary_large_image\" \/>\n<meta name=\"twitter:label1\" content=\"Tiempo de lectura\" \/>\n\t<meta name=\"twitter:data1\" content=\"1 minuto\" \/>\n<script type=\"application\/ld+json\" class=\"yoast-schema-graph\">{\"@context\":\"https:\\\/\\\/schema.org\",\"@graph\":[{\"@type\":\"WebPage\",\"@id\":\"https:\\\/\\\/booksfrommexico.com\\\/es\\\/producto\\\/por-que-volvias-cada-verano\\\/\",\"url\":\"https:\\\/\\\/booksfrommexico.com\\\/es\\\/producto\\\/por-que-volvias-cada-verano\\\/\",\"name\":\"Por qu\u00e9 volv\u00edas cada verano\",\"isPartOf\":{\"@id\":\"https:\\\/\\\/booksfrommexico.com\\\/#website\"},\"primaryImageOfPage\":{\"@id\":\"https:\\\/\\\/booksfrommexico.com\\\/es\\\/producto\\\/por-que-volvias-cada-verano\\\/#primaryimage\"},\"image\":{\"@id\":\"https:\\\/\\\/booksfrommexico.com\\\/es\\\/producto\\\/por-que-volvias-cada-verano\\\/#primaryimage\"},\"thumbnailUrl\":\"https:\\\/\\\/booksfrommexico.com\\\/app\\\/uploads\\\/2024\\\/05\\\/196517.jpeg\",\"datePublished\":\"2024-05-28T21:56:11+00:00\",\"dateModified\":\"2024-07-31T21:58:43+00:00\",\"description\":\"POR QU\u00c9 VOLV\u00cdAS CADA VERANO. \\\/ Bel\u00e9n L\u00f3pez Peir\u00f3. Santiago de Quer\u00e9taro, M\u00e9xico : Pal\u00edndroma, 2021. (Colecci\u00f3n At\u00ednele Elenita Novela).\",\"breadcrumb\":{\"@id\":\"https:\\\/\\\/booksfrommexico.com\\\/es\\\/producto\\\/por-que-volvias-cada-verano\\\/#breadcrumb\"},\"inLanguage\":\"es\",\"potentialAction\":[{\"@type\":\"ReadAction\",\"target\":[\"https:\\\/\\\/booksfrommexico.com\\\/es\\\/producto\\\/por-que-volvias-cada-verano\\\/\"]}]},{\"@type\":\"ImageObject\",\"inLanguage\":\"es\",\"@id\":\"https:\\\/\\\/booksfrommexico.com\\\/es\\\/producto\\\/por-que-volvias-cada-verano\\\/#primaryimage\",\"url\":\"https:\\\/\\\/booksfrommexico.com\\\/app\\\/uploads\\\/2024\\\/05\\\/196517.jpeg\",\"contentUrl\":\"https:\\\/\\\/booksfrommexico.com\\\/app\\\/uploads\\\/2024\\\/05\\\/196517.jpeg\",\"width\":404,\"height\":621,\"caption\":\"Por qu\u00e9 volv\u00edas cada verano\"},{\"@type\":\"BreadcrumbList\",\"@id\":\"https:\\\/\\\/booksfrommexico.com\\\/es\\\/producto\\\/por-que-volvias-cada-verano\\\/#breadcrumb\",\"itemListElement\":[{\"@type\":\"ListItem\",\"position\":1,\"name\":\"Home\",\"item\":\"https:\\\/\\\/booksfrommexico.com\\\/es\\\/\"},{\"@type\":\"ListItem\",\"position\":2,\"name\":\"Libros\",\"item\":\"https:\\\/\\\/booksfrommexico.com\\\/es\\\/libros\\\/\"},{\"@type\":\"ListItem\",\"position\":3,\"name\":\"Por qu\u00e9 volv\u00edas cada verano\"}]},{\"@type\":\"WebSite\",\"@id\":\"https:\\\/\\\/booksfrommexico.com\\\/#website\",\"url\":\"https:\\\/\\\/booksfrommexico.com\\\/\",\"name\":\"Books From Mexico\",\"description\":\"\",\"publisher\":{\"@id\":\"https:\\\/\\\/booksfrommexico.com\\\/#organization\"},\"potentialAction\":[{\"@type\":\"SearchAction\",\"target\":{\"@type\":\"EntryPoint\",\"urlTemplate\":\"https:\\\/\\\/booksfrommexico.com\\\/?s={search_term_string}\"},\"query-input\":{\"@type\":\"PropertyValueSpecification\",\"valueRequired\":true,\"valueName\":\"search_term_string\"}}],\"inLanguage\":\"es\"},{\"@type\":\"Organization\",\"@id\":\"https:\\\/\\\/booksfrommexico.com\\\/#organization\",\"name\":\"Books From Mexico\",\"url\":\"https:\\\/\\\/booksfrommexico.com\\\/\",\"logo\":{\"@type\":\"ImageObject\",\"inLanguage\":\"es\",\"@id\":\"https:\\\/\\\/booksfrommexico.com\\\/#\\\/schema\\\/logo\\\/image\\\/\",\"url\":\"https:\\\/\\\/booksfrommexico.com\\\/app\\\/uploads\\\/2023\\\/05\\\/logo-booksfrommexico.svg\",\"contentUrl\":\"https:\\\/\\\/booksfrommexico.com\\\/app\\\/uploads\\\/2023\\\/05\\\/logo-booksfrommexico.svg\",\"width\":86,\"height\":56,\"caption\":\"Books From Mexico\"},\"image\":{\"@id\":\"https:\\\/\\\/booksfrommexico.com\\\/#\\\/schema\\\/logo\\\/image\\\/\"}}]}<\/script>\n<!-- \/ Yoast SEO plugin. -->","yoast_head_json":{"title":"Por qu\u00e9 volv\u00edas cada verano","description":"POR QU\u00c9 VOLV\u00cdAS CADA VERANO. \/ Bel\u00e9n L\u00f3pez Peir\u00f3. Santiago de Quer\u00e9taro, M\u00e9xico : Pal\u00edndroma, 2021. (Colecci\u00f3n At\u00ednele Elenita Novela).","robots":{"index":"index","follow":"follow","max-snippet":"max-snippet:-1","max-image-preview":"max-image-preview:large","max-video-preview":"max-video-preview:-1"},"canonical":"https:\/\/booksfrommexico.com\/es\/producto\/por-que-volvias-cada-verano\/","og_locale":"es_ES","og_type":"article","og_title":"Por qu\u00e9 volv\u00edas cada verano","og_description":"POR QU\u00c9 VOLV\u00cdAS CADA VERANO. \/ Bel\u00e9n L\u00f3pez Peir\u00f3. Santiago de Quer\u00e9taro, M\u00e9xico : Pal\u00edndroma, 2021. (Colecci\u00f3n At\u00ednele Elenita Novela).","og_url":"https:\/\/booksfrommexico.com\/es\/producto\/por-que-volvias-cada-verano\/","og_site_name":"Books From Mexico","article_modified_time":"2024-07-31T21:58:43+00:00","og_image":[{"width":404,"height":621,"url":"http:\/\/booksfrommexico.com\/app\/uploads\/2024\/05\/196517.jpeg","type":"image\/jpeg"}],"twitter_card":"summary_large_image","twitter_misc":{"Tiempo de lectura":"1 minuto"},"schema":{"@context":"https:\/\/schema.org","@graph":[{"@type":"WebPage","@id":"https:\/\/booksfrommexico.com\/es\/producto\/por-que-volvias-cada-verano\/","url":"https:\/\/booksfrommexico.com\/es\/producto\/por-que-volvias-cada-verano\/","name":"Por qu\u00e9 volv\u00edas cada verano","isPartOf":{"@id":"https:\/\/booksfrommexico.com\/#website"},"primaryImageOfPage":{"@id":"https:\/\/booksfrommexico.com\/es\/producto\/por-que-volvias-cada-verano\/#primaryimage"},"image":{"@id":"https:\/\/booksfrommexico.com\/es\/producto\/por-que-volvias-cada-verano\/#primaryimage"},"thumbnailUrl":"https:\/\/booksfrommexico.com\/app\/uploads\/2024\/05\/196517.jpeg","datePublished":"2024-05-28T21:56:11+00:00","dateModified":"2024-07-31T21:58:43+00:00","description":"POR QU\u00c9 VOLV\u00cdAS CADA VERANO. \/ Bel\u00e9n L\u00f3pez Peir\u00f3. Santiago de Quer\u00e9taro, M\u00e9xico : Pal\u00edndroma, 2021. (Colecci\u00f3n At\u00ednele Elenita Novela).","breadcrumb":{"@id":"https:\/\/booksfrommexico.com\/es\/producto\/por-que-volvias-cada-verano\/#breadcrumb"},"inLanguage":"es","potentialAction":[{"@type":"ReadAction","target":["https:\/\/booksfrommexico.com\/es\/producto\/por-que-volvias-cada-verano\/"]}]},{"@type":"ImageObject","inLanguage":"es","@id":"https:\/\/booksfrommexico.com\/es\/producto\/por-que-volvias-cada-verano\/#primaryimage","url":"https:\/\/booksfrommexico.com\/app\/uploads\/2024\/05\/196517.jpeg","contentUrl":"https:\/\/booksfrommexico.com\/app\/uploads\/2024\/05\/196517.jpeg","width":404,"height":621,"caption":"Por qu\u00e9 volv\u00edas cada verano"},{"@type":"BreadcrumbList","@id":"https:\/\/booksfrommexico.com\/es\/producto\/por-que-volvias-cada-verano\/#breadcrumb","itemListElement":[{"@type":"ListItem","position":1,"name":"Home","item":"https:\/\/booksfrommexico.com\/es\/"},{"@type":"ListItem","position":2,"name":"Libros","item":"https:\/\/booksfrommexico.com\/es\/libros\/"},{"@type":"ListItem","position":3,"name":"Por qu\u00e9 volv\u00edas cada verano"}]},{"@type":"WebSite","@id":"https:\/\/booksfrommexico.com\/#website","url":"https:\/\/booksfrommexico.com\/","name":"Books From Mexico","description":"","publisher":{"@id":"https:\/\/booksfrommexico.com\/#organization"},"potentialAction":[{"@type":"SearchAction","target":{"@type":"EntryPoint","urlTemplate":"https:\/\/booksfrommexico.com\/?s={search_term_string}"},"query-input":{"@type":"PropertyValueSpecification","valueRequired":true,"valueName":"search_term_string"}}],"inLanguage":"es"},{"@type":"Organization","@id":"https:\/\/booksfrommexico.com\/#organization","name":"Books From Mexico","url":"https:\/\/booksfrommexico.com\/","logo":{"@type":"ImageObject","inLanguage":"es","@id":"https:\/\/booksfrommexico.com\/#\/schema\/logo\/image\/","url":"https:\/\/booksfrommexico.com\/app\/uploads\/2023\/05\/logo-booksfrommexico.svg","contentUrl":"https:\/\/booksfrommexico.com\/app\/uploads\/2023\/05\/logo-booksfrommexico.svg","width":86,"height":56,"caption":"Books From Mexico"},"image":{"@id":"https:\/\/booksfrommexico.com\/#\/schema\/logo\/image\/"}}]}},"_links":{"self":[{"href":"https:\/\/booksfrommexico.com\/es\/wp-json\/wp\/v2\/product\/6578","targetHints":{"allow":["GET"]}}],"collection":[{"href":"https:\/\/booksfrommexico.com\/es\/wp-json\/wp\/v2\/product"}],"about":[{"href":"https:\/\/booksfrommexico.com\/es\/wp-json\/wp\/v2\/types\/product"}],"wp:featuredmedia":[{"embeddable":true,"href":"https:\/\/booksfrommexico.com\/es\/wp-json\/wp\/v2\/media\/6731"}],"wp:attachment":[{"href":"https:\/\/booksfrommexico.com\/es\/wp-json\/wp\/v2\/media?parent=6578"}],"wp:term":[{"taxonomy":"product_brand","embeddable":true,"href":"https:\/\/booksfrommexico.com\/es\/wp-json\/wp\/v2\/product_brand?post=6578"},{"taxonomy":"product_cat","embeddable":true,"href":"https:\/\/booksfrommexico.com\/es\/wp-json\/wp\/v2\/product_cat?post=6578"},{"taxonomy":"product_tag","embeddable":true,"href":"https:\/\/booksfrommexico.com\/es\/wp-json\/wp\/v2\/product_tag?post=6578"}],"curies":[{"name":"wp","href":"https:\/\/api.w.org\/{rel}","templated":true}]}}