{"id":6580,"date":"2024-05-28T21:56:11","date_gmt":"2024-05-28T21:56:11","guid":{"rendered":"https:\/\/booksfrommexico.com\/product\/obscuros-nubarrones-surcan-el-cielo-de-mi-alma\/"},"modified":"2024-06-20T19:57:34","modified_gmt":"2024-06-20T19:57:34","slug":"obscuros-nubarrones-surcan-el-cielo-de-mi-alma","status":"publish","type":"product","link":"https:\/\/booksfrommexico.com\/es\/producto\/obscuros-nubarrones-surcan-el-cielo-de-mi-alma\/","title":{"rendered":"Obscuros nubarrones surcan el cielo de mi alma"},"content":{"rendered":"<p><span style=\"font-weight: 400;\">Este t\u00edtulo sirve para analizar las cosas comunes y corrientes de la vida, especialmente si se es parte de la clase media o baja, desde una perspectiva c\u00f3mica y burda, pero fundamentada y reflexiva. El autor busca que quienes se acerquen a sus poemas puedan llegar a empatizar con ellos, pero tambi\u00e9n con el contexto en que son escritos, para que poco a poco pueda tambi\u00e9n identificarse. Los versos son cortos y no buscan generar estrofas grandes, pues tampoco son necesarias para transmitir el pensamiento e ideolog\u00eda de quien escribe, sino que se esmeran m\u00e1s bien en resaltar la iron\u00eda y la comicidad, lo que le brinda su complejidad.\u00a0<\/span><\/p>\n","protected":false},"excerpt":{"rendered":"<p>OBSCUROS NUBARRONES SURCAN EL CIELO DE MI ALMA<span style=\"font-weight: 400;\">. \/ Rexito Mara\u00f1a. Chihuahua, Chihuahua, M\u00e9xico :\u00a0 [Author] , 2017. 83 pages : includes illustrations ; 22 cm.<\/span><\/p>\n","protected":false},"featured_media":6737,"template":"","meta":{"_acf_changed":false,"inline_featured_image":false},"product_brand":[],"product_cat":[25,32],"product_tag":[4115,4180,3598],"class_list":{"0":"post-6580","1":"product","2":"type-product","3":"status-publish","4":"has-post-thumbnail","6":"product_cat-literatura","7":"product_cat-poesia-literatura","8":"product_tag-poesia-es","9":"product_tag-poesia-contemporanea","10":"product_tag-poesia-mexicana","12":"first","13":"instock","14":"taxable","15":"shipping-taxable","16":"purchasable","17":"product-type-simple"},"acf":[],"yoast_head":"<!-- This site is optimized with the Yoast SEO plugin v27.2 - https:\/\/yoast.com\/product\/yoast-seo-wordpress\/ -->\n<title>Obscuros nubarrones surcan el cielo de mi alma<\/title>\n<meta name=\"description\" content=\"OBSCUROS NUBARRONES SURCAN EL CIELO DE MI ALMA. \/ Rexito Mara\u00f1a. Chihuahua, Chihuahua, M\u00e9xico : [Author] , 2017. 83 pages : includes illustrations ; 22 cm.\" \/>\n<meta name=\"robots\" content=\"index, follow, max-snippet:-1, max-image-preview:large, max-video-preview:-1\" \/>\n<link rel=\"canonical\" href=\"https:\/\/booksfrommexico.com\/es\/producto\/obscuros-nubarrones-surcan-el-cielo-de-mi-alma\/\" \/>\n<meta property=\"og:locale\" content=\"es_ES\" \/>\n<meta property=\"og:type\" content=\"article\" \/>\n<meta property=\"og:title\" content=\"Obscuros nubarrones surcan el cielo de mi alma\" \/>\n<meta property=\"og:description\" content=\"OBSCUROS NUBARRONES SURCAN EL CIELO DE MI ALMA. \/ Rexito Mara\u00f1a. Chihuahua, Chihuahua, M\u00e9xico : [Author] , 2017. 83 pages : includes illustrations ; 22 cm.\" \/>\n<meta property=\"og:url\" content=\"https:\/\/booksfrommexico.com\/es\/producto\/obscuros-nubarrones-surcan-el-cielo-de-mi-alma\/\" \/>\n<meta property=\"og:site_name\" content=\"Books From Mexico\" \/>\n<meta property=\"article:modified_time\" content=\"2024-06-20T19:57:34+00:00\" \/>\n<meta property=\"og:image\" content=\"http:\/\/booksfrommexico.com\/app\/uploads\/2024\/05\/197855.jpeg\" \/>\n\t<meta property=\"og:image:width\" content=\"328\" \/>\n\t<meta property=\"og:image:height\" content=\"628\" \/>\n\t<meta property=\"og:image:type\" content=\"image\/jpeg\" \/>\n<meta name=\"twitter:card\" content=\"summary_large_image\" \/>\n<meta name=\"twitter:label1\" content=\"Tiempo de lectura\" \/>\n\t<meta name=\"twitter:data1\" content=\"1 minuto\" \/>\n<script type=\"application\/ld+json\" class=\"yoast-schema-graph\">{\"@context\":\"https:\/\/schema.org\",\"@graph\":[{\"@type\":\"WebPage\",\"@id\":\"https:\/\/booksfrommexico.com\/es\/producto\/obscuros-nubarrones-surcan-el-cielo-de-mi-alma\/\",\"url\":\"https:\/\/booksfrommexico.com\/es\/producto\/obscuros-nubarrones-surcan-el-cielo-de-mi-alma\/\",\"name\":\"Obscuros nubarrones surcan el cielo de mi alma\",\"isPartOf\":{\"@id\":\"https:\/\/booksfrommexico.com\/#website\"},\"primaryImageOfPage\":{\"@id\":\"https:\/\/booksfrommexico.com\/es\/producto\/obscuros-nubarrones-surcan-el-cielo-de-mi-alma\/#primaryimage\"},\"image\":{\"@id\":\"https:\/\/booksfrommexico.com\/es\/producto\/obscuros-nubarrones-surcan-el-cielo-de-mi-alma\/#primaryimage\"},\"thumbnailUrl\":\"https:\/\/booksfrommexico.com\/app\/uploads\/2024\/05\/197855.jpeg\",\"datePublished\":\"2024-05-28T21:56:11+00:00\",\"dateModified\":\"2024-06-20T19:57:34+00:00\",\"description\":\"OBSCUROS NUBARRONES SURCAN EL CIELO DE MI ALMA. \/ Rexito Mara\u00f1a. Chihuahua, Chihuahua, M\u00e9xico : [Author] , 2017. 83 pages : includes illustrations ; 22 cm.\",\"breadcrumb\":{\"@id\":\"https:\/\/booksfrommexico.com\/es\/producto\/obscuros-nubarrones-surcan-el-cielo-de-mi-alma\/#breadcrumb\"},\"inLanguage\":\"es\",\"potentialAction\":[{\"@type\":\"ReadAction\",\"target\":[\"https:\/\/booksfrommexico.com\/es\/producto\/obscuros-nubarrones-surcan-el-cielo-de-mi-alma\/\"]}]},{\"@type\":\"ImageObject\",\"inLanguage\":\"es\",\"@id\":\"https:\/\/booksfrommexico.com\/es\/producto\/obscuros-nubarrones-surcan-el-cielo-de-mi-alma\/#primaryimage\",\"url\":\"https:\/\/booksfrommexico.com\/app\/uploads\/2024\/05\/197855.jpeg\",\"contentUrl\":\"https:\/\/booksfrommexico.com\/app\/uploads\/2024\/05\/197855.jpeg\",\"width\":328,\"height\":628,\"caption\":\"Obscuros nubarrones surcan el cielo de mi alma\"},{\"@type\":\"BreadcrumbList\",\"@id\":\"https:\/\/booksfrommexico.com\/es\/producto\/obscuros-nubarrones-surcan-el-cielo-de-mi-alma\/#breadcrumb\",\"itemListElement\":[{\"@type\":\"ListItem\",\"position\":1,\"name\":\"Home\",\"item\":\"https:\/\/booksfrommexico.com\/es\/\"},{\"@type\":\"ListItem\",\"position\":2,\"name\":\"Libros\",\"item\":\"https:\/\/booksfrommexico.com\/es\/libros\/\"},{\"@type\":\"ListItem\",\"position\":3,\"name\":\"Obscuros nubarrones surcan el cielo de mi alma\"}]},{\"@type\":\"WebSite\",\"@id\":\"https:\/\/booksfrommexico.com\/#website\",\"url\":\"https:\/\/booksfrommexico.com\/\",\"name\":\"Books From Mexico\",\"description\":\"\",\"publisher\":{\"@id\":\"https:\/\/booksfrommexico.com\/#organization\"},\"potentialAction\":[{\"@type\":\"SearchAction\",\"target\":{\"@type\":\"EntryPoint\",\"urlTemplate\":\"https:\/\/booksfrommexico.com\/?s={search_term_string}\"},\"query-input\":{\"@type\":\"PropertyValueSpecification\",\"valueRequired\":true,\"valueName\":\"search_term_string\"}}],\"inLanguage\":\"es\"},{\"@type\":\"Organization\",\"@id\":\"https:\/\/booksfrommexico.com\/#organization\",\"name\":\"Books From Mexico\",\"url\":\"https:\/\/booksfrommexico.com\/\",\"logo\":{\"@type\":\"ImageObject\",\"inLanguage\":\"es\",\"@id\":\"https:\/\/booksfrommexico.com\/#\/schema\/logo\/image\/\",\"url\":\"https:\/\/booksfrommexico.com\/app\/uploads\/2023\/05\/logo-booksfrommexico.svg\",\"contentUrl\":\"https:\/\/booksfrommexico.com\/app\/uploads\/2023\/05\/logo-booksfrommexico.svg\",\"width\":86,\"height\":56,\"caption\":\"Books From Mexico\"},\"image\":{\"@id\":\"https:\/\/booksfrommexico.com\/#\/schema\/logo\/image\/\"}}]}<\/script>\n<!-- \/ Yoast SEO plugin. -->","yoast_head_json":{"title":"Obscuros nubarrones surcan el cielo de mi alma","description":"OBSCUROS NUBARRONES SURCAN EL CIELO DE MI ALMA. \/ Rexito Mara\u00f1a. Chihuahua, Chihuahua, M\u00e9xico : [Author] , 2017. 83 pages : includes illustrations ; 22 cm.","robots":{"index":"index","follow":"follow","max-snippet":"max-snippet:-1","max-image-preview":"max-image-preview:large","max-video-preview":"max-video-preview:-1"},"canonical":"https:\/\/booksfrommexico.com\/es\/producto\/obscuros-nubarrones-surcan-el-cielo-de-mi-alma\/","og_locale":"es_ES","og_type":"article","og_title":"Obscuros nubarrones surcan el cielo de mi alma","og_description":"OBSCUROS NUBARRONES SURCAN EL CIELO DE MI ALMA. \/ Rexito Mara\u00f1a. Chihuahua, Chihuahua, M\u00e9xico : [Author] , 2017. 83 pages : includes illustrations ; 22 cm.","og_url":"https:\/\/booksfrommexico.com\/es\/producto\/obscuros-nubarrones-surcan-el-cielo-de-mi-alma\/","og_site_name":"Books From Mexico","article_modified_time":"2024-06-20T19:57:34+00:00","og_image":[{"width":328,"height":628,"url":"http:\/\/booksfrommexico.com\/app\/uploads\/2024\/05\/197855.jpeg","type":"image\/jpeg"}],"twitter_card":"summary_large_image","twitter_misc":{"Tiempo de lectura":"1 minuto"},"schema":{"@context":"https:\/\/schema.org","@graph":[{"@type":"WebPage","@id":"https:\/\/booksfrommexico.com\/es\/producto\/obscuros-nubarrones-surcan-el-cielo-de-mi-alma\/","url":"https:\/\/booksfrommexico.com\/es\/producto\/obscuros-nubarrones-surcan-el-cielo-de-mi-alma\/","name":"Obscuros nubarrones surcan el cielo de mi alma","isPartOf":{"@id":"https:\/\/booksfrommexico.com\/#website"},"primaryImageOfPage":{"@id":"https:\/\/booksfrommexico.com\/es\/producto\/obscuros-nubarrones-surcan-el-cielo-de-mi-alma\/#primaryimage"},"image":{"@id":"https:\/\/booksfrommexico.com\/es\/producto\/obscuros-nubarrones-surcan-el-cielo-de-mi-alma\/#primaryimage"},"thumbnailUrl":"https:\/\/booksfrommexico.com\/app\/uploads\/2024\/05\/197855.jpeg","datePublished":"2024-05-28T21:56:11+00:00","dateModified":"2024-06-20T19:57:34+00:00","description":"OBSCUROS NUBARRONES SURCAN EL CIELO DE MI ALMA. \/ Rexito Mara\u00f1a. Chihuahua, Chihuahua, M\u00e9xico : [Author] , 2017. 83 pages : includes illustrations ; 22 cm.","breadcrumb":{"@id":"https:\/\/booksfrommexico.com\/es\/producto\/obscuros-nubarrones-surcan-el-cielo-de-mi-alma\/#breadcrumb"},"inLanguage":"es","potentialAction":[{"@type":"ReadAction","target":["https:\/\/booksfrommexico.com\/es\/producto\/obscuros-nubarrones-surcan-el-cielo-de-mi-alma\/"]}]},{"@type":"ImageObject","inLanguage":"es","@id":"https:\/\/booksfrommexico.com\/es\/producto\/obscuros-nubarrones-surcan-el-cielo-de-mi-alma\/#primaryimage","url":"https:\/\/booksfrommexico.com\/app\/uploads\/2024\/05\/197855.jpeg","contentUrl":"https:\/\/booksfrommexico.com\/app\/uploads\/2024\/05\/197855.jpeg","width":328,"height":628,"caption":"Obscuros nubarrones surcan el cielo de mi alma"},{"@type":"BreadcrumbList","@id":"https:\/\/booksfrommexico.com\/es\/producto\/obscuros-nubarrones-surcan-el-cielo-de-mi-alma\/#breadcrumb","itemListElement":[{"@type":"ListItem","position":1,"name":"Home","item":"https:\/\/booksfrommexico.com\/es\/"},{"@type":"ListItem","position":2,"name":"Libros","item":"https:\/\/booksfrommexico.com\/es\/libros\/"},{"@type":"ListItem","position":3,"name":"Obscuros nubarrones surcan el cielo de mi alma"}]},{"@type":"WebSite","@id":"https:\/\/booksfrommexico.com\/#website","url":"https:\/\/booksfrommexico.com\/","name":"Books From Mexico","description":"","publisher":{"@id":"https:\/\/booksfrommexico.com\/#organization"},"potentialAction":[{"@type":"SearchAction","target":{"@type":"EntryPoint","urlTemplate":"https:\/\/booksfrommexico.com\/?s={search_term_string}"},"query-input":{"@type":"PropertyValueSpecification","valueRequired":true,"valueName":"search_term_string"}}],"inLanguage":"es"},{"@type":"Organization","@id":"https:\/\/booksfrommexico.com\/#organization","name":"Books From Mexico","url":"https:\/\/booksfrommexico.com\/","logo":{"@type":"ImageObject","inLanguage":"es","@id":"https:\/\/booksfrommexico.com\/#\/schema\/logo\/image\/","url":"https:\/\/booksfrommexico.com\/app\/uploads\/2023\/05\/logo-booksfrommexico.svg","contentUrl":"https:\/\/booksfrommexico.com\/app\/uploads\/2023\/05\/logo-booksfrommexico.svg","width":86,"height":56,"caption":"Books From Mexico"},"image":{"@id":"https:\/\/booksfrommexico.com\/#\/schema\/logo\/image\/"}}]}},"_links":{"self":[{"href":"https:\/\/booksfrommexico.com\/es\/wp-json\/wp\/v2\/product\/6580","targetHints":{"allow":["GET"]}}],"collection":[{"href":"https:\/\/booksfrommexico.com\/es\/wp-json\/wp\/v2\/product"}],"about":[{"href":"https:\/\/booksfrommexico.com\/es\/wp-json\/wp\/v2\/types\/product"}],"wp:featuredmedia":[{"embeddable":true,"href":"https:\/\/booksfrommexico.com\/es\/wp-json\/wp\/v2\/media\/6737"}],"wp:attachment":[{"href":"https:\/\/booksfrommexico.com\/es\/wp-json\/wp\/v2\/media?parent=6580"}],"wp:term":[{"taxonomy":"product_brand","embeddable":true,"href":"https:\/\/booksfrommexico.com\/es\/wp-json\/wp\/v2\/product_brand?post=6580"},{"taxonomy":"product_cat","embeddable":true,"href":"https:\/\/booksfrommexico.com\/es\/wp-json\/wp\/v2\/product_cat?post=6580"},{"taxonomy":"product_tag","embeddable":true,"href":"https:\/\/booksfrommexico.com\/es\/wp-json\/wp\/v2\/product_tag?post=6580"}],"curies":[{"name":"wp","href":"https:\/\/api.w.org\/{rel}","templated":true}]}}