{"id":6581,"date":"2024-05-28T21:56:11","date_gmt":"2024-05-28T21:56:11","guid":{"rendered":"https:\/\/booksfrommexico.com\/product\/princesas-para-armar\/"},"modified":"2024-06-12T21:16:56","modified_gmt":"2024-06-12T21:16:56","slug":"princesas-para-armar","status":"publish","type":"product","link":"https:\/\/booksfrommexico.com\/es\/producto\/princesas-para-armar\/","title":{"rendered":"Princesas para armar"},"content":{"rendered":"<p><span style=\"font-weight: 400;\">Anaclara Muro es una escritora, guionista y editora oriunda de Michoac\u00e1n, ha sido becaria por el PECDA en 2014 y por el FONCA en 2021. En este t\u00edtulo la autora traza con una voz fragmentada, l\u00edrica, impregnada de humor negro y s\u00e1tira, una serie de poemas que se enfrentan a la presi\u00f3n por ajsutarse a los roles de g\u00e9nero. A lo largo de estos versos se exploran temas de identidad, autonom\u00eda y expectativas sociales, invitando al lector a reconsiderar las nociones de feminidad, la individualidad y las limitaciones sociales, confrontando la realidad de las expectativas de g\u00e9nero.<\/span><\/p>\n","protected":false},"excerpt":{"rendered":"<p>PRINCESAS PARA ARMAR<span style=\"font-weight: 400;\">. \/ Anaclara Muro. Quer\u00e9taro, M\u00e9xico : Pal\u00edndroma, 2022. 75 pages ; 21 cm. (Colecci\u00f3n Aibofobia Poes\u00eda). ISBN :\u00a0 9786079880385.<\/span><\/p>\n","protected":false},"featured_media":6740,"template":"","meta":{"_acf_changed":false,"inline_featured_image":false},"product_brand":[],"product_cat":[25,32],"product_tag":[4104,4211,4101,4225,4115],"class_list":{"0":"post-6581","1":"product","2":"type-product","3":"status-publish","4":"has-post-thumbnail","6":"product_cat-literatura","7":"product_cat-poesia-literatura","8":"product_tag-equidad-de-genero","9":"product_tag-feminismo","10":"product_tag-mujeres-es","11":"product_tag-mujeres-literatura","12":"product_tag-poesia-es","14":"first","15":"instock","16":"taxable","17":"shipping-taxable","18":"purchasable","19":"product-type-simple"},"acf":[],"yoast_head":"<!-- This site is optimized with the Yoast SEO plugin v27.3 - https:\/\/yoast.com\/product\/yoast-seo-wordpress\/ -->\n<title>Princesas para armar<\/title>\n<meta name=\"description\" content=\"PRINCESAS PARA ARMAR. \/ Anaclara Muro. Quer\u00e9taro, M\u00e9xico : Pal\u00edndroma, 2022. 75 pages ; 21 cm. (Colecci\u00f3n Aibofobia Poes\u00eda). ISBN : 9786079880385.\" \/>\n<meta name=\"robots\" content=\"index, follow, max-snippet:-1, max-image-preview:large, max-video-preview:-1\" \/>\n<link rel=\"canonical\" href=\"https:\/\/booksfrommexico.com\/es\/producto\/princesas-para-armar\/\" \/>\n<meta property=\"og:locale\" content=\"es_ES\" \/>\n<meta property=\"og:type\" content=\"article\" \/>\n<meta property=\"og:title\" content=\"Princesas para armar\" \/>\n<meta property=\"og:description\" content=\"PRINCESAS PARA ARMAR. \/ Anaclara Muro. Quer\u00e9taro, M\u00e9xico : Pal\u00edndroma, 2022. 75 pages ; 21 cm. (Colecci\u00f3n Aibofobia Poes\u00eda). ISBN : 9786079880385.\" \/>\n<meta property=\"og:url\" content=\"https:\/\/booksfrommexico.com\/es\/producto\/princesas-para-armar\/\" \/>\n<meta property=\"og:site_name\" content=\"Books From Mexico\" \/>\n<meta property=\"article:modified_time\" content=\"2024-06-12T21:16:56+00:00\" \/>\n<meta property=\"og:image\" content=\"http:\/\/booksfrommexico.com\/app\/uploads\/2024\/05\/198077.jpeg\" \/>\n\t<meta property=\"og:image:width\" content=\"388\" \/>\n\t<meta property=\"og:image:height\" content=\"593\" \/>\n\t<meta property=\"og:image:type\" content=\"image\/jpeg\" \/>\n<meta name=\"twitter:card\" content=\"summary_large_image\" \/>\n<meta name=\"twitter:label1\" content=\"Tiempo de lectura\" \/>\n\t<meta name=\"twitter:data1\" content=\"1 minuto\" \/>\n<script type=\"application\/ld+json\" class=\"yoast-schema-graph\">{\"@context\":\"https:\\\/\\\/schema.org\",\"@graph\":[{\"@type\":\"WebPage\",\"@id\":\"https:\\\/\\\/booksfrommexico.com\\\/es\\\/producto\\\/princesas-para-armar\\\/\",\"url\":\"https:\\\/\\\/booksfrommexico.com\\\/es\\\/producto\\\/princesas-para-armar\\\/\",\"name\":\"Princesas para armar\",\"isPartOf\":{\"@id\":\"https:\\\/\\\/booksfrommexico.com\\\/#website\"},\"primaryImageOfPage\":{\"@id\":\"https:\\\/\\\/booksfrommexico.com\\\/es\\\/producto\\\/princesas-para-armar\\\/#primaryimage\"},\"image\":{\"@id\":\"https:\\\/\\\/booksfrommexico.com\\\/es\\\/producto\\\/princesas-para-armar\\\/#primaryimage\"},\"thumbnailUrl\":\"https:\\\/\\\/booksfrommexico.com\\\/app\\\/uploads\\\/2024\\\/05\\\/198077.jpeg\",\"datePublished\":\"2024-05-28T21:56:11+00:00\",\"dateModified\":\"2024-06-12T21:16:56+00:00\",\"description\":\"PRINCESAS PARA ARMAR. \\\/ Anaclara Muro. Quer\u00e9taro, M\u00e9xico : Pal\u00edndroma, 2022. 75 pages ; 21 cm. (Colecci\u00f3n Aibofobia Poes\u00eda). ISBN : 9786079880385.\",\"breadcrumb\":{\"@id\":\"https:\\\/\\\/booksfrommexico.com\\\/es\\\/producto\\\/princesas-para-armar\\\/#breadcrumb\"},\"inLanguage\":\"es\",\"potentialAction\":[{\"@type\":\"ReadAction\",\"target\":[\"https:\\\/\\\/booksfrommexico.com\\\/es\\\/producto\\\/princesas-para-armar\\\/\"]}]},{\"@type\":\"ImageObject\",\"inLanguage\":\"es\",\"@id\":\"https:\\\/\\\/booksfrommexico.com\\\/es\\\/producto\\\/princesas-para-armar\\\/#primaryimage\",\"url\":\"https:\\\/\\\/booksfrommexico.com\\\/app\\\/uploads\\\/2024\\\/05\\\/198077.jpeg\",\"contentUrl\":\"https:\\\/\\\/booksfrommexico.com\\\/app\\\/uploads\\\/2024\\\/05\\\/198077.jpeg\",\"width\":388,\"height\":593,\"caption\":\"Princesas para armar\"},{\"@type\":\"BreadcrumbList\",\"@id\":\"https:\\\/\\\/booksfrommexico.com\\\/es\\\/producto\\\/princesas-para-armar\\\/#breadcrumb\",\"itemListElement\":[{\"@type\":\"ListItem\",\"position\":1,\"name\":\"Home\",\"item\":\"https:\\\/\\\/booksfrommexico.com\\\/es\\\/\"},{\"@type\":\"ListItem\",\"position\":2,\"name\":\"Libros\",\"item\":\"https:\\\/\\\/booksfrommexico.com\\\/es\\\/libros\\\/\"},{\"@type\":\"ListItem\",\"position\":3,\"name\":\"Princesas para armar\"}]},{\"@type\":\"WebSite\",\"@id\":\"https:\\\/\\\/booksfrommexico.com\\\/#website\",\"url\":\"https:\\\/\\\/booksfrommexico.com\\\/\",\"name\":\"Books From Mexico\",\"description\":\"\",\"publisher\":{\"@id\":\"https:\\\/\\\/booksfrommexico.com\\\/#organization\"},\"potentialAction\":[{\"@type\":\"SearchAction\",\"target\":{\"@type\":\"EntryPoint\",\"urlTemplate\":\"https:\\\/\\\/booksfrommexico.com\\\/?s={search_term_string}\"},\"query-input\":{\"@type\":\"PropertyValueSpecification\",\"valueRequired\":true,\"valueName\":\"search_term_string\"}}],\"inLanguage\":\"es\"},{\"@type\":\"Organization\",\"@id\":\"https:\\\/\\\/booksfrommexico.com\\\/#organization\",\"name\":\"Books From Mexico\",\"url\":\"https:\\\/\\\/booksfrommexico.com\\\/\",\"logo\":{\"@type\":\"ImageObject\",\"inLanguage\":\"es\",\"@id\":\"https:\\\/\\\/booksfrommexico.com\\\/#\\\/schema\\\/logo\\\/image\\\/\",\"url\":\"https:\\\/\\\/booksfrommexico.com\\\/app\\\/uploads\\\/2023\\\/05\\\/logo-booksfrommexico.svg\",\"contentUrl\":\"https:\\\/\\\/booksfrommexico.com\\\/app\\\/uploads\\\/2023\\\/05\\\/logo-booksfrommexico.svg\",\"width\":86,\"height\":56,\"caption\":\"Books From Mexico\"},\"image\":{\"@id\":\"https:\\\/\\\/booksfrommexico.com\\\/#\\\/schema\\\/logo\\\/image\\\/\"}}]}<\/script>\n<!-- \/ Yoast SEO plugin. -->","yoast_head_json":{"title":"Princesas para armar","description":"PRINCESAS PARA ARMAR. \/ Anaclara Muro. Quer\u00e9taro, M\u00e9xico : Pal\u00edndroma, 2022. 75 pages ; 21 cm. (Colecci\u00f3n Aibofobia Poes\u00eda). ISBN : 9786079880385.","robots":{"index":"index","follow":"follow","max-snippet":"max-snippet:-1","max-image-preview":"max-image-preview:large","max-video-preview":"max-video-preview:-1"},"canonical":"https:\/\/booksfrommexico.com\/es\/producto\/princesas-para-armar\/","og_locale":"es_ES","og_type":"article","og_title":"Princesas para armar","og_description":"PRINCESAS PARA ARMAR. \/ Anaclara Muro. Quer\u00e9taro, M\u00e9xico : Pal\u00edndroma, 2022. 75 pages ; 21 cm. (Colecci\u00f3n Aibofobia Poes\u00eda). ISBN : 9786079880385.","og_url":"https:\/\/booksfrommexico.com\/es\/producto\/princesas-para-armar\/","og_site_name":"Books From Mexico","article_modified_time":"2024-06-12T21:16:56+00:00","og_image":[{"width":388,"height":593,"url":"http:\/\/booksfrommexico.com\/app\/uploads\/2024\/05\/198077.jpeg","type":"image\/jpeg"}],"twitter_card":"summary_large_image","twitter_misc":{"Tiempo de lectura":"1 minuto"},"schema":{"@context":"https:\/\/schema.org","@graph":[{"@type":"WebPage","@id":"https:\/\/booksfrommexico.com\/es\/producto\/princesas-para-armar\/","url":"https:\/\/booksfrommexico.com\/es\/producto\/princesas-para-armar\/","name":"Princesas para armar","isPartOf":{"@id":"https:\/\/booksfrommexico.com\/#website"},"primaryImageOfPage":{"@id":"https:\/\/booksfrommexico.com\/es\/producto\/princesas-para-armar\/#primaryimage"},"image":{"@id":"https:\/\/booksfrommexico.com\/es\/producto\/princesas-para-armar\/#primaryimage"},"thumbnailUrl":"https:\/\/booksfrommexico.com\/app\/uploads\/2024\/05\/198077.jpeg","datePublished":"2024-05-28T21:56:11+00:00","dateModified":"2024-06-12T21:16:56+00:00","description":"PRINCESAS PARA ARMAR. \/ Anaclara Muro. Quer\u00e9taro, M\u00e9xico : Pal\u00edndroma, 2022. 75 pages ; 21 cm. (Colecci\u00f3n Aibofobia Poes\u00eda). ISBN : 9786079880385.","breadcrumb":{"@id":"https:\/\/booksfrommexico.com\/es\/producto\/princesas-para-armar\/#breadcrumb"},"inLanguage":"es","potentialAction":[{"@type":"ReadAction","target":["https:\/\/booksfrommexico.com\/es\/producto\/princesas-para-armar\/"]}]},{"@type":"ImageObject","inLanguage":"es","@id":"https:\/\/booksfrommexico.com\/es\/producto\/princesas-para-armar\/#primaryimage","url":"https:\/\/booksfrommexico.com\/app\/uploads\/2024\/05\/198077.jpeg","contentUrl":"https:\/\/booksfrommexico.com\/app\/uploads\/2024\/05\/198077.jpeg","width":388,"height":593,"caption":"Princesas para armar"},{"@type":"BreadcrumbList","@id":"https:\/\/booksfrommexico.com\/es\/producto\/princesas-para-armar\/#breadcrumb","itemListElement":[{"@type":"ListItem","position":1,"name":"Home","item":"https:\/\/booksfrommexico.com\/es\/"},{"@type":"ListItem","position":2,"name":"Libros","item":"https:\/\/booksfrommexico.com\/es\/libros\/"},{"@type":"ListItem","position":3,"name":"Princesas para armar"}]},{"@type":"WebSite","@id":"https:\/\/booksfrommexico.com\/#website","url":"https:\/\/booksfrommexico.com\/","name":"Books From Mexico","description":"","publisher":{"@id":"https:\/\/booksfrommexico.com\/#organization"},"potentialAction":[{"@type":"SearchAction","target":{"@type":"EntryPoint","urlTemplate":"https:\/\/booksfrommexico.com\/?s={search_term_string}"},"query-input":{"@type":"PropertyValueSpecification","valueRequired":true,"valueName":"search_term_string"}}],"inLanguage":"es"},{"@type":"Organization","@id":"https:\/\/booksfrommexico.com\/#organization","name":"Books From Mexico","url":"https:\/\/booksfrommexico.com\/","logo":{"@type":"ImageObject","inLanguage":"es","@id":"https:\/\/booksfrommexico.com\/#\/schema\/logo\/image\/","url":"https:\/\/booksfrommexico.com\/app\/uploads\/2023\/05\/logo-booksfrommexico.svg","contentUrl":"https:\/\/booksfrommexico.com\/app\/uploads\/2023\/05\/logo-booksfrommexico.svg","width":86,"height":56,"caption":"Books From Mexico"},"image":{"@id":"https:\/\/booksfrommexico.com\/#\/schema\/logo\/image\/"}}]}},"_links":{"self":[{"href":"https:\/\/booksfrommexico.com\/es\/wp-json\/wp\/v2\/product\/6581","targetHints":{"allow":["GET"]}}],"collection":[{"href":"https:\/\/booksfrommexico.com\/es\/wp-json\/wp\/v2\/product"}],"about":[{"href":"https:\/\/booksfrommexico.com\/es\/wp-json\/wp\/v2\/types\/product"}],"wp:featuredmedia":[{"embeddable":true,"href":"https:\/\/booksfrommexico.com\/es\/wp-json\/wp\/v2\/media\/6740"}],"wp:attachment":[{"href":"https:\/\/booksfrommexico.com\/es\/wp-json\/wp\/v2\/media?parent=6581"}],"wp:term":[{"taxonomy":"product_brand","embeddable":true,"href":"https:\/\/booksfrommexico.com\/es\/wp-json\/wp\/v2\/product_brand?post=6581"},{"taxonomy":"product_cat","embeddable":true,"href":"https:\/\/booksfrommexico.com\/es\/wp-json\/wp\/v2\/product_cat?post=6581"},{"taxonomy":"product_tag","embeddable":true,"href":"https:\/\/booksfrommexico.com\/es\/wp-json\/wp\/v2\/product_tag?post=6581"}],"curies":[{"name":"wp","href":"https:\/\/api.w.org\/{rel}","templated":true}]}}