{"id":6591,"date":"2024-05-28T22:34:52","date_gmt":"2024-05-28T22:34:52","guid":{"rendered":"https:\/\/booksfrommexico.com\/product\/balas-y-palabras-literaturas-y-narcotrafico-en-el-norte-de-mexico\/"},"modified":"2024-06-27T21:39:22","modified_gmt":"2024-06-27T21:39:22","slug":"balas-y-palabras-literaturas-y-narcotrafico-en-el-norte-de-mexico","status":"publish","type":"product","link":"https:\/\/booksfrommexico.com\/es\/producto\/balas-y-palabras-literaturas-y-narcotrafico-en-el-norte-de-mexico\/","title":{"rendered":"Balas y palabras: Literatura y narcotr\u00e1fico en el norte de M\u00e9xico"},"content":{"rendered":"<p><span style=\"font-weight: 400;\">La frontera del norte de M\u00e9xico ha sido, en los \u00faltimos a\u00f1os, un escenario liminal en donde se expresan los ejes conflictivos del capitalismo y sus consecuencias violentas. La literatura, en este contexto, no puede permanecer aislada de sus referentes emp\u00edricos ni de los discursos sociales que los orientan; por el contrario, en su intento de representar la condici\u00f3n humana en todas sus dimensiones, contribuye a reproducir, modificar o proyectar mundos posibles en los que el lector toma conciencia de los procesos de significaci\u00f3n y simbolizaci\u00f3n de la cultura y de su visi\u00f3n de la realidad. Aqu\u00ed se re\u00fanen una serie de ensayos donde sus autores exploran a la literatura en el contexto contempor\u00e1neo del norte de M\u00e9xico.<\/span><\/p>\n","protected":false},"excerpt":{"rendered":"<p>BALAS Y PALABRAS : LITERATURA Y NARCOTR\u00c1FICO EN EL NORTE DE M\u00c9XICO<span style=\"font-weight: 400;\">. \/ Luis Carlos Salazar Quintana (coordinator). Ciudad Ju\u00e1rez, Chihuahua, M\u00e9xico : Universidad Aut\u00f3noma de Ciudad Ju\u00e1rez, 2022. 189 pages : includes bibliographic references, semblances ; 23 cm. (Serie Estudios de literatura del norte de M\u00e9xico ; Colecci\u00f3n In Extenso). ISBN : 9786075204505 (volumen) ; 9786077953005 (collection).<\/span><\/p>\n","protected":false},"featured_media":6753,"template":"","meta":{"_acf_changed":false,"inline_featured_image":false},"product_brand":[],"product_cat":[4393,52],"product_tag":[3707,3869,4411,4124],"class_list":{"0":"post-6591","1":"product","2":"type-product","3":"status-publish","4":"has-post-thumbnail","6":"product_cat-analisis-literario","7":"product_cat-critica-literaria","8":"product_tag-critica-e-interpretacion","9":"product_tag-critica-y-estudios","10":"product_tag-frontera-norte","11":"product_tag-literatura-es","13":"first","14":"instock","15":"taxable","16":"shipping-taxable","17":"purchasable","18":"product-type-simple"},"acf":[],"yoast_head":"<!-- This site is optimized with the Yoast SEO plugin v27.3 - https:\/\/yoast.com\/product\/yoast-seo-wordpress\/ -->\n<title>Balas y palabras: Literatura y narcotr\u00e1fico en el norte de M\u00e9xico<\/title>\n<meta name=\"description\" content=\"BALAS Y PALABRAS : LITERATURA Y NARCOTR\u00c1FICO EN EL NORTE DE M\u00c9XICO. \/ Luis Carlos Salazar Quintana (coordinator). (Colecci\u00f3n In Extenso). 2022.\" \/>\n<meta name=\"robots\" content=\"index, follow, max-snippet:-1, max-image-preview:large, max-video-preview:-1\" \/>\n<link rel=\"canonical\" href=\"https:\/\/booksfrommexico.com\/es\/producto\/balas-y-palabras-literaturas-y-narcotrafico-en-el-norte-de-mexico\/\" \/>\n<meta property=\"og:locale\" content=\"es_ES\" \/>\n<meta property=\"og:type\" content=\"article\" \/>\n<meta property=\"og:title\" content=\"Balas y palabras: Literatura y narcotr\u00e1fico en el norte de M\u00e9xico\" \/>\n<meta property=\"og:description\" content=\"BALAS Y PALABRAS : LITERATURA Y NARCOTR\u00c1FICO EN EL NORTE DE M\u00c9XICO. \/ Luis Carlos Salazar Quintana (coordinator). (Colecci\u00f3n In Extenso). 2022.\" \/>\n<meta property=\"og:url\" content=\"https:\/\/booksfrommexico.com\/es\/producto\/balas-y-palabras-literaturas-y-narcotrafico-en-el-norte-de-mexico\/\" \/>\n<meta property=\"og:site_name\" content=\"Books From Mexico\" \/>\n<meta property=\"article:modified_time\" content=\"2024-06-27T21:39:22+00:00\" \/>\n<meta property=\"og:image\" content=\"http:\/\/booksfrommexico.com\/app\/uploads\/2024\/05\/198797.jpeg\" \/>\n\t<meta property=\"og:image:width\" content=\"400\" \/>\n\t<meta property=\"og:image:height\" content=\"656\" \/>\n\t<meta property=\"og:image:type\" content=\"image\/jpeg\" \/>\n<meta name=\"twitter:card\" content=\"summary_large_image\" \/>\n<meta name=\"twitter:label1\" content=\"Tiempo de lectura\" \/>\n\t<meta name=\"twitter:data1\" content=\"1 minuto\" \/>\n<script type=\"application\/ld+json\" class=\"yoast-schema-graph\">{\"@context\":\"https:\\\/\\\/schema.org\",\"@graph\":[{\"@type\":\"WebPage\",\"@id\":\"https:\\\/\\\/booksfrommexico.com\\\/es\\\/producto\\\/balas-y-palabras-literaturas-y-narcotrafico-en-el-norte-de-mexico\\\/\",\"url\":\"https:\\\/\\\/booksfrommexico.com\\\/es\\\/producto\\\/balas-y-palabras-literaturas-y-narcotrafico-en-el-norte-de-mexico\\\/\",\"name\":\"Balas y palabras: Literatura y narcotr\u00e1fico en el norte de M\u00e9xico\",\"isPartOf\":{\"@id\":\"https:\\\/\\\/booksfrommexico.com\\\/#website\"},\"primaryImageOfPage\":{\"@id\":\"https:\\\/\\\/booksfrommexico.com\\\/es\\\/producto\\\/balas-y-palabras-literaturas-y-narcotrafico-en-el-norte-de-mexico\\\/#primaryimage\"},\"image\":{\"@id\":\"https:\\\/\\\/booksfrommexico.com\\\/es\\\/producto\\\/balas-y-palabras-literaturas-y-narcotrafico-en-el-norte-de-mexico\\\/#primaryimage\"},\"thumbnailUrl\":\"https:\\\/\\\/booksfrommexico.com\\\/app\\\/uploads\\\/2024\\\/05\\\/198797.jpeg\",\"datePublished\":\"2024-05-28T22:34:52+00:00\",\"dateModified\":\"2024-06-27T21:39:22+00:00\",\"description\":\"BALAS Y PALABRAS : LITERATURA Y NARCOTR\u00c1FICO EN EL NORTE DE M\u00c9XICO. \\\/ Luis Carlos Salazar Quintana (coordinator). (Colecci\u00f3n In Extenso). 2022.\",\"breadcrumb\":{\"@id\":\"https:\\\/\\\/booksfrommexico.com\\\/es\\\/producto\\\/balas-y-palabras-literaturas-y-narcotrafico-en-el-norte-de-mexico\\\/#breadcrumb\"},\"inLanguage\":\"es\",\"potentialAction\":[{\"@type\":\"ReadAction\",\"target\":[\"https:\\\/\\\/booksfrommexico.com\\\/es\\\/producto\\\/balas-y-palabras-literaturas-y-narcotrafico-en-el-norte-de-mexico\\\/\"]}]},{\"@type\":\"ImageObject\",\"inLanguage\":\"es\",\"@id\":\"https:\\\/\\\/booksfrommexico.com\\\/es\\\/producto\\\/balas-y-palabras-literaturas-y-narcotrafico-en-el-norte-de-mexico\\\/#primaryimage\",\"url\":\"https:\\\/\\\/booksfrommexico.com\\\/app\\\/uploads\\\/2024\\\/05\\\/198797.jpeg\",\"contentUrl\":\"https:\\\/\\\/booksfrommexico.com\\\/app\\\/uploads\\\/2024\\\/05\\\/198797.jpeg\",\"width\":400,\"height\":656,\"caption\":\"Balas y palabras literaturas y narcotr\u00e1fico en el norte de m\u00e9xico\"},{\"@type\":\"BreadcrumbList\",\"@id\":\"https:\\\/\\\/booksfrommexico.com\\\/es\\\/producto\\\/balas-y-palabras-literaturas-y-narcotrafico-en-el-norte-de-mexico\\\/#breadcrumb\",\"itemListElement\":[{\"@type\":\"ListItem\",\"position\":1,\"name\":\"Home\",\"item\":\"https:\\\/\\\/booksfrommexico.com\\\/es\\\/\"},{\"@type\":\"ListItem\",\"position\":2,\"name\":\"Libros\",\"item\":\"https:\\\/\\\/booksfrommexico.com\\\/es\\\/libros\\\/\"},{\"@type\":\"ListItem\",\"position\":3,\"name\":\"Balas y palabras: Literatura y narcotr\u00e1fico en el norte de M\u00e9xico\"}]},{\"@type\":\"WebSite\",\"@id\":\"https:\\\/\\\/booksfrommexico.com\\\/#website\",\"url\":\"https:\\\/\\\/booksfrommexico.com\\\/\",\"name\":\"Books From Mexico\",\"description\":\"\",\"publisher\":{\"@id\":\"https:\\\/\\\/booksfrommexico.com\\\/#organization\"},\"potentialAction\":[{\"@type\":\"SearchAction\",\"target\":{\"@type\":\"EntryPoint\",\"urlTemplate\":\"https:\\\/\\\/booksfrommexico.com\\\/?s={search_term_string}\"},\"query-input\":{\"@type\":\"PropertyValueSpecification\",\"valueRequired\":true,\"valueName\":\"search_term_string\"}}],\"inLanguage\":\"es\"},{\"@type\":\"Organization\",\"@id\":\"https:\\\/\\\/booksfrommexico.com\\\/#organization\",\"name\":\"Books From Mexico\",\"url\":\"https:\\\/\\\/booksfrommexico.com\\\/\",\"logo\":{\"@type\":\"ImageObject\",\"inLanguage\":\"es\",\"@id\":\"https:\\\/\\\/booksfrommexico.com\\\/#\\\/schema\\\/logo\\\/image\\\/\",\"url\":\"https:\\\/\\\/booksfrommexico.com\\\/app\\\/uploads\\\/2023\\\/05\\\/logo-booksfrommexico.svg\",\"contentUrl\":\"https:\\\/\\\/booksfrommexico.com\\\/app\\\/uploads\\\/2023\\\/05\\\/logo-booksfrommexico.svg\",\"width\":86,\"height\":56,\"caption\":\"Books From Mexico\"},\"image\":{\"@id\":\"https:\\\/\\\/booksfrommexico.com\\\/#\\\/schema\\\/logo\\\/image\\\/\"}}]}<\/script>\n<!-- \/ Yoast SEO plugin. -->","yoast_head_json":{"title":"Balas y palabras: Literatura y narcotr\u00e1fico en el norte de M\u00e9xico","description":"BALAS Y PALABRAS : LITERATURA Y NARCOTR\u00c1FICO EN EL NORTE DE M\u00c9XICO. \/ Luis Carlos Salazar Quintana (coordinator). (Colecci\u00f3n In Extenso). 2022.","robots":{"index":"index","follow":"follow","max-snippet":"max-snippet:-1","max-image-preview":"max-image-preview:large","max-video-preview":"max-video-preview:-1"},"canonical":"https:\/\/booksfrommexico.com\/es\/producto\/balas-y-palabras-literaturas-y-narcotrafico-en-el-norte-de-mexico\/","og_locale":"es_ES","og_type":"article","og_title":"Balas y palabras: Literatura y narcotr\u00e1fico en el norte de M\u00e9xico","og_description":"BALAS Y PALABRAS : LITERATURA Y NARCOTR\u00c1FICO EN EL NORTE DE M\u00c9XICO. \/ Luis Carlos Salazar Quintana (coordinator). (Colecci\u00f3n In Extenso). 2022.","og_url":"https:\/\/booksfrommexico.com\/es\/producto\/balas-y-palabras-literaturas-y-narcotrafico-en-el-norte-de-mexico\/","og_site_name":"Books From Mexico","article_modified_time":"2024-06-27T21:39:22+00:00","og_image":[{"width":400,"height":656,"url":"http:\/\/booksfrommexico.com\/app\/uploads\/2024\/05\/198797.jpeg","type":"image\/jpeg"}],"twitter_card":"summary_large_image","twitter_misc":{"Tiempo de lectura":"1 minuto"},"schema":{"@context":"https:\/\/schema.org","@graph":[{"@type":"WebPage","@id":"https:\/\/booksfrommexico.com\/es\/producto\/balas-y-palabras-literaturas-y-narcotrafico-en-el-norte-de-mexico\/","url":"https:\/\/booksfrommexico.com\/es\/producto\/balas-y-palabras-literaturas-y-narcotrafico-en-el-norte-de-mexico\/","name":"Balas y palabras: Literatura y narcotr\u00e1fico en el norte de M\u00e9xico","isPartOf":{"@id":"https:\/\/booksfrommexico.com\/#website"},"primaryImageOfPage":{"@id":"https:\/\/booksfrommexico.com\/es\/producto\/balas-y-palabras-literaturas-y-narcotrafico-en-el-norte-de-mexico\/#primaryimage"},"image":{"@id":"https:\/\/booksfrommexico.com\/es\/producto\/balas-y-palabras-literaturas-y-narcotrafico-en-el-norte-de-mexico\/#primaryimage"},"thumbnailUrl":"https:\/\/booksfrommexico.com\/app\/uploads\/2024\/05\/198797.jpeg","datePublished":"2024-05-28T22:34:52+00:00","dateModified":"2024-06-27T21:39:22+00:00","description":"BALAS Y PALABRAS : LITERATURA Y NARCOTR\u00c1FICO EN EL NORTE DE M\u00c9XICO. \/ Luis Carlos Salazar Quintana (coordinator). (Colecci\u00f3n In Extenso). 2022.","breadcrumb":{"@id":"https:\/\/booksfrommexico.com\/es\/producto\/balas-y-palabras-literaturas-y-narcotrafico-en-el-norte-de-mexico\/#breadcrumb"},"inLanguage":"es","potentialAction":[{"@type":"ReadAction","target":["https:\/\/booksfrommexico.com\/es\/producto\/balas-y-palabras-literaturas-y-narcotrafico-en-el-norte-de-mexico\/"]}]},{"@type":"ImageObject","inLanguage":"es","@id":"https:\/\/booksfrommexico.com\/es\/producto\/balas-y-palabras-literaturas-y-narcotrafico-en-el-norte-de-mexico\/#primaryimage","url":"https:\/\/booksfrommexico.com\/app\/uploads\/2024\/05\/198797.jpeg","contentUrl":"https:\/\/booksfrommexico.com\/app\/uploads\/2024\/05\/198797.jpeg","width":400,"height":656,"caption":"Balas y palabras literaturas y narcotr\u00e1fico en el norte de m\u00e9xico"},{"@type":"BreadcrumbList","@id":"https:\/\/booksfrommexico.com\/es\/producto\/balas-y-palabras-literaturas-y-narcotrafico-en-el-norte-de-mexico\/#breadcrumb","itemListElement":[{"@type":"ListItem","position":1,"name":"Home","item":"https:\/\/booksfrommexico.com\/es\/"},{"@type":"ListItem","position":2,"name":"Libros","item":"https:\/\/booksfrommexico.com\/es\/libros\/"},{"@type":"ListItem","position":3,"name":"Balas y palabras: Literatura y narcotr\u00e1fico en el norte de M\u00e9xico"}]},{"@type":"WebSite","@id":"https:\/\/booksfrommexico.com\/#website","url":"https:\/\/booksfrommexico.com\/","name":"Books From Mexico","description":"","publisher":{"@id":"https:\/\/booksfrommexico.com\/#organization"},"potentialAction":[{"@type":"SearchAction","target":{"@type":"EntryPoint","urlTemplate":"https:\/\/booksfrommexico.com\/?s={search_term_string}"},"query-input":{"@type":"PropertyValueSpecification","valueRequired":true,"valueName":"search_term_string"}}],"inLanguage":"es"},{"@type":"Organization","@id":"https:\/\/booksfrommexico.com\/#organization","name":"Books From Mexico","url":"https:\/\/booksfrommexico.com\/","logo":{"@type":"ImageObject","inLanguage":"es","@id":"https:\/\/booksfrommexico.com\/#\/schema\/logo\/image\/","url":"https:\/\/booksfrommexico.com\/app\/uploads\/2023\/05\/logo-booksfrommexico.svg","contentUrl":"https:\/\/booksfrommexico.com\/app\/uploads\/2023\/05\/logo-booksfrommexico.svg","width":86,"height":56,"caption":"Books From Mexico"},"image":{"@id":"https:\/\/booksfrommexico.com\/#\/schema\/logo\/image\/"}}]}},"_links":{"self":[{"href":"https:\/\/booksfrommexico.com\/es\/wp-json\/wp\/v2\/product\/6591","targetHints":{"allow":["GET"]}}],"collection":[{"href":"https:\/\/booksfrommexico.com\/es\/wp-json\/wp\/v2\/product"}],"about":[{"href":"https:\/\/booksfrommexico.com\/es\/wp-json\/wp\/v2\/types\/product"}],"wp:featuredmedia":[{"embeddable":true,"href":"https:\/\/booksfrommexico.com\/es\/wp-json\/wp\/v2\/media\/6753"}],"wp:attachment":[{"href":"https:\/\/booksfrommexico.com\/es\/wp-json\/wp\/v2\/media?parent=6591"}],"wp:term":[{"taxonomy":"product_brand","embeddable":true,"href":"https:\/\/booksfrommexico.com\/es\/wp-json\/wp\/v2\/product_brand?post=6591"},{"taxonomy":"product_cat","embeddable":true,"href":"https:\/\/booksfrommexico.com\/es\/wp-json\/wp\/v2\/product_cat?post=6591"},{"taxonomy":"product_tag","embeddable":true,"href":"https:\/\/booksfrommexico.com\/es\/wp-json\/wp\/v2\/product_tag?post=6591"}],"curies":[{"name":"wp","href":"https:\/\/api.w.org\/{rel}","templated":true}]}}