{"id":6592,"date":"2024-05-28T22:34:53","date_gmt":"2024-05-28T22:34:53","guid":{"rendered":"https:\/\/booksfrommexico.com\/product\/sangre-sorprendida\/"},"modified":"2024-06-20T21:34:01","modified_gmt":"2024-06-20T21:34:01","slug":"sangre-sorprendida","status":"publish","type":"product","link":"https:\/\/booksfrommexico.com\/es\/producto\/sangre-sorprendida\/","title":{"rendered":"Sangre sorprendida"},"content":{"rendered":"<p><span style=\"font-weight: 400;\">Mar\u00eda Teresa Guti\u00e9rrez es licenciada en Letras Hisp\u00e1nicas y maestra en Ling\u00fc\u00edstica Aplicada por la Universidad de Guadalajara y es autora de diversas poemarios, as\u00ed como ha sido incluida en antolog\u00edas. La poes\u00eda que presenta aqu\u00ed est\u00e1 dividida en 5: <\/span><i><span style=\"font-weight: 400;\">Pr\u00f3logo, Semilla de hombre, La regi\u00f3n del misterio, Los signos <\/span><\/i><span style=\"font-weight: 400;\">y <\/span><i><span style=\"font-weight: 400;\">Largometraje sobre formas de morir. <\/span><\/i><span style=\"font-weight: 400;\">La mayor\u00eda de estos poemas tienden m\u00e1s a la estrofa y a la narraci\u00f3n, obteniendo la musicalidad desde otro lugar distinto al verso, retomando el trabajo po\u00e9tico de otros autores para desde ah\u00ed partir y dar una idea completamente nueva.<\/span><\/p>\n","protected":false},"excerpt":{"rendered":"<p>SANGRE SORPRENDIDA<span style=\"font-weight: 400;\">. \/ Mar\u00eda Teresa Guti\u00e9rrez. Guadalajara, Jalisco, M\u00e9xico : Espina Dorsal, 2022. 85 pages ; 21 cm. (Colecci\u00f3n N\u00f3mada). ISBN : 9786079974000.<\/span>.<\/p>\n","protected":false},"featured_media":6756,"template":"","meta":{"_acf_changed":false,"inline_featured_image":false},"product_brand":[],"product_cat":[25,32],"product_tag":[4225,4115,3598],"class_list":{"0":"post-6592","1":"product","2":"type-product","3":"status-publish","4":"has-post-thumbnail","6":"product_cat-literatura","7":"product_cat-poesia-literatura","8":"product_tag-mujeres-literatura","9":"product_tag-poesia-es","10":"product_tag-poesia-mexicana","12":"first","13":"instock","14":"taxable","15":"shipping-taxable","16":"purchasable","17":"product-type-simple"},"acf":[],"yoast_head":"<!-- This site is optimized with the Yoast SEO plugin v27.3 - https:\/\/yoast.com\/product\/yoast-seo-wordpress\/ -->\n<title>Sangre sorprendida<\/title>\n<meta name=\"description\" content=\"SANGRE SORPRENDIDA. \/ Mar\u00eda Teresa Guti\u00e9rrez. Guadalajara, M\u00e9xico : Espina Dorsal, 2022. 85 pages ; 21 cm. (Colecci\u00f3n N\u00f3mada). ISBN : 9786079974000.\" \/>\n<meta name=\"robots\" content=\"index, follow, max-snippet:-1, max-image-preview:large, max-video-preview:-1\" \/>\n<link rel=\"canonical\" href=\"https:\/\/booksfrommexico.com\/es\/producto\/sangre-sorprendida\/\" \/>\n<meta property=\"og:locale\" content=\"es_ES\" \/>\n<meta property=\"og:type\" content=\"article\" \/>\n<meta property=\"og:title\" content=\"Sangre sorprendida\" \/>\n<meta property=\"og:description\" content=\"SANGRE SORPRENDIDA. \/ Mar\u00eda Teresa Guti\u00e9rrez. Guadalajara, M\u00e9xico : Espina Dorsal, 2022. 85 pages ; 21 cm. (Colecci\u00f3n N\u00f3mada). ISBN : 9786079974000.\" \/>\n<meta property=\"og:url\" content=\"https:\/\/booksfrommexico.com\/es\/producto\/sangre-sorprendida\/\" \/>\n<meta property=\"og:site_name\" content=\"Books From Mexico\" \/>\n<meta property=\"article:modified_time\" content=\"2024-06-20T21:34:01+00:00\" \/>\n<meta property=\"og:image\" content=\"http:\/\/booksfrommexico.com\/app\/uploads\/2024\/05\/198863.jpeg\" \/>\n\t<meta property=\"og:image:width\" content=\"738\" \/>\n\t<meta property=\"og:image:height\" content=\"1232\" \/>\n\t<meta property=\"og:image:type\" content=\"image\/jpeg\" \/>\n<meta name=\"twitter:card\" content=\"summary_large_image\" \/>\n<meta name=\"twitter:label1\" content=\"Tiempo de lectura\" \/>\n\t<meta name=\"twitter:data1\" content=\"1 minuto\" \/>\n<script type=\"application\/ld+json\" class=\"yoast-schema-graph\">{\"@context\":\"https:\\\/\\\/schema.org\",\"@graph\":[{\"@type\":\"WebPage\",\"@id\":\"https:\\\/\\\/booksfrommexico.com\\\/es\\\/producto\\\/sangre-sorprendida\\\/\",\"url\":\"https:\\\/\\\/booksfrommexico.com\\\/es\\\/producto\\\/sangre-sorprendida\\\/\",\"name\":\"Sangre sorprendida\",\"isPartOf\":{\"@id\":\"https:\\\/\\\/booksfrommexico.com\\\/#website\"},\"primaryImageOfPage\":{\"@id\":\"https:\\\/\\\/booksfrommexico.com\\\/es\\\/producto\\\/sangre-sorprendida\\\/#primaryimage\"},\"image\":{\"@id\":\"https:\\\/\\\/booksfrommexico.com\\\/es\\\/producto\\\/sangre-sorprendida\\\/#primaryimage\"},\"thumbnailUrl\":\"https:\\\/\\\/booksfrommexico.com\\\/app\\\/uploads\\\/2024\\\/05\\\/198863.jpeg\",\"datePublished\":\"2024-05-28T22:34:53+00:00\",\"dateModified\":\"2024-06-20T21:34:01+00:00\",\"description\":\"SANGRE SORPRENDIDA. \\\/ Mar\u00eda Teresa Guti\u00e9rrez. Guadalajara, M\u00e9xico : Espina Dorsal, 2022. 85 pages ; 21 cm. (Colecci\u00f3n N\u00f3mada). ISBN : 9786079974000.\",\"breadcrumb\":{\"@id\":\"https:\\\/\\\/booksfrommexico.com\\\/es\\\/producto\\\/sangre-sorprendida\\\/#breadcrumb\"},\"inLanguage\":\"es\",\"potentialAction\":[{\"@type\":\"ReadAction\",\"target\":[\"https:\\\/\\\/booksfrommexico.com\\\/es\\\/producto\\\/sangre-sorprendida\\\/\"]}]},{\"@type\":\"ImageObject\",\"inLanguage\":\"es\",\"@id\":\"https:\\\/\\\/booksfrommexico.com\\\/es\\\/producto\\\/sangre-sorprendida\\\/#primaryimage\",\"url\":\"https:\\\/\\\/booksfrommexico.com\\\/app\\\/uploads\\\/2024\\\/05\\\/198863.jpeg\",\"contentUrl\":\"https:\\\/\\\/booksfrommexico.com\\\/app\\\/uploads\\\/2024\\\/05\\\/198863.jpeg\",\"width\":738,\"height\":1232,\"caption\":\"Sangre sorprendida\"},{\"@type\":\"BreadcrumbList\",\"@id\":\"https:\\\/\\\/booksfrommexico.com\\\/es\\\/producto\\\/sangre-sorprendida\\\/#breadcrumb\",\"itemListElement\":[{\"@type\":\"ListItem\",\"position\":1,\"name\":\"Home\",\"item\":\"https:\\\/\\\/booksfrommexico.com\\\/es\\\/\"},{\"@type\":\"ListItem\",\"position\":2,\"name\":\"Libros\",\"item\":\"https:\\\/\\\/booksfrommexico.com\\\/es\\\/libros\\\/\"},{\"@type\":\"ListItem\",\"position\":3,\"name\":\"Sangre sorprendida\"}]},{\"@type\":\"WebSite\",\"@id\":\"https:\\\/\\\/booksfrommexico.com\\\/#website\",\"url\":\"https:\\\/\\\/booksfrommexico.com\\\/\",\"name\":\"Books From Mexico\",\"description\":\"\",\"publisher\":{\"@id\":\"https:\\\/\\\/booksfrommexico.com\\\/#organization\"},\"potentialAction\":[{\"@type\":\"SearchAction\",\"target\":{\"@type\":\"EntryPoint\",\"urlTemplate\":\"https:\\\/\\\/booksfrommexico.com\\\/?s={search_term_string}\"},\"query-input\":{\"@type\":\"PropertyValueSpecification\",\"valueRequired\":true,\"valueName\":\"search_term_string\"}}],\"inLanguage\":\"es\"},{\"@type\":\"Organization\",\"@id\":\"https:\\\/\\\/booksfrommexico.com\\\/#organization\",\"name\":\"Books From Mexico\",\"url\":\"https:\\\/\\\/booksfrommexico.com\\\/\",\"logo\":{\"@type\":\"ImageObject\",\"inLanguage\":\"es\",\"@id\":\"https:\\\/\\\/booksfrommexico.com\\\/#\\\/schema\\\/logo\\\/image\\\/\",\"url\":\"https:\\\/\\\/booksfrommexico.com\\\/app\\\/uploads\\\/2023\\\/05\\\/logo-booksfrommexico.svg\",\"contentUrl\":\"https:\\\/\\\/booksfrommexico.com\\\/app\\\/uploads\\\/2023\\\/05\\\/logo-booksfrommexico.svg\",\"width\":86,\"height\":56,\"caption\":\"Books From Mexico\"},\"image\":{\"@id\":\"https:\\\/\\\/booksfrommexico.com\\\/#\\\/schema\\\/logo\\\/image\\\/\"}}]}<\/script>\n<!-- \/ Yoast SEO plugin. -->","yoast_head_json":{"title":"Sangre sorprendida","description":"SANGRE SORPRENDIDA. \/ Mar\u00eda Teresa Guti\u00e9rrez. Guadalajara, M\u00e9xico : Espina Dorsal, 2022. 85 pages ; 21 cm. (Colecci\u00f3n N\u00f3mada). ISBN : 9786079974000.","robots":{"index":"index","follow":"follow","max-snippet":"max-snippet:-1","max-image-preview":"max-image-preview:large","max-video-preview":"max-video-preview:-1"},"canonical":"https:\/\/booksfrommexico.com\/es\/producto\/sangre-sorprendida\/","og_locale":"es_ES","og_type":"article","og_title":"Sangre sorprendida","og_description":"SANGRE SORPRENDIDA. \/ Mar\u00eda Teresa Guti\u00e9rrez. Guadalajara, M\u00e9xico : Espina Dorsal, 2022. 85 pages ; 21 cm. (Colecci\u00f3n N\u00f3mada). ISBN : 9786079974000.","og_url":"https:\/\/booksfrommexico.com\/es\/producto\/sangre-sorprendida\/","og_site_name":"Books From Mexico","article_modified_time":"2024-06-20T21:34:01+00:00","og_image":[{"width":738,"height":1232,"url":"http:\/\/booksfrommexico.com\/app\/uploads\/2024\/05\/198863.jpeg","type":"image\/jpeg"}],"twitter_card":"summary_large_image","twitter_misc":{"Tiempo de lectura":"1 minuto"},"schema":{"@context":"https:\/\/schema.org","@graph":[{"@type":"WebPage","@id":"https:\/\/booksfrommexico.com\/es\/producto\/sangre-sorprendida\/","url":"https:\/\/booksfrommexico.com\/es\/producto\/sangre-sorprendida\/","name":"Sangre sorprendida","isPartOf":{"@id":"https:\/\/booksfrommexico.com\/#website"},"primaryImageOfPage":{"@id":"https:\/\/booksfrommexico.com\/es\/producto\/sangre-sorprendida\/#primaryimage"},"image":{"@id":"https:\/\/booksfrommexico.com\/es\/producto\/sangre-sorprendida\/#primaryimage"},"thumbnailUrl":"https:\/\/booksfrommexico.com\/app\/uploads\/2024\/05\/198863.jpeg","datePublished":"2024-05-28T22:34:53+00:00","dateModified":"2024-06-20T21:34:01+00:00","description":"SANGRE SORPRENDIDA. \/ Mar\u00eda Teresa Guti\u00e9rrez. Guadalajara, M\u00e9xico : Espina Dorsal, 2022. 85 pages ; 21 cm. (Colecci\u00f3n N\u00f3mada). ISBN : 9786079974000.","breadcrumb":{"@id":"https:\/\/booksfrommexico.com\/es\/producto\/sangre-sorprendida\/#breadcrumb"},"inLanguage":"es","potentialAction":[{"@type":"ReadAction","target":["https:\/\/booksfrommexico.com\/es\/producto\/sangre-sorprendida\/"]}]},{"@type":"ImageObject","inLanguage":"es","@id":"https:\/\/booksfrommexico.com\/es\/producto\/sangre-sorprendida\/#primaryimage","url":"https:\/\/booksfrommexico.com\/app\/uploads\/2024\/05\/198863.jpeg","contentUrl":"https:\/\/booksfrommexico.com\/app\/uploads\/2024\/05\/198863.jpeg","width":738,"height":1232,"caption":"Sangre sorprendida"},{"@type":"BreadcrumbList","@id":"https:\/\/booksfrommexico.com\/es\/producto\/sangre-sorprendida\/#breadcrumb","itemListElement":[{"@type":"ListItem","position":1,"name":"Home","item":"https:\/\/booksfrommexico.com\/es\/"},{"@type":"ListItem","position":2,"name":"Libros","item":"https:\/\/booksfrommexico.com\/es\/libros\/"},{"@type":"ListItem","position":3,"name":"Sangre sorprendida"}]},{"@type":"WebSite","@id":"https:\/\/booksfrommexico.com\/#website","url":"https:\/\/booksfrommexico.com\/","name":"Books From Mexico","description":"","publisher":{"@id":"https:\/\/booksfrommexico.com\/#organization"},"potentialAction":[{"@type":"SearchAction","target":{"@type":"EntryPoint","urlTemplate":"https:\/\/booksfrommexico.com\/?s={search_term_string}"},"query-input":{"@type":"PropertyValueSpecification","valueRequired":true,"valueName":"search_term_string"}}],"inLanguage":"es"},{"@type":"Organization","@id":"https:\/\/booksfrommexico.com\/#organization","name":"Books From Mexico","url":"https:\/\/booksfrommexico.com\/","logo":{"@type":"ImageObject","inLanguage":"es","@id":"https:\/\/booksfrommexico.com\/#\/schema\/logo\/image\/","url":"https:\/\/booksfrommexico.com\/app\/uploads\/2023\/05\/logo-booksfrommexico.svg","contentUrl":"https:\/\/booksfrommexico.com\/app\/uploads\/2023\/05\/logo-booksfrommexico.svg","width":86,"height":56,"caption":"Books From Mexico"},"image":{"@id":"https:\/\/booksfrommexico.com\/#\/schema\/logo\/image\/"}}]}},"_links":{"self":[{"href":"https:\/\/booksfrommexico.com\/es\/wp-json\/wp\/v2\/product\/6592","targetHints":{"allow":["GET"]}}],"collection":[{"href":"https:\/\/booksfrommexico.com\/es\/wp-json\/wp\/v2\/product"}],"about":[{"href":"https:\/\/booksfrommexico.com\/es\/wp-json\/wp\/v2\/types\/product"}],"wp:featuredmedia":[{"embeddable":true,"href":"https:\/\/booksfrommexico.com\/es\/wp-json\/wp\/v2\/media\/6756"}],"wp:attachment":[{"href":"https:\/\/booksfrommexico.com\/es\/wp-json\/wp\/v2\/media?parent=6592"}],"wp:term":[{"taxonomy":"product_brand","embeddable":true,"href":"https:\/\/booksfrommexico.com\/es\/wp-json\/wp\/v2\/product_brand?post=6592"},{"taxonomy":"product_cat","embeddable":true,"href":"https:\/\/booksfrommexico.com\/es\/wp-json\/wp\/v2\/product_cat?post=6592"},{"taxonomy":"product_tag","embeddable":true,"href":"https:\/\/booksfrommexico.com\/es\/wp-json\/wp\/v2\/product_tag?post=6592"}],"curies":[{"name":"wp","href":"https:\/\/api.w.org\/{rel}","templated":true}]}}