{"id":6593,"date":"2024-05-28T22:34:53","date_gmt":"2024-05-28T22:34:53","guid":{"rendered":"https:\/\/booksfrommexico.com\/product\/una-cesta-de-fruta-verde\/"},"modified":"2024-06-20T21:49:00","modified_gmt":"2024-06-20T21:49:00","slug":"una-cesta-de-fruta-verde","status":"publish","type":"product","link":"https:\/\/booksfrommexico.com\/es\/producto\/una-cesta-de-fruta-verde\/","title":{"rendered":"Una cesta de fruta verde"},"content":{"rendered":"<p><span style=\"font-weight: 400;\">Rosana Romo P\u00e9rez hizo estudios de escritura creativa en la Escuela de Escritores de la Sogem Guadalajara y en Trith\u00ebmius, as\u00ed como curs\u00f3 talleres de literatura y su trabajo ha sido publicado de manera individual y en diversas antolog\u00edas. Esta serie de poemas est\u00e1 dividida en ocho partes: <\/span><i><span style=\"font-weight: 400;\">Yo soy, Nacida, Epifan\u00eda, Hacernos uno, Hilo de horas, La poes\u00eda es la llave, C\u00e9lulas madre <\/span><\/i><span style=\"font-weight: 400;\">y <\/span><i><span style=\"font-weight: 400;\">Utop\u00eda. <\/span><\/i><span style=\"font-weight: 400;\">A lo largo de las p\u00e1ginas el lector podr\u00e1 encontrarse conmovido por la honestidad de la autora al momento de hablar sobre sus nostalgias, sus anhelos y el recuerdo de lo que se ha llevado la muerte.<\/span><\/p>\n","protected":false},"excerpt":{"rendered":"<p>UNA CESTA DE FRUTA VERDE<span style=\"font-weight: 400;\">. \/ Rosana Romo P\u00e9rez. Guadalajara, Jalisco, M\u00e9xico : Espina Dorsal, 2022. 111 pages ; 21 cm. (Colecci\u00f3n N\u00f3mada). ISBN : 9786079974000.<\/span><\/p>\n","protected":false},"featured_media":6759,"template":"","meta":{"_acf_changed":false,"inline_featured_image":false},"product_brand":[],"product_cat":[25,32],"product_tag":[4225,4115,4180],"class_list":{"0":"post-6593","1":"product","2":"type-product","3":"status-publish","4":"has-post-thumbnail","6":"product_cat-literatura","7":"product_cat-poesia-literatura","8":"product_tag-mujeres-literatura","9":"product_tag-poesia-es","10":"product_tag-poesia-contemporanea","12":"first","13":"instock","14":"taxable","15":"shipping-taxable","16":"purchasable","17":"product-type-simple"},"acf":[],"yoast_head":"<!-- This site is optimized with the Yoast SEO plugin v27.3 - https:\/\/yoast.com\/product\/yoast-seo-wordpress\/ -->\n<title>Una cesta de fruta verde<\/title>\n<meta name=\"description\" content=\"UNA CESTA DE FRUTA VERDE. \/ Rosana Romo P\u00e9rez. Guadalajara, M\u00e9xico : Espina Dorsal, 2022. 111 pages ; 21 cm. (Colecci\u00f3n N\u00f3mada). ISBN : 9786079974000.\" \/>\n<meta name=\"robots\" content=\"index, follow, max-snippet:-1, max-image-preview:large, max-video-preview:-1\" \/>\n<link rel=\"canonical\" href=\"https:\/\/booksfrommexico.com\/es\/producto\/una-cesta-de-fruta-verde\/\" \/>\n<meta property=\"og:locale\" content=\"es_ES\" \/>\n<meta property=\"og:type\" content=\"article\" \/>\n<meta property=\"og:title\" content=\"Una cesta de fruta verde\" \/>\n<meta property=\"og:description\" content=\"UNA CESTA DE FRUTA VERDE. \/ Rosana Romo P\u00e9rez. Guadalajara, M\u00e9xico : Espina Dorsal, 2022. 111 pages ; 21 cm. (Colecci\u00f3n N\u00f3mada). ISBN : 9786079974000.\" \/>\n<meta property=\"og:url\" content=\"https:\/\/booksfrommexico.com\/es\/producto\/una-cesta-de-fruta-verde\/\" \/>\n<meta property=\"og:site_name\" content=\"Books From Mexico\" \/>\n<meta property=\"article:modified_time\" content=\"2024-06-20T21:49:00+00:00\" \/>\n<meta property=\"og:image\" content=\"http:\/\/booksfrommexico.com\/app\/uploads\/2024\/05\/198864.jpeg\" \/>\n\t<meta property=\"og:image:width\" content=\"392\" \/>\n\t<meta property=\"og:image:height\" content=\"610\" \/>\n\t<meta property=\"og:image:type\" content=\"image\/jpeg\" \/>\n<meta name=\"twitter:card\" content=\"summary_large_image\" \/>\n<meta name=\"twitter:label1\" content=\"Tiempo de lectura\" \/>\n\t<meta name=\"twitter:data1\" content=\"1 minuto\" \/>\n<script type=\"application\/ld+json\" class=\"yoast-schema-graph\">{\"@context\":\"https:\\\/\\\/schema.org\",\"@graph\":[{\"@type\":\"WebPage\",\"@id\":\"https:\\\/\\\/booksfrommexico.com\\\/es\\\/producto\\\/una-cesta-de-fruta-verde\\\/\",\"url\":\"https:\\\/\\\/booksfrommexico.com\\\/es\\\/producto\\\/una-cesta-de-fruta-verde\\\/\",\"name\":\"Una cesta de fruta verde\",\"isPartOf\":{\"@id\":\"https:\\\/\\\/booksfrommexico.com\\\/#website\"},\"primaryImageOfPage\":{\"@id\":\"https:\\\/\\\/booksfrommexico.com\\\/es\\\/producto\\\/una-cesta-de-fruta-verde\\\/#primaryimage\"},\"image\":{\"@id\":\"https:\\\/\\\/booksfrommexico.com\\\/es\\\/producto\\\/una-cesta-de-fruta-verde\\\/#primaryimage\"},\"thumbnailUrl\":\"https:\\\/\\\/booksfrommexico.com\\\/app\\\/uploads\\\/2024\\\/05\\\/198864.jpeg\",\"datePublished\":\"2024-05-28T22:34:53+00:00\",\"dateModified\":\"2024-06-20T21:49:00+00:00\",\"description\":\"UNA CESTA DE FRUTA VERDE. \\\/ Rosana Romo P\u00e9rez. Guadalajara, M\u00e9xico : Espina Dorsal, 2022. 111 pages ; 21 cm. (Colecci\u00f3n N\u00f3mada). ISBN : 9786079974000.\",\"breadcrumb\":{\"@id\":\"https:\\\/\\\/booksfrommexico.com\\\/es\\\/producto\\\/una-cesta-de-fruta-verde\\\/#breadcrumb\"},\"inLanguage\":\"es\",\"potentialAction\":[{\"@type\":\"ReadAction\",\"target\":[\"https:\\\/\\\/booksfrommexico.com\\\/es\\\/producto\\\/una-cesta-de-fruta-verde\\\/\"]}]},{\"@type\":\"ImageObject\",\"inLanguage\":\"es\",\"@id\":\"https:\\\/\\\/booksfrommexico.com\\\/es\\\/producto\\\/una-cesta-de-fruta-verde\\\/#primaryimage\",\"url\":\"https:\\\/\\\/booksfrommexico.com\\\/app\\\/uploads\\\/2024\\\/05\\\/198864.jpeg\",\"contentUrl\":\"https:\\\/\\\/booksfrommexico.com\\\/app\\\/uploads\\\/2024\\\/05\\\/198864.jpeg\",\"width\":392,\"height\":610,\"caption\":\"Una cesta de fruta verde\"},{\"@type\":\"BreadcrumbList\",\"@id\":\"https:\\\/\\\/booksfrommexico.com\\\/es\\\/producto\\\/una-cesta-de-fruta-verde\\\/#breadcrumb\",\"itemListElement\":[{\"@type\":\"ListItem\",\"position\":1,\"name\":\"Home\",\"item\":\"https:\\\/\\\/booksfrommexico.com\\\/es\\\/\"},{\"@type\":\"ListItem\",\"position\":2,\"name\":\"Libros\",\"item\":\"https:\\\/\\\/booksfrommexico.com\\\/es\\\/libros\\\/\"},{\"@type\":\"ListItem\",\"position\":3,\"name\":\"Una cesta de fruta verde\"}]},{\"@type\":\"WebSite\",\"@id\":\"https:\\\/\\\/booksfrommexico.com\\\/#website\",\"url\":\"https:\\\/\\\/booksfrommexico.com\\\/\",\"name\":\"Books From Mexico\",\"description\":\"\",\"publisher\":{\"@id\":\"https:\\\/\\\/booksfrommexico.com\\\/#organization\"},\"potentialAction\":[{\"@type\":\"SearchAction\",\"target\":{\"@type\":\"EntryPoint\",\"urlTemplate\":\"https:\\\/\\\/booksfrommexico.com\\\/?s={search_term_string}\"},\"query-input\":{\"@type\":\"PropertyValueSpecification\",\"valueRequired\":true,\"valueName\":\"search_term_string\"}}],\"inLanguage\":\"es\"},{\"@type\":\"Organization\",\"@id\":\"https:\\\/\\\/booksfrommexico.com\\\/#organization\",\"name\":\"Books From Mexico\",\"url\":\"https:\\\/\\\/booksfrommexico.com\\\/\",\"logo\":{\"@type\":\"ImageObject\",\"inLanguage\":\"es\",\"@id\":\"https:\\\/\\\/booksfrommexico.com\\\/#\\\/schema\\\/logo\\\/image\\\/\",\"url\":\"https:\\\/\\\/booksfrommexico.com\\\/app\\\/uploads\\\/2023\\\/05\\\/logo-booksfrommexico.svg\",\"contentUrl\":\"https:\\\/\\\/booksfrommexico.com\\\/app\\\/uploads\\\/2023\\\/05\\\/logo-booksfrommexico.svg\",\"width\":86,\"height\":56,\"caption\":\"Books From Mexico\"},\"image\":{\"@id\":\"https:\\\/\\\/booksfrommexico.com\\\/#\\\/schema\\\/logo\\\/image\\\/\"}}]}<\/script>\n<!-- \/ Yoast SEO plugin. -->","yoast_head_json":{"title":"Una cesta de fruta verde","description":"UNA CESTA DE FRUTA VERDE. \/ Rosana Romo P\u00e9rez. Guadalajara, M\u00e9xico : Espina Dorsal, 2022. 111 pages ; 21 cm. (Colecci\u00f3n N\u00f3mada). ISBN : 9786079974000.","robots":{"index":"index","follow":"follow","max-snippet":"max-snippet:-1","max-image-preview":"max-image-preview:large","max-video-preview":"max-video-preview:-1"},"canonical":"https:\/\/booksfrommexico.com\/es\/producto\/una-cesta-de-fruta-verde\/","og_locale":"es_ES","og_type":"article","og_title":"Una cesta de fruta verde","og_description":"UNA CESTA DE FRUTA VERDE. \/ Rosana Romo P\u00e9rez. Guadalajara, M\u00e9xico : Espina Dorsal, 2022. 111 pages ; 21 cm. (Colecci\u00f3n N\u00f3mada). ISBN : 9786079974000.","og_url":"https:\/\/booksfrommexico.com\/es\/producto\/una-cesta-de-fruta-verde\/","og_site_name":"Books From Mexico","article_modified_time":"2024-06-20T21:49:00+00:00","og_image":[{"width":392,"height":610,"url":"http:\/\/booksfrommexico.com\/app\/uploads\/2024\/05\/198864.jpeg","type":"image\/jpeg"}],"twitter_card":"summary_large_image","twitter_misc":{"Tiempo de lectura":"1 minuto"},"schema":{"@context":"https:\/\/schema.org","@graph":[{"@type":"WebPage","@id":"https:\/\/booksfrommexico.com\/es\/producto\/una-cesta-de-fruta-verde\/","url":"https:\/\/booksfrommexico.com\/es\/producto\/una-cesta-de-fruta-verde\/","name":"Una cesta de fruta verde","isPartOf":{"@id":"https:\/\/booksfrommexico.com\/#website"},"primaryImageOfPage":{"@id":"https:\/\/booksfrommexico.com\/es\/producto\/una-cesta-de-fruta-verde\/#primaryimage"},"image":{"@id":"https:\/\/booksfrommexico.com\/es\/producto\/una-cesta-de-fruta-verde\/#primaryimage"},"thumbnailUrl":"https:\/\/booksfrommexico.com\/app\/uploads\/2024\/05\/198864.jpeg","datePublished":"2024-05-28T22:34:53+00:00","dateModified":"2024-06-20T21:49:00+00:00","description":"UNA CESTA DE FRUTA VERDE. \/ Rosana Romo P\u00e9rez. Guadalajara, M\u00e9xico : Espina Dorsal, 2022. 111 pages ; 21 cm. (Colecci\u00f3n N\u00f3mada). ISBN : 9786079974000.","breadcrumb":{"@id":"https:\/\/booksfrommexico.com\/es\/producto\/una-cesta-de-fruta-verde\/#breadcrumb"},"inLanguage":"es","potentialAction":[{"@type":"ReadAction","target":["https:\/\/booksfrommexico.com\/es\/producto\/una-cesta-de-fruta-verde\/"]}]},{"@type":"ImageObject","inLanguage":"es","@id":"https:\/\/booksfrommexico.com\/es\/producto\/una-cesta-de-fruta-verde\/#primaryimage","url":"https:\/\/booksfrommexico.com\/app\/uploads\/2024\/05\/198864.jpeg","contentUrl":"https:\/\/booksfrommexico.com\/app\/uploads\/2024\/05\/198864.jpeg","width":392,"height":610,"caption":"Una cesta de fruta verde"},{"@type":"BreadcrumbList","@id":"https:\/\/booksfrommexico.com\/es\/producto\/una-cesta-de-fruta-verde\/#breadcrumb","itemListElement":[{"@type":"ListItem","position":1,"name":"Home","item":"https:\/\/booksfrommexico.com\/es\/"},{"@type":"ListItem","position":2,"name":"Libros","item":"https:\/\/booksfrommexico.com\/es\/libros\/"},{"@type":"ListItem","position":3,"name":"Una cesta de fruta verde"}]},{"@type":"WebSite","@id":"https:\/\/booksfrommexico.com\/#website","url":"https:\/\/booksfrommexico.com\/","name":"Books From Mexico","description":"","publisher":{"@id":"https:\/\/booksfrommexico.com\/#organization"},"potentialAction":[{"@type":"SearchAction","target":{"@type":"EntryPoint","urlTemplate":"https:\/\/booksfrommexico.com\/?s={search_term_string}"},"query-input":{"@type":"PropertyValueSpecification","valueRequired":true,"valueName":"search_term_string"}}],"inLanguage":"es"},{"@type":"Organization","@id":"https:\/\/booksfrommexico.com\/#organization","name":"Books From Mexico","url":"https:\/\/booksfrommexico.com\/","logo":{"@type":"ImageObject","inLanguage":"es","@id":"https:\/\/booksfrommexico.com\/#\/schema\/logo\/image\/","url":"https:\/\/booksfrommexico.com\/app\/uploads\/2023\/05\/logo-booksfrommexico.svg","contentUrl":"https:\/\/booksfrommexico.com\/app\/uploads\/2023\/05\/logo-booksfrommexico.svg","width":86,"height":56,"caption":"Books From Mexico"},"image":{"@id":"https:\/\/booksfrommexico.com\/#\/schema\/logo\/image\/"}}]}},"_links":{"self":[{"href":"https:\/\/booksfrommexico.com\/es\/wp-json\/wp\/v2\/product\/6593","targetHints":{"allow":["GET"]}}],"collection":[{"href":"https:\/\/booksfrommexico.com\/es\/wp-json\/wp\/v2\/product"}],"about":[{"href":"https:\/\/booksfrommexico.com\/es\/wp-json\/wp\/v2\/types\/product"}],"wp:featuredmedia":[{"embeddable":true,"href":"https:\/\/booksfrommexico.com\/es\/wp-json\/wp\/v2\/media\/6759"}],"wp:attachment":[{"href":"https:\/\/booksfrommexico.com\/es\/wp-json\/wp\/v2\/media?parent=6593"}],"wp:term":[{"taxonomy":"product_brand","embeddable":true,"href":"https:\/\/booksfrommexico.com\/es\/wp-json\/wp\/v2\/product_brand?post=6593"},{"taxonomy":"product_cat","embeddable":true,"href":"https:\/\/booksfrommexico.com\/es\/wp-json\/wp\/v2\/product_cat?post=6593"},{"taxonomy":"product_tag","embeddable":true,"href":"https:\/\/booksfrommexico.com\/es\/wp-json\/wp\/v2\/product_tag?post=6593"}],"curies":[{"name":"wp","href":"https:\/\/api.w.org\/{rel}","templated":true}]}}