{"id":6596,"date":"2024-05-28T22:34:53","date_gmt":"2024-05-28T22:34:53","guid":{"rendered":"https:\/\/booksfrommexico.com\/product\/historia-minima-de-la-literatura\/"},"modified":"2024-06-19T22:32:27","modified_gmt":"2024-06-19T22:32:27","slug":"historia-minima-de-la-literatura","status":"publish","type":"product","link":"https:\/\/booksfrommexico.com\/es\/producto\/historia-minima-de-la-literatura\/","title":{"rendered":"Historia m\u00ednima (e ilustrada) de la literatura"},"content":{"rendered":"<p><span style=\"font-weight: 400;\">El objetivo de este t\u00edtulo es explorar las obras y los autores que hicieron posible referirse a la literatura en Tijuana, dando cuenta del proceso cultural e hist\u00f3rico de la literatura en el contexto de la esquina norte del pa\u00eds, sus particularidades, cambios y din\u00e1mica social. El autor propone una obra en la cual se combinan libremente las tareas del investigador, el ensayista y el cr\u00edtico literario, hecha de aproximaciones, pero documentada y rigurosa. Aqu\u00ed se centra la atenci\u00f3n en los aspectos que son de mayor importancia para el conocimiento, comprensi\u00f3n y apreciaci\u00f3n valorativa de las obras literarias.<\/span><\/p>\n","protected":false},"excerpt":{"rendered":"<p>HISTORIA M\u00cdNIMA (E ILUSTRADA) DE LA LITERATURA EN TIJUANA<span style=\"font-weight: 400;\">. \/ Humberto F\u00e9lix Berumen. Tijuana, Baja California, M\u00e9xico : Secretar\u00eda de Cultura, Centro Cultural Tijuana, 2022. 180 pages : includes photos, bibliography ; 21 cm. ISBN : 9786076311400.<\/span><\/p>\n","protected":false},"featured_media":6770,"template":"","meta":{"_acf_changed":false,"inline_featured_image":false},"product_brand":[],"product_cat":[4393,52],"product_tag":[3707,3869,4124],"class_list":{"0":"post-6596","1":"product","2":"type-product","3":"status-publish","4":"has-post-thumbnail","6":"product_cat-analisis-literario","7":"product_cat-critica-literaria","8":"product_tag-critica-e-interpretacion","9":"product_tag-critica-y-estudios","10":"product_tag-literatura-es","12":"first","13":"instock","14":"taxable","15":"shipping-taxable","16":"purchasable","17":"product-type-simple"},"acf":[],"yoast_head":"<!-- This site is optimized with the Yoast SEO plugin v27.3 - https:\/\/yoast.com\/product\/yoast-seo-wordpress\/ -->\n<title>Historia m\u00ednima (e ilustrada) de la literatura<\/title>\n<meta name=\"description\" content=\"HISTORIA M\u00cdNIMA (E ILUSTRADA) DE LA LITERATURA EN TIJUANA. \/ Humberto F\u00e9lix Berumen. Secretar\u00eda de Cultura, Centro Cultural Tijuana, 2022.\" \/>\n<meta name=\"robots\" content=\"index, follow, max-snippet:-1, max-image-preview:large, max-video-preview:-1\" \/>\n<link rel=\"canonical\" href=\"https:\/\/booksfrommexico.com\/es\/producto\/historia-minima-de-la-literatura\/\" \/>\n<meta property=\"og:locale\" content=\"es_ES\" \/>\n<meta property=\"og:type\" content=\"article\" \/>\n<meta property=\"og:title\" content=\"Historia m\u00ednima (e ilustrada) de la literatura\" \/>\n<meta property=\"og:description\" content=\"HISTORIA M\u00cdNIMA (E ILUSTRADA) DE LA LITERATURA EN TIJUANA. \/ Humberto F\u00e9lix Berumen. Secretar\u00eda de Cultura, Centro Cultural Tijuana, 2022.\" \/>\n<meta property=\"og:url\" content=\"https:\/\/booksfrommexico.com\/es\/producto\/historia-minima-de-la-literatura\/\" \/>\n<meta property=\"og:site_name\" content=\"Books From Mexico\" \/>\n<meta property=\"article:modified_time\" content=\"2024-06-19T22:32:27+00:00\" \/>\n<meta property=\"og:image\" content=\"http:\/\/booksfrommexico.com\/app\/uploads\/2024\/05\/199003.jpeg\" \/>\n\t<meta property=\"og:image:width\" content=\"396\" \/>\n\t<meta property=\"og:image:height\" content=\"610\" \/>\n\t<meta property=\"og:image:type\" content=\"image\/jpeg\" \/>\n<meta name=\"twitter:card\" content=\"summary_large_image\" \/>\n<meta name=\"twitter:label1\" content=\"Tiempo de lectura\" \/>\n\t<meta name=\"twitter:data1\" content=\"1 minuto\" \/>\n<script type=\"application\/ld+json\" class=\"yoast-schema-graph\">{\"@context\":\"https:\\\/\\\/schema.org\",\"@graph\":[{\"@type\":\"WebPage\",\"@id\":\"https:\\\/\\\/booksfrommexico.com\\\/es\\\/producto\\\/historia-minima-de-la-literatura\\\/\",\"url\":\"https:\\\/\\\/booksfrommexico.com\\\/es\\\/producto\\\/historia-minima-de-la-literatura\\\/\",\"name\":\"Historia m\u00ednima (e ilustrada) de la literatura\",\"isPartOf\":{\"@id\":\"https:\\\/\\\/booksfrommexico.com\\\/#website\"},\"primaryImageOfPage\":{\"@id\":\"https:\\\/\\\/booksfrommexico.com\\\/es\\\/producto\\\/historia-minima-de-la-literatura\\\/#primaryimage\"},\"image\":{\"@id\":\"https:\\\/\\\/booksfrommexico.com\\\/es\\\/producto\\\/historia-minima-de-la-literatura\\\/#primaryimage\"},\"thumbnailUrl\":\"https:\\\/\\\/booksfrommexico.com\\\/app\\\/uploads\\\/2024\\\/05\\\/199003.jpeg\",\"datePublished\":\"2024-05-28T22:34:53+00:00\",\"dateModified\":\"2024-06-19T22:32:27+00:00\",\"description\":\"HISTORIA M\u00cdNIMA (E ILUSTRADA) DE LA LITERATURA EN TIJUANA. \\\/ Humberto F\u00e9lix Berumen. Secretar\u00eda de Cultura, Centro Cultural Tijuana, 2022.\",\"breadcrumb\":{\"@id\":\"https:\\\/\\\/booksfrommexico.com\\\/es\\\/producto\\\/historia-minima-de-la-literatura\\\/#breadcrumb\"},\"inLanguage\":\"es\",\"potentialAction\":[{\"@type\":\"ReadAction\",\"target\":[\"https:\\\/\\\/booksfrommexico.com\\\/es\\\/producto\\\/historia-minima-de-la-literatura\\\/\"]}]},{\"@type\":\"ImageObject\",\"inLanguage\":\"es\",\"@id\":\"https:\\\/\\\/booksfrommexico.com\\\/es\\\/producto\\\/historia-minima-de-la-literatura\\\/#primaryimage\",\"url\":\"https:\\\/\\\/booksfrommexico.com\\\/app\\\/uploads\\\/2024\\\/05\\\/199003.jpeg\",\"contentUrl\":\"https:\\\/\\\/booksfrommexico.com\\\/app\\\/uploads\\\/2024\\\/05\\\/199003.jpeg\",\"width\":396,\"height\":610,\"caption\":\"Historia m\u00ednima de la literatura\"},{\"@type\":\"BreadcrumbList\",\"@id\":\"https:\\\/\\\/booksfrommexico.com\\\/es\\\/producto\\\/historia-minima-de-la-literatura\\\/#breadcrumb\",\"itemListElement\":[{\"@type\":\"ListItem\",\"position\":1,\"name\":\"Home\",\"item\":\"https:\\\/\\\/booksfrommexico.com\\\/es\\\/\"},{\"@type\":\"ListItem\",\"position\":2,\"name\":\"Libros\",\"item\":\"https:\\\/\\\/booksfrommexico.com\\\/es\\\/libros\\\/\"},{\"@type\":\"ListItem\",\"position\":3,\"name\":\"Historia m\u00ednima (e ilustrada) de la literatura\"}]},{\"@type\":\"WebSite\",\"@id\":\"https:\\\/\\\/booksfrommexico.com\\\/#website\",\"url\":\"https:\\\/\\\/booksfrommexico.com\\\/\",\"name\":\"Books From Mexico\",\"description\":\"\",\"publisher\":{\"@id\":\"https:\\\/\\\/booksfrommexico.com\\\/#organization\"},\"potentialAction\":[{\"@type\":\"SearchAction\",\"target\":{\"@type\":\"EntryPoint\",\"urlTemplate\":\"https:\\\/\\\/booksfrommexico.com\\\/?s={search_term_string}\"},\"query-input\":{\"@type\":\"PropertyValueSpecification\",\"valueRequired\":true,\"valueName\":\"search_term_string\"}}],\"inLanguage\":\"es\"},{\"@type\":\"Organization\",\"@id\":\"https:\\\/\\\/booksfrommexico.com\\\/#organization\",\"name\":\"Books From Mexico\",\"url\":\"https:\\\/\\\/booksfrommexico.com\\\/\",\"logo\":{\"@type\":\"ImageObject\",\"inLanguage\":\"es\",\"@id\":\"https:\\\/\\\/booksfrommexico.com\\\/#\\\/schema\\\/logo\\\/image\\\/\",\"url\":\"https:\\\/\\\/booksfrommexico.com\\\/app\\\/uploads\\\/2023\\\/05\\\/logo-booksfrommexico.svg\",\"contentUrl\":\"https:\\\/\\\/booksfrommexico.com\\\/app\\\/uploads\\\/2023\\\/05\\\/logo-booksfrommexico.svg\",\"width\":86,\"height\":56,\"caption\":\"Books From Mexico\"},\"image\":{\"@id\":\"https:\\\/\\\/booksfrommexico.com\\\/#\\\/schema\\\/logo\\\/image\\\/\"}}]}<\/script>\n<!-- \/ Yoast SEO plugin. -->","yoast_head_json":{"title":"Historia m\u00ednima (e ilustrada) de la literatura","description":"HISTORIA M\u00cdNIMA (E ILUSTRADA) DE LA LITERATURA EN TIJUANA. \/ Humberto F\u00e9lix Berumen. Secretar\u00eda de Cultura, Centro Cultural Tijuana, 2022.","robots":{"index":"index","follow":"follow","max-snippet":"max-snippet:-1","max-image-preview":"max-image-preview:large","max-video-preview":"max-video-preview:-1"},"canonical":"https:\/\/booksfrommexico.com\/es\/producto\/historia-minima-de-la-literatura\/","og_locale":"es_ES","og_type":"article","og_title":"Historia m\u00ednima (e ilustrada) de la literatura","og_description":"HISTORIA M\u00cdNIMA (E ILUSTRADA) DE LA LITERATURA EN TIJUANA. \/ Humberto F\u00e9lix Berumen. Secretar\u00eda de Cultura, Centro Cultural Tijuana, 2022.","og_url":"https:\/\/booksfrommexico.com\/es\/producto\/historia-minima-de-la-literatura\/","og_site_name":"Books From Mexico","article_modified_time":"2024-06-19T22:32:27+00:00","og_image":[{"width":396,"height":610,"url":"http:\/\/booksfrommexico.com\/app\/uploads\/2024\/05\/199003.jpeg","type":"image\/jpeg"}],"twitter_card":"summary_large_image","twitter_misc":{"Tiempo de lectura":"1 minuto"},"schema":{"@context":"https:\/\/schema.org","@graph":[{"@type":"WebPage","@id":"https:\/\/booksfrommexico.com\/es\/producto\/historia-minima-de-la-literatura\/","url":"https:\/\/booksfrommexico.com\/es\/producto\/historia-minima-de-la-literatura\/","name":"Historia m\u00ednima (e ilustrada) de la literatura","isPartOf":{"@id":"https:\/\/booksfrommexico.com\/#website"},"primaryImageOfPage":{"@id":"https:\/\/booksfrommexico.com\/es\/producto\/historia-minima-de-la-literatura\/#primaryimage"},"image":{"@id":"https:\/\/booksfrommexico.com\/es\/producto\/historia-minima-de-la-literatura\/#primaryimage"},"thumbnailUrl":"https:\/\/booksfrommexico.com\/app\/uploads\/2024\/05\/199003.jpeg","datePublished":"2024-05-28T22:34:53+00:00","dateModified":"2024-06-19T22:32:27+00:00","description":"HISTORIA M\u00cdNIMA (E ILUSTRADA) DE LA LITERATURA EN TIJUANA. \/ Humberto F\u00e9lix Berumen. Secretar\u00eda de Cultura, Centro Cultural Tijuana, 2022.","breadcrumb":{"@id":"https:\/\/booksfrommexico.com\/es\/producto\/historia-minima-de-la-literatura\/#breadcrumb"},"inLanguage":"es","potentialAction":[{"@type":"ReadAction","target":["https:\/\/booksfrommexico.com\/es\/producto\/historia-minima-de-la-literatura\/"]}]},{"@type":"ImageObject","inLanguage":"es","@id":"https:\/\/booksfrommexico.com\/es\/producto\/historia-minima-de-la-literatura\/#primaryimage","url":"https:\/\/booksfrommexico.com\/app\/uploads\/2024\/05\/199003.jpeg","contentUrl":"https:\/\/booksfrommexico.com\/app\/uploads\/2024\/05\/199003.jpeg","width":396,"height":610,"caption":"Historia m\u00ednima de la literatura"},{"@type":"BreadcrumbList","@id":"https:\/\/booksfrommexico.com\/es\/producto\/historia-minima-de-la-literatura\/#breadcrumb","itemListElement":[{"@type":"ListItem","position":1,"name":"Home","item":"https:\/\/booksfrommexico.com\/es\/"},{"@type":"ListItem","position":2,"name":"Libros","item":"https:\/\/booksfrommexico.com\/es\/libros\/"},{"@type":"ListItem","position":3,"name":"Historia m\u00ednima (e ilustrada) de la literatura"}]},{"@type":"WebSite","@id":"https:\/\/booksfrommexico.com\/#website","url":"https:\/\/booksfrommexico.com\/","name":"Books From Mexico","description":"","publisher":{"@id":"https:\/\/booksfrommexico.com\/#organization"},"potentialAction":[{"@type":"SearchAction","target":{"@type":"EntryPoint","urlTemplate":"https:\/\/booksfrommexico.com\/?s={search_term_string}"},"query-input":{"@type":"PropertyValueSpecification","valueRequired":true,"valueName":"search_term_string"}}],"inLanguage":"es"},{"@type":"Organization","@id":"https:\/\/booksfrommexico.com\/#organization","name":"Books From Mexico","url":"https:\/\/booksfrommexico.com\/","logo":{"@type":"ImageObject","inLanguage":"es","@id":"https:\/\/booksfrommexico.com\/#\/schema\/logo\/image\/","url":"https:\/\/booksfrommexico.com\/app\/uploads\/2023\/05\/logo-booksfrommexico.svg","contentUrl":"https:\/\/booksfrommexico.com\/app\/uploads\/2023\/05\/logo-booksfrommexico.svg","width":86,"height":56,"caption":"Books From Mexico"},"image":{"@id":"https:\/\/booksfrommexico.com\/#\/schema\/logo\/image\/"}}]}},"_links":{"self":[{"href":"https:\/\/booksfrommexico.com\/es\/wp-json\/wp\/v2\/product\/6596","targetHints":{"allow":["GET"]}}],"collection":[{"href":"https:\/\/booksfrommexico.com\/es\/wp-json\/wp\/v2\/product"}],"about":[{"href":"https:\/\/booksfrommexico.com\/es\/wp-json\/wp\/v2\/types\/product"}],"wp:featuredmedia":[{"embeddable":true,"href":"https:\/\/booksfrommexico.com\/es\/wp-json\/wp\/v2\/media\/6770"}],"wp:attachment":[{"href":"https:\/\/booksfrommexico.com\/es\/wp-json\/wp\/v2\/media?parent=6596"}],"wp:term":[{"taxonomy":"product_brand","embeddable":true,"href":"https:\/\/booksfrommexico.com\/es\/wp-json\/wp\/v2\/product_brand?post=6596"},{"taxonomy":"product_cat","embeddable":true,"href":"https:\/\/booksfrommexico.com\/es\/wp-json\/wp\/v2\/product_cat?post=6596"},{"taxonomy":"product_tag","embeddable":true,"href":"https:\/\/booksfrommexico.com\/es\/wp-json\/wp\/v2\/product_tag?post=6596"}],"curies":[{"name":"wp","href":"https:\/\/api.w.org\/{rel}","templated":true}]}}