{"id":6598,"date":"2024-05-28T22:34:53","date_gmt":"2024-05-28T22:34:53","guid":{"rendered":"https:\/\/booksfrommexico.com\/product\/el-virus-del-oeste-del-nilo\/"},"modified":"2024-06-24T23:50:45","modified_gmt":"2024-06-24T23:50:45","slug":"el-virus-del-oeste-del-nilo","status":"publish","type":"product","link":"https:\/\/booksfrommexico.com\/es\/producto\/el-virus-del-oeste-del-nilo\/","title":{"rendered":"El virus del oeste del Nilo"},"content":{"rendered":"<p><span style=\"font-weight: 400;\">Hugo Vald\u00e9s ha sido ganador del Certamen Nacional de Literatura Alfonso Reyes en 1994, del Premio Universidad Aut\u00f3noma de Nuevo Le\u00f3n a las Artes (UANL) en 2007 y del Premio Nuevo Le\u00f3n de Literatura en 2012, as\u00ed como menci\u00f3n honor\u00edfica en el Premio Nacional de Novela Hist\u00f3rica Ignacio Solares 2021. En este relato, a trav\u00e9s del rencor s\u00fabito que un hombre experimenta por una exempleada suya, el autor despliega un lenguaje r\u00edtmico y musical para lanzar a su protagonista a un recorrido por los c\u00edrculos del infierno hasta tocar la demencia, en tanto que el lector atestigua la tortura que le provocan sus propios procesos mentales.<\/span><\/p>\n","protected":false},"excerpt":{"rendered":"<p>EL VIRUS DEL OESTE DEL NILO<span style=\"font-weight: 400;\">. \/ Hugo Vald\u00e9s. Monterrey, Nuevo Le\u00f3n, M\u00e9xico : Consejo para la Cultura y las Artes de Nuevo Le\u00f3n ; Benito Ju\u00e1rez, Nuevo Le\u00f3n, M\u00e9xico : Editorial An.Alfa.Beta, 2022. 148 pages ; 20 cm. (Serie Boreal). ISBN : 9786078598670 (CONARTE) ; 9786079858193 (An.Alfa.Beta).<\/span><\/p>\n","protected":false},"featured_media":6811,"template":"","meta":{"_acf_changed":false,"inline_featured_image":false},"product_brand":[],"product_cat":[25,1200],"product_tag":[4124,4438,3938,3651],"class_list":{"0":"post-6598","1":"product","2":"type-product","3":"status-publish","4":"has-post-thumbnail","6":"product_cat-literatura","7":"product_cat-novela-literatura","8":"product_tag-literatura-es","9":"product_tag-literatura-contemporanea","10":"product_tag-literatura-mexicana","11":"product_tag-novela-mexicana","13":"first","14":"instock","15":"taxable","16":"shipping-taxable","17":"purchasable","18":"product-type-simple"},"acf":[],"yoast_head":"<!-- This site is optimized with the Yoast SEO plugin v27.3 - https:\/\/yoast.com\/product\/yoast-seo-wordpress\/ -->\n<title>El virus del oeste del Nilo<\/title>\n<meta name=\"description\" content=\"EL VIRUS DEL OESTE DEL NILO. \/ Hugo Vald\u00e9s. Consejo para la Cultura y las Artes de Nuevo Le\u00f3n ; Editorial An.Alfa.Beta, 2022. (Serie Boreal).\" \/>\n<meta name=\"robots\" content=\"index, follow, max-snippet:-1, max-image-preview:large, max-video-preview:-1\" \/>\n<link rel=\"canonical\" href=\"https:\/\/booksfrommexico.com\/es\/producto\/el-virus-del-oeste-del-nilo\/\" \/>\n<meta property=\"og:locale\" content=\"es_ES\" \/>\n<meta property=\"og:type\" content=\"article\" \/>\n<meta property=\"og:title\" content=\"El virus del oeste del Nilo\" \/>\n<meta property=\"og:description\" content=\"EL VIRUS DEL OESTE DEL NILO. \/ Hugo Vald\u00e9s. Consejo para la Cultura y las Artes de Nuevo Le\u00f3n ; Editorial An.Alfa.Beta, 2022. (Serie Boreal).\" \/>\n<meta property=\"og:url\" content=\"https:\/\/booksfrommexico.com\/es\/producto\/el-virus-del-oeste-del-nilo\/\" \/>\n<meta property=\"og:site_name\" content=\"Books From Mexico\" \/>\n<meta property=\"article:modified_time\" content=\"2024-06-24T23:50:45+00:00\" \/>\n<meta property=\"og:image\" content=\"http:\/\/booksfrommexico.com\/app\/uploads\/2024\/05\/199275.jpeg\" \/>\n\t<meta property=\"og:image:width\" content=\"338\" \/>\n\t<meta property=\"og:image:height\" content=\"567\" \/>\n\t<meta property=\"og:image:type\" content=\"image\/jpeg\" \/>\n<meta name=\"twitter:card\" content=\"summary_large_image\" \/>\n<meta name=\"twitter:label1\" content=\"Tiempo de lectura\" \/>\n\t<meta name=\"twitter:data1\" content=\"1 minuto\" \/>\n<script type=\"application\/ld+json\" class=\"yoast-schema-graph\">{\"@context\":\"https:\\\/\\\/schema.org\",\"@graph\":[{\"@type\":\"WebPage\",\"@id\":\"https:\\\/\\\/booksfrommexico.com\\\/es\\\/producto\\\/el-virus-del-oeste-del-nilo\\\/\",\"url\":\"https:\\\/\\\/booksfrommexico.com\\\/es\\\/producto\\\/el-virus-del-oeste-del-nilo\\\/\",\"name\":\"El virus del oeste del Nilo\",\"isPartOf\":{\"@id\":\"https:\\\/\\\/booksfrommexico.com\\\/#website\"},\"primaryImageOfPage\":{\"@id\":\"https:\\\/\\\/booksfrommexico.com\\\/es\\\/producto\\\/el-virus-del-oeste-del-nilo\\\/#primaryimage\"},\"image\":{\"@id\":\"https:\\\/\\\/booksfrommexico.com\\\/es\\\/producto\\\/el-virus-del-oeste-del-nilo\\\/#primaryimage\"},\"thumbnailUrl\":\"https:\\\/\\\/booksfrommexico.com\\\/app\\\/uploads\\\/2024\\\/05\\\/199275.jpeg\",\"datePublished\":\"2024-05-28T22:34:53+00:00\",\"dateModified\":\"2024-06-24T23:50:45+00:00\",\"description\":\"EL VIRUS DEL OESTE DEL NILO. \\\/ Hugo Vald\u00e9s. Consejo para la Cultura y las Artes de Nuevo Le\u00f3n ; Editorial An.Alfa.Beta, 2022. (Serie Boreal).\",\"breadcrumb\":{\"@id\":\"https:\\\/\\\/booksfrommexico.com\\\/es\\\/producto\\\/el-virus-del-oeste-del-nilo\\\/#breadcrumb\"},\"inLanguage\":\"es\",\"potentialAction\":[{\"@type\":\"ReadAction\",\"target\":[\"https:\\\/\\\/booksfrommexico.com\\\/es\\\/producto\\\/el-virus-del-oeste-del-nilo\\\/\"]}]},{\"@type\":\"ImageObject\",\"inLanguage\":\"es\",\"@id\":\"https:\\\/\\\/booksfrommexico.com\\\/es\\\/producto\\\/el-virus-del-oeste-del-nilo\\\/#primaryimage\",\"url\":\"https:\\\/\\\/booksfrommexico.com\\\/app\\\/uploads\\\/2024\\\/05\\\/199275.jpeg\",\"contentUrl\":\"https:\\\/\\\/booksfrommexico.com\\\/app\\\/uploads\\\/2024\\\/05\\\/199275.jpeg\",\"width\":338,\"height\":567,\"caption\":\"El virus del oeste del nilo\"},{\"@type\":\"BreadcrumbList\",\"@id\":\"https:\\\/\\\/booksfrommexico.com\\\/es\\\/producto\\\/el-virus-del-oeste-del-nilo\\\/#breadcrumb\",\"itemListElement\":[{\"@type\":\"ListItem\",\"position\":1,\"name\":\"Home\",\"item\":\"https:\\\/\\\/booksfrommexico.com\\\/es\\\/\"},{\"@type\":\"ListItem\",\"position\":2,\"name\":\"Libros\",\"item\":\"https:\\\/\\\/booksfrommexico.com\\\/es\\\/libros\\\/\"},{\"@type\":\"ListItem\",\"position\":3,\"name\":\"El virus del oeste del Nilo\"}]},{\"@type\":\"WebSite\",\"@id\":\"https:\\\/\\\/booksfrommexico.com\\\/#website\",\"url\":\"https:\\\/\\\/booksfrommexico.com\\\/\",\"name\":\"Books From Mexico\",\"description\":\"\",\"publisher\":{\"@id\":\"https:\\\/\\\/booksfrommexico.com\\\/#organization\"},\"potentialAction\":[{\"@type\":\"SearchAction\",\"target\":{\"@type\":\"EntryPoint\",\"urlTemplate\":\"https:\\\/\\\/booksfrommexico.com\\\/?s={search_term_string}\"},\"query-input\":{\"@type\":\"PropertyValueSpecification\",\"valueRequired\":true,\"valueName\":\"search_term_string\"}}],\"inLanguage\":\"es\"},{\"@type\":\"Organization\",\"@id\":\"https:\\\/\\\/booksfrommexico.com\\\/#organization\",\"name\":\"Books From Mexico\",\"url\":\"https:\\\/\\\/booksfrommexico.com\\\/\",\"logo\":{\"@type\":\"ImageObject\",\"inLanguage\":\"es\",\"@id\":\"https:\\\/\\\/booksfrommexico.com\\\/#\\\/schema\\\/logo\\\/image\\\/\",\"url\":\"https:\\\/\\\/booksfrommexico.com\\\/app\\\/uploads\\\/2023\\\/05\\\/logo-booksfrommexico.svg\",\"contentUrl\":\"https:\\\/\\\/booksfrommexico.com\\\/app\\\/uploads\\\/2023\\\/05\\\/logo-booksfrommexico.svg\",\"width\":86,\"height\":56,\"caption\":\"Books From Mexico\"},\"image\":{\"@id\":\"https:\\\/\\\/booksfrommexico.com\\\/#\\\/schema\\\/logo\\\/image\\\/\"}}]}<\/script>\n<!-- \/ Yoast SEO plugin. -->","yoast_head_json":{"title":"El virus del oeste del Nilo","description":"EL VIRUS DEL OESTE DEL NILO. \/ Hugo Vald\u00e9s. Consejo para la Cultura y las Artes de Nuevo Le\u00f3n ; Editorial An.Alfa.Beta, 2022. (Serie Boreal).","robots":{"index":"index","follow":"follow","max-snippet":"max-snippet:-1","max-image-preview":"max-image-preview:large","max-video-preview":"max-video-preview:-1"},"canonical":"https:\/\/booksfrommexico.com\/es\/producto\/el-virus-del-oeste-del-nilo\/","og_locale":"es_ES","og_type":"article","og_title":"El virus del oeste del Nilo","og_description":"EL VIRUS DEL OESTE DEL NILO. \/ Hugo Vald\u00e9s. Consejo para la Cultura y las Artes de Nuevo Le\u00f3n ; Editorial An.Alfa.Beta, 2022. (Serie Boreal).","og_url":"https:\/\/booksfrommexico.com\/es\/producto\/el-virus-del-oeste-del-nilo\/","og_site_name":"Books From Mexico","article_modified_time":"2024-06-24T23:50:45+00:00","og_image":[{"width":338,"height":567,"url":"http:\/\/booksfrommexico.com\/app\/uploads\/2024\/05\/199275.jpeg","type":"image\/jpeg"}],"twitter_card":"summary_large_image","twitter_misc":{"Tiempo de lectura":"1 minuto"},"schema":{"@context":"https:\/\/schema.org","@graph":[{"@type":"WebPage","@id":"https:\/\/booksfrommexico.com\/es\/producto\/el-virus-del-oeste-del-nilo\/","url":"https:\/\/booksfrommexico.com\/es\/producto\/el-virus-del-oeste-del-nilo\/","name":"El virus del oeste del Nilo","isPartOf":{"@id":"https:\/\/booksfrommexico.com\/#website"},"primaryImageOfPage":{"@id":"https:\/\/booksfrommexico.com\/es\/producto\/el-virus-del-oeste-del-nilo\/#primaryimage"},"image":{"@id":"https:\/\/booksfrommexico.com\/es\/producto\/el-virus-del-oeste-del-nilo\/#primaryimage"},"thumbnailUrl":"https:\/\/booksfrommexico.com\/app\/uploads\/2024\/05\/199275.jpeg","datePublished":"2024-05-28T22:34:53+00:00","dateModified":"2024-06-24T23:50:45+00:00","description":"EL VIRUS DEL OESTE DEL NILO. \/ Hugo Vald\u00e9s. Consejo para la Cultura y las Artes de Nuevo Le\u00f3n ; Editorial An.Alfa.Beta, 2022. (Serie Boreal).","breadcrumb":{"@id":"https:\/\/booksfrommexico.com\/es\/producto\/el-virus-del-oeste-del-nilo\/#breadcrumb"},"inLanguage":"es","potentialAction":[{"@type":"ReadAction","target":["https:\/\/booksfrommexico.com\/es\/producto\/el-virus-del-oeste-del-nilo\/"]}]},{"@type":"ImageObject","inLanguage":"es","@id":"https:\/\/booksfrommexico.com\/es\/producto\/el-virus-del-oeste-del-nilo\/#primaryimage","url":"https:\/\/booksfrommexico.com\/app\/uploads\/2024\/05\/199275.jpeg","contentUrl":"https:\/\/booksfrommexico.com\/app\/uploads\/2024\/05\/199275.jpeg","width":338,"height":567,"caption":"El virus del oeste del nilo"},{"@type":"BreadcrumbList","@id":"https:\/\/booksfrommexico.com\/es\/producto\/el-virus-del-oeste-del-nilo\/#breadcrumb","itemListElement":[{"@type":"ListItem","position":1,"name":"Home","item":"https:\/\/booksfrommexico.com\/es\/"},{"@type":"ListItem","position":2,"name":"Libros","item":"https:\/\/booksfrommexico.com\/es\/libros\/"},{"@type":"ListItem","position":3,"name":"El virus del oeste del Nilo"}]},{"@type":"WebSite","@id":"https:\/\/booksfrommexico.com\/#website","url":"https:\/\/booksfrommexico.com\/","name":"Books From Mexico","description":"","publisher":{"@id":"https:\/\/booksfrommexico.com\/#organization"},"potentialAction":[{"@type":"SearchAction","target":{"@type":"EntryPoint","urlTemplate":"https:\/\/booksfrommexico.com\/?s={search_term_string}"},"query-input":{"@type":"PropertyValueSpecification","valueRequired":true,"valueName":"search_term_string"}}],"inLanguage":"es"},{"@type":"Organization","@id":"https:\/\/booksfrommexico.com\/#organization","name":"Books From Mexico","url":"https:\/\/booksfrommexico.com\/","logo":{"@type":"ImageObject","inLanguage":"es","@id":"https:\/\/booksfrommexico.com\/#\/schema\/logo\/image\/","url":"https:\/\/booksfrommexico.com\/app\/uploads\/2023\/05\/logo-booksfrommexico.svg","contentUrl":"https:\/\/booksfrommexico.com\/app\/uploads\/2023\/05\/logo-booksfrommexico.svg","width":86,"height":56,"caption":"Books From Mexico"},"image":{"@id":"https:\/\/booksfrommexico.com\/#\/schema\/logo\/image\/"}}]}},"_links":{"self":[{"href":"https:\/\/booksfrommexico.com\/es\/wp-json\/wp\/v2\/product\/6598","targetHints":{"allow":["GET"]}}],"collection":[{"href":"https:\/\/booksfrommexico.com\/es\/wp-json\/wp\/v2\/product"}],"about":[{"href":"https:\/\/booksfrommexico.com\/es\/wp-json\/wp\/v2\/types\/product"}],"wp:featuredmedia":[{"embeddable":true,"href":"https:\/\/booksfrommexico.com\/es\/wp-json\/wp\/v2\/media\/6811"}],"wp:attachment":[{"href":"https:\/\/booksfrommexico.com\/es\/wp-json\/wp\/v2\/media?parent=6598"}],"wp:term":[{"taxonomy":"product_brand","embeddable":true,"href":"https:\/\/booksfrommexico.com\/es\/wp-json\/wp\/v2\/product_brand?post=6598"},{"taxonomy":"product_cat","embeddable":true,"href":"https:\/\/booksfrommexico.com\/es\/wp-json\/wp\/v2\/product_cat?post=6598"},{"taxonomy":"product_tag","embeddable":true,"href":"https:\/\/booksfrommexico.com\/es\/wp-json\/wp\/v2\/product_tag?post=6598"}],"curies":[{"name":"wp","href":"https:\/\/api.w.org\/{rel}","templated":true}]}}