{"id":6599,"date":"2024-05-28T22:34:53","date_gmt":"2024-05-28T22:34:53","guid":{"rendered":"https:\/\/booksfrommexico.com\/product\/los-panicos-principales\/"},"modified":"2024-06-24T23:34:32","modified_gmt":"2024-06-24T23:34:32","slug":"los-panicos-principales","status":"publish","type":"product","link":"https:\/\/booksfrommexico.com\/es\/producto\/los-panicos-principales\/","title":{"rendered":"Los p\u00e1nicos principales"},"content":{"rendered":"<p><span style=\"font-weight: 400;\">Luis Panini es escritor y arquitecto cuyo trabajo literario ha sido publicado bajo diversos sellos editoriales; as\u00ed como fue miembro del Sistema Nacional de Creadores de Arte. Este t\u00edtulo establece un juego donde el autor, Luis Panini, escribe en primera persona sobre un personaje, Luis Panini. Aqu\u00ed quien pone a andar el texto es el lector, ante el cual el sujeto ofrece una confesi\u00f3n, a la vez que un aprendizaje, generando que sea quien lee quien reciba su propio reflejo, donde se sobreponen los Luis Panini. Lo que el autor busca es mostrar c\u00f3mo uno mismo es el mundo, a la vez que el mundo es uno mismo.<\/span><\/p>\n","protected":false},"excerpt":{"rendered":"<p>LOS P\u00c1NICOS PRINCIPALES : (SEGUNDO AUTORRETRATO DEL TR\u00cdPTICO UN CUERPO SIN \u00d3RGANOS)<span style=\"font-weight: 400;\">. \/ Luis Panini. Monterrey, Nuevo Le\u00f3n, M\u00e9xico : Consejo para la Cultura y las Artes de Nuevo Le\u00f3n ; Benito Ju\u00e1rez, Nuevo Le\u00f3n : Editorial An.Alfa.Beta, 2022. 131 pages ; 20 cm. (Serie Boreal). ISBN : 9786078598663 (CONARTE) ; 9786079858186 (An.Alfa.Beta).<\/span><\/p>\n","protected":false},"featured_media":6814,"template":"","meta":{"_acf_changed":false,"inline_featured_image":false},"product_brand":[],"product_cat":[25,1200],"product_tag":[4124,4438,3651],"class_list":{"0":"post-6599","1":"product","2":"type-product","3":"status-publish","4":"has-post-thumbnail","6":"product_cat-literatura","7":"product_cat-novela-literatura","8":"product_tag-literatura-es","9":"product_tag-literatura-contemporanea","10":"product_tag-novela-mexicana","12":"first","13":"instock","14":"taxable","15":"shipping-taxable","16":"purchasable","17":"product-type-simple"},"acf":[],"yoast_head":"<!-- This site is optimized with the Yoast SEO plugin v27.3 - https:\/\/yoast.com\/product\/yoast-seo-wordpress\/ -->\n<title>Los p\u00e1nicos principales<\/title>\n<meta name=\"description\" content=\"LOS P\u00c1NICOS PRINCIPALES : (SEGUNDO AUTORRETRATO DEL TR\u00cdPTICO UN CUERPO SIN \u00d3RGANOS). \/ Luis Panini. CONARTE ; Editorial An.Alfa.Beta, 2022.(Serie Boreal).\" \/>\n<meta name=\"robots\" content=\"index, follow, max-snippet:-1, max-image-preview:large, max-video-preview:-1\" \/>\n<link rel=\"canonical\" href=\"https:\/\/booksfrommexico.com\/es\/producto\/los-panicos-principales\/\" \/>\n<meta property=\"og:locale\" content=\"es_ES\" \/>\n<meta property=\"og:type\" content=\"article\" \/>\n<meta property=\"og:title\" content=\"Los p\u00e1nicos principales\" \/>\n<meta property=\"og:description\" content=\"LOS P\u00c1NICOS PRINCIPALES : (SEGUNDO AUTORRETRATO DEL TR\u00cdPTICO UN CUERPO SIN \u00d3RGANOS). \/ Luis Panini. CONARTE ; Editorial An.Alfa.Beta, 2022.(Serie Boreal).\" \/>\n<meta property=\"og:url\" content=\"https:\/\/booksfrommexico.com\/es\/producto\/los-panicos-principales\/\" \/>\n<meta property=\"og:site_name\" content=\"Books From Mexico\" \/>\n<meta property=\"article:modified_time\" content=\"2024-06-24T23:34:32+00:00\" \/>\n<meta property=\"og:image\" content=\"http:\/\/booksfrommexico.com\/app\/uploads\/2024\/05\/199276.jpeg\" \/>\n\t<meta property=\"og:image:width\" content=\"338\" \/>\n\t<meta property=\"og:image:height\" content=\"567\" \/>\n\t<meta property=\"og:image:type\" content=\"image\/jpeg\" \/>\n<meta name=\"twitter:card\" content=\"summary_large_image\" \/>\n<meta name=\"twitter:label1\" content=\"Tiempo de lectura\" \/>\n\t<meta name=\"twitter:data1\" content=\"1 minuto\" \/>\n<script type=\"application\/ld+json\" class=\"yoast-schema-graph\">{\"@context\":\"https:\\\/\\\/schema.org\",\"@graph\":[{\"@type\":\"WebPage\",\"@id\":\"https:\\\/\\\/booksfrommexico.com\\\/es\\\/producto\\\/los-panicos-principales\\\/\",\"url\":\"https:\\\/\\\/booksfrommexico.com\\\/es\\\/producto\\\/los-panicos-principales\\\/\",\"name\":\"Los p\u00e1nicos principales\",\"isPartOf\":{\"@id\":\"https:\\\/\\\/booksfrommexico.com\\\/#website\"},\"primaryImageOfPage\":{\"@id\":\"https:\\\/\\\/booksfrommexico.com\\\/es\\\/producto\\\/los-panicos-principales\\\/#primaryimage\"},\"image\":{\"@id\":\"https:\\\/\\\/booksfrommexico.com\\\/es\\\/producto\\\/los-panicos-principales\\\/#primaryimage\"},\"thumbnailUrl\":\"https:\\\/\\\/booksfrommexico.com\\\/app\\\/uploads\\\/2024\\\/05\\\/199276.jpeg\",\"datePublished\":\"2024-05-28T22:34:53+00:00\",\"dateModified\":\"2024-06-24T23:34:32+00:00\",\"description\":\"LOS P\u00c1NICOS PRINCIPALES : (SEGUNDO AUTORRETRATO DEL TR\u00cdPTICO UN CUERPO SIN \u00d3RGANOS). \\\/ Luis Panini. CONARTE ; Editorial An.Alfa.Beta, 2022.(Serie Boreal).\",\"breadcrumb\":{\"@id\":\"https:\\\/\\\/booksfrommexico.com\\\/es\\\/producto\\\/los-panicos-principales\\\/#breadcrumb\"},\"inLanguage\":\"es\",\"potentialAction\":[{\"@type\":\"ReadAction\",\"target\":[\"https:\\\/\\\/booksfrommexico.com\\\/es\\\/producto\\\/los-panicos-principales\\\/\"]}]},{\"@type\":\"ImageObject\",\"inLanguage\":\"es\",\"@id\":\"https:\\\/\\\/booksfrommexico.com\\\/es\\\/producto\\\/los-panicos-principales\\\/#primaryimage\",\"url\":\"https:\\\/\\\/booksfrommexico.com\\\/app\\\/uploads\\\/2024\\\/05\\\/199276.jpeg\",\"contentUrl\":\"https:\\\/\\\/booksfrommexico.com\\\/app\\\/uploads\\\/2024\\\/05\\\/199276.jpeg\",\"width\":338,\"height\":567,\"caption\":\"Los p\u00e1nicos principales\"},{\"@type\":\"BreadcrumbList\",\"@id\":\"https:\\\/\\\/booksfrommexico.com\\\/es\\\/producto\\\/los-panicos-principales\\\/#breadcrumb\",\"itemListElement\":[{\"@type\":\"ListItem\",\"position\":1,\"name\":\"Home\",\"item\":\"https:\\\/\\\/booksfrommexico.com\\\/es\\\/\"},{\"@type\":\"ListItem\",\"position\":2,\"name\":\"Libros\",\"item\":\"https:\\\/\\\/booksfrommexico.com\\\/es\\\/libros\\\/\"},{\"@type\":\"ListItem\",\"position\":3,\"name\":\"Los p\u00e1nicos principales\"}]},{\"@type\":\"WebSite\",\"@id\":\"https:\\\/\\\/booksfrommexico.com\\\/#website\",\"url\":\"https:\\\/\\\/booksfrommexico.com\\\/\",\"name\":\"Books From Mexico\",\"description\":\"\",\"publisher\":{\"@id\":\"https:\\\/\\\/booksfrommexico.com\\\/#organization\"},\"potentialAction\":[{\"@type\":\"SearchAction\",\"target\":{\"@type\":\"EntryPoint\",\"urlTemplate\":\"https:\\\/\\\/booksfrommexico.com\\\/?s={search_term_string}\"},\"query-input\":{\"@type\":\"PropertyValueSpecification\",\"valueRequired\":true,\"valueName\":\"search_term_string\"}}],\"inLanguage\":\"es\"},{\"@type\":\"Organization\",\"@id\":\"https:\\\/\\\/booksfrommexico.com\\\/#organization\",\"name\":\"Books From Mexico\",\"url\":\"https:\\\/\\\/booksfrommexico.com\\\/\",\"logo\":{\"@type\":\"ImageObject\",\"inLanguage\":\"es\",\"@id\":\"https:\\\/\\\/booksfrommexico.com\\\/#\\\/schema\\\/logo\\\/image\\\/\",\"url\":\"https:\\\/\\\/booksfrommexico.com\\\/app\\\/uploads\\\/2023\\\/05\\\/logo-booksfrommexico.svg\",\"contentUrl\":\"https:\\\/\\\/booksfrommexico.com\\\/app\\\/uploads\\\/2023\\\/05\\\/logo-booksfrommexico.svg\",\"width\":86,\"height\":56,\"caption\":\"Books From Mexico\"},\"image\":{\"@id\":\"https:\\\/\\\/booksfrommexico.com\\\/#\\\/schema\\\/logo\\\/image\\\/\"}}]}<\/script>\n<!-- \/ Yoast SEO plugin. -->","yoast_head_json":{"title":"Los p\u00e1nicos principales","description":"LOS P\u00c1NICOS PRINCIPALES : (SEGUNDO AUTORRETRATO DEL TR\u00cdPTICO UN CUERPO SIN \u00d3RGANOS). \/ Luis Panini. CONARTE ; Editorial An.Alfa.Beta, 2022.(Serie Boreal).","robots":{"index":"index","follow":"follow","max-snippet":"max-snippet:-1","max-image-preview":"max-image-preview:large","max-video-preview":"max-video-preview:-1"},"canonical":"https:\/\/booksfrommexico.com\/es\/producto\/los-panicos-principales\/","og_locale":"es_ES","og_type":"article","og_title":"Los p\u00e1nicos principales","og_description":"LOS P\u00c1NICOS PRINCIPALES : (SEGUNDO AUTORRETRATO DEL TR\u00cdPTICO UN CUERPO SIN \u00d3RGANOS). \/ Luis Panini. CONARTE ; Editorial An.Alfa.Beta, 2022.(Serie Boreal).","og_url":"https:\/\/booksfrommexico.com\/es\/producto\/los-panicos-principales\/","og_site_name":"Books From Mexico","article_modified_time":"2024-06-24T23:34:32+00:00","og_image":[{"width":338,"height":567,"url":"http:\/\/booksfrommexico.com\/app\/uploads\/2024\/05\/199276.jpeg","type":"image\/jpeg"}],"twitter_card":"summary_large_image","twitter_misc":{"Tiempo de lectura":"1 minuto"},"schema":{"@context":"https:\/\/schema.org","@graph":[{"@type":"WebPage","@id":"https:\/\/booksfrommexico.com\/es\/producto\/los-panicos-principales\/","url":"https:\/\/booksfrommexico.com\/es\/producto\/los-panicos-principales\/","name":"Los p\u00e1nicos principales","isPartOf":{"@id":"https:\/\/booksfrommexico.com\/#website"},"primaryImageOfPage":{"@id":"https:\/\/booksfrommexico.com\/es\/producto\/los-panicos-principales\/#primaryimage"},"image":{"@id":"https:\/\/booksfrommexico.com\/es\/producto\/los-panicos-principales\/#primaryimage"},"thumbnailUrl":"https:\/\/booksfrommexico.com\/app\/uploads\/2024\/05\/199276.jpeg","datePublished":"2024-05-28T22:34:53+00:00","dateModified":"2024-06-24T23:34:32+00:00","description":"LOS P\u00c1NICOS PRINCIPALES : (SEGUNDO AUTORRETRATO DEL TR\u00cdPTICO UN CUERPO SIN \u00d3RGANOS). \/ Luis Panini. CONARTE ; Editorial An.Alfa.Beta, 2022.(Serie Boreal).","breadcrumb":{"@id":"https:\/\/booksfrommexico.com\/es\/producto\/los-panicos-principales\/#breadcrumb"},"inLanguage":"es","potentialAction":[{"@type":"ReadAction","target":["https:\/\/booksfrommexico.com\/es\/producto\/los-panicos-principales\/"]}]},{"@type":"ImageObject","inLanguage":"es","@id":"https:\/\/booksfrommexico.com\/es\/producto\/los-panicos-principales\/#primaryimage","url":"https:\/\/booksfrommexico.com\/app\/uploads\/2024\/05\/199276.jpeg","contentUrl":"https:\/\/booksfrommexico.com\/app\/uploads\/2024\/05\/199276.jpeg","width":338,"height":567,"caption":"Los p\u00e1nicos principales"},{"@type":"BreadcrumbList","@id":"https:\/\/booksfrommexico.com\/es\/producto\/los-panicos-principales\/#breadcrumb","itemListElement":[{"@type":"ListItem","position":1,"name":"Home","item":"https:\/\/booksfrommexico.com\/es\/"},{"@type":"ListItem","position":2,"name":"Libros","item":"https:\/\/booksfrommexico.com\/es\/libros\/"},{"@type":"ListItem","position":3,"name":"Los p\u00e1nicos principales"}]},{"@type":"WebSite","@id":"https:\/\/booksfrommexico.com\/#website","url":"https:\/\/booksfrommexico.com\/","name":"Books From Mexico","description":"","publisher":{"@id":"https:\/\/booksfrommexico.com\/#organization"},"potentialAction":[{"@type":"SearchAction","target":{"@type":"EntryPoint","urlTemplate":"https:\/\/booksfrommexico.com\/?s={search_term_string}"},"query-input":{"@type":"PropertyValueSpecification","valueRequired":true,"valueName":"search_term_string"}}],"inLanguage":"es"},{"@type":"Organization","@id":"https:\/\/booksfrommexico.com\/#organization","name":"Books From Mexico","url":"https:\/\/booksfrommexico.com\/","logo":{"@type":"ImageObject","inLanguage":"es","@id":"https:\/\/booksfrommexico.com\/#\/schema\/logo\/image\/","url":"https:\/\/booksfrommexico.com\/app\/uploads\/2023\/05\/logo-booksfrommexico.svg","contentUrl":"https:\/\/booksfrommexico.com\/app\/uploads\/2023\/05\/logo-booksfrommexico.svg","width":86,"height":56,"caption":"Books From Mexico"},"image":{"@id":"https:\/\/booksfrommexico.com\/#\/schema\/logo\/image\/"}}]}},"_links":{"self":[{"href":"https:\/\/booksfrommexico.com\/es\/wp-json\/wp\/v2\/product\/6599","targetHints":{"allow":["GET"]}}],"collection":[{"href":"https:\/\/booksfrommexico.com\/es\/wp-json\/wp\/v2\/product"}],"about":[{"href":"https:\/\/booksfrommexico.com\/es\/wp-json\/wp\/v2\/types\/product"}],"wp:featuredmedia":[{"embeddable":true,"href":"https:\/\/booksfrommexico.com\/es\/wp-json\/wp\/v2\/media\/6814"}],"wp:attachment":[{"href":"https:\/\/booksfrommexico.com\/es\/wp-json\/wp\/v2\/media?parent=6599"}],"wp:term":[{"taxonomy":"product_brand","embeddable":true,"href":"https:\/\/booksfrommexico.com\/es\/wp-json\/wp\/v2\/product_brand?post=6599"},{"taxonomy":"product_cat","embeddable":true,"href":"https:\/\/booksfrommexico.com\/es\/wp-json\/wp\/v2\/product_cat?post=6599"},{"taxonomy":"product_tag","embeddable":true,"href":"https:\/\/booksfrommexico.com\/es\/wp-json\/wp\/v2\/product_tag?post=6599"}],"curies":[{"name":"wp","href":"https:\/\/api.w.org\/{rel}","templated":true}]}}