{"id":6600,"date":"2024-05-28T22:34:53","date_gmt":"2024-05-28T22:34:53","guid":{"rendered":"https:\/\/booksfrommexico.com\/product\/roach-balls-1\/"},"modified":"2024-06-26T23:22:13","modified_gmt":"2024-06-26T23:22:13","slug":"roach-balls-1","status":"publish","type":"product","link":"https:\/\/booksfrommexico.com\/es\/producto\/roach-balls-1\/","title":{"rendered":"Roach balls #1"},"content":{"rendered":"<p><i><span style=\"font-weight: 400;\">Roach balls <\/span><\/i><span style=\"font-weight: 400;\">de Rich Ayala es un c\u00f3mic cuyo dise\u00f1o es llamativo pues remite a los dibujos de graffiti realizados en las calles, zonas p\u00fablicas o cuadernos de escuela, en especial con sus formas y colores vibrantes. El estilo de dibujo y color recuerda al <\/span><i><span style=\"font-weight: 400;\">oldschool<\/span><\/i><span style=\"font-weight: 400;\">, dando como resultado un c\u00f3mic underground con todo el arte completado en medios tradicionales dibujados a mano, como marcadores y pinturas de acuarela. La historia se desarrolla en una ciudad industrial ficticia donde conviven humanos y criaturas humanoides, con una historia irreverente, de humor inmaduro y dedicado especialmente a adultos.<\/span><\/p>\n","protected":false},"excerpt":{"rendered":"<p>ROACH BALLS #1<span style=\"font-weight: 400;\">. \/ Rich Ayala. Rhode Island, United States : Rich Ayala\u2019s Roach Balls [Author] , 2022. 63 pages : chiefly color illustrations ; 31 cm.<\/span><\/p>\n","protected":false},"featured_media":6818,"template":"","meta":{"_acf_changed":false,"inline_featured_image":false},"product_brand":[],"product_cat":[4159],"product_tag":[4279,3769],"class_list":{"0":"post-6600","1":"product","2":"type-product","3":"status-publish","4":"has-post-thumbnail","6":"product_cat-comic","7":"product_tag-diseno","8":"product_tag-obras-ilustradas","10":"first","11":"instock","12":"taxable","13":"shipping-taxable","14":"purchasable","15":"product-type-simple"},"acf":[],"yoast_head":"<!-- This site is optimized with the Yoast SEO plugin v27.3 - https:\/\/yoast.com\/product\/yoast-seo-wordpress\/ -->\n<title>Roach balls #1<\/title>\n<meta name=\"description\" content=\"ROACH BALLS #1. \/ Rich Ayala. Rhode Island, United States : Rich Ayala\u2019s Roach Balls [Author] , 2022. 63 pages : chiefly color illustrations ; 31 cm.\" \/>\n<meta name=\"robots\" content=\"index, follow, max-snippet:-1, max-image-preview:large, max-video-preview:-1\" \/>\n<link rel=\"canonical\" href=\"https:\/\/booksfrommexico.com\/es\/producto\/roach-balls-1\/\" \/>\n<meta property=\"og:locale\" content=\"es_ES\" \/>\n<meta property=\"og:type\" content=\"article\" \/>\n<meta property=\"og:title\" content=\"Roach balls #1\" \/>\n<meta property=\"og:description\" content=\"ROACH BALLS #1. \/ Rich Ayala. Rhode Island, United States : Rich Ayala\u2019s Roach Balls [Author] , 2022. 63 pages : chiefly color illustrations ; 31 cm.\" \/>\n<meta property=\"og:url\" content=\"https:\/\/booksfrommexico.com\/es\/producto\/roach-balls-1\/\" \/>\n<meta property=\"og:site_name\" content=\"Books From Mexico\" \/>\n<meta property=\"article:modified_time\" content=\"2024-06-26T23:22:13+00:00\" \/>\n<meta property=\"og:image\" content=\"http:\/\/booksfrommexico.com\/app\/uploads\/2024\/05\/199459.jpeg\" \/>\n\t<meta property=\"og:image:width\" content=\"629\" \/>\n\t<meta property=\"og:image:height\" content=\"873\" \/>\n\t<meta property=\"og:image:type\" content=\"image\/jpeg\" \/>\n<meta name=\"twitter:card\" content=\"summary_large_image\" \/>\n<meta name=\"twitter:label1\" content=\"Tiempo de lectura\" \/>\n\t<meta name=\"twitter:data1\" content=\"1 minuto\" \/>\n<script type=\"application\/ld+json\" class=\"yoast-schema-graph\">{\"@context\":\"https:\\\/\\\/schema.org\",\"@graph\":[{\"@type\":\"WebPage\",\"@id\":\"https:\\\/\\\/booksfrommexico.com\\\/es\\\/producto\\\/roach-balls-1\\\/\",\"url\":\"https:\\\/\\\/booksfrommexico.com\\\/es\\\/producto\\\/roach-balls-1\\\/\",\"name\":\"Roach balls #1\",\"isPartOf\":{\"@id\":\"https:\\\/\\\/booksfrommexico.com\\\/#website\"},\"primaryImageOfPage\":{\"@id\":\"https:\\\/\\\/booksfrommexico.com\\\/es\\\/producto\\\/roach-balls-1\\\/#primaryimage\"},\"image\":{\"@id\":\"https:\\\/\\\/booksfrommexico.com\\\/es\\\/producto\\\/roach-balls-1\\\/#primaryimage\"},\"thumbnailUrl\":\"https:\\\/\\\/booksfrommexico.com\\\/app\\\/uploads\\\/2024\\\/05\\\/199459.jpeg\",\"datePublished\":\"2024-05-28T22:34:53+00:00\",\"dateModified\":\"2024-06-26T23:22:13+00:00\",\"description\":\"ROACH BALLS #1. \\\/ Rich Ayala. Rhode Island, United States : Rich Ayala\u2019s Roach Balls [Author] , 2022. 63 pages : chiefly color illustrations ; 31 cm.\",\"breadcrumb\":{\"@id\":\"https:\\\/\\\/booksfrommexico.com\\\/es\\\/producto\\\/roach-balls-1\\\/#breadcrumb\"},\"inLanguage\":\"es\",\"potentialAction\":[{\"@type\":\"ReadAction\",\"target\":[\"https:\\\/\\\/booksfrommexico.com\\\/es\\\/producto\\\/roach-balls-1\\\/\"]}]},{\"@type\":\"ImageObject\",\"inLanguage\":\"es\",\"@id\":\"https:\\\/\\\/booksfrommexico.com\\\/es\\\/producto\\\/roach-balls-1\\\/#primaryimage\",\"url\":\"https:\\\/\\\/booksfrommexico.com\\\/app\\\/uploads\\\/2024\\\/05\\\/199459.jpeg\",\"contentUrl\":\"https:\\\/\\\/booksfrommexico.com\\\/app\\\/uploads\\\/2024\\\/05\\\/199459.jpeg\",\"width\":629,\"height\":873,\"caption\":\"Roach balls #1\"},{\"@type\":\"BreadcrumbList\",\"@id\":\"https:\\\/\\\/booksfrommexico.com\\\/es\\\/producto\\\/roach-balls-1\\\/#breadcrumb\",\"itemListElement\":[{\"@type\":\"ListItem\",\"position\":1,\"name\":\"Home\",\"item\":\"https:\\\/\\\/booksfrommexico.com\\\/es\\\/\"},{\"@type\":\"ListItem\",\"position\":2,\"name\":\"Libros\",\"item\":\"https:\\\/\\\/booksfrommexico.com\\\/es\\\/libros\\\/\"},{\"@type\":\"ListItem\",\"position\":3,\"name\":\"Roach balls #1\"}]},{\"@type\":\"WebSite\",\"@id\":\"https:\\\/\\\/booksfrommexico.com\\\/#website\",\"url\":\"https:\\\/\\\/booksfrommexico.com\\\/\",\"name\":\"Books From Mexico\",\"description\":\"\",\"publisher\":{\"@id\":\"https:\\\/\\\/booksfrommexico.com\\\/#organization\"},\"potentialAction\":[{\"@type\":\"SearchAction\",\"target\":{\"@type\":\"EntryPoint\",\"urlTemplate\":\"https:\\\/\\\/booksfrommexico.com\\\/?s={search_term_string}\"},\"query-input\":{\"@type\":\"PropertyValueSpecification\",\"valueRequired\":true,\"valueName\":\"search_term_string\"}}],\"inLanguage\":\"es\"},{\"@type\":\"Organization\",\"@id\":\"https:\\\/\\\/booksfrommexico.com\\\/#organization\",\"name\":\"Books From Mexico\",\"url\":\"https:\\\/\\\/booksfrommexico.com\\\/\",\"logo\":{\"@type\":\"ImageObject\",\"inLanguage\":\"es\",\"@id\":\"https:\\\/\\\/booksfrommexico.com\\\/#\\\/schema\\\/logo\\\/image\\\/\",\"url\":\"https:\\\/\\\/booksfrommexico.com\\\/app\\\/uploads\\\/2023\\\/05\\\/logo-booksfrommexico.svg\",\"contentUrl\":\"https:\\\/\\\/booksfrommexico.com\\\/app\\\/uploads\\\/2023\\\/05\\\/logo-booksfrommexico.svg\",\"width\":86,\"height\":56,\"caption\":\"Books From Mexico\"},\"image\":{\"@id\":\"https:\\\/\\\/booksfrommexico.com\\\/#\\\/schema\\\/logo\\\/image\\\/\"}}]}<\/script>\n<!-- \/ Yoast SEO plugin. -->","yoast_head_json":{"title":"Roach balls #1","description":"ROACH BALLS #1. \/ Rich Ayala. Rhode Island, United States : Rich Ayala\u2019s Roach Balls [Author] , 2022. 63 pages : chiefly color illustrations ; 31 cm.","robots":{"index":"index","follow":"follow","max-snippet":"max-snippet:-1","max-image-preview":"max-image-preview:large","max-video-preview":"max-video-preview:-1"},"canonical":"https:\/\/booksfrommexico.com\/es\/producto\/roach-balls-1\/","og_locale":"es_ES","og_type":"article","og_title":"Roach balls #1","og_description":"ROACH BALLS #1. \/ Rich Ayala. Rhode Island, United States : Rich Ayala\u2019s Roach Balls [Author] , 2022. 63 pages : chiefly color illustrations ; 31 cm.","og_url":"https:\/\/booksfrommexico.com\/es\/producto\/roach-balls-1\/","og_site_name":"Books From Mexico","article_modified_time":"2024-06-26T23:22:13+00:00","og_image":[{"width":629,"height":873,"url":"http:\/\/booksfrommexico.com\/app\/uploads\/2024\/05\/199459.jpeg","type":"image\/jpeg"}],"twitter_card":"summary_large_image","twitter_misc":{"Tiempo de lectura":"1 minuto"},"schema":{"@context":"https:\/\/schema.org","@graph":[{"@type":"WebPage","@id":"https:\/\/booksfrommexico.com\/es\/producto\/roach-balls-1\/","url":"https:\/\/booksfrommexico.com\/es\/producto\/roach-balls-1\/","name":"Roach balls #1","isPartOf":{"@id":"https:\/\/booksfrommexico.com\/#website"},"primaryImageOfPage":{"@id":"https:\/\/booksfrommexico.com\/es\/producto\/roach-balls-1\/#primaryimage"},"image":{"@id":"https:\/\/booksfrommexico.com\/es\/producto\/roach-balls-1\/#primaryimage"},"thumbnailUrl":"https:\/\/booksfrommexico.com\/app\/uploads\/2024\/05\/199459.jpeg","datePublished":"2024-05-28T22:34:53+00:00","dateModified":"2024-06-26T23:22:13+00:00","description":"ROACH BALLS #1. \/ Rich Ayala. Rhode Island, United States : Rich Ayala\u2019s Roach Balls [Author] , 2022. 63 pages : chiefly color illustrations ; 31 cm.","breadcrumb":{"@id":"https:\/\/booksfrommexico.com\/es\/producto\/roach-balls-1\/#breadcrumb"},"inLanguage":"es","potentialAction":[{"@type":"ReadAction","target":["https:\/\/booksfrommexico.com\/es\/producto\/roach-balls-1\/"]}]},{"@type":"ImageObject","inLanguage":"es","@id":"https:\/\/booksfrommexico.com\/es\/producto\/roach-balls-1\/#primaryimage","url":"https:\/\/booksfrommexico.com\/app\/uploads\/2024\/05\/199459.jpeg","contentUrl":"https:\/\/booksfrommexico.com\/app\/uploads\/2024\/05\/199459.jpeg","width":629,"height":873,"caption":"Roach balls #1"},{"@type":"BreadcrumbList","@id":"https:\/\/booksfrommexico.com\/es\/producto\/roach-balls-1\/#breadcrumb","itemListElement":[{"@type":"ListItem","position":1,"name":"Home","item":"https:\/\/booksfrommexico.com\/es\/"},{"@type":"ListItem","position":2,"name":"Libros","item":"https:\/\/booksfrommexico.com\/es\/libros\/"},{"@type":"ListItem","position":3,"name":"Roach balls #1"}]},{"@type":"WebSite","@id":"https:\/\/booksfrommexico.com\/#website","url":"https:\/\/booksfrommexico.com\/","name":"Books From Mexico","description":"","publisher":{"@id":"https:\/\/booksfrommexico.com\/#organization"},"potentialAction":[{"@type":"SearchAction","target":{"@type":"EntryPoint","urlTemplate":"https:\/\/booksfrommexico.com\/?s={search_term_string}"},"query-input":{"@type":"PropertyValueSpecification","valueRequired":true,"valueName":"search_term_string"}}],"inLanguage":"es"},{"@type":"Organization","@id":"https:\/\/booksfrommexico.com\/#organization","name":"Books From Mexico","url":"https:\/\/booksfrommexico.com\/","logo":{"@type":"ImageObject","inLanguage":"es","@id":"https:\/\/booksfrommexico.com\/#\/schema\/logo\/image\/","url":"https:\/\/booksfrommexico.com\/app\/uploads\/2023\/05\/logo-booksfrommexico.svg","contentUrl":"https:\/\/booksfrommexico.com\/app\/uploads\/2023\/05\/logo-booksfrommexico.svg","width":86,"height":56,"caption":"Books From Mexico"},"image":{"@id":"https:\/\/booksfrommexico.com\/#\/schema\/logo\/image\/"}}]}},"_links":{"self":[{"href":"https:\/\/booksfrommexico.com\/es\/wp-json\/wp\/v2\/product\/6600","targetHints":{"allow":["GET"]}}],"collection":[{"href":"https:\/\/booksfrommexico.com\/es\/wp-json\/wp\/v2\/product"}],"about":[{"href":"https:\/\/booksfrommexico.com\/es\/wp-json\/wp\/v2\/types\/product"}],"wp:featuredmedia":[{"embeddable":true,"href":"https:\/\/booksfrommexico.com\/es\/wp-json\/wp\/v2\/media\/6818"}],"wp:attachment":[{"href":"https:\/\/booksfrommexico.com\/es\/wp-json\/wp\/v2\/media?parent=6600"}],"wp:term":[{"taxonomy":"product_brand","embeddable":true,"href":"https:\/\/booksfrommexico.com\/es\/wp-json\/wp\/v2\/product_brand?post=6600"},{"taxonomy":"product_cat","embeddable":true,"href":"https:\/\/booksfrommexico.com\/es\/wp-json\/wp\/v2\/product_cat?post=6600"},{"taxonomy":"product_tag","embeddable":true,"href":"https:\/\/booksfrommexico.com\/es\/wp-json\/wp\/v2\/product_tag?post=6600"}],"curies":[{"name":"wp","href":"https:\/\/api.w.org\/{rel}","templated":true}]}}